{"id":9553,"date":"2022-09-27T20:21:02","date_gmt":"2022-09-27T20:21:02","guid":{"rendered":"https:\/\/boutique-one-piece.com\/uncategorized\/ensemble-one-piece-chopper-sans-chapeau\/"},"modified":"2024-09-16T11:46:18","modified_gmt":"2024-09-16T11:46:18","slug":"one-piece-chopper-antrekk-uten-hatt","status":"publish","type":"product","link":"https:\/\/boutique-one-piece.com\/nb\/one-piece-godbiter\/tony-goodies-tony-chopper-one-piece\/one-piece-chopper-antrekk-uten-hatt\/","title":{"rendered":"One Piece Chopper-antrekk uten hatt"},"content":{"rendered":"<p><meta charset=\"utf-8\"><\/p>\n<h2>Informasjon om One Piece-treningsdrakten:\u00a0<\/h2>\n<ul>\n<li>\u00a0<strong>Sett av premiumkvalitet\u00a0<\/strong>Laget med kvalitetsmaterialer<\/li>\n<\/ul>\n<ul>\n<li>\n<strong>L\u00f8s passform<\/strong>\u00a0Sett med l\u00f8s passform for ekstra komfort<\/li>\n<\/ul>\n<ul>\n<li>\n<strong>Veldig komfortabel\u00a0<\/strong>Med disse supermyke bomullsfibrene er det ingen gnaging.<\/li>\n<\/ul>\n<ul>\n<li>\n<strong>3D digital utskrift<\/strong>\u00a0Trykt treningsdress med originalt design, lerretsbilde<\/li>\n<\/ul>\n<ul>\n<li>\n<strong>Gratis levering\u00a0<\/strong>for ethvert kj\u00f8p<\/li>\n<\/ul>\n<h2><strong>Ikke glem \u00e5 ta en titt p\u00e5 st\u00f8rrelsesguiden nedenfor.<\/strong><\/h2>\n<style><!--\n.content-table {\n  border-collapse: collapse;\n  margin: 25px 0;\n  font-size: 0.9em;\n  min-width: 400px;\n  border-radius: 5px 5px 0 0;\n  overflow: hidden;\n  box-shadow: 0 0 20px rgba(0, 0, 0, 0.15);\n  text-align: center;\n}\n.content-table thead tr {\n  background-color: #E6B96E;\n  color: #ffffff;\n  text-align: left;\n  font-weight: bold;\n}\n.content-table th,\n.content-table td {\n  padding: 12px 15px;\n}\n.content-table tbody tr {\n  border-bottom: 1px solid #dddddd;\n}\n.content-table tbody tr:nth-of-type(even) {\n  background-color: #f3f3f3;\n}\n.content-table tbody tr:last-of-type {\n  border-bottom: 2px solid #E6B96E;\n}\n--><\/style>\n<table class=\"content-table\">\n<thead>\n<tr>\n<th colspan=\"4\" style=\"text-align: center;\">JAKKEST\u00d8RRELSESGUIDE \u2013 VELG DIN ST\u00d8RRELSE<\/th>\n<\/tr>\n<tr>\n<th style=\"text-align: center;\">St\u00f8rrelse<\/th>\n<th style=\"text-align: center;\">Byste<\/th>\n<th style=\"text-align: center;\">Lengde<\/th>\n<th style=\"text-align: center;\">Ermer<\/th>\n<\/tr>\n<\/thead>\n<tbody>\n<tr>\n<td style=\"text-align: center;\"><strong>XXS<\/strong><\/td>\n<td style=\"text-align: center;\">41<\/td>\n<td style=\"text-align: center;\">56\n<\/td>\n<td style=\"text-align: center;\">53\n<\/td>\n<\/tr>\n<tr class=\"active-row\">\n<td style=\"text-align: center;\"><strong>XS<\/strong><\/td>\n<td style=\"text-align: center;\">43<\/td>\n<td style=\"text-align: center;\">57<\/td>\n<td style=\"text-align: center;\">54\n<\/td>\n<\/tr>\n<tr>\n<td style=\"text-align: center;\"><strong>S<\/strong><\/td>\n<td style=\"text-align: center;\">45<\/td>\n<td style=\"text-align: center;\">60\n<\/td>\n<td style=\"text-align: center;\">55\n<\/td>\n<\/tr>\n<tr class=\"active-row\">\n<td style=\"text-align: center;\"><strong>M<\/strong><\/td>\n<td style=\"text-align: center;\">48\n<\/td>\n<td style=\"text-align: center;\">62<\/td>\n<td style=\"text-align: center;\">56\n<\/td>\n<\/tr>\n<tr>\n<td style=\"text-align: center;\"><strong>L<\/strong><\/td>\n<td style=\"text-align: center;\">50\n<\/td>\n<td style=\"text-align: center;\">64\n<\/td>\n<td style=\"text-align: center;\">57\n<\/td>\n<\/tr>\n<tr class=\"active-row\">\n<td style=\"text-align: center;\"><strong>XL<\/strong><\/td>\n<td style=\"text-align: center;\">52<\/td>\n<td style=\"text-align: center;\">66\n<\/td>\n<td style=\"text-align: center;\">58\n<\/td>\n<\/tr>\n<tr>\n<td style=\"text-align: center;\"><strong>XXL<\/strong><\/td>\n<td style=\"text-align: center;\">54<\/td>\n<td style=\"text-align: center;\">68\n<\/td>\n<td style=\"text-align: center;\">60\n<\/td>\n<\/tr>\n<tr class=\"active-row\">\n<td style=\"text-align: center;\"><strong>3XL<\/strong><\/td>\n<td style=\"text-align: center;\">56<\/td>\n<td style=\"text-align: center;\">70\n<\/td>\n<td style=\"text-align: center;\">61\n<\/td>\n<\/tr>\n<tr>\n<td style=\"text-align: center;\"><strong>4XL<\/strong><\/td>\n<td style=\"text-align: center;\">58<\/td>\n<td style=\"text-align: center;\">72\n<\/td>\n<td style=\"text-align: center;\">62\n<\/td>\n<\/tr>\n<\/tbody>\n<\/table>\n<p>\u00a0<\/p>\n<table class=\"content-table\">\n<thead>\n<tr>\n<th colspan=\"4\" style=\"text-align: center;\">ST\u00d8RRELSESGUIDE FOR JOGGING \u2013 VELG DIN ST\u00d8RRELSE<\/th>\n<\/tr>\n<tr>\n<th style=\"text-align: center;\">St\u00f8rrelse<\/th>\n<th style=\"text-align: center;\">Lengde<\/th>\n<th style=\"text-align: center;\">Midjeomkrets\n<\/th>\n<\/tr>\n<\/thead>\n<tbody>\n<tr>\n<td style=\"text-align: center;\"><strong>XXS<\/strong><\/td>\n<td style=\"text-align: center;\">81<\/td>\n<td style=\"text-align: center;\">64\n<\/td>\n<\/tr>\n<tr class=\"active-row\">\n<td style=\"text-align: center;\"><strong>XS<\/strong><\/td>\n<td style=\"text-align: center;\">84\n<\/td>\n<td style=\"text-align: center;\">67<\/td>\n<\/tr>\n<tr>\n<td style=\"text-align: center;\"><strong>S<\/strong><\/td>\n<td style=\"text-align: center;\">86<\/td>\n<td style=\"text-align: center;\">70\n<\/td>\n<\/tr>\n<tr class=\"active-row\">\n<td style=\"text-align: center;\"><strong>M<\/strong><\/td>\n<td style=\"text-align: center;\">89\n<\/td>\n<td style=\"text-align: center;\">73<\/td>\n<\/tr>\n<tr>\n<td style=\"text-align: center;\"><strong>L<\/strong><\/td>\n<td style=\"text-align: center;\">91\n<\/td>\n<td style=\"text-align: center;\">76\n<\/td>\n<\/tr>\n<tr class=\"active-row\">\n<td style=\"text-align: center;\"><strong>XL<\/strong><\/td>\n<td style=\"text-align: center;\">94<\/td>\n<td style=\"text-align: center;\">79\n<\/td>\n<\/tr>\n<tr>\n<td style=\"text-align: center;\"><strong>XXL<\/strong><\/td>\n<td style=\"text-align: center;\">97<\/td>\n<td style=\"text-align: center;\">82\n<\/td>\n<\/tr>\n<tr class=\"active-row\">\n<td style=\"text-align: center;\"><strong>3XL<\/strong><\/td>\n<td style=\"text-align: center;\">101<\/td>\n<td style=\"text-align: center;\">85\n<\/td>\n<\/tr>\n<tr>\n<td style=\"text-align: center;\"><strong>4XL<\/strong><\/td>\n<td style=\"text-align: center;\">103<\/td>\n<td style=\"text-align: center;\">88\n<\/td>\n<\/tr>\n<\/tbody>\n<\/table>\n<h3>Vaskeanvisning:<\/h3>\n<ul>\n<li>Maskinvask p\u00e5 30 \u00b0C, finvaskprogram<\/li>\n<\/ul>\n<ul>\n<li>Stryk p\u00e5 baksiden<\/li>\n<\/ul>\n<p>For \u00e5 bevare kvaliteten p\u00e5 dette\u00a0<strong>Ett stykke sett<\/strong>, Vi anbefaler at du f\u00f8lger vaskeanvisningene.<\/p>","protected":false},"excerpt":{"rendered":"<p>Informasjon om treningsdress i ett stykke: Sett av premiumkvalitet: Laget med materialer av h\u00f8y kvalitet. Avslappet passform: Sett med avslappet passform for ekstra komfort. Sv\u00e6rt komfortabelt: Takket v\u00e6re de supermyke bomullsfibrene er det ingen gnaging. 3D digitaltrykk: Treningsdress trykt med et originalt design, lerretstrykk. Gratis frakt p\u00e5 alle kj\u00f8p. Ikke glem \u00e5 sjekke st\u00f8rrelsesguiden nedenfor. GUIDE [\u2026]<\/p>","protected":false},"featured_media":9555,"comment_status":"open","ping_status":"open","template":"","meta":[],"product_brand":[],"product_cat":[263,163],"product_tag":[165],"class_list":{"0":"post-9553","1":"product","2":"type-product","3":"status-publish","4":"has-post-thumbnail","6":"product_cat-ensembles-et-survetements-one-piece","7":"product_cat-goodies-tony-tony-chopper-one-piece","8":"product_tag-chopper","10":"first","11":"outofstock","12":"purchasable","13":"product-type-variable","14":"has-default-attributes"},"yoast_head":"<!-- This site is optimized with the Yoast SEO plugin v27.5 - https:\/\/yoast.com\/product\/yoast-seo-wordpress\/ -->\n<title>Ensemble One Piece Chopper Sans Chapeau | V\u00eatement One Piece \u2013 Boutique One Piece<\/title>\n<meta name=\"description\" content=\"Informations sur le Surv\u00eatement One Piece :\u00a0 \u00a0Ensemble de qualit\u00e9 sup\u00e9rieure\u00a0:\u00a0fabriqu\u00e9 avec des mat\u00e9riaux de qualit\u00e9s Coupe Ample\u00a0:\u00a0 ensemble\u00a0avec une\u00a0coupe\u00a0large, pour plus de confort Tr\u00e8s confortable\u00a0: avec ces\u00a0fibres\u00a0de\u00a0coton super\u00a0doux, il n&#039;y a pas\u00a0de\u00a0frottements Impression digitale 3D\u00a0:\u00a0surv\u00eatement imprim\u00e9\u00a0avec\" \/>\n<meta name=\"robots\" content=\"index, follow, max-snippet:-1, max-image-preview:large, max-video-preview:-1\" \/>\n<link rel=\"canonical\" href=\"https:\/\/boutique-one-piece.com\/nb\/one-piece-klaer\/one-piece-sett-og-treningsdresser\/one-piece-chopper-antrekk-uten-hatt\/\" \/>\n<meta property=\"og:locale\" content=\"nb_NO\" \/>\n<meta property=\"og:type\" content=\"article\" \/>\n<meta property=\"og:title\" content=\"Ensemble One Piece Chopper Sans Chapeau | V\u00eatement One Piece \u2013 Boutique One Piece\" \/>\n<meta property=\"og:description\" content=\"Informations sur le Surv\u00eatement One Piece :\u00a0 \u00a0Ensemble de qualit\u00e9 sup\u00e9rieure\u00a0:\u00a0fabriqu\u00e9 avec des mat\u00e9riaux de qualit\u00e9s Coupe Ample\u00a0:\u00a0 ensemble\u00a0avec une\u00a0coupe\u00a0large, pour plus de confort Tr\u00e8s confortable\u00a0: avec ces\u00a0fibres\u00a0de\u00a0coton super\u00a0doux, il n&#039;y a pas\u00a0de\u00a0frottements Impression digitale 3D\u00a0:\u00a0surv\u00eatement imprim\u00e9\u00a0avec\" \/>\n<meta property=\"og:url\" content=\"https:\/\/boutique-one-piece.com\/nb\/one-piece-klaer\/one-piece-sett-og-treningsdresser\/one-piece-chopper-antrekk-uten-hatt\/\" \/>\n<meta property=\"og:site_name\" content=\"Boutique One Piece\" \/>\n<meta property=\"article:modified_time\" content=\"2024-09-16T11:46:18+00:00\" \/>\n<meta property=\"og:image\" content=\"https:\/\/boutique-one-piece.com\/wp-content\/uploads\/2022\/09\/Ensemble-One-Piece-Chopper-Sans-Chapeau.jpg\" \/>\n\t<meta property=\"og:image:width\" content=\"640\" \/>\n\t<meta property=\"og:image:height\" content=\"640\" \/>\n\t<meta property=\"og:image:type\" content=\"image\/jpeg\" \/>\n<meta name=\"twitter:card\" content=\"summary_large_image\" \/>\n<meta name=\"twitter:label1\" content=\"Ansl. lesetid\" \/>\n\t<meta name=\"twitter:data1\" content=\"1 minutt\" \/>\n<script type=\"application\/ld+json\" class=\"yoast-schema-graph\">{\"@context\":\"https:\\\/\\\/schema.org\",\"@graph\":[{\"@type\":\"WebPage\",\"@id\":\"https:\\\/\\\/boutique-one-piece.com\\\/vetements-one-piece\\\/ensembles-et-survetements-one-piece\\\/ensemble-one-piece-chopper-sans-chapeau\\\/\",\"url\":\"https:\\\/\\\/boutique-one-piece.com\\\/vetements-one-piece\\\/ensembles-et-survetements-one-piece\\\/ensemble-one-piece-chopper-sans-chapeau\\\/\",\"name\":\"Ensemble One Piece Chopper Sans Chapeau | V\u00eatement One Piece \u2013 Boutique One Piece\",\"isPartOf\":{\"@id\":\"https:\\\/\\\/boutique-one-piece.com\\\/#website\"},\"primaryImageOfPage\":{\"@id\":\"https:\\\/\\\/boutique-one-piece.com\\\/vetements-one-piece\\\/ensembles-et-survetements-one-piece\\\/ensemble-one-piece-chopper-sans-chapeau\\\/#primaryimage\"},\"image\":{\"@id\":\"https:\\\/\\\/boutique-one-piece.com\\\/vetements-one-piece\\\/ensembles-et-survetements-one-piece\\\/ensemble-one-piece-chopper-sans-chapeau\\\/#primaryimage\"},\"thumbnailUrl\":\"https:\\\/\\\/boutique-one-piece.com\\\/wp-content\\\/uploads\\\/2022\\\/09\\\/Ensemble-One-Piece-Chopper-Sans-Chapeau.jpg\",\"datePublished\":\"2022-09-27T20:21:02+00:00\",\"dateModified\":\"2024-09-16T11:46:18+00:00\",\"description\":\"Informations sur le Surv\u00eatement One Piece :\u00a0 \u00a0Ensemble de qualit\u00e9 sup\u00e9rieure\u00a0:\u00a0fabriqu\u00e9 avec des mat\u00e9riaux de qualit\u00e9s Coupe Ample\u00a0:\u00a0 ensemble\u00a0avec une\u00a0coupe\u00a0large, pour plus de confort Tr\u00e8s confortable\u00a0: avec ces\u00a0fibres\u00a0de\u00a0coton super\u00a0doux, il n'y a pas\u00a0de\u00a0frottements Impression digitale 3D\u00a0:\u00a0surv\u00eatement imprim\u00e9\u00a0avec\",\"breadcrumb\":{\"@id\":\"https:\\\/\\\/boutique-one-piece.com\\\/vetements-one-piece\\\/ensembles-et-survetements-one-piece\\\/ensemble-one-piece-chopper-sans-chapeau\\\/#breadcrumb\"},\"inLanguage\":\"nb-NO\",\"potentialAction\":[{\"@type\":\"ReadAction\",\"target\":[\"https:\\\/\\\/boutique-one-piece.com\\\/vetements-one-piece\\\/ensembles-et-survetements-one-piece\\\/ensemble-one-piece-chopper-sans-chapeau\\\/\"]}]},{\"@type\":\"ImageObject\",\"inLanguage\":\"nb-NO\",\"@id\":\"https:\\\/\\\/boutique-one-piece.com\\\/vetements-one-piece\\\/ensembles-et-survetements-one-piece\\\/ensemble-one-piece-chopper-sans-chapeau\\\/#primaryimage\",\"url\":\"https:\\\/\\\/boutique-one-piece.com\\\/wp-content\\\/uploads\\\/2022\\\/09\\\/Ensemble-One-Piece-Chopper-Sans-Chapeau.jpg\",\"contentUrl\":\"https:\\\/\\\/boutique-one-piece.com\\\/wp-content\\\/uploads\\\/2022\\\/09\\\/Ensemble-One-Piece-Chopper-Sans-Chapeau.jpg\",\"width\":640,\"height\":640,\"caption\":\"Ensemble One Piece Chopper Sans Chapeau Noir 4XL\"},{\"@type\":\"BreadcrumbList\",\"@id\":\"https:\\\/\\\/boutique-one-piece.com\\\/vetements-one-piece\\\/ensembles-et-survetements-one-piece\\\/ensemble-one-piece-chopper-sans-chapeau\\\/#breadcrumb\",\"itemListElement\":[{\"@type\":\"ListItem\",\"position\":1,\"name\":\"Home\",\"item\":\"https:\\\/\\\/boutique-one-piece.com\\\/\"},{\"@type\":\"ListItem\",\"position\":2,\"name\":\"Shop\",\"item\":\"https:\\\/\\\/boutique-one-piece.com\\\/shop\\\/\"},{\"@type\":\"ListItem\",\"position\":3,\"name\":\"Ensemble One Piece Chopper Sans Chapeau\"}]},{\"@type\":\"WebSite\",\"@id\":\"https:\\\/\\\/boutique-one-piece.com\\\/#website\",\"url\":\"https:\\\/\\\/boutique-one-piece.com\\\/\",\"name\":\"Boutique One Piece\",\"description\":\"Magasin Sp\u00e9cialis\u00e9 du Manga et l&#039;Anime One Piece\",\"publisher\":{\"@id\":\"https:\\\/\\\/boutique-one-piece.com\\\/#organization\"},\"potentialAction\":[{\"@type\":\"SearchAction\",\"target\":{\"@type\":\"EntryPoint\",\"urlTemplate\":\"https:\\\/\\\/boutique-one-piece.com\\\/?s={search_term_string}\"},\"query-input\":{\"@type\":\"PropertyValueSpecification\",\"valueRequired\":true,\"valueName\":\"search_term_string\"}}],\"inLanguage\":\"nb-NO\"},{\"@type\":\"Organization\",\"@id\":\"https:\\\/\\\/boutique-one-piece.com\\\/#organization\",\"name\":\"Boutique One Piece\",\"url\":\"https:\\\/\\\/boutique-one-piece.com\\\/\",\"logo\":{\"@type\":\"ImageObject\",\"inLanguage\":\"nb-NO\",\"@id\":\"https:\\\/\\\/boutique-one-piece.com\\\/#\\\/schema\\\/logo\\\/image\\\/\",\"url\":\"https:\\\/\\\/boutique-one-piece.com\\\/wp-content\\\/uploads\\\/2022\\\/09\\\/Logo-01.png\",\"contentUrl\":\"https:\\\/\\\/boutique-one-piece.com\\\/wp-content\\\/uploads\\\/2022\\\/09\\\/Logo-01.png\",\"width\":2318,\"height\":957,\"caption\":\"Boutique One Piece\"},\"image\":{\"@id\":\"https:\\\/\\\/boutique-one-piece.com\\\/#\\\/schema\\\/logo\\\/image\\\/\"}}]}<\/script>\n<!-- \/ Yoast SEO plugin. -->","yoast_head_json":{"title":"One Piece Chopper-antrekk uten hatt | One Piece-kl\u00e6r \u2013 One Piece-butikken","description":"Informasjon om treningsdrakt i ett stykke: Sett av premium kvalitet: Laget med materialer av h\u00f8y kvalitet. Avslappet passform: Sett med avslappet passform for ekstra komfort. Sv\u00e6rt komfortabel: Laget med supermyke bomullsfibre for \u00e5 forhindre gnags\u00e5r. 3D digitaltrykk: Treningsdrakt trykt med","robots":{"index":"index","follow":"follow","max-snippet":"max-snippet:-1","max-image-preview":"max-image-preview:large","max-video-preview":"max-video-preview:-1"},"canonical":"https:\/\/boutique-one-piece.com\/nb\/one-piece-klaer\/one-piece-sett-og-treningsdresser\/one-piece-chopper-antrekk-uten-hatt\/","og_locale":"nb_NO","og_type":"article","og_title":"Ensemble One Piece Chopper Sans Chapeau | V\u00eatement One Piece \u2013 Boutique One Piece","og_description":"Informations sur le Surv\u00eatement One Piece :\u00a0 \u00a0Ensemble de qualit\u00e9 sup\u00e9rieure\u00a0:\u00a0fabriqu\u00e9 avec des mat\u00e9riaux de qualit\u00e9s Coupe Ample\u00a0:\u00a0 ensemble\u00a0avec une\u00a0coupe\u00a0large, pour plus de confort Tr\u00e8s confortable\u00a0: avec ces\u00a0fibres\u00a0de\u00a0coton super\u00a0doux, il n'y a pas\u00a0de\u00a0frottements Impression digitale 3D\u00a0:\u00a0surv\u00eatement imprim\u00e9\u00a0avec","og_url":"https:\/\/boutique-one-piece.com\/nb\/one-piece-klaer\/one-piece-sett-og-treningsdresser\/one-piece-chopper-antrekk-uten-hatt\/","og_site_name":"Boutique One Piece","article_modified_time":"2024-09-16T11:46:18+00:00","og_image":[{"width":640,"height":640,"url":"https:\/\/boutique-one-piece.com\/wp-content\/uploads\/2022\/09\/Ensemble-One-Piece-Chopper-Sans-Chapeau.jpg","type":"image\/jpeg"}],"twitter_card":"summary_large_image","twitter_misc":{"Ansl. lesetid":"1 minutt"},"schema":{"@context":"https:\/\/schema.org","@graph":[{"@type":"WebPage","@id":"https:\/\/boutique-one-piece.com\/vetements-one-piece\/ensembles-et-survetements-one-piece\/ensemble-one-piece-chopper-sans-chapeau\/","url":"https:\/\/boutique-one-piece.com\/vetements-one-piece\/ensembles-et-survetements-one-piece\/ensemble-one-piece-chopper-sans-chapeau\/","name":"One Piece Chopper-antrekk uten hatt | One Piece-kl\u00e6r \u2013 One Piece-butikken","isPartOf":{"@id":"https:\/\/boutique-one-piece.com\/#website"},"primaryImageOfPage":{"@id":"https:\/\/boutique-one-piece.com\/vetements-one-piece\/ensembles-et-survetements-one-piece\/ensemble-one-piece-chopper-sans-chapeau\/#primaryimage"},"image":{"@id":"https:\/\/boutique-one-piece.com\/vetements-one-piece\/ensembles-et-survetements-one-piece\/ensemble-one-piece-chopper-sans-chapeau\/#primaryimage"},"thumbnailUrl":"https:\/\/boutique-one-piece.com\/wp-content\/uploads\/2022\/09\/Ensemble-One-Piece-Chopper-Sans-Chapeau.jpg","datePublished":"2022-09-27T20:21:02+00:00","dateModified":"2024-09-16T11:46:18+00:00","description":"Informasjon om treningsdrakt i ett stykke: Sett av premium kvalitet: Laget med materialer av h\u00f8y kvalitet. Avslappet passform: Sett med avslappet passform for ekstra komfort. Sv\u00e6rt komfortabel: Laget med supermyke bomullsfibre for \u00e5 forhindre gnags\u00e5r. 3D digitaltrykk: Treningsdrakt trykt med","breadcrumb":{"@id":"https:\/\/boutique-one-piece.com\/vetements-one-piece\/ensembles-et-survetements-one-piece\/ensemble-one-piece-chopper-sans-chapeau\/#breadcrumb"},"inLanguage":"nb-NO","potentialAction":[{"@type":"ReadAction","target":["https:\/\/boutique-one-piece.com\/vetements-one-piece\/ensembles-et-survetements-one-piece\/ensemble-one-piece-chopper-sans-chapeau\/"]}]},{"@type":"ImageObject","inLanguage":"nb-NO","@id":"https:\/\/boutique-one-piece.com\/vetements-one-piece\/ensembles-et-survetements-one-piece\/ensemble-one-piece-chopper-sans-chapeau\/#primaryimage","url":"https:\/\/boutique-one-piece.com\/wp-content\/uploads\/2022\/09\/Ensemble-One-Piece-Chopper-Sans-Chapeau.jpg","contentUrl":"https:\/\/boutique-one-piece.com\/wp-content\/uploads\/2022\/09\/Ensemble-One-Piece-Chopper-Sans-Chapeau.jpg","width":640,"height":640,"caption":"Ensemble One Piece Chopper Sans Chapeau Noir 4XL"},{"@type":"BreadcrumbList","@id":"https:\/\/boutique-one-piece.com\/vetements-one-piece\/ensembles-et-survetements-one-piece\/ensemble-one-piece-chopper-sans-chapeau\/#breadcrumb","itemListElement":[{"@type":"ListItem","position":1,"name":"Home","item":"https:\/\/boutique-one-piece.com\/"},{"@type":"ListItem","position":2,"name":"Shop","item":"https:\/\/boutique-one-piece.com\/shop\/"},{"@type":"ListItem","position":3,"name":"Ensemble One Piece Chopper Sans Chapeau"}]},{"@type":"WebSite","@id":"https:\/\/boutique-one-piece.com\/#website","url":"https:\/\/boutique-one-piece.com\/","name":"One Piece-butikk","description":"Spesialbutikk for One Piece Manga og Anime","publisher":{"@id":"https:\/\/boutique-one-piece.com\/#organization"},"potentialAction":[{"@type":"SearchAction","target":{"@type":"EntryPoint","urlTemplate":"https:\/\/boutique-one-piece.com\/?s={search_term_string}"},"query-input":{"@type":"PropertyValueSpecification","valueRequired":true,"valueName":"search_term_string"}}],"inLanguage":"nb-NO"},{"@type":"Organization","@id":"https:\/\/boutique-one-piece.com\/#organization","name":"One Piece-butikk","url":"https:\/\/boutique-one-piece.com\/","logo":{"@type":"ImageObject","inLanguage":"nb-NO","@id":"https:\/\/boutique-one-piece.com\/#\/schema\/logo\/image\/","url":"https:\/\/boutique-one-piece.com\/wp-content\/uploads\/2022\/09\/Logo-01.png","contentUrl":"https:\/\/boutique-one-piece.com\/wp-content\/uploads\/2022\/09\/Logo-01.png","width":2318,"height":957,"caption":"Boutique One Piece"},"image":{"@id":"https:\/\/boutique-one-piece.com\/#\/schema\/logo\/image\/"}}]}},"_links":{"self":[{"href":"https:\/\/boutique-one-piece.com\/nb\/wp-json\/wp\/v2\/product\/9553","targetHints":{"allow":["GET"]}}],"collection":[{"href":"https:\/\/boutique-one-piece.com\/nb\/wp-json\/wp\/v2\/product"}],"about":[{"href":"https:\/\/boutique-one-piece.com\/nb\/wp-json\/wp\/v2\/types\/product"}],"replies":[{"embeddable":true,"href":"https:\/\/boutique-one-piece.com\/nb\/wp-json\/wp\/v2\/comments?post=9553"}],"wp:featuredmedia":[{"embeddable":true,"href":"https:\/\/boutique-one-piece.com\/nb\/wp-json\/wp\/v2\/media\/9555"}],"wp:attachment":[{"href":"https:\/\/boutique-one-piece.com\/nb\/wp-json\/wp\/v2\/media?parent=9553"}],"wp:term":[{"taxonomy":"product_brand","embeddable":true,"href":"https:\/\/boutique-one-piece.com\/nb\/wp-json\/wp\/v2\/product_brand?post=9553"},{"taxonomy":"product_cat","embeddable":true,"href":"https:\/\/boutique-one-piece.com\/nb\/wp-json\/wp\/v2\/product_cat?post=9553"},{"taxonomy":"product_tag","embeddable":true,"href":"https:\/\/boutique-one-piece.com\/nb\/wp-json\/wp\/v2\/product_tag?post=9553"}],"curies":[{"name":"wp","href":"https:\/\/api.w.org\/{rel}","templated":true}]}}