{"id":9653,"date":"2022-09-27T20:21:30","date_gmt":"2022-09-27T20:21:30","guid":{"rendered":"https:\/\/boutique-one-piece.com\/uncategorized\/avis-de-recherche-one-piece-shanks-wanted\/"},"modified":"2026-02-08T10:17:14","modified_gmt":"2026-02-08T10:17:14","slug":"one-piece-onsket-plakat-shanks-onsket","status":"publish","type":"product","link":"https:\/\/boutique-one-piece.com\/nb\/one-piece-dekorasjoner\/one-piece-onsket-plakat-shanks-onsket\/","title":{"rendered":"Shanks \u00f8nsket beskjed"},"content":{"rendered":"<h2>Unge pirat, f\u00e5 tak i denne Shanks Wanted-plakaten n\u00e5.<\/h2>\n<p>Her er hva du trenger \u00e5 vite om ham; ; <strong>Shanks<\/strong> R\u00f8dh\u00e5ret er kapteinen for de r\u00f8dh\u00e5rede piratene og en av de fire keiserne. Han er ogs\u00e5 et tidligere medlem av de legendariske Roger Pirates, den eneste gruppen som har erobret Grand Line. Til slutt er det han som inspirerte Luffy p\u00e5 reisen hans som pirat.<\/p>\n<p>Han gjenvant <strong>Gomu Gomu no Mi<\/strong> som ble stj\u00e5let fra et verdensregjeringsskip og deretter ved et uhell spist av Luffy. Videre,\u2019<a title=\"\u00d8NSKES: MONKEY D. LUFFY\" href=\"https:\/\/boutique-one-piece.com\/nb\/onsket-varsel-ett-stykke-ape-d-luffy-onsket\/\" target=\"_blank\" rel=\"noopener\">Luffy \u00f8nsket plakat<\/a> er innen rekkevidde. N\u00e5r det gjelder Shanks, b\u00f8r du vite at hans n\u00e5v\u00e6rende dus\u00f8r er 4 098 400 000 b\u00e6r.<\/p>\n<h3>S\u00e5, er du fascinert av Shanks&#039; etterlysningsplakat? I s\u00e5 fall vet du hva du skal gj\u00f8re. Skaff deg den og heng den p\u00e5 soveromsveggen din.<\/h3>\n<p><strong>Ett stykke<\/strong> er en manga satt i en fiktiv verden dominert av hav, hvor visse pirater lengter etter en \u00e6ra med frihet og eventyr kjent som \u00abpiratkopieringens gullalder\u00bb. Hvis du ogs\u00e5 \u00f8nsker \u00e5 v\u00e6re en integrert del av denne verdenen, er det bare \u00e9n ting \u00e5 gj\u00f8re: f\u00e5 tak i disse. <strong>mytiske gjenstander<\/strong> som igjen og igjen vil kaste deg tilbake i denne verdenen av eventyr som er mer spennende enn den forrige.<\/p>\n<h2>Informasjon om One Piece Wanted-plakaten med Shanks the Red<\/h2>\n<ul>\n<li><b><u>One Piece Wanted-plakat<\/u><\/b>\u00a0En ekte One Piece-plakat for ekte pirater<\/li>\n<\/ul>\n<ul>\n<li><b><u>Shanks&#039; dus\u00f8r<\/u><\/b>\u00a04 098 400 000 b\u00e6r<\/li>\n<\/ul>\n<ul>\n<li><strong>Utskrift av h\u00f8y kvalitet<\/strong>\u00a0n\u00f8yaktige farger<\/li>\n<\/ul>\n<ul>\n<li><strong>Dimensjon<\/strong> : 42 cm x 28,5 cm<\/li>\n<\/ul>\n<ul>\n<li><strong>GRATIS LEVERING<\/strong><\/li>\n<\/ul>\n<div id=\"gtx-trans\" style=\"position: absolute;left: 669px;top: 49px\">\n<div class=\"gtx-trans-icon\">\u00a0<\/div>\n<\/div>\n\n\n<p><\/p>","protected":false},"excerpt":{"rendered":"<p>Jeune pirate, procure-toi d\u00e8s \u00e0 pr\u00e9sent cet Avis de Recherche Shanks Wanted. Voici ce que tu dois savoir \u00e0 son sujet ; Shanks dit Le Roux est le capitaine de l&rsquo;\u00c9quipage du Roux et l&rsquo;un des Quatre Empereurs. Il est \u00e9galement un ancien membre du l\u00e9gendaire \u00e9quipage des Pirates Roger, le seul groupe \u00e0 avoir [&hellip;]<\/p>","protected":false},"featured_media":20809,"comment_status":"open","ping_status":"open","template":"","meta":[],"product_brand":[],"product_cat":[171,150],"product_tag":[],"class_list":{"0":"post-9653","1":"product","2":"type-product","3":"status-publish","4":"has-post-thumbnail","6":"product_cat-avis-de-recherche-one-piece","7":"product_cat-decorations-one-piece","9":"first","10":"instock","11":"purchasable","12":"product-type-variable"},"yoast_head":"<!-- This site is optimized with the Yoast SEO plugin v27.5 - https:\/\/yoast.com\/product\/yoast-seo-wordpress\/ -->\n<title>Avis de Recherche One Piece Shanks Wanted | D\u00e9coration One Piece \u2013 Boutique One Piece<\/title>\n<meta name=\"description\" content=\"Jeune pirate, procure-toi d\u00e8s \u00e0 pr\u00e9sent cet Avis de Recherche Shanks Wanted. Voici ce que tu dois savoir \u00e0 son sujet ; Shanks dit Le Roux est le capitaine de l&#039;\u00c9quipage du Roux et l&#039;un des Quatre Empereurs. Il est \u00e9galement un ancien membre du l\u00e9gendaire \u00e9quipage des Pirates Roger, le seul groupe \u00e0 avoir conquis avec s\" \/>\n<meta name=\"robots\" content=\"index, follow, max-snippet:-1, max-image-preview:large, max-video-preview:-1\" \/>\n<link rel=\"canonical\" href=\"https:\/\/boutique-one-piece.com\/nb\/one-piece-dekorasjoner\/one-piece-onsket-plakat-shanks-onsket\/\" \/>\n<meta property=\"og:locale\" content=\"nb_NO\" \/>\n<meta property=\"og:type\" content=\"article\" \/>\n<meta property=\"og:title\" content=\"Avis de Recherche One Piece Shanks Wanted | D\u00e9coration One Piece \u2013 Boutique One Piece\" \/>\n<meta property=\"og:description\" content=\"Jeune pirate, procure-toi d\u00e8s \u00e0 pr\u00e9sent cet Avis de Recherche Shanks Wanted. Voici ce que tu dois savoir \u00e0 son sujet ; Shanks dit Le Roux est le capitaine de l&#039;\u00c9quipage du Roux et l&#039;un des Quatre Empereurs. Il est \u00e9galement un ancien membre du l\u00e9gendaire \u00e9quipage des Pirates Roger, le seul groupe \u00e0 avoir conquis avec s\" \/>\n<meta property=\"og:url\" content=\"https:\/\/boutique-one-piece.com\/nb\/one-piece-dekorasjoner\/one-piece-onsket-plakat-shanks-onsket\/\" \/>\n<meta property=\"og:site_name\" content=\"Boutique One Piece\" \/>\n<meta property=\"article:modified_time\" content=\"2026-02-08T10:17:14+00:00\" \/>\n<meta property=\"og:image\" content=\"https:\/\/boutique-one-piece.com\/wp-content\/uploads\/2022\/09\/imgi_1_Sa3b7a81b53c442689eb36d79c1bb8d07a.jpg\" \/>\n\t<meta property=\"og:image:width\" content=\"640\" \/>\n\t<meta property=\"og:image:height\" content=\"640\" \/>\n\t<meta property=\"og:image:type\" content=\"image\/jpeg\" \/>\n<meta name=\"twitter:card\" content=\"summary_large_image\" \/>\n<meta name=\"twitter:label1\" content=\"Ansl. lesetid\" \/>\n\t<meta name=\"twitter:data1\" content=\"2 minutter\" \/>\n<script type=\"application\/ld+json\" class=\"yoast-schema-graph\">{\"@context\":\"https:\\\/\\\/schema.org\",\"@graph\":[{\"@type\":\"WebPage\",\"@id\":\"https:\\\/\\\/boutique-one-piece.com\\\/decorations-one-piece\\\/avis-de-recherche-one-piece-shanks-wanted\\\/\",\"url\":\"https:\\\/\\\/boutique-one-piece.com\\\/decorations-one-piece\\\/avis-de-recherche-one-piece-shanks-wanted\\\/\",\"name\":\"Avis de Recherche One Piece Shanks Wanted | D\u00e9coration One Piece \u2013 Boutique One Piece\",\"isPartOf\":{\"@id\":\"https:\\\/\\\/boutique-one-piece.com\\\/#website\"},\"primaryImageOfPage\":{\"@id\":\"https:\\\/\\\/boutique-one-piece.com\\\/decorations-one-piece\\\/avis-de-recherche-one-piece-shanks-wanted\\\/#primaryimage\"},\"image\":{\"@id\":\"https:\\\/\\\/boutique-one-piece.com\\\/decorations-one-piece\\\/avis-de-recherche-one-piece-shanks-wanted\\\/#primaryimage\"},\"thumbnailUrl\":\"https:\\\/\\\/boutique-one-piece.com\\\/wp-content\\\/uploads\\\/2022\\\/09\\\/imgi_1_Sa3b7a81b53c442689eb36d79c1bb8d07a.jpg\",\"datePublished\":\"2022-09-27T20:21:30+00:00\",\"dateModified\":\"2026-02-08T10:17:14+00:00\",\"description\":\"Jeune pirate, procure-toi d\u00e8s \u00e0 pr\u00e9sent cet Avis de Recherche Shanks Wanted. Voici ce que tu dois savoir \u00e0 son sujet ; Shanks dit Le Roux est le capitaine de l'\u00c9quipage du Roux et l'un des Quatre Empereurs. Il est \u00e9galement un ancien membre du l\u00e9gendaire \u00e9quipage des Pirates Roger, le seul groupe \u00e0 avoir conquis avec s\",\"breadcrumb\":{\"@id\":\"https:\\\/\\\/boutique-one-piece.com\\\/decorations-one-piece\\\/avis-de-recherche-one-piece-shanks-wanted\\\/#breadcrumb\"},\"inLanguage\":\"nb-NO\",\"potentialAction\":[{\"@type\":\"ReadAction\",\"target\":[\"https:\\\/\\\/boutique-one-piece.com\\\/decorations-one-piece\\\/avis-de-recherche-one-piece-shanks-wanted\\\/\"]}]},{\"@type\":\"ImageObject\",\"inLanguage\":\"nb-NO\",\"@id\":\"https:\\\/\\\/boutique-one-piece.com\\\/decorations-one-piece\\\/avis-de-recherche-one-piece-shanks-wanted\\\/#primaryimage\",\"url\":\"https:\\\/\\\/boutique-one-piece.com\\\/wp-content\\\/uploads\\\/2022\\\/09\\\/imgi_1_Sa3b7a81b53c442689eb36d79c1bb8d07a.jpg\",\"contentUrl\":\"https:\\\/\\\/boutique-one-piece.com\\\/wp-content\\\/uploads\\\/2022\\\/09\\\/imgi_1_Sa3b7a81b53c442689eb36d79c1bb8d07a.jpg\",\"width\":640,\"height\":640},{\"@type\":\"BreadcrumbList\",\"@id\":\"https:\\\/\\\/boutique-one-piece.com\\\/decorations-one-piece\\\/avis-de-recherche-one-piece-shanks-wanted\\\/#breadcrumb\",\"itemListElement\":[{\"@type\":\"ListItem\",\"position\":1,\"name\":\"Home\",\"item\":\"https:\\\/\\\/boutique-one-piece.com\\\/\"},{\"@type\":\"ListItem\",\"position\":2,\"name\":\"Shop\",\"item\":\"https:\\\/\\\/boutique-one-piece.com\\\/shop\\\/\"},{\"@type\":\"ListItem\",\"position\":3,\"name\":\"Avis de Recherche Shanks Wanted\"}]},{\"@type\":\"WebSite\",\"@id\":\"https:\\\/\\\/boutique-one-piece.com\\\/#website\",\"url\":\"https:\\\/\\\/boutique-one-piece.com\\\/\",\"name\":\"Boutique One Piece\",\"description\":\"Magasin Sp\u00e9cialis\u00e9 du Manga et l&#039;Anime One Piece\",\"publisher\":{\"@id\":\"https:\\\/\\\/boutique-one-piece.com\\\/#organization\"},\"potentialAction\":[{\"@type\":\"SearchAction\",\"target\":{\"@type\":\"EntryPoint\",\"urlTemplate\":\"https:\\\/\\\/boutique-one-piece.com\\\/?s={search_term_string}\"},\"query-input\":{\"@type\":\"PropertyValueSpecification\",\"valueRequired\":true,\"valueName\":\"search_term_string\"}}],\"inLanguage\":\"nb-NO\"},{\"@type\":\"Organization\",\"@id\":\"https:\\\/\\\/boutique-one-piece.com\\\/#organization\",\"name\":\"Boutique One Piece\",\"url\":\"https:\\\/\\\/boutique-one-piece.com\\\/\",\"logo\":{\"@type\":\"ImageObject\",\"inLanguage\":\"nb-NO\",\"@id\":\"https:\\\/\\\/boutique-one-piece.com\\\/#\\\/schema\\\/logo\\\/image\\\/\",\"url\":\"https:\\\/\\\/boutique-one-piece.com\\\/wp-content\\\/uploads\\\/2022\\\/09\\\/Logo-01.png\",\"contentUrl\":\"https:\\\/\\\/boutique-one-piece.com\\\/wp-content\\\/uploads\\\/2022\\\/09\\\/Logo-01.png\",\"width\":2318,\"height\":957,\"caption\":\"Boutique One Piece\"},\"image\":{\"@id\":\"https:\\\/\\\/boutique-one-piece.com\\\/#\\\/schema\\\/logo\\\/image\\\/\"}}]}<\/script>\n<!-- \/ Yoast SEO plugin. -->","yoast_head_json":{"title":"One Piece Wanted-plakat: Shanks Wanted | One Piece-dekorasjoner \u2013 One Piece-butikken","description":"Ung pirat, f\u00e5 tak i denne Shanks Wanted-plakaten n\u00e5. Her er hva du trenger \u00e5 vite om ham: Shanks den r\u00f8dh\u00e5rede er kapteinen for de r\u00f8dh\u00e5rede piratene og en av de fire keiserne. Han er ogs\u00e5 et tidligere medlem av de legendariske Roger Pirates, den eneste gruppen som har erobret USA med sin...","robots":{"index":"index","follow":"follow","max-snippet":"max-snippet:-1","max-image-preview":"max-image-preview:large","max-video-preview":"max-video-preview:-1"},"canonical":"https:\/\/boutique-one-piece.com\/nb\/one-piece-dekorasjoner\/one-piece-onsket-plakat-shanks-onsket\/","og_locale":"nb_NO","og_type":"article","og_title":"Avis de Recherche One Piece Shanks Wanted | D\u00e9coration One Piece \u2013 Boutique One Piece","og_description":"Jeune pirate, procure-toi d\u00e8s \u00e0 pr\u00e9sent cet Avis de Recherche Shanks Wanted. Voici ce que tu dois savoir \u00e0 son sujet ; Shanks dit Le Roux est le capitaine de l'\u00c9quipage du Roux et l'un des Quatre Empereurs. Il est \u00e9galement un ancien membre du l\u00e9gendaire \u00e9quipage des Pirates Roger, le seul groupe \u00e0 avoir conquis avec s","og_url":"https:\/\/boutique-one-piece.com\/nb\/one-piece-dekorasjoner\/one-piece-onsket-plakat-shanks-onsket\/","og_site_name":"Boutique One Piece","article_modified_time":"2026-02-08T10:17:14+00:00","og_image":[{"width":640,"height":640,"url":"https:\/\/boutique-one-piece.com\/wp-content\/uploads\/2022\/09\/imgi_1_Sa3b7a81b53c442689eb36d79c1bb8d07a.jpg","type":"image\/jpeg"}],"twitter_card":"summary_large_image","twitter_misc":{"Ansl. lesetid":"2 minutter"},"schema":{"@context":"https:\/\/schema.org","@graph":[{"@type":"WebPage","@id":"https:\/\/boutique-one-piece.com\/decorations-one-piece\/avis-de-recherche-one-piece-shanks-wanted\/","url":"https:\/\/boutique-one-piece.com\/decorations-one-piece\/avis-de-recherche-one-piece-shanks-wanted\/","name":"One Piece Wanted-plakat: Shanks Wanted | One Piece-dekorasjoner \u2013 One Piece-butikken","isPartOf":{"@id":"https:\/\/boutique-one-piece.com\/#website"},"primaryImageOfPage":{"@id":"https:\/\/boutique-one-piece.com\/decorations-one-piece\/avis-de-recherche-one-piece-shanks-wanted\/#primaryimage"},"image":{"@id":"https:\/\/boutique-one-piece.com\/decorations-one-piece\/avis-de-recherche-one-piece-shanks-wanted\/#primaryimage"},"thumbnailUrl":"https:\/\/boutique-one-piece.com\/wp-content\/uploads\/2022\/09\/imgi_1_Sa3b7a81b53c442689eb36d79c1bb8d07a.jpg","datePublished":"2022-09-27T20:21:30+00:00","dateModified":"2026-02-08T10:17:14+00:00","description":"Ung pirat, f\u00e5 tak i denne Shanks Wanted-plakaten n\u00e5. Her er hva du trenger \u00e5 vite om ham: Shanks den r\u00f8dh\u00e5rede er kapteinen for de r\u00f8dh\u00e5rede piratene og en av de fire keiserne. Han er ogs\u00e5 et tidligere medlem av de legendariske Roger Pirates, den eneste gruppen som har erobret USA med sin...","breadcrumb":{"@id":"https:\/\/boutique-one-piece.com\/decorations-one-piece\/avis-de-recherche-one-piece-shanks-wanted\/#breadcrumb"},"inLanguage":"nb-NO","potentialAction":[{"@type":"ReadAction","target":["https:\/\/boutique-one-piece.com\/decorations-one-piece\/avis-de-recherche-one-piece-shanks-wanted\/"]}]},{"@type":"ImageObject","inLanguage":"nb-NO","@id":"https:\/\/boutique-one-piece.com\/decorations-one-piece\/avis-de-recherche-one-piece-shanks-wanted\/#primaryimage","url":"https:\/\/boutique-one-piece.com\/wp-content\/uploads\/2022\/09\/imgi_1_Sa3b7a81b53c442689eb36d79c1bb8d07a.jpg","contentUrl":"https:\/\/boutique-one-piece.com\/wp-content\/uploads\/2022\/09\/imgi_1_Sa3b7a81b53c442689eb36d79c1bb8d07a.jpg","width":640,"height":640},{"@type":"BreadcrumbList","@id":"https:\/\/boutique-one-piece.com\/decorations-one-piece\/avis-de-recherche-one-piece-shanks-wanted\/#breadcrumb","itemListElement":[{"@type":"ListItem","position":1,"name":"Home","item":"https:\/\/boutique-one-piece.com\/"},{"@type":"ListItem","position":2,"name":"Shop","item":"https:\/\/boutique-one-piece.com\/shop\/"},{"@type":"ListItem","position":3,"name":"Avis de Recherche Shanks Wanted"}]},{"@type":"WebSite","@id":"https:\/\/boutique-one-piece.com\/#website","url":"https:\/\/boutique-one-piece.com\/","name":"One Piece-butikk","description":"Spesialbutikk for One Piece Manga og Anime","publisher":{"@id":"https:\/\/boutique-one-piece.com\/#organization"},"potentialAction":[{"@type":"SearchAction","target":{"@type":"EntryPoint","urlTemplate":"https:\/\/boutique-one-piece.com\/?s={search_term_string}"},"query-input":{"@type":"PropertyValueSpecification","valueRequired":true,"valueName":"search_term_string"}}],"inLanguage":"nb-NO"},{"@type":"Organization","@id":"https:\/\/boutique-one-piece.com\/#organization","name":"One Piece-butikk","url":"https:\/\/boutique-one-piece.com\/","logo":{"@type":"ImageObject","inLanguage":"nb-NO","@id":"https:\/\/boutique-one-piece.com\/#\/schema\/logo\/image\/","url":"https:\/\/boutique-one-piece.com\/wp-content\/uploads\/2022\/09\/Logo-01.png","contentUrl":"https:\/\/boutique-one-piece.com\/wp-content\/uploads\/2022\/09\/Logo-01.png","width":2318,"height":957,"caption":"Boutique One Piece"},"image":{"@id":"https:\/\/boutique-one-piece.com\/#\/schema\/logo\/image\/"}}]}},"_links":{"self":[{"href":"https:\/\/boutique-one-piece.com\/nb\/wp-json\/wp\/v2\/product\/9653","targetHints":{"allow":["GET"]}}],"collection":[{"href":"https:\/\/boutique-one-piece.com\/nb\/wp-json\/wp\/v2\/product"}],"about":[{"href":"https:\/\/boutique-one-piece.com\/nb\/wp-json\/wp\/v2\/types\/product"}],"replies":[{"embeddable":true,"href":"https:\/\/boutique-one-piece.com\/nb\/wp-json\/wp\/v2\/comments?post=9653"}],"wp:featuredmedia":[{"embeddable":true,"href":"https:\/\/boutique-one-piece.com\/nb\/wp-json\/wp\/v2\/media\/20809"}],"wp:attachment":[{"href":"https:\/\/boutique-one-piece.com\/nb\/wp-json\/wp\/v2\/media?parent=9653"}],"wp:term":[{"taxonomy":"product_brand","embeddable":true,"href":"https:\/\/boutique-one-piece.com\/nb\/wp-json\/wp\/v2\/product_brand?post=9653"},{"taxonomy":"product_cat","embeddable":true,"href":"https:\/\/boutique-one-piece.com\/nb\/wp-json\/wp\/v2\/product_cat?post=9653"},{"taxonomy":"product_tag","embeddable":true,"href":"https:\/\/boutique-one-piece.com\/nb\/wp-json\/wp\/v2\/product_tag?post=9653"}],"curies":[{"name":"wp","href":"https:\/\/api.w.org\/{rel}","templated":true}]}}