{"id":9676,"date":"2022-09-27T20:21:42","date_gmt":"2022-09-27T20:21:42","guid":{"rendered":"https:\/\/boutique-one-piece.com\/uncategorized\/figurine-one-piece-monkey-d-luffy-et-trafalgar-d-water-law\/"},"modified":"2024-09-16T11:48:44","modified_gmt":"2024-09-16T11:48:44","slug":"one-piece-figur-monkey-d-luffy-og-trafalgar-d-water-law","status":"publish","type":"product","link":"https:\/\/boutique-one-piece.com\/nb\/one-piece-figurer-2\/one-piece-figur-monkey-d-luffy-og-trafalgar-d-water-law\/","title":{"rendered":"One Piece Monkey D. Luffy og Trafalgar D. Water Law-figur"},"content":{"rendered":"<h2>Unge pirat, tiden er inne for at du skal skaffe deg denne One Piece Monkey D. Luffy og Trafalgar D. Water Law-figuren.<\/h2>\n<p>For \u00e5 gi litt kontekst, her er hva du trenger \u00e5 vite om Monkey D. Luffy og Trafalgar D. Water Law; I kapittel 667, <strong>Law<\/strong> kommer til unnsetning av <strong>Luffy<\/strong> For \u00e5 beseire Yeti Cool Brothers foresl\u00e5r han at sistnevnte blir hans allierte, og hevder \u00e5 ha en plan om \u00e5 ta ned en av de fire keiserne i den nye verden. Yeti Cool Brothers er to leiemordere ansatt av <strong>C\u00e6sarklovn<\/strong>.<\/p>\n<p>De har til og med kallenavnet \u00abSn\u00f8fjellenes mordere\u00bb. De tilh\u00f8rer en viss rase av kjemper. N\u00e5r vi g\u00e5r tilbake til de to hovedpersonene, s\u00e5 vit at i kapittel 668 aksepterer Luffy Laws allianse, til mannskapets store forferdelse. Law g\u00e5r med p\u00e5 \u00e5 hjelpe Luffy med \u00e5 finne en kur for barna som holdes fanget av C\u00e6sarklovnen, men til gjengjeld ber han dem om \u00e5 fange ham. Hvis du er spesielt glad i Law, <a title=\"ONE PIECE LAW POP!-FIGUR\" href=\"https:\/\/boutique-one-piece.com\/nb\/one-piece-law-pop-figur\/\" target=\"_blank\" rel=\"noopener\">Trafalgar Law Pop! Vinylfigur<\/a> er innen rekkevidde.<\/p>\n<h3>S\u00e5, er du fascinert av denne piratduofiguren? I s\u00e5 fall, ikke n\u00f8l lenger og bli med dem p\u00e5 eventyr!<\/h3>\n<p><strong>Ett stykke<\/strong> er den mestselgende mangaen i verden. Enten du er en ihuga fan eller en seri\u00f8s samler, er disse tingene definitivt noe for deg. Kom og utvid universet ditt! <strong>Ett stykke<\/strong> med disse mytiske gjenstandene. Ta skjebnen i egne hender, unge trener, og bli med i mannskapet p\u00e5 <strong>Str\u00e5hatt<\/strong>.<\/p>\n<h2>Informasjon om Monkey D. Luffy og Trafalgar D. Water Law-figurer&nbsp;<\/h2>\n<ul data-mce-fragment=\"1\">\n<li data-mce-fragment=\"1\"><span data-mce-fragment=\"1\"><b data-mce-fragment=\"1\"><u data-mce-fragment=\"1\">One Piece-figur<\/u><\/b>&nbsp;Premium One Piece-figur for ekte pirater<\/span><\/li>\n<\/ul>\n<ul data-mce-fragment=\"1\">\n<li data-mce-fragment=\"1\">\n<b data-mce-fragment=\"1\">Materie<\/b><span data-mce-fragment=\"1\">&nbsp;<\/span>PVC<\/li>\n<\/ul>\n<ul data-mce-fragment=\"1\">\n<li data-mce-fragment=\"1\"><span data-mce-fragment=\"1\"><strong data-mce-fragment=\"1\">Dimensjon<\/strong>&nbsp;: 16 cm<\/span><\/li>\n<\/ul>\n<ul data-mce-fragment=\"1\">\n<li data-mce-fragment=\"1\"><span data-mce-fragment=\"1\"><strong data-mce-fragment=\"1\">GRATIS LEVERING<\/strong><\/span><\/li>\n<\/ul>","protected":false},"excerpt":{"rendered":"<p>Jeune pirate, le moment est venu pour toi de te procurer cette Figurine One Piece Monkey D Luffy et Trafalgar D Water Law. Pour resituer le contexte, voici ce que tu dois savoir au sujet de Monkey D Luffy et de Trafalgar D Water Law ; Dans le chapitre 667, Law vient en aide \u00e0 [&hellip;]<\/p>","protected":false},"featured_media":9678,"comment_status":"open","ping_status":"open","template":"","meta":[],"product_brand":[],"product_cat":[181,76],"product_tag":[92],"class_list":{"0":"post-9676","1":"product","2":"type-product","3":"status-publish","4":"has-post-thumbnail","6":"product_cat-figurines-monkey-d-luffy","7":"product_cat-figurines-one-piece","8":"product_tag-luffy","10":"first","11":"outofstock","12":"purchasable","13":"product-type-simple"},"yoast_head":"<!-- This site is optimized with the Yoast SEO plugin v27.5 - https:\/\/yoast.com\/product\/yoast-seo-wordpress\/ -->\n<title>Figurine One Piece Monkey D Luffy et Trafalgar D Water Law | Figurine One Piece \u2013 Boutique One Piece<\/title>\n<meta name=\"description\" content=\"Jeune pirate, le moment est venu pour toi de te procurer cette Figurine One Piece Monkey D Luffy et Trafalgar D Water Law. Pour resituer le contexte, voici ce que tu dois savoir au sujet de Monkey D Luffy et de Trafalgar D Water Law ; Dans le chapitre 667, Law vient en aide \u00e0 Luffy pour venir \u00e0 bout des Yeti Cool Broth\" \/>\n<meta name=\"robots\" content=\"index, follow, max-snippet:-1, max-image-preview:large, max-video-preview:-1\" \/>\n<link rel=\"canonical\" href=\"https:\/\/boutique-one-piece.com\/nb\/one-piece-figurer-2\/one-piece-figur-monkey-d-luffy-og-trafalgar-d-water-law\/\" \/>\n<meta property=\"og:locale\" content=\"nb_NO\" \/>\n<meta property=\"og:type\" content=\"article\" \/>\n<meta property=\"og:title\" content=\"Figurine One Piece Monkey D Luffy et Trafalgar D Water Law | Figurine One Piece \u2013 Boutique One Piece\" \/>\n<meta property=\"og:description\" content=\"Jeune pirate, le moment est venu pour toi de te procurer cette Figurine One Piece Monkey D Luffy et Trafalgar D Water Law. Pour resituer le contexte, voici ce que tu dois savoir au sujet de Monkey D Luffy et de Trafalgar D Water Law ; Dans le chapitre 667, Law vient en aide \u00e0 Luffy pour venir \u00e0 bout des Yeti Cool Broth\" \/>\n<meta property=\"og:url\" content=\"https:\/\/boutique-one-piece.com\/nb\/one-piece-figurer-2\/one-piece-figur-monkey-d-luffy-og-trafalgar-d-water-law\/\" \/>\n<meta property=\"og:site_name\" content=\"Boutique One Piece\" \/>\n<meta property=\"article:modified_time\" content=\"2024-09-16T11:48:44+00:00\" \/>\n<meta property=\"og:image\" content=\"https:\/\/boutique-one-piece.com\/wp-content\/uploads\/2022\/09\/Figurine-One-Piece-Monkey-D-Luffy-et-Trafalgar-D-Water-Law.jpg\" \/>\n\t<meta property=\"og:image:width\" content=\"450\" \/>\n\t<meta property=\"og:image:height\" content=\"450\" \/>\n\t<meta property=\"og:image:type\" content=\"image\/jpeg\" \/>\n<meta name=\"twitter:card\" content=\"summary_large_image\" \/>\n<meta name=\"twitter:label1\" content=\"Ansl. lesetid\" \/>\n\t<meta name=\"twitter:data1\" content=\"2 minutter\" \/>\n<script type=\"application\/ld+json\" class=\"yoast-schema-graph\">{\"@context\":\"https:\\\/\\\/schema.org\",\"@graph\":[{\"@type\":\"WebPage\",\"@id\":\"https:\\\/\\\/boutique-one-piece.com\\\/figurines-one-piece\\\/figurine-one-piece-monkey-d-luffy-et-trafalgar-d-water-law\\\/\",\"url\":\"https:\\\/\\\/boutique-one-piece.com\\\/figurines-one-piece\\\/figurine-one-piece-monkey-d-luffy-et-trafalgar-d-water-law\\\/\",\"name\":\"Figurine One Piece Monkey D Luffy et Trafalgar D Water Law | Figurine One Piece \u2013 Boutique One Piece\",\"isPartOf\":{\"@id\":\"https:\\\/\\\/boutique-one-piece.com\\\/#website\"},\"primaryImageOfPage\":{\"@id\":\"https:\\\/\\\/boutique-one-piece.com\\\/figurines-one-piece\\\/figurine-one-piece-monkey-d-luffy-et-trafalgar-d-water-law\\\/#primaryimage\"},\"image\":{\"@id\":\"https:\\\/\\\/boutique-one-piece.com\\\/figurines-one-piece\\\/figurine-one-piece-monkey-d-luffy-et-trafalgar-d-water-law\\\/#primaryimage\"},\"thumbnailUrl\":\"https:\\\/\\\/boutique-one-piece.com\\\/wp-content\\\/uploads\\\/2022\\\/09\\\/Figurine-One-Piece-Monkey-D-Luffy-et-Trafalgar-D-Water-Law.jpg\",\"datePublished\":\"2022-09-27T20:21:42+00:00\",\"dateModified\":\"2024-09-16T11:48:44+00:00\",\"description\":\"Jeune pirate, le moment est venu pour toi de te procurer cette Figurine One Piece Monkey D Luffy et Trafalgar D Water Law. Pour resituer le contexte, voici ce que tu dois savoir au sujet de Monkey D Luffy et de Trafalgar D Water Law ; Dans le chapitre 667, Law vient en aide \u00e0 Luffy pour venir \u00e0 bout des Yeti Cool Broth\",\"breadcrumb\":{\"@id\":\"https:\\\/\\\/boutique-one-piece.com\\\/figurines-one-piece\\\/figurine-one-piece-monkey-d-luffy-et-trafalgar-d-water-law\\\/#breadcrumb\"},\"inLanguage\":\"nb-NO\",\"potentialAction\":[{\"@type\":\"ReadAction\",\"target\":[\"https:\\\/\\\/boutique-one-piece.com\\\/figurines-one-piece\\\/figurine-one-piece-monkey-d-luffy-et-trafalgar-d-water-law\\\/\"]}]},{\"@type\":\"ImageObject\",\"inLanguage\":\"nb-NO\",\"@id\":\"https:\\\/\\\/boutique-one-piece.com\\\/figurines-one-piece\\\/figurine-one-piece-monkey-d-luffy-et-trafalgar-d-water-law\\\/#primaryimage\",\"url\":\"https:\\\/\\\/boutique-one-piece.com\\\/wp-content\\\/uploads\\\/2022\\\/09\\\/Figurine-One-Piece-Monkey-D-Luffy-et-Trafalgar-D-Water-Law.jpg\",\"contentUrl\":\"https:\\\/\\\/boutique-one-piece.com\\\/wp-content\\\/uploads\\\/2022\\\/09\\\/Figurine-One-Piece-Monkey-D-Luffy-et-Trafalgar-D-Water-Law.jpg\",\"width\":450,\"height\":450,\"caption\":\"Figurine One Piece Monkey D Luffy et Trafalgar D Water Law Default Title\"},{\"@type\":\"BreadcrumbList\",\"@id\":\"https:\\\/\\\/boutique-one-piece.com\\\/figurines-one-piece\\\/figurine-one-piece-monkey-d-luffy-et-trafalgar-d-water-law\\\/#breadcrumb\",\"itemListElement\":[{\"@type\":\"ListItem\",\"position\":1,\"name\":\"Home\",\"item\":\"https:\\\/\\\/boutique-one-piece.com\\\/\"},{\"@type\":\"ListItem\",\"position\":2,\"name\":\"Shop\",\"item\":\"https:\\\/\\\/boutique-one-piece.com\\\/shop\\\/\"},{\"@type\":\"ListItem\",\"position\":3,\"name\":\"Figurine One Piece Monkey D Luffy et Trafalgar D Water Law\"}]},{\"@type\":\"WebSite\",\"@id\":\"https:\\\/\\\/boutique-one-piece.com\\\/#website\",\"url\":\"https:\\\/\\\/boutique-one-piece.com\\\/\",\"name\":\"Boutique One Piece\",\"description\":\"Magasin Sp\u00e9cialis\u00e9 du Manga et l&#039;Anime One Piece\",\"publisher\":{\"@id\":\"https:\\\/\\\/boutique-one-piece.com\\\/#organization\"},\"potentialAction\":[{\"@type\":\"SearchAction\",\"target\":{\"@type\":\"EntryPoint\",\"urlTemplate\":\"https:\\\/\\\/boutique-one-piece.com\\\/?s={search_term_string}\"},\"query-input\":{\"@type\":\"PropertyValueSpecification\",\"valueRequired\":true,\"valueName\":\"search_term_string\"}}],\"inLanguage\":\"nb-NO\"},{\"@type\":\"Organization\",\"@id\":\"https:\\\/\\\/boutique-one-piece.com\\\/#organization\",\"name\":\"Boutique One Piece\",\"url\":\"https:\\\/\\\/boutique-one-piece.com\\\/\",\"logo\":{\"@type\":\"ImageObject\",\"inLanguage\":\"nb-NO\",\"@id\":\"https:\\\/\\\/boutique-one-piece.com\\\/#\\\/schema\\\/logo\\\/image\\\/\",\"url\":\"https:\\\/\\\/boutique-one-piece.com\\\/wp-content\\\/uploads\\\/2022\\\/09\\\/Logo-01.png\",\"contentUrl\":\"https:\\\/\\\/boutique-one-piece.com\\\/wp-content\\\/uploads\\\/2022\\\/09\\\/Logo-01.png\",\"width\":2318,\"height\":957,\"caption\":\"Boutique One Piece\"},\"image\":{\"@id\":\"https:\\\/\\\/boutique-one-piece.com\\\/#\\\/schema\\\/logo\\\/image\\\/\"}}]}<\/script>\n<!-- \/ Yoast SEO plugin. -->","yoast_head_json":{"title":"One Piece Monkey D. Luffy og Trafalgar D. Water Law-figur | One Piece-figur \u2013 One Piece-butikk","description":"Unge pirat, tiden er inne for at du skal f\u00e5 tak i denne One Piece-figuren av Monkey D. Luffy og Trafalgar D. Water Law. For \u00e5 gi deg litt bakgrunnsinformasjon, her er hva du trenger \u00e5 vite om Monkey D. Luffy og Trafalgar D. Water Law: I kapittel 667 kommer Law til Luffys hjelp for \u00e5 beseire Yeti Cool Broth.","robots":{"index":"index","follow":"follow","max-snippet":"max-snippet:-1","max-image-preview":"max-image-preview:large","max-video-preview":"max-video-preview:-1"},"canonical":"https:\/\/boutique-one-piece.com\/nb\/one-piece-figurer-2\/one-piece-figur-monkey-d-luffy-og-trafalgar-d-water-law\/","og_locale":"nb_NO","og_type":"article","og_title":"Figurine One Piece Monkey D Luffy et Trafalgar D Water Law | Figurine One Piece \u2013 Boutique One Piece","og_description":"Jeune pirate, le moment est venu pour toi de te procurer cette Figurine One Piece Monkey D Luffy et Trafalgar D Water Law. Pour resituer le contexte, voici ce que tu dois savoir au sujet de Monkey D Luffy et de Trafalgar D Water Law ; Dans le chapitre 667, Law vient en aide \u00e0 Luffy pour venir \u00e0 bout des Yeti Cool Broth","og_url":"https:\/\/boutique-one-piece.com\/nb\/one-piece-figurer-2\/one-piece-figur-monkey-d-luffy-og-trafalgar-d-water-law\/","og_site_name":"Boutique One Piece","article_modified_time":"2024-09-16T11:48:44+00:00","og_image":[{"width":450,"height":450,"url":"https:\/\/boutique-one-piece.com\/wp-content\/uploads\/2022\/09\/Figurine-One-Piece-Monkey-D-Luffy-et-Trafalgar-D-Water-Law.jpg","type":"image\/jpeg"}],"twitter_card":"summary_large_image","twitter_misc":{"Ansl. lesetid":"2 minutter"},"schema":{"@context":"https:\/\/schema.org","@graph":[{"@type":"WebPage","@id":"https:\/\/boutique-one-piece.com\/figurines-one-piece\/figurine-one-piece-monkey-d-luffy-et-trafalgar-d-water-law\/","url":"https:\/\/boutique-one-piece.com\/figurines-one-piece\/figurine-one-piece-monkey-d-luffy-et-trafalgar-d-water-law\/","name":"One Piece Monkey D. Luffy og Trafalgar D. Water Law-figur | One Piece-figur \u2013 One Piece-butikk","isPartOf":{"@id":"https:\/\/boutique-one-piece.com\/#website"},"primaryImageOfPage":{"@id":"https:\/\/boutique-one-piece.com\/figurines-one-piece\/figurine-one-piece-monkey-d-luffy-et-trafalgar-d-water-law\/#primaryimage"},"image":{"@id":"https:\/\/boutique-one-piece.com\/figurines-one-piece\/figurine-one-piece-monkey-d-luffy-et-trafalgar-d-water-law\/#primaryimage"},"thumbnailUrl":"https:\/\/boutique-one-piece.com\/wp-content\/uploads\/2022\/09\/Figurine-One-Piece-Monkey-D-Luffy-et-Trafalgar-D-Water-Law.jpg","datePublished":"2022-09-27T20:21:42+00:00","dateModified":"2024-09-16T11:48:44+00:00","description":"Unge pirat, tiden er inne for at du skal f\u00e5 tak i denne One Piece-figuren av Monkey D. Luffy og Trafalgar D. Water Law. For \u00e5 gi deg litt bakgrunnsinformasjon, her er hva du trenger \u00e5 vite om Monkey D. Luffy og Trafalgar D. Water Law: I kapittel 667 kommer Law til Luffys hjelp for \u00e5 beseire Yeti Cool Broth.","breadcrumb":{"@id":"https:\/\/boutique-one-piece.com\/figurines-one-piece\/figurine-one-piece-monkey-d-luffy-et-trafalgar-d-water-law\/#breadcrumb"},"inLanguage":"nb-NO","potentialAction":[{"@type":"ReadAction","target":["https:\/\/boutique-one-piece.com\/figurines-one-piece\/figurine-one-piece-monkey-d-luffy-et-trafalgar-d-water-law\/"]}]},{"@type":"ImageObject","inLanguage":"nb-NO","@id":"https:\/\/boutique-one-piece.com\/figurines-one-piece\/figurine-one-piece-monkey-d-luffy-et-trafalgar-d-water-law\/#primaryimage","url":"https:\/\/boutique-one-piece.com\/wp-content\/uploads\/2022\/09\/Figurine-One-Piece-Monkey-D-Luffy-et-Trafalgar-D-Water-Law.jpg","contentUrl":"https:\/\/boutique-one-piece.com\/wp-content\/uploads\/2022\/09\/Figurine-One-Piece-Monkey-D-Luffy-et-Trafalgar-D-Water-Law.jpg","width":450,"height":450,"caption":"Figurine One Piece Monkey D Luffy et Trafalgar D Water Law Default Title"},{"@type":"BreadcrumbList","@id":"https:\/\/boutique-one-piece.com\/figurines-one-piece\/figurine-one-piece-monkey-d-luffy-et-trafalgar-d-water-law\/#breadcrumb","itemListElement":[{"@type":"ListItem","position":1,"name":"Home","item":"https:\/\/boutique-one-piece.com\/"},{"@type":"ListItem","position":2,"name":"Shop","item":"https:\/\/boutique-one-piece.com\/shop\/"},{"@type":"ListItem","position":3,"name":"Figurine One Piece Monkey D Luffy et Trafalgar D Water Law"}]},{"@type":"WebSite","@id":"https:\/\/boutique-one-piece.com\/#website","url":"https:\/\/boutique-one-piece.com\/","name":"One Piece-butikk","description":"Spesialbutikk for One Piece Manga og Anime","publisher":{"@id":"https:\/\/boutique-one-piece.com\/#organization"},"potentialAction":[{"@type":"SearchAction","target":{"@type":"EntryPoint","urlTemplate":"https:\/\/boutique-one-piece.com\/?s={search_term_string}"},"query-input":{"@type":"PropertyValueSpecification","valueRequired":true,"valueName":"search_term_string"}}],"inLanguage":"nb-NO"},{"@type":"Organization","@id":"https:\/\/boutique-one-piece.com\/#organization","name":"One Piece-butikk","url":"https:\/\/boutique-one-piece.com\/","logo":{"@type":"ImageObject","inLanguage":"nb-NO","@id":"https:\/\/boutique-one-piece.com\/#\/schema\/logo\/image\/","url":"https:\/\/boutique-one-piece.com\/wp-content\/uploads\/2022\/09\/Logo-01.png","contentUrl":"https:\/\/boutique-one-piece.com\/wp-content\/uploads\/2022\/09\/Logo-01.png","width":2318,"height":957,"caption":"Boutique One Piece"},"image":{"@id":"https:\/\/boutique-one-piece.com\/#\/schema\/logo\/image\/"}}]}},"_links":{"self":[{"href":"https:\/\/boutique-one-piece.com\/nb\/wp-json\/wp\/v2\/product\/9676","targetHints":{"allow":["GET"]}}],"collection":[{"href":"https:\/\/boutique-one-piece.com\/nb\/wp-json\/wp\/v2\/product"}],"about":[{"href":"https:\/\/boutique-one-piece.com\/nb\/wp-json\/wp\/v2\/types\/product"}],"replies":[{"embeddable":true,"href":"https:\/\/boutique-one-piece.com\/nb\/wp-json\/wp\/v2\/comments?post=9676"}],"wp:featuredmedia":[{"embeddable":true,"href":"https:\/\/boutique-one-piece.com\/nb\/wp-json\/wp\/v2\/media\/9678"}],"wp:attachment":[{"href":"https:\/\/boutique-one-piece.com\/nb\/wp-json\/wp\/v2\/media?parent=9676"}],"wp:term":[{"taxonomy":"product_brand","embeddable":true,"href":"https:\/\/boutique-one-piece.com\/nb\/wp-json\/wp\/v2\/product_brand?post=9676"},{"taxonomy":"product_cat","embeddable":true,"href":"https:\/\/boutique-one-piece.com\/nb\/wp-json\/wp\/v2\/product_cat?post=9676"},{"taxonomy":"product_tag","embeddable":true,"href":"https:\/\/boutique-one-piece.com\/nb\/wp-json\/wp\/v2\/product_tag?post=9676"}],"curies":[{"name":"wp","href":"https:\/\/api.w.org\/{rel}","templated":true}]}}