{"id":9685,"date":"2022-09-27T20:21:42","date_gmt":"2022-09-27T20:21:42","guid":{"rendered":"https:\/\/boutique-one-piece.com\/uncategorized\/avis-de-recherche-one-piece-nami-wanted\/"},"modified":"2024-09-16T11:48:47","modified_gmt":"2024-09-16T11:48:47","slug":"one-piece-onsket-plakat-nami-onsket","status":"publish","type":"product","link":"https:\/\/boutique-one-piece.com\/nb\/one-piece-onsket-plakat\/one-piece-onsket-plakat-nami-onsket\/","title":{"rendered":"Nami \u00f8nsket varsel"},"content":{"rendered":"<h2>Hvis du elsker piratkvinner, kan du ikke g\u00e5 glipp av denne Nami Wanted-plakaten.<\/h2>\n<p>Nami, ogs\u00e5 med kallenavnet \u00ab\u00a0<strong>den tyvaktige katten<\/strong>\u00a0\u00bber pirat og medlem av Straw Hat Pirates. Hun har stillingen som <strong>navigat\u00f8r<\/strong> i mannskapet. F\u00f8r hun ble med i Luffys mannskap, brukte Nami tiden sin p\u00e5 \u00e5 lure og stjele fra pirater, og under deres f\u00f8rste m\u00f8te stjal hun fra Luffy. Hun har en lav oppfatning av pirater fordi landsbyen hennes falt under kontroll av en voldelig pirat, Arlong, som tvang henne til \u00e5 bli med i mannskapet hans og lovet \u00e5 frigj\u00f8re landsbyen hennes hvis hun samlet 100 millioner b\u00e6r, og som drepte moren hennes.<\/p>\n<p>Senere bestemmer Luffy seg for \u00e5 kjempe mot Arlong og befri Nami fra byrden hun har b\u00e5ret siden barndommen. Nami dr\u00f8mmer om \u00e5 tegne et kart over hele verden.\u00a0<\/p>\n<h3>Bli fortryllet av den sublime r\u00f8dh\u00e5rede piraten Nami med denne etterlysningsplakaten.<\/h3>\n<p>Nami har den unike evnen til \u00e5 sanse endringer i v\u00e6ret og kommende stormer f\u00f8r noen andre. Faktisk er kampstilen hennes knyttet til dette, ettersom hun kjemper med en <strong>klimatakt<\/strong> som er en gjenstand som lar henne kontrollere v\u00e6ret og generere stormer eller lyn. Dus\u00f8ren p\u00e5 Namis hode er 66 millioner b\u00e6r.<\/p>\n<p>Hvis du samler bonuser, dette <a href=\"https:\/\/boutique-one-piece.com\/nb\/onsket-varsel-ett-stykke-marshall-d-teach-onsket\/\" target=\"_blank\" title=\"Marshall D. \u00f8nsket beskjed\" rel=\"noopener noreferrer\">Marshall D. Teach \u00f8nsket beskjed<\/a> burde glede deg.<\/p>\n<h2>Informasjon om One Piece Wanted Nami-plakaten<\/h2>\n<ul>\n<li><span><b><u>One Piece Wanted-plakat<\/u><\/b>\u00a0En ekte One Piece-plakat for ekte pirater<\/span><\/li>\n<\/ul>\n<ul>\n<li>\n<b><u>Namis dus\u00f8r<\/u><\/b>\u00a066 000 000 b\u00e6r<\/li>\n<\/ul>\n<ul>\n<li><span><strong>Utskrift av h\u00f8y kvalitet<\/strong>\u00a0n\u00f8yaktige farger<\/span><\/li>\n<\/ul>\n<ul>\n<li>\n<strong>Dimensjon<\/strong>\u00a0: 51 cm x 36 cm<\/li>\n<\/ul>\n<ul>\n<li><span><strong>GRATIS LEVERING<\/strong><\/span><\/li>\n<\/ul>","protected":false},"excerpt":{"rendered":"<p>Hvis du elsker kvinnelige pirater, kan du ikke g\u00e5 glipp av denne Nami Wanted-plakaten. Nami, ogs\u00e5 kjent som \u00abkattetyven\u00bb, er pirat og medlem av Straw Hat Pirates. Hun fungerer som mannskapets navigat\u00f8r. F\u00f8r hun ble med i Luffys mannskap, tilbrakte Nami tiden sin [\u2026]<\/p>","protected":false},"featured_media":9687,"comment_status":"open","ping_status":"open","template":"","meta":[],"product_brand":[],"product_cat":[171],"product_tag":[],"class_list":{"0":"post-9685","1":"product","2":"type-product","3":"status-publish","4":"has-post-thumbnail","6":"product_cat-avis-de-recherche-one-piece","8":"first","9":"instock","10":"purchasable","11":"product-type-simple"},"yoast_head":"<!-- This site is optimized with the Yoast SEO plugin v27.5 - https:\/\/yoast.com\/product\/yoast-seo-wordpress\/ -->\n<title>Avis de Recherche One Piece Nami Wanted | D\u00e9coration One Piece \u2013 Boutique One Piece<\/title>\n<meta name=\"description\" content=\"Si tu adores les femmes pirates, Tu ne peux pas passer \u00e0 c\u00f4t\u00e9 de cet Avis de Recherche Nami Wanted. Nami, aussi surnomm\u00e9e &quot;la chatte voleuse&quot; est une pirate faisant partie de l&#039;\u00e9quipe des Mugiwaras. Elle occupe le poste de navigatrice au sein de l&#039;\u00e9quipage. Avant d&#039;int\u00e9grer l&#039;\u00e9quipage de Luffy, Nami passe son temps \u00e0 l\" \/>\n<meta name=\"robots\" content=\"index, follow, max-snippet:-1, max-image-preview:large, max-video-preview:-1\" \/>\n<link rel=\"canonical\" href=\"https:\/\/boutique-one-piece.com\/nb\/one-piece-onsket-plakat\/one-piece-onsket-plakat-nami-onsket\/\" \/>\n<meta property=\"og:locale\" content=\"nb_NO\" \/>\n<meta property=\"og:type\" content=\"article\" \/>\n<meta property=\"og:title\" content=\"Avis de Recherche One Piece Nami Wanted | D\u00e9coration One Piece \u2013 Boutique One Piece\" \/>\n<meta property=\"og:description\" content=\"Si tu adores les femmes pirates, Tu ne peux pas passer \u00e0 c\u00f4t\u00e9 de cet Avis de Recherche Nami Wanted. Nami, aussi surnomm\u00e9e &quot;la chatte voleuse&quot; est une pirate faisant partie de l&#039;\u00e9quipe des Mugiwaras. Elle occupe le poste de navigatrice au sein de l&#039;\u00e9quipage. Avant d&#039;int\u00e9grer l&#039;\u00e9quipage de Luffy, Nami passe son temps \u00e0 l\" \/>\n<meta property=\"og:url\" content=\"https:\/\/boutique-one-piece.com\/nb\/one-piece-onsket-plakat\/one-piece-onsket-plakat-nami-onsket\/\" \/>\n<meta property=\"og:site_name\" content=\"Boutique One Piece\" \/>\n<meta property=\"article:modified_time\" content=\"2024-09-16T11:48:47+00:00\" \/>\n<meta property=\"og:image\" content=\"https:\/\/boutique-one-piece.com\/wp-content\/uploads\/2022\/09\/Avis-de-Recherche-Nami-Wanted-1.jpg\" \/>\n\t<meta property=\"og:image:width\" content=\"798\" \/>\n\t<meta property=\"og:image:height\" content=\"797\" \/>\n\t<meta property=\"og:image:type\" content=\"image\/jpeg\" \/>\n<meta name=\"twitter:card\" content=\"summary_large_image\" \/>\n<meta name=\"twitter:label1\" content=\"Ansl. lesetid\" \/>\n\t<meta name=\"twitter:data1\" content=\"2 minutter\" \/>\n<script type=\"application\/ld+json\" class=\"yoast-schema-graph\">{\"@context\":\"https:\\\/\\\/schema.org\",\"@graph\":[{\"@type\":\"WebPage\",\"@id\":\"https:\\\/\\\/boutique-one-piece.com\\\/avis-de-recherche-one-piece\\\/avis-de-recherche-one-piece-nami-wanted\\\/\",\"url\":\"https:\\\/\\\/boutique-one-piece.com\\\/avis-de-recherche-one-piece\\\/avis-de-recherche-one-piece-nami-wanted\\\/\",\"name\":\"Avis de Recherche One Piece Nami Wanted | D\u00e9coration One Piece \u2013 Boutique One Piece\",\"isPartOf\":{\"@id\":\"https:\\\/\\\/boutique-one-piece.com\\\/#website\"},\"primaryImageOfPage\":{\"@id\":\"https:\\\/\\\/boutique-one-piece.com\\\/avis-de-recherche-one-piece\\\/avis-de-recherche-one-piece-nami-wanted\\\/#primaryimage\"},\"image\":{\"@id\":\"https:\\\/\\\/boutique-one-piece.com\\\/avis-de-recherche-one-piece\\\/avis-de-recherche-one-piece-nami-wanted\\\/#primaryimage\"},\"thumbnailUrl\":\"https:\\\/\\\/boutique-one-piece.com\\\/wp-content\\\/uploads\\\/2022\\\/09\\\/Avis-de-Recherche-Nami-Wanted-1.jpg\",\"datePublished\":\"2022-09-27T20:21:42+00:00\",\"dateModified\":\"2024-09-16T11:48:47+00:00\",\"description\":\"Si tu adores les femmes pirates, Tu ne peux pas passer \u00e0 c\u00f4t\u00e9 de cet Avis de Recherche Nami Wanted. Nami, aussi surnomm\u00e9e \\\"la chatte voleuse\\\" est une pirate faisant partie de l'\u00e9quipe des Mugiwaras. Elle occupe le poste de navigatrice au sein de l'\u00e9quipage. Avant d'int\u00e9grer l'\u00e9quipage de Luffy, Nami passe son temps \u00e0 l\",\"breadcrumb\":{\"@id\":\"https:\\\/\\\/boutique-one-piece.com\\\/avis-de-recherche-one-piece\\\/avis-de-recherche-one-piece-nami-wanted\\\/#breadcrumb\"},\"inLanguage\":\"nb-NO\",\"potentialAction\":[{\"@type\":\"ReadAction\",\"target\":[\"https:\\\/\\\/boutique-one-piece.com\\\/avis-de-recherche-one-piece\\\/avis-de-recherche-one-piece-nami-wanted\\\/\"]}]},{\"@type\":\"ImageObject\",\"inLanguage\":\"nb-NO\",\"@id\":\"https:\\\/\\\/boutique-one-piece.com\\\/avis-de-recherche-one-piece\\\/avis-de-recherche-one-piece-nami-wanted\\\/#primaryimage\",\"url\":\"https:\\\/\\\/boutique-one-piece.com\\\/wp-content\\\/uploads\\\/2022\\\/09\\\/Avis-de-Recherche-Nami-Wanted-1.jpg\",\"contentUrl\":\"https:\\\/\\\/boutique-one-piece.com\\\/wp-content\\\/uploads\\\/2022\\\/09\\\/Avis-de-Recherche-Nami-Wanted-1.jpg\",\"width\":798,\"height\":797},{\"@type\":\"BreadcrumbList\",\"@id\":\"https:\\\/\\\/boutique-one-piece.com\\\/avis-de-recherche-one-piece\\\/avis-de-recherche-one-piece-nami-wanted\\\/#breadcrumb\",\"itemListElement\":[{\"@type\":\"ListItem\",\"position\":1,\"name\":\"Home\",\"item\":\"https:\\\/\\\/boutique-one-piece.com\\\/\"},{\"@type\":\"ListItem\",\"position\":2,\"name\":\"Shop\",\"item\":\"https:\\\/\\\/boutique-one-piece.com\\\/shop\\\/\"},{\"@type\":\"ListItem\",\"position\":3,\"name\":\"Avis de Recherche Nami Wanted\"}]},{\"@type\":\"WebSite\",\"@id\":\"https:\\\/\\\/boutique-one-piece.com\\\/#website\",\"url\":\"https:\\\/\\\/boutique-one-piece.com\\\/\",\"name\":\"Boutique One Piece\",\"description\":\"Magasin Sp\u00e9cialis\u00e9 du Manga et l&#039;Anime One Piece\",\"publisher\":{\"@id\":\"https:\\\/\\\/boutique-one-piece.com\\\/#organization\"},\"potentialAction\":[{\"@type\":\"SearchAction\",\"target\":{\"@type\":\"EntryPoint\",\"urlTemplate\":\"https:\\\/\\\/boutique-one-piece.com\\\/?s={search_term_string}\"},\"query-input\":{\"@type\":\"PropertyValueSpecification\",\"valueRequired\":true,\"valueName\":\"search_term_string\"}}],\"inLanguage\":\"nb-NO\"},{\"@type\":\"Organization\",\"@id\":\"https:\\\/\\\/boutique-one-piece.com\\\/#organization\",\"name\":\"Boutique One Piece\",\"url\":\"https:\\\/\\\/boutique-one-piece.com\\\/\",\"logo\":{\"@type\":\"ImageObject\",\"inLanguage\":\"nb-NO\",\"@id\":\"https:\\\/\\\/boutique-one-piece.com\\\/#\\\/schema\\\/logo\\\/image\\\/\",\"url\":\"https:\\\/\\\/boutique-one-piece.com\\\/wp-content\\\/uploads\\\/2022\\\/09\\\/Logo-01.png\",\"contentUrl\":\"https:\\\/\\\/boutique-one-piece.com\\\/wp-content\\\/uploads\\\/2022\\\/09\\\/Logo-01.png\",\"width\":2318,\"height\":957,\"caption\":\"Boutique One Piece\"},\"image\":{\"@id\":\"https:\\\/\\\/boutique-one-piece.com\\\/#\\\/schema\\\/logo\\\/image\\\/\"}}]}<\/script>\n<!-- \/ Yoast SEO plugin. -->","yoast_head_json":{"title":"One Piece Wanted-plakat: Nami Wanted | One Piece-dekorasjoner \u2013 One Piece-butikken","description":"Hvis du elsker kvinnelige pirater, kan du ikke g\u00e5 glipp av denne Nami Wanted-plakaten. Nami, ogs\u00e5 kjent som \"kattetyven\", er pirat og medlem av Straw Hat Pirates. Hun fungerer som mannskapets navigat\u00f8r. F\u00f8r hun ble med i Luffys mannskap, brukte Nami tiden sin...","robots":{"index":"index","follow":"follow","max-snippet":"max-snippet:-1","max-image-preview":"max-image-preview:large","max-video-preview":"max-video-preview:-1"},"canonical":"https:\/\/boutique-one-piece.com\/nb\/one-piece-onsket-plakat\/one-piece-onsket-plakat-nami-onsket\/","og_locale":"nb_NO","og_type":"article","og_title":"Avis de Recherche One Piece Nami Wanted | D\u00e9coration One Piece \u2013 Boutique One Piece","og_description":"Si tu adores les femmes pirates, Tu ne peux pas passer \u00e0 c\u00f4t\u00e9 de cet Avis de Recherche Nami Wanted. Nami, aussi surnomm\u00e9e \"la chatte voleuse\" est une pirate faisant partie de l'\u00e9quipe des Mugiwaras. Elle occupe le poste de navigatrice au sein de l'\u00e9quipage. Avant d'int\u00e9grer l'\u00e9quipage de Luffy, Nami passe son temps \u00e0 l","og_url":"https:\/\/boutique-one-piece.com\/nb\/one-piece-onsket-plakat\/one-piece-onsket-plakat-nami-onsket\/","og_site_name":"Boutique One Piece","article_modified_time":"2024-09-16T11:48:47+00:00","og_image":[{"width":798,"height":797,"url":"https:\/\/boutique-one-piece.com\/wp-content\/uploads\/2022\/09\/Avis-de-Recherche-Nami-Wanted-1.jpg","type":"image\/jpeg"}],"twitter_card":"summary_large_image","twitter_misc":{"Ansl. lesetid":"2 minutter"},"schema":{"@context":"https:\/\/schema.org","@graph":[{"@type":"WebPage","@id":"https:\/\/boutique-one-piece.com\/avis-de-recherche-one-piece\/avis-de-recherche-one-piece-nami-wanted\/","url":"https:\/\/boutique-one-piece.com\/avis-de-recherche-one-piece\/avis-de-recherche-one-piece-nami-wanted\/","name":"One Piece Wanted-plakat: Nami Wanted | One Piece-dekorasjoner \u2013 One Piece-butikken","isPartOf":{"@id":"https:\/\/boutique-one-piece.com\/#website"},"primaryImageOfPage":{"@id":"https:\/\/boutique-one-piece.com\/avis-de-recherche-one-piece\/avis-de-recherche-one-piece-nami-wanted\/#primaryimage"},"image":{"@id":"https:\/\/boutique-one-piece.com\/avis-de-recherche-one-piece\/avis-de-recherche-one-piece-nami-wanted\/#primaryimage"},"thumbnailUrl":"https:\/\/boutique-one-piece.com\/wp-content\/uploads\/2022\/09\/Avis-de-Recherche-Nami-Wanted-1.jpg","datePublished":"2022-09-27T20:21:42+00:00","dateModified":"2024-09-16T11:48:47+00:00","description":"Hvis du elsker kvinnelige pirater, kan du ikke g\u00e5 glipp av denne Nami Wanted-plakaten. Nami, ogs\u00e5 kjent som \"kattetyven\", er pirat og medlem av Straw Hat Pirates. Hun fungerer som mannskapets navigat\u00f8r. F\u00f8r hun ble med i Luffys mannskap, brukte Nami tiden sin...","breadcrumb":{"@id":"https:\/\/boutique-one-piece.com\/avis-de-recherche-one-piece\/avis-de-recherche-one-piece-nami-wanted\/#breadcrumb"},"inLanguage":"nb-NO","potentialAction":[{"@type":"ReadAction","target":["https:\/\/boutique-one-piece.com\/avis-de-recherche-one-piece\/avis-de-recherche-one-piece-nami-wanted\/"]}]},{"@type":"ImageObject","inLanguage":"nb-NO","@id":"https:\/\/boutique-one-piece.com\/avis-de-recherche-one-piece\/avis-de-recherche-one-piece-nami-wanted\/#primaryimage","url":"https:\/\/boutique-one-piece.com\/wp-content\/uploads\/2022\/09\/Avis-de-Recherche-Nami-Wanted-1.jpg","contentUrl":"https:\/\/boutique-one-piece.com\/wp-content\/uploads\/2022\/09\/Avis-de-Recherche-Nami-Wanted-1.jpg","width":798,"height":797},{"@type":"BreadcrumbList","@id":"https:\/\/boutique-one-piece.com\/avis-de-recherche-one-piece\/avis-de-recherche-one-piece-nami-wanted\/#breadcrumb","itemListElement":[{"@type":"ListItem","position":1,"name":"Home","item":"https:\/\/boutique-one-piece.com\/"},{"@type":"ListItem","position":2,"name":"Shop","item":"https:\/\/boutique-one-piece.com\/shop\/"},{"@type":"ListItem","position":3,"name":"Avis de Recherche Nami Wanted"}]},{"@type":"WebSite","@id":"https:\/\/boutique-one-piece.com\/#website","url":"https:\/\/boutique-one-piece.com\/","name":"One Piece-butikk","description":"Spesialbutikk for One Piece Manga og Anime","publisher":{"@id":"https:\/\/boutique-one-piece.com\/#organization"},"potentialAction":[{"@type":"SearchAction","target":{"@type":"EntryPoint","urlTemplate":"https:\/\/boutique-one-piece.com\/?s={search_term_string}"},"query-input":{"@type":"PropertyValueSpecification","valueRequired":true,"valueName":"search_term_string"}}],"inLanguage":"nb-NO"},{"@type":"Organization","@id":"https:\/\/boutique-one-piece.com\/#organization","name":"One Piece-butikk","url":"https:\/\/boutique-one-piece.com\/","logo":{"@type":"ImageObject","inLanguage":"nb-NO","@id":"https:\/\/boutique-one-piece.com\/#\/schema\/logo\/image\/","url":"https:\/\/boutique-one-piece.com\/wp-content\/uploads\/2022\/09\/Logo-01.png","contentUrl":"https:\/\/boutique-one-piece.com\/wp-content\/uploads\/2022\/09\/Logo-01.png","width":2318,"height":957,"caption":"Boutique One Piece"},"image":{"@id":"https:\/\/boutique-one-piece.com\/#\/schema\/logo\/image\/"}}]}},"_links":{"self":[{"href":"https:\/\/boutique-one-piece.com\/nb\/wp-json\/wp\/v2\/product\/9685","targetHints":{"allow":["GET"]}}],"collection":[{"href":"https:\/\/boutique-one-piece.com\/nb\/wp-json\/wp\/v2\/product"}],"about":[{"href":"https:\/\/boutique-one-piece.com\/nb\/wp-json\/wp\/v2\/types\/product"}],"replies":[{"embeddable":true,"href":"https:\/\/boutique-one-piece.com\/nb\/wp-json\/wp\/v2\/comments?post=9685"}],"wp:featuredmedia":[{"embeddable":true,"href":"https:\/\/boutique-one-piece.com\/nb\/wp-json\/wp\/v2\/media\/9687"}],"wp:attachment":[{"href":"https:\/\/boutique-one-piece.com\/nb\/wp-json\/wp\/v2\/media?parent=9685"}],"wp:term":[{"taxonomy":"product_brand","embeddable":true,"href":"https:\/\/boutique-one-piece.com\/nb\/wp-json\/wp\/v2\/product_brand?post=9685"},{"taxonomy":"product_cat","embeddable":true,"href":"https:\/\/boutique-one-piece.com\/nb\/wp-json\/wp\/v2\/product_cat?post=9685"},{"taxonomy":"product_tag","embeddable":true,"href":"https:\/\/boutique-one-piece.com\/nb\/wp-json\/wp\/v2\/product_tag?post=9685"}],"curies":[{"name":"wp","href":"https:\/\/api.w.org\/{rel}","templated":true}]}}