{"id":9693,"date":"2022-09-27T20:21:42","date_gmt":"2022-09-27T20:21:42","guid":{"rendered":"https:\/\/boutique-one-piece.com\/uncategorized\/figurine-one-piece-nami-manie-la-foudre\/"},"modified":"2024-09-16T11:48:55","modified_gmt":"2024-09-16T11:48:55","slug":"one-piece-figur-nami-bruker-lyn","status":"publish","type":"product","link":"https:\/\/boutique-one-piece.com\/nb\/one-piece-godbiter\/nami-one-piece-godbiter\/one-piece-figur-nami-bruker-lyn\/","title":{"rendered":"One Piece-figur Nami bruker lyn"},"content":{"rendered":"<h2>Unge pirat, tiden er inne for at du skal skaffe deg denne One Piece Nami Wields the Lightning-figuren.<\/h2>\n<p>Du burde vite det <strong>Nami<\/strong> er en utmerket navigat\u00f8r. Faktisk kan hun lett forutsi klimaendringer uten \u00e5 bruke instrumenter; hun stoler p\u00e5 instinktet sitt. Disse ferdighetene stammer fra kunnskapen hun tilegnet seg i barndommen og reisen hun tok for \u00e5 kj\u00f8pe tilbake landsbyen sin. Hun vet ogs\u00e5 hvordan man navigerer i farvannene til <strong>Grand Line<\/strong>, til tross for uforutsigbare klimaendringer som gj\u00f8r navigasjon ekstremt vanskelig selv for erfarne navigat\u00f8rer, spesielt i andre halvdel av Grand Line: <strong>den nye verden<\/strong>.<\/p>\n<p>I begynnelsen av mangaen har Nami bare en enkel trepinne og ser ikke ut til \u00e5 v\u00e6re en ekte sl\u00e5sskjempe, selv om hun takket v\u00e6re dette v\u00e5penet kan ta ned fem angripere med et enkelt slag. Fra episode 117 og utover kjemper hun ved hjelp av sin <strong>Klimatakt<\/strong>, som Usopp laget for ham. Dette v\u00e5penet kan manipulere v\u00e6ret og dermed skape luftspeilinger, tilkalle regn, sende ut lyn, osv.<\/p>\n<p>Det lar henne slippe l\u00f8s sitt fulle potensial i kamp, sin intelligens og sin gave for meteorologi. Dessuten, hvis du er en fan av Nami, den <a title=\"ONE PIECE NAMI-FIGUR I GYLLKJOLE\" href=\"https:\/\/boutique-one-piece.com\/nb\/one-piece-figur-nami-gyllen-kjole\/\" target=\"_blank\" rel=\"noopener\">Nami-figur med en gyllen kjole<\/a> er innen rekkevidde.<\/p>\n<h3>S\u00e5, er du trollbundet av Nami-figuren som svinger lynet? I s\u00e5 fall, bli med Nami om bord p\u00e5 Thousand Sunny, hun vil \u00f8nske deg velkommen med sin Clima-Tact.<\/h3>\n<p><strong>Ung pirat<\/strong>, Ta skjebnen i egne hender og begi deg ut p\u00e5 Thousand Sunny. Enten du er en ihuga fan eller en erfaren samler, er disse gjenstandene definitivt noe for deg. Perfekt til \u00e5 gi bort i gave, til pynting eller til \u00e5 samle p\u00e5, disse gjenstandene vil forbedre samlingen din. <strong>ditt One Piece-univers<\/strong>.<\/p>\n<h2>Informasjon om lynfiguren Nami Manie\u00a0<\/h2>\n<ul>\n<li><span><b><u>One Piece-figur<\/u><\/b>\u00a0Premium One Piece-figur for ekte pirater<\/span><\/li>\n<\/ul>\n<ul>\n<li>\n<b>Materie<\/b><span>\u00a0<\/span>PVC<\/li>\n<\/ul>\n<ul>\n<li><span><strong>Dimensjon<\/strong>\u00a0: 16 cm<\/span><\/li>\n<\/ul>\n<ul>\n<li><span><strong>GRATIS LEVERING<\/strong><\/span><\/li>\n<\/ul>","protected":false},"excerpt":{"rendered":"<p>Jeune pirate, le moment est venu pour toi de te procurer cette Figurine One Piece Nami Manie La Foudre. Tu dois savoir que Nami est une excellente navigatrice. En effet, elle peut pr\u00e9voir facilement les changements climatiques sans m\u00eame utiliser d&rsquo;instruments, elle se sert de son instinct. Ces comp\u00e9tences sont dues \u00e0 sa connaissance apprise [&hellip;]<\/p>","protected":false},"featured_media":9695,"comment_status":"open","ping_status":"open","template":"","meta":[],"product_brand":[],"product_cat":[152,76,153],"product_tag":[154],"class_list":{"0":"post-9693","1":"product","2":"type-product","3":"status-publish","4":"has-post-thumbnail","6":"product_cat-figurines-nami","7":"product_cat-figurines-one-piece","8":"product_cat-goodies-nami-one-piece","9":"product_tag-nami","11":"first","12":"instock","13":"purchasable","14":"product-type-simple"},"yoast_head":"<!-- This site is optimized with the Yoast SEO plugin v27.5 - https:\/\/yoast.com\/product\/yoast-seo-wordpress\/ -->\n<title>Figurine One Piece Nami Manie La Foudre | Figurine One Piece \u2013 Boutique One Piece<\/title>\n<meta name=\"description\" content=\"Jeune pirate, le moment est venu pour toi de te procurer cette Figurine One Piece Nami Manie La Foudre. Tu dois savoir que Nami est une excellente navigatrice. En effet, elle peut pr\u00e9voir facilement les changements climatiques sans m\u00eame utiliser d&#039;instruments, elle se sert de son instinct. Ces comp\u00e9tences sont dues \u00e0 s\" \/>\n<meta name=\"robots\" content=\"index, follow, max-snippet:-1, max-image-preview:large, max-video-preview:-1\" \/>\n<link rel=\"canonical\" href=\"https:\/\/boutique-one-piece.com\/nb\/one-piece-godbiter\/nami-one-piece-godbiter\/one-piece-figur-nami-bruker-lyn\/\" \/>\n<meta property=\"og:locale\" content=\"nb_NO\" \/>\n<meta property=\"og:type\" content=\"article\" \/>\n<meta property=\"og:title\" content=\"Figurine One Piece Nami Manie La Foudre | Figurine One Piece \u2013 Boutique One Piece\" \/>\n<meta property=\"og:description\" content=\"Jeune pirate, le moment est venu pour toi de te procurer cette Figurine One Piece Nami Manie La Foudre. Tu dois savoir que Nami est une excellente navigatrice. En effet, elle peut pr\u00e9voir facilement les changements climatiques sans m\u00eame utiliser d&#039;instruments, elle se sert de son instinct. Ces comp\u00e9tences sont dues \u00e0 s\" \/>\n<meta property=\"og:url\" content=\"https:\/\/boutique-one-piece.com\/nb\/one-piece-godbiter\/nami-one-piece-godbiter\/one-piece-figur-nami-bruker-lyn\/\" \/>\n<meta property=\"og:site_name\" content=\"Boutique One Piece\" \/>\n<meta property=\"article:modified_time\" content=\"2024-09-16T11:48:55+00:00\" \/>\n<meta property=\"og:image\" content=\"https:\/\/boutique-one-piece.com\/wp-content\/uploads\/2022\/09\/Figurine-One-Piece-Nami-Manie-La-Foudre-1.jpg\" \/>\n\t<meta property=\"og:image:width\" content=\"1080\" \/>\n\t<meta property=\"og:image:height\" content=\"1080\" \/>\n\t<meta property=\"og:image:type\" content=\"image\/jpeg\" \/>\n<meta name=\"twitter:card\" content=\"summary_large_image\" \/>\n<meta name=\"twitter:label1\" content=\"Ansl. lesetid\" \/>\n\t<meta name=\"twitter:data1\" content=\"2 minutter\" \/>\n<script type=\"application\/ld+json\" class=\"yoast-schema-graph\">{\"@context\":\"https:\\\/\\\/schema.org\",\"@graph\":[{\"@type\":\"WebPage\",\"@id\":\"https:\\\/\\\/boutique-one-piece.com\\\/goodies-one-piece\\\/goodies-nami-one-piece\\\/figurine-one-piece-nami-manie-la-foudre\\\/\",\"url\":\"https:\\\/\\\/boutique-one-piece.com\\\/goodies-one-piece\\\/goodies-nami-one-piece\\\/figurine-one-piece-nami-manie-la-foudre\\\/\",\"name\":\"Figurine One Piece Nami Manie La Foudre | Figurine One Piece \u2013 Boutique One Piece\",\"isPartOf\":{\"@id\":\"https:\\\/\\\/boutique-one-piece.com\\\/#website\"},\"primaryImageOfPage\":{\"@id\":\"https:\\\/\\\/boutique-one-piece.com\\\/goodies-one-piece\\\/goodies-nami-one-piece\\\/figurine-one-piece-nami-manie-la-foudre\\\/#primaryimage\"},\"image\":{\"@id\":\"https:\\\/\\\/boutique-one-piece.com\\\/goodies-one-piece\\\/goodies-nami-one-piece\\\/figurine-one-piece-nami-manie-la-foudre\\\/#primaryimage\"},\"thumbnailUrl\":\"https:\\\/\\\/boutique-one-piece.com\\\/wp-content\\\/uploads\\\/2022\\\/09\\\/Figurine-One-Piece-Nami-Manie-La-Foudre-1.jpg\",\"datePublished\":\"2022-09-27T20:21:42+00:00\",\"dateModified\":\"2024-09-16T11:48:55+00:00\",\"description\":\"Jeune pirate, le moment est venu pour toi de te procurer cette Figurine One Piece Nami Manie La Foudre. Tu dois savoir que Nami est une excellente navigatrice. En effet, elle peut pr\u00e9voir facilement les changements climatiques sans m\u00eame utiliser d'instruments, elle se sert de son instinct. Ces comp\u00e9tences sont dues \u00e0 s\",\"breadcrumb\":{\"@id\":\"https:\\\/\\\/boutique-one-piece.com\\\/goodies-one-piece\\\/goodies-nami-one-piece\\\/figurine-one-piece-nami-manie-la-foudre\\\/#breadcrumb\"},\"inLanguage\":\"nb-NO\",\"potentialAction\":[{\"@type\":\"ReadAction\",\"target\":[\"https:\\\/\\\/boutique-one-piece.com\\\/goodies-one-piece\\\/goodies-nami-one-piece\\\/figurine-one-piece-nami-manie-la-foudre\\\/\"]}]},{\"@type\":\"ImageObject\",\"inLanguage\":\"nb-NO\",\"@id\":\"https:\\\/\\\/boutique-one-piece.com\\\/goodies-one-piece\\\/goodies-nami-one-piece\\\/figurine-one-piece-nami-manie-la-foudre\\\/#primaryimage\",\"url\":\"https:\\\/\\\/boutique-one-piece.com\\\/wp-content\\\/uploads\\\/2022\\\/09\\\/Figurine-One-Piece-Nami-Manie-La-Foudre-1.jpg\",\"contentUrl\":\"https:\\\/\\\/boutique-one-piece.com\\\/wp-content\\\/uploads\\\/2022\\\/09\\\/Figurine-One-Piece-Nami-Manie-La-Foudre-1.jpg\",\"width\":1080,\"height\":1080},{\"@type\":\"BreadcrumbList\",\"@id\":\"https:\\\/\\\/boutique-one-piece.com\\\/goodies-one-piece\\\/goodies-nami-one-piece\\\/figurine-one-piece-nami-manie-la-foudre\\\/#breadcrumb\",\"itemListElement\":[{\"@type\":\"ListItem\",\"position\":1,\"name\":\"Home\",\"item\":\"https:\\\/\\\/boutique-one-piece.com\\\/\"},{\"@type\":\"ListItem\",\"position\":2,\"name\":\"Shop\",\"item\":\"https:\\\/\\\/boutique-one-piece.com\\\/shop\\\/\"},{\"@type\":\"ListItem\",\"position\":3,\"name\":\"Figurine One Piece Nami Manie La Foudre\"}]},{\"@type\":\"WebSite\",\"@id\":\"https:\\\/\\\/boutique-one-piece.com\\\/#website\",\"url\":\"https:\\\/\\\/boutique-one-piece.com\\\/\",\"name\":\"Boutique One Piece\",\"description\":\"Magasin Sp\u00e9cialis\u00e9 du Manga et l&#039;Anime One Piece\",\"publisher\":{\"@id\":\"https:\\\/\\\/boutique-one-piece.com\\\/#organization\"},\"potentialAction\":[{\"@type\":\"SearchAction\",\"target\":{\"@type\":\"EntryPoint\",\"urlTemplate\":\"https:\\\/\\\/boutique-one-piece.com\\\/?s={search_term_string}\"},\"query-input\":{\"@type\":\"PropertyValueSpecification\",\"valueRequired\":true,\"valueName\":\"search_term_string\"}}],\"inLanguage\":\"nb-NO\"},{\"@type\":\"Organization\",\"@id\":\"https:\\\/\\\/boutique-one-piece.com\\\/#organization\",\"name\":\"Boutique One Piece\",\"url\":\"https:\\\/\\\/boutique-one-piece.com\\\/\",\"logo\":{\"@type\":\"ImageObject\",\"inLanguage\":\"nb-NO\",\"@id\":\"https:\\\/\\\/boutique-one-piece.com\\\/#\\\/schema\\\/logo\\\/image\\\/\",\"url\":\"https:\\\/\\\/boutique-one-piece.com\\\/wp-content\\\/uploads\\\/2022\\\/09\\\/Logo-01.png\",\"contentUrl\":\"https:\\\/\\\/boutique-one-piece.com\\\/wp-content\\\/uploads\\\/2022\\\/09\\\/Logo-01.png\",\"width\":2318,\"height\":957,\"caption\":\"Boutique One Piece\"},\"image\":{\"@id\":\"https:\\\/\\\/boutique-one-piece.com\\\/#\\\/schema\\\/logo\\\/image\\\/\"}}]}<\/script>\n<!-- \/ Yoast SEO plugin. -->","yoast_head_json":{"title":"One Piece-figur Nami bruker lyn | One Piece-figur \u2013 One Piece-butikk","description":"Unge pirat, tiden er inne for at du skal f\u00e5 tak i denne One Piece Nami-svingende lynfiguren. Du b\u00f8r vite at Nami er en utmerket navigat\u00f8r. Faktisk kan hun lett forutsi v\u00e6rforandringer uten \u00e5 bruke instrumenter; hun stoler p\u00e5 instinktet sitt. Disse ferdighetene skyldes...","robots":{"index":"index","follow":"follow","max-snippet":"max-snippet:-1","max-image-preview":"max-image-preview:large","max-video-preview":"max-video-preview:-1"},"canonical":"https:\/\/boutique-one-piece.com\/nb\/one-piece-godbiter\/nami-one-piece-godbiter\/one-piece-figur-nami-bruker-lyn\/","og_locale":"nb_NO","og_type":"article","og_title":"Figurine One Piece Nami Manie La Foudre | Figurine One Piece \u2013 Boutique One Piece","og_description":"Jeune pirate, le moment est venu pour toi de te procurer cette Figurine One Piece Nami Manie La Foudre. Tu dois savoir que Nami est une excellente navigatrice. En effet, elle peut pr\u00e9voir facilement les changements climatiques sans m\u00eame utiliser d'instruments, elle se sert de son instinct. Ces comp\u00e9tences sont dues \u00e0 s","og_url":"https:\/\/boutique-one-piece.com\/nb\/one-piece-godbiter\/nami-one-piece-godbiter\/one-piece-figur-nami-bruker-lyn\/","og_site_name":"Boutique One Piece","article_modified_time":"2024-09-16T11:48:55+00:00","og_image":[{"width":1080,"height":1080,"url":"https:\/\/boutique-one-piece.com\/wp-content\/uploads\/2022\/09\/Figurine-One-Piece-Nami-Manie-La-Foudre-1.jpg","type":"image\/jpeg"}],"twitter_card":"summary_large_image","twitter_misc":{"Ansl. lesetid":"2 minutter"},"schema":{"@context":"https:\/\/schema.org","@graph":[{"@type":"WebPage","@id":"https:\/\/boutique-one-piece.com\/goodies-one-piece\/goodies-nami-one-piece\/figurine-one-piece-nami-manie-la-foudre\/","url":"https:\/\/boutique-one-piece.com\/goodies-one-piece\/goodies-nami-one-piece\/figurine-one-piece-nami-manie-la-foudre\/","name":"One Piece-figur Nami bruker lyn | One Piece-figur \u2013 One Piece-butikk","isPartOf":{"@id":"https:\/\/boutique-one-piece.com\/#website"},"primaryImageOfPage":{"@id":"https:\/\/boutique-one-piece.com\/goodies-one-piece\/goodies-nami-one-piece\/figurine-one-piece-nami-manie-la-foudre\/#primaryimage"},"image":{"@id":"https:\/\/boutique-one-piece.com\/goodies-one-piece\/goodies-nami-one-piece\/figurine-one-piece-nami-manie-la-foudre\/#primaryimage"},"thumbnailUrl":"https:\/\/boutique-one-piece.com\/wp-content\/uploads\/2022\/09\/Figurine-One-Piece-Nami-Manie-La-Foudre-1.jpg","datePublished":"2022-09-27T20:21:42+00:00","dateModified":"2024-09-16T11:48:55+00:00","description":"Unge pirat, tiden er inne for at du skal f\u00e5 tak i denne One Piece Nami-svingende lynfiguren. Du b\u00f8r vite at Nami er en utmerket navigat\u00f8r. Faktisk kan hun lett forutsi v\u00e6rforandringer uten \u00e5 bruke instrumenter; hun stoler p\u00e5 instinktet sitt. Disse ferdighetene skyldes...","breadcrumb":{"@id":"https:\/\/boutique-one-piece.com\/goodies-one-piece\/goodies-nami-one-piece\/figurine-one-piece-nami-manie-la-foudre\/#breadcrumb"},"inLanguage":"nb-NO","potentialAction":[{"@type":"ReadAction","target":["https:\/\/boutique-one-piece.com\/goodies-one-piece\/goodies-nami-one-piece\/figurine-one-piece-nami-manie-la-foudre\/"]}]},{"@type":"ImageObject","inLanguage":"nb-NO","@id":"https:\/\/boutique-one-piece.com\/goodies-one-piece\/goodies-nami-one-piece\/figurine-one-piece-nami-manie-la-foudre\/#primaryimage","url":"https:\/\/boutique-one-piece.com\/wp-content\/uploads\/2022\/09\/Figurine-One-Piece-Nami-Manie-La-Foudre-1.jpg","contentUrl":"https:\/\/boutique-one-piece.com\/wp-content\/uploads\/2022\/09\/Figurine-One-Piece-Nami-Manie-La-Foudre-1.jpg","width":1080,"height":1080},{"@type":"BreadcrumbList","@id":"https:\/\/boutique-one-piece.com\/goodies-one-piece\/goodies-nami-one-piece\/figurine-one-piece-nami-manie-la-foudre\/#breadcrumb","itemListElement":[{"@type":"ListItem","position":1,"name":"Home","item":"https:\/\/boutique-one-piece.com\/"},{"@type":"ListItem","position":2,"name":"Shop","item":"https:\/\/boutique-one-piece.com\/shop\/"},{"@type":"ListItem","position":3,"name":"Figurine One Piece Nami Manie La Foudre"}]},{"@type":"WebSite","@id":"https:\/\/boutique-one-piece.com\/#website","url":"https:\/\/boutique-one-piece.com\/","name":"One Piece-butikk","description":"Spesialbutikk for One Piece Manga og Anime","publisher":{"@id":"https:\/\/boutique-one-piece.com\/#organization"},"potentialAction":[{"@type":"SearchAction","target":{"@type":"EntryPoint","urlTemplate":"https:\/\/boutique-one-piece.com\/?s={search_term_string}"},"query-input":{"@type":"PropertyValueSpecification","valueRequired":true,"valueName":"search_term_string"}}],"inLanguage":"nb-NO"},{"@type":"Organization","@id":"https:\/\/boutique-one-piece.com\/#organization","name":"One Piece-butikk","url":"https:\/\/boutique-one-piece.com\/","logo":{"@type":"ImageObject","inLanguage":"nb-NO","@id":"https:\/\/boutique-one-piece.com\/#\/schema\/logo\/image\/","url":"https:\/\/boutique-one-piece.com\/wp-content\/uploads\/2022\/09\/Logo-01.png","contentUrl":"https:\/\/boutique-one-piece.com\/wp-content\/uploads\/2022\/09\/Logo-01.png","width":2318,"height":957,"caption":"Boutique One Piece"},"image":{"@id":"https:\/\/boutique-one-piece.com\/#\/schema\/logo\/image\/"}}]}},"_links":{"self":[{"href":"https:\/\/boutique-one-piece.com\/nb\/wp-json\/wp\/v2\/product\/9693","targetHints":{"allow":["GET"]}}],"collection":[{"href":"https:\/\/boutique-one-piece.com\/nb\/wp-json\/wp\/v2\/product"}],"about":[{"href":"https:\/\/boutique-one-piece.com\/nb\/wp-json\/wp\/v2\/types\/product"}],"replies":[{"embeddable":true,"href":"https:\/\/boutique-one-piece.com\/nb\/wp-json\/wp\/v2\/comments?post=9693"}],"wp:featuredmedia":[{"embeddable":true,"href":"https:\/\/boutique-one-piece.com\/nb\/wp-json\/wp\/v2\/media\/9695"}],"wp:attachment":[{"href":"https:\/\/boutique-one-piece.com\/nb\/wp-json\/wp\/v2\/media?parent=9693"}],"wp:term":[{"taxonomy":"product_brand","embeddable":true,"href":"https:\/\/boutique-one-piece.com\/nb\/wp-json\/wp\/v2\/product_brand?post=9693"},{"taxonomy":"product_cat","embeddable":true,"href":"https:\/\/boutique-one-piece.com\/nb\/wp-json\/wp\/v2\/product_cat?post=9693"},{"taxonomy":"product_tag","embeddable":true,"href":"https:\/\/boutique-one-piece.com\/nb\/wp-json\/wp\/v2\/product_tag?post=9693"}],"curies":[{"name":"wp","href":"https:\/\/api.w.org\/{rel}","templated":true}]}}