{"id":9759,"date":"2022-09-27T20:22:08","date_gmt":"2022-09-27T20:22:08","guid":{"rendered":"https:\/\/boutique-one-piece.com\/uncategorized\/avis-de-recherche-one-piece-roronoa-zoro-wanted\/"},"modified":"2025-11-26T22:24:56","modified_gmt":"2025-11-26T22:24:56","slug":"onsket-varsel-ett-stykke-roronoa-zoro-onsket","status":"publish","type":"product","link":"https:\/\/boutique-one-piece.com\/nb\/one-piece-dekorasjoner\/onsket-varsel-ett-stykke-roronoa-zoro-onsket\/","title":{"rendered":"Roronoa Zoro etterlyst"},"content":{"rendered":"<h2>Unge sj\u00f8mann, tiden er inne for at du skal f\u00e5 tak i denne Roronoa Zoro-s\u00f8knaden.<\/h2>\n<p>Du er sikkert klar over at Zoro var det f\u00f8rste medlemmet som ble med i Straw Hat-gjengen. Han er ogs\u00e5 den f\u00f8rste og <strong>sjefsverdmann<\/strong>. Zoro er faktisk en eksepsjonell sverdmann som ikke ventet med \u00e5 bli med i Straw Hat Crew for \u00e5 skape seg et solid rykte. Faktisk, i begynnelsen av serien, er han den ber\u00f8mte <strong>Piratejeger<\/strong> Fra East Blue, allerede fryktet og respektert. Her har du \u00e5 gj\u00f8re med Zoros etterlyste plakat.<\/p>\n<p>Denne kunngj\u00f8ringen indikerer at personen er en fredl\u00f8s og at en dus\u00f8r for hans fangst er fastsatt av verdensregjeringen, n\u00e6rmere bestemt av marinesoldatene. <strong>Zoros n\u00e5v\u00e6rende dus\u00f8r<\/strong> utgj\u00f8r 320 000 000 b\u00e6r. Videre,<a title=\"\u00d8NSKES: MONKEY D. LUFFY\" href=\"https:\/\/boutique-one-piece.com\/nb\/onsket-varsel-ett-stykke-ape-d-luffy-onsket\/\" target=\"_blank\" rel=\"noopener\">Monkey D. Luffy \u00f8nsket plakat<\/a> Kapteinen hans er innen rekkevidde.<\/p>\n<h3>S\u00e5, er du fascinert av denne etterlysningsplakaten for sverdmannen fra Straw Hat Crew? I s\u00e5 fall, ikke n\u00f8l lenger og grip sjansen til \u00e5 eie denne plakaten.<\/h3>\n<p>Enten du er en ihuga fan eller en seri\u00f8s samler, trenger du ikke lete lenger, du er p\u00e5 rett sted. <strong>Disse objektene<\/strong> er definitivt noe for deg. Perfekt til gave, dekorering eller samling, disse varene vil forbedre <strong>ditt One Piece-univers.<\/strong> \u00c9n ting er sikkert, din skjebne som ung pirat ligger i dine hender.<\/p>\n<h2>Informasjon om One Piece Wanted-plakaten: Zoro dus\u00f8rjegeren<\/h2>\n<ul>\n<li><span><b><u>One Piece Wanted-plakat<\/u><\/b>\u00a0En ekte One Piece-plakat for ekte pirater<\/span><\/li>\n<\/ul>\n<ul>\n<li>\n<b><u>Roronoa Zoros dus\u00f8r<\/u><\/b>\u00a0320 000 000 b\u00e6r<\/li>\n<\/ul>\n<ul>\n<li><span><strong>Utskrift av h\u00f8y kvalitet<\/strong>\u00a0n\u00f8yaktige farger<\/span><\/li>\n<\/ul>\n<ul>\n<li>\n<strong>Dimensjon<\/strong>\u00a0: 51 cm x 36 cm<\/li>\n<\/ul>\n<ul>\n<li><span><strong>GRATIS LEVERING<\/strong><\/span><\/li>\n<\/ul>\n<div id=\"gtx-trans\" style=\"position: absolute;left: 792px;top: 49px\">\n<div class=\"gtx-trans-icon\"><\/div>\n<\/div>","protected":false},"excerpt":{"rendered":"<p>Jeune Moussaillon, le moment est venu pour toi de te procurer cet Avis de Recherche Roronoa Zoro Wanted. Tu n&rsquo;es pas sans savoir que Zoro fut le premier membre \u00e0 rejoindre l&rsquo;\u00c9quipage du Chapeau de Paille. Il est \u00e9galement le premier et principal \u00e9p\u00e9iste. En effet, Zoro est un \u00e9p\u00e9iste d&rsquo;exception qui n&rsquo;a pas attendu [&hellip;]<\/p>","protected":false},"featured_media":9761,"comment_status":"open","ping_status":"open","template":"","meta":[],"product_brand":[],"product_cat":[171,150],"product_tag":[],"class_list":{"0":"post-9759","1":"product","2":"type-product","3":"status-publish","4":"has-post-thumbnail","6":"product_cat-avis-de-recherche-one-piece","7":"product_cat-decorations-one-piece","9":"first","10":"instock","11":"purchasable","12":"product-type-simple"},"yoast_head":"<!-- This site is optimized with the Yoast SEO plugin v27.5 - https:\/\/yoast.com\/product\/yoast-seo-wordpress\/ -->\n<title>Avis de Recherche One Piece Roronoa Zoro Wanted | D\u00e9coration One Piece \u2013 Boutique One Piece<\/title>\n<meta name=\"description\" content=\"Jeune Moussaillon, le moment est venu pour toi de te procurer cet Avis de Recherche Roronoa Zoro Wanted. Tu n&#039;es pas sans savoir que Zoro fut le premier membre \u00e0 rejoindre l&#039;\u00c9quipage du Chapeau de Paille. Il est \u00e9galement le premier et principal \u00e9p\u00e9iste. En effet, Zoro est un \u00e9p\u00e9iste d&#039;exception qui n&#039;a pas attendu d&#039;\u00ea\" \/>\n<meta name=\"robots\" content=\"index, follow, max-snippet:-1, max-image-preview:large, max-video-preview:-1\" \/>\n<link rel=\"canonical\" href=\"https:\/\/boutique-one-piece.com\/nb\/one-piece-onsket-plakat\/onsket-varsel-ett-stykke-roronoa-zoro-onsket\/\" \/>\n<meta property=\"og:locale\" content=\"nb_NO\" \/>\n<meta property=\"og:type\" content=\"article\" \/>\n<meta property=\"og:title\" content=\"Avis de Recherche One Piece Roronoa Zoro Wanted | D\u00e9coration One Piece \u2013 Boutique One Piece\" \/>\n<meta property=\"og:description\" content=\"Jeune Moussaillon, le moment est venu pour toi de te procurer cet Avis de Recherche Roronoa Zoro Wanted. Tu n&#039;es pas sans savoir que Zoro fut le premier membre \u00e0 rejoindre l&#039;\u00c9quipage du Chapeau de Paille. Il est \u00e9galement le premier et principal \u00e9p\u00e9iste. En effet, Zoro est un \u00e9p\u00e9iste d&#039;exception qui n&#039;a pas attendu d&#039;\u00ea\" \/>\n<meta property=\"og:url\" content=\"https:\/\/boutique-one-piece.com\/nb\/one-piece-onsket-plakat\/onsket-varsel-ett-stykke-roronoa-zoro-onsket\/\" \/>\n<meta property=\"og:site_name\" content=\"Boutique One Piece\" \/>\n<meta property=\"article:modified_time\" content=\"2025-11-26T22:24:56+00:00\" \/>\n<meta property=\"og:image\" content=\"https:\/\/boutique-one-piece.com\/wp-content\/uploads\/2022\/09\/Avis-de-Recherche-Roronoa-Zoro-Wanted-1.jpg\" \/>\n\t<meta property=\"og:image:width\" content=\"798\" \/>\n\t<meta property=\"og:image:height\" content=\"799\" \/>\n\t<meta property=\"og:image:type\" content=\"image\/jpeg\" \/>\n<meta name=\"twitter:card\" content=\"summary_large_image\" \/>\n<meta name=\"twitter:label1\" content=\"Ansl. lesetid\" \/>\n\t<meta name=\"twitter:data1\" content=\"2 minutter\" \/>\n<script type=\"application\/ld+json\" class=\"yoast-schema-graph\">{\"@context\":\"https:\\\/\\\/schema.org\",\"@graph\":[{\"@type\":\"WebPage\",\"@id\":\"https:\\\/\\\/boutique-one-piece.com\\\/avis-de-recherche-one-piece\\\/avis-de-recherche-one-piece-roronoa-zoro-wanted\\\/\",\"url\":\"https:\\\/\\\/boutique-one-piece.com\\\/avis-de-recherche-one-piece\\\/avis-de-recherche-one-piece-roronoa-zoro-wanted\\\/\",\"name\":\"Avis de Recherche One Piece Roronoa Zoro Wanted | D\u00e9coration One Piece \u2013 Boutique One Piece\",\"isPartOf\":{\"@id\":\"https:\\\/\\\/boutique-one-piece.com\\\/#website\"},\"primaryImageOfPage\":{\"@id\":\"https:\\\/\\\/boutique-one-piece.com\\\/avis-de-recherche-one-piece\\\/avis-de-recherche-one-piece-roronoa-zoro-wanted\\\/#primaryimage\"},\"image\":{\"@id\":\"https:\\\/\\\/boutique-one-piece.com\\\/avis-de-recherche-one-piece\\\/avis-de-recherche-one-piece-roronoa-zoro-wanted\\\/#primaryimage\"},\"thumbnailUrl\":\"https:\\\/\\\/boutique-one-piece.com\\\/wp-content\\\/uploads\\\/2022\\\/09\\\/Avis-de-Recherche-Roronoa-Zoro-Wanted-1.jpg\",\"datePublished\":\"2022-09-27T20:22:08+00:00\",\"dateModified\":\"2025-11-26T22:24:56+00:00\",\"description\":\"Jeune Moussaillon, le moment est venu pour toi de te procurer cet Avis de Recherche Roronoa Zoro Wanted. Tu n'es pas sans savoir que Zoro fut le premier membre \u00e0 rejoindre l'\u00c9quipage du Chapeau de Paille. Il est \u00e9galement le premier et principal \u00e9p\u00e9iste. En effet, Zoro est un \u00e9p\u00e9iste d'exception qui n'a pas attendu d'\u00ea\",\"breadcrumb\":{\"@id\":\"https:\\\/\\\/boutique-one-piece.com\\\/avis-de-recherche-one-piece\\\/avis-de-recherche-one-piece-roronoa-zoro-wanted\\\/#breadcrumb\"},\"inLanguage\":\"nb-NO\",\"potentialAction\":[{\"@type\":\"ReadAction\",\"target\":[\"https:\\\/\\\/boutique-one-piece.com\\\/avis-de-recherche-one-piece\\\/avis-de-recherche-one-piece-roronoa-zoro-wanted\\\/\"]}]},{\"@type\":\"ImageObject\",\"inLanguage\":\"nb-NO\",\"@id\":\"https:\\\/\\\/boutique-one-piece.com\\\/avis-de-recherche-one-piece\\\/avis-de-recherche-one-piece-roronoa-zoro-wanted\\\/#primaryimage\",\"url\":\"https:\\\/\\\/boutique-one-piece.com\\\/wp-content\\\/uploads\\\/2022\\\/09\\\/Avis-de-Recherche-Roronoa-Zoro-Wanted-1.jpg\",\"contentUrl\":\"https:\\\/\\\/boutique-one-piece.com\\\/wp-content\\\/uploads\\\/2022\\\/09\\\/Avis-de-Recherche-Roronoa-Zoro-Wanted-1.jpg\",\"width\":798,\"height\":799},{\"@type\":\"BreadcrumbList\",\"@id\":\"https:\\\/\\\/boutique-one-piece.com\\\/avis-de-recherche-one-piece\\\/avis-de-recherche-one-piece-roronoa-zoro-wanted\\\/#breadcrumb\",\"itemListElement\":[{\"@type\":\"ListItem\",\"position\":1,\"name\":\"Home\",\"item\":\"https:\\\/\\\/boutique-one-piece.com\\\/\"},{\"@type\":\"ListItem\",\"position\":2,\"name\":\"Shop\",\"item\":\"https:\\\/\\\/boutique-one-piece.com\\\/shop\\\/\"},{\"@type\":\"ListItem\",\"position\":3,\"name\":\"Avis de Recherche Roronoa Zoro Wanted\"}]},{\"@type\":\"WebSite\",\"@id\":\"https:\\\/\\\/boutique-one-piece.com\\\/#website\",\"url\":\"https:\\\/\\\/boutique-one-piece.com\\\/\",\"name\":\"Boutique One Piece\",\"description\":\"Magasin Sp\u00e9cialis\u00e9 du Manga et l&#039;Anime One Piece\",\"publisher\":{\"@id\":\"https:\\\/\\\/boutique-one-piece.com\\\/#organization\"},\"potentialAction\":[{\"@type\":\"SearchAction\",\"target\":{\"@type\":\"EntryPoint\",\"urlTemplate\":\"https:\\\/\\\/boutique-one-piece.com\\\/?s={search_term_string}\"},\"query-input\":{\"@type\":\"PropertyValueSpecification\",\"valueRequired\":true,\"valueName\":\"search_term_string\"}}],\"inLanguage\":\"nb-NO\"},{\"@type\":\"Organization\",\"@id\":\"https:\\\/\\\/boutique-one-piece.com\\\/#organization\",\"name\":\"Boutique One Piece\",\"url\":\"https:\\\/\\\/boutique-one-piece.com\\\/\",\"logo\":{\"@type\":\"ImageObject\",\"inLanguage\":\"nb-NO\",\"@id\":\"https:\\\/\\\/boutique-one-piece.com\\\/#\\\/schema\\\/logo\\\/image\\\/\",\"url\":\"https:\\\/\\\/boutique-one-piece.com\\\/wp-content\\\/uploads\\\/2022\\\/09\\\/Logo-01.png\",\"contentUrl\":\"https:\\\/\\\/boutique-one-piece.com\\\/wp-content\\\/uploads\\\/2022\\\/09\\\/Logo-01.png\",\"width\":2318,\"height\":957,\"caption\":\"Boutique One Piece\"},\"image\":{\"@id\":\"https:\\\/\\\/boutique-one-piece.com\\\/#\\\/schema\\\/logo\\\/image\\\/\"}}]}<\/script>\n<!-- \/ Yoast SEO plugin. -->","yoast_head_json":{"title":"One Piece Wanted-plakat: Roronoa Zoro | One Piece-dekorasjoner \u2013 One Piece-butikken","description":"Unge sj\u00f8mann, tiden er inne for at du skal f\u00e5 tak i denne Roronoa Zoro-plakaten. Du er sikkert klar over at Zoro var det f\u00f8rste medlemmet som ble med i str\u00e5hattmannskapet. Han er ogs\u00e5 den f\u00f8rste og fremste sverdmannen. Zoro er virkelig en eksepsjonell sverdmann som ikke ventet med \u00e5 bli...","robots":{"index":"index","follow":"follow","max-snippet":"max-snippet:-1","max-image-preview":"max-image-preview:large","max-video-preview":"max-video-preview:-1"},"canonical":"https:\/\/boutique-one-piece.com\/nb\/one-piece-onsket-plakat\/onsket-varsel-ett-stykke-roronoa-zoro-onsket\/","og_locale":"nb_NO","og_type":"article","og_title":"Avis de Recherche One Piece Roronoa Zoro Wanted | D\u00e9coration One Piece \u2013 Boutique One Piece","og_description":"Jeune Moussaillon, le moment est venu pour toi de te procurer cet Avis de Recherche Roronoa Zoro Wanted. Tu n'es pas sans savoir que Zoro fut le premier membre \u00e0 rejoindre l'\u00c9quipage du Chapeau de Paille. Il est \u00e9galement le premier et principal \u00e9p\u00e9iste. En effet, Zoro est un \u00e9p\u00e9iste d'exception qui n'a pas attendu d'\u00ea","og_url":"https:\/\/boutique-one-piece.com\/nb\/one-piece-onsket-plakat\/onsket-varsel-ett-stykke-roronoa-zoro-onsket\/","og_site_name":"Boutique One Piece","article_modified_time":"2025-11-26T22:24:56+00:00","og_image":[{"width":798,"height":799,"url":"https:\/\/boutique-one-piece.com\/wp-content\/uploads\/2022\/09\/Avis-de-Recherche-Roronoa-Zoro-Wanted-1.jpg","type":"image\/jpeg"}],"twitter_card":"summary_large_image","twitter_misc":{"Ansl. lesetid":"2 minutter"},"schema":{"@context":"https:\/\/schema.org","@graph":[{"@type":"WebPage","@id":"https:\/\/boutique-one-piece.com\/avis-de-recherche-one-piece\/avis-de-recherche-one-piece-roronoa-zoro-wanted\/","url":"https:\/\/boutique-one-piece.com\/avis-de-recherche-one-piece\/avis-de-recherche-one-piece-roronoa-zoro-wanted\/","name":"One Piece Wanted-plakat: Roronoa Zoro | One Piece-dekorasjoner \u2013 One Piece-butikken","isPartOf":{"@id":"https:\/\/boutique-one-piece.com\/#website"},"primaryImageOfPage":{"@id":"https:\/\/boutique-one-piece.com\/avis-de-recherche-one-piece\/avis-de-recherche-one-piece-roronoa-zoro-wanted\/#primaryimage"},"image":{"@id":"https:\/\/boutique-one-piece.com\/avis-de-recherche-one-piece\/avis-de-recherche-one-piece-roronoa-zoro-wanted\/#primaryimage"},"thumbnailUrl":"https:\/\/boutique-one-piece.com\/wp-content\/uploads\/2022\/09\/Avis-de-Recherche-Roronoa-Zoro-Wanted-1.jpg","datePublished":"2022-09-27T20:22:08+00:00","dateModified":"2025-11-26T22:24:56+00:00","description":"Unge sj\u00f8mann, tiden er inne for at du skal f\u00e5 tak i denne Roronoa Zoro-plakaten. Du er sikkert klar over at Zoro var det f\u00f8rste medlemmet som ble med i str\u00e5hattmannskapet. Han er ogs\u00e5 den f\u00f8rste og fremste sverdmannen. Zoro er virkelig en eksepsjonell sverdmann som ikke ventet med \u00e5 bli...","breadcrumb":{"@id":"https:\/\/boutique-one-piece.com\/avis-de-recherche-one-piece\/avis-de-recherche-one-piece-roronoa-zoro-wanted\/#breadcrumb"},"inLanguage":"nb-NO","potentialAction":[{"@type":"ReadAction","target":["https:\/\/boutique-one-piece.com\/avis-de-recherche-one-piece\/avis-de-recherche-one-piece-roronoa-zoro-wanted\/"]}]},{"@type":"ImageObject","inLanguage":"nb-NO","@id":"https:\/\/boutique-one-piece.com\/avis-de-recherche-one-piece\/avis-de-recherche-one-piece-roronoa-zoro-wanted\/#primaryimage","url":"https:\/\/boutique-one-piece.com\/wp-content\/uploads\/2022\/09\/Avis-de-Recherche-Roronoa-Zoro-Wanted-1.jpg","contentUrl":"https:\/\/boutique-one-piece.com\/wp-content\/uploads\/2022\/09\/Avis-de-Recherche-Roronoa-Zoro-Wanted-1.jpg","width":798,"height":799},{"@type":"BreadcrumbList","@id":"https:\/\/boutique-one-piece.com\/avis-de-recherche-one-piece\/avis-de-recherche-one-piece-roronoa-zoro-wanted\/#breadcrumb","itemListElement":[{"@type":"ListItem","position":1,"name":"Home","item":"https:\/\/boutique-one-piece.com\/"},{"@type":"ListItem","position":2,"name":"Shop","item":"https:\/\/boutique-one-piece.com\/shop\/"},{"@type":"ListItem","position":3,"name":"Avis de Recherche Roronoa Zoro Wanted"}]},{"@type":"WebSite","@id":"https:\/\/boutique-one-piece.com\/#website","url":"https:\/\/boutique-one-piece.com\/","name":"One Piece-butikk","description":"Spesialbutikk for One Piece Manga og Anime","publisher":{"@id":"https:\/\/boutique-one-piece.com\/#organization"},"potentialAction":[{"@type":"SearchAction","target":{"@type":"EntryPoint","urlTemplate":"https:\/\/boutique-one-piece.com\/?s={search_term_string}"},"query-input":{"@type":"PropertyValueSpecification","valueRequired":true,"valueName":"search_term_string"}}],"inLanguage":"nb-NO"},{"@type":"Organization","@id":"https:\/\/boutique-one-piece.com\/#organization","name":"One Piece-butikk","url":"https:\/\/boutique-one-piece.com\/","logo":{"@type":"ImageObject","inLanguage":"nb-NO","@id":"https:\/\/boutique-one-piece.com\/#\/schema\/logo\/image\/","url":"https:\/\/boutique-one-piece.com\/wp-content\/uploads\/2022\/09\/Logo-01.png","contentUrl":"https:\/\/boutique-one-piece.com\/wp-content\/uploads\/2022\/09\/Logo-01.png","width":2318,"height":957,"caption":"Boutique One Piece"},"image":{"@id":"https:\/\/boutique-one-piece.com\/#\/schema\/logo\/image\/"}}]}},"_links":{"self":[{"href":"https:\/\/boutique-one-piece.com\/nb\/wp-json\/wp\/v2\/product\/9759","targetHints":{"allow":["GET"]}}],"collection":[{"href":"https:\/\/boutique-one-piece.com\/nb\/wp-json\/wp\/v2\/product"}],"about":[{"href":"https:\/\/boutique-one-piece.com\/nb\/wp-json\/wp\/v2\/types\/product"}],"replies":[{"embeddable":true,"href":"https:\/\/boutique-one-piece.com\/nb\/wp-json\/wp\/v2\/comments?post=9759"}],"wp:featuredmedia":[{"embeddable":true,"href":"https:\/\/boutique-one-piece.com\/nb\/wp-json\/wp\/v2\/media\/9761"}],"wp:attachment":[{"href":"https:\/\/boutique-one-piece.com\/nb\/wp-json\/wp\/v2\/media?parent=9759"}],"wp:term":[{"taxonomy":"product_brand","embeddable":true,"href":"https:\/\/boutique-one-piece.com\/nb\/wp-json\/wp\/v2\/product_brand?post=9759"},{"taxonomy":"product_cat","embeddable":true,"href":"https:\/\/boutique-one-piece.com\/nb\/wp-json\/wp\/v2\/product_cat?post=9759"},{"taxonomy":"product_tag","embeddable":true,"href":"https:\/\/boutique-one-piece.com\/nb\/wp-json\/wp\/v2\/product_tag?post=9759"}],"curies":[{"name":"wp","href":"https:\/\/api.w.org\/{rel}","templated":true}]}}