{"id":9967,"date":"2022-09-27T20:23:52","date_gmt":"2022-09-27T20:23:52","guid":{"rendered":"https:\/\/boutique-one-piece.com\/uncategorized\/figurine-one-piece-nami-la-navigatrice\/"},"modified":"2024-09-16T11:54:40","modified_gmt":"2024-09-16T11:54:40","slug":"one-piece-figur-nami-navigatoren","status":"publish","type":"product","link":"https:\/\/boutique-one-piece.com\/nb\/one-piece-godbiter\/nami-one-piece-godbiter\/one-piece-figur-nami-navigatoren\/","title":{"rendered":"One Piece Nami Navigator-figur"},"content":{"rendered":"<h2>Unge pirat, tiden er inne for \u00e5 m\u00f8te navigat\u00f8ren i Straw Hat-mannskapet. For \u00e5 gj\u00f8re det, f\u00e5 tak i denne One Piece Nami the Navigator-figuren n\u00e5.<\/h2>\n<p>Her er hva du trenger \u00e5 vite om ham; ; <strong>Nami<\/strong>, ogs\u00e5 kjent som \u00abKattetyven\u00bb, er navigat\u00f8ren i str\u00e5hattmannskapet. Hun er den andre personen som blir med i mannskapet etter <strong>Zoro<\/strong>. Du er uten tvil klar over at navigat\u00f8ren er det besetningsmedlemmet med mest omfattende kunnskap om verden. Dette er faktisk avgj\u00f8rende for \u00e5 bestemme kursen under reisen. En god navigat\u00f8r har kunnskap om verkt\u00f8y som sj\u00f8kart og kompass.<\/p>\n<p>Selv om det ikke var typisk, hadde mange navigat\u00f8rer kunnskap om kartografi, noe som gjorde dem i stand til ikke bare \u00e5 lese kart, men ogs\u00e5 \u00e5 lage kart over reisene sine. Dette er grunnen til <strong>Namis dr\u00f8m<\/strong> er \u00e5 tegne et komplett kart over verden. Hvis du ogs\u00e5 \u00f8nsker \u00e5 utvide figursamlingen din, <a title=\"ONE PIECE MONKEY D. LUFFY PIRATEKINGENS FIGUR\" href=\"https:\/\/boutique-one-piece.com\/nb\/one-piece-figur-monkey-d-luffy-piratenes-konge\/\" target=\"_blank\" rel=\"noopener\">Luffy-figur \u00abpiratenes konge\u00bb<\/a> er innen rekkevidde.<\/p>\n<h3>S\u00e5, er du overbevist av Nami-figuren? I s\u00e5 fall, ikke n\u00f8l lenger og seil med henne om bord p\u00e5 Thousand Sunny.<\/h3>\n<p><strong>Ett stykke<\/strong> er verdens mestselgende manga. V\u00e6r stolt av \u00e5 v\u00e6re en del av dette eventyret og fortsett \u00e5 vise din entusiasme for denne animeen. Enten du er en mange\u00e5rig fan eller en dedikert samler, trenger du ikke lete lenger; disse gjenstandene er definitivt noe for deg. Perfekt for gave, dekorasjon eller samling, disse gjenstandene vil forbedre samlingen din. <strong>ditt One Piece-univers<\/strong>.<\/p>\n<h2>Informasjon om Nami Navigator-figuren\u00a0<\/h2>\n<ul>\n<li><span><b><u>One Piece-figur<\/u><\/b>\u00a0Premium One Piece-figur for ekte pirater<\/span><\/li>\n<\/ul>\n<ul>\n<li>\n<b>Materie<\/b><span>\u00a0<\/span>PVC<\/li>\n<\/ul>\n<ul>\n<li><span><strong>Dimensjon<\/strong>\u00a0: 25 cm<\/span><\/li>\n<\/ul>\n<ul>\n<li><span><strong>GRATIS LEVERING<\/strong><\/span><\/li>\n<\/ul>","protected":false},"excerpt":{"rendered":"<p>Jeune pirate, le moment est venu de partir \u00e0 la rencontre de la navigatrice de l&rsquo;\u00e9quipage de chapeau de paille. Pour ce faire procure-toi d\u00e8s maintenant cette Figurine One Piece Nami La Navigatrice. Voici ce que tu dois savoir \u00e0 son sujet ; Nami, alias \u00ab\u00a0La Chatte Voleuse\u00a0\u00bb est la navigatrice de L&rsquo;\u00c9quipage du Chapeau [&hellip;]<\/p>","protected":false},"featured_media":9969,"comment_status":"open","ping_status":"open","template":"","meta":[],"product_brand":[],"product_cat":[152,76,153],"product_tag":[154],"class_list":{"0":"post-9967","1":"product","2":"type-product","3":"status-publish","4":"has-post-thumbnail","6":"product_cat-figurines-nami","7":"product_cat-figurines-one-piece","8":"product_cat-goodies-nami-one-piece","9":"product_tag-nami","11":"first","12":"instock","13":"purchasable","14":"product-type-simple"},"yoast_head":"<!-- This site is optimized with the Yoast SEO plugin v27.5 - https:\/\/yoast.com\/product\/yoast-seo-wordpress\/ -->\n<title>Figurine One Piece Nami La Navigatrice | Figurine One Piece \u2013 Boutique One Piece<\/title>\n<meta name=\"description\" content=\"Jeune pirate, le moment est venu de partir \u00e0 la rencontre de la navigatrice de l&#039;\u00e9quipage de chapeau de paille. Pour ce faire procure-toi d\u00e8s maintenant cette Figurine One Piece Nami La Navigatrice. Voici ce que tu dois savoir \u00e0 son sujet ; Nami, alias &quot;La Chatte Voleuse&quot; est la navigatrice de L&#039;\u00c9quipage du Chapeau de\" \/>\n<meta name=\"robots\" content=\"index, follow, max-snippet:-1, max-image-preview:large, max-video-preview:-1\" \/>\n<link rel=\"canonical\" href=\"https:\/\/boutique-one-piece.com\/nb\/one-piece-godbiter\/nami-one-piece-godbiter\/one-piece-figur-nami-navigatoren\/\" \/>\n<meta property=\"og:locale\" content=\"nb_NO\" \/>\n<meta property=\"og:type\" content=\"article\" \/>\n<meta property=\"og:title\" content=\"Figurine One Piece Nami La Navigatrice | Figurine One Piece \u2013 Boutique One Piece\" \/>\n<meta property=\"og:description\" content=\"Jeune pirate, le moment est venu de partir \u00e0 la rencontre de la navigatrice de l&#039;\u00e9quipage de chapeau de paille. Pour ce faire procure-toi d\u00e8s maintenant cette Figurine One Piece Nami La Navigatrice. Voici ce que tu dois savoir \u00e0 son sujet ; Nami, alias &quot;La Chatte Voleuse&quot; est la navigatrice de L&#039;\u00c9quipage du Chapeau de\" \/>\n<meta property=\"og:url\" content=\"https:\/\/boutique-one-piece.com\/nb\/one-piece-godbiter\/nami-one-piece-godbiter\/one-piece-figur-nami-navigatoren\/\" \/>\n<meta property=\"og:site_name\" content=\"Boutique One Piece\" \/>\n<meta property=\"article:modified_time\" content=\"2024-09-16T11:54:40+00:00\" \/>\n<meta property=\"og:image\" content=\"https:\/\/boutique-one-piece.com\/wp-content\/uploads\/2022\/09\/Figurine-One-Piece-Nami-La-Navigatrice.jpg\" \/>\n\t<meta property=\"og:image:width\" content=\"640\" \/>\n\t<meta property=\"og:image:height\" content=\"640\" \/>\n\t<meta property=\"og:image:type\" content=\"image\/jpeg\" \/>\n<meta name=\"twitter:card\" content=\"summary_large_image\" \/>\n<meta name=\"twitter:label1\" content=\"Ansl. lesetid\" \/>\n\t<meta name=\"twitter:data1\" content=\"2 minutter\" \/>\n<script type=\"application\/ld+json\" class=\"yoast-schema-graph\">{\"@context\":\"https:\\\/\\\/schema.org\",\"@graph\":[{\"@type\":\"WebPage\",\"@id\":\"https:\\\/\\\/boutique-one-piece.com\\\/goodies-one-piece\\\/goodies-nami-one-piece\\\/figurine-one-piece-nami-la-navigatrice\\\/\",\"url\":\"https:\\\/\\\/boutique-one-piece.com\\\/goodies-one-piece\\\/goodies-nami-one-piece\\\/figurine-one-piece-nami-la-navigatrice\\\/\",\"name\":\"Figurine One Piece Nami La Navigatrice | Figurine One Piece \u2013 Boutique One Piece\",\"isPartOf\":{\"@id\":\"https:\\\/\\\/boutique-one-piece.com\\\/#website\"},\"primaryImageOfPage\":{\"@id\":\"https:\\\/\\\/boutique-one-piece.com\\\/goodies-one-piece\\\/goodies-nami-one-piece\\\/figurine-one-piece-nami-la-navigatrice\\\/#primaryimage\"},\"image\":{\"@id\":\"https:\\\/\\\/boutique-one-piece.com\\\/goodies-one-piece\\\/goodies-nami-one-piece\\\/figurine-one-piece-nami-la-navigatrice\\\/#primaryimage\"},\"thumbnailUrl\":\"https:\\\/\\\/boutique-one-piece.com\\\/wp-content\\\/uploads\\\/2022\\\/09\\\/Figurine-One-Piece-Nami-La-Navigatrice.jpg\",\"datePublished\":\"2022-09-27T20:23:52+00:00\",\"dateModified\":\"2024-09-16T11:54:40+00:00\",\"description\":\"Jeune pirate, le moment est venu de partir \u00e0 la rencontre de la navigatrice de l'\u00e9quipage de chapeau de paille. Pour ce faire procure-toi d\u00e8s maintenant cette Figurine One Piece Nami La Navigatrice. Voici ce que tu dois savoir \u00e0 son sujet ; Nami, alias \\\"La Chatte Voleuse\\\" est la navigatrice de L'\u00c9quipage du Chapeau de\",\"breadcrumb\":{\"@id\":\"https:\\\/\\\/boutique-one-piece.com\\\/goodies-one-piece\\\/goodies-nami-one-piece\\\/figurine-one-piece-nami-la-navigatrice\\\/#breadcrumb\"},\"inLanguage\":\"nb-NO\",\"potentialAction\":[{\"@type\":\"ReadAction\",\"target\":[\"https:\\\/\\\/boutique-one-piece.com\\\/goodies-one-piece\\\/goodies-nami-one-piece\\\/figurine-one-piece-nami-la-navigatrice\\\/\"]}]},{\"@type\":\"ImageObject\",\"inLanguage\":\"nb-NO\",\"@id\":\"https:\\\/\\\/boutique-one-piece.com\\\/goodies-one-piece\\\/goodies-nami-one-piece\\\/figurine-one-piece-nami-la-navigatrice\\\/#primaryimage\",\"url\":\"https:\\\/\\\/boutique-one-piece.com\\\/wp-content\\\/uploads\\\/2022\\\/09\\\/Figurine-One-Piece-Nami-La-Navigatrice.jpg\",\"contentUrl\":\"https:\\\/\\\/boutique-one-piece.com\\\/wp-content\\\/uploads\\\/2022\\\/09\\\/Figurine-One-Piece-Nami-La-Navigatrice.jpg\",\"width\":640,\"height\":640,\"caption\":\"Figurine One Piece Nami La Navigatrice Default Title\"},{\"@type\":\"BreadcrumbList\",\"@id\":\"https:\\\/\\\/boutique-one-piece.com\\\/goodies-one-piece\\\/goodies-nami-one-piece\\\/figurine-one-piece-nami-la-navigatrice\\\/#breadcrumb\",\"itemListElement\":[{\"@type\":\"ListItem\",\"position\":1,\"name\":\"Home\",\"item\":\"https:\\\/\\\/boutique-one-piece.com\\\/\"},{\"@type\":\"ListItem\",\"position\":2,\"name\":\"Shop\",\"item\":\"https:\\\/\\\/boutique-one-piece.com\\\/shop\\\/\"},{\"@type\":\"ListItem\",\"position\":3,\"name\":\"Figurine One Piece Nami La Navigatrice\"}]},{\"@type\":\"WebSite\",\"@id\":\"https:\\\/\\\/boutique-one-piece.com\\\/#website\",\"url\":\"https:\\\/\\\/boutique-one-piece.com\\\/\",\"name\":\"Boutique One Piece\",\"description\":\"Magasin Sp\u00e9cialis\u00e9 du Manga et l&#039;Anime One Piece\",\"publisher\":{\"@id\":\"https:\\\/\\\/boutique-one-piece.com\\\/#organization\"},\"potentialAction\":[{\"@type\":\"SearchAction\",\"target\":{\"@type\":\"EntryPoint\",\"urlTemplate\":\"https:\\\/\\\/boutique-one-piece.com\\\/?s={search_term_string}\"},\"query-input\":{\"@type\":\"PropertyValueSpecification\",\"valueRequired\":true,\"valueName\":\"search_term_string\"}}],\"inLanguage\":\"nb-NO\"},{\"@type\":\"Organization\",\"@id\":\"https:\\\/\\\/boutique-one-piece.com\\\/#organization\",\"name\":\"Boutique One Piece\",\"url\":\"https:\\\/\\\/boutique-one-piece.com\\\/\",\"logo\":{\"@type\":\"ImageObject\",\"inLanguage\":\"nb-NO\",\"@id\":\"https:\\\/\\\/boutique-one-piece.com\\\/#\\\/schema\\\/logo\\\/image\\\/\",\"url\":\"https:\\\/\\\/boutique-one-piece.com\\\/wp-content\\\/uploads\\\/2022\\\/09\\\/Logo-01.png\",\"contentUrl\":\"https:\\\/\\\/boutique-one-piece.com\\\/wp-content\\\/uploads\\\/2022\\\/09\\\/Logo-01.png\",\"width\":2318,\"height\":957,\"caption\":\"Boutique One Piece\"},\"image\":{\"@id\":\"https:\\\/\\\/boutique-one-piece.com\\\/#\\\/schema\\\/logo\\\/image\\\/\"}}]}<\/script>\n<!-- \/ Yoast SEO plugin. -->","yoast_head_json":{"title":"One Piece Nami Navigator-figur | One Piece-figur \u2013 One Piece-butikk","description":"Unge pirat, tiden er inne for \u00e5 m\u00f8te navigat\u00f8ren i Straw Hat-mannskapet. For \u00e5 gj\u00f8re det, f\u00e5 tak i denne One Piece Nami the Navigator-figuren n\u00e5. Her er hva du trenger \u00e5 vite om henne: Nami, ogs\u00e5 kjent som \"The Cat Burglar\", er navigat\u00f8ren i Straw Hat-mannskapet.","robots":{"index":"index","follow":"follow","max-snippet":"max-snippet:-1","max-image-preview":"max-image-preview:large","max-video-preview":"max-video-preview:-1"},"canonical":"https:\/\/boutique-one-piece.com\/nb\/one-piece-godbiter\/nami-one-piece-godbiter\/one-piece-figur-nami-navigatoren\/","og_locale":"nb_NO","og_type":"article","og_title":"Figurine One Piece Nami La Navigatrice | Figurine One Piece \u2013 Boutique One Piece","og_description":"Jeune pirate, le moment est venu de partir \u00e0 la rencontre de la navigatrice de l'\u00e9quipage de chapeau de paille. Pour ce faire procure-toi d\u00e8s maintenant cette Figurine One Piece Nami La Navigatrice. Voici ce que tu dois savoir \u00e0 son sujet ; Nami, alias \"La Chatte Voleuse\" est la navigatrice de L'\u00c9quipage du Chapeau de","og_url":"https:\/\/boutique-one-piece.com\/nb\/one-piece-godbiter\/nami-one-piece-godbiter\/one-piece-figur-nami-navigatoren\/","og_site_name":"Boutique One Piece","article_modified_time":"2024-09-16T11:54:40+00:00","og_image":[{"width":640,"height":640,"url":"https:\/\/boutique-one-piece.com\/wp-content\/uploads\/2022\/09\/Figurine-One-Piece-Nami-La-Navigatrice.jpg","type":"image\/jpeg"}],"twitter_card":"summary_large_image","twitter_misc":{"Ansl. lesetid":"2 minutter"},"schema":{"@context":"https:\/\/schema.org","@graph":[{"@type":"WebPage","@id":"https:\/\/boutique-one-piece.com\/goodies-one-piece\/goodies-nami-one-piece\/figurine-one-piece-nami-la-navigatrice\/","url":"https:\/\/boutique-one-piece.com\/goodies-one-piece\/goodies-nami-one-piece\/figurine-one-piece-nami-la-navigatrice\/","name":"One Piece Nami Navigator-figur | One Piece-figur \u2013 One Piece-butikk","isPartOf":{"@id":"https:\/\/boutique-one-piece.com\/#website"},"primaryImageOfPage":{"@id":"https:\/\/boutique-one-piece.com\/goodies-one-piece\/goodies-nami-one-piece\/figurine-one-piece-nami-la-navigatrice\/#primaryimage"},"image":{"@id":"https:\/\/boutique-one-piece.com\/goodies-one-piece\/goodies-nami-one-piece\/figurine-one-piece-nami-la-navigatrice\/#primaryimage"},"thumbnailUrl":"https:\/\/boutique-one-piece.com\/wp-content\/uploads\/2022\/09\/Figurine-One-Piece-Nami-La-Navigatrice.jpg","datePublished":"2022-09-27T20:23:52+00:00","dateModified":"2024-09-16T11:54:40+00:00","description":"Unge pirat, tiden er inne for \u00e5 m\u00f8te navigat\u00f8ren i Straw Hat-mannskapet. For \u00e5 gj\u00f8re det, f\u00e5 tak i denne One Piece Nami the Navigator-figuren n\u00e5. Her er hva du trenger \u00e5 vite om henne: Nami, ogs\u00e5 kjent som \"The Cat Burglar\", er navigat\u00f8ren i Straw Hat-mannskapet.","breadcrumb":{"@id":"https:\/\/boutique-one-piece.com\/goodies-one-piece\/goodies-nami-one-piece\/figurine-one-piece-nami-la-navigatrice\/#breadcrumb"},"inLanguage":"nb-NO","potentialAction":[{"@type":"ReadAction","target":["https:\/\/boutique-one-piece.com\/goodies-one-piece\/goodies-nami-one-piece\/figurine-one-piece-nami-la-navigatrice\/"]}]},{"@type":"ImageObject","inLanguage":"nb-NO","@id":"https:\/\/boutique-one-piece.com\/goodies-one-piece\/goodies-nami-one-piece\/figurine-one-piece-nami-la-navigatrice\/#primaryimage","url":"https:\/\/boutique-one-piece.com\/wp-content\/uploads\/2022\/09\/Figurine-One-Piece-Nami-La-Navigatrice.jpg","contentUrl":"https:\/\/boutique-one-piece.com\/wp-content\/uploads\/2022\/09\/Figurine-One-Piece-Nami-La-Navigatrice.jpg","width":640,"height":640,"caption":"Figurine One Piece Nami La Navigatrice Default Title"},{"@type":"BreadcrumbList","@id":"https:\/\/boutique-one-piece.com\/goodies-one-piece\/goodies-nami-one-piece\/figurine-one-piece-nami-la-navigatrice\/#breadcrumb","itemListElement":[{"@type":"ListItem","position":1,"name":"Home","item":"https:\/\/boutique-one-piece.com\/"},{"@type":"ListItem","position":2,"name":"Shop","item":"https:\/\/boutique-one-piece.com\/shop\/"},{"@type":"ListItem","position":3,"name":"Figurine One Piece Nami La Navigatrice"}]},{"@type":"WebSite","@id":"https:\/\/boutique-one-piece.com\/#website","url":"https:\/\/boutique-one-piece.com\/","name":"One Piece-butikk","description":"Spesialbutikk for One Piece Manga og Anime","publisher":{"@id":"https:\/\/boutique-one-piece.com\/#organization"},"potentialAction":[{"@type":"SearchAction","target":{"@type":"EntryPoint","urlTemplate":"https:\/\/boutique-one-piece.com\/?s={search_term_string}"},"query-input":{"@type":"PropertyValueSpecification","valueRequired":true,"valueName":"search_term_string"}}],"inLanguage":"nb-NO"},{"@type":"Organization","@id":"https:\/\/boutique-one-piece.com\/#organization","name":"One Piece-butikk","url":"https:\/\/boutique-one-piece.com\/","logo":{"@type":"ImageObject","inLanguage":"nb-NO","@id":"https:\/\/boutique-one-piece.com\/#\/schema\/logo\/image\/","url":"https:\/\/boutique-one-piece.com\/wp-content\/uploads\/2022\/09\/Logo-01.png","contentUrl":"https:\/\/boutique-one-piece.com\/wp-content\/uploads\/2022\/09\/Logo-01.png","width":2318,"height":957,"caption":"Boutique One Piece"},"image":{"@id":"https:\/\/boutique-one-piece.com\/#\/schema\/logo\/image\/"}}]}},"_links":{"self":[{"href":"https:\/\/boutique-one-piece.com\/nb\/wp-json\/wp\/v2\/product\/9967","targetHints":{"allow":["GET"]}}],"collection":[{"href":"https:\/\/boutique-one-piece.com\/nb\/wp-json\/wp\/v2\/product"}],"about":[{"href":"https:\/\/boutique-one-piece.com\/nb\/wp-json\/wp\/v2\/types\/product"}],"replies":[{"embeddable":true,"href":"https:\/\/boutique-one-piece.com\/nb\/wp-json\/wp\/v2\/comments?post=9967"}],"wp:featuredmedia":[{"embeddable":true,"href":"https:\/\/boutique-one-piece.com\/nb\/wp-json\/wp\/v2\/media\/9969"}],"wp:attachment":[{"href":"https:\/\/boutique-one-piece.com\/nb\/wp-json\/wp\/v2\/media?parent=9967"}],"wp:term":[{"taxonomy":"product_brand","embeddable":true,"href":"https:\/\/boutique-one-piece.com\/nb\/wp-json\/wp\/v2\/product_brand?post=9967"},{"taxonomy":"product_cat","embeddable":true,"href":"https:\/\/boutique-one-piece.com\/nb\/wp-json\/wp\/v2\/product_cat?post=9967"},{"taxonomy":"product_tag","embeddable":true,"href":"https:\/\/boutique-one-piece.com\/nb\/wp-json\/wp\/v2\/product_tag?post=9967"}],"curies":[{"name":"wp","href":"https:\/\/api.w.org\/{rel}","templated":true}]}}