{"id":18145,"date":"2022-09-28T16:43:16","date_gmt":"2022-09-28T16:43:16","guid":{"rendered":"https:\/\/boutique-one-piece.com\/?page_id=18145"},"modified":"2024-09-16T16:25:24","modified_gmt":"2024-09-16T16:25:24","slug":"privacybeleid","status":"publish","type":"page","link":"https:\/\/boutique-one-piece.com\/nl\/privacybeleid\/","title":{"rendered":"PRIVACYBELEID"},"content":{"rendered":"<div data-elementor-type=\"wp-page\" data-elementor-id=\"18145\" class=\"elementor elementor-18145\">\n\t\t\t\t\t\t<section class=\"elementor-section elementor-top-section elementor-element elementor-element-8831766 elementor-section-boxed elementor-section-height-default elementor-section-height-default\" data-id=\"8831766\" data-element_type=\"section\" data-e-type=\"section\">\n\t\t\t\t\t\t<div class=\"elementor-container elementor-column-gap-default\">\n\t\t\t\t\t<div class=\"elementor-column elementor-col-100 elementor-top-column elementor-element elementor-element-3c0935e0\" data-id=\"3c0935e0\" data-element_type=\"column\" data-e-type=\"column\">\n\t\t\t<div class=\"elementor-widget-wrap elementor-element-populated\">\n\t\t\t\t\t\t<div class=\"elementor-element elementor-element-5c388b30 elementor-widget elementor-widget-text-editor\" data-id=\"5c388b30\" data-element_type=\"widget\" data-e-type=\"widget\" data-widget_type=\"text-editor.default\">\n\t\t\t\t<div class=\"elementor-widget-container\">\n\t\t\t\t\t\t\t\t\t\n<p>PRIVACYVERKLARING<br \/><br \/>\u2014-<br \/><br \/>ARTIKEL 1 \u2013 VERZAMELDE PERSOONLIJKE GEGEVENS<br \/><br \/>Wanneer u een aankoop doet in onze winkel, verzamelen we, als onderdeel van ons koop- en verkoopproces, de persoonlijke gegevens die u ons verstrekt, zoals uw naam, adres en e-mailadres.<br \/><br \/>Wanneer u onze winkel bezoekt, ontvangen wij automatisch het internetprotocoladres (IP-adres) van uw computer. Dit stelt ons in staat om meer informatie te verkrijgen over de browser en het besturingssysteem dat u gebruikt.<br \/><br \/>E-mailmarketing (indien van toepassing): Met uw toestemming kunnen wij u e-mails sturen over onze winkel, nieuwe producten en andere updates.<br \/><br \/><br \/>ARTIKEL 2 \u2013 TOESTEMMING<br \/><br \/>Hoe verkrijgt u mijn toestemming?<br \/><br \/>Wanneer u ons uw persoonlijke gegevens verstrekt om een transactie te voltooien, uw creditcard te verifi\u00ebren, een bestelling te plaatsen, een levering te regelen of een aankoop te retourneren, gaan wij ervan uit dat u ermee instemt dat wij uw gegevens uitsluitend voor dat specifieke doel verzamelen en gebruiken.<br \/><br \/>Als we u om een andere reden, bijvoorbeeld voor marketingdoeleinden, vragen om uw persoonlijke gegevens te verstrekken, zullen we u direct om uw uitdrukkelijke toestemming vragen of u de mogelijkheid geven om te weigeren.<br \/><br \/><br \/>Hoe kan ik mijn toestemming intrekken?<br \/><br \/>Als u, nadat u ons uw toestemming hebt gegeven, van gedachten verandert en niet langer wilt dat wij contact met u opnemen, uw gegevens verzamelen of deze openbaar maken, kunt u ons hiervan op de hoogte stellen door contact met ons op te nemen via contact@boutique-one-piece.com.<br \/><br \/><br \/>ARTIKEL 3 \u2013 OPENBAARMAKING<br \/><br \/>Wij kunnen uw persoonlijke gegevens openbaar maken indien dit wettelijk verplicht is of indien u onze verkoop- en gebruiksvoorwaarden schendt.<br \/><br \/><br \/>ARTIKEL 4 \u2013 SHOPIFY<br \/><br \/>Onze webwinkel wordt gehost door Shopify Inc. Zij bieden ons het online e-commerceplatform waarmee we onze diensten en producten aan u kunnen verkopen.<br \/><br \/>Uw gegevens worden opgeslagen in het gegevensopslagsysteem en de databases van Shopify, en in de algemene Shopify-applicatie. Uw gegevens worden bewaard op een beveiligde server die beschermd wordt door een firewall.<br \/><br \/><br \/>Betaling:<br \/><br \/>Als u uw aankoop via een directe betaalgateway voltooit, slaat Shopify uw creditcardgegevens op. Deze gegevens worden versleuteld volgens de Payment Card Industry Data Security Standard (PCI-DSS). Uw aankooptransactiegegevens worden alleen bewaard zolang als nodig is om uw bestelling te verwerken. Zodra uw bestelling is voltooid, worden de aankooptransactiegegevens verwijderd.<br \/><br \/>Alle directe betaalgateways voldoen aan de PCI-DSS-standaard, die wordt beheerd door de PCI Security Standards Council en het resultaat is van een gezamenlijke inspanning van bedrijven zoals Visa, MasterCard, American Express en Discover.<br \/><br \/>De PCI-DSS-standaard garandeert de veilige verwerking van creditcardgegevens door onze winkel en onze dienstverleners.<br \/><br \/>Voor meer informatie kunt u de servicevoorwaarden van Shopify hier of het privacybeleid hier bekijken.<br \/><br \/><br \/>ARTIKEL 5 \u2013 DIENSTEN GELEVERD DOOR DERDEN<br \/><br \/><br \/>Over het algemeen zullen de externe dienstverleners waarmee we samenwerken uw gegevens alleen verzamelen, gebruiken en openbaar maken voor zover dat nodig is om de diensten te leveren die zij aan ons verlenen.<br \/><br \/>Sommige externe dienstverleners, zoals betalingsgateways en andere verwerkers van betalingstransacties, hebben echter hun eigen privacybeleid met betrekking tot de informatie die wij aan hen moeten verstrekken voor uw aankooptransacties.<br \/><br \/>Wat deze aanbieders betreft, raden we u aan hun privacybeleid zorgvuldig te lezen, zodat u begrijpt hoe zij met uw persoonlijke gegevens omgaan.<br \/><br \/>Het is belangrijk om te onthouden dat sommige leveranciers gevestigd kunnen zijn of faciliteiten kunnen hebben in een ander rechtsgebied dan het uwe of het onze. Daarom, als u besluit een transactie aan te gaan waarbij de diensten van een externe leverancier nodig zijn, kunnen uw gegevens onderworpen zijn aan de wetgeving van het rechtsgebied waar die leverancier gevestigd is of waar zijn faciliteiten zich bevinden.<br \/><br \/>Als u zich bijvoorbeeld in Canada bevindt en uw transactie wordt verwerkt door een betalingsgateway in de Verenigde Staten, kunnen uw gegevens die voor de transactie worden gebruikt, openbaar worden gemaakt op grond van de Amerikaanse wetgeving, waaronder de Patriot Act.<br \/><br \/>Zodra u onze webwinkel verlaat of wordt doorverwezen naar een website of applicatie van een derde partij, zijn dit privacybeleid en de algemene voorwaarden voor verkoop en gebruik van onze website niet langer van toepassing.<br \/><br \/><br \/>Links<br \/><br \/>U kunt via bepaalde links op onze site worden doorverwezen naar andere websites. Wij zijn niet verantwoordelijk voor het privacybeleid van deze andere sites en raden u aan hun privacyverklaringen zorgvuldig te lezen.<br \/><br \/><br \/>ARTIKEL 6 \u2013 BEVEILIGING<br \/><br \/>Om uw persoonsgegevens te beschermen, nemen we redelijke voorzorgsmaatregelen en volgen we de beste praktijken in de sector om ervoor te zorgen dat deze niet op ongepaste wijze verloren gaan, misbruikt worden, ingezien worden, openbaar gemaakt worden, gewijzigd of vernietigd worden.<br \/><br \/>Als u ons uw creditcardgegevens verstrekt, worden deze versleuteld met SSL en opgeslagen met AES-256-codering. Hoewel geen enkele methode voor gegevensoverdracht via internet of elektronische opslag 100% veilig is, voldoen wij aan alle PCI-DSS-vereisten en implementeren we aanvullende, industriestandaard beveiligingsmaatregelen.<br \/>KOEKJES<br \/><br \/>Hier vindt u een lijst met de cookies die we gebruiken. We hebben ze hier vermeld, zodat u kunt kiezen of u ze wel of niet wilt toestaan.<br \/><br \/>_session_id, een unieke sessie-identificatiecode, stelt Shopify in staat om informatie met betrekking tot uw sessie op te slaan (verwijzer, landingspagina, enz.).<br \/><br \/>_shopify_visit, geen gegevens bewaard, blijft 30 minuten na het laatste bezoek actief. Wordt gebruikt door het interne statistiekensysteem van onze websiteprovider om het aantal bezoeken te registreren.<br \/><br \/>_shopify_uniq, geen gegevens bewaard, verloopt om middernacht (op basis van de locatie van de bezoeker) de volgende dag. Berekent het aantal bezoeken aan een winkel door een unieke klant.<br \/><br \/>Winkelwagen, unieke identificatiecode, blijft 2 weken geldig en slaat informatie op met betrekking tot uw winkelwagen.<br \/><br \/>_secure_session_id, unieke sessie-identificatie<br \/><br \/>storefront_digest, unieke identificatiecode, niet gedefinieerd als de winkel een wachtwoord heeft; wordt gebruikt om te weten of de huidige bezoeker toegang heeft.<br \/><br \/><br \/>ARTIKEL 7 \u2013 LEEFTIJD VAN TOESTEMMING<br \/><br \/>Door deze site te gebruiken, verklaart u dat u ten minste de meerderjarige leeftijd hebt bereikt in uw staat of provincie van verblijf, en dat u ons toestemming hebt gegeven om eventuele minderjarige personen die van u afhankelijk zijn, deze website te laten gebruiken.<br \/><br \/><br \/>ARTIKEL 8 \u2013 WIJZIGINGEN IN DIT PRIVACYBELEID<br \/><br \/>Wij behouden ons het recht voor om dit privacybeleid te allen tijde te wijzigen. Raadpleeg het daarom regelmatig. Wijzigingen en verduidelijkingen worden onmiddellijk van kracht na publicatie op de website. Indien wij wijzigingen aanbrengen in dit beleid, zullen wij u hier informeren dat het is bijgewerkt, zodat u op de hoogte bent van welke informatie wij verzamelen, hoe wij deze gebruiken en onder welke omstandigheden, indien van toepassing, wij deze openbaar maken.<br \/><br \/>Als onze winkel wordt overgenomen door of fuseert met een ander bedrijf, kunnen uw gegevens worden overgedragen aan de nieuwe eigenaren, zodat we u producten kunnen blijven verkopen.<br \/><br \/><br \/>VRAGEN EN CONTACTGEGEVENS<br \/><br \/>Als u toegang wilt krijgen tot, correcties wilt aanbrengen in, wijzigingen wilt doorvoeren in of uw persoonlijke gegevens wilt verwijderen, een klacht wilt indienen of gewoon meer informatie wilt, kunt u contact opnemen met onze privacyfunctionaris via contact@boutique-one-piece.com.<\/p>\n\t\t\t\t\t\t\t\t<\/div>\n\t\t\t\t<\/div>\n\t\t\t\t\t<\/div>\n\t\t<\/div>\n\t\t\t\t\t<\/div>\n\t\t<\/section>\n\t\t\t\t<\/div>","protected":false},"excerpt":{"rendered":"<p>D\u00c9CLARATION DE CONFIDENTIALIT\u00c9 &#8212;- ARTICLE 1 \u2013 RENSEIGNEMENTS PERSONNELS RECUEILLIS Lorsque vous effectuez un achat sur notre boutique, dans le cadre de notre processus d\u2019achat et de vente, nous recueillons les renseignements personnels que vous nous fournissez, tels que votre nom, votre adresse et votre adresse e-mail. Lorsque vous naviguez sur notre boutique, nous recevons [&hellip;]<\/p>","protected":false},"author":2,"featured_media":0,"parent":0,"menu_order":0,"comment_status":"closed","ping_status":"closed","template":"","meta":{"footnotes":""},"class_list":["post-18145","page","type-page","status-publish","hentry"],"yoast_head":"<!-- This site is optimized with the Yoast SEO plugin v27.5 - https:\/\/yoast.com\/product\/yoast-seo-wordpress\/ -->\n<title>POLITIQUE DE CONFIDENTIALIT\u00c9 | Boutique One Piece<\/title>\n<meta name=\"robots\" content=\"noindex, follow\" \/>\n<meta property=\"og:locale\" content=\"nl_NL\" \/>\n<meta property=\"og:type\" content=\"article\" \/>\n<meta property=\"og:title\" content=\"POLITIQUE DE CONFIDENTIALIT\u00c9 | Boutique One Piece\" \/>\n<meta property=\"og:description\" content=\"D\u00c9CLARATION DE CONFIDENTIALIT\u00c9 &#8212;- ARTICLE 1 \u2013 RENSEIGNEMENTS PERSONNELS RECUEILLIS Lorsque vous effectuez un achat sur notre boutique, dans le cadre de notre processus d\u2019achat et de vente, nous recueillons les renseignements personnels que vous nous fournissez, tels que votre nom, votre adresse et votre adresse e-mail. Lorsque vous naviguez sur notre boutique, nous recevons [&hellip;]\" \/>\n<meta property=\"og:url\" content=\"https:\/\/boutique-one-piece.com\/nl\/privacybeleid\/\" \/>\n<meta property=\"og:site_name\" content=\"Boutique One Piece\" \/>\n<meta property=\"article:modified_time\" content=\"2024-09-16T16:25:24+00:00\" \/>\n<meta name=\"twitter:card\" content=\"summary_large_image\" \/>\n<meta name=\"twitter:label1\" content=\"Geschatte leestijd\" \/>\n\t<meta name=\"twitter:data1\" content=\"7 minuten\" \/>\n<script type=\"application\/ld+json\" class=\"yoast-schema-graph\">{\"@context\":\"https:\\\/\\\/schema.org\",\"@graph\":[{\"@type\":\"WebPage\",\"@id\":\"https:\\\/\\\/boutique-one-piece.com\\\/politique-de-confidentialite\\\/\",\"url\":\"https:\\\/\\\/boutique-one-piece.com\\\/politique-de-confidentialite\\\/\",\"name\":\"POLITIQUE DE CONFIDENTIALIT\u00c9 | Boutique One Piece\",\"isPartOf\":{\"@id\":\"https:\\\/\\\/boutique-one-piece.com\\\/#website\"},\"datePublished\":\"2022-09-28T16:43:16+00:00\",\"dateModified\":\"2024-09-16T16:25:24+00:00\",\"breadcrumb\":{\"@id\":\"https:\\\/\\\/boutique-one-piece.com\\\/politique-de-confidentialite\\\/#breadcrumb\"},\"inLanguage\":\"nl-NL\",\"potentialAction\":[{\"@type\":\"ReadAction\",\"target\":[\"https:\\\/\\\/boutique-one-piece.com\\\/politique-de-confidentialite\\\/\"]}]},{\"@type\":\"BreadcrumbList\",\"@id\":\"https:\\\/\\\/boutique-one-piece.com\\\/politique-de-confidentialite\\\/#breadcrumb\",\"itemListElement\":[{\"@type\":\"ListItem\",\"position\":1,\"name\":\"Home\",\"item\":\"https:\\\/\\\/boutique-one-piece.com\\\/\"},{\"@type\":\"ListItem\",\"position\":2,\"name\":\"POLITIQUE DE CONFIDENTIALIT\u00c9\"}]},{\"@type\":\"WebSite\",\"@id\":\"https:\\\/\\\/boutique-one-piece.com\\\/#website\",\"url\":\"https:\\\/\\\/boutique-one-piece.com\\\/\",\"name\":\"Boutique One Piece\",\"description\":\"Magasin Sp\u00e9cialis\u00e9 du Manga et l&#039;Anime One Piece\",\"publisher\":{\"@id\":\"https:\\\/\\\/boutique-one-piece.com\\\/#organization\"},\"potentialAction\":[{\"@type\":\"SearchAction\",\"target\":{\"@type\":\"EntryPoint\",\"urlTemplate\":\"https:\\\/\\\/boutique-one-piece.com\\\/?s={search_term_string}\"},\"query-input\":{\"@type\":\"PropertyValueSpecification\",\"valueRequired\":true,\"valueName\":\"search_term_string\"}}],\"inLanguage\":\"nl-NL\"},{\"@type\":\"Organization\",\"@id\":\"https:\\\/\\\/boutique-one-piece.com\\\/#organization\",\"name\":\"Boutique One Piece\",\"url\":\"https:\\\/\\\/boutique-one-piece.com\\\/\",\"logo\":{\"@type\":\"ImageObject\",\"inLanguage\":\"nl-NL\",\"@id\":\"https:\\\/\\\/boutique-one-piece.com\\\/#\\\/schema\\\/logo\\\/image\\\/\",\"url\":\"https:\\\/\\\/boutique-one-piece.com\\\/wp-content\\\/uploads\\\/2022\\\/09\\\/Logo-01.png\",\"contentUrl\":\"https:\\\/\\\/boutique-one-piece.com\\\/wp-content\\\/uploads\\\/2022\\\/09\\\/Logo-01.png\",\"width\":2318,\"height\":957,\"caption\":\"Boutique One Piece\"},\"image\":{\"@id\":\"https:\\\/\\\/boutique-one-piece.com\\\/#\\\/schema\\\/logo\\\/image\\\/\"}}]}<\/script>\n<!-- \/ Yoast SEO plugin. -->","yoast_head_json":{"title":"PRIVACYBELEID | One Piece Shop","robots":{"index":"noindex","follow":"follow"},"og_locale":"nl_NL","og_type":"article","og_title":"POLITIQUE DE CONFIDENTIALIT\u00c9 | Boutique One Piece","og_description":"D\u00c9CLARATION DE CONFIDENTIALIT\u00c9 &#8212;- ARTICLE 1 \u2013 RENSEIGNEMENTS PERSONNELS RECUEILLIS Lorsque vous effectuez un achat sur notre boutique, dans le cadre de notre processus d\u2019achat et de vente, nous recueillons les renseignements personnels que vous nous fournissez, tels que votre nom, votre adresse et votre adresse e-mail. Lorsque vous naviguez sur notre boutique, nous recevons [&hellip;]","og_url":"https:\/\/boutique-one-piece.com\/nl\/privacybeleid\/","og_site_name":"Boutique One Piece","article_modified_time":"2024-09-16T16:25:24+00:00","twitter_card":"summary_large_image","twitter_misc":{"Geschatte leestijd":"7 minuten"},"schema":{"@context":"https:\/\/schema.org","@graph":[{"@type":"WebPage","@id":"https:\/\/boutique-one-piece.com\/politique-de-confidentialite\/","url":"https:\/\/boutique-one-piece.com\/politique-de-confidentialite\/","name":"PRIVACYBELEID | One Piece Shop","isPartOf":{"@id":"https:\/\/boutique-one-piece.com\/#website"},"datePublished":"2022-09-28T16:43:16+00:00","dateModified":"2024-09-16T16:25:24+00:00","breadcrumb":{"@id":"https:\/\/boutique-one-piece.com\/politique-de-confidentialite\/#breadcrumb"},"inLanguage":"nl-NL","potentialAction":[{"@type":"ReadAction","target":["https:\/\/boutique-one-piece.com\/politique-de-confidentialite\/"]}]},{"@type":"BreadcrumbList","@id":"https:\/\/boutique-one-piece.com\/politique-de-confidentialite\/#breadcrumb","itemListElement":[{"@type":"ListItem","position":1,"name":"Home","item":"https:\/\/boutique-one-piece.com\/"},{"@type":"ListItem","position":2,"name":"POLITIQUE DE CONFIDENTIALIT\u00c9"}]},{"@type":"WebSite","@id":"https:\/\/boutique-one-piece.com\/#website","url":"https:\/\/boutique-one-piece.com\/","name":"One Piece Shop","description":"Gespecialiseerde winkel voor One Piece manga en anime.","publisher":{"@id":"https:\/\/boutique-one-piece.com\/#organization"},"potentialAction":[{"@type":"SearchAction","target":{"@type":"EntryPoint","urlTemplate":"https:\/\/boutique-one-piece.com\/?s={search_term_string}"},"query-input":{"@type":"PropertyValueSpecification","valueRequired":true,"valueName":"search_term_string"}}],"inLanguage":"nl-NL"},{"@type":"Organization","@id":"https:\/\/boutique-one-piece.com\/#organization","name":"One Piece Shop","url":"https:\/\/boutique-one-piece.com\/","logo":{"@type":"ImageObject","inLanguage":"nl-NL","@id":"https:\/\/boutique-one-piece.com\/#\/schema\/logo\/image\/","url":"https:\/\/boutique-one-piece.com\/wp-content\/uploads\/2022\/09\/Logo-01.png","contentUrl":"https:\/\/boutique-one-piece.com\/wp-content\/uploads\/2022\/09\/Logo-01.png","width":2318,"height":957,"caption":"Boutique One Piece"},"image":{"@id":"https:\/\/boutique-one-piece.com\/#\/schema\/logo\/image\/"}}]}},"_links":{"self":[{"href":"https:\/\/boutique-one-piece.com\/nl\/wp-json\/wp\/v2\/pages\/18145","targetHints":{"allow":["GET"]}}],"collection":[{"href":"https:\/\/boutique-one-piece.com\/nl\/wp-json\/wp\/v2\/pages"}],"about":[{"href":"https:\/\/boutique-one-piece.com\/nl\/wp-json\/wp\/v2\/types\/page"}],"author":[{"embeddable":true,"href":"https:\/\/boutique-one-piece.com\/nl\/wp-json\/wp\/v2\/users\/2"}],"replies":[{"embeddable":true,"href":"https:\/\/boutique-one-piece.com\/nl\/wp-json\/wp\/v2\/comments?post=18145"}],"version-history":[{"count":5,"href":"https:\/\/boutique-one-piece.com\/nl\/wp-json\/wp\/v2\/pages\/18145\/revisions"}],"predecessor-version":[{"id":19794,"href":"https:\/\/boutique-one-piece.com\/nl\/wp-json\/wp\/v2\/pages\/18145\/revisions\/19794"}],"wp:attachment":[{"href":"https:\/\/boutique-one-piece.com\/nl\/wp-json\/wp\/v2\/media?parent=18145"}],"curies":[{"name":"wp","href":"https:\/\/api.w.org\/{rel}","templated":true}]}}