{"id":10089,"date":"2022-09-27T20:24:46","date_gmt":"2022-09-27T20:24:46","guid":{"rendered":"https:\/\/boutique-one-piece.com\/uncategorized\/tableau-one-piece-nouveau-monde\/"},"modified":"2024-09-18T03:33:19","modified_gmt":"2024-09-18T03:33:19","slug":"een-schilderij-uit-one-piece-new-world","status":"publish","type":"product","link":"https:\/\/boutique-one-piece.com\/nl\/one-piece-goodies-2\/leuke-spulletjes-van-monkey-d-luffy-uit-one-piece\/een-schilderij-uit-one-piece-new-world\/","title":{"rendered":"One Piece Nieuwe Wereld Schilderij"},"content":{"rendered":"<h2>Een canvasprint van 5 panelen met de Strohoedpiraten die de zee\u00ebn van de Nieuwe Wereld veroveren - een hoogwaardige canvasprint voor een piraat zoals jij!<\/h2>\n<p>Als u een\u00a0<strong>echte piraat<\/strong>, U zult het waarderen\u00a0<strong>kwaliteit<\/strong>\u00a0canvas, verf en een lijst voor hun\u00a0<strong>ontwerpen\u00a0<\/strong>En\u00a0<strong>3D-canvas printen<\/strong>\u00a0hiervan\u00a0<strong>One Piece schilderij bestaande uit 5 panelen<\/strong>\u00a0Maar het allerbelangrijkste is dat je met deze grafiek deel uitmaakt van...\u00a0<strong>de fanploeg<\/strong>\u00a0van\u00a0<strong>piratenmanga<\/strong>\u00a0en u zult het volgende verkrijgen:<\/p>\n<ul>\n<li>\u00a0<strong>Bewondering<\/strong>\u00a0van alle fans van\u00a0<strong>mugiwara<\/strong>\u00a0die u bij u thuis zult uitnodigen<\/li>\n<\/ul>\n<ul>\n<li>Een echte\u00a0<strong>5-delige gedrukte kaart<\/strong>\u00a0waarmee je kunt<strong>\u00a0zich voorstellen\u00a0<\/strong>in het avontuur van<strong> de Strohoedpiraten<\/strong>\u00a0<\/li>\n<\/ul>\n<p>Dus, klaar om te pronken met de\u00a0<strong>kleuren <\/strong>van<strong><\/strong>s<strong>\u00a0<\/strong><strong>Mugiwaras<\/strong>\u00a0?<\/p>\n<h2>Ben je fan van de One Piece manga of anime? Laat het zien met deze 5-delige One Piece canvasprint!<\/h2>\n<p>Als u\u00a0<strong>lezen<\/strong>\u00a0of waar je ook kijkt\u00a0<strong>de anime\u00a0<\/strong><strong>Japanse<\/strong>, De kans is groot dat je bent geworden\u00a0<strong>Ik ben helemaal gek op One Piece.<\/strong>\u00a0Hiermee!\u00a0<strong>Vijfdelig schilderij Nieuwe Wereld<\/strong>, sluit je aan bij de\u2019<strong>een groep fans van de franchise<\/strong><\/p>\n<p>Dit\u00a0<strong>schilderen<\/strong>\u00a0is beschikbaar met een\u00a0<strong>houten frame<\/strong>\u00a0de variant &quot;\u00ab\u00a0<strong>Met frame<\/strong>\u00ab&quot;Het is ook mogelijk om alleen de\u00a0<strong>lap<\/strong>\u00a0met de variant &quot;\u00ab\u00a0<strong>Zonder frame<\/strong>\u00ab&quot;U vindt de tabel in de juiste maten.&quot;\u00a0<strong>Klein<\/strong>,<strong>\u00a0GEMIDDELD<\/strong>,<strong>\u00a0Groot<\/strong>,<strong>\u00a0XL<\/strong>, Het is geschikt voor alle soorten piraten, zelfs als je er geen hebt.\u00a0<strong>zwaard<\/strong>\u00a0of\u00a0<strong>duivelsvrucht<\/strong>\u00a0Je kunt het nog steeds met trots thuis ophangen.<\/p>\n<p>Op de <strong>vijfdelig schilderij<\/strong>,Er is <strong>Luffy en zijn Nakama&#039;s<\/strong>\u00a0op weg naar de <strong>Nieuwe Wereld<\/strong>. Meer <strong>Luffy&#039;s bemanning<\/strong> hoe verder ze oprukken, hoe dichter ze bij de <strong>One Piece<\/strong> DE <strong>schat<\/strong> legendarisch <strong>Gol D. Roger<\/strong><\/p>\n<h2>Informatie over het schilderij:<\/h2>\n<ul>\n<li>\n<strong>Hoogwaardig bedrukt canvas\u00a0<\/strong>: wandcanvas gemaakt van <strong>katoen<\/strong> En <strong>linnen<\/strong>, om een te verkrijgen <strong>lap<\/strong> de naam waardig<\/li>\n<\/ul>\n<ul>\n<li>\n<strong>Ultra Design Schilderij<\/strong>\u00a0De tabel met vijf onderdelen biedt veel mogelijkheden. <strong>stijl<\/strong> naar een <strong>deel<\/strong>, Fans zijn er dol op!<\/li>\n<\/ul>\n<ul style=\"font-weight: 400\">\n<li>\n<strong>Kleur en printen\u00a0<\/strong>Een schilderij uit One Piece met een afdruk <strong>Canva<\/strong> de maatstaf in canvasafdrukken<\/li>\n<\/ul>\n<ul style=\"font-weight: 400\">\n<li>\n<strong>Lichtgewicht wanddecoratie<\/strong>\u00a0: geweldige omgeving <strong>licht,<\/strong> er is er maar \u00e9\u00e9n nodig <strong>nagel<\/strong> of van de <strong>vast been<\/strong> voor de <strong>behouden<\/strong> Bij <strong>muur<\/strong>\n<\/li>\n<\/ul>\n<ul style=\"font-weight: 400\">\n<li>\n<strong>Houten frame<\/strong>\u00a0: de variant &quot;\u00ab\u00a0<strong>Met frame<\/strong>\u00a0\u00bb wordt vergezeld door een <strong>houten frame<\/strong> en de versie &quot;\u00ab\u00a0<strong>Zonder frame<\/strong>\u00a0\u00bb wordt geleverd <strong>zonder het houten frame<\/strong>\n<\/li>\n<\/ul>\n<ul style=\"font-weight: 400\">\n<li>\n<strong>Gratis bezorging\u00a0<\/strong>voor elke aankoop<strong>\u00a0<\/strong>\n<\/li>\n<\/ul>\n<h3>Vergeet niet de maattabel hieronder te bekijken.<\/h3>\n<h2>\n<strong style=\"font-size: 15px\">Een schilderij van 5 delen uit One Piece<\/strong><span style=\"font-size: 15px\">,<\/span><strong style=\"font-size: 15px\"> <\/strong><span style=\"font-size: 15px\">Maat<\/span><strong style=\"font-size: 15px\"> <\/strong><span style=\"font-size: 15px\">: <\/span><strong style=\"font-size: 15px\">Klein<\/strong><br \/>\n<\/h2>\n<p>\u00a0<img decoding=\"async\" src=\"https:\/\/cdn.shopify.com\/s\/files\/1\/0087\/7556\/5348\/files\/guide_taille_tableau_one_piece_petit_boutique_one_piece_large.jpg?v=1560247451\" alt=\"Maattabel voor een 5-delige set (Small)\"><\/p>\n<p><strong>Een schilderij van 5 delen uit One Piece<\/strong>, Maat<strong> <\/strong>:<strong> GEMIDDELD<\/strong><\/p>\n<p>\u00a0<img decoding=\"async\" src=\"https:\/\/cdn.shopify.com\/s\/files\/1\/0087\/7556\/5348\/files\/guide_taille_tableau_one_piece_moyen_boutique_one_piece_large.jpg?v=1560247519\" alt=\"Maattabel: \u00e9\u00e9n stuk, 5 stuks, Medium\"><\/p>\n<p><strong>Een schilderij van 5 delen uit One Piece<\/strong>, Maat<strong> <\/strong>: <strong>Groot<\/strong><\/p>\n<p>\u00a0<img decoding=\"async\" src=\"https:\/\/cdn.shopify.com\/s\/files\/1\/0087\/7556\/5348\/files\/guide_taille_tableau_one_piece_grand_boutique_one_piece_large.jpg?v=1560247582\" alt=\"Maattabel voor One Piece 5-delige sets (maat L)\"><\/p>\n<p><strong>Een schilderij van 5 delen uit One Piece<\/strong>, Maat: <strong>XL<\/strong><\/p>\n<p><img decoding=\"async\" src=\"https:\/\/cdn.shopify.com\/s\/files\/1\/0087\/7556\/5348\/files\/guide_taille_tableau_one_piece_xl_boutique_one_piece_large.jpg?v=1560247610\" alt=\"Maattabel voor een 5-delige set in maat XL\"><\/p>","protected":false},"excerpt":{"rendered":"<p>Tableau One Piece 5 Panneaux avec Les Mugiwaras \u00e0 la Conqu\u00eate des Mers du Nouveau Monde, Un Tableau de qualit\u00e9 pour un pirate comme\u00a0toi\u00a0! Si tu es un\u00a0v\u00e9ritable pirate, tu sauras appr\u00e9cier la\u00a0qualit\u00e9\u00a0de la toile, de la peinture et du cadre\u00a0pour leurs\u00a0conceptions\u00a0et\u00a0l&rsquo;impression 3D Canvas\u00a0de ce\u00a0tableau 5 panneaux\u00a0One Piece\u00a0!\u00a0Mais le plus important, avec ce\u00a0tableau\u00a0c\u0092est que tu\u00a0feras [&hellip;]<\/p>","protected":false},"featured_media":10091,"comment_status":"open","ping_status":"open","template":"","meta":[],"product_brand":[],"product_cat":[150,157,80,153,198,151,163,155,164,141],"product_tag":[158,165,129,92,154,205,112,142,143,144,113],"class_list":{"0":"post-10089","1":"product","2":"type-product","3":"status-publish","4":"has-post-thumbnail","6":"product_cat-decorations-one-piece","7":"product_cat-goodies-brook-one-piece","8":"product_cat-goodies-monkey-d-luffy-one-piece","9":"product_cat-goodies-nami-one-piece","10":"product_cat-goodies-nico-robin-one-piece","11":"product_cat-goodies-roronoa-zoro-one-piece","12":"product_cat-goodies-tony-tony-chopper-one-piece","13":"product_cat-goodies-usopp-one-piece","14":"product_cat-goodies-vinsmoke-sanji-one-piece","15":"product_cat-tableaux-one-piece","16":"product_tag-brook","17":"product_tag-chopper","18":"product_tag-franky","19":"product_tag-luffy","20":"product_tag-nami","21":"product_tag-robin","22":"product_tag-sanji","23":"product_tag-tableau-5-pieces","24":"product_tag-toile","25":"product_tag-usopp","26":"product_tag-zoro","28":"first","29":"instock","30":"purchasable","31":"product-type-variable"},"yoast_head":"<!-- This site is optimized with the Yoast SEO plugin v27.5 - https:\/\/yoast.com\/product\/yoast-seo-wordpress\/ -->\n<title>Tableau Cinq Pi\u00e8eces Nouveau Monde | Boutique One Piece<\/title>\n<meta name=\"description\" content=\"Material: Canvas Tableau 5 Pi\u00e8ces One Piece en Route pour le Nouveau Monde avec Luffy et son \u00c9quipage Tableau 5 Panneaux de Tr\u00e8s Haute Qualit\u00e9 Toile Imprim\u00e9\" \/>\n<meta name=\"robots\" content=\"index, follow, max-snippet:-1, max-image-preview:large, max-video-preview:-1\" \/>\n<link rel=\"canonical\" href=\"https:\/\/boutique-one-piece.com\/nl\/one-piece-goodies-2\/nico-robin-one-piece-merchandise\/een-schilderij-uit-one-piece-new-world\/\" \/>\n<meta property=\"og:locale\" content=\"nl_NL\" \/>\n<meta property=\"og:type\" content=\"article\" \/>\n<meta property=\"og:title\" content=\"Tableau Cinq Pi\u00e8eces Nouveau Monde | Boutique One Piece\" \/>\n<meta property=\"og:description\" content=\"Material: Canvas Tableau 5 Pi\u00e8ces One Piece en Route pour le Nouveau Monde avec Luffy et son \u00c9quipage Tableau 5 Panneaux de Tr\u00e8s Haute Qualit\u00e9 Toile Imprim\u00e9\" \/>\n<meta property=\"og:url\" content=\"https:\/\/boutique-one-piece.com\/nl\/one-piece-goodies-2\/nico-robin-one-piece-merchandise\/een-schilderij-uit-one-piece-new-world\/\" \/>\n<meta property=\"og:site_name\" content=\"Boutique One Piece\" \/>\n<meta property=\"article:modified_time\" content=\"2024-09-18T03:33:19+00:00\" \/>\n<meta property=\"og:image\" content=\"https:\/\/boutique-one-piece.com\/wp-content\/uploads\/2022\/09\/Tableau-One-Piece-Nouveau-Monde.jpg\" \/>\n\t<meta property=\"og:image:width\" content=\"600\" \/>\n\t<meta property=\"og:image:height\" content=\"600\" \/>\n\t<meta property=\"og:image:type\" content=\"image\/jpeg\" \/>\n<meta name=\"twitter:card\" content=\"summary_large_image\" \/>\n<meta name=\"twitter:label1\" content=\"Geschatte leestijd\" \/>\n\t<meta name=\"twitter:data1\" content=\"4 minuten\" \/>\n<script type=\"application\/ld+json\" class=\"yoast-schema-graph\">{\"@context\":\"https:\\\/\\\/schema.org\",\"@graph\":[{\"@type\":\"WebPage\",\"@id\":\"https:\\\/\\\/boutique-one-piece.com\\\/goodies-one-piece\\\/goodies-nico-robin-one-piece\\\/tableau-one-piece-nouveau-monde\\\/\",\"url\":\"https:\\\/\\\/boutique-one-piece.com\\\/goodies-one-piece\\\/goodies-nico-robin-one-piece\\\/tableau-one-piece-nouveau-monde\\\/\",\"name\":\"Tableau Cinq Pi\u00e8eces Nouveau Monde | Boutique One Piece\",\"isPartOf\":{\"@id\":\"https:\\\/\\\/boutique-one-piece.com\\\/#website\"},\"primaryImageOfPage\":{\"@id\":\"https:\\\/\\\/boutique-one-piece.com\\\/goodies-one-piece\\\/goodies-nico-robin-one-piece\\\/tableau-one-piece-nouveau-monde\\\/#primaryimage\"},\"image\":{\"@id\":\"https:\\\/\\\/boutique-one-piece.com\\\/goodies-one-piece\\\/goodies-nico-robin-one-piece\\\/tableau-one-piece-nouveau-monde\\\/#primaryimage\"},\"thumbnailUrl\":\"https:\\\/\\\/boutique-one-piece.com\\\/wp-content\\\/uploads\\\/2022\\\/09\\\/Tableau-One-Piece-Nouveau-Monde.jpg\",\"datePublished\":\"2022-09-27T20:24:46+00:00\",\"dateModified\":\"2024-09-18T03:33:19+00:00\",\"description\":\"Material: Canvas Tableau 5 Pi\u00e8ces One Piece en Route pour le Nouveau Monde avec Luffy et son \u00c9quipage Tableau 5 Panneaux de Tr\u00e8s Haute Qualit\u00e9 Toile Imprim\u00e9\",\"breadcrumb\":{\"@id\":\"https:\\\/\\\/boutique-one-piece.com\\\/goodies-one-piece\\\/goodies-nico-robin-one-piece\\\/tableau-one-piece-nouveau-monde\\\/#breadcrumb\"},\"inLanguage\":\"nl-NL\",\"potentialAction\":[{\"@type\":\"ReadAction\",\"target\":[\"https:\\\/\\\/boutique-one-piece.com\\\/goodies-one-piece\\\/goodies-nico-robin-one-piece\\\/tableau-one-piece-nouveau-monde\\\/\"]}]},{\"@type\":\"ImageObject\",\"inLanguage\":\"nl-NL\",\"@id\":\"https:\\\/\\\/boutique-one-piece.com\\\/goodies-one-piece\\\/goodies-nico-robin-one-piece\\\/tableau-one-piece-nouveau-monde\\\/#primaryimage\",\"url\":\"https:\\\/\\\/boutique-one-piece.com\\\/wp-content\\\/uploads\\\/2022\\\/09\\\/Tableau-One-Piece-Nouveau-Monde.jpg\",\"contentUrl\":\"https:\\\/\\\/boutique-one-piece.com\\\/wp-content\\\/uploads\\\/2022\\\/09\\\/Tableau-One-Piece-Nouveau-Monde.jpg\",\"width\":600,\"height\":600,\"caption\":\"Tableau One Piece Nouveau Monde XL Avec Cadre\"},{\"@type\":\"BreadcrumbList\",\"@id\":\"https:\\\/\\\/boutique-one-piece.com\\\/goodies-one-piece\\\/goodies-nico-robin-one-piece\\\/tableau-one-piece-nouveau-monde\\\/#breadcrumb\",\"itemListElement\":[{\"@type\":\"ListItem\",\"position\":1,\"name\":\"Home\",\"item\":\"https:\\\/\\\/boutique-one-piece.com\\\/\"},{\"@type\":\"ListItem\",\"position\":2,\"name\":\"Shop\",\"item\":\"https:\\\/\\\/boutique-one-piece.com\\\/shop\\\/\"},{\"@type\":\"ListItem\",\"position\":3,\"name\":\"Tableau One Piece Nouveau Monde\"}]},{\"@type\":\"WebSite\",\"@id\":\"https:\\\/\\\/boutique-one-piece.com\\\/#website\",\"url\":\"https:\\\/\\\/boutique-one-piece.com\\\/\",\"name\":\"Boutique One Piece\",\"description\":\"Magasin Sp\u00e9cialis\u00e9 du Manga et l&#039;Anime One Piece\",\"publisher\":{\"@id\":\"https:\\\/\\\/boutique-one-piece.com\\\/#organization\"},\"potentialAction\":[{\"@type\":\"SearchAction\",\"target\":{\"@type\":\"EntryPoint\",\"urlTemplate\":\"https:\\\/\\\/boutique-one-piece.com\\\/?s={search_term_string}\"},\"query-input\":{\"@type\":\"PropertyValueSpecification\",\"valueRequired\":true,\"valueName\":\"search_term_string\"}}],\"inLanguage\":\"nl-NL\"},{\"@type\":\"Organization\",\"@id\":\"https:\\\/\\\/boutique-one-piece.com\\\/#organization\",\"name\":\"Boutique One Piece\",\"url\":\"https:\\\/\\\/boutique-one-piece.com\\\/\",\"logo\":{\"@type\":\"ImageObject\",\"inLanguage\":\"nl-NL\",\"@id\":\"https:\\\/\\\/boutique-one-piece.com\\\/#\\\/schema\\\/logo\\\/image\\\/\",\"url\":\"https:\\\/\\\/boutique-one-piece.com\\\/wp-content\\\/uploads\\\/2022\\\/09\\\/Logo-01.png\",\"contentUrl\":\"https:\\\/\\\/boutique-one-piece.com\\\/wp-content\\\/uploads\\\/2022\\\/09\\\/Logo-01.png\",\"width\":2318,\"height\":957,\"caption\":\"Boutique One Piece\"},\"image\":{\"@id\":\"https:\\\/\\\/boutique-one-piece.com\\\/#\\\/schema\\\/logo\\\/image\\\/\"}}]}<\/script>\n<!-- \/ Yoast SEO plugin. -->","yoast_head_json":{"title":"Vijfdelig schilderij van de Nieuwe Wereld | One Piece Shop","description":"Materiaal: Canvas. 5-delige One Piece canvasprint: Op weg naar de Nieuwe Wereld met Luffy en zijn bemanning. 5-delige canvasprint van zeer hoge kwaliteit.","robots":{"index":"index","follow":"follow","max-snippet":"max-snippet:-1","max-image-preview":"max-image-preview:large","max-video-preview":"max-video-preview:-1"},"canonical":"https:\/\/boutique-one-piece.com\/nl\/one-piece-goodies-2\/nico-robin-one-piece-merchandise\/een-schilderij-uit-one-piece-new-world\/","og_locale":"nl_NL","og_type":"article","og_title":"Tableau Cinq Pi\u00e8eces Nouveau Monde | Boutique One Piece","og_description":"Material: Canvas Tableau 5 Pi\u00e8ces One Piece en Route pour le Nouveau Monde avec Luffy et son \u00c9quipage Tableau 5 Panneaux de Tr\u00e8s Haute Qualit\u00e9 Toile Imprim\u00e9","og_url":"https:\/\/boutique-one-piece.com\/nl\/one-piece-goodies-2\/nico-robin-one-piece-merchandise\/een-schilderij-uit-one-piece-new-world\/","og_site_name":"Boutique One Piece","article_modified_time":"2024-09-18T03:33:19+00:00","og_image":[{"width":600,"height":600,"url":"https:\/\/boutique-one-piece.com\/wp-content\/uploads\/2022\/09\/Tableau-One-Piece-Nouveau-Monde.jpg","type":"image\/jpeg"}],"twitter_card":"summary_large_image","twitter_misc":{"Geschatte leestijd":"4 minuten"},"schema":{"@context":"https:\/\/schema.org","@graph":[{"@type":"WebPage","@id":"https:\/\/boutique-one-piece.com\/goodies-one-piece\/goodies-nico-robin-one-piece\/tableau-one-piece-nouveau-monde\/","url":"https:\/\/boutique-one-piece.com\/goodies-one-piece\/goodies-nico-robin-one-piece\/tableau-one-piece-nouveau-monde\/","name":"Vijfdelig schilderij van de Nieuwe Wereld | One Piece Shop","isPartOf":{"@id":"https:\/\/boutique-one-piece.com\/#website"},"primaryImageOfPage":{"@id":"https:\/\/boutique-one-piece.com\/goodies-one-piece\/goodies-nico-robin-one-piece\/tableau-one-piece-nouveau-monde\/#primaryimage"},"image":{"@id":"https:\/\/boutique-one-piece.com\/goodies-one-piece\/goodies-nico-robin-one-piece\/tableau-one-piece-nouveau-monde\/#primaryimage"},"thumbnailUrl":"https:\/\/boutique-one-piece.com\/wp-content\/uploads\/2022\/09\/Tableau-One-Piece-Nouveau-Monde.jpg","datePublished":"2022-09-27T20:24:46+00:00","dateModified":"2024-09-18T03:33:19+00:00","description":"Materiaal: Canvas. 5-delige One Piece canvasprint: Op weg naar de Nieuwe Wereld met Luffy en zijn bemanning. 5-delige canvasprint van zeer hoge kwaliteit.","breadcrumb":{"@id":"https:\/\/boutique-one-piece.com\/goodies-one-piece\/goodies-nico-robin-one-piece\/tableau-one-piece-nouveau-monde\/#breadcrumb"},"inLanguage":"nl-NL","potentialAction":[{"@type":"ReadAction","target":["https:\/\/boutique-one-piece.com\/goodies-one-piece\/goodies-nico-robin-one-piece\/tableau-one-piece-nouveau-monde\/"]}]},{"@type":"ImageObject","inLanguage":"nl-NL","@id":"https:\/\/boutique-one-piece.com\/goodies-one-piece\/goodies-nico-robin-one-piece\/tableau-one-piece-nouveau-monde\/#primaryimage","url":"https:\/\/boutique-one-piece.com\/wp-content\/uploads\/2022\/09\/Tableau-One-Piece-Nouveau-Monde.jpg","contentUrl":"https:\/\/boutique-one-piece.com\/wp-content\/uploads\/2022\/09\/Tableau-One-Piece-Nouveau-Monde.jpg","width":600,"height":600,"caption":"Tableau One Piece Nouveau Monde XL Avec Cadre"},{"@type":"BreadcrumbList","@id":"https:\/\/boutique-one-piece.com\/goodies-one-piece\/goodies-nico-robin-one-piece\/tableau-one-piece-nouveau-monde\/#breadcrumb","itemListElement":[{"@type":"ListItem","position":1,"name":"Home","item":"https:\/\/boutique-one-piece.com\/"},{"@type":"ListItem","position":2,"name":"Shop","item":"https:\/\/boutique-one-piece.com\/shop\/"},{"@type":"ListItem","position":3,"name":"Tableau One Piece Nouveau Monde"}]},{"@type":"WebSite","@id":"https:\/\/boutique-one-piece.com\/#website","url":"https:\/\/boutique-one-piece.com\/","name":"One Piece Shop","description":"Gespecialiseerde winkel voor One Piece manga en anime.","publisher":{"@id":"https:\/\/boutique-one-piece.com\/#organization"},"potentialAction":[{"@type":"SearchAction","target":{"@type":"EntryPoint","urlTemplate":"https:\/\/boutique-one-piece.com\/?s={search_term_string}"},"query-input":{"@type":"PropertyValueSpecification","valueRequired":true,"valueName":"search_term_string"}}],"inLanguage":"nl-NL"},{"@type":"Organization","@id":"https:\/\/boutique-one-piece.com\/#organization","name":"One Piece Shop","url":"https:\/\/boutique-one-piece.com\/","logo":{"@type":"ImageObject","inLanguage":"nl-NL","@id":"https:\/\/boutique-one-piece.com\/#\/schema\/logo\/image\/","url":"https:\/\/boutique-one-piece.com\/wp-content\/uploads\/2022\/09\/Logo-01.png","contentUrl":"https:\/\/boutique-one-piece.com\/wp-content\/uploads\/2022\/09\/Logo-01.png","width":2318,"height":957,"caption":"Boutique One Piece"},"image":{"@id":"https:\/\/boutique-one-piece.com\/#\/schema\/logo\/image\/"}}]}},"_links":{"self":[{"href":"https:\/\/boutique-one-piece.com\/nl\/wp-json\/wp\/v2\/product\/10089","targetHints":{"allow":["GET"]}}],"collection":[{"href":"https:\/\/boutique-one-piece.com\/nl\/wp-json\/wp\/v2\/product"}],"about":[{"href":"https:\/\/boutique-one-piece.com\/nl\/wp-json\/wp\/v2\/types\/product"}],"replies":[{"embeddable":true,"href":"https:\/\/boutique-one-piece.com\/nl\/wp-json\/wp\/v2\/comments?post=10089"}],"wp:featuredmedia":[{"embeddable":true,"href":"https:\/\/boutique-one-piece.com\/nl\/wp-json\/wp\/v2\/media\/10091"}],"wp:attachment":[{"href":"https:\/\/boutique-one-piece.com\/nl\/wp-json\/wp\/v2\/media?parent=10089"}],"wp:term":[{"taxonomy":"product_brand","embeddable":true,"href":"https:\/\/boutique-one-piece.com\/nl\/wp-json\/wp\/v2\/product_brand?post=10089"},{"taxonomy":"product_cat","embeddable":true,"href":"https:\/\/boutique-one-piece.com\/nl\/wp-json\/wp\/v2\/product_cat?post=10089"},{"taxonomy":"product_tag","embeddable":true,"href":"https:\/\/boutique-one-piece.com\/nl\/wp-json\/wp\/v2\/product_tag?post=10089"}],"curies":[{"name":"wp","href":"https:\/\/api.w.org\/{rel}","templated":true}]}}