{"id":10130,"date":"2022-09-27T20:32:36","date_gmt":"2022-09-27T20:32:36","guid":{"rendered":"https:\/\/boutique-one-piece.com\/uncategorized\/replique-one-piece-vogue-merry\/"},"modified":"2024-09-16T11:58:32","modified_gmt":"2024-09-16T11:58:32","slug":"one-piece-replica-vogue-merry","status":"publish","type":"product","link":"https:\/\/boutique-one-piece.com\/nl\/one-piece-beeldjes\/one-piece-replica-vogue-merry\/","title":{"rendered":"Vogue Merry Boat"},"content":{"rendered":"<h2>Jonge piraat, het is tijd dat je dit One Piece Vogue Merry-beeldje bemachtigt.<\/h2>\n<p>Ter herinnering, De <strong>Vogue Merry<\/strong>, Het schip, vaak liefkozend Merry genoemd, was het eerste schip van de Strohoedpiraten. Na verloop van tijd werd het schip zo geliefd bij de bemanning als thuis, dat het letterlijk een eigen persoonlijkheid ontwikkelde en als een volwaardig bemanningslid werd beschouwd.<\/p>\n<p>Helaas liep de Going Merry tijdens haar diensttijd ongelooflijk veel schade op. Het schip kon uiteraard niet langer verder varen. Daarom kreeg het, na aankomst in Water 7, een Vikingbegrafenis. Dit schip werd later vervangen door de <strong>Duizend Zonnige<\/strong>. Bovendien, de <a title=\"ONE PIECE THOUSAND SUNNY REPLICA\" href=\"https:\/\/boutique-one-piece.com\/nl\/replica-one-piece-thousand-sunny\/\" target=\"_blank\" rel=\"noopener\">replica van de Thousand Sunny<\/a> ligt binnen handbereik.<\/p>\n<h3>Ben je gefascineerd door de iconische Going Merry? Waar wacht je dan nog op? Stap aan boord en sluit je aan bij de bemanning van Monkey D. Luffy.<\/h3>\n<p>One Piece is een serie <strong>sh\u014dnen manga<\/strong>. Ga mee op avontuur en word een van de bemanningsleden van de <strong>Strohoed<\/strong>. Met deze items word je ondergedompeld in je favoriete animatiewereld. Wacht dus niet langer en grijp deze kans om spannende avonturen te beleven.<\/p>\n<h2>Informatie over het Vogue Merry-beeldje\u00a0<\/h2>\n<ul>\n<li><span><b><u>One Piece-figuurtje<\/u><\/b>\u00a0Een premium One Piece-figuurtje voor echte piraten.<\/span><\/li>\n<\/ul>\n<ul>\n<li>\n<b>Materie<\/b><span>\u00a0<\/span>PVC<\/li>\n<\/ul>\n<ul>\n<li><span><strong>Dimensie<\/strong>\u00a0: 28 cm<\/span><\/li>\n<\/ul>\n<ul>\n<li><span><strong>GRATIS BEZORGING<\/strong><\/span><\/li>\n<\/ul>","protected":false},"excerpt":{"rendered":"<p>Jeune pirate, le moment est venu pour toi de te procurer cette\u00a0Figurine One piece Vogue Merry. Pour rappel, Le Vogue Merry, souvent tendrement appel\u00e9 Merry, \u00e9tait le premier navire de L&rsquo;\u00c9quipage du Chapeau de Paille. Au fil du temps, le navire se fait si aimer par l&rsquo;\u00e9quipage en tant que maison qu&rsquo;il s&rsquo;est litt\u00e9ralement constitu\u00e9 [&hellip;]<\/p>","protected":false},"featured_media":10132,"comment_status":"open","ping_status":"open","template":"","meta":[],"product_brand":[],"product_cat":[76],"product_tag":[138,324],"class_list":{"0":"post-10130","1":"product","2":"type-product","3":"status-publish","4":"has-post-thumbnail","6":"product_cat-figurines-one-piece","7":"product_tag-bateau","8":"product_tag-vogue-merry","10":"first","11":"instock","12":"purchasable","13":"product-type-simple"},"yoast_head":"<!-- This site is optimized with the Yoast SEO plugin v27.5 - https:\/\/yoast.com\/product\/yoast-seo-wordpress\/ -->\n<title>Figurine Vogue Merry One Piece | Boutique One Piece<\/title>\n<meta name=\"description\" content=\"Jeune pirate, le moment est venu pour toi de te procurer cette\u00a0Figurine One piece Vogue Merry. Pour rappel, Le Vogue Merry, souvent tendrement appel\u00e9 Merry, \u00e9tait le premier navire de L&#039;\u00c9quipage du Chapeau de Paille. Au fil du temps, le navire se fait si aimer par l&#039;\u00e9quipage en tant que maison qu&#039;il s&#039;est litt\u00e9ralement\" \/>\n<meta name=\"robots\" content=\"index, follow, max-snippet:-1, max-image-preview:large, max-video-preview:-1\" \/>\n<link rel=\"canonical\" href=\"https:\/\/boutique-one-piece.com\/nl\/one-piece-beeldjes\/one-piece-replica-vogue-merry\/\" \/>\n<meta property=\"og:locale\" content=\"nl_NL\" \/>\n<meta property=\"og:type\" content=\"article\" \/>\n<meta property=\"og:title\" content=\"Figurine Vogue Merry One Piece | Boutique One Piece\" \/>\n<meta property=\"og:description\" content=\"Jeune pirate, le moment est venu pour toi de te procurer cette\u00a0Figurine One piece Vogue Merry. Pour rappel, Le Vogue Merry, souvent tendrement appel\u00e9 Merry, \u00e9tait le premier navire de L&#039;\u00c9quipage du Chapeau de Paille. Au fil du temps, le navire se fait si aimer par l&#039;\u00e9quipage en tant que maison qu&#039;il s&#039;est litt\u00e9ralement\" \/>\n<meta property=\"og:url\" content=\"https:\/\/boutique-one-piece.com\/nl\/one-piece-beeldjes\/one-piece-replica-vogue-merry\/\" \/>\n<meta property=\"og:site_name\" content=\"Boutique One Piece\" \/>\n<meta property=\"article:modified_time\" content=\"2024-09-16T11:58:32+00:00\" \/>\n<meta property=\"og:image\" content=\"https:\/\/boutique-one-piece.com\/wp-content\/uploads\/2022\/09\/Bateau-Vogue-Merry-1.jpg\" \/>\n\t<meta property=\"og:image:width\" content=\"800\" \/>\n\t<meta property=\"og:image:height\" content=\"800\" \/>\n\t<meta property=\"og:image:type\" content=\"image\/jpeg\" \/>\n<meta name=\"twitter:card\" content=\"summary_large_image\" \/>\n<meta name=\"twitter:label1\" content=\"Geschatte leestijd\" \/>\n\t<meta name=\"twitter:data1\" content=\"1 minuut\" \/>\n<script type=\"application\/ld+json\" class=\"yoast-schema-graph\">{\"@context\":\"https:\\\/\\\/schema.org\",\"@graph\":[{\"@type\":\"WebPage\",\"@id\":\"https:\\\/\\\/boutique-one-piece.com\\\/figurines-one-piece\\\/replique-one-piece-vogue-merry\\\/\",\"url\":\"https:\\\/\\\/boutique-one-piece.com\\\/figurines-one-piece\\\/replique-one-piece-vogue-merry\\\/\",\"name\":\"Figurine Vogue Merry One Piece | Boutique One Piece\",\"isPartOf\":{\"@id\":\"https:\\\/\\\/boutique-one-piece.com\\\/#website\"},\"primaryImageOfPage\":{\"@id\":\"https:\\\/\\\/boutique-one-piece.com\\\/figurines-one-piece\\\/replique-one-piece-vogue-merry\\\/#primaryimage\"},\"image\":{\"@id\":\"https:\\\/\\\/boutique-one-piece.com\\\/figurines-one-piece\\\/replique-one-piece-vogue-merry\\\/#primaryimage\"},\"thumbnailUrl\":\"https:\\\/\\\/boutique-one-piece.com\\\/wp-content\\\/uploads\\\/2022\\\/09\\\/Bateau-Vogue-Merry-1.jpg\",\"datePublished\":\"2022-09-27T20:32:36+00:00\",\"dateModified\":\"2024-09-16T11:58:32+00:00\",\"description\":\"Jeune pirate, le moment est venu pour toi de te procurer cette\u00a0Figurine One piece Vogue Merry. Pour rappel, Le Vogue Merry, souvent tendrement appel\u00e9 Merry, \u00e9tait le premier navire de L'\u00c9quipage du Chapeau de Paille. Au fil du temps, le navire se fait si aimer par l'\u00e9quipage en tant que maison qu'il s'est litt\u00e9ralement\",\"breadcrumb\":{\"@id\":\"https:\\\/\\\/boutique-one-piece.com\\\/figurines-one-piece\\\/replique-one-piece-vogue-merry\\\/#breadcrumb\"},\"inLanguage\":\"nl-NL\",\"potentialAction\":[{\"@type\":\"ReadAction\",\"target\":[\"https:\\\/\\\/boutique-one-piece.com\\\/figurines-one-piece\\\/replique-one-piece-vogue-merry\\\/\"]}]},{\"@type\":\"ImageObject\",\"inLanguage\":\"nl-NL\",\"@id\":\"https:\\\/\\\/boutique-one-piece.com\\\/figurines-one-piece\\\/replique-one-piece-vogue-merry\\\/#primaryimage\",\"url\":\"https:\\\/\\\/boutique-one-piece.com\\\/wp-content\\\/uploads\\\/2022\\\/09\\\/Bateau-Vogue-Merry-1.jpg\",\"contentUrl\":\"https:\\\/\\\/boutique-one-piece.com\\\/wp-content\\\/uploads\\\/2022\\\/09\\\/Bateau-Vogue-Merry-1.jpg\",\"width\":800,\"height\":800},{\"@type\":\"BreadcrumbList\",\"@id\":\"https:\\\/\\\/boutique-one-piece.com\\\/figurines-one-piece\\\/replique-one-piece-vogue-merry\\\/#breadcrumb\",\"itemListElement\":[{\"@type\":\"ListItem\",\"position\":1,\"name\":\"Home\",\"item\":\"https:\\\/\\\/boutique-one-piece.com\\\/\"},{\"@type\":\"ListItem\",\"position\":2,\"name\":\"Shop\",\"item\":\"https:\\\/\\\/boutique-one-piece.com\\\/shop\\\/\"},{\"@type\":\"ListItem\",\"position\":3,\"name\":\"Bateau Vogue Merry\"}]},{\"@type\":\"WebSite\",\"@id\":\"https:\\\/\\\/boutique-one-piece.com\\\/#website\",\"url\":\"https:\\\/\\\/boutique-one-piece.com\\\/\",\"name\":\"Boutique One Piece\",\"description\":\"Magasin Sp\u00e9cialis\u00e9 du Manga et l&#039;Anime One Piece\",\"publisher\":{\"@id\":\"https:\\\/\\\/boutique-one-piece.com\\\/#organization\"},\"potentialAction\":[{\"@type\":\"SearchAction\",\"target\":{\"@type\":\"EntryPoint\",\"urlTemplate\":\"https:\\\/\\\/boutique-one-piece.com\\\/?s={search_term_string}\"},\"query-input\":{\"@type\":\"PropertyValueSpecification\",\"valueRequired\":true,\"valueName\":\"search_term_string\"}}],\"inLanguage\":\"nl-NL\"},{\"@type\":\"Organization\",\"@id\":\"https:\\\/\\\/boutique-one-piece.com\\\/#organization\",\"name\":\"Boutique One Piece\",\"url\":\"https:\\\/\\\/boutique-one-piece.com\\\/\",\"logo\":{\"@type\":\"ImageObject\",\"inLanguage\":\"nl-NL\",\"@id\":\"https:\\\/\\\/boutique-one-piece.com\\\/#\\\/schema\\\/logo\\\/image\\\/\",\"url\":\"https:\\\/\\\/boutique-one-piece.com\\\/wp-content\\\/uploads\\\/2022\\\/09\\\/Logo-01.png\",\"contentUrl\":\"https:\\\/\\\/boutique-one-piece.com\\\/wp-content\\\/uploads\\\/2022\\\/09\\\/Logo-01.png\",\"width\":2318,\"height\":957,\"caption\":\"Boutique One Piece\"},\"image\":{\"@id\":\"https:\\\/\\\/boutique-one-piece.com\\\/#\\\/schema\\\/logo\\\/image\\\/\"}}]}<\/script>\n<!-- \/ Yoast SEO plugin. -->","yoast_head_json":{"title":"Vogue Merry One Piece-figuur | One Piece Shop","description":"Jonge piraat, het is tijd dat je dit One Piece Going Merry-figuurtje in handen krijgt. Ter herinnering: de Going Merry, vaak liefkozend Merry genoemd, was het eerste schip van de Strohoedpiraten. Na verloop van tijd werd het schip zo geliefd bij de bemanning als hun thuis, dat het letterlijk hun thuis werd.","robots":{"index":"index","follow":"follow","max-snippet":"max-snippet:-1","max-image-preview":"max-image-preview:large","max-video-preview":"max-video-preview:-1"},"canonical":"https:\/\/boutique-one-piece.com\/nl\/one-piece-beeldjes\/one-piece-replica-vogue-merry\/","og_locale":"nl_NL","og_type":"article","og_title":"Figurine Vogue Merry One Piece | Boutique One Piece","og_description":"Jeune pirate, le moment est venu pour toi de te procurer cette\u00a0Figurine One piece Vogue Merry. Pour rappel, Le Vogue Merry, souvent tendrement appel\u00e9 Merry, \u00e9tait le premier navire de L'\u00c9quipage du Chapeau de Paille. Au fil du temps, le navire se fait si aimer par l'\u00e9quipage en tant que maison qu'il s'est litt\u00e9ralement","og_url":"https:\/\/boutique-one-piece.com\/nl\/one-piece-beeldjes\/one-piece-replica-vogue-merry\/","og_site_name":"Boutique One Piece","article_modified_time":"2024-09-16T11:58:32+00:00","og_image":[{"width":800,"height":800,"url":"https:\/\/boutique-one-piece.com\/wp-content\/uploads\/2022\/09\/Bateau-Vogue-Merry-1.jpg","type":"image\/jpeg"}],"twitter_card":"summary_large_image","twitter_misc":{"Geschatte leestijd":"1 minuut"},"schema":{"@context":"https:\/\/schema.org","@graph":[{"@type":"WebPage","@id":"https:\/\/boutique-one-piece.com\/figurines-one-piece\/replique-one-piece-vogue-merry\/","url":"https:\/\/boutique-one-piece.com\/figurines-one-piece\/replique-one-piece-vogue-merry\/","name":"Vogue Merry One Piece-figuur | One Piece Shop","isPartOf":{"@id":"https:\/\/boutique-one-piece.com\/#website"},"primaryImageOfPage":{"@id":"https:\/\/boutique-one-piece.com\/figurines-one-piece\/replique-one-piece-vogue-merry\/#primaryimage"},"image":{"@id":"https:\/\/boutique-one-piece.com\/figurines-one-piece\/replique-one-piece-vogue-merry\/#primaryimage"},"thumbnailUrl":"https:\/\/boutique-one-piece.com\/wp-content\/uploads\/2022\/09\/Bateau-Vogue-Merry-1.jpg","datePublished":"2022-09-27T20:32:36+00:00","dateModified":"2024-09-16T11:58:32+00:00","description":"Jonge piraat, het is tijd dat je dit One Piece Going Merry-figuurtje in handen krijgt. Ter herinnering: de Going Merry, vaak liefkozend Merry genoemd, was het eerste schip van de Strohoedpiraten. Na verloop van tijd werd het schip zo geliefd bij de bemanning als hun thuis, dat het letterlijk hun thuis werd.","breadcrumb":{"@id":"https:\/\/boutique-one-piece.com\/figurines-one-piece\/replique-one-piece-vogue-merry\/#breadcrumb"},"inLanguage":"nl-NL","potentialAction":[{"@type":"ReadAction","target":["https:\/\/boutique-one-piece.com\/figurines-one-piece\/replique-one-piece-vogue-merry\/"]}]},{"@type":"ImageObject","inLanguage":"nl-NL","@id":"https:\/\/boutique-one-piece.com\/figurines-one-piece\/replique-one-piece-vogue-merry\/#primaryimage","url":"https:\/\/boutique-one-piece.com\/wp-content\/uploads\/2022\/09\/Bateau-Vogue-Merry-1.jpg","contentUrl":"https:\/\/boutique-one-piece.com\/wp-content\/uploads\/2022\/09\/Bateau-Vogue-Merry-1.jpg","width":800,"height":800},{"@type":"BreadcrumbList","@id":"https:\/\/boutique-one-piece.com\/figurines-one-piece\/replique-one-piece-vogue-merry\/#breadcrumb","itemListElement":[{"@type":"ListItem","position":1,"name":"Home","item":"https:\/\/boutique-one-piece.com\/"},{"@type":"ListItem","position":2,"name":"Shop","item":"https:\/\/boutique-one-piece.com\/shop\/"},{"@type":"ListItem","position":3,"name":"Bateau Vogue Merry"}]},{"@type":"WebSite","@id":"https:\/\/boutique-one-piece.com\/#website","url":"https:\/\/boutique-one-piece.com\/","name":"One Piece Shop","description":"Gespecialiseerde winkel voor One Piece manga en anime.","publisher":{"@id":"https:\/\/boutique-one-piece.com\/#organization"},"potentialAction":[{"@type":"SearchAction","target":{"@type":"EntryPoint","urlTemplate":"https:\/\/boutique-one-piece.com\/?s={search_term_string}"},"query-input":{"@type":"PropertyValueSpecification","valueRequired":true,"valueName":"search_term_string"}}],"inLanguage":"nl-NL"},{"@type":"Organization","@id":"https:\/\/boutique-one-piece.com\/#organization","name":"One Piece Shop","url":"https:\/\/boutique-one-piece.com\/","logo":{"@type":"ImageObject","inLanguage":"nl-NL","@id":"https:\/\/boutique-one-piece.com\/#\/schema\/logo\/image\/","url":"https:\/\/boutique-one-piece.com\/wp-content\/uploads\/2022\/09\/Logo-01.png","contentUrl":"https:\/\/boutique-one-piece.com\/wp-content\/uploads\/2022\/09\/Logo-01.png","width":2318,"height":957,"caption":"Boutique One Piece"},"image":{"@id":"https:\/\/boutique-one-piece.com\/#\/schema\/logo\/image\/"}}]}},"_links":{"self":[{"href":"https:\/\/boutique-one-piece.com\/nl\/wp-json\/wp\/v2\/product\/10130","targetHints":{"allow":["GET"]}}],"collection":[{"href":"https:\/\/boutique-one-piece.com\/nl\/wp-json\/wp\/v2\/product"}],"about":[{"href":"https:\/\/boutique-one-piece.com\/nl\/wp-json\/wp\/v2\/types\/product"}],"replies":[{"embeddable":true,"href":"https:\/\/boutique-one-piece.com\/nl\/wp-json\/wp\/v2\/comments?post=10130"}],"wp:featuredmedia":[{"embeddable":true,"href":"https:\/\/boutique-one-piece.com\/nl\/wp-json\/wp\/v2\/media\/10132"}],"wp:attachment":[{"href":"https:\/\/boutique-one-piece.com\/nl\/wp-json\/wp\/v2\/media?parent=10130"}],"wp:term":[{"taxonomy":"product_brand","embeddable":true,"href":"https:\/\/boutique-one-piece.com\/nl\/wp-json\/wp\/v2\/product_brand?post=10130"},{"taxonomy":"product_cat","embeddable":true,"href":"https:\/\/boutique-one-piece.com\/nl\/wp-json\/wp\/v2\/product_cat?post=10130"},{"taxonomy":"product_tag","embeddable":true,"href":"https:\/\/boutique-one-piece.com\/nl\/wp-json\/wp\/v2\/product_tag?post=10130"}],"curies":[{"name":"wp","href":"https:\/\/api.w.org\/{rel}","templated":true}]}}