{"id":10257,"date":"2022-09-27T20:33:22","date_gmt":"2022-09-27T20:33:22","guid":{"rendered":"https:\/\/boutique-one-piece.com\/uncategorized\/figurine-one-piece-charlotte-katakuri\/"},"modified":"2024-09-16T12:01:43","modified_gmt":"2024-09-16T12:01:43","slug":"charlotte-katakuri-beeldje-uit-een-stuk","status":"publish","type":"product","link":"https:\/\/boutique-one-piece.com\/nl\/one-piece-beeldjes\/charlotte-katakuri-beeldje-uit-een-stuk\/","title":{"rendered":"One Piece Charlotte Katakuri-figuur"},"content":{"rendered":"<h2>Jonge piraat, het is tijd dat je dit One Piece Charlotte Katakuri-beeldje bemachtigt.<\/h2>\n<p>Dit is wat je over hem moet weten; ; <strong>Charlotte Katakuri<\/strong> Hij is de tweede zoon en het derde kind van de familie Charlotte. Hij is ook een van de drieling die tegelijk met Oven en Daifuku geboren is. Hij is een van de drie Sweet Commanders van de Piraten van <strong>Big Mom<\/strong>, evenals de minister van Meel die Wheat Island bestuurt.<\/p>\n<p>Even een korte zijnoot over Big Mom, ook bekend als Charlotte Linlin: zij is de kapitein van de Big Mom Pirates en het enige vrouwelijke lid van de piraten. <strong>Vier Keizers<\/strong>. Zij is de matriarch van de Charlotte-familie, die de ruggengraat van haar groep vormt. En als je je verzameling beeldjes wilt uitbreiden, dan is dit misschien iets voor jou. <a title=\"ONE PIECE BIG MOM OP HAAR TROON BEELDJE\" href=\"https:\/\/boutique-one-piece.com\/nl\/one-piece-big-mom-figuurtje-op-haar-troon-26-cm\/\" target=\"_blank\" rel=\"noopener\">Big Mom-beeldje op haar troon<\/a> ligt binnen handbereik.<\/p>\n<h3>Ben je helemaal overtuigd van het personage Charlotte Katakuri? Zo ja, aarzel dan niet langer en grijp je kans om je aan te sluiten bij de Big Mom Pirates.<\/h3>\n<p>Of je nu een fervent fan bent of een doorgewinterde verzamelaar, deze items zijn absoluut iets voor jou. Perfect om cadeau te geven, te verzamelen of te decoreren, deze items zullen je collectie verrijken. <strong>jouw One Piece-universum<\/strong>. Neem je lot in eigen handen, jonge piraat, en ga op zoek naar de <strong>One Piece schat<\/strong>.<\/p>\n<h2>Informatie over het Charlotte Katakuri-beeldje\u00a0<\/h2>\n<ul>\n<li><span><b><u>One Piece-figuurtje<\/u><\/b>\u00a0Een premium One Piece-figuurtje voor echte piraten.<\/span><\/li>\n<\/ul>\n<ul>\n<li>\n<b>Materie<\/b><span>\u00a0<\/span>PVC<\/li>\n<\/ul>\n<ul>\n<li><span><strong>Dimensie<\/strong>\u00a0: 22 cm<\/span><\/li>\n<\/ul>\n<ul>\n<li><span><strong>GRATIS BEZORGING<\/strong><\/span><\/li>\n<\/ul>","protected":false},"excerpt":{"rendered":"<p>Jeune pirate, le moment est venu pour toi de te procurer cette Figurine One Piece Charlotte Katakuri. Voici ce que tu dois savoir \u00e0 son sujet ; Charlotte Katakuri est le 2e fils et le 3e enfant de la Famille Charlotte. C&rsquo;est aussi un des tripl\u00e9s n\u00e9s en m\u00eame temps qu&rsquo;Oven et Daifuku. Il est [&hellip;]<\/p>","protected":false},"featured_media":10259,"comment_status":"open","ping_status":"open","template":"","meta":[],"product_brand":[],"product_cat":[76],"product_tag":[330],"class_list":{"0":"post-10257","1":"product","2":"type-product","3":"status-publish","4":"has-post-thumbnail","6":"product_cat-figurines-one-piece","7":"product_tag-katakuri","9":"first","10":"instock","11":"purchasable","12":"product-type-simple"},"yoast_head":"<!-- This site is optimized with the Yoast SEO plugin v27.5 - https:\/\/yoast.com\/product\/yoast-seo-wordpress\/ -->\n<title>Figurine One Piece Charlotte Katakuri | Figurine One Piece \u2013 Boutique One Piece<\/title>\n<meta name=\"description\" content=\"Jeune pirate, le moment est venu pour toi de te procurer cette Figurine One Piece Charlotte Katakuri. Voici ce que tu dois savoir \u00e0 son sujet ; Charlotte Katakuri est le 2e fils et le 3e enfant de la Famille Charlotte. C&#039;est aussi un des tripl\u00e9s n\u00e9s en m\u00eame temps qu&#039;Oven et Daifuku. Il est l&#039;un des trois Sweet Commande\" \/>\n<meta name=\"robots\" content=\"index, follow, max-snippet:-1, max-image-preview:large, max-video-preview:-1\" \/>\n<link rel=\"canonical\" href=\"https:\/\/boutique-one-piece.com\/nl\/one-piece-beeldjes\/charlotte-katakuri-beeldje-uit-een-stuk\/\" \/>\n<meta property=\"og:locale\" content=\"nl_NL\" \/>\n<meta property=\"og:type\" content=\"article\" \/>\n<meta property=\"og:title\" content=\"Figurine One Piece Charlotte Katakuri | Figurine One Piece \u2013 Boutique One Piece\" \/>\n<meta property=\"og:description\" content=\"Jeune pirate, le moment est venu pour toi de te procurer cette Figurine One Piece Charlotte Katakuri. Voici ce que tu dois savoir \u00e0 son sujet ; Charlotte Katakuri est le 2e fils et le 3e enfant de la Famille Charlotte. C&#039;est aussi un des tripl\u00e9s n\u00e9s en m\u00eame temps qu&#039;Oven et Daifuku. Il est l&#039;un des trois Sweet Commande\" \/>\n<meta property=\"og:url\" content=\"https:\/\/boutique-one-piece.com\/nl\/one-piece-beeldjes\/charlotte-katakuri-beeldje-uit-een-stuk\/\" \/>\n<meta property=\"og:site_name\" content=\"Boutique One Piece\" \/>\n<meta property=\"article:modified_time\" content=\"2024-09-16T12:01:43+00:00\" \/>\n<meta property=\"og:image\" content=\"https:\/\/boutique-one-piece.com\/wp-content\/uploads\/2022\/09\/Figurine-One-Piece-Charlotte-Katakuri-1.jpg\" \/>\n\t<meta property=\"og:image:width\" content=\"600\" \/>\n\t<meta property=\"og:image:height\" content=\"600\" \/>\n\t<meta property=\"og:image:type\" content=\"image\/jpeg\" \/>\n<meta name=\"twitter:card\" content=\"summary_large_image\" \/>\n<meta name=\"twitter:label1\" content=\"Geschatte leestijd\" \/>\n\t<meta name=\"twitter:data1\" content=\"1 minuut\" \/>\n<script type=\"application\/ld+json\" class=\"yoast-schema-graph\">{\"@context\":\"https:\\\/\\\/schema.org\",\"@graph\":[{\"@type\":\"WebPage\",\"@id\":\"https:\\\/\\\/boutique-one-piece.com\\\/figurines-one-piece\\\/figurine-one-piece-charlotte-katakuri\\\/\",\"url\":\"https:\\\/\\\/boutique-one-piece.com\\\/figurines-one-piece\\\/figurine-one-piece-charlotte-katakuri\\\/\",\"name\":\"Figurine One Piece Charlotte Katakuri | Figurine One Piece \u2013 Boutique One Piece\",\"isPartOf\":{\"@id\":\"https:\\\/\\\/boutique-one-piece.com\\\/#website\"},\"primaryImageOfPage\":{\"@id\":\"https:\\\/\\\/boutique-one-piece.com\\\/figurines-one-piece\\\/figurine-one-piece-charlotte-katakuri\\\/#primaryimage\"},\"image\":{\"@id\":\"https:\\\/\\\/boutique-one-piece.com\\\/figurines-one-piece\\\/figurine-one-piece-charlotte-katakuri\\\/#primaryimage\"},\"thumbnailUrl\":\"https:\\\/\\\/boutique-one-piece.com\\\/wp-content\\\/uploads\\\/2022\\\/09\\\/Figurine-One-Piece-Charlotte-Katakuri-1.jpg\",\"datePublished\":\"2022-09-27T20:33:22+00:00\",\"dateModified\":\"2024-09-16T12:01:43+00:00\",\"description\":\"Jeune pirate, le moment est venu pour toi de te procurer cette Figurine One Piece Charlotte Katakuri. Voici ce que tu dois savoir \u00e0 son sujet ; Charlotte Katakuri est le 2e fils et le 3e enfant de la Famille Charlotte. C'est aussi un des tripl\u00e9s n\u00e9s en m\u00eame temps qu'Oven et Daifuku. Il est l'un des trois Sweet Commande\",\"breadcrumb\":{\"@id\":\"https:\\\/\\\/boutique-one-piece.com\\\/figurines-one-piece\\\/figurine-one-piece-charlotte-katakuri\\\/#breadcrumb\"},\"inLanguage\":\"nl-NL\",\"potentialAction\":[{\"@type\":\"ReadAction\",\"target\":[\"https:\\\/\\\/boutique-one-piece.com\\\/figurines-one-piece\\\/figurine-one-piece-charlotte-katakuri\\\/\"]}]},{\"@type\":\"ImageObject\",\"inLanguage\":\"nl-NL\",\"@id\":\"https:\\\/\\\/boutique-one-piece.com\\\/figurines-one-piece\\\/figurine-one-piece-charlotte-katakuri\\\/#primaryimage\",\"url\":\"https:\\\/\\\/boutique-one-piece.com\\\/wp-content\\\/uploads\\\/2022\\\/09\\\/Figurine-One-Piece-Charlotte-Katakuri-1.jpg\",\"contentUrl\":\"https:\\\/\\\/boutique-one-piece.com\\\/wp-content\\\/uploads\\\/2022\\\/09\\\/Figurine-One-Piece-Charlotte-Katakuri-1.jpg\",\"width\":600,\"height\":600},{\"@type\":\"BreadcrumbList\",\"@id\":\"https:\\\/\\\/boutique-one-piece.com\\\/figurines-one-piece\\\/figurine-one-piece-charlotte-katakuri\\\/#breadcrumb\",\"itemListElement\":[{\"@type\":\"ListItem\",\"position\":1,\"name\":\"Home\",\"item\":\"https:\\\/\\\/boutique-one-piece.com\\\/\"},{\"@type\":\"ListItem\",\"position\":2,\"name\":\"Shop\",\"item\":\"https:\\\/\\\/boutique-one-piece.com\\\/shop\\\/\"},{\"@type\":\"ListItem\",\"position\":3,\"name\":\"Figurine One Piece Charlotte Katakuri\"}]},{\"@type\":\"WebSite\",\"@id\":\"https:\\\/\\\/boutique-one-piece.com\\\/#website\",\"url\":\"https:\\\/\\\/boutique-one-piece.com\\\/\",\"name\":\"Boutique One Piece\",\"description\":\"Magasin Sp\u00e9cialis\u00e9 du Manga et l&#039;Anime One Piece\",\"publisher\":{\"@id\":\"https:\\\/\\\/boutique-one-piece.com\\\/#organization\"},\"potentialAction\":[{\"@type\":\"SearchAction\",\"target\":{\"@type\":\"EntryPoint\",\"urlTemplate\":\"https:\\\/\\\/boutique-one-piece.com\\\/?s={search_term_string}\"},\"query-input\":{\"@type\":\"PropertyValueSpecification\",\"valueRequired\":true,\"valueName\":\"search_term_string\"}}],\"inLanguage\":\"nl-NL\"},{\"@type\":\"Organization\",\"@id\":\"https:\\\/\\\/boutique-one-piece.com\\\/#organization\",\"name\":\"Boutique One Piece\",\"url\":\"https:\\\/\\\/boutique-one-piece.com\\\/\",\"logo\":{\"@type\":\"ImageObject\",\"inLanguage\":\"nl-NL\",\"@id\":\"https:\\\/\\\/boutique-one-piece.com\\\/#\\\/schema\\\/logo\\\/image\\\/\",\"url\":\"https:\\\/\\\/boutique-one-piece.com\\\/wp-content\\\/uploads\\\/2022\\\/09\\\/Logo-01.png\",\"contentUrl\":\"https:\\\/\\\/boutique-one-piece.com\\\/wp-content\\\/uploads\\\/2022\\\/09\\\/Logo-01.png\",\"width\":2318,\"height\":957,\"caption\":\"Boutique One Piece\"},\"image\":{\"@id\":\"https:\\\/\\\/boutique-one-piece.com\\\/#\\\/schema\\\/logo\\\/image\\\/\"}}]}<\/script>\n<!-- \/ Yoast SEO plugin. -->","yoast_head_json":{"title":"One Piece Charlotte Katakuri Figuur | One Piece Figuur \u2013 One Piece Shop","description":"Jonge piraat, het is tijd dat je dit One Piece Charlotte Katakuri-figuurtje in handen krijgt. Dit moet je over haar weten: Charlotte Katakuri is de tweede zoon en het derde kind van de Charlotte-familie. Ze is ook een van de drieling die tegelijk met Oven en Daifuku geboren is. Ze is een van de drie Zoete Geboden.","robots":{"index":"index","follow":"follow","max-snippet":"max-snippet:-1","max-image-preview":"max-image-preview:large","max-video-preview":"max-video-preview:-1"},"canonical":"https:\/\/boutique-one-piece.com\/nl\/one-piece-beeldjes\/charlotte-katakuri-beeldje-uit-een-stuk\/","og_locale":"nl_NL","og_type":"article","og_title":"Figurine One Piece Charlotte Katakuri | Figurine One Piece \u2013 Boutique One Piece","og_description":"Jeune pirate, le moment est venu pour toi de te procurer cette Figurine One Piece Charlotte Katakuri. Voici ce que tu dois savoir \u00e0 son sujet ; Charlotte Katakuri est le 2e fils et le 3e enfant de la Famille Charlotte. C'est aussi un des tripl\u00e9s n\u00e9s en m\u00eame temps qu'Oven et Daifuku. Il est l'un des trois Sweet Commande","og_url":"https:\/\/boutique-one-piece.com\/nl\/one-piece-beeldjes\/charlotte-katakuri-beeldje-uit-een-stuk\/","og_site_name":"Boutique One Piece","article_modified_time":"2024-09-16T12:01:43+00:00","og_image":[{"width":600,"height":600,"url":"https:\/\/boutique-one-piece.com\/wp-content\/uploads\/2022\/09\/Figurine-One-Piece-Charlotte-Katakuri-1.jpg","type":"image\/jpeg"}],"twitter_card":"summary_large_image","twitter_misc":{"Geschatte leestijd":"1 minuut"},"schema":{"@context":"https:\/\/schema.org","@graph":[{"@type":"WebPage","@id":"https:\/\/boutique-one-piece.com\/figurines-one-piece\/figurine-one-piece-charlotte-katakuri\/","url":"https:\/\/boutique-one-piece.com\/figurines-one-piece\/figurine-one-piece-charlotte-katakuri\/","name":"One Piece Charlotte Katakuri Figuur | One Piece Figuur \u2013 One Piece Shop","isPartOf":{"@id":"https:\/\/boutique-one-piece.com\/#website"},"primaryImageOfPage":{"@id":"https:\/\/boutique-one-piece.com\/figurines-one-piece\/figurine-one-piece-charlotte-katakuri\/#primaryimage"},"image":{"@id":"https:\/\/boutique-one-piece.com\/figurines-one-piece\/figurine-one-piece-charlotte-katakuri\/#primaryimage"},"thumbnailUrl":"https:\/\/boutique-one-piece.com\/wp-content\/uploads\/2022\/09\/Figurine-One-Piece-Charlotte-Katakuri-1.jpg","datePublished":"2022-09-27T20:33:22+00:00","dateModified":"2024-09-16T12:01:43+00:00","description":"Jonge piraat, het is tijd dat je dit One Piece Charlotte Katakuri-figuurtje in handen krijgt. Dit moet je over haar weten: Charlotte Katakuri is de tweede zoon en het derde kind van de Charlotte-familie. Ze is ook een van de drieling die tegelijk met Oven en Daifuku geboren is. Ze is een van de drie Zoete Geboden.","breadcrumb":{"@id":"https:\/\/boutique-one-piece.com\/figurines-one-piece\/figurine-one-piece-charlotte-katakuri\/#breadcrumb"},"inLanguage":"nl-NL","potentialAction":[{"@type":"ReadAction","target":["https:\/\/boutique-one-piece.com\/figurines-one-piece\/figurine-one-piece-charlotte-katakuri\/"]}]},{"@type":"ImageObject","inLanguage":"nl-NL","@id":"https:\/\/boutique-one-piece.com\/figurines-one-piece\/figurine-one-piece-charlotte-katakuri\/#primaryimage","url":"https:\/\/boutique-one-piece.com\/wp-content\/uploads\/2022\/09\/Figurine-One-Piece-Charlotte-Katakuri-1.jpg","contentUrl":"https:\/\/boutique-one-piece.com\/wp-content\/uploads\/2022\/09\/Figurine-One-Piece-Charlotte-Katakuri-1.jpg","width":600,"height":600},{"@type":"BreadcrumbList","@id":"https:\/\/boutique-one-piece.com\/figurines-one-piece\/figurine-one-piece-charlotte-katakuri\/#breadcrumb","itemListElement":[{"@type":"ListItem","position":1,"name":"Home","item":"https:\/\/boutique-one-piece.com\/"},{"@type":"ListItem","position":2,"name":"Shop","item":"https:\/\/boutique-one-piece.com\/shop\/"},{"@type":"ListItem","position":3,"name":"Figurine One Piece Charlotte Katakuri"}]},{"@type":"WebSite","@id":"https:\/\/boutique-one-piece.com\/#website","url":"https:\/\/boutique-one-piece.com\/","name":"One Piece Shop","description":"Gespecialiseerde winkel voor One Piece manga en anime.","publisher":{"@id":"https:\/\/boutique-one-piece.com\/#organization"},"potentialAction":[{"@type":"SearchAction","target":{"@type":"EntryPoint","urlTemplate":"https:\/\/boutique-one-piece.com\/?s={search_term_string}"},"query-input":{"@type":"PropertyValueSpecification","valueRequired":true,"valueName":"search_term_string"}}],"inLanguage":"nl-NL"},{"@type":"Organization","@id":"https:\/\/boutique-one-piece.com\/#organization","name":"One Piece Shop","url":"https:\/\/boutique-one-piece.com\/","logo":{"@type":"ImageObject","inLanguage":"nl-NL","@id":"https:\/\/boutique-one-piece.com\/#\/schema\/logo\/image\/","url":"https:\/\/boutique-one-piece.com\/wp-content\/uploads\/2022\/09\/Logo-01.png","contentUrl":"https:\/\/boutique-one-piece.com\/wp-content\/uploads\/2022\/09\/Logo-01.png","width":2318,"height":957,"caption":"Boutique One Piece"},"image":{"@id":"https:\/\/boutique-one-piece.com\/#\/schema\/logo\/image\/"}}]}},"_links":{"self":[{"href":"https:\/\/boutique-one-piece.com\/nl\/wp-json\/wp\/v2\/product\/10257","targetHints":{"allow":["GET"]}}],"collection":[{"href":"https:\/\/boutique-one-piece.com\/nl\/wp-json\/wp\/v2\/product"}],"about":[{"href":"https:\/\/boutique-one-piece.com\/nl\/wp-json\/wp\/v2\/types\/product"}],"replies":[{"embeddable":true,"href":"https:\/\/boutique-one-piece.com\/nl\/wp-json\/wp\/v2\/comments?post=10257"}],"wp:featuredmedia":[{"embeddable":true,"href":"https:\/\/boutique-one-piece.com\/nl\/wp-json\/wp\/v2\/media\/10259"}],"wp:attachment":[{"href":"https:\/\/boutique-one-piece.com\/nl\/wp-json\/wp\/v2\/media?parent=10257"}],"wp:term":[{"taxonomy":"product_brand","embeddable":true,"href":"https:\/\/boutique-one-piece.com\/nl\/wp-json\/wp\/v2\/product_brand?post=10257"},{"taxonomy":"product_cat","embeddable":true,"href":"https:\/\/boutique-one-piece.com\/nl\/wp-json\/wp\/v2\/product_cat?post=10257"},{"taxonomy":"product_tag","embeddable":true,"href":"https:\/\/boutique-one-piece.com\/nl\/wp-json\/wp\/v2\/product_tag?post=10257"}],"curies":[{"name":"wp","href":"https:\/\/api.w.org\/{rel}","templated":true}]}}