{"id":10271,"date":"2022-09-27T20:33:22","date_gmt":"2022-09-27T20:33:22","guid":{"rendered":"https:\/\/boutique-one-piece.com\/uncategorized\/peluche-vogue-merry\/"},"modified":"2024-11-12T21:38:16","modified_gmt":"2024-11-12T21:38:16","slug":"vogue-merry-pluche-speelgoed","status":"publish","type":"product","link":"https:\/\/boutique-one-piece.com\/nl\/one-piece-pluche-speelgoed\/vogue-merry-pluche-speelgoed\/","title":{"rendered":"Vogue Merry Plush"},"content":{"rendered":"<h2>Jonge piraat, ga even aan boord van het oude schip van de Strohoedpiraten. Om dat te doen, bemachtig nu deze Going Merry pluche knuffel.<\/h2>\n<p><strong>De Going Merry<\/strong>, vaak liefkozend Merry genoemd, was de <strong>eerste schip<\/strong> van de Strohoedpiraten. De Going Merry bracht hen van East Blue, het thuisdorp van Usopp, naar Water Seven. Het is een karveel dat ontworpen is door Merry, Kaya&#039;s butler (na Kuro). De Strohoedpiraten kregen het schip als beloning van Kaya omdat ze haar hadden gered van Kuro&#039;s dreigende moordaanslag. Na verloop van tijd werd het schip zo geliefd bij de bemanning als thuis dat het letterlijk een eigen persoonlijkheid ontwikkelde en net als elk ander bemanningslid deel ging uitmaken van de groep.<\/p>\n<p>Helaas liep de Going Merry tijdens haar &quot;levensduur&quot; ongelooflijk veel schade op: ze werd opgeblazen, doorboord en zelfs meerdere keren doorgesneden. Het schip kon uiteraard niet zo verder varen. Daarom, na aankomst in Water 7, <strong>Hij kreeg een Vikingbegrafenis.<\/strong>. Luffy&#039;s bemanning vaart nu aan boord van de Thousand Sunny. Bovendien... <a title=\"Duizend zonnige pluche speelgoed\" href=\"https:\/\/boutique-one-piece.com\/nl\/pluche-speelgoed-van-thousand-sunny\/\" target=\"_blank\" rel=\"noopener\">Pluche speelgoed van het schip Sunny<\/a> ligt binnen handbereik.<\/p>\n<h3>Jonge piraat, ga aan boord van de Going Merry! Dit pluche speelgoed van het schip neemt je mee op veel van de avonturen die Luffy en zijn bemanning hebben beleefd.<\/h3>\n<p>Of je nu een fervent fan bent of een serieuze verzamelaar, je bent hier aan het juiste adres. Deze <strong>mythische objecten<\/strong> Je wordt teruggevoerd naar je favoriete anime-universum. Aarzel niet langer en grijp de kans om nog veel meer spannende avonturen in Luffy&#039;s fantastische wereld te herbeleven. Het enige wat je nog hoeft te doen, is op pad gaan en de wereld veroveren!<strong> One Piece<\/strong>.<\/p>\n<h2>Informatie over de One Piece Vogue Merry pluche:<\/h2>\n<ul>\n<li>\u00a0<b>Producttype<\/b><span>\u00a0<\/span>Pluche speelgoed uit de One Piece manga<\/li>\n<\/ul>\n<ul>\n<li>\n<b>Gebruik van de Peluce<\/b>\u00a0Speelgoed, decoraties, verzamelobjecten, cadeaus<\/li>\n<\/ul>\n<ul>\n<li>\n<b>Personagenaam<\/b>\u00a0Vogue Merry<\/li>\n<\/ul>\n<ul>\n<li>\n<b>Pluche speelgoedformaat<\/b>\u00a0: 25 centimeter<\/li>\n<\/ul>\n<ul>\n<li>\n<b>Materie<\/b>\u00a0: Katoen<\/li>\n<\/ul>\n<ul>\n<li>\n<b>Aanbevolen leeftijd<\/b>\u00a0: meer dan 3 jaar<\/li>\n<\/ul>\n<ul>\n<li>\n<b>Gratis bezorging<\/b> voor elke aankoop<\/li>\n<\/ul>","protected":false},"excerpt":{"rendered":"<p>Jonge piraat, ga even aan boord van het oude schip van de Strohoedpiraten. Om dat te doen, koop nu deze Going Merry-knuffel. De Going Merry, vaak liefkozend Merry genoemd, was het eerste schip van de Strohoedpiraten. De Going Merry bracht hen van East Blue, vanuit Usopps thuisdorp, naar [\u2026]<\/p>","protected":false},"featured_media":10273,"comment_status":"open","ping_status":"open","template":"","meta":[],"product_brand":[],"product_cat":[177],"product_tag":[324],"class_list":{"0":"post-10271","1":"product","2":"type-product","3":"status-publish","4":"has-post-thumbnail","6":"product_cat-peluches-one-piece","7":"product_tag-vogue-merry","9":"first","10":"instock","11":"purchasable","12":"product-type-simple"},"yoast_head":"<!-- This site is optimized with the Yoast SEO plugin v27.5 - https:\/\/yoast.com\/product\/yoast-seo-wordpress\/ -->\n<title>Peluche Vogue Merry | Boutique One Piece<\/title>\n<meta name=\"description\" content=\"D\u00e9couvrez la peluche One Piece bateau Vogue Merry, elle est aussi douce que mignonne ! Commencez votre aventure de pirate \u00e0 la recherche du One Piece dans l&#039;\u00e9quipage du Chapeau de Paille\" \/>\n<meta name=\"robots\" content=\"index, follow, max-snippet:-1, max-image-preview:large, max-video-preview:-1\" \/>\n<link rel=\"canonical\" href=\"https:\/\/boutique-one-piece.com\/nl\/one-piece-pluche-speelgoed\/vogue-merry-pluche-speelgoed\/\" \/>\n<meta property=\"og:locale\" content=\"nl_NL\" \/>\n<meta property=\"og:type\" content=\"article\" \/>\n<meta property=\"og:title\" content=\"Peluche Vogue Merry | Boutique One Piece\" \/>\n<meta property=\"og:description\" content=\"D\u00e9couvrez la peluche One Piece bateau Vogue Merry, elle est aussi douce que mignonne ! Commencez votre aventure de pirate \u00e0 la recherche du One Piece dans l&#039;\u00e9quipage du Chapeau de Paille\" \/>\n<meta property=\"og:url\" content=\"https:\/\/boutique-one-piece.com\/nl\/one-piece-pluche-speelgoed\/vogue-merry-pluche-speelgoed\/\" \/>\n<meta property=\"og:site_name\" content=\"Boutique One Piece\" \/>\n<meta property=\"article:modified_time\" content=\"2024-11-12T21:38:16+00:00\" \/>\n<meta property=\"og:image\" content=\"https:\/\/boutique-one-piece.com\/wp-content\/uploads\/2022\/09\/Peluche-Vogue-Merry-1.png\" \/>\n\t<meta property=\"og:image:width\" content=\"500\" \/>\n\t<meta property=\"og:image:height\" content=\"500\" \/>\n\t<meta property=\"og:image:type\" content=\"image\/png\" \/>\n<meta name=\"twitter:card\" content=\"summary_large_image\" \/>\n<meta name=\"twitter:label1\" content=\"Geschatte leestijd\" \/>\n\t<meta name=\"twitter:data1\" content=\"2 minuten\" \/>\n<script type=\"application\/ld+json\" class=\"yoast-schema-graph\">{\"@context\":\"https:\\\/\\\/schema.org\",\"@graph\":[{\"@type\":\"WebPage\",\"@id\":\"https:\\\/\\\/boutique-one-piece.com\\\/peluches-one-piece\\\/peluche-vogue-merry\\\/\",\"url\":\"https:\\\/\\\/boutique-one-piece.com\\\/peluches-one-piece\\\/peluche-vogue-merry\\\/\",\"name\":\"Peluche Vogue Merry | Boutique One Piece\",\"isPartOf\":{\"@id\":\"https:\\\/\\\/boutique-one-piece.com\\\/#website\"},\"primaryImageOfPage\":{\"@id\":\"https:\\\/\\\/boutique-one-piece.com\\\/peluches-one-piece\\\/peluche-vogue-merry\\\/#primaryimage\"},\"image\":{\"@id\":\"https:\\\/\\\/boutique-one-piece.com\\\/peluches-one-piece\\\/peluche-vogue-merry\\\/#primaryimage\"},\"thumbnailUrl\":\"https:\\\/\\\/boutique-one-piece.com\\\/wp-content\\\/uploads\\\/2022\\\/09\\\/Peluche-Vogue-Merry-1.png\",\"datePublished\":\"2022-09-27T20:33:22+00:00\",\"dateModified\":\"2024-11-12T21:38:16+00:00\",\"description\":\"D\u00e9couvrez la peluche One Piece bateau Vogue Merry, elle est aussi douce que mignonne ! Commencez votre aventure de pirate \u00e0 la recherche du One Piece dans l'\u00e9quipage du Chapeau de Paille\",\"breadcrumb\":{\"@id\":\"https:\\\/\\\/boutique-one-piece.com\\\/peluches-one-piece\\\/peluche-vogue-merry\\\/#breadcrumb\"},\"inLanguage\":\"nl-NL\",\"potentialAction\":[{\"@type\":\"ReadAction\",\"target\":[\"https:\\\/\\\/boutique-one-piece.com\\\/peluches-one-piece\\\/peluche-vogue-merry\\\/\"]}]},{\"@type\":\"ImageObject\",\"inLanguage\":\"nl-NL\",\"@id\":\"https:\\\/\\\/boutique-one-piece.com\\\/peluches-one-piece\\\/peluche-vogue-merry\\\/#primaryimage\",\"url\":\"https:\\\/\\\/boutique-one-piece.com\\\/wp-content\\\/uploads\\\/2022\\\/09\\\/Peluche-Vogue-Merry-1.png\",\"contentUrl\":\"https:\\\/\\\/boutique-one-piece.com\\\/wp-content\\\/uploads\\\/2022\\\/09\\\/Peluche-Vogue-Merry-1.png\",\"width\":500,\"height\":500},{\"@type\":\"BreadcrumbList\",\"@id\":\"https:\\\/\\\/boutique-one-piece.com\\\/peluches-one-piece\\\/peluche-vogue-merry\\\/#breadcrumb\",\"itemListElement\":[{\"@type\":\"ListItem\",\"position\":1,\"name\":\"Home\",\"item\":\"https:\\\/\\\/boutique-one-piece.com\\\/\"},{\"@type\":\"ListItem\",\"position\":2,\"name\":\"Shop\",\"item\":\"https:\\\/\\\/boutique-one-piece.com\\\/shop\\\/\"},{\"@type\":\"ListItem\",\"position\":3,\"name\":\"Peluche Vogue Merry\"}]},{\"@type\":\"WebSite\",\"@id\":\"https:\\\/\\\/boutique-one-piece.com\\\/#website\",\"url\":\"https:\\\/\\\/boutique-one-piece.com\\\/\",\"name\":\"Boutique One Piece\",\"description\":\"Magasin Sp\u00e9cialis\u00e9 du Manga et l&#039;Anime One Piece\",\"publisher\":{\"@id\":\"https:\\\/\\\/boutique-one-piece.com\\\/#organization\"},\"potentialAction\":[{\"@type\":\"SearchAction\",\"target\":{\"@type\":\"EntryPoint\",\"urlTemplate\":\"https:\\\/\\\/boutique-one-piece.com\\\/?s={search_term_string}\"},\"query-input\":{\"@type\":\"PropertyValueSpecification\",\"valueRequired\":true,\"valueName\":\"search_term_string\"}}],\"inLanguage\":\"nl-NL\"},{\"@type\":\"Organization\",\"@id\":\"https:\\\/\\\/boutique-one-piece.com\\\/#organization\",\"name\":\"Boutique One Piece\",\"url\":\"https:\\\/\\\/boutique-one-piece.com\\\/\",\"logo\":{\"@type\":\"ImageObject\",\"inLanguage\":\"nl-NL\",\"@id\":\"https:\\\/\\\/boutique-one-piece.com\\\/#\\\/schema\\\/logo\\\/image\\\/\",\"url\":\"https:\\\/\\\/boutique-one-piece.com\\\/wp-content\\\/uploads\\\/2022\\\/09\\\/Logo-01.png\",\"contentUrl\":\"https:\\\/\\\/boutique-one-piece.com\\\/wp-content\\\/uploads\\\/2022\\\/09\\\/Logo-01.png\",\"width\":2318,\"height\":957,\"caption\":\"Boutique One Piece\"},\"image\":{\"@id\":\"https:\\\/\\\/boutique-one-piece.com\\\/#\\\/schema\\\/logo\\\/image\\\/\"}}]}<\/script>\n<!-- \/ Yoast SEO plugin. -->","yoast_head_json":{"title":"Vogue Merry pluche | One Piece Shop","description":"Ontdek de One Piece Going Merry knuffel; hij is net zo zacht als schattig! Begin je piratenavontuur op zoek naar de One Piece met de Strohoedpiraten","robots":{"index":"index","follow":"follow","max-snippet":"max-snippet:-1","max-image-preview":"max-image-preview:large","max-video-preview":"max-video-preview:-1"},"canonical":"https:\/\/boutique-one-piece.com\/nl\/one-piece-pluche-speelgoed\/vogue-merry-pluche-speelgoed\/","og_locale":"nl_NL","og_type":"article","og_title":"Peluche Vogue Merry | Boutique One Piece","og_description":"D\u00e9couvrez la peluche One Piece bateau Vogue Merry, elle est aussi douce que mignonne ! Commencez votre aventure de pirate \u00e0 la recherche du One Piece dans l'\u00e9quipage du Chapeau de Paille","og_url":"https:\/\/boutique-one-piece.com\/nl\/one-piece-pluche-speelgoed\/vogue-merry-pluche-speelgoed\/","og_site_name":"Boutique One Piece","article_modified_time":"2024-11-12T21:38:16+00:00","og_image":[{"width":500,"height":500,"url":"https:\/\/boutique-one-piece.com\/wp-content\/uploads\/2022\/09\/Peluche-Vogue-Merry-1.png","type":"image\/png"}],"twitter_card":"summary_large_image","twitter_misc":{"Geschatte leestijd":"2 minuten"},"schema":{"@context":"https:\/\/schema.org","@graph":[{"@type":"WebPage","@id":"https:\/\/boutique-one-piece.com\/peluches-one-piece\/peluche-vogue-merry\/","url":"https:\/\/boutique-one-piece.com\/peluches-one-piece\/peluche-vogue-merry\/","name":"Vogue Merry pluche | One Piece Shop","isPartOf":{"@id":"https:\/\/boutique-one-piece.com\/#website"},"primaryImageOfPage":{"@id":"https:\/\/boutique-one-piece.com\/peluches-one-piece\/peluche-vogue-merry\/#primaryimage"},"image":{"@id":"https:\/\/boutique-one-piece.com\/peluches-one-piece\/peluche-vogue-merry\/#primaryimage"},"thumbnailUrl":"https:\/\/boutique-one-piece.com\/wp-content\/uploads\/2022\/09\/Peluche-Vogue-Merry-1.png","datePublished":"2022-09-27T20:33:22+00:00","dateModified":"2024-11-12T21:38:16+00:00","description":"Ontdek de One Piece Going Merry knuffel; hij is net zo zacht als schattig! Begin je piratenavontuur op zoek naar de One Piece met de Strohoedpiraten","breadcrumb":{"@id":"https:\/\/boutique-one-piece.com\/peluches-one-piece\/peluche-vogue-merry\/#breadcrumb"},"inLanguage":"nl-NL","potentialAction":[{"@type":"ReadAction","target":["https:\/\/boutique-one-piece.com\/peluches-one-piece\/peluche-vogue-merry\/"]}]},{"@type":"ImageObject","inLanguage":"nl-NL","@id":"https:\/\/boutique-one-piece.com\/peluches-one-piece\/peluche-vogue-merry\/#primaryimage","url":"https:\/\/boutique-one-piece.com\/wp-content\/uploads\/2022\/09\/Peluche-Vogue-Merry-1.png","contentUrl":"https:\/\/boutique-one-piece.com\/wp-content\/uploads\/2022\/09\/Peluche-Vogue-Merry-1.png","width":500,"height":500},{"@type":"BreadcrumbList","@id":"https:\/\/boutique-one-piece.com\/peluches-one-piece\/peluche-vogue-merry\/#breadcrumb","itemListElement":[{"@type":"ListItem","position":1,"name":"Home","item":"https:\/\/boutique-one-piece.com\/"},{"@type":"ListItem","position":2,"name":"Shop","item":"https:\/\/boutique-one-piece.com\/shop\/"},{"@type":"ListItem","position":3,"name":"Peluche Vogue Merry"}]},{"@type":"WebSite","@id":"https:\/\/boutique-one-piece.com\/#website","url":"https:\/\/boutique-one-piece.com\/","name":"One Piece Shop","description":"Gespecialiseerde winkel voor One Piece manga en anime.","publisher":{"@id":"https:\/\/boutique-one-piece.com\/#organization"},"potentialAction":[{"@type":"SearchAction","target":{"@type":"EntryPoint","urlTemplate":"https:\/\/boutique-one-piece.com\/?s={search_term_string}"},"query-input":{"@type":"PropertyValueSpecification","valueRequired":true,"valueName":"search_term_string"}}],"inLanguage":"nl-NL"},{"@type":"Organization","@id":"https:\/\/boutique-one-piece.com\/#organization","name":"One Piece Shop","url":"https:\/\/boutique-one-piece.com\/","logo":{"@type":"ImageObject","inLanguage":"nl-NL","@id":"https:\/\/boutique-one-piece.com\/#\/schema\/logo\/image\/","url":"https:\/\/boutique-one-piece.com\/wp-content\/uploads\/2022\/09\/Logo-01.png","contentUrl":"https:\/\/boutique-one-piece.com\/wp-content\/uploads\/2022\/09\/Logo-01.png","width":2318,"height":957,"caption":"Boutique One Piece"},"image":{"@id":"https:\/\/boutique-one-piece.com\/#\/schema\/logo\/image\/"}}]}},"_links":{"self":[{"href":"https:\/\/boutique-one-piece.com\/nl\/wp-json\/wp\/v2\/product\/10271","targetHints":{"allow":["GET"]}}],"collection":[{"href":"https:\/\/boutique-one-piece.com\/nl\/wp-json\/wp\/v2\/product"}],"about":[{"href":"https:\/\/boutique-one-piece.com\/nl\/wp-json\/wp\/v2\/types\/product"}],"replies":[{"embeddable":true,"href":"https:\/\/boutique-one-piece.com\/nl\/wp-json\/wp\/v2\/comments?post=10271"}],"wp:featuredmedia":[{"embeddable":true,"href":"https:\/\/boutique-one-piece.com\/nl\/wp-json\/wp\/v2\/media\/10273"}],"wp:attachment":[{"href":"https:\/\/boutique-one-piece.com\/nl\/wp-json\/wp\/v2\/media?parent=10271"}],"wp:term":[{"taxonomy":"product_brand","embeddable":true,"href":"https:\/\/boutique-one-piece.com\/nl\/wp-json\/wp\/v2\/product_brand?post=10271"},{"taxonomy":"product_cat","embeddable":true,"href":"https:\/\/boutique-one-piece.com\/nl\/wp-json\/wp\/v2\/product_cat?post=10271"},{"taxonomy":"product_tag","embeddable":true,"href":"https:\/\/boutique-one-piece.com\/nl\/wp-json\/wp\/v2\/product_tag?post=10271"}],"curies":[{"name":"wp","href":"https:\/\/api.w.org\/{rel}","templated":true}]}}