{"id":10541,"date":"2022-09-27T20:34:57","date_gmt":"2022-09-27T20:34:57","guid":{"rendered":"https:\/\/boutique-one-piece.com\/uncategorized\/drapeau-usopp\/"},"modified":"2024-09-16T12:08:27","modified_gmt":"2024-09-16T12:08:27","slug":"usopp-vlag","status":"publish","type":"product","link":"https:\/\/boutique-one-piece.com\/nl\/one-piece-goodies-2\/usopp-one-piece-goodies\/usopp-vlag\/","title":{"rendered":"Usopp-vlag"},"content":{"rendered":"<h2>Jonge matroos, deze Usopp-vlag is voor jou.<\/h2>\n<p>Dit is wat je moet weten over Usopp; ; <strong>Usopp<\/strong>, Pipo, in oudere Gl\u00e9nat-edities van de manga ook bekend als Usopp, is lid van de Strohoedpiraten. Hij bezit<strong> de positie van de sluipschutter<\/strong> en komt oorspronkelijk uit Syrup Village. Hoewel hij geen scheepsbouwer was, zorgde hij ook voor de reparatie van de <strong>Vogue Merry<\/strong> (wiens gaten hij dichtstopte met alles wat hij maar voorhanden had).<\/p>\n<p>Hij werd later, toen Franky en de Thousand Sunny zich bij de bemanning voegden, vervangen wat betreft het onderhoud van het schip. Trouwens, als je je vlaggenverzameling wilt uitbreiden, de <a title=\"FRANKY VLAG\" href=\"https:\/\/boutique-one-piece.com\/nl\/goede-frankie\/producten\/franky-vlag\/\" target=\"_blank\" rel=\"noopener\">Franky&#039;s vlag<\/a> ligt binnen handbereik. Tot slot, om af te sluiten met Usopp, moet je weten dat zijn droom is om <strong>om een dappere krijger van de zee te worden<\/strong> en om in de voetsporen van zijn vader te treden. Hij gelooft dat hij in vrede zal kunnen sterven als hij dit bereikt heeft en tegen zichzelf zal kunnen zeggen: &quot;Ik ben Usopp!! De dappere krijger van de zee!!&quot;.<\/p>\n<h3>Dus, jonge piraat, gefascineerd door de vlag van Usopp? Waar wacht je dan nog op? Grijp de kans om deze vlag met trots te tonen.<\/h3>\n<p><strong>One Piece<\/strong> is de bestverkochte manga ter wereld. Deze manga, die zich afspeelt in een fictieve wereld die wordt gedomineerd door oceanen en waar piraten verlangen naar een tijdperk van vrijheid, zoals de &quot;Gouden Eeuw van de Piraterij&quot;, zal je vullen met avonturen. Blijf genieten in dit universum dankzij <strong>deze mythische objecten<\/strong>. Deze items zijn perfect om cadeau te geven, te decoreren of te verzamelen en zullen je One Piece-universum uitbreiden.<\/p>\n<h2>Informatie over de vlag van Usopp:<\/h2>\n<ul>\n<li>\n<strong><u>One Piece-vlag<\/u><\/strong>\u00a0Een authentieke One Piece piratenvlag voor de echte fans.<\/li>\n<\/ul>\n<ul>\n<li>\n<strong>Afdrukken van hoge kwaliteit<\/strong>\u00a0nauwkeurige kleuren<\/li>\n<\/ul>\n<ul>\n<li>\n<strong>Materie<\/strong>\u00a0Polyester<\/li>\n<\/ul>\n<ul>\n<li>\n<strong>Dimensie<\/strong>\u00a0: 100 cm x 100 cm of 90 cm x 150 cm<\/li>\n<\/ul>\n<ul>\n<li><strong>GRATIS BEZORGING<\/strong><\/li>\n<\/ul>","protected":false},"excerpt":{"rendered":"<p>Jonge zeeman, deze Usopp-vlag is van jou. Dit moet je weten over Usopp: Usopp, in oudere Gl\u00e9nat-edities van de manga ook wel Pipo genoemd, is lid van de Strohoedpiraten. Hij is scherpschutter en komt uit Stroopdorp. Hoewel hij niet [\u2026]<\/p>","protected":false},"featured_media":10543,"comment_status":"open","ping_status":"open","template":"","meta":[],"product_brand":[],"product_cat":[212,155],"product_tag":[144],"class_list":{"0":"post-10541","1":"product","2":"type-product","3":"status-publish","4":"has-post-thumbnail","6":"product_cat-drapeaux-one-piece","7":"product_cat-goodies-usopp-one-piece","8":"product_tag-usopp","10":"first","11":"instock","12":"purchasable","13":"product-type-variable","14":"has-default-attributes"},"yoast_head":"<!-- This site is optimized with the Yoast SEO plugin v27.5 - https:\/\/yoast.com\/product\/yoast-seo-wordpress\/ -->\n<title>Drapeau Usopp | Boutique One Piece<\/title>\n<meta name=\"description\" content=\"D\u00e9couvrez le Drapeau One Piece Usopp, d\u00e9corez votre pi\u00e8ce en rejoignant la flotte d&#039;Usopp ! Commencez votre aventure recherche du One Piece dans l&#039;\u00e9quipage du Chapeau de Paille\" \/>\n<meta name=\"robots\" content=\"index, follow, max-snippet:-1, max-image-preview:large, max-video-preview:-1\" \/>\n<link rel=\"canonical\" href=\"https:\/\/boutique-one-piece.com\/nl\/one-piece-decoraties\/one-piece-vlaggen\/usopp-vlag\/\" \/>\n<meta property=\"og:locale\" content=\"nl_NL\" \/>\n<meta property=\"og:type\" content=\"article\" \/>\n<meta property=\"og:title\" content=\"Drapeau Usopp | Boutique One Piece\" \/>\n<meta property=\"og:description\" content=\"D\u00e9couvrez le Drapeau One Piece Usopp, d\u00e9corez votre pi\u00e8ce en rejoignant la flotte d&#039;Usopp ! Commencez votre aventure recherche du One Piece dans l&#039;\u00e9quipage du Chapeau de Paille\" \/>\n<meta property=\"og:url\" content=\"https:\/\/boutique-one-piece.com\/nl\/one-piece-decoraties\/one-piece-vlaggen\/usopp-vlag\/\" \/>\n<meta property=\"og:site_name\" content=\"Boutique One Piece\" \/>\n<meta property=\"article:modified_time\" content=\"2024-09-16T12:08:27+00:00\" \/>\n<meta property=\"og:image\" content=\"https:\/\/boutique-one-piece.com\/wp-content\/uploads\/2022\/09\/Drapeau-Usopp.jpg\" \/>\n\t<meta property=\"og:image:width\" content=\"800\" \/>\n\t<meta property=\"og:image:height\" content=\"688\" \/>\n\t<meta property=\"og:image:type\" content=\"image\/jpeg\" \/>\n<meta name=\"twitter:card\" content=\"summary_large_image\" \/>\n<meta name=\"twitter:label1\" content=\"Geschatte leestijd\" \/>\n\t<meta name=\"twitter:data1\" content=\"2 minuten\" \/>\n<script type=\"application\/ld+json\" class=\"yoast-schema-graph\">{\"@context\":\"https:\\\/\\\/schema.org\",\"@graph\":[{\"@type\":\"WebPage\",\"@id\":\"https:\\\/\\\/boutique-one-piece.com\\\/decorations-one-piece\\\/drapeaux-one-piece\\\/drapeau-usopp\\\/\",\"url\":\"https:\\\/\\\/boutique-one-piece.com\\\/decorations-one-piece\\\/drapeaux-one-piece\\\/drapeau-usopp\\\/\",\"name\":\"Drapeau Usopp | Boutique One Piece\",\"isPartOf\":{\"@id\":\"https:\\\/\\\/boutique-one-piece.com\\\/#website\"},\"primaryImageOfPage\":{\"@id\":\"https:\\\/\\\/boutique-one-piece.com\\\/decorations-one-piece\\\/drapeaux-one-piece\\\/drapeau-usopp\\\/#primaryimage\"},\"image\":{\"@id\":\"https:\\\/\\\/boutique-one-piece.com\\\/decorations-one-piece\\\/drapeaux-one-piece\\\/drapeau-usopp\\\/#primaryimage\"},\"thumbnailUrl\":\"https:\\\/\\\/boutique-one-piece.com\\\/wp-content\\\/uploads\\\/2022\\\/09\\\/Drapeau-Usopp.jpg\",\"datePublished\":\"2022-09-27T20:34:57+00:00\",\"dateModified\":\"2024-09-16T12:08:27+00:00\",\"description\":\"D\u00e9couvrez le Drapeau One Piece Usopp, d\u00e9corez votre pi\u00e8ce en rejoignant la flotte d'Usopp ! Commencez votre aventure recherche du One Piece dans l'\u00e9quipage du Chapeau de Paille\",\"breadcrumb\":{\"@id\":\"https:\\\/\\\/boutique-one-piece.com\\\/decorations-one-piece\\\/drapeaux-one-piece\\\/drapeau-usopp\\\/#breadcrumb\"},\"inLanguage\":\"nl-NL\",\"potentialAction\":[{\"@type\":\"ReadAction\",\"target\":[\"https:\\\/\\\/boutique-one-piece.com\\\/decorations-one-piece\\\/drapeaux-one-piece\\\/drapeau-usopp\\\/\"]}]},{\"@type\":\"ImageObject\",\"inLanguage\":\"nl-NL\",\"@id\":\"https:\\\/\\\/boutique-one-piece.com\\\/decorations-one-piece\\\/drapeaux-one-piece\\\/drapeau-usopp\\\/#primaryimage\",\"url\":\"https:\\\/\\\/boutique-one-piece.com\\\/wp-content\\\/uploads\\\/2022\\\/09\\\/Drapeau-Usopp.jpg\",\"contentUrl\":\"https:\\\/\\\/boutique-one-piece.com\\\/wp-content\\\/uploads\\\/2022\\\/09\\\/Drapeau-Usopp.jpg\",\"width\":800,\"height\":688,\"caption\":\"Drapeau Usopp 90x150cm\"},{\"@type\":\"BreadcrumbList\",\"@id\":\"https:\\\/\\\/boutique-one-piece.com\\\/decorations-one-piece\\\/drapeaux-one-piece\\\/drapeau-usopp\\\/#breadcrumb\",\"itemListElement\":[{\"@type\":\"ListItem\",\"position\":1,\"name\":\"Home\",\"item\":\"https:\\\/\\\/boutique-one-piece.com\\\/\"},{\"@type\":\"ListItem\",\"position\":2,\"name\":\"Shop\",\"item\":\"https:\\\/\\\/boutique-one-piece.com\\\/shop\\\/\"},{\"@type\":\"ListItem\",\"position\":3,\"name\":\"Drapeau Usopp\"}]},{\"@type\":\"WebSite\",\"@id\":\"https:\\\/\\\/boutique-one-piece.com\\\/#website\",\"url\":\"https:\\\/\\\/boutique-one-piece.com\\\/\",\"name\":\"Boutique One Piece\",\"description\":\"Magasin Sp\u00e9cialis\u00e9 du Manga et l&#039;Anime One Piece\",\"publisher\":{\"@id\":\"https:\\\/\\\/boutique-one-piece.com\\\/#organization\"},\"potentialAction\":[{\"@type\":\"SearchAction\",\"target\":{\"@type\":\"EntryPoint\",\"urlTemplate\":\"https:\\\/\\\/boutique-one-piece.com\\\/?s={search_term_string}\"},\"query-input\":{\"@type\":\"PropertyValueSpecification\",\"valueRequired\":true,\"valueName\":\"search_term_string\"}}],\"inLanguage\":\"nl-NL\"},{\"@type\":\"Organization\",\"@id\":\"https:\\\/\\\/boutique-one-piece.com\\\/#organization\",\"name\":\"Boutique One Piece\",\"url\":\"https:\\\/\\\/boutique-one-piece.com\\\/\",\"logo\":{\"@type\":\"ImageObject\",\"inLanguage\":\"nl-NL\",\"@id\":\"https:\\\/\\\/boutique-one-piece.com\\\/#\\\/schema\\\/logo\\\/image\\\/\",\"url\":\"https:\\\/\\\/boutique-one-piece.com\\\/wp-content\\\/uploads\\\/2022\\\/09\\\/Logo-01.png\",\"contentUrl\":\"https:\\\/\\\/boutique-one-piece.com\\\/wp-content\\\/uploads\\\/2022\\\/09\\\/Logo-01.png\",\"width\":2318,\"height\":957,\"caption\":\"Boutique One Piece\"},\"image\":{\"@id\":\"https:\\\/\\\/boutique-one-piece.com\\\/#\\\/schema\\\/logo\\\/image\\\/\"}}]}<\/script>\n<!-- \/ Yoast SEO plugin. -->","yoast_head_json":{"title":"Usopp-vlag | One Piece Shop","description":"Ontdek de One Piece Usopp-vlag en versier je kamer door je bij Usopps vloot aan te sluiten! Begin je One Piece-zoekavontuur met de Strohoedpiraten.","robots":{"index":"index","follow":"follow","max-snippet":"max-snippet:-1","max-image-preview":"max-image-preview:large","max-video-preview":"max-video-preview:-1"},"canonical":"https:\/\/boutique-one-piece.com\/nl\/one-piece-decoraties\/one-piece-vlaggen\/usopp-vlag\/","og_locale":"nl_NL","og_type":"article","og_title":"Drapeau Usopp | Boutique One Piece","og_description":"D\u00e9couvrez le Drapeau One Piece Usopp, d\u00e9corez votre pi\u00e8ce en rejoignant la flotte d'Usopp ! Commencez votre aventure recherche du One Piece dans l'\u00e9quipage du Chapeau de Paille","og_url":"https:\/\/boutique-one-piece.com\/nl\/one-piece-decoraties\/one-piece-vlaggen\/usopp-vlag\/","og_site_name":"Boutique One Piece","article_modified_time":"2024-09-16T12:08:27+00:00","og_image":[{"width":800,"height":688,"url":"https:\/\/boutique-one-piece.com\/wp-content\/uploads\/2022\/09\/Drapeau-Usopp.jpg","type":"image\/jpeg"}],"twitter_card":"summary_large_image","twitter_misc":{"Geschatte leestijd":"2 minuten"},"schema":{"@context":"https:\/\/schema.org","@graph":[{"@type":"WebPage","@id":"https:\/\/boutique-one-piece.com\/decorations-one-piece\/drapeaux-one-piece\/drapeau-usopp\/","url":"https:\/\/boutique-one-piece.com\/decorations-one-piece\/drapeaux-one-piece\/drapeau-usopp\/","name":"Usopp-vlag | One Piece Shop","isPartOf":{"@id":"https:\/\/boutique-one-piece.com\/#website"},"primaryImageOfPage":{"@id":"https:\/\/boutique-one-piece.com\/decorations-one-piece\/drapeaux-one-piece\/drapeau-usopp\/#primaryimage"},"image":{"@id":"https:\/\/boutique-one-piece.com\/decorations-one-piece\/drapeaux-one-piece\/drapeau-usopp\/#primaryimage"},"thumbnailUrl":"https:\/\/boutique-one-piece.com\/wp-content\/uploads\/2022\/09\/Drapeau-Usopp.jpg","datePublished":"2022-09-27T20:34:57+00:00","dateModified":"2024-09-16T12:08:27+00:00","description":"Ontdek de One Piece Usopp-vlag en versier je kamer door je bij Usopps vloot aan te sluiten! Begin je One Piece-zoekavontuur met de Strohoedpiraten.","breadcrumb":{"@id":"https:\/\/boutique-one-piece.com\/decorations-one-piece\/drapeaux-one-piece\/drapeau-usopp\/#breadcrumb"},"inLanguage":"nl-NL","potentialAction":[{"@type":"ReadAction","target":["https:\/\/boutique-one-piece.com\/decorations-one-piece\/drapeaux-one-piece\/drapeau-usopp\/"]}]},{"@type":"ImageObject","inLanguage":"nl-NL","@id":"https:\/\/boutique-one-piece.com\/decorations-one-piece\/drapeaux-one-piece\/drapeau-usopp\/#primaryimage","url":"https:\/\/boutique-one-piece.com\/wp-content\/uploads\/2022\/09\/Drapeau-Usopp.jpg","contentUrl":"https:\/\/boutique-one-piece.com\/wp-content\/uploads\/2022\/09\/Drapeau-Usopp.jpg","width":800,"height":688,"caption":"Drapeau Usopp 90x150cm"},{"@type":"BreadcrumbList","@id":"https:\/\/boutique-one-piece.com\/decorations-one-piece\/drapeaux-one-piece\/drapeau-usopp\/#breadcrumb","itemListElement":[{"@type":"ListItem","position":1,"name":"Home","item":"https:\/\/boutique-one-piece.com\/"},{"@type":"ListItem","position":2,"name":"Shop","item":"https:\/\/boutique-one-piece.com\/shop\/"},{"@type":"ListItem","position":3,"name":"Drapeau Usopp"}]},{"@type":"WebSite","@id":"https:\/\/boutique-one-piece.com\/#website","url":"https:\/\/boutique-one-piece.com\/","name":"One Piece Shop","description":"Gespecialiseerde winkel voor One Piece manga en anime.","publisher":{"@id":"https:\/\/boutique-one-piece.com\/#organization"},"potentialAction":[{"@type":"SearchAction","target":{"@type":"EntryPoint","urlTemplate":"https:\/\/boutique-one-piece.com\/?s={search_term_string}"},"query-input":{"@type":"PropertyValueSpecification","valueRequired":true,"valueName":"search_term_string"}}],"inLanguage":"nl-NL"},{"@type":"Organization","@id":"https:\/\/boutique-one-piece.com\/#organization","name":"One Piece Shop","url":"https:\/\/boutique-one-piece.com\/","logo":{"@type":"ImageObject","inLanguage":"nl-NL","@id":"https:\/\/boutique-one-piece.com\/#\/schema\/logo\/image\/","url":"https:\/\/boutique-one-piece.com\/wp-content\/uploads\/2022\/09\/Logo-01.png","contentUrl":"https:\/\/boutique-one-piece.com\/wp-content\/uploads\/2022\/09\/Logo-01.png","width":2318,"height":957,"caption":"Boutique One Piece"},"image":{"@id":"https:\/\/boutique-one-piece.com\/#\/schema\/logo\/image\/"}}]}},"_links":{"self":[{"href":"https:\/\/boutique-one-piece.com\/nl\/wp-json\/wp\/v2\/product\/10541","targetHints":{"allow":["GET"]}}],"collection":[{"href":"https:\/\/boutique-one-piece.com\/nl\/wp-json\/wp\/v2\/product"}],"about":[{"href":"https:\/\/boutique-one-piece.com\/nl\/wp-json\/wp\/v2\/types\/product"}],"replies":[{"embeddable":true,"href":"https:\/\/boutique-one-piece.com\/nl\/wp-json\/wp\/v2\/comments?post=10541"}],"wp:featuredmedia":[{"embeddable":true,"href":"https:\/\/boutique-one-piece.com\/nl\/wp-json\/wp\/v2\/media\/10543"}],"wp:attachment":[{"href":"https:\/\/boutique-one-piece.com\/nl\/wp-json\/wp\/v2\/media?parent=10541"}],"wp:term":[{"taxonomy":"product_brand","embeddable":true,"href":"https:\/\/boutique-one-piece.com\/nl\/wp-json\/wp\/v2\/product_brand?post=10541"},{"taxonomy":"product_cat","embeddable":true,"href":"https:\/\/boutique-one-piece.com\/nl\/wp-json\/wp\/v2\/product_cat?post=10541"},{"taxonomy":"product_tag","embeddable":true,"href":"https:\/\/boutique-one-piece.com\/nl\/wp-json\/wp\/v2\/product_tag?post=10541"}],"curies":[{"name":"wp","href":"https:\/\/api.w.org\/{rel}","templated":true}]}}