{"id":10563,"date":"2022-09-27T20:35:13","date_gmt":"2022-09-27T20:35:13","guid":{"rendered":"https:\/\/boutique-one-piece.com\/uncategorized\/puzzle-1000-pieeces-one-piece-le-combat-continue\/"},"modified":"2024-09-16T12:08:49","modified_gmt":"2024-09-16T12:08:49","slug":"puzzel-van-1000-stukjes-een-stukje-de-strijd-gaat-verder","status":"publish","type":"product","link":"https:\/\/boutique-one-piece.com\/nl\/one-piece-goodies-2\/nami-one-piece-goodies-2\/puzzel-van-1000-stukjes-een-stukje-de-strijd-gaat-verder\/","title":{"rendered":"One Piece puzzel van 1000 stukjes: De strijd gaat verder"},"content":{"rendered":"<p><meta charset=\"utf-8\"><\/p>\n<h2>\n<b>One Piece puzzel van 1000 stukjes: Ondanks de beproevingen gaat de strijd door.<\/b><b>,\u00a0<\/b>Een superspel voor een piraat zoals jij!<\/h2>\n<p>Als u een\u00a0<strong>echte piraat<\/strong>,\u00a0<strong>klein<\/strong>\u00a0Of\u00a0<strong>groot<\/strong>,Je zult het waarderen.<span>\u00a0<\/span>daar\u00a0<strong>kwaliteit<\/strong>\u00a0van de\u00a0<strong>houten stukken<\/strong>,van de\u00a0<strong>verf<\/strong>\u00a0En\u00a0<strong>3D-printen<\/strong>\u00a0hiervan\u00a0<strong>Een puzzel van 1000 stukjes (One Piece)<\/strong>\u00a0Maar het allerbelangrijkste is dat je met dit puzzelspel deel uitmaakt van...\u00a0<strong>de fanploeg<\/strong>\u00a0van\u00a0<strong>piratenmanga<\/strong>\u00a0en u zult het volgende verkrijgen:<\/p>\n<ul>\n<li>\u00a0<strong>Bewondering<\/strong>\u00a0van alle fans van\u00a0<strong>mugiwara<\/strong>\u00a0die je zult uitnodigen om bij jou thuis te komen spelen<\/li>\n<\/ul>\n<ul>\n<li>Een echte\u00a0<strong>geprint puzzel<\/strong>\u00a0waarmee je kunt<strong>\u00a0veel plezier<\/strong><span>\u00a0<\/span>om alle onderdelen te verzamelen voor<strong>\u00a0Luffy onthult zijn aas.<\/strong> en vele anderen <strong>personages<\/strong>\n<\/li>\n<\/ul>\n<p>\u00a0Dus, klaar om<span>\u00a0<\/span><strong>toneelstuk<\/strong><span>\u00a0<\/span>met een spel<span>\u00a0<\/span><strong>One Piece<\/strong>\u00a0?<\/p>\n<h2>Ben je fan van de One Piece manga of anime? Laat het zien met dit!<span>\u00a0<\/span>Een puzzel van 1000 stukjes!<\/h2>\n<p>Als u\u00a0<strong>lezen<\/strong>\u00a0of waar je ook kijkt\u00a0<strong>de anime\u00a0<\/strong><strong>Japanse<\/strong>, De kans is groot dat je bent geworden\u00a0<strong>Ik ben helemaal gek op One Piece.<\/strong>\u00a0Hiermee!\u00a0<strong>One Piece puzzel van 1000 stukjes: De strijd gaat verder<\/strong>, sluit je aan bij de\u2019<strong>een groep fans van de franchise<\/strong><\/p>\n<h2><strong>Puzzelinformatie:<\/strong><\/h2>\n<ul>\n<li>\n<strong>Hoogwaardige bedrukte puzzel\u00a0<\/strong>De stukken zijn van hout gemaakt.<\/li>\n<\/ul>\n<ul>\n<li>\n<strong>Ultra Design Puzzel<\/strong>\u00a0Deze puzzel van 1000 stukjes is werkelijk prachtig als hij eenmaal af is.\u00a0<strong>afgerond<\/strong>\u00a0je kunt het gebruiken als\u00a0<strong>schilderen<\/strong>, Fans zijn er dol op!<\/li>\n<\/ul>\n<ul>\n<li>\n<strong>Kleur en printen\u00a0<\/strong>Een puzzel van One Piece met een afbeelding\u00a0<strong>Canvas<\/strong>\u00a0de maatstaf in de drukwereld<\/li>\n<\/ul>\n<ul>\n<li>\n<strong>Gemiddelde moeilijkheidsgraad<\/strong>\u00a0: uitermate geschikt voor kinderen vanaf\u00a0<strong>6 jaar<\/strong>. V\u00f3\u00f3r die leeftijd, de\u00a0<strong>monitoring<\/strong>\u00a0van een\u00a0<strong>volwassen<\/strong>\u00a0Oosten\u00a0<strong>aanbevolen<\/strong>\n<\/li>\n<\/ul>\n<ul>\n<li>\n<strong>Voor kinderen en volwassenen<\/strong>\u00a0Dit is een goede gelegenheid om een\u00a0<strong>leuke activiteit<\/strong>\u00a0En\u00a0<strong>spannend<\/strong>\u00a0met jouw\u00a0<strong>kind<\/strong>\u00a0of met uw\u00a0<strong>ouders<\/strong>\n<\/li>\n<\/ul>\n<ul>\n<li>\n<strong>Dimensie\u00a0<\/strong>: hoogte\u00a0<strong>50 cm<\/strong>, breedte\u00a0<strong>75 cm<\/strong>, dikte\u00a0<strong>2 mm<\/strong>\n<\/li>\n<\/ul>\n<ul>\n<li>\n<strong>Gratis bezorging\u00a0<\/strong>voor elke aankoop<\/li>\n<\/ul>\n<h2><b><img fetchpriority=\"high\" decoding=\"async\" src=\"https:\/\/cdn.shopify.com\/s\/files\/1\/0087\/7556\/5348\/files\/puzzle_one_piece_1000_pieces_en_bois_large.jpg?v=1561382263\" alt=\"Houten spel One Piece\" width=\"287\" height=\"283\"><\/b><\/h2>\n<ul><\/ul>","protected":false},"excerpt":{"rendered":"<p>One Piece 1000-delige geprinte puzzel: Ondanks alle tegenslagen gaat de strijd door! Een superspel voor een piraat zoals jij! Als je een echte piraat bent, jong of oud, zul je de kwaliteit van de houten stukjes, de beschildering en de 3D-print van deze 1000-delige One Piece-puzzel zeker waarderen! Maar het allerbelangrijkste: met deze puzzel word je onderdeel van de fanbasis van de piratenmanga en verdien je: de bewondering van alle fans [\u2026]<\/p>","protected":false},"featured_media":10565,"comment_status":"open","ping_status":"open","template":"","meta":[],"product_brand":[],"product_cat":[157,153,163,155,164,197],"product_tag":[176,158,165,200,129,202,92,154,203,112,144,113],"class_list":{"0":"post-10563","1":"product","2":"type-product","3":"status-publish","4":"has-post-thumbnail","6":"product_cat-goodies-brook-one-piece","7":"product_cat-goodies-nami-one-piece","8":"product_cat-goodies-tony-tony-chopper-one-piece","9":"product_cat-goodies-usopp-one-piece","10":"product_cat-goodies-vinsmoke-sanji-one-piece","11":"product_cat-puzzles-one-piece","12":"product_tag-ace","13":"product_tag-brook","14":"product_tag-chopper","15":"product_tag-doflamingo","16":"product_tag-franky","17":"product_tag-law","18":"product_tag-luffy","19":"product_tag-nami","20":"product_tag-puzzle-1000-pieces","21":"product_tag-sanji","22":"product_tag-usopp","23":"product_tag-zoro","25":"first","26":"instock","27":"purchasable","28":"product-type-simple"},"yoast_head":"<!-- This site is optimized with the Yoast SEO plugin v27.5 - https:\/\/yoast.com\/product\/yoast-seo-wordpress\/ -->\n<title>Puzzle 1000 Pi\u00e8eces Le Combat Continue \u2013 Boutique One Piece<\/title>\n<meta name=\"description\" content=\"Puzzle Imprim\u00e9 1000 Pi\u00e8ces One Piece Malgr\u00e9 les \u00c9preuves le Combat Continue Jeux Puzzle Imrpim\u00e9 Sur Bois de Tr\u00e8s Haute Qualit\u00e9 pour les Petits et les Grands\" \/>\n<meta name=\"robots\" content=\"index, follow, max-snippet:-1, max-image-preview:large, max-video-preview:-1\" \/>\n<link rel=\"canonical\" href=\"https:\/\/boutique-one-piece.com\/nl\/one-piece-puzzels\/puzzel-van-1000-stukjes-een-stukje-de-strijd-gaat-verder\/\" \/>\n<meta property=\"og:locale\" content=\"nl_NL\" \/>\n<meta property=\"og:type\" content=\"article\" \/>\n<meta property=\"og:title\" content=\"Puzzle 1000 Pi\u00e8eces Le Combat Continue \u2013 Boutique One Piece\" \/>\n<meta property=\"og:description\" content=\"Puzzle Imprim\u00e9 1000 Pi\u00e8ces One Piece Malgr\u00e9 les \u00c9preuves le Combat Continue Jeux Puzzle Imrpim\u00e9 Sur Bois de Tr\u00e8s Haute Qualit\u00e9 pour les Petits et les Grands\" \/>\n<meta property=\"og:url\" content=\"https:\/\/boutique-one-piece.com\/nl\/one-piece-puzzels\/puzzel-van-1000-stukjes-een-stukje-de-strijd-gaat-verder\/\" \/>\n<meta property=\"og:site_name\" content=\"Boutique One Piece\" \/>\n<meta property=\"article:modified_time\" content=\"2024-09-16T12:08:49+00:00\" \/>\n<meta property=\"og:image\" content=\"https:\/\/boutique-one-piece.com\/wp-content\/uploads\/2022\/09\/Puzzle-1000-Pieeces-One-Piece-Le-Combat-Continue-1.jpg\" \/>\n\t<meta property=\"og:image:width\" content=\"599\" \/>\n\t<meta property=\"og:image:height\" content=\"399\" \/>\n\t<meta property=\"og:image:type\" content=\"image\/jpeg\" \/>\n<meta name=\"twitter:card\" content=\"summary_large_image\" \/>\n<meta name=\"twitter:label1\" content=\"Geschatte leestijd\" \/>\n\t<meta name=\"twitter:data1\" content=\"2 minuten\" \/>\n<script type=\"application\/ld+json\" class=\"yoast-schema-graph\">{\"@context\":\"https:\\\/\\\/schema.org\",\"@graph\":[{\"@type\":\"WebPage\",\"@id\":\"https:\\\/\\\/boutique-one-piece.com\\\/puzzles-one-piece\\\/puzzle-1000-pieeces-one-piece-le-combat-continue\\\/\",\"url\":\"https:\\\/\\\/boutique-one-piece.com\\\/puzzles-one-piece\\\/puzzle-1000-pieeces-one-piece-le-combat-continue\\\/\",\"name\":\"Puzzle 1000 Pi\u00e8eces Le Combat Continue \u2013 Boutique One Piece\",\"isPartOf\":{\"@id\":\"https:\\\/\\\/boutique-one-piece.com\\\/#website\"},\"primaryImageOfPage\":{\"@id\":\"https:\\\/\\\/boutique-one-piece.com\\\/puzzles-one-piece\\\/puzzle-1000-pieeces-one-piece-le-combat-continue\\\/#primaryimage\"},\"image\":{\"@id\":\"https:\\\/\\\/boutique-one-piece.com\\\/puzzles-one-piece\\\/puzzle-1000-pieeces-one-piece-le-combat-continue\\\/#primaryimage\"},\"thumbnailUrl\":\"https:\\\/\\\/boutique-one-piece.com\\\/wp-content\\\/uploads\\\/2022\\\/09\\\/Puzzle-1000-Pieeces-One-Piece-Le-Combat-Continue-1.jpg\",\"datePublished\":\"2022-09-27T20:35:13+00:00\",\"dateModified\":\"2024-09-16T12:08:49+00:00\",\"description\":\"Puzzle Imprim\u00e9 1000 Pi\u00e8ces One Piece Malgr\u00e9 les \u00c9preuves le Combat Continue Jeux Puzzle Imrpim\u00e9 Sur Bois de Tr\u00e8s Haute Qualit\u00e9 pour les Petits et les Grands\",\"breadcrumb\":{\"@id\":\"https:\\\/\\\/boutique-one-piece.com\\\/puzzles-one-piece\\\/puzzle-1000-pieeces-one-piece-le-combat-continue\\\/#breadcrumb\"},\"inLanguage\":\"nl-NL\",\"potentialAction\":[{\"@type\":\"ReadAction\",\"target\":[\"https:\\\/\\\/boutique-one-piece.com\\\/puzzles-one-piece\\\/puzzle-1000-pieeces-one-piece-le-combat-continue\\\/\"]}]},{\"@type\":\"ImageObject\",\"inLanguage\":\"nl-NL\",\"@id\":\"https:\\\/\\\/boutique-one-piece.com\\\/puzzles-one-piece\\\/puzzle-1000-pieeces-one-piece-le-combat-continue\\\/#primaryimage\",\"url\":\"https:\\\/\\\/boutique-one-piece.com\\\/wp-content\\\/uploads\\\/2022\\\/09\\\/Puzzle-1000-Pieeces-One-Piece-Le-Combat-Continue-1.jpg\",\"contentUrl\":\"https:\\\/\\\/boutique-one-piece.com\\\/wp-content\\\/uploads\\\/2022\\\/09\\\/Puzzle-1000-Pieeces-One-Piece-Le-Combat-Continue-1.jpg\",\"width\":599,\"height\":399},{\"@type\":\"BreadcrumbList\",\"@id\":\"https:\\\/\\\/boutique-one-piece.com\\\/puzzles-one-piece\\\/puzzle-1000-pieeces-one-piece-le-combat-continue\\\/#breadcrumb\",\"itemListElement\":[{\"@type\":\"ListItem\",\"position\":1,\"name\":\"Home\",\"item\":\"https:\\\/\\\/boutique-one-piece.com\\\/\"},{\"@type\":\"ListItem\",\"position\":2,\"name\":\"Shop\",\"item\":\"https:\\\/\\\/boutique-one-piece.com\\\/shop\\\/\"},{\"@type\":\"ListItem\",\"position\":3,\"name\":\"Puzzle 1000 Pi\u00e8eces One Piece Le Combat Continue\"}]},{\"@type\":\"WebSite\",\"@id\":\"https:\\\/\\\/boutique-one-piece.com\\\/#website\",\"url\":\"https:\\\/\\\/boutique-one-piece.com\\\/\",\"name\":\"Boutique One Piece\",\"description\":\"Magasin Sp\u00e9cialis\u00e9 du Manga et l&#039;Anime One Piece\",\"publisher\":{\"@id\":\"https:\\\/\\\/boutique-one-piece.com\\\/#organization\"},\"potentialAction\":[{\"@type\":\"SearchAction\",\"target\":{\"@type\":\"EntryPoint\",\"urlTemplate\":\"https:\\\/\\\/boutique-one-piece.com\\\/?s={search_term_string}\"},\"query-input\":{\"@type\":\"PropertyValueSpecification\",\"valueRequired\":true,\"valueName\":\"search_term_string\"}}],\"inLanguage\":\"nl-NL\"},{\"@type\":\"Organization\",\"@id\":\"https:\\\/\\\/boutique-one-piece.com\\\/#organization\",\"name\":\"Boutique One Piece\",\"url\":\"https:\\\/\\\/boutique-one-piece.com\\\/\",\"logo\":{\"@type\":\"ImageObject\",\"inLanguage\":\"nl-NL\",\"@id\":\"https:\\\/\\\/boutique-one-piece.com\\\/#\\\/schema\\\/logo\\\/image\\\/\",\"url\":\"https:\\\/\\\/boutique-one-piece.com\\\/wp-content\\\/uploads\\\/2022\\\/09\\\/Logo-01.png\",\"contentUrl\":\"https:\\\/\\\/boutique-one-piece.com\\\/wp-content\\\/uploads\\\/2022\\\/09\\\/Logo-01.png\",\"width\":2318,\"height\":957,\"caption\":\"Boutique One Piece\"},\"image\":{\"@id\":\"https:\\\/\\\/boutique-one-piece.com\\\/#\\\/schema\\\/logo\\\/image\\\/\"}}]}<\/script>\n<!-- \/ Yoast SEO plugin. -->","yoast_head_json":{"title":"Puzzel van 1000 stukjes: De strijd gaat verder \u2013 One Piece Shop","description":"One Piece puzzel van 1000 stukjes met opdruk: Ondanks de beproevingen gaat de strijd door. Hoogwaardige houten puzzel met opdruk voor jong en oud.","robots":{"index":"index","follow":"follow","max-snippet":"max-snippet:-1","max-image-preview":"max-image-preview:large","max-video-preview":"max-video-preview:-1"},"canonical":"https:\/\/boutique-one-piece.com\/nl\/one-piece-puzzels\/puzzel-van-1000-stukjes-een-stukje-de-strijd-gaat-verder\/","og_locale":"nl_NL","og_type":"article","og_title":"Puzzle 1000 Pi\u00e8eces Le Combat Continue \u2013 Boutique One Piece","og_description":"Puzzle Imprim\u00e9 1000 Pi\u00e8ces One Piece Malgr\u00e9 les \u00c9preuves le Combat Continue Jeux Puzzle Imrpim\u00e9 Sur Bois de Tr\u00e8s Haute Qualit\u00e9 pour les Petits et les Grands","og_url":"https:\/\/boutique-one-piece.com\/nl\/one-piece-puzzels\/puzzel-van-1000-stukjes-een-stukje-de-strijd-gaat-verder\/","og_site_name":"Boutique One Piece","article_modified_time":"2024-09-16T12:08:49+00:00","og_image":[{"width":599,"height":399,"url":"https:\/\/boutique-one-piece.com\/wp-content\/uploads\/2022\/09\/Puzzle-1000-Pieeces-One-Piece-Le-Combat-Continue-1.jpg","type":"image\/jpeg"}],"twitter_card":"summary_large_image","twitter_misc":{"Geschatte leestijd":"2 minuten"},"schema":{"@context":"https:\/\/schema.org","@graph":[{"@type":"WebPage","@id":"https:\/\/boutique-one-piece.com\/puzzles-one-piece\/puzzle-1000-pieeces-one-piece-le-combat-continue\/","url":"https:\/\/boutique-one-piece.com\/puzzles-one-piece\/puzzle-1000-pieeces-one-piece-le-combat-continue\/","name":"Puzzel van 1000 stukjes: De strijd gaat verder \u2013 One Piece Shop","isPartOf":{"@id":"https:\/\/boutique-one-piece.com\/#website"},"primaryImageOfPage":{"@id":"https:\/\/boutique-one-piece.com\/puzzles-one-piece\/puzzle-1000-pieeces-one-piece-le-combat-continue\/#primaryimage"},"image":{"@id":"https:\/\/boutique-one-piece.com\/puzzles-one-piece\/puzzle-1000-pieeces-one-piece-le-combat-continue\/#primaryimage"},"thumbnailUrl":"https:\/\/boutique-one-piece.com\/wp-content\/uploads\/2022\/09\/Puzzle-1000-Pieeces-One-Piece-Le-Combat-Continue-1.jpg","datePublished":"2022-09-27T20:35:13+00:00","dateModified":"2024-09-16T12:08:49+00:00","description":"One Piece puzzel van 1000 stukjes met opdruk: Ondanks de beproevingen gaat de strijd door. Hoogwaardige houten puzzel met opdruk voor jong en oud.","breadcrumb":{"@id":"https:\/\/boutique-one-piece.com\/puzzles-one-piece\/puzzle-1000-pieeces-one-piece-le-combat-continue\/#breadcrumb"},"inLanguage":"nl-NL","potentialAction":[{"@type":"ReadAction","target":["https:\/\/boutique-one-piece.com\/puzzles-one-piece\/puzzle-1000-pieeces-one-piece-le-combat-continue\/"]}]},{"@type":"ImageObject","inLanguage":"nl-NL","@id":"https:\/\/boutique-one-piece.com\/puzzles-one-piece\/puzzle-1000-pieeces-one-piece-le-combat-continue\/#primaryimage","url":"https:\/\/boutique-one-piece.com\/wp-content\/uploads\/2022\/09\/Puzzle-1000-Pieeces-One-Piece-Le-Combat-Continue-1.jpg","contentUrl":"https:\/\/boutique-one-piece.com\/wp-content\/uploads\/2022\/09\/Puzzle-1000-Pieeces-One-Piece-Le-Combat-Continue-1.jpg","width":599,"height":399},{"@type":"BreadcrumbList","@id":"https:\/\/boutique-one-piece.com\/puzzles-one-piece\/puzzle-1000-pieeces-one-piece-le-combat-continue\/#breadcrumb","itemListElement":[{"@type":"ListItem","position":1,"name":"Home","item":"https:\/\/boutique-one-piece.com\/"},{"@type":"ListItem","position":2,"name":"Shop","item":"https:\/\/boutique-one-piece.com\/shop\/"},{"@type":"ListItem","position":3,"name":"Puzzle 1000 Pi\u00e8eces One Piece Le Combat Continue"}]},{"@type":"WebSite","@id":"https:\/\/boutique-one-piece.com\/#website","url":"https:\/\/boutique-one-piece.com\/","name":"One Piece Shop","description":"Gespecialiseerde winkel voor One Piece manga en anime.","publisher":{"@id":"https:\/\/boutique-one-piece.com\/#organization"},"potentialAction":[{"@type":"SearchAction","target":{"@type":"EntryPoint","urlTemplate":"https:\/\/boutique-one-piece.com\/?s={search_term_string}"},"query-input":{"@type":"PropertyValueSpecification","valueRequired":true,"valueName":"search_term_string"}}],"inLanguage":"nl-NL"},{"@type":"Organization","@id":"https:\/\/boutique-one-piece.com\/#organization","name":"One Piece Shop","url":"https:\/\/boutique-one-piece.com\/","logo":{"@type":"ImageObject","inLanguage":"nl-NL","@id":"https:\/\/boutique-one-piece.com\/#\/schema\/logo\/image\/","url":"https:\/\/boutique-one-piece.com\/wp-content\/uploads\/2022\/09\/Logo-01.png","contentUrl":"https:\/\/boutique-one-piece.com\/wp-content\/uploads\/2022\/09\/Logo-01.png","width":2318,"height":957,"caption":"Boutique One Piece"},"image":{"@id":"https:\/\/boutique-one-piece.com\/#\/schema\/logo\/image\/"}}]}},"_links":{"self":[{"href":"https:\/\/boutique-one-piece.com\/nl\/wp-json\/wp\/v2\/product\/10563","targetHints":{"allow":["GET"]}}],"collection":[{"href":"https:\/\/boutique-one-piece.com\/nl\/wp-json\/wp\/v2\/product"}],"about":[{"href":"https:\/\/boutique-one-piece.com\/nl\/wp-json\/wp\/v2\/types\/product"}],"replies":[{"embeddable":true,"href":"https:\/\/boutique-one-piece.com\/nl\/wp-json\/wp\/v2\/comments?post=10563"}],"wp:featuredmedia":[{"embeddable":true,"href":"https:\/\/boutique-one-piece.com\/nl\/wp-json\/wp\/v2\/media\/10565"}],"wp:attachment":[{"href":"https:\/\/boutique-one-piece.com\/nl\/wp-json\/wp\/v2\/media?parent=10563"}],"wp:term":[{"taxonomy":"product_brand","embeddable":true,"href":"https:\/\/boutique-one-piece.com\/nl\/wp-json\/wp\/v2\/product_brand?post=10563"},{"taxonomy":"product_cat","embeddable":true,"href":"https:\/\/boutique-one-piece.com\/nl\/wp-json\/wp\/v2\/product_cat?post=10563"},{"taxonomy":"product_tag","embeddable":true,"href":"https:\/\/boutique-one-piece.com\/nl\/wp-json\/wp\/v2\/product_tag?post=10563"}],"curies":[{"name":"wp","href":"https:\/\/api.w.org\/{rel}","templated":true}]}}