{"id":10685,"date":"2022-09-27T20:35:59","date_gmt":"2022-09-27T20:35:59","guid":{"rendered":"https:\/\/boutique-one-piece.com\/uncategorized\/embleme-equipage-du-heart\/"},"modified":"2024-09-16T12:11:13","modified_gmt":"2024-09-16T12:11:13","slug":"hart-pirates-bemanningsembleem","status":"publish","type":"product","link":"https:\/\/boutique-one-piece.com\/nl\/one-piece-decoraties\/one-piece-vlaggen\/hart-pirates-bemanningsembleem\/","title":{"rendered":"Hart Piraten Embleem"},"content":{"rendered":"<h2>Jonge Nakama, het is tijd dat jij dit Heart Pirates-embleem bemachtigt.<\/h2>\n<p>U bent er ongetwijfeld van op de hoogte dat de kapitein van <strong>de Hartpiraten<\/strong> is Law. Trafalgar Law, een van de Elf Supernova&#039;s die na de tijdsprong van twee jaar een van de Zeven Krijgsheren van de Zee werd, zag zijn titel afgenomen door Fujitora toen die ontdekte dat hij een bondgenootschap met hem had gesloten. <strong>De Strohoedbemanning<\/strong>.<\/p>\n<p>Daarnaast, <a title=\"EMBLEEM VAN DE STROHOEDCREW\" href=\"https:\/\/boutique-one-piece.com\/nl\/strohoed-crew-embleem\/\" target=\"_blank\" rel=\"noopener\">het embleem van Luffy&#039;s bemanning<\/a> Het ligt binnen handbereik. Terug naar Law en zijn bemanning: weet dat deze bemanning over vele voordelen beschikt. Men kan er zelfs van uitgaan dat ze aanzienlijke macht hebben, aangezien ze helemaal naar de Sabaody-archipel zijn gereisd en een kapitein met een hoge premie hebben die tevens een van de Elf Supernova&#039;s is.<\/p>\n<h3>Ben je gefascineerd door het embleem van de bemanning van Kapitein Trafalgar Law? Aarzel dan niet langer en grijp de kans om een volwaardig lid van de Heart Pirates te worden.<\/h3>\n<p><strong>One Piece<\/strong> Dit is de bestverkochte manga ter wereld. De manga speelt zich af in een fictieve wereld die gedomineerd wordt door oceanen, waar een aantal piraten verlangen naar een tijdperk van vrijheid en avontuur, bekend als de &quot;Gouden Eeuw van de Piraterij&quot;. Als je deel wilt uitmaken van dit avontuur, heb je geluk, want je bent hier aan het juiste adres. Bestel nu je exemplaar. <strong>deze mythische objecten<\/strong> Deze items zijn absoluut iets voor jou. Perfect om cadeau te geven, te decoreren of te verzamelen. Deze objecten nemen je mee naar de wereld van One Piece.<\/p>\n<h2>Informatie over de Trafalgar Law Crew-vlag:<\/h2>\n<ul>\n<li>\n<strong><u>One Piece-vlag<\/u><\/strong>\u00a0Een authentieke One Piece piratenvlag voor de echte fans.<\/li>\n<\/ul>\n<ul>\n<li>\n<strong>Afdrukken van hoge kwaliteit<\/strong>\u00a0nauwkeurige kleuren<\/li>\n<\/ul>\n<ul>\n<li>\n<strong>Materie<\/strong> Polyester<\/li>\n<\/ul>\n<ul>\n<li>\n<strong>Dimensie<\/strong>\u00a0: 70 cm x 125 cm<\/li>\n<\/ul>\n<ul>\n<li>\n<strong>Gewicht<\/strong> : 100 gr<\/li>\n<\/ul>\n<ul>\n<li><strong>GRATIS BEZORGING<\/strong><\/li>\n<\/ul>","protected":false},"excerpt":{"rendered":"<p>Jeune Nakama, le moment est venu pour toi de mettre la main sur cet Embl\u00e8me de l&rsquo;\u00c9quipage du Heart. Tu n&rsquo;es pas sans savoir que le capitaine de l&rsquo;\u00c9quipage du Heart est Law. Trafalgar Law, l&rsquo;un des Onze Supernovas devenu apr\u00e8s l&rsquo;ellipse des deux ans, un des 7 Capitaines Corsaires a cependant vu, son titre [&hellip;]<\/p>","protected":false},"featured_media":10687,"comment_status":"open","ping_status":"open","template":"","meta":[],"product_brand":[],"product_cat":[212],"product_tag":[202],"class_list":{"0":"post-10685","1":"product","2":"type-product","3":"status-publish","4":"has-post-thumbnail","6":"product_cat-drapeaux-one-piece","7":"product_tag-law","9":"first","10":"instock","11":"purchasable","12":"product-type-simple"},"yoast_head":"<!-- This site is optimized with the Yoast SEO plugin v27.5 - https:\/\/yoast.com\/product\/yoast-seo-wordpress\/ -->\n<title>Embl\u00e8me \u00c9quipage du Heart | Boutique One Piece<\/title>\n<meta name=\"description\" content=\"D\u00e9couvrez le Drapeau One Piece xxxx, d\u00e9corez votre pi\u00e8ce en portant les couleurs de xxx ! Commencez votre aventure recherche du One Piece dans l&#039;\u00e9quipage du Chapeau de Paille\" \/>\n<meta name=\"robots\" content=\"index, follow, max-snippet:-1, max-image-preview:large, max-video-preview:-1\" \/>\n<link rel=\"canonical\" href=\"https:\/\/boutique-one-piece.com\/nl\/one-piece-decoraties\/one-piece-vlaggen\/hart-pirates-bemanningsembleem\/\" \/>\n<meta property=\"og:locale\" content=\"nl_NL\" \/>\n<meta property=\"og:type\" content=\"article\" \/>\n<meta property=\"og:title\" content=\"Embl\u00e8me \u00c9quipage du Heart | Boutique One Piece\" \/>\n<meta property=\"og:description\" content=\"D\u00e9couvrez le Drapeau One Piece xxxx, d\u00e9corez votre pi\u00e8ce en portant les couleurs de xxx ! Commencez votre aventure recherche du One Piece dans l&#039;\u00e9quipage du Chapeau de Paille\" \/>\n<meta property=\"og:url\" content=\"https:\/\/boutique-one-piece.com\/nl\/one-piece-decoraties\/one-piece-vlaggen\/hart-pirates-bemanningsembleem\/\" \/>\n<meta property=\"og:site_name\" content=\"Boutique One Piece\" \/>\n<meta property=\"article:modified_time\" content=\"2024-09-16T12:11:13+00:00\" \/>\n<meta property=\"og:image\" content=\"https:\/\/boutique-one-piece.com\/wp-content\/uploads\/2022\/09\/Embleme-Equipage-du-Heart-1.jpg\" \/>\n\t<meta property=\"og:image:width\" content=\"800\" \/>\n\t<meta property=\"og:image:height\" content=\"800\" \/>\n\t<meta property=\"og:image:type\" content=\"image\/jpeg\" \/>\n<meta name=\"twitter:card\" content=\"summary_large_image\" \/>\n<meta name=\"twitter:label1\" content=\"Geschatte leestijd\" \/>\n\t<meta name=\"twitter:data1\" content=\"2 minuten\" \/>\n<script type=\"application\/ld+json\" class=\"yoast-schema-graph\">{\"@context\":\"https:\\\/\\\/schema.org\",\"@graph\":[{\"@type\":\"WebPage\",\"@id\":\"https:\\\/\\\/boutique-one-piece.com\\\/decorations-one-piece\\\/drapeaux-one-piece\\\/embleme-equipage-du-heart\\\/\",\"url\":\"https:\\\/\\\/boutique-one-piece.com\\\/decorations-one-piece\\\/drapeaux-one-piece\\\/embleme-equipage-du-heart\\\/\",\"name\":\"Embl\u00e8me \u00c9quipage du Heart | Boutique One Piece\",\"isPartOf\":{\"@id\":\"https:\\\/\\\/boutique-one-piece.com\\\/#website\"},\"primaryImageOfPage\":{\"@id\":\"https:\\\/\\\/boutique-one-piece.com\\\/decorations-one-piece\\\/drapeaux-one-piece\\\/embleme-equipage-du-heart\\\/#primaryimage\"},\"image\":{\"@id\":\"https:\\\/\\\/boutique-one-piece.com\\\/decorations-one-piece\\\/drapeaux-one-piece\\\/embleme-equipage-du-heart\\\/#primaryimage\"},\"thumbnailUrl\":\"https:\\\/\\\/boutique-one-piece.com\\\/wp-content\\\/uploads\\\/2022\\\/09\\\/Embleme-Equipage-du-Heart-1.jpg\",\"datePublished\":\"2022-09-27T20:35:59+00:00\",\"dateModified\":\"2024-09-16T12:11:13+00:00\",\"description\":\"D\u00e9couvrez le Drapeau One Piece xxxx, d\u00e9corez votre pi\u00e8ce en portant les couleurs de xxx ! Commencez votre aventure recherche du One Piece dans l'\u00e9quipage du Chapeau de Paille\",\"breadcrumb\":{\"@id\":\"https:\\\/\\\/boutique-one-piece.com\\\/decorations-one-piece\\\/drapeaux-one-piece\\\/embleme-equipage-du-heart\\\/#breadcrumb\"},\"inLanguage\":\"nl-NL\",\"potentialAction\":[{\"@type\":\"ReadAction\",\"target\":[\"https:\\\/\\\/boutique-one-piece.com\\\/decorations-one-piece\\\/drapeaux-one-piece\\\/embleme-equipage-du-heart\\\/\"]}]},{\"@type\":\"ImageObject\",\"inLanguage\":\"nl-NL\",\"@id\":\"https:\\\/\\\/boutique-one-piece.com\\\/decorations-one-piece\\\/drapeaux-one-piece\\\/embleme-equipage-du-heart\\\/#primaryimage\",\"url\":\"https:\\\/\\\/boutique-one-piece.com\\\/wp-content\\\/uploads\\\/2022\\\/09\\\/Embleme-Equipage-du-Heart-1.jpg\",\"contentUrl\":\"https:\\\/\\\/boutique-one-piece.com\\\/wp-content\\\/uploads\\\/2022\\\/09\\\/Embleme-Equipage-du-Heart-1.jpg\",\"width\":800,\"height\":800},{\"@type\":\"BreadcrumbList\",\"@id\":\"https:\\\/\\\/boutique-one-piece.com\\\/decorations-one-piece\\\/drapeaux-one-piece\\\/embleme-equipage-du-heart\\\/#breadcrumb\",\"itemListElement\":[{\"@type\":\"ListItem\",\"position\":1,\"name\":\"Home\",\"item\":\"https:\\\/\\\/boutique-one-piece.com\\\/\"},{\"@type\":\"ListItem\",\"position\":2,\"name\":\"Shop\",\"item\":\"https:\\\/\\\/boutique-one-piece.com\\\/shop\\\/\"},{\"@type\":\"ListItem\",\"position\":3,\"name\":\"Embl\u00e8me \u00c9quipage du Heart\"}]},{\"@type\":\"WebSite\",\"@id\":\"https:\\\/\\\/boutique-one-piece.com\\\/#website\",\"url\":\"https:\\\/\\\/boutique-one-piece.com\\\/\",\"name\":\"Boutique One Piece\",\"description\":\"Magasin Sp\u00e9cialis\u00e9 du Manga et l&#039;Anime One Piece\",\"publisher\":{\"@id\":\"https:\\\/\\\/boutique-one-piece.com\\\/#organization\"},\"potentialAction\":[{\"@type\":\"SearchAction\",\"target\":{\"@type\":\"EntryPoint\",\"urlTemplate\":\"https:\\\/\\\/boutique-one-piece.com\\\/?s={search_term_string}\"},\"query-input\":{\"@type\":\"PropertyValueSpecification\",\"valueRequired\":true,\"valueName\":\"search_term_string\"}}],\"inLanguage\":\"nl-NL\"},{\"@type\":\"Organization\",\"@id\":\"https:\\\/\\\/boutique-one-piece.com\\\/#organization\",\"name\":\"Boutique One Piece\",\"url\":\"https:\\\/\\\/boutique-one-piece.com\\\/\",\"logo\":{\"@type\":\"ImageObject\",\"inLanguage\":\"nl-NL\",\"@id\":\"https:\\\/\\\/boutique-one-piece.com\\\/#\\\/schema\\\/logo\\\/image\\\/\",\"url\":\"https:\\\/\\\/boutique-one-piece.com\\\/wp-content\\\/uploads\\\/2022\\\/09\\\/Logo-01.png\",\"contentUrl\":\"https:\\\/\\\/boutique-one-piece.com\\\/wp-content\\\/uploads\\\/2022\\\/09\\\/Logo-01.png\",\"width\":2318,\"height\":957,\"caption\":\"Boutique One Piece\"},\"image\":{\"@id\":\"https:\\\/\\\/boutique-one-piece.com\\\/#\\\/schema\\\/logo\\\/image\\\/\"}}]}<\/script>\n<!-- \/ Yoast SEO plugin. -->","yoast_head_json":{"title":"Hartpiraten-embleem | One Piece-winkel","description":"Ontdek de One Piece-vlag xxxx, versier je kamer met de kleuren van xxx! Begin je One Piece-zoekavontuur met de Strohoedpiraten.","robots":{"index":"index","follow":"follow","max-snippet":"max-snippet:-1","max-image-preview":"max-image-preview:large","max-video-preview":"max-video-preview:-1"},"canonical":"https:\/\/boutique-one-piece.com\/nl\/one-piece-decoraties\/one-piece-vlaggen\/hart-pirates-bemanningsembleem\/","og_locale":"nl_NL","og_type":"article","og_title":"Embl\u00e8me \u00c9quipage du Heart | Boutique One Piece","og_description":"D\u00e9couvrez le Drapeau One Piece xxxx, d\u00e9corez votre pi\u00e8ce en portant les couleurs de xxx ! Commencez votre aventure recherche du One Piece dans l'\u00e9quipage du Chapeau de Paille","og_url":"https:\/\/boutique-one-piece.com\/nl\/one-piece-decoraties\/one-piece-vlaggen\/hart-pirates-bemanningsembleem\/","og_site_name":"Boutique One Piece","article_modified_time":"2024-09-16T12:11:13+00:00","og_image":[{"width":800,"height":800,"url":"https:\/\/boutique-one-piece.com\/wp-content\/uploads\/2022\/09\/Embleme-Equipage-du-Heart-1.jpg","type":"image\/jpeg"}],"twitter_card":"summary_large_image","twitter_misc":{"Geschatte leestijd":"2 minuten"},"schema":{"@context":"https:\/\/schema.org","@graph":[{"@type":"WebPage","@id":"https:\/\/boutique-one-piece.com\/decorations-one-piece\/drapeaux-one-piece\/embleme-equipage-du-heart\/","url":"https:\/\/boutique-one-piece.com\/decorations-one-piece\/drapeaux-one-piece\/embleme-equipage-du-heart\/","name":"Hartpiraten-embleem | One Piece-winkel","isPartOf":{"@id":"https:\/\/boutique-one-piece.com\/#website"},"primaryImageOfPage":{"@id":"https:\/\/boutique-one-piece.com\/decorations-one-piece\/drapeaux-one-piece\/embleme-equipage-du-heart\/#primaryimage"},"image":{"@id":"https:\/\/boutique-one-piece.com\/decorations-one-piece\/drapeaux-one-piece\/embleme-equipage-du-heart\/#primaryimage"},"thumbnailUrl":"https:\/\/boutique-one-piece.com\/wp-content\/uploads\/2022\/09\/Embleme-Equipage-du-Heart-1.jpg","datePublished":"2022-09-27T20:35:59+00:00","dateModified":"2024-09-16T12:11:13+00:00","description":"Ontdek de One Piece-vlag xxxx, versier je kamer met de kleuren van xxx! Begin je One Piece-zoekavontuur met de Strohoedpiraten.","breadcrumb":{"@id":"https:\/\/boutique-one-piece.com\/decorations-one-piece\/drapeaux-one-piece\/embleme-equipage-du-heart\/#breadcrumb"},"inLanguage":"nl-NL","potentialAction":[{"@type":"ReadAction","target":["https:\/\/boutique-one-piece.com\/decorations-one-piece\/drapeaux-one-piece\/embleme-equipage-du-heart\/"]}]},{"@type":"ImageObject","inLanguage":"nl-NL","@id":"https:\/\/boutique-one-piece.com\/decorations-one-piece\/drapeaux-one-piece\/embleme-equipage-du-heart\/#primaryimage","url":"https:\/\/boutique-one-piece.com\/wp-content\/uploads\/2022\/09\/Embleme-Equipage-du-Heart-1.jpg","contentUrl":"https:\/\/boutique-one-piece.com\/wp-content\/uploads\/2022\/09\/Embleme-Equipage-du-Heart-1.jpg","width":800,"height":800},{"@type":"BreadcrumbList","@id":"https:\/\/boutique-one-piece.com\/decorations-one-piece\/drapeaux-one-piece\/embleme-equipage-du-heart\/#breadcrumb","itemListElement":[{"@type":"ListItem","position":1,"name":"Home","item":"https:\/\/boutique-one-piece.com\/"},{"@type":"ListItem","position":2,"name":"Shop","item":"https:\/\/boutique-one-piece.com\/shop\/"},{"@type":"ListItem","position":3,"name":"Embl\u00e8me \u00c9quipage du Heart"}]},{"@type":"WebSite","@id":"https:\/\/boutique-one-piece.com\/#website","url":"https:\/\/boutique-one-piece.com\/","name":"One Piece Shop","description":"Gespecialiseerde winkel voor One Piece manga en anime.","publisher":{"@id":"https:\/\/boutique-one-piece.com\/#organization"},"potentialAction":[{"@type":"SearchAction","target":{"@type":"EntryPoint","urlTemplate":"https:\/\/boutique-one-piece.com\/?s={search_term_string}"},"query-input":{"@type":"PropertyValueSpecification","valueRequired":true,"valueName":"search_term_string"}}],"inLanguage":"nl-NL"},{"@type":"Organization","@id":"https:\/\/boutique-one-piece.com\/#organization","name":"One Piece Shop","url":"https:\/\/boutique-one-piece.com\/","logo":{"@type":"ImageObject","inLanguage":"nl-NL","@id":"https:\/\/boutique-one-piece.com\/#\/schema\/logo\/image\/","url":"https:\/\/boutique-one-piece.com\/wp-content\/uploads\/2022\/09\/Logo-01.png","contentUrl":"https:\/\/boutique-one-piece.com\/wp-content\/uploads\/2022\/09\/Logo-01.png","width":2318,"height":957,"caption":"Boutique One Piece"},"image":{"@id":"https:\/\/boutique-one-piece.com\/#\/schema\/logo\/image\/"}}]}},"_links":{"self":[{"href":"https:\/\/boutique-one-piece.com\/nl\/wp-json\/wp\/v2\/product\/10685","targetHints":{"allow":["GET"]}}],"collection":[{"href":"https:\/\/boutique-one-piece.com\/nl\/wp-json\/wp\/v2\/product"}],"about":[{"href":"https:\/\/boutique-one-piece.com\/nl\/wp-json\/wp\/v2\/types\/product"}],"replies":[{"embeddable":true,"href":"https:\/\/boutique-one-piece.com\/nl\/wp-json\/wp\/v2\/comments?post=10685"}],"wp:featuredmedia":[{"embeddable":true,"href":"https:\/\/boutique-one-piece.com\/nl\/wp-json\/wp\/v2\/media\/10687"}],"wp:attachment":[{"href":"https:\/\/boutique-one-piece.com\/nl\/wp-json\/wp\/v2\/media?parent=10685"}],"wp:term":[{"taxonomy":"product_brand","embeddable":true,"href":"https:\/\/boutique-one-piece.com\/nl\/wp-json\/wp\/v2\/product_brand?post=10685"},{"taxonomy":"product_cat","embeddable":true,"href":"https:\/\/boutique-one-piece.com\/nl\/wp-json\/wp\/v2\/product_cat?post=10685"},{"taxonomy":"product_tag","embeddable":true,"href":"https:\/\/boutique-one-piece.com\/nl\/wp-json\/wp\/v2\/product_tag?post=10685"}],"curies":[{"name":"wp","href":"https:\/\/api.w.org\/{rel}","templated":true}]}}