{"id":10815,"date":"2022-09-27T20:36:46","date_gmt":"2022-09-27T20:36:46","guid":{"rendered":"https:\/\/boutique-one-piece.com\/uncategorized\/avis-de-recherche-sniperking-wanted\/"},"modified":"2025-12-02T21:43:41","modified_gmt":"2025-12-02T21:43:41","slug":"opsporingsposter-voor-sluipschutters","status":"publish","type":"product","link":"https:\/\/boutique-one-piece.com\/nl\/one-piece-gezocht-poster\/opsporingsposter-voor-sluipschutters\/","title":{"rendered":"Opsporingsbericht voor Sniper King"},"content":{"rendered":"<h2>Geniet van de poster van Usopp met masker, dankzij deze Wanted Poster van Sniper King.<\/h2>\n<p>Sniper King, ook wel bekend als <strong>Sogeking<\/strong> Dit is de identiteit die Usopp aanneemt tijdens de Enies Lobby-arc. Hij heeft zelfs zijn eigen liedje, &quot;Sogeking no Uta&quot;, om zichzelf te bezingen. Het is een liedje dat erg populair is bij kinderen die One Piece volgen.<\/p>\n<p>Sniper King zal een belangrijke rol spelen tijdens de verhaallijn. <strong>Enies Lobby<\/strong> Aangezien deze verhaallijn draait om de redding van Nico Robin door Luffy en zijn bemanning, verschijnt Sniper King als tijdelijke bondgenoot van Luffy en beleeft hij een aantal hero\u00efsche momenten. Hij is degene die de vlag van de Wereldregering verbrandt met een vuurbal, en hij is ook degene die Robin redt door van grote afstand te schieten op mariniers die de opdracht hadden haar te doden.<\/p>\n<h3>Laat je bewondering voor de beste scherpschutter aller tijden zien met deze gezocht-poster van Sniper King.<\/h3>\n<p>De uitvinding van het personage Sniper King kan worden beschouwd als een slimme plotwending van Eiichiro Oda: nadat Usopp de bemanning had verlaten, bracht hij hem terug onder een andere identiteit zodat hij Luffy kon helpen en een onmisbare rol kon spelen in... <strong>Robins redding<\/strong> Om zijn belang te benadrukken, zal dit Usopp in staat stellen terug te keren na zijn excuses te hebben aangeboden en een volwaardig lid van de Strohoedpiraten te blijven. Er staat zelfs een prijs van 30 miljoen op het hoofd van Sniper King.<\/p>\n<p>Ben je fan van premiejagers? Kijk dan eens hiernaar. <a href=\"https:\/\/boutique-one-piece.com\/nl\/avis-de-recherche-vasco-shot-wanted\/\" target=\"_blank\" title=\"Vasco Shot gezocht-poster\" rel=\"noopener noreferrer\" class=\"broken_link\">Vasco Shot gezocht-poster<\/a>.<\/p>\n<h2>Informatie over de One Piece Wanted Sniper King-poster<\/h2>\n<ul>\n<li><span><b><u>One Piece Wanted Poster<\/u><\/b>\u00a0Een authentieke One Piece-opsporingsposter voor echte piraten.<\/span><\/li>\n<\/ul>\n<ul>\n<li>\n<b><u>De premie van de sluipschutterkoning<\/u><\/b>\u00a030.000.000 bessen<\/li>\n<\/ul>\n<ul>\n<li><span><strong>Afdrukken van hoge kwaliteit<\/strong>\u00a0nauwkeurige kleuren<\/span><\/li>\n<\/ul>\n<ul>\n<li>\n<strong>Dimensie<\/strong>\u00a0: 30 cm x 21 cm en 42 cm x 30 cm<\/li>\n<\/ul>\n<ul>\n<li><span><strong>GRATIS BEZORGING<\/strong><\/span><\/li>\n<\/ul>\n<div id=\"gtx-trans\" style=\"position: absolute;left: 221px;top: 124.5px\">\n<div class=\"gtx-trans-icon\"><\/div>\n<\/div>","protected":false},"excerpt":{"rendered":"<p>Appr\u00e9cie le poster de Usopp lorsqu&rsquo;il est masqu\u00e9 gr\u00e2ce \u00e0 cet Avis de Recherche Sniper King Wanted. Sniper King, aussi appel\u00e9 Sogeking est l&rsquo;identit\u00e9 que prend Ussop durant l&rsquo;arc Enies Lobbie. Il a m\u00eame droit \u00e0 sa propre musique, \u00ab\u00a0Sogeking no uta\u00a0\u00bb pour chanter ses propres louanges. C&rsquo;est une chanson qui a \u00e9t\u00e9 tr\u00e8s appr\u00e9ci\u00e9e [&hellip;]<\/p>","protected":false},"featured_media":10817,"comment_status":"open","ping_status":"open","template":"","meta":[],"product_brand":[],"product_cat":[171],"product_tag":[],"class_list":{"0":"post-10815","1":"product","2":"type-product","3":"status-publish","4":"has-post-thumbnail","6":"product_cat-avis-de-recherche-one-piece","8":"first","9":"outofstock","10":"purchasable","11":"product-type-variable"},"yoast_head":"<!-- This site is optimized with the Yoast SEO plugin v27.5 - https:\/\/yoast.com\/product\/yoast-seo-wordpress\/ -->\n<title>Avis De Recherche Sniper King Wanted | D\u00e9coration One Piece \u2013 Boutique One Piece<\/title>\n<meta name=\"description\" content=\"Appr\u00e9cie le poster de Usopp lorsqu&#039;il est masqu\u00e9 gr\u00e2ce \u00e0 cet Avis de Recherche Sniper King Wanted. Sniper King, aussi appel\u00e9 Sogeking est l&#039;identit\u00e9 que prend Ussop durant l&#039;arc Enies Lobbie. Il a m\u00eame droit \u00e0 sa propre musique, &quot;Sogeking no uta&quot; pour chanter ses propres louanges. C&#039;est une chanson qui a \u00e9t\u00e9 tr\u00e8s appr\u00e9\" \/>\n<meta name=\"robots\" content=\"index, follow, max-snippet:-1, max-image-preview:large, max-video-preview:-1\" \/>\n<link rel=\"canonical\" href=\"https:\/\/boutique-one-piece.com\/nl\/one-piece-gezocht-poster\/opsporingsposter-voor-sluipschutters\/\" \/>\n<meta property=\"og:locale\" content=\"nl_NL\" \/>\n<meta property=\"og:type\" content=\"article\" \/>\n<meta property=\"og:title\" content=\"Avis De Recherche Sniper King Wanted | D\u00e9coration One Piece \u2013 Boutique One Piece\" \/>\n<meta property=\"og:description\" content=\"Appr\u00e9cie le poster de Usopp lorsqu&#039;il est masqu\u00e9 gr\u00e2ce \u00e0 cet Avis de Recherche Sniper King Wanted. Sniper King, aussi appel\u00e9 Sogeking est l&#039;identit\u00e9 que prend Ussop durant l&#039;arc Enies Lobbie. Il a m\u00eame droit \u00e0 sa propre musique, &quot;Sogeking no uta&quot; pour chanter ses propres louanges. C&#039;est une chanson qui a \u00e9t\u00e9 tr\u00e8s appr\u00e9\" \/>\n<meta property=\"og:url\" content=\"https:\/\/boutique-one-piece.com\/nl\/one-piece-gezocht-poster\/opsporingsposter-voor-sluipschutters\/\" \/>\n<meta property=\"og:site_name\" content=\"Boutique One Piece\" \/>\n<meta property=\"article:modified_time\" content=\"2025-12-02T21:43:41+00:00\" \/>\n<meta property=\"og:image\" content=\"https:\/\/boutique-one-piece.com\/wp-content\/uploads\/2022\/09\/Avis-De-Recherche-Sniper-King-Wanted.jpg\" \/>\n\t<meta property=\"og:image:width\" content=\"800\" \/>\n\t<meta property=\"og:image:height\" content=\"800\" \/>\n\t<meta property=\"og:image:type\" content=\"image\/jpeg\" \/>\n<meta name=\"twitter:card\" content=\"summary_large_image\" \/>\n<meta name=\"twitter:label1\" content=\"Geschatte leestijd\" \/>\n\t<meta name=\"twitter:data1\" content=\"2 minuten\" \/>\n<script type=\"application\/ld+json\" class=\"yoast-schema-graph\">{\"@context\":\"https:\\\/\\\/schema.org\",\"@graph\":[{\"@type\":\"WebPage\",\"@id\":\"https:\\\/\\\/boutique-one-piece.com\\\/avis-de-recherche-one-piece\\\/avis-de-recherche-sniperking-wanted\\\/\",\"url\":\"https:\\\/\\\/boutique-one-piece.com\\\/avis-de-recherche-one-piece\\\/avis-de-recherche-sniperking-wanted\\\/\",\"name\":\"Avis De Recherche Sniper King Wanted | D\u00e9coration One Piece \u2013 Boutique One Piece\",\"isPartOf\":{\"@id\":\"https:\\\/\\\/boutique-one-piece.com\\\/#website\"},\"primaryImageOfPage\":{\"@id\":\"https:\\\/\\\/boutique-one-piece.com\\\/avis-de-recherche-one-piece\\\/avis-de-recherche-sniperking-wanted\\\/#primaryimage\"},\"image\":{\"@id\":\"https:\\\/\\\/boutique-one-piece.com\\\/avis-de-recherche-one-piece\\\/avis-de-recherche-sniperking-wanted\\\/#primaryimage\"},\"thumbnailUrl\":\"https:\\\/\\\/boutique-one-piece.com\\\/wp-content\\\/uploads\\\/2022\\\/09\\\/Avis-De-Recherche-Sniper-King-Wanted.jpg\",\"datePublished\":\"2022-09-27T20:36:46+00:00\",\"dateModified\":\"2025-12-02T21:43:41+00:00\",\"description\":\"Appr\u00e9cie le poster de Usopp lorsqu'il est masqu\u00e9 gr\u00e2ce \u00e0 cet Avis de Recherche Sniper King Wanted. Sniper King, aussi appel\u00e9 Sogeking est l'identit\u00e9 que prend Ussop durant l'arc Enies Lobbie. Il a m\u00eame droit \u00e0 sa propre musique, \\\"Sogeking no uta\\\" pour chanter ses propres louanges. C'est une chanson qui a \u00e9t\u00e9 tr\u00e8s appr\u00e9\",\"breadcrumb\":{\"@id\":\"https:\\\/\\\/boutique-one-piece.com\\\/avis-de-recherche-one-piece\\\/avis-de-recherche-sniperking-wanted\\\/#breadcrumb\"},\"inLanguage\":\"nl-NL\",\"potentialAction\":[{\"@type\":\"ReadAction\",\"target\":[\"https:\\\/\\\/boutique-one-piece.com\\\/avis-de-recherche-one-piece\\\/avis-de-recherche-sniperking-wanted\\\/\"]}]},{\"@type\":\"ImageObject\",\"inLanguage\":\"nl-NL\",\"@id\":\"https:\\\/\\\/boutique-one-piece.com\\\/avis-de-recherche-one-piece\\\/avis-de-recherche-sniperking-wanted\\\/#primaryimage\",\"url\":\"https:\\\/\\\/boutique-one-piece.com\\\/wp-content\\\/uploads\\\/2022\\\/09\\\/Avis-De-Recherche-Sniper-King-Wanted.jpg\",\"contentUrl\":\"https:\\\/\\\/boutique-one-piece.com\\\/wp-content\\\/uploads\\\/2022\\\/09\\\/Avis-De-Recherche-Sniper-King-Wanted.jpg\",\"width\":800,\"height\":800,\"caption\":\"Avis De Recherche Sniper King Wanted 42 X 30 cm\"},{\"@type\":\"BreadcrumbList\",\"@id\":\"https:\\\/\\\/boutique-one-piece.com\\\/avis-de-recherche-one-piece\\\/avis-de-recherche-sniperking-wanted\\\/#breadcrumb\",\"itemListElement\":[{\"@type\":\"ListItem\",\"position\":1,\"name\":\"Home\",\"item\":\"https:\\\/\\\/boutique-one-piece.com\\\/\"},{\"@type\":\"ListItem\",\"position\":2,\"name\":\"Shop\",\"item\":\"https:\\\/\\\/boutique-one-piece.com\\\/shop\\\/\"},{\"@type\":\"ListItem\",\"position\":3,\"name\":\"Avis De Recherche Sniper King Wanted\"}]},{\"@type\":\"WebSite\",\"@id\":\"https:\\\/\\\/boutique-one-piece.com\\\/#website\",\"url\":\"https:\\\/\\\/boutique-one-piece.com\\\/\",\"name\":\"Boutique One Piece\",\"description\":\"Magasin Sp\u00e9cialis\u00e9 du Manga et l&#039;Anime One Piece\",\"publisher\":{\"@id\":\"https:\\\/\\\/boutique-one-piece.com\\\/#organization\"},\"potentialAction\":[{\"@type\":\"SearchAction\",\"target\":{\"@type\":\"EntryPoint\",\"urlTemplate\":\"https:\\\/\\\/boutique-one-piece.com\\\/?s={search_term_string}\"},\"query-input\":{\"@type\":\"PropertyValueSpecification\",\"valueRequired\":true,\"valueName\":\"search_term_string\"}}],\"inLanguage\":\"nl-NL\"},{\"@type\":\"Organization\",\"@id\":\"https:\\\/\\\/boutique-one-piece.com\\\/#organization\",\"name\":\"Boutique One Piece\",\"url\":\"https:\\\/\\\/boutique-one-piece.com\\\/\",\"logo\":{\"@type\":\"ImageObject\",\"inLanguage\":\"nl-NL\",\"@id\":\"https:\\\/\\\/boutique-one-piece.com\\\/#\\\/schema\\\/logo\\\/image\\\/\",\"url\":\"https:\\\/\\\/boutique-one-piece.com\\\/wp-content\\\/uploads\\\/2022\\\/09\\\/Logo-01.png\",\"contentUrl\":\"https:\\\/\\\/boutique-one-piece.com\\\/wp-content\\\/uploads\\\/2022\\\/09\\\/Logo-01.png\",\"width\":2318,\"height\":957,\"caption\":\"Boutique One Piece\"},\"image\":{\"@id\":\"https:\\\/\\\/boutique-one-piece.com\\\/#\\\/schema\\\/logo\\\/image\\\/\"}}]}<\/script>\n<!-- \/ Yoast SEO plugin. -->","yoast_head_json":{"title":"Opsporingsposter van de Sniper King | One Piece Decoratie \u2013 One Piece Shop","description":"Geniet van de poster van Usopp met masker, dankzij deze Wanted Poster van Sniper King. Sniper King, ook bekend als Sogeking, is de identiteit die Usopp aanneemt tijdens de Enies Lobby-arc. Hij heeft zelfs zijn eigen lied, &quot;Sogeking no Uta&quot;, om zichzelf te bezingen. Het is een lied dat erg populair is geworden.","robots":{"index":"index","follow":"follow","max-snippet":"max-snippet:-1","max-image-preview":"max-image-preview:large","max-video-preview":"max-video-preview:-1"},"canonical":"https:\/\/boutique-one-piece.com\/nl\/one-piece-gezocht-poster\/opsporingsposter-voor-sluipschutters\/","og_locale":"nl_NL","og_type":"article","og_title":"Avis De Recherche Sniper King Wanted | D\u00e9coration One Piece \u2013 Boutique One Piece","og_description":"Appr\u00e9cie le poster de Usopp lorsqu'il est masqu\u00e9 gr\u00e2ce \u00e0 cet Avis de Recherche Sniper King Wanted. Sniper King, aussi appel\u00e9 Sogeking est l'identit\u00e9 que prend Ussop durant l'arc Enies Lobbie. Il a m\u00eame droit \u00e0 sa propre musique, \"Sogeking no uta\" pour chanter ses propres louanges. C'est une chanson qui a \u00e9t\u00e9 tr\u00e8s appr\u00e9","og_url":"https:\/\/boutique-one-piece.com\/nl\/one-piece-gezocht-poster\/opsporingsposter-voor-sluipschutters\/","og_site_name":"Boutique One Piece","article_modified_time":"2025-12-02T21:43:41+00:00","og_image":[{"width":800,"height":800,"url":"https:\/\/boutique-one-piece.com\/wp-content\/uploads\/2022\/09\/Avis-De-Recherche-Sniper-King-Wanted.jpg","type":"image\/jpeg"}],"twitter_card":"summary_large_image","twitter_misc":{"Geschatte leestijd":"2 minuten"},"schema":{"@context":"https:\/\/schema.org","@graph":[{"@type":"WebPage","@id":"https:\/\/boutique-one-piece.com\/avis-de-recherche-one-piece\/avis-de-recherche-sniperking-wanted\/","url":"https:\/\/boutique-one-piece.com\/avis-de-recherche-one-piece\/avis-de-recherche-sniperking-wanted\/","name":"Opsporingsposter van de Sniper King | One Piece Decoratie \u2013 One Piece Shop","isPartOf":{"@id":"https:\/\/boutique-one-piece.com\/#website"},"primaryImageOfPage":{"@id":"https:\/\/boutique-one-piece.com\/avis-de-recherche-one-piece\/avis-de-recherche-sniperking-wanted\/#primaryimage"},"image":{"@id":"https:\/\/boutique-one-piece.com\/avis-de-recherche-one-piece\/avis-de-recherche-sniperking-wanted\/#primaryimage"},"thumbnailUrl":"https:\/\/boutique-one-piece.com\/wp-content\/uploads\/2022\/09\/Avis-De-Recherche-Sniper-King-Wanted.jpg","datePublished":"2022-09-27T20:36:46+00:00","dateModified":"2025-12-02T21:43:41+00:00","description":"Geniet van de poster van Usopp met masker, dankzij deze Wanted Poster van Sniper King. Sniper King, ook bekend als Sogeking, is de identiteit die Usopp aanneemt tijdens de Enies Lobby-arc. Hij heeft zelfs zijn eigen lied, &quot;Sogeking no Uta&quot;, om zichzelf te bezingen. Het is een lied dat erg populair is geworden.","breadcrumb":{"@id":"https:\/\/boutique-one-piece.com\/avis-de-recherche-one-piece\/avis-de-recherche-sniperking-wanted\/#breadcrumb"},"inLanguage":"nl-NL","potentialAction":[{"@type":"ReadAction","target":["https:\/\/boutique-one-piece.com\/avis-de-recherche-one-piece\/avis-de-recherche-sniperking-wanted\/"]}]},{"@type":"ImageObject","inLanguage":"nl-NL","@id":"https:\/\/boutique-one-piece.com\/avis-de-recherche-one-piece\/avis-de-recherche-sniperking-wanted\/#primaryimage","url":"https:\/\/boutique-one-piece.com\/wp-content\/uploads\/2022\/09\/Avis-De-Recherche-Sniper-King-Wanted.jpg","contentUrl":"https:\/\/boutique-one-piece.com\/wp-content\/uploads\/2022\/09\/Avis-De-Recherche-Sniper-King-Wanted.jpg","width":800,"height":800,"caption":"Avis De Recherche Sniper King Wanted 42 X 30 cm"},{"@type":"BreadcrumbList","@id":"https:\/\/boutique-one-piece.com\/avis-de-recherche-one-piece\/avis-de-recherche-sniperking-wanted\/#breadcrumb","itemListElement":[{"@type":"ListItem","position":1,"name":"Home","item":"https:\/\/boutique-one-piece.com\/"},{"@type":"ListItem","position":2,"name":"Shop","item":"https:\/\/boutique-one-piece.com\/shop\/"},{"@type":"ListItem","position":3,"name":"Avis De Recherche Sniper King Wanted"}]},{"@type":"WebSite","@id":"https:\/\/boutique-one-piece.com\/#website","url":"https:\/\/boutique-one-piece.com\/","name":"One Piece Shop","description":"Gespecialiseerde winkel voor One Piece manga en anime.","publisher":{"@id":"https:\/\/boutique-one-piece.com\/#organization"},"potentialAction":[{"@type":"SearchAction","target":{"@type":"EntryPoint","urlTemplate":"https:\/\/boutique-one-piece.com\/?s={search_term_string}"},"query-input":{"@type":"PropertyValueSpecification","valueRequired":true,"valueName":"search_term_string"}}],"inLanguage":"nl-NL"},{"@type":"Organization","@id":"https:\/\/boutique-one-piece.com\/#organization","name":"One Piece Shop","url":"https:\/\/boutique-one-piece.com\/","logo":{"@type":"ImageObject","inLanguage":"nl-NL","@id":"https:\/\/boutique-one-piece.com\/#\/schema\/logo\/image\/","url":"https:\/\/boutique-one-piece.com\/wp-content\/uploads\/2022\/09\/Logo-01.png","contentUrl":"https:\/\/boutique-one-piece.com\/wp-content\/uploads\/2022\/09\/Logo-01.png","width":2318,"height":957,"caption":"Boutique One Piece"},"image":{"@id":"https:\/\/boutique-one-piece.com\/#\/schema\/logo\/image\/"}}]}},"_links":{"self":[{"href":"https:\/\/boutique-one-piece.com\/nl\/wp-json\/wp\/v2\/product\/10815","targetHints":{"allow":["GET"]}}],"collection":[{"href":"https:\/\/boutique-one-piece.com\/nl\/wp-json\/wp\/v2\/product"}],"about":[{"href":"https:\/\/boutique-one-piece.com\/nl\/wp-json\/wp\/v2\/types\/product"}],"replies":[{"embeddable":true,"href":"https:\/\/boutique-one-piece.com\/nl\/wp-json\/wp\/v2\/comments?post=10815"}],"wp:featuredmedia":[{"embeddable":true,"href":"https:\/\/boutique-one-piece.com\/nl\/wp-json\/wp\/v2\/media\/10817"}],"wp:attachment":[{"href":"https:\/\/boutique-one-piece.com\/nl\/wp-json\/wp\/v2\/media?parent=10815"}],"wp:term":[{"taxonomy":"product_brand","embeddable":true,"href":"https:\/\/boutique-one-piece.com\/nl\/wp-json\/wp\/v2\/product_brand?post=10815"},{"taxonomy":"product_cat","embeddable":true,"href":"https:\/\/boutique-one-piece.com\/nl\/wp-json\/wp\/v2\/product_cat?post=10815"},{"taxonomy":"product_tag","embeddable":true,"href":"https:\/\/boutique-one-piece.com\/nl\/wp-json\/wp\/v2\/product_tag?post=10815"}],"curies":[{"name":"wp","href":"https:\/\/api.w.org\/{rel}","templated":true}]}}