{"id":11129,"date":"2022-09-27T20:38:55","date_gmt":"2022-09-27T20:38:55","guid":{"rendered":"https:\/\/boutique-one-piece.com\/uncategorized\/peluche-luffy\/"},"modified":"2025-10-24T20:20:56","modified_gmt":"2025-10-24T20:20:56","slug":"luffy-knuffel","status":"publish","type":"product","link":"https:\/\/boutique-one-piece.com\/nl\/one-piece-goodies-2\/leuke-spulletjes-van-monkey-d-luffy-uit-one-piece\/luffy-knuffel\/","title":{"rendered":"Luffy pluche speelgoed"},"content":{"rendered":"<h2>Jonge piraat, word onafscheidelijk van de kapitein van de Strohoedpiraten. Bestel daarom nu deze Luffy-knuffel.<\/h2>\n<p>Luffy behoeft geen introductie, maar hier zijn toch een paar dingen die je over hem moet weten; ;<strong> Monkey D. Luffy<\/strong> Hij is een piraat en de hoofdpersoon van de manga en anime One Piece. Zijn grootste droom is om Piratenkoning te worden door de legendarische schat One Piece te vinden, die ergens ter wereld verborgen is door Gol D. Roger. Volgens hem betekent Piratenkoning zijn dat je onge\u00ebvenaarde vrijheid in de wereld geniet.<\/p>\n<p>Bovendien was hij als oprichter en kapitein van de Strohoedpiraten het eerste lid dat zich aansloot, en tevens een van de drie sterkste vechters, zo niet de sterkste. Hij is ook de onbewuste oprichter van... <strong>De Grote Strohoedvloot<\/strong>, Hij weigert echter kapitein te worden, omdat hij anderen niet van hun vrijheid wil beroven. Bovendien, als je je verzameling pluche speelgoed wilt uitbreiden, dan is dit een goede optie. <a title=\"Chopper Luffy Cosplay Pluche\" href=\"https:\/\/boutique-one-piece.com\/nl\/chopper-pluche-cosplay-luffy\/\" target=\"_blank\" rel=\"noopener\">Chopper-knuffel verkleed als Luffy<\/a> ligt binnen handbereik.<\/p>\n<h3>Sluit je aan bij de bemanning van Kapitein Monkey D. Luffy! Dit pluche speelgoed, dat sprekend op hem lijkt, zal je nooit verlaten en je vergezellen op al je avonturen aan boord van de Thousand Sunny.<\/h3>\n<p>Jonge piraat, neem je lot in eigen handen en ga zonder verder uitstel aan boord van de Thousand Sunny. <strong>Luffy<\/strong> En zijn crew wachten op je. Aarzel niet om jezelf steeds opnieuw onder te dompelen in je favoriete manga. Deze items zijn perfect om cadeau te geven, te decoreren of te verzamelen. Wacht niet langer en grijp deze kans om veel te beleven... <strong>ongekende avonturen<\/strong>.\u00a0<\/p>\n<h2>Informatie over de One Piece Luffy pluche:<\/h2>\n<ul>\n<li>\u00a0<b>Producttype<\/b><span>\u00a0<\/span>Pluche speelgoed uit de One Piece manga<\/li>\n<\/ul>\n<ul>\n<li>\n<b>Gebruik van de Peluce<\/b>\u00a0Speelgoed, decoraties, verzamelobjecten, cadeaus<\/li>\n<\/ul>\n<ul>\n<li>\n<b>Personagenaam<\/b>\u00a0Monkey D. Luffy<\/li>\n<\/ul>\n<ul>\n<li>\n<b>Pluche speelgoedformaat<\/b>\u00a0: 25 of 30 centimeter<\/li>\n<\/ul>\n<ul>\n<li>\n<b>Materie<\/b>\u00a0: Katoen<\/li>\n<\/ul>\n<ul>\n<li>\n<b>Aanbevolen leeftijd<\/b>\u00a0: meer dan 3 jaar<\/li>\n<\/ul>\n<ul>\n<li>\n<b>Gratis bezorging<\/b> voor elke aankoop<\/li>\n<\/ul>","protected":false},"excerpt":{"rendered":"<p>Jeune pirate, deviens ins\u00e9parable avec le Capitaine de L&rsquo;\u00c9quipage de Chapeau de Paille. Pour ce faire, procure-toi d\u00e8s maintenant cette Peluche Luffy. Luffy n&rsquo;est plus \u00e0 pr\u00e9senter, mais voici tout de m\u00eame quelques \u00e9l\u00e9ments \u00e0 conna\u00eetre \u00e0 son sujet ; Monkey D. Luffy est un pirate et le principal protagoniste du manga et anime One [&hellip;]<\/p>","protected":false},"featured_media":11131,"comment_status":"open","ping_status":"open","template":"","meta":[],"product_brand":[],"product_cat":[80,177],"product_tag":[92],"class_list":{"0":"post-11129","1":"product","2":"type-product","3":"status-publish","4":"has-post-thumbnail","6":"product_cat-goodies-monkey-d-luffy-one-piece","7":"product_cat-peluches-one-piece","8":"product_tag-luffy","10":"first","11":"instock","12":"purchasable","13":"product-type-variable"},"yoast_head":"<!-- This site is optimized with the Yoast SEO plugin v27.5 - https:\/\/yoast.com\/product\/yoast-seo-wordpress\/ -->\n<title>Peluche Luffy | Boutique One Piece<\/title>\n<meta name=\"description\" content=\"D\u00e9couvrez la peluche One Piece Monkey D Luffy, elle est aussi douce que mignonne ! Commencez votre aventure de pirate \u00e0 la recherche du One Piece dans l&#039;\u00e9quipage du Chapeau de Paille\" \/>\n<meta name=\"robots\" content=\"index, follow, max-snippet:-1, max-image-preview:large, max-video-preview:-1\" \/>\n<link rel=\"canonical\" href=\"https:\/\/boutique-one-piece.com\/nl\/one-piece-pluche-speelgoed\/luffy-knuffel\/\" \/>\n<meta property=\"og:locale\" content=\"nl_NL\" \/>\n<meta property=\"og:type\" content=\"article\" \/>\n<meta property=\"og:title\" content=\"Peluche Luffy | Boutique One Piece\" \/>\n<meta property=\"og:description\" content=\"D\u00e9couvrez la peluche One Piece Monkey D Luffy, elle est aussi douce que mignonne ! Commencez votre aventure de pirate \u00e0 la recherche du One Piece dans l&#039;\u00e9quipage du Chapeau de Paille\" \/>\n<meta property=\"og:url\" content=\"https:\/\/boutique-one-piece.com\/nl\/one-piece-pluche-speelgoed\/luffy-knuffel\/\" \/>\n<meta property=\"og:site_name\" content=\"Boutique One Piece\" \/>\n<meta property=\"article:modified_time\" content=\"2025-10-24T20:20:56+00:00\" \/>\n<meta property=\"og:image\" content=\"https:\/\/boutique-one-piece.com\/wp-content\/uploads\/2022\/09\/Peluche-Luffy.png\" \/>\n\t<meta property=\"og:image:width\" content=\"500\" \/>\n\t<meta property=\"og:image:height\" content=\"500\" \/>\n\t<meta property=\"og:image:type\" content=\"image\/png\" \/>\n<meta name=\"twitter:card\" content=\"summary_large_image\" \/>\n<meta name=\"twitter:label1\" content=\"Geschatte leestijd\" \/>\n\t<meta name=\"twitter:data1\" content=\"3 minuten\" \/>\n<script type=\"application\/ld+json\" class=\"yoast-schema-graph\">{\"@context\":\"https:\\\/\\\/schema.org\",\"@graph\":[{\"@type\":\"WebPage\",\"@id\":\"https:\\\/\\\/boutique-one-piece.com\\\/peluches-one-piece\\\/peluche-luffy\\\/\",\"url\":\"https:\\\/\\\/boutique-one-piece.com\\\/peluches-one-piece\\\/peluche-luffy\\\/\",\"name\":\"Peluche Luffy | Boutique One Piece\",\"isPartOf\":{\"@id\":\"https:\\\/\\\/boutique-one-piece.com\\\/#website\"},\"primaryImageOfPage\":{\"@id\":\"https:\\\/\\\/boutique-one-piece.com\\\/peluches-one-piece\\\/peluche-luffy\\\/#primaryimage\"},\"image\":{\"@id\":\"https:\\\/\\\/boutique-one-piece.com\\\/peluches-one-piece\\\/peluche-luffy\\\/#primaryimage\"},\"thumbnailUrl\":\"https:\\\/\\\/boutique-one-piece.com\\\/wp-content\\\/uploads\\\/2022\\\/09\\\/Peluche-Luffy.png\",\"datePublished\":\"2022-09-27T20:38:55+00:00\",\"dateModified\":\"2025-10-24T20:20:56+00:00\",\"description\":\"D\u00e9couvrez la peluche One Piece Monkey D Luffy, elle est aussi douce que mignonne ! Commencez votre aventure de pirate \u00e0 la recherche du One Piece dans l'\u00e9quipage du Chapeau de Paille\",\"breadcrumb\":{\"@id\":\"https:\\\/\\\/boutique-one-piece.com\\\/peluches-one-piece\\\/peluche-luffy\\\/#breadcrumb\"},\"inLanguage\":\"nl-NL\",\"potentialAction\":[{\"@type\":\"ReadAction\",\"target\":[\"https:\\\/\\\/boutique-one-piece.com\\\/peluches-one-piece\\\/peluche-luffy\\\/\"]}]},{\"@type\":\"ImageObject\",\"inLanguage\":\"nl-NL\",\"@id\":\"https:\\\/\\\/boutique-one-piece.com\\\/peluches-one-piece\\\/peluche-luffy\\\/#primaryimage\",\"url\":\"https:\\\/\\\/boutique-one-piece.com\\\/wp-content\\\/uploads\\\/2022\\\/09\\\/Peluche-Luffy.png\",\"contentUrl\":\"https:\\\/\\\/boutique-one-piece.com\\\/wp-content\\\/uploads\\\/2022\\\/09\\\/Peluche-Luffy.png\",\"width\":500,\"height\":500,\"caption\":\"Peluche Luffy 30cm\"},{\"@type\":\"BreadcrumbList\",\"@id\":\"https:\\\/\\\/boutique-one-piece.com\\\/peluches-one-piece\\\/peluche-luffy\\\/#breadcrumb\",\"itemListElement\":[{\"@type\":\"ListItem\",\"position\":1,\"name\":\"Home\",\"item\":\"https:\\\/\\\/boutique-one-piece.com\\\/\"},{\"@type\":\"ListItem\",\"position\":2,\"name\":\"Shop\",\"item\":\"https:\\\/\\\/boutique-one-piece.com\\\/shop\\\/\"},{\"@type\":\"ListItem\",\"position\":3,\"name\":\"Peluche Luffy\"}]},{\"@type\":\"WebSite\",\"@id\":\"https:\\\/\\\/boutique-one-piece.com\\\/#website\",\"url\":\"https:\\\/\\\/boutique-one-piece.com\\\/\",\"name\":\"Boutique One Piece\",\"description\":\"Magasin Sp\u00e9cialis\u00e9 du Manga et l&#039;Anime One Piece\",\"publisher\":{\"@id\":\"https:\\\/\\\/boutique-one-piece.com\\\/#organization\"},\"potentialAction\":[{\"@type\":\"SearchAction\",\"target\":{\"@type\":\"EntryPoint\",\"urlTemplate\":\"https:\\\/\\\/boutique-one-piece.com\\\/?s={search_term_string}\"},\"query-input\":{\"@type\":\"PropertyValueSpecification\",\"valueRequired\":true,\"valueName\":\"search_term_string\"}}],\"inLanguage\":\"nl-NL\"},{\"@type\":\"Organization\",\"@id\":\"https:\\\/\\\/boutique-one-piece.com\\\/#organization\",\"name\":\"Boutique One Piece\",\"url\":\"https:\\\/\\\/boutique-one-piece.com\\\/\",\"logo\":{\"@type\":\"ImageObject\",\"inLanguage\":\"nl-NL\",\"@id\":\"https:\\\/\\\/boutique-one-piece.com\\\/#\\\/schema\\\/logo\\\/image\\\/\",\"url\":\"https:\\\/\\\/boutique-one-piece.com\\\/wp-content\\\/uploads\\\/2022\\\/09\\\/Logo-01.png\",\"contentUrl\":\"https:\\\/\\\/boutique-one-piece.com\\\/wp-content\\\/uploads\\\/2022\\\/09\\\/Logo-01.png\",\"width\":2318,\"height\":957,\"caption\":\"Boutique One Piece\"},\"image\":{\"@id\":\"https:\\\/\\\/boutique-one-piece.com\\\/#\\\/schema\\\/logo\\\/image\\\/\"}}]}<\/script>\n<!-- \/ Yoast SEO plugin. -->","yoast_head_json":{"title":"Luffy pluche | One Piece Shop","description":"Ontdek de One Piece Monkey D. Luffy knuffel \u2013 hij is net zo zacht als schattig! Begin je piratenavontuur en ga samen met de Strohoedpiraten op zoek naar de One Piece!","robots":{"index":"index","follow":"follow","max-snippet":"max-snippet:-1","max-image-preview":"max-image-preview:large","max-video-preview":"max-video-preview:-1"},"canonical":"https:\/\/boutique-one-piece.com\/nl\/one-piece-pluche-speelgoed\/luffy-knuffel\/","og_locale":"nl_NL","og_type":"article","og_title":"Peluche Luffy | Boutique One Piece","og_description":"D\u00e9couvrez la peluche One Piece Monkey D Luffy, elle est aussi douce que mignonne ! Commencez votre aventure de pirate \u00e0 la recherche du One Piece dans l'\u00e9quipage du Chapeau de Paille","og_url":"https:\/\/boutique-one-piece.com\/nl\/one-piece-pluche-speelgoed\/luffy-knuffel\/","og_site_name":"Boutique One Piece","article_modified_time":"2025-10-24T20:20:56+00:00","og_image":[{"width":500,"height":500,"url":"https:\/\/boutique-one-piece.com\/wp-content\/uploads\/2022\/09\/Peluche-Luffy.png","type":"image\/png"}],"twitter_card":"summary_large_image","twitter_misc":{"Geschatte leestijd":"3 minuten"},"schema":{"@context":"https:\/\/schema.org","@graph":[{"@type":"WebPage","@id":"https:\/\/boutique-one-piece.com\/peluches-one-piece\/peluche-luffy\/","url":"https:\/\/boutique-one-piece.com\/peluches-one-piece\/peluche-luffy\/","name":"Luffy pluche | One Piece Shop","isPartOf":{"@id":"https:\/\/boutique-one-piece.com\/#website"},"primaryImageOfPage":{"@id":"https:\/\/boutique-one-piece.com\/peluches-one-piece\/peluche-luffy\/#primaryimage"},"image":{"@id":"https:\/\/boutique-one-piece.com\/peluches-one-piece\/peluche-luffy\/#primaryimage"},"thumbnailUrl":"https:\/\/boutique-one-piece.com\/wp-content\/uploads\/2022\/09\/Peluche-Luffy.png","datePublished":"2022-09-27T20:38:55+00:00","dateModified":"2025-10-24T20:20:56+00:00","description":"Ontdek de One Piece Monkey D. Luffy knuffel \u2013 hij is net zo zacht als schattig! Begin je piratenavontuur en ga samen met de Strohoedpiraten op zoek naar de One Piece!","breadcrumb":{"@id":"https:\/\/boutique-one-piece.com\/peluches-one-piece\/peluche-luffy\/#breadcrumb"},"inLanguage":"nl-NL","potentialAction":[{"@type":"ReadAction","target":["https:\/\/boutique-one-piece.com\/peluches-one-piece\/peluche-luffy\/"]}]},{"@type":"ImageObject","inLanguage":"nl-NL","@id":"https:\/\/boutique-one-piece.com\/peluches-one-piece\/peluche-luffy\/#primaryimage","url":"https:\/\/boutique-one-piece.com\/wp-content\/uploads\/2022\/09\/Peluche-Luffy.png","contentUrl":"https:\/\/boutique-one-piece.com\/wp-content\/uploads\/2022\/09\/Peluche-Luffy.png","width":500,"height":500,"caption":"Peluche Luffy 30cm"},{"@type":"BreadcrumbList","@id":"https:\/\/boutique-one-piece.com\/peluches-one-piece\/peluche-luffy\/#breadcrumb","itemListElement":[{"@type":"ListItem","position":1,"name":"Home","item":"https:\/\/boutique-one-piece.com\/"},{"@type":"ListItem","position":2,"name":"Shop","item":"https:\/\/boutique-one-piece.com\/shop\/"},{"@type":"ListItem","position":3,"name":"Peluche Luffy"}]},{"@type":"WebSite","@id":"https:\/\/boutique-one-piece.com\/#website","url":"https:\/\/boutique-one-piece.com\/","name":"One Piece Shop","description":"Gespecialiseerde winkel voor One Piece manga en anime.","publisher":{"@id":"https:\/\/boutique-one-piece.com\/#organization"},"potentialAction":[{"@type":"SearchAction","target":{"@type":"EntryPoint","urlTemplate":"https:\/\/boutique-one-piece.com\/?s={search_term_string}"},"query-input":{"@type":"PropertyValueSpecification","valueRequired":true,"valueName":"search_term_string"}}],"inLanguage":"nl-NL"},{"@type":"Organization","@id":"https:\/\/boutique-one-piece.com\/#organization","name":"One Piece Shop","url":"https:\/\/boutique-one-piece.com\/","logo":{"@type":"ImageObject","inLanguage":"nl-NL","@id":"https:\/\/boutique-one-piece.com\/#\/schema\/logo\/image\/","url":"https:\/\/boutique-one-piece.com\/wp-content\/uploads\/2022\/09\/Logo-01.png","contentUrl":"https:\/\/boutique-one-piece.com\/wp-content\/uploads\/2022\/09\/Logo-01.png","width":2318,"height":957,"caption":"Boutique One Piece"},"image":{"@id":"https:\/\/boutique-one-piece.com\/#\/schema\/logo\/image\/"}}]}},"_links":{"self":[{"href":"https:\/\/boutique-one-piece.com\/nl\/wp-json\/wp\/v2\/product\/11129","targetHints":{"allow":["GET"]}}],"collection":[{"href":"https:\/\/boutique-one-piece.com\/nl\/wp-json\/wp\/v2\/product"}],"about":[{"href":"https:\/\/boutique-one-piece.com\/nl\/wp-json\/wp\/v2\/types\/product"}],"replies":[{"embeddable":true,"href":"https:\/\/boutique-one-piece.com\/nl\/wp-json\/wp\/v2\/comments?post=11129"}],"wp:featuredmedia":[{"embeddable":true,"href":"https:\/\/boutique-one-piece.com\/nl\/wp-json\/wp\/v2\/media\/11131"}],"wp:attachment":[{"href":"https:\/\/boutique-one-piece.com\/nl\/wp-json\/wp\/v2\/media?parent=11129"}],"wp:term":[{"taxonomy":"product_brand","embeddable":true,"href":"https:\/\/boutique-one-piece.com\/nl\/wp-json\/wp\/v2\/product_brand?post=11129"},{"taxonomy":"product_cat","embeddable":true,"href":"https:\/\/boutique-one-piece.com\/nl\/wp-json\/wp\/v2\/product_cat?post=11129"},{"taxonomy":"product_tag","embeddable":true,"href":"https:\/\/boutique-one-piece.com\/nl\/wp-json\/wp\/v2\/product_tag?post=11129"}],"curies":[{"name":"wp","href":"https:\/\/api.w.org\/{rel}","templated":true}]}}