{"id":11353,"date":"2022-09-27T20:40:23","date_gmt":"2022-09-27T20:40:23","guid":{"rendered":"https:\/\/boutique-one-piece.com\/uncategorized\/veste-one-piece-jolly-roger-trafalgar-law\/"},"modified":"2024-12-18T02:47:53","modified_gmt":"2024-12-18T02:47:53","slug":"one-piece-jolly-roger-trafalgar-law-jas","status":"publish","type":"product","link":"https:\/\/boutique-one-piece.com\/nl\/one-piece-kleding\/jassen-uit-een-stuk\/one-piece-jolly-roger-trafalgar-law-jas\/","title":{"rendered":"One Piece Jolly Roger Trafalgar Law-jas"},"content":{"rendered":"<p><meta charset=\"utf-8\"><\/p>\n<h2><b>Zwarte One Piece capuchonjas met de Jolly Roger van Trafalgar D. Water Law - Hoge kwaliteit: Sluit je aan bij de bemanning van een van de kapiteins van de Verschrikkelijke Generatie door deze kleuren te dragen! Toon met trots je loyaliteit aan &quot;Team Law&quot;!\u00ab<\/b><\/h2>\n<p><meta charset=\"utf-8\"><\/p>\n<p>Als u een&nbsp;<strong>echte piraat<\/strong>, U zult het waarderen&nbsp;<strong>kwaliteit<\/strong>&nbsp;stof en&nbsp;<strong>3D-canvas printen<\/strong>&nbsp;hiervan&nbsp;<strong>One Piece-jas<\/strong>&nbsp;Maar het allerbelangrijkste is dat hiermee&nbsp;<strong>bedrukte jas<\/strong>&nbsp;Dat komt omdat je deel zult uitmaken van&nbsp;<strong>de fanploeg<\/strong>&nbsp;van&nbsp;<strong>piratenmanga<\/strong>&nbsp;en u zult het volgende verkrijgen:<\/p>\n<ul>\n<li>&nbsp;<strong>Bewondering<\/strong>&nbsp;van alle fans van&nbsp;<strong>het universum<\/strong>&nbsp;van de&nbsp;<strong>licentie<\/strong>&nbsp;van&nbsp;<strong>manga<\/strong>&nbsp;die je zult tegenkomen<\/li>\n<\/ul>\n<ul>\n<li>Een echte&nbsp;<strong>capuchonjas<\/strong>&nbsp;waarmee je kunt&nbsp;<strong>deel<\/strong>&nbsp;jouw&nbsp;<strong>passie<\/strong>&nbsp;Voor&nbsp;<strong>One Piece<\/strong><\/li>\n<\/ul>\n<p>Dus, klaar om de te dragen&nbsp;<strong>kleuren&nbsp;<\/strong>van<strong>&nbsp;<\/strong>jouw<strong>&nbsp;favoriete manga<\/strong>&nbsp;?<\/p>\n<h2>Ben je fan van de One Piece manga of anime? Laat het zien met dit One Piece jack!<\/h2>\n<p>Als u&nbsp;<strong>lezen<\/strong>&nbsp;of waar je ook kijkt&nbsp;&nbsp;<strong>Japanse anime<\/strong>, De kans is groot dat je bent geworden&nbsp;<strong>Ik ben helemaal gek op One Piece.<\/strong>&nbsp;Met dit&nbsp;<strong>One Piece Jolly Roger Trafalgar Law jas<\/strong>, sluit je aan bij de\u2019<strong>een groep fans van de franchise<\/strong><\/p>\n<p>Dit&nbsp;<strong>zwarte joggingjas<\/strong>&nbsp;is verkrijgbaar in de maten&nbsp;<strong>S<\/strong>,<strong>&nbsp;M<\/strong>,<strong>&nbsp;L<\/strong>,&nbsp;<strong>XL<\/strong>,&nbsp;<strong>XXL<\/strong>, Het is geschikt voor alle soorten piraten.,&nbsp;<strong>man<\/strong>&nbsp;Of&nbsp;<strong>vrouwen<\/strong>, zelfs als je geen&nbsp;<strong>zwaard<\/strong>&nbsp;of&nbsp;<strong>duivelsvrucht<\/strong>&nbsp;Je kunt het nog steeds met trots dragen.<\/p>\n<h2>Informatie over de jas:&nbsp;<\/h2>\n<ul>\n<li>&nbsp;<strong>Hoogwaardige jas met capuchon&nbsp;<\/strong>: heeft een&nbsp;<strong>hoog gramgewicht<\/strong>, met hoogwaardige materialen<\/li>\n<\/ul>\n<ul>\n<li>\n<strong>Fleece voering<\/strong>&nbsp;: met zijn&nbsp;<strong>binnenvoering<\/strong>&nbsp;in&nbsp;<strong>polair<\/strong>, Deze jas biedt een perfecte pasvorm.&nbsp;<strong>isolatie<\/strong>&nbsp;tegen de&nbsp;<strong>koud<\/strong>.&nbsp;<\/li>\n<\/ul>\n<ul>\n<li>\n<strong>Zeer comfortabel&nbsp;<\/strong>: met<span>&nbsp;<\/span>zijn&nbsp;<strong>vezels<\/strong>&nbsp;van&nbsp;<strong>katoen<\/strong>&nbsp;Geweldig&nbsp;<strong>zacht<\/strong>, er is geen&nbsp;<strong>wrijving<\/strong><\/li>\n<\/ul>\n<ul>\n<li>\n<strong>3D digitaal printen<\/strong>&nbsp;:&nbsp;<strong>bedrukte jas<\/strong>&nbsp;met een origineel ontwerp,&nbsp;<strong>Canvasafdruk<\/strong><\/li>\n<\/ul>\n<ul>\n<li>\n<strong>Biologisch katoen&nbsp;<\/strong>: kwaliteitskatoen met&nbsp;<strong>extra lange vezels<\/strong><\/li>\n<\/ul>\n<ul>\n<li>\n<strong>Gratis bezorging&nbsp;<\/strong>voor elke aankoop<\/li>\n<\/ul>\n<h2><strong>Vergeet niet de maattabel hieronder te bekijken.<\/strong><\/h2>\n<h2>\n<b><\/b><img decoding=\"async\" src=\"https:\/\/cdn.shopify.com\/s\/files\/1\/0087\/7556\/5348\/files\/boutque_one__piece__tableau__taille__veste-capuche_dd43e497-5488-4b5e-b6dc-182a264e1217_large.jpg?v=1559823789\" alt=\"Maattabel voor jassen van One Piece Shop\" style=\"font-size: 15px;\"><\/h2>\n<h3>Wasvoorschriften:<\/h3>\n<ul>\n<li>Machinewas op 30\u00b0C, fijnwasprogramma.<\/li>\n<\/ul>\n<ul>\n<li>Strijk aan de achterkant<\/li>\n<\/ul>\n<p>Voor<span>&nbsp;<\/span><strong>behoud de kwaliteit<\/strong><span>&nbsp;<\/span>hiervan<span>&nbsp;<\/span><strong>One Piece hoodie<\/strong>, Wij raden u aan om<span>&nbsp;<\/span><strong>respect<\/strong><span>&nbsp;<\/span>DE<span>&nbsp;<\/span><strong>wasvoorschriften<\/strong>.<\/p>","protected":false},"excerpt":{"rendered":"<p>Veste \u00e0 Capuche Noire One Piece avec&nbsp;le Jolly Roger&nbsp;de Trafalgar D. Water Law de Tr\u00e8s Haute Qualit\u00e9 : Rejoins l&rsquo;\u00c9quipage d&rsquo;un des Capitaines de la G\u00e9n\u00e9ration T\u00e9rrible&nbsp;en Portant ces Couleurs ! Porte Fi\u00e8rement ton appartenance \u00e0 la \u00ab\u00a0Team Law\u00a0\u00bb Si tu es un&nbsp;v\u00e9ritable pirate, tu sauras appr\u00e9cier la&nbsp;qualit\u00e9&nbsp;du tissu et de&nbsp;l&rsquo;impression 3D Canvas&nbsp;de cette&nbsp;veste One [&hellip;]<\/p>","protected":false},"featured_media":11355,"comment_status":"open","ping_status":"open","template":"","meta":[],"product_brand":[],"product_cat":[183],"product_tag":[202,182],"class_list":{"0":"post-11353","1":"product","2":"type-product","3":"status-publish","4":"has-post-thumbnail","6":"product_cat-vestes-one-piece","7":"product_tag-law","8":"product_tag-logo","10":"first","11":"instock","12":"purchasable","13":"product-type-variable"},"yoast_head":"<!-- This site is optimized with the Yoast SEO plugin v27.5 - https:\/\/yoast.com\/product\/yoast-seo-wordpress\/ -->\n<title>Veste One Piece Jolly Roger Trafalgar D. Water Law \u2013 Boutique One Piece<\/title>\n<meta name=\"description\" content=\"Veste \u00e0 Capuche Noire One Piece avec le Jolly Roger de Trafalgar Law de Tr\u00e8s Haute Qualit\u00e9 : Rejoins l&#039;\u00c9quipage d&#039;un des Capitaines de la G\u00e9n\u00e9ration T\u00e9rrible\" \/>\n<meta name=\"robots\" content=\"index, follow, max-snippet:-1, max-image-preview:large, max-video-preview:-1\" \/>\n<link rel=\"canonical\" href=\"https:\/\/boutique-one-piece.com\/nl\/one-piece-kleding\/jassen-uit-een-stuk\/one-piece-jolly-roger-trafalgar-law-jas\/\" \/>\n<meta property=\"og:locale\" content=\"nl_NL\" \/>\n<meta property=\"og:type\" content=\"article\" \/>\n<meta property=\"og:title\" content=\"Veste One Piece Jolly Roger Trafalgar D. Water Law \u2013 Boutique One Piece\" \/>\n<meta property=\"og:description\" content=\"Veste \u00e0 Capuche Noire One Piece avec le Jolly Roger de Trafalgar Law de Tr\u00e8s Haute Qualit\u00e9 : Rejoins l&#039;\u00c9quipage d&#039;un des Capitaines de la G\u00e9n\u00e9ration T\u00e9rrible\" \/>\n<meta property=\"og:url\" content=\"https:\/\/boutique-one-piece.com\/nl\/one-piece-kleding\/jassen-uit-een-stuk\/one-piece-jolly-roger-trafalgar-law-jas\/\" \/>\n<meta property=\"og:site_name\" content=\"Boutique One Piece\" \/>\n<meta property=\"article:modified_time\" content=\"2024-12-18T02:47:53+00:00\" \/>\n<meta property=\"og:image\" content=\"https:\/\/boutique-one-piece.com\/wp-content\/uploads\/2022\/09\/Veste-One-Piece-Jolly-Roger-Trafalgar-Law.jpg\" \/>\n\t<meta property=\"og:image:width\" content=\"600\" \/>\n\t<meta property=\"og:image:height\" content=\"600\" \/>\n\t<meta property=\"og:image:type\" content=\"image\/jpeg\" \/>\n<meta name=\"twitter:card\" content=\"summary_large_image\" \/>\n<meta name=\"twitter:label1\" content=\"Geschatte leestijd\" \/>\n\t<meta name=\"twitter:data1\" content=\"2 minuten\" \/>\n<script type=\"application\/ld+json\" class=\"yoast-schema-graph\">{\"@context\":\"https:\\\/\\\/schema.org\",\"@graph\":[{\"@type\":\"WebPage\",\"@id\":\"https:\\\/\\\/boutique-one-piece.com\\\/vetements-one-piece\\\/vestes-one-piece\\\/veste-one-piece-jolly-roger-trafalgar-law\\\/\",\"url\":\"https:\\\/\\\/boutique-one-piece.com\\\/vetements-one-piece\\\/vestes-one-piece\\\/veste-one-piece-jolly-roger-trafalgar-law\\\/\",\"name\":\"Veste One Piece Jolly Roger Trafalgar D. Water Law \u2013 Boutique One Piece\",\"isPartOf\":{\"@id\":\"https:\\\/\\\/boutique-one-piece.com\\\/#website\"},\"primaryImageOfPage\":{\"@id\":\"https:\\\/\\\/boutique-one-piece.com\\\/vetements-one-piece\\\/vestes-one-piece\\\/veste-one-piece-jolly-roger-trafalgar-law\\\/#primaryimage\"},\"image\":{\"@id\":\"https:\\\/\\\/boutique-one-piece.com\\\/vetements-one-piece\\\/vestes-one-piece\\\/veste-one-piece-jolly-roger-trafalgar-law\\\/#primaryimage\"},\"thumbnailUrl\":\"https:\\\/\\\/boutique-one-piece.com\\\/wp-content\\\/uploads\\\/2022\\\/09\\\/Veste-One-Piece-Jolly-Roger-Trafalgar-Law.jpg\",\"datePublished\":\"2022-09-27T20:40:23+00:00\",\"dateModified\":\"2024-12-18T02:47:53+00:00\",\"description\":\"Veste \u00e0 Capuche Noire One Piece avec le Jolly Roger de Trafalgar Law de Tr\u00e8s Haute Qualit\u00e9 : Rejoins l'\u00c9quipage d'un des Capitaines de la G\u00e9n\u00e9ration T\u00e9rrible\",\"breadcrumb\":{\"@id\":\"https:\\\/\\\/boutique-one-piece.com\\\/vetements-one-piece\\\/vestes-one-piece\\\/veste-one-piece-jolly-roger-trafalgar-law\\\/#breadcrumb\"},\"inLanguage\":\"nl-NL\",\"potentialAction\":[{\"@type\":\"ReadAction\",\"target\":[\"https:\\\/\\\/boutique-one-piece.com\\\/vetements-one-piece\\\/vestes-one-piece\\\/veste-one-piece-jolly-roger-trafalgar-law\\\/\"]}]},{\"@type\":\"ImageObject\",\"inLanguage\":\"nl-NL\",\"@id\":\"https:\\\/\\\/boutique-one-piece.com\\\/vetements-one-piece\\\/vestes-one-piece\\\/veste-one-piece-jolly-roger-trafalgar-law\\\/#primaryimage\",\"url\":\"https:\\\/\\\/boutique-one-piece.com\\\/wp-content\\\/uploads\\\/2022\\\/09\\\/Veste-One-Piece-Jolly-Roger-Trafalgar-Law.jpg\",\"contentUrl\":\"https:\\\/\\\/boutique-one-piece.com\\\/wp-content\\\/uploads\\\/2022\\\/09\\\/Veste-One-Piece-Jolly-Roger-Trafalgar-Law.jpg\",\"width\":600,\"height\":600,\"caption\":\"Veste One Piece Jolly Roger Trafalgar Law xxl\"},{\"@type\":\"BreadcrumbList\",\"@id\":\"https:\\\/\\\/boutique-one-piece.com\\\/vetements-one-piece\\\/vestes-one-piece\\\/veste-one-piece-jolly-roger-trafalgar-law\\\/#breadcrumb\",\"itemListElement\":[{\"@type\":\"ListItem\",\"position\":1,\"name\":\"Home\",\"item\":\"https:\\\/\\\/boutique-one-piece.com\\\/\"},{\"@type\":\"ListItem\",\"position\":2,\"name\":\"Shop\",\"item\":\"https:\\\/\\\/boutique-one-piece.com\\\/shop\\\/\"},{\"@type\":\"ListItem\",\"position\":3,\"name\":\"Veste One Piece Jolly Roger Trafalgar Law\"}]},{\"@type\":\"WebSite\",\"@id\":\"https:\\\/\\\/boutique-one-piece.com\\\/#website\",\"url\":\"https:\\\/\\\/boutique-one-piece.com\\\/\",\"name\":\"Boutique One Piece\",\"description\":\"Magasin Sp\u00e9cialis\u00e9 du Manga et l&#039;Anime One Piece\",\"publisher\":{\"@id\":\"https:\\\/\\\/boutique-one-piece.com\\\/#organization\"},\"potentialAction\":[{\"@type\":\"SearchAction\",\"target\":{\"@type\":\"EntryPoint\",\"urlTemplate\":\"https:\\\/\\\/boutique-one-piece.com\\\/?s={search_term_string}\"},\"query-input\":{\"@type\":\"PropertyValueSpecification\",\"valueRequired\":true,\"valueName\":\"search_term_string\"}}],\"inLanguage\":\"nl-NL\"},{\"@type\":\"Organization\",\"@id\":\"https:\\\/\\\/boutique-one-piece.com\\\/#organization\",\"name\":\"Boutique One Piece\",\"url\":\"https:\\\/\\\/boutique-one-piece.com\\\/\",\"logo\":{\"@type\":\"ImageObject\",\"inLanguage\":\"nl-NL\",\"@id\":\"https:\\\/\\\/boutique-one-piece.com\\\/#\\\/schema\\\/logo\\\/image\\\/\",\"url\":\"https:\\\/\\\/boutique-one-piece.com\\\/wp-content\\\/uploads\\\/2022\\\/09\\\/Logo-01.png\",\"contentUrl\":\"https:\\\/\\\/boutique-one-piece.com\\\/wp-content\\\/uploads\\\/2022\\\/09\\\/Logo-01.png\",\"width\":2318,\"height\":957,\"caption\":\"Boutique One Piece\"},\"image\":{\"@id\":\"https:\\\/\\\/boutique-one-piece.com\\\/#\\\/schema\\\/logo\\\/image\\\/\"}}]}<\/script>\n<!-- \/ Yoast SEO plugin. -->","yoast_head_json":{"title":"One Piece Jolly Roger Trafalgar D. Water Law Jacket \u2013 One Piece Shop","description":"Zwarte One Piece capuchonjas met de Jolly Roger van Trafalgar Law - Hoge kwaliteit: Sluit je aan bij de bemanning van een van de kapiteins van de ergste generatie.","robots":{"index":"index","follow":"follow","max-snippet":"max-snippet:-1","max-image-preview":"max-image-preview:large","max-video-preview":"max-video-preview:-1"},"canonical":"https:\/\/boutique-one-piece.com\/nl\/one-piece-kleding\/jassen-uit-een-stuk\/one-piece-jolly-roger-trafalgar-law-jas\/","og_locale":"nl_NL","og_type":"article","og_title":"Veste One Piece Jolly Roger Trafalgar D. Water Law \u2013 Boutique One Piece","og_description":"Veste \u00e0 Capuche Noire One Piece avec le Jolly Roger de Trafalgar Law de Tr\u00e8s Haute Qualit\u00e9 : Rejoins l'\u00c9quipage d'un des Capitaines de la G\u00e9n\u00e9ration T\u00e9rrible","og_url":"https:\/\/boutique-one-piece.com\/nl\/one-piece-kleding\/jassen-uit-een-stuk\/one-piece-jolly-roger-trafalgar-law-jas\/","og_site_name":"Boutique One Piece","article_modified_time":"2024-12-18T02:47:53+00:00","og_image":[{"width":600,"height":600,"url":"https:\/\/boutique-one-piece.com\/wp-content\/uploads\/2022\/09\/Veste-One-Piece-Jolly-Roger-Trafalgar-Law.jpg","type":"image\/jpeg"}],"twitter_card":"summary_large_image","twitter_misc":{"Geschatte leestijd":"2 minuten"},"schema":{"@context":"https:\/\/schema.org","@graph":[{"@type":"WebPage","@id":"https:\/\/boutique-one-piece.com\/vetements-one-piece\/vestes-one-piece\/veste-one-piece-jolly-roger-trafalgar-law\/","url":"https:\/\/boutique-one-piece.com\/vetements-one-piece\/vestes-one-piece\/veste-one-piece-jolly-roger-trafalgar-law\/","name":"One Piece Jolly Roger Trafalgar D. Water Law Jacket \u2013 One Piece Shop","isPartOf":{"@id":"https:\/\/boutique-one-piece.com\/#website"},"primaryImageOfPage":{"@id":"https:\/\/boutique-one-piece.com\/vetements-one-piece\/vestes-one-piece\/veste-one-piece-jolly-roger-trafalgar-law\/#primaryimage"},"image":{"@id":"https:\/\/boutique-one-piece.com\/vetements-one-piece\/vestes-one-piece\/veste-one-piece-jolly-roger-trafalgar-law\/#primaryimage"},"thumbnailUrl":"https:\/\/boutique-one-piece.com\/wp-content\/uploads\/2022\/09\/Veste-One-Piece-Jolly-Roger-Trafalgar-Law.jpg","datePublished":"2022-09-27T20:40:23+00:00","dateModified":"2024-12-18T02:47:53+00:00","description":"Zwarte One Piece capuchonjas met de Jolly Roger van Trafalgar Law - Hoge kwaliteit: Sluit je aan bij de bemanning van een van de kapiteins van de ergste generatie.","breadcrumb":{"@id":"https:\/\/boutique-one-piece.com\/vetements-one-piece\/vestes-one-piece\/veste-one-piece-jolly-roger-trafalgar-law\/#breadcrumb"},"inLanguage":"nl-NL","potentialAction":[{"@type":"ReadAction","target":["https:\/\/boutique-one-piece.com\/vetements-one-piece\/vestes-one-piece\/veste-one-piece-jolly-roger-trafalgar-law\/"]}]},{"@type":"ImageObject","inLanguage":"nl-NL","@id":"https:\/\/boutique-one-piece.com\/vetements-one-piece\/vestes-one-piece\/veste-one-piece-jolly-roger-trafalgar-law\/#primaryimage","url":"https:\/\/boutique-one-piece.com\/wp-content\/uploads\/2022\/09\/Veste-One-Piece-Jolly-Roger-Trafalgar-Law.jpg","contentUrl":"https:\/\/boutique-one-piece.com\/wp-content\/uploads\/2022\/09\/Veste-One-Piece-Jolly-Roger-Trafalgar-Law.jpg","width":600,"height":600,"caption":"Veste One Piece Jolly Roger Trafalgar Law xxl"},{"@type":"BreadcrumbList","@id":"https:\/\/boutique-one-piece.com\/vetements-one-piece\/vestes-one-piece\/veste-one-piece-jolly-roger-trafalgar-law\/#breadcrumb","itemListElement":[{"@type":"ListItem","position":1,"name":"Home","item":"https:\/\/boutique-one-piece.com\/"},{"@type":"ListItem","position":2,"name":"Shop","item":"https:\/\/boutique-one-piece.com\/shop\/"},{"@type":"ListItem","position":3,"name":"Veste One Piece Jolly Roger Trafalgar Law"}]},{"@type":"WebSite","@id":"https:\/\/boutique-one-piece.com\/#website","url":"https:\/\/boutique-one-piece.com\/","name":"One Piece Shop","description":"Gespecialiseerde winkel voor One Piece manga en anime.","publisher":{"@id":"https:\/\/boutique-one-piece.com\/#organization"},"potentialAction":[{"@type":"SearchAction","target":{"@type":"EntryPoint","urlTemplate":"https:\/\/boutique-one-piece.com\/?s={search_term_string}"},"query-input":{"@type":"PropertyValueSpecification","valueRequired":true,"valueName":"search_term_string"}}],"inLanguage":"nl-NL"},{"@type":"Organization","@id":"https:\/\/boutique-one-piece.com\/#organization","name":"One Piece Shop","url":"https:\/\/boutique-one-piece.com\/","logo":{"@type":"ImageObject","inLanguage":"nl-NL","@id":"https:\/\/boutique-one-piece.com\/#\/schema\/logo\/image\/","url":"https:\/\/boutique-one-piece.com\/wp-content\/uploads\/2022\/09\/Logo-01.png","contentUrl":"https:\/\/boutique-one-piece.com\/wp-content\/uploads\/2022\/09\/Logo-01.png","width":2318,"height":957,"caption":"Boutique One Piece"},"image":{"@id":"https:\/\/boutique-one-piece.com\/#\/schema\/logo\/image\/"}}]}},"_links":{"self":[{"href":"https:\/\/boutique-one-piece.com\/nl\/wp-json\/wp\/v2\/product\/11353","targetHints":{"allow":["GET"]}}],"collection":[{"href":"https:\/\/boutique-one-piece.com\/nl\/wp-json\/wp\/v2\/product"}],"about":[{"href":"https:\/\/boutique-one-piece.com\/nl\/wp-json\/wp\/v2\/types\/product"}],"replies":[{"embeddable":true,"href":"https:\/\/boutique-one-piece.com\/nl\/wp-json\/wp\/v2\/comments?post=11353"}],"wp:featuredmedia":[{"embeddable":true,"href":"https:\/\/boutique-one-piece.com\/nl\/wp-json\/wp\/v2\/media\/11355"}],"wp:attachment":[{"href":"https:\/\/boutique-one-piece.com\/nl\/wp-json\/wp\/v2\/media?parent=11353"}],"wp:term":[{"taxonomy":"product_brand","embeddable":true,"href":"https:\/\/boutique-one-piece.com\/nl\/wp-json\/wp\/v2\/product_brand?post=11353"},{"taxonomy":"product_cat","embeddable":true,"href":"https:\/\/boutique-one-piece.com\/nl\/wp-json\/wp\/v2\/product_cat?post=11353"},{"taxonomy":"product_tag","embeddable":true,"href":"https:\/\/boutique-one-piece.com\/nl\/wp-json\/wp\/v2\/product_tag?post=11353"}],"curies":[{"name":"wp","href":"https:\/\/api.w.org\/{rel}","templated":true}]}}