{"id":11550,"date":"2022-09-27T20:41:57","date_gmt":"2022-09-27T20:41:57","guid":{"rendered":"https:\/\/boutique-one-piece.com\/uncategorized\/avis-de-recherche-mr-2-wanted\/"},"modified":"2026-02-13T15:08:17","modified_gmt":"2026-02-13T15:08:17","slug":"gezocht-bericht-meneer-2-gezocht","status":"publish","type":"product","link":"https:\/\/boutique-one-piece.com\/nl\/one-piece-gezocht-poster\/gezocht-bericht-meneer-2-gezocht\/","title":{"rendered":"Opsporingsbericht: Bon Clay"},"content":{"rendered":"<h2>Betuig je respect voor de kracht van vriendschap met deze gezochte poster van Bon Clay.<\/h2>\n<p>Bon Clay, wiens echte naam <strong>Bentham<\/strong>, is een zeer populair personage in One Piece vanwege zijn excentrieke en vrolijke persoonlijkheid. Hoewel hij tijdens hun eerste ontmoeting een vijand van Luffy is onder de alias van <strong>Meneer Twee<\/strong> Hij werkt voor Baroque Works, een criminele organisatie, en raakt al snel bevriend met de held van het verhaal.<\/p>\n<p>Hij bewondert Luffy&#039;s loyaliteit aan zijn vrienden en gaat zelfs zo ver dat hij hem twee keer redt: in Alabasta, maar vooral in de gevangenis van Impel Down, waar hij alle ontsnapten laat vluchten door zichzelf op te offeren, ook al sterft hij zelf niet.\u00a0<\/p>\n<h3>Versier je kamer met het ontroerende personage Bon Clay dankzij zijn opsporingsposter.<\/h3>\n<p>Bon Clay is een kleurrijk figuur, hij is een <strong>travestiet<\/strong>. Hij bewondert Ivankov de revolutionair, de leider van de Okamas. Zijn hoofd is 32 miljoen bessen waard.<\/p>\n<p>Hij at een Duivelsvrucht die hem perfect paste, de <strong>Mane Mane no mi<\/strong> waardoor hij met zijn rechterhand het uiterlijk kan aannemen van iedereen die hij met zijn linkerhand heeft aangeraakt. Dankzij deze kracht kon hij zich voordoen als Magellan en de ontsnapten laten ontsnappen uit Impel Down.<\/p>\n<p>Als je van bonussen houdt, moet je dit zeker eens bekijken. <a href=\"https:\/\/boutique-one-piece.com\/nl\/one-piece-gezocht-poster-sabo-gezocht\/\" target=\"_blank\" title=\"Sabo gezocht-poster\" rel=\"noopener noreferrer\">Sabo gezocht-poster<\/a>.<\/p>\n<p>\u00a0<\/p>\n<h2>Informatie over de One Piece Wanted-poster: Bon Clay oftewel Mr. 2<\/h2>\n<ul>\n<li><span><b><u>One Piece Wanted Poster<\/u><\/b>\u00a0Een authentieke One Piece-opsporingsposter voor echte piraten.<\/span><\/li>\n<\/ul>\n<ul>\n<li>\n<b><u>Bon Clay&#039;s Prime<\/u><\/b>\u00a036.000.000 bessen<\/li>\n<\/ul>\n<ul>\n<li><span><strong>Afdrukken van hoge kwaliteit<\/strong>\u00a0nauwkeurige kleuren<\/span><\/li>\n<\/ul>\n<ul>\n<li>\n<strong>Dimensie<\/strong>\u00a0: 51 cm x 36 cm<\/li>\n<\/ul>\n<ul>\n<li><span><strong>GRATIS BEZORGING<\/strong><\/span><\/li>\n<\/ul>","protected":false},"excerpt":{"rendered":"<p>Rend hommage \u00e0 la puissance de l&rsquo;amiti\u00e9 avec cet Avis de Recherche Bon Clay Wanted. Bon Clay, de son vrai nom Bentham, est un personnage tr\u00e8s appr\u00e9ci\u00e9 dans One Piece par rapport \u00e0 son caract\u00e8re excentrique et enjou\u00e9. Bien qu&rsquo;il soit un ennemi de Luffy lors de leur premi\u00e8re rencontre sous le pseudonyme de Mister [&hellip;]<\/p>","protected":false},"featured_media":11552,"comment_status":"open","ping_status":"open","template":"","meta":[],"product_brand":[],"product_cat":[171],"product_tag":[],"class_list":{"0":"post-11550","1":"product","2":"type-product","3":"status-publish","4":"has-post-thumbnail","6":"product_cat-avis-de-recherche-one-piece","8":"first","9":"outofstock","10":"purchasable","11":"product-type-simple"},"yoast_head":"<!-- This site is optimized with the Yoast SEO plugin v27.5 - https:\/\/yoast.com\/product\/yoast-seo-wordpress\/ -->\n<title>Avis De Recherche Bon Clay Wanted | D\u00e9coration One Piece \u2013 Boutique One Piece<\/title>\n<meta name=\"description\" content=\"Rend hommage \u00e0 la puissance de l&#039;amiti\u00e9 avec cet Avis de Recherche Bon Clay Wanted. Bon Clay, de son vrai nom Bentham, est un personnage tr\u00e8s appr\u00e9ci\u00e9 dans One Piece par rapport \u00e0 son caract\u00e8re excentrique et enjou\u00e9. Bien qu&#039;il soit un ennemi de Luffy lors de leur premi\u00e8re rencontre sous le pseudonyme de Mister Two pou\" \/>\n<meta name=\"robots\" content=\"index, follow, max-snippet:-1, max-image-preview:large, max-video-preview:-1\" \/>\n<link rel=\"canonical\" href=\"https:\/\/boutique-one-piece.com\/nl\/one-piece-gezocht-poster\/gezocht-bericht-meneer-2-gezocht\/\" \/>\n<meta property=\"og:locale\" content=\"nl_NL\" \/>\n<meta property=\"og:type\" content=\"article\" \/>\n<meta property=\"og:title\" content=\"Avis De Recherche Bon Clay Wanted | D\u00e9coration One Piece \u2013 Boutique One Piece\" \/>\n<meta property=\"og:description\" content=\"Rend hommage \u00e0 la puissance de l&#039;amiti\u00e9 avec cet Avis de Recherche Bon Clay Wanted. Bon Clay, de son vrai nom Bentham, est un personnage tr\u00e8s appr\u00e9ci\u00e9 dans One Piece par rapport \u00e0 son caract\u00e8re excentrique et enjou\u00e9. Bien qu&#039;il soit un ennemi de Luffy lors de leur premi\u00e8re rencontre sous le pseudonyme de Mister Two pou\" \/>\n<meta property=\"og:url\" content=\"https:\/\/boutique-one-piece.com\/nl\/one-piece-gezocht-poster\/gezocht-bericht-meneer-2-gezocht\/\" \/>\n<meta property=\"og:site_name\" content=\"Boutique One Piece\" \/>\n<meta property=\"article:modified_time\" content=\"2026-02-13T15:08:17+00:00\" \/>\n<meta property=\"og:image\" content=\"https:\/\/boutique-one-piece.com\/wp-content\/uploads\/2022\/09\/Avis-De-Recherche-Bon-Clay-Wanted-1.jpg\" \/>\n\t<meta property=\"og:image:width\" content=\"798\" \/>\n\t<meta property=\"og:image:height\" content=\"798\" \/>\n\t<meta property=\"og:image:type\" content=\"image\/jpeg\" \/>\n<meta name=\"twitter:card\" content=\"summary_large_image\" \/>\n<meta name=\"twitter:label1\" content=\"Geschatte leestijd\" \/>\n\t<meta name=\"twitter:data1\" content=\"2 minuten\" \/>\n<script type=\"application\/ld+json\" class=\"yoast-schema-graph\">{\"@context\":\"https:\\\/\\\/schema.org\",\"@graph\":[{\"@type\":\"WebPage\",\"@id\":\"https:\\\/\\\/boutique-one-piece.com\\\/avis-de-recherche-one-piece\\\/avis-de-recherche-mr-2-wanted\\\/\",\"url\":\"https:\\\/\\\/boutique-one-piece.com\\\/avis-de-recherche-one-piece\\\/avis-de-recherche-mr-2-wanted\\\/\",\"name\":\"Avis De Recherche Bon Clay Wanted | D\u00e9coration One Piece \u2013 Boutique One Piece\",\"isPartOf\":{\"@id\":\"https:\\\/\\\/boutique-one-piece.com\\\/#website\"},\"primaryImageOfPage\":{\"@id\":\"https:\\\/\\\/boutique-one-piece.com\\\/avis-de-recherche-one-piece\\\/avis-de-recherche-mr-2-wanted\\\/#primaryimage\"},\"image\":{\"@id\":\"https:\\\/\\\/boutique-one-piece.com\\\/avis-de-recherche-one-piece\\\/avis-de-recherche-mr-2-wanted\\\/#primaryimage\"},\"thumbnailUrl\":\"https:\\\/\\\/boutique-one-piece.com\\\/wp-content\\\/uploads\\\/2022\\\/09\\\/Avis-De-Recherche-Bon-Clay-Wanted-1.jpg\",\"datePublished\":\"2022-09-27T20:41:57+00:00\",\"dateModified\":\"2026-02-13T15:08:17+00:00\",\"description\":\"Rend hommage \u00e0 la puissance de l'amiti\u00e9 avec cet Avis de Recherche Bon Clay Wanted. Bon Clay, de son vrai nom Bentham, est un personnage tr\u00e8s appr\u00e9ci\u00e9 dans One Piece par rapport \u00e0 son caract\u00e8re excentrique et enjou\u00e9. Bien qu'il soit un ennemi de Luffy lors de leur premi\u00e8re rencontre sous le pseudonyme de Mister Two pou\",\"breadcrumb\":{\"@id\":\"https:\\\/\\\/boutique-one-piece.com\\\/avis-de-recherche-one-piece\\\/avis-de-recherche-mr-2-wanted\\\/#breadcrumb\"},\"inLanguage\":\"nl-NL\",\"potentialAction\":[{\"@type\":\"ReadAction\",\"target\":[\"https:\\\/\\\/boutique-one-piece.com\\\/avis-de-recherche-one-piece\\\/avis-de-recherche-mr-2-wanted\\\/\"]}]},{\"@type\":\"ImageObject\",\"inLanguage\":\"nl-NL\",\"@id\":\"https:\\\/\\\/boutique-one-piece.com\\\/avis-de-recherche-one-piece\\\/avis-de-recherche-mr-2-wanted\\\/#primaryimage\",\"url\":\"https:\\\/\\\/boutique-one-piece.com\\\/wp-content\\\/uploads\\\/2022\\\/09\\\/Avis-De-Recherche-Bon-Clay-Wanted-1.jpg\",\"contentUrl\":\"https:\\\/\\\/boutique-one-piece.com\\\/wp-content\\\/uploads\\\/2022\\\/09\\\/Avis-De-Recherche-Bon-Clay-Wanted-1.jpg\",\"width\":798,\"height\":798},{\"@type\":\"BreadcrumbList\",\"@id\":\"https:\\\/\\\/boutique-one-piece.com\\\/avis-de-recherche-one-piece\\\/avis-de-recherche-mr-2-wanted\\\/#breadcrumb\",\"itemListElement\":[{\"@type\":\"ListItem\",\"position\":1,\"name\":\"Home\",\"item\":\"https:\\\/\\\/boutique-one-piece.com\\\/\"},{\"@type\":\"ListItem\",\"position\":2,\"name\":\"Shop\",\"item\":\"https:\\\/\\\/boutique-one-piece.com\\\/shop\\\/\"},{\"@type\":\"ListItem\",\"position\":3,\"name\":\"Avis De Recherche Bon Clay Wanted\"}]},{\"@type\":\"WebSite\",\"@id\":\"https:\\\/\\\/boutique-one-piece.com\\\/#website\",\"url\":\"https:\\\/\\\/boutique-one-piece.com\\\/\",\"name\":\"Boutique One Piece\",\"description\":\"Magasin Sp\u00e9cialis\u00e9 du Manga et l&#039;Anime One Piece\",\"publisher\":{\"@id\":\"https:\\\/\\\/boutique-one-piece.com\\\/#organization\"},\"potentialAction\":[{\"@type\":\"SearchAction\",\"target\":{\"@type\":\"EntryPoint\",\"urlTemplate\":\"https:\\\/\\\/boutique-one-piece.com\\\/?s={search_term_string}\"},\"query-input\":{\"@type\":\"PropertyValueSpecification\",\"valueRequired\":true,\"valueName\":\"search_term_string\"}}],\"inLanguage\":\"nl-NL\"},{\"@type\":\"Organization\",\"@id\":\"https:\\\/\\\/boutique-one-piece.com\\\/#organization\",\"name\":\"Boutique One Piece\",\"url\":\"https:\\\/\\\/boutique-one-piece.com\\\/\",\"logo\":{\"@type\":\"ImageObject\",\"inLanguage\":\"nl-NL\",\"@id\":\"https:\\\/\\\/boutique-one-piece.com\\\/#\\\/schema\\\/logo\\\/image\\\/\",\"url\":\"https:\\\/\\\/boutique-one-piece.com\\\/wp-content\\\/uploads\\\/2022\\\/09\\\/Logo-01.png\",\"contentUrl\":\"https:\\\/\\\/boutique-one-piece.com\\\/wp-content\\\/uploads\\\/2022\\\/09\\\/Logo-01.png\",\"width\":2318,\"height\":957,\"caption\":\"Boutique One Piece\"},\"image\":{\"@id\":\"https:\\\/\\\/boutique-one-piece.com\\\/#\\\/schema\\\/logo\\\/image\\\/\"}}]}<\/script>\n<!-- \/ Yoast SEO plugin. -->","yoast_head_json":{"title":"Oproep: Goede klei gezocht | One Piece Decoratie \u2013 One Piece Shop","description":"Breng een eerbetoon aan de kracht van vriendschap met deze gezocht-poster van Bon Clay. Bon Clay, wiens echte naam Bentham is, is een geliefd personage in One Piece vanwege zijn excentrieke en vrolijke persoonlijkheid. Hoewel hij tijdens hun eerste ontmoeting een vijand van Luffy is onder het alias Mister Two...","robots":{"index":"index","follow":"follow","max-snippet":"max-snippet:-1","max-image-preview":"max-image-preview:large","max-video-preview":"max-video-preview:-1"},"canonical":"https:\/\/boutique-one-piece.com\/nl\/one-piece-gezocht-poster\/gezocht-bericht-meneer-2-gezocht\/","og_locale":"nl_NL","og_type":"article","og_title":"Avis De Recherche Bon Clay Wanted | D\u00e9coration One Piece \u2013 Boutique One Piece","og_description":"Rend hommage \u00e0 la puissance de l'amiti\u00e9 avec cet Avis de Recherche Bon Clay Wanted. Bon Clay, de son vrai nom Bentham, est un personnage tr\u00e8s appr\u00e9ci\u00e9 dans One Piece par rapport \u00e0 son caract\u00e8re excentrique et enjou\u00e9. Bien qu'il soit un ennemi de Luffy lors de leur premi\u00e8re rencontre sous le pseudonyme de Mister Two pou","og_url":"https:\/\/boutique-one-piece.com\/nl\/one-piece-gezocht-poster\/gezocht-bericht-meneer-2-gezocht\/","og_site_name":"Boutique One Piece","article_modified_time":"2026-02-13T15:08:17+00:00","og_image":[{"width":798,"height":798,"url":"https:\/\/boutique-one-piece.com\/wp-content\/uploads\/2022\/09\/Avis-De-Recherche-Bon-Clay-Wanted-1.jpg","type":"image\/jpeg"}],"twitter_card":"summary_large_image","twitter_misc":{"Geschatte leestijd":"2 minuten"},"schema":{"@context":"https:\/\/schema.org","@graph":[{"@type":"WebPage","@id":"https:\/\/boutique-one-piece.com\/avis-de-recherche-one-piece\/avis-de-recherche-mr-2-wanted\/","url":"https:\/\/boutique-one-piece.com\/avis-de-recherche-one-piece\/avis-de-recherche-mr-2-wanted\/","name":"Oproep: Goede klei gezocht | One Piece Decoratie \u2013 One Piece Shop","isPartOf":{"@id":"https:\/\/boutique-one-piece.com\/#website"},"primaryImageOfPage":{"@id":"https:\/\/boutique-one-piece.com\/avis-de-recherche-one-piece\/avis-de-recherche-mr-2-wanted\/#primaryimage"},"image":{"@id":"https:\/\/boutique-one-piece.com\/avis-de-recherche-one-piece\/avis-de-recherche-mr-2-wanted\/#primaryimage"},"thumbnailUrl":"https:\/\/boutique-one-piece.com\/wp-content\/uploads\/2022\/09\/Avis-De-Recherche-Bon-Clay-Wanted-1.jpg","datePublished":"2022-09-27T20:41:57+00:00","dateModified":"2026-02-13T15:08:17+00:00","description":"Breng een eerbetoon aan de kracht van vriendschap met deze gezocht-poster van Bon Clay. Bon Clay, wiens echte naam Bentham is, is een geliefd personage in One Piece vanwege zijn excentrieke en vrolijke persoonlijkheid. Hoewel hij tijdens hun eerste ontmoeting een vijand van Luffy is onder het alias Mister Two...","breadcrumb":{"@id":"https:\/\/boutique-one-piece.com\/avis-de-recherche-one-piece\/avis-de-recherche-mr-2-wanted\/#breadcrumb"},"inLanguage":"nl-NL","potentialAction":[{"@type":"ReadAction","target":["https:\/\/boutique-one-piece.com\/avis-de-recherche-one-piece\/avis-de-recherche-mr-2-wanted\/"]}]},{"@type":"ImageObject","inLanguage":"nl-NL","@id":"https:\/\/boutique-one-piece.com\/avis-de-recherche-one-piece\/avis-de-recherche-mr-2-wanted\/#primaryimage","url":"https:\/\/boutique-one-piece.com\/wp-content\/uploads\/2022\/09\/Avis-De-Recherche-Bon-Clay-Wanted-1.jpg","contentUrl":"https:\/\/boutique-one-piece.com\/wp-content\/uploads\/2022\/09\/Avis-De-Recherche-Bon-Clay-Wanted-1.jpg","width":798,"height":798},{"@type":"BreadcrumbList","@id":"https:\/\/boutique-one-piece.com\/avis-de-recherche-one-piece\/avis-de-recherche-mr-2-wanted\/#breadcrumb","itemListElement":[{"@type":"ListItem","position":1,"name":"Home","item":"https:\/\/boutique-one-piece.com\/"},{"@type":"ListItem","position":2,"name":"Shop","item":"https:\/\/boutique-one-piece.com\/shop\/"},{"@type":"ListItem","position":3,"name":"Avis De Recherche Bon Clay Wanted"}]},{"@type":"WebSite","@id":"https:\/\/boutique-one-piece.com\/#website","url":"https:\/\/boutique-one-piece.com\/","name":"One Piece Shop","description":"Gespecialiseerde winkel voor One Piece manga en anime.","publisher":{"@id":"https:\/\/boutique-one-piece.com\/#organization"},"potentialAction":[{"@type":"SearchAction","target":{"@type":"EntryPoint","urlTemplate":"https:\/\/boutique-one-piece.com\/?s={search_term_string}"},"query-input":{"@type":"PropertyValueSpecification","valueRequired":true,"valueName":"search_term_string"}}],"inLanguage":"nl-NL"},{"@type":"Organization","@id":"https:\/\/boutique-one-piece.com\/#organization","name":"One Piece Shop","url":"https:\/\/boutique-one-piece.com\/","logo":{"@type":"ImageObject","inLanguage":"nl-NL","@id":"https:\/\/boutique-one-piece.com\/#\/schema\/logo\/image\/","url":"https:\/\/boutique-one-piece.com\/wp-content\/uploads\/2022\/09\/Logo-01.png","contentUrl":"https:\/\/boutique-one-piece.com\/wp-content\/uploads\/2022\/09\/Logo-01.png","width":2318,"height":957,"caption":"Boutique One Piece"},"image":{"@id":"https:\/\/boutique-one-piece.com\/#\/schema\/logo\/image\/"}}]}},"_links":{"self":[{"href":"https:\/\/boutique-one-piece.com\/nl\/wp-json\/wp\/v2\/product\/11550","targetHints":{"allow":["GET"]}}],"collection":[{"href":"https:\/\/boutique-one-piece.com\/nl\/wp-json\/wp\/v2\/product"}],"about":[{"href":"https:\/\/boutique-one-piece.com\/nl\/wp-json\/wp\/v2\/types\/product"}],"replies":[{"embeddable":true,"href":"https:\/\/boutique-one-piece.com\/nl\/wp-json\/wp\/v2\/comments?post=11550"}],"wp:featuredmedia":[{"embeddable":true,"href":"https:\/\/boutique-one-piece.com\/nl\/wp-json\/wp\/v2\/media\/11552"}],"wp:attachment":[{"href":"https:\/\/boutique-one-piece.com\/nl\/wp-json\/wp\/v2\/media?parent=11550"}],"wp:term":[{"taxonomy":"product_brand","embeddable":true,"href":"https:\/\/boutique-one-piece.com\/nl\/wp-json\/wp\/v2\/product_brand?post=11550"},{"taxonomy":"product_cat","embeddable":true,"href":"https:\/\/boutique-one-piece.com\/nl\/wp-json\/wp\/v2\/product_cat?post=11550"},{"taxonomy":"product_tag","embeddable":true,"href":"https:\/\/boutique-one-piece.com\/nl\/wp-json\/wp\/v2\/product_tag?post=11550"}],"curies":[{"name":"wp","href":"https:\/\/api.w.org\/{rel}","templated":true}]}}