{"id":11620,"date":"2022-09-27T20:42:27","date_gmt":"2022-09-27T20:42:27","guid":{"rendered":"https:\/\/boutique-one-piece.com\/uncategorized\/figurine-one-piece-boa-hancock-kimono\/"},"modified":"2024-09-16T12:34:59","modified_gmt":"2024-09-16T12:34:59","slug":"one-piece-figuurtje-boa-hancock-in-kimono","status":"publish","type":"product","link":"https:\/\/boutique-one-piece.com\/nl\/one-piece-beeldjes\/boa-hancock-beeldjes\/one-piece-figuurtje-boa-hancock-in-kimono\/","title":{"rendered":"One Piece Boa Hancock Kimono Figuur"},"content":{"rendered":"<h2>Jonge piraat, het is tijd dat je dit One Piece Boa Hancock Kimono-beeldje bemachtigt.<\/h2>\n<p><strong>De piratenkeizerin Boa Hancock<\/strong> is de Slangenprinses van Amazon Lily, die de Kuja-stam regeert met de hulp van haar twee gorgonzussen, Boa Marigold en Boa Sandersonia. Ze is tevens de huidige kapitein van <strong>De Kuja-piratenbemanning<\/strong>. Boa Hancock was het enige vrouwelijke lid van de Zeven Krijgsheren van de Zee tot de groep werd ontbonden. Ze werd voor het eerst genoemd door de Risky Brothers aan het einde van de Thriller Bark-arc, toen ze haar legendarische schoonheid vergeleken met die van zeemeerminnen.<\/p>\n<p>Ze wordt door velen beschouwd als de mooiste vrouw ter wereld, grotendeels dankzij haar Duivelsvrucht waardoor bijna iedereen die naar haar kijkt, op slag verliefd op haar wordt.<\/p>\n<p>Hoewel ze momenteel nog steeds werkzaam is bij de Zeven Krijgsheren van de Zee, is haar liefde voor <strong>Monkey D. Luffy<\/strong> Dit leidde ertoe dat ze zich bij talrijke gelegenheden tegen de Wereldregering keerde, waardoor haar status als Krijgsheer van de Zee in gevaar kwam. Bovendien, de <a title=\"POK\u00c9MON-FIGUUR KAPITEIN STROOHOED LUFFY\" href=\"https:\/\/boutique-one-piece.com\/nl\/one-piece-beeldjes\/producten\/pokemon-figuurtje-van-kapitein-luffy-met-de-strohoed\/\" target=\"_blank\" rel=\"noopener\">Luffy Strohoed-figuurtje<\/a> ligt binnen handbereik.<\/p>\n<h3>Ben je gefascineerd door het beeldje van de charmante Boa Hancock? Zo ja, wacht dan niet langer en ga met haar mee naar haar eiland Amazon Lily.<\/h3>\n<p>Of je nu een fervent fan bent of een doorgewinterde verzamelaar, deze items zijn absoluut iets voor jou. Perfect om cadeau te geven, te decoreren of je verzameling aan te vullen, deze items zullen je collectie verrijken.<strong> jouw One Piece-universum<\/strong>. Wacht dus niet langer en grijp de kans om talloze spannende avonturen te beleven in het universum van <strong>Luffy<\/strong>.<\/p>\n<h2>Informatie over het Boa Hancock Kimono-beeldje\u00a0<\/h2>\n<ul>\n<li><span><b><u>One Piece-figuurtje<\/u><\/b>\u00a0Een premium One Piece-figuurtje voor echte piraten.<\/span><\/li>\n<\/ul>\n<ul>\n<li>\n<b>Materie<\/b><span>\u00a0<\/span>PVC<\/li>\n<\/ul>\n<ul>\n<li><span><strong>Dimensie<\/strong>\u00a0: 20 cm<\/span><\/li>\n<\/ul>\n<ul>\n<li><span><strong>GRATIS BEZORGING<\/strong><\/span><\/li>\n<\/ul>","protected":false},"excerpt":{"rendered":"<p>Jeune pirate, le moment est venu pour toi de te procurer cette Figurine One Piece Boa Hancock Kimono. L&rsquo;Imp\u00e9ratrice Pirate Boa Hancock est la Princesse Serpent d&rsquo;Amazon Lily qui gouverne la tribu Kuja avec l&rsquo;aide de ses deux s\u009curs gorgones, Boa Marigold et Boa Sandersonia. Elle est \u00e9galement la capitaine actuelle de L&rsquo;\u00c9quipage des Pirates [&hellip;]<\/p>","protected":false},"featured_media":11622,"comment_status":"open","ping_status":"open","template":"","meta":[],"product_brand":[],"product_cat":[174,76],"product_tag":[175],"class_list":{"0":"post-11620","1":"product","2":"type-product","3":"status-publish","4":"has-post-thumbnail","6":"product_cat-figurines-boa-hancock","7":"product_cat-figurines-one-piece","8":"product_tag-boa-hancock","10":"first","11":"instock","12":"purchasable","13":"product-type-simple"},"yoast_head":"<!-- This site is optimized with the Yoast SEO plugin v27.5 - https:\/\/yoast.com\/product\/yoast-seo-wordpress\/ -->\n<title>Figurine One Piece Boa Hancock Kimono | Figurine One Piece \u2013 Boutique One Piece<\/title>\n<meta name=\"description\" content=\"Jeune pirate, le moment est venu pour toi de te procurer cette Figurine One Piece Boa Hancock Kimono. L&#039;Imp\u00e9ratrice Pirate Boa Hancock est la Princesse Serpent d&#039;Amazon Lily qui gouverne la tribu Kuja avec l&#039;aide de ses deux s\u0153urs gorgones, Boa Marigold et Boa Sandersonia. Elle est \u00e9galement la capitaine actuelle de L&#039;\" \/>\n<meta name=\"robots\" content=\"index, follow, max-snippet:-1, max-image-preview:large, max-video-preview:-1\" \/>\n<link rel=\"canonical\" href=\"https:\/\/boutique-one-piece.com\/nl\/one-piece-beeldjes\/boa-hancock-beeldjes\/one-piece-figuurtje-boa-hancock-in-kimono\/\" \/>\n<meta property=\"og:locale\" content=\"nl_NL\" \/>\n<meta property=\"og:type\" content=\"article\" \/>\n<meta property=\"og:title\" content=\"Figurine One Piece Boa Hancock Kimono | Figurine One Piece \u2013 Boutique One Piece\" \/>\n<meta property=\"og:description\" content=\"Jeune pirate, le moment est venu pour toi de te procurer cette Figurine One Piece Boa Hancock Kimono. L&#039;Imp\u00e9ratrice Pirate Boa Hancock est la Princesse Serpent d&#039;Amazon Lily qui gouverne la tribu Kuja avec l&#039;aide de ses deux s\u0153urs gorgones, Boa Marigold et Boa Sandersonia. Elle est \u00e9galement la capitaine actuelle de L&#039;\" \/>\n<meta property=\"og:url\" content=\"https:\/\/boutique-one-piece.com\/nl\/one-piece-beeldjes\/boa-hancock-beeldjes\/one-piece-figuurtje-boa-hancock-in-kimono\/\" \/>\n<meta property=\"og:site_name\" content=\"Boutique One Piece\" \/>\n<meta property=\"article:modified_time\" content=\"2024-09-16T12:34:59+00:00\" \/>\n<meta property=\"og:image\" content=\"https:\/\/boutique-one-piece.com\/wp-content\/uploads\/2022\/09\/Figurine-One-Piece-Boa-Hancock-Kimono.jpg\" \/>\n\t<meta property=\"og:image:width\" content=\"640\" \/>\n\t<meta property=\"og:image:height\" content=\"640\" \/>\n\t<meta property=\"og:image:type\" content=\"image\/jpeg\" \/>\n<meta name=\"twitter:card\" content=\"summary_large_image\" \/>\n<meta name=\"twitter:label1\" content=\"Geschatte leestijd\" \/>\n\t<meta name=\"twitter:data1\" content=\"2 minuten\" \/>\n<script type=\"application\/ld+json\" class=\"yoast-schema-graph\">{\"@context\":\"https:\\\/\\\/schema.org\",\"@graph\":[{\"@type\":\"WebPage\",\"@id\":\"https:\\\/\\\/boutique-one-piece.com\\\/figurines-one-piece\\\/figurines-boa-hancock\\\/figurine-one-piece-boa-hancock-kimono\\\/\",\"url\":\"https:\\\/\\\/boutique-one-piece.com\\\/figurines-one-piece\\\/figurines-boa-hancock\\\/figurine-one-piece-boa-hancock-kimono\\\/\",\"name\":\"Figurine One Piece Boa Hancock Kimono | Figurine One Piece \u2013 Boutique One Piece\",\"isPartOf\":{\"@id\":\"https:\\\/\\\/boutique-one-piece.com\\\/#website\"},\"primaryImageOfPage\":{\"@id\":\"https:\\\/\\\/boutique-one-piece.com\\\/figurines-one-piece\\\/figurines-boa-hancock\\\/figurine-one-piece-boa-hancock-kimono\\\/#primaryimage\"},\"image\":{\"@id\":\"https:\\\/\\\/boutique-one-piece.com\\\/figurines-one-piece\\\/figurines-boa-hancock\\\/figurine-one-piece-boa-hancock-kimono\\\/#primaryimage\"},\"thumbnailUrl\":\"https:\\\/\\\/boutique-one-piece.com\\\/wp-content\\\/uploads\\\/2022\\\/09\\\/Figurine-One-Piece-Boa-Hancock-Kimono.jpg\",\"datePublished\":\"2022-09-27T20:42:27+00:00\",\"dateModified\":\"2024-09-16T12:34:59+00:00\",\"description\":\"Jeune pirate, le moment est venu pour toi de te procurer cette Figurine One Piece Boa Hancock Kimono. L'Imp\u00e9ratrice Pirate Boa Hancock est la Princesse Serpent d'Amazon Lily qui gouverne la tribu Kuja avec l'aide de ses deux s\u0153urs gorgones, Boa Marigold et Boa Sandersonia. Elle est \u00e9galement la capitaine actuelle de L'\",\"breadcrumb\":{\"@id\":\"https:\\\/\\\/boutique-one-piece.com\\\/figurines-one-piece\\\/figurines-boa-hancock\\\/figurine-one-piece-boa-hancock-kimono\\\/#breadcrumb\"},\"inLanguage\":\"nl-NL\",\"potentialAction\":[{\"@type\":\"ReadAction\",\"target\":[\"https:\\\/\\\/boutique-one-piece.com\\\/figurines-one-piece\\\/figurines-boa-hancock\\\/figurine-one-piece-boa-hancock-kimono\\\/\"]}]},{\"@type\":\"ImageObject\",\"inLanguage\":\"nl-NL\",\"@id\":\"https:\\\/\\\/boutique-one-piece.com\\\/figurines-one-piece\\\/figurines-boa-hancock\\\/figurine-one-piece-boa-hancock-kimono\\\/#primaryimage\",\"url\":\"https:\\\/\\\/boutique-one-piece.com\\\/wp-content\\\/uploads\\\/2022\\\/09\\\/Figurine-One-Piece-Boa-Hancock-Kimono.jpg\",\"contentUrl\":\"https:\\\/\\\/boutique-one-piece.com\\\/wp-content\\\/uploads\\\/2022\\\/09\\\/Figurine-One-Piece-Boa-Hancock-Kimono.jpg\",\"width\":640,\"height\":640,\"caption\":\"Figurine One Piece Boa Hancock Kimono Default Title\"},{\"@type\":\"BreadcrumbList\",\"@id\":\"https:\\\/\\\/boutique-one-piece.com\\\/figurines-one-piece\\\/figurines-boa-hancock\\\/figurine-one-piece-boa-hancock-kimono\\\/#breadcrumb\",\"itemListElement\":[{\"@type\":\"ListItem\",\"position\":1,\"name\":\"Home\",\"item\":\"https:\\\/\\\/boutique-one-piece.com\\\/\"},{\"@type\":\"ListItem\",\"position\":2,\"name\":\"Shop\",\"item\":\"https:\\\/\\\/boutique-one-piece.com\\\/shop\\\/\"},{\"@type\":\"ListItem\",\"position\":3,\"name\":\"Figurine One Piece Boa Hancock Kimono\"}]},{\"@type\":\"WebSite\",\"@id\":\"https:\\\/\\\/boutique-one-piece.com\\\/#website\",\"url\":\"https:\\\/\\\/boutique-one-piece.com\\\/\",\"name\":\"Boutique One Piece\",\"description\":\"Magasin Sp\u00e9cialis\u00e9 du Manga et l&#039;Anime One Piece\",\"publisher\":{\"@id\":\"https:\\\/\\\/boutique-one-piece.com\\\/#organization\"},\"potentialAction\":[{\"@type\":\"SearchAction\",\"target\":{\"@type\":\"EntryPoint\",\"urlTemplate\":\"https:\\\/\\\/boutique-one-piece.com\\\/?s={search_term_string}\"},\"query-input\":{\"@type\":\"PropertyValueSpecification\",\"valueRequired\":true,\"valueName\":\"search_term_string\"}}],\"inLanguage\":\"nl-NL\"},{\"@type\":\"Organization\",\"@id\":\"https:\\\/\\\/boutique-one-piece.com\\\/#organization\",\"name\":\"Boutique One Piece\",\"url\":\"https:\\\/\\\/boutique-one-piece.com\\\/\",\"logo\":{\"@type\":\"ImageObject\",\"inLanguage\":\"nl-NL\",\"@id\":\"https:\\\/\\\/boutique-one-piece.com\\\/#\\\/schema\\\/logo\\\/image\\\/\",\"url\":\"https:\\\/\\\/boutique-one-piece.com\\\/wp-content\\\/uploads\\\/2022\\\/09\\\/Logo-01.png\",\"contentUrl\":\"https:\\\/\\\/boutique-one-piece.com\\\/wp-content\\\/uploads\\\/2022\\\/09\\\/Logo-01.png\",\"width\":2318,\"height\":957,\"caption\":\"Boutique One Piece\"},\"image\":{\"@id\":\"https:\\\/\\\/boutique-one-piece.com\\\/#\\\/schema\\\/logo\\\/image\\\/\"}}]}<\/script>\n<!-- \/ Yoast SEO plugin. -->","yoast_head_json":{"title":"One Piece Boa Hancock Kimono Figuur | One Piece Figuur \u2013 One Piece Shop","description":"Jonge piraat, het is tijd dat je deze One Piece Boa Hancock Kimono-figuur bemachtigt. Piratenkeizerin Boa Hancock is de Slangenprinses van Amazon Lily en regeert over de Kuja-stam met de hulp van haar twee gorgonzussen, Boa Marigold en Boa Sandersonia. Ze is tevens de huidige kapitein van de...'","robots":{"index":"index","follow":"follow","max-snippet":"max-snippet:-1","max-image-preview":"max-image-preview:large","max-video-preview":"max-video-preview:-1"},"canonical":"https:\/\/boutique-one-piece.com\/nl\/one-piece-beeldjes\/boa-hancock-beeldjes\/one-piece-figuurtje-boa-hancock-in-kimono\/","og_locale":"nl_NL","og_type":"article","og_title":"Figurine One Piece Boa Hancock Kimono | Figurine One Piece \u2013 Boutique One Piece","og_description":"Jeune pirate, le moment est venu pour toi de te procurer cette Figurine One Piece Boa Hancock Kimono. L'Imp\u00e9ratrice Pirate Boa Hancock est la Princesse Serpent d'Amazon Lily qui gouverne la tribu Kuja avec l'aide de ses deux s\u0153urs gorgones, Boa Marigold et Boa Sandersonia. Elle est \u00e9galement la capitaine actuelle de L'","og_url":"https:\/\/boutique-one-piece.com\/nl\/one-piece-beeldjes\/boa-hancock-beeldjes\/one-piece-figuurtje-boa-hancock-in-kimono\/","og_site_name":"Boutique One Piece","article_modified_time":"2024-09-16T12:34:59+00:00","og_image":[{"width":640,"height":640,"url":"https:\/\/boutique-one-piece.com\/wp-content\/uploads\/2022\/09\/Figurine-One-Piece-Boa-Hancock-Kimono.jpg","type":"image\/jpeg"}],"twitter_card":"summary_large_image","twitter_misc":{"Geschatte leestijd":"2 minuten"},"schema":{"@context":"https:\/\/schema.org","@graph":[{"@type":"WebPage","@id":"https:\/\/boutique-one-piece.com\/figurines-one-piece\/figurines-boa-hancock\/figurine-one-piece-boa-hancock-kimono\/","url":"https:\/\/boutique-one-piece.com\/figurines-one-piece\/figurines-boa-hancock\/figurine-one-piece-boa-hancock-kimono\/","name":"One Piece Boa Hancock Kimono Figuur | One Piece Figuur \u2013 One Piece Shop","isPartOf":{"@id":"https:\/\/boutique-one-piece.com\/#website"},"primaryImageOfPage":{"@id":"https:\/\/boutique-one-piece.com\/figurines-one-piece\/figurines-boa-hancock\/figurine-one-piece-boa-hancock-kimono\/#primaryimage"},"image":{"@id":"https:\/\/boutique-one-piece.com\/figurines-one-piece\/figurines-boa-hancock\/figurine-one-piece-boa-hancock-kimono\/#primaryimage"},"thumbnailUrl":"https:\/\/boutique-one-piece.com\/wp-content\/uploads\/2022\/09\/Figurine-One-Piece-Boa-Hancock-Kimono.jpg","datePublished":"2022-09-27T20:42:27+00:00","dateModified":"2024-09-16T12:34:59+00:00","description":"Jonge piraat, het is tijd dat je deze One Piece Boa Hancock Kimono-figuur bemachtigt. Piratenkeizerin Boa Hancock is de Slangenprinses van Amazon Lily en regeert over de Kuja-stam met de hulp van haar twee gorgonzussen, Boa Marigold en Boa Sandersonia. Ze is tevens de huidige kapitein van de...'","breadcrumb":{"@id":"https:\/\/boutique-one-piece.com\/figurines-one-piece\/figurines-boa-hancock\/figurine-one-piece-boa-hancock-kimono\/#breadcrumb"},"inLanguage":"nl-NL","potentialAction":[{"@type":"ReadAction","target":["https:\/\/boutique-one-piece.com\/figurines-one-piece\/figurines-boa-hancock\/figurine-one-piece-boa-hancock-kimono\/"]}]},{"@type":"ImageObject","inLanguage":"nl-NL","@id":"https:\/\/boutique-one-piece.com\/figurines-one-piece\/figurines-boa-hancock\/figurine-one-piece-boa-hancock-kimono\/#primaryimage","url":"https:\/\/boutique-one-piece.com\/wp-content\/uploads\/2022\/09\/Figurine-One-Piece-Boa-Hancock-Kimono.jpg","contentUrl":"https:\/\/boutique-one-piece.com\/wp-content\/uploads\/2022\/09\/Figurine-One-Piece-Boa-Hancock-Kimono.jpg","width":640,"height":640,"caption":"Figurine One Piece Boa Hancock Kimono Default Title"},{"@type":"BreadcrumbList","@id":"https:\/\/boutique-one-piece.com\/figurines-one-piece\/figurines-boa-hancock\/figurine-one-piece-boa-hancock-kimono\/#breadcrumb","itemListElement":[{"@type":"ListItem","position":1,"name":"Home","item":"https:\/\/boutique-one-piece.com\/"},{"@type":"ListItem","position":2,"name":"Shop","item":"https:\/\/boutique-one-piece.com\/shop\/"},{"@type":"ListItem","position":3,"name":"Figurine One Piece Boa Hancock Kimono"}]},{"@type":"WebSite","@id":"https:\/\/boutique-one-piece.com\/#website","url":"https:\/\/boutique-one-piece.com\/","name":"One Piece Shop","description":"Gespecialiseerde winkel voor One Piece manga en anime.","publisher":{"@id":"https:\/\/boutique-one-piece.com\/#organization"},"potentialAction":[{"@type":"SearchAction","target":{"@type":"EntryPoint","urlTemplate":"https:\/\/boutique-one-piece.com\/?s={search_term_string}"},"query-input":{"@type":"PropertyValueSpecification","valueRequired":true,"valueName":"search_term_string"}}],"inLanguage":"nl-NL"},{"@type":"Organization","@id":"https:\/\/boutique-one-piece.com\/#organization","name":"One Piece Shop","url":"https:\/\/boutique-one-piece.com\/","logo":{"@type":"ImageObject","inLanguage":"nl-NL","@id":"https:\/\/boutique-one-piece.com\/#\/schema\/logo\/image\/","url":"https:\/\/boutique-one-piece.com\/wp-content\/uploads\/2022\/09\/Logo-01.png","contentUrl":"https:\/\/boutique-one-piece.com\/wp-content\/uploads\/2022\/09\/Logo-01.png","width":2318,"height":957,"caption":"Boutique One Piece"},"image":{"@id":"https:\/\/boutique-one-piece.com\/#\/schema\/logo\/image\/"}}]}},"_links":{"self":[{"href":"https:\/\/boutique-one-piece.com\/nl\/wp-json\/wp\/v2\/product\/11620","targetHints":{"allow":["GET"]}}],"collection":[{"href":"https:\/\/boutique-one-piece.com\/nl\/wp-json\/wp\/v2\/product"}],"about":[{"href":"https:\/\/boutique-one-piece.com\/nl\/wp-json\/wp\/v2\/types\/product"}],"replies":[{"embeddable":true,"href":"https:\/\/boutique-one-piece.com\/nl\/wp-json\/wp\/v2\/comments?post=11620"}],"wp:featuredmedia":[{"embeddable":true,"href":"https:\/\/boutique-one-piece.com\/nl\/wp-json\/wp\/v2\/media\/11622"}],"wp:attachment":[{"href":"https:\/\/boutique-one-piece.com\/nl\/wp-json\/wp\/v2\/media?parent=11620"}],"wp:term":[{"taxonomy":"product_brand","embeddable":true,"href":"https:\/\/boutique-one-piece.com\/nl\/wp-json\/wp\/v2\/product_brand?post=11620"},{"taxonomy":"product_cat","embeddable":true,"href":"https:\/\/boutique-one-piece.com\/nl\/wp-json\/wp\/v2\/product_cat?post=11620"},{"taxonomy":"product_tag","embeddable":true,"href":"https:\/\/boutique-one-piece.com\/nl\/wp-json\/wp\/v2\/product_tag?post=11620"}],"curies":[{"name":"wp","href":"https:\/\/api.w.org\/{rel}","templated":true}]}}