{"id":11660,"date":"2022-09-27T20:42:39","date_gmt":"2022-09-27T20:42:39","guid":{"rendered":"https:\/\/boutique-one-piece.com\/uncategorized\/figurine-one-piece-usopp-attaque\/"},"modified":"2025-11-09T17:22:44","modified_gmt":"2025-11-09T17:22:44","slug":"one-piece-actiefiguur-usopp-aanval","status":"publish","type":"product","link":"https:\/\/boutique-one-piece.com\/nl\/one-piece-goodies-2\/usopp-one-piece-goodies\/one-piece-actiefiguur-usopp-aanval\/","title":{"rendered":"One Piece Usopp aanvalsfiguur"},"content":{"rendered":"<h2>Jonge piraat, schaf nu dit One Piece Usopp Attack-beeldje aan.<\/h2>\n<p>Dit is wat je over hem moet weten; ; <strong>Usopp<\/strong>, ook wel bekend als <strong>Pipo<\/strong> In oudere Gl\u00e9nat-edities van de manga is hij lid van de Strohoedpiraten en bekleedt hij de functie van... <strong>Scharfschutter<\/strong>. Een scherpschutter zijn betekent dat Usopp bedreven is in het gebruik van vuurwapens of katapulten. Hij is ook bedreven in wapenonderhoud en wapenontwerp.<\/p>\n<p>Hij kwam uit Syrup Village. Hoewel hij geen scheepsbouwer was, zorgde hij ook voor de reparatie van de schepen. <strong>Vogue Merry<\/strong> (wiens gaten hij dichtstopte met alles wat hij maar kon vinden). Hij werd later vervangen door Franky, toen die samen met de Thousand Sunny zich bij de bemanning voegde voor het onderhoud van het schip. Bovendien, de <a title=\"ONE PIECE DEAD OR ALIVE FRANKY NEW WORLD-FIGUUR\" href=\"https:\/\/boutique-one-piece.com\/nl\/one-piece-dead-or-alive-franken-new-world-figuurtje\/\" target=\"_blank\" rel=\"noopener\">Franky \u00abdood of levend\u00bb beeldje<\/a> ligt binnen handbereik.<\/p>\n<h3>Ben je gefascineerd door de figuur van Usopp midden in een aanval? Zo ja, ga dan meteen met hem mee aan boord van de Thousand Sunny. Er wachten je talloze avonturen.<\/h3>\n<p><strong>Jonge piraat<\/strong>, Zoek niet verder, je hebt zojuist een verzameling mythische voorwerpen gevonden die je One Piece-universum zullen uitbreiden. Dompel jezelf onder, of herontdek, in je favoriete anime met deze objecten. Je piratenlot ligt nu in jouw handen. Lukt het jou om ze te bemachtigen? <strong>de schat van One Piece<\/strong> ?<\/p>\n<h2>Informatie over de aanval op Usopp\u00a0<\/h2>\n<ul>\n<li><span><b><u>One Piece-figuurtje<\/u><\/b>\u00a0Een premium One Piece-figuurtje voor echte piraten.<\/span><\/li>\n<\/ul>\n<ul>\n<li>\n<b>Materie<\/b><span>\u00a0<\/span>PVC<\/li>\n<\/ul>\n<ul>\n<li><span><strong>Dimensie<\/strong>\u00a0: 17 cm<\/span><\/li>\n<\/ul>\n<ul>\n<li><span><strong>GRATIS BEZORGING<\/strong><\/span><\/li>\n<\/ul>","protected":false},"excerpt":{"rendered":"<p>Jeune pirate, fais d\u00e8s \u00e0 pr\u00e9sent l&rsquo;acquisition de cette Figurine One Piece Usopp Attaque. Voici ce que tu dois savoir \u00e0 son sujet ; Usopp, \u00e9galement nomm\u00e9 Pipo dans les anciennes \u00e9ditions de Gl\u00e9nat du manga, est un membre de L&rsquo;\u00c9quipage du Chapeau de Paille, il occupe le poste de Tireur d&rsquo;\u00c9lite. \u00catre un Tireur [&hellip;]<\/p>","protected":false},"featured_media":11662,"comment_status":"open","ping_status":"open","template":"","meta":[],"product_brand":[],"product_cat":[76,283,155],"product_tag":[144],"class_list":{"0":"post-11660","1":"product","2":"type-product","3":"status-publish","4":"has-post-thumbnail","6":"product_cat-figurines-one-piece","7":"product_cat-figurines-usopp","8":"product_cat-goodies-usopp-one-piece","9":"product_tag-usopp","11":"first","12":"instock","13":"purchasable","14":"product-type-simple"},"yoast_head":"<!-- This site is optimized with the Yoast SEO plugin v27.5 - https:\/\/yoast.com\/product\/yoast-seo-wordpress\/ -->\n<title>Figurine One Piece Usopp Attaque | Boutique One Piece<\/title>\n<meta name=\"description\" content=\"Jeune pirate, fais d\u00e8s \u00e0 pr\u00e9sent l&#039;acquisition de cette Figurine One Piece Usopp Attaque. Voici ce que tu dois savoir \u00e0 son sujet ; Usopp, \u00e9galement nomm\u00e9 Pipo dans les anciennes \u00e9ditions de Gl\u00e9nat du manga, est un membre de L&#039;\u00c9quipage du Chapeau de Paille, il occupe le poste de Tireur d&#039;\u00c9lite. \u00catre un Tireur d\u2019\u00c9lite s\" \/>\n<meta name=\"robots\" content=\"index, follow, max-snippet:-1, max-image-preview:large, max-video-preview:-1\" \/>\n<link rel=\"canonical\" href=\"https:\/\/boutique-one-piece.com\/nl\/one-piece-beeldjes\/usopp-beeldjes\/one-piece-actiefiguur-usopp-aanval\/\" \/>\n<meta property=\"og:locale\" content=\"nl_NL\" \/>\n<meta property=\"og:type\" content=\"article\" \/>\n<meta property=\"og:title\" content=\"Figurine One Piece Usopp Attaque | Boutique One Piece\" \/>\n<meta property=\"og:description\" content=\"Jeune pirate, fais d\u00e8s \u00e0 pr\u00e9sent l&#039;acquisition de cette Figurine One Piece Usopp Attaque. Voici ce que tu dois savoir \u00e0 son sujet ; Usopp, \u00e9galement nomm\u00e9 Pipo dans les anciennes \u00e9ditions de Gl\u00e9nat du manga, est un membre de L&#039;\u00c9quipage du Chapeau de Paille, il occupe le poste de Tireur d&#039;\u00c9lite. \u00catre un Tireur d\u2019\u00c9lite s\" \/>\n<meta property=\"og:url\" content=\"https:\/\/boutique-one-piece.com\/nl\/one-piece-beeldjes\/usopp-beeldjes\/one-piece-actiefiguur-usopp-aanval\/\" \/>\n<meta property=\"og:site_name\" content=\"Boutique One Piece\" \/>\n<meta property=\"article:modified_time\" content=\"2025-11-09T17:22:44+00:00\" \/>\n<meta property=\"og:image\" content=\"https:\/\/boutique-one-piece.com\/wp-content\/uploads\/2022\/09\/Figurine-One-Piece-Usopp-Attaque.jpg\" \/>\n\t<meta property=\"og:image:width\" content=\"640\" \/>\n\t<meta property=\"og:image:height\" content=\"640\" \/>\n\t<meta property=\"og:image:type\" content=\"image\/jpeg\" \/>\n<meta name=\"twitter:card\" content=\"summary_large_image\" \/>\n<meta name=\"twitter:label1\" content=\"Geschatte leestijd\" \/>\n\t<meta name=\"twitter:data1\" content=\"2 minuten\" \/>\n<script type=\"application\/ld+json\" class=\"yoast-schema-graph\">{\"@context\":\"https:\\\/\\\/schema.org\",\"@graph\":[{\"@type\":\"WebPage\",\"@id\":\"https:\\\/\\\/boutique-one-piece.com\\\/figurines-one-piece\\\/figurines-usopp\\\/figurine-one-piece-usopp-attaque\\\/\",\"url\":\"https:\\\/\\\/boutique-one-piece.com\\\/figurines-one-piece\\\/figurines-usopp\\\/figurine-one-piece-usopp-attaque\\\/\",\"name\":\"Figurine One Piece Usopp Attaque | Boutique One Piece\",\"isPartOf\":{\"@id\":\"https:\\\/\\\/boutique-one-piece.com\\\/#website\"},\"primaryImageOfPage\":{\"@id\":\"https:\\\/\\\/boutique-one-piece.com\\\/figurines-one-piece\\\/figurines-usopp\\\/figurine-one-piece-usopp-attaque\\\/#primaryimage\"},\"image\":{\"@id\":\"https:\\\/\\\/boutique-one-piece.com\\\/figurines-one-piece\\\/figurines-usopp\\\/figurine-one-piece-usopp-attaque\\\/#primaryimage\"},\"thumbnailUrl\":\"https:\\\/\\\/boutique-one-piece.com\\\/wp-content\\\/uploads\\\/2022\\\/09\\\/Figurine-One-Piece-Usopp-Attaque.jpg\",\"datePublished\":\"2022-09-27T20:42:39+00:00\",\"dateModified\":\"2025-11-09T17:22:44+00:00\",\"description\":\"Jeune pirate, fais d\u00e8s \u00e0 pr\u00e9sent l'acquisition de cette Figurine One Piece Usopp Attaque. Voici ce que tu dois savoir \u00e0 son sujet ; Usopp, \u00e9galement nomm\u00e9 Pipo dans les anciennes \u00e9ditions de Gl\u00e9nat du manga, est un membre de L'\u00c9quipage du Chapeau de Paille, il occupe le poste de Tireur d'\u00c9lite. \u00catre un Tireur d\u2019\u00c9lite s\",\"breadcrumb\":{\"@id\":\"https:\\\/\\\/boutique-one-piece.com\\\/figurines-one-piece\\\/figurines-usopp\\\/figurine-one-piece-usopp-attaque\\\/#breadcrumb\"},\"inLanguage\":\"nl-NL\",\"potentialAction\":[{\"@type\":\"ReadAction\",\"target\":[\"https:\\\/\\\/boutique-one-piece.com\\\/figurines-one-piece\\\/figurines-usopp\\\/figurine-one-piece-usopp-attaque\\\/\"]}]},{\"@type\":\"ImageObject\",\"inLanguage\":\"nl-NL\",\"@id\":\"https:\\\/\\\/boutique-one-piece.com\\\/figurines-one-piece\\\/figurines-usopp\\\/figurine-one-piece-usopp-attaque\\\/#primaryimage\",\"url\":\"https:\\\/\\\/boutique-one-piece.com\\\/wp-content\\\/uploads\\\/2022\\\/09\\\/Figurine-One-Piece-Usopp-Attaque.jpg\",\"contentUrl\":\"https:\\\/\\\/boutique-one-piece.com\\\/wp-content\\\/uploads\\\/2022\\\/09\\\/Figurine-One-Piece-Usopp-Attaque.jpg\",\"width\":640,\"height\":640,\"caption\":\"Figurine One Piece Usopp Attaque Usopp in box\"},{\"@type\":\"BreadcrumbList\",\"@id\":\"https:\\\/\\\/boutique-one-piece.com\\\/figurines-one-piece\\\/figurines-usopp\\\/figurine-one-piece-usopp-attaque\\\/#breadcrumb\",\"itemListElement\":[{\"@type\":\"ListItem\",\"position\":1,\"name\":\"Home\",\"item\":\"https:\\\/\\\/boutique-one-piece.com\\\/\"},{\"@type\":\"ListItem\",\"position\":2,\"name\":\"Shop\",\"item\":\"https:\\\/\\\/boutique-one-piece.com\\\/shop\\\/\"},{\"@type\":\"ListItem\",\"position\":3,\"name\":\"Figurine One Piece Usopp Attaque\"}]},{\"@type\":\"WebSite\",\"@id\":\"https:\\\/\\\/boutique-one-piece.com\\\/#website\",\"url\":\"https:\\\/\\\/boutique-one-piece.com\\\/\",\"name\":\"Boutique One Piece\",\"description\":\"Magasin Sp\u00e9cialis\u00e9 du Manga et l&#039;Anime One Piece\",\"publisher\":{\"@id\":\"https:\\\/\\\/boutique-one-piece.com\\\/#organization\"},\"potentialAction\":[{\"@type\":\"SearchAction\",\"target\":{\"@type\":\"EntryPoint\",\"urlTemplate\":\"https:\\\/\\\/boutique-one-piece.com\\\/?s={search_term_string}\"},\"query-input\":{\"@type\":\"PropertyValueSpecification\",\"valueRequired\":true,\"valueName\":\"search_term_string\"}}],\"inLanguage\":\"nl-NL\"},{\"@type\":\"Organization\",\"@id\":\"https:\\\/\\\/boutique-one-piece.com\\\/#organization\",\"name\":\"Boutique One Piece\",\"url\":\"https:\\\/\\\/boutique-one-piece.com\\\/\",\"logo\":{\"@type\":\"ImageObject\",\"inLanguage\":\"nl-NL\",\"@id\":\"https:\\\/\\\/boutique-one-piece.com\\\/#\\\/schema\\\/logo\\\/image\\\/\",\"url\":\"https:\\\/\\\/boutique-one-piece.com\\\/wp-content\\\/uploads\\\/2022\\\/09\\\/Logo-01.png\",\"contentUrl\":\"https:\\\/\\\/boutique-one-piece.com\\\/wp-content\\\/uploads\\\/2022\\\/09\\\/Logo-01.png\",\"width\":2318,\"height\":957,\"caption\":\"Boutique One Piece\"},\"image\":{\"@id\":\"https:\\\/\\\/boutique-one-piece.com\\\/#\\\/schema\\\/logo\\\/image\\\/\"}}]}<\/script>\n<!-- \/ Yoast SEO plugin. -->","yoast_head_json":{"title":"One Piece Usopp aanvalsfiguur | One Piece winkel","description":"Jonge piraat, bemachtig nu dit One Piece Usopp Attack-figuur! Dit moet je over hem weten: Usopp, in oudere Gl\u00e9nat-edities van de manga ook wel Pipo genoemd, is lid van de Strohoedpiraten en bekleedt de functie van sluipschutter. Als sluipschutter...","robots":{"index":"index","follow":"follow","max-snippet":"max-snippet:-1","max-image-preview":"max-image-preview:large","max-video-preview":"max-video-preview:-1"},"canonical":"https:\/\/boutique-one-piece.com\/nl\/one-piece-beeldjes\/usopp-beeldjes\/one-piece-actiefiguur-usopp-aanval\/","og_locale":"nl_NL","og_type":"article","og_title":"Figurine One Piece Usopp Attaque | Boutique One Piece","og_description":"Jeune pirate, fais d\u00e8s \u00e0 pr\u00e9sent l'acquisition de cette Figurine One Piece Usopp Attaque. Voici ce que tu dois savoir \u00e0 son sujet ; Usopp, \u00e9galement nomm\u00e9 Pipo dans les anciennes \u00e9ditions de Gl\u00e9nat du manga, est un membre de L'\u00c9quipage du Chapeau de Paille, il occupe le poste de Tireur d'\u00c9lite. \u00catre un Tireur d\u2019\u00c9lite s","og_url":"https:\/\/boutique-one-piece.com\/nl\/one-piece-beeldjes\/usopp-beeldjes\/one-piece-actiefiguur-usopp-aanval\/","og_site_name":"Boutique One Piece","article_modified_time":"2025-11-09T17:22:44+00:00","og_image":[{"width":640,"height":640,"url":"https:\/\/boutique-one-piece.com\/wp-content\/uploads\/2022\/09\/Figurine-One-Piece-Usopp-Attaque.jpg","type":"image\/jpeg"}],"twitter_card":"summary_large_image","twitter_misc":{"Geschatte leestijd":"2 minuten"},"schema":{"@context":"https:\/\/schema.org","@graph":[{"@type":"WebPage","@id":"https:\/\/boutique-one-piece.com\/figurines-one-piece\/figurines-usopp\/figurine-one-piece-usopp-attaque\/","url":"https:\/\/boutique-one-piece.com\/figurines-one-piece\/figurines-usopp\/figurine-one-piece-usopp-attaque\/","name":"One Piece Usopp aanvalsfiguur | One Piece winkel","isPartOf":{"@id":"https:\/\/boutique-one-piece.com\/#website"},"primaryImageOfPage":{"@id":"https:\/\/boutique-one-piece.com\/figurines-one-piece\/figurines-usopp\/figurine-one-piece-usopp-attaque\/#primaryimage"},"image":{"@id":"https:\/\/boutique-one-piece.com\/figurines-one-piece\/figurines-usopp\/figurine-one-piece-usopp-attaque\/#primaryimage"},"thumbnailUrl":"https:\/\/boutique-one-piece.com\/wp-content\/uploads\/2022\/09\/Figurine-One-Piece-Usopp-Attaque.jpg","datePublished":"2022-09-27T20:42:39+00:00","dateModified":"2025-11-09T17:22:44+00:00","description":"Jonge piraat, bemachtig nu dit One Piece Usopp Attack-figuur! Dit moet je over hem weten: Usopp, in oudere Gl\u00e9nat-edities van de manga ook wel Pipo genoemd, is lid van de Strohoedpiraten en bekleedt de functie van sluipschutter. Als sluipschutter...","breadcrumb":{"@id":"https:\/\/boutique-one-piece.com\/figurines-one-piece\/figurines-usopp\/figurine-one-piece-usopp-attaque\/#breadcrumb"},"inLanguage":"nl-NL","potentialAction":[{"@type":"ReadAction","target":["https:\/\/boutique-one-piece.com\/figurines-one-piece\/figurines-usopp\/figurine-one-piece-usopp-attaque\/"]}]},{"@type":"ImageObject","inLanguage":"nl-NL","@id":"https:\/\/boutique-one-piece.com\/figurines-one-piece\/figurines-usopp\/figurine-one-piece-usopp-attaque\/#primaryimage","url":"https:\/\/boutique-one-piece.com\/wp-content\/uploads\/2022\/09\/Figurine-One-Piece-Usopp-Attaque.jpg","contentUrl":"https:\/\/boutique-one-piece.com\/wp-content\/uploads\/2022\/09\/Figurine-One-Piece-Usopp-Attaque.jpg","width":640,"height":640,"caption":"Figurine One Piece Usopp Attaque Usopp in box"},{"@type":"BreadcrumbList","@id":"https:\/\/boutique-one-piece.com\/figurines-one-piece\/figurines-usopp\/figurine-one-piece-usopp-attaque\/#breadcrumb","itemListElement":[{"@type":"ListItem","position":1,"name":"Home","item":"https:\/\/boutique-one-piece.com\/"},{"@type":"ListItem","position":2,"name":"Shop","item":"https:\/\/boutique-one-piece.com\/shop\/"},{"@type":"ListItem","position":3,"name":"Figurine One Piece Usopp Attaque"}]},{"@type":"WebSite","@id":"https:\/\/boutique-one-piece.com\/#website","url":"https:\/\/boutique-one-piece.com\/","name":"One Piece Shop","description":"Gespecialiseerde winkel voor One Piece manga en anime.","publisher":{"@id":"https:\/\/boutique-one-piece.com\/#organization"},"potentialAction":[{"@type":"SearchAction","target":{"@type":"EntryPoint","urlTemplate":"https:\/\/boutique-one-piece.com\/?s={search_term_string}"},"query-input":{"@type":"PropertyValueSpecification","valueRequired":true,"valueName":"search_term_string"}}],"inLanguage":"nl-NL"},{"@type":"Organization","@id":"https:\/\/boutique-one-piece.com\/#organization","name":"One Piece Shop","url":"https:\/\/boutique-one-piece.com\/","logo":{"@type":"ImageObject","inLanguage":"nl-NL","@id":"https:\/\/boutique-one-piece.com\/#\/schema\/logo\/image\/","url":"https:\/\/boutique-one-piece.com\/wp-content\/uploads\/2022\/09\/Logo-01.png","contentUrl":"https:\/\/boutique-one-piece.com\/wp-content\/uploads\/2022\/09\/Logo-01.png","width":2318,"height":957,"caption":"Boutique One Piece"},"image":{"@id":"https:\/\/boutique-one-piece.com\/#\/schema\/logo\/image\/"}}]}},"_links":{"self":[{"href":"https:\/\/boutique-one-piece.com\/nl\/wp-json\/wp\/v2\/product\/11660","targetHints":{"allow":["GET"]}}],"collection":[{"href":"https:\/\/boutique-one-piece.com\/nl\/wp-json\/wp\/v2\/product"}],"about":[{"href":"https:\/\/boutique-one-piece.com\/nl\/wp-json\/wp\/v2\/types\/product"}],"replies":[{"embeddable":true,"href":"https:\/\/boutique-one-piece.com\/nl\/wp-json\/wp\/v2\/comments?post=11660"}],"wp:featuredmedia":[{"embeddable":true,"href":"https:\/\/boutique-one-piece.com\/nl\/wp-json\/wp\/v2\/media\/11662"}],"wp:attachment":[{"href":"https:\/\/boutique-one-piece.com\/nl\/wp-json\/wp\/v2\/media?parent=11660"}],"wp:term":[{"taxonomy":"product_brand","embeddable":true,"href":"https:\/\/boutique-one-piece.com\/nl\/wp-json\/wp\/v2\/product_brand?post=11660"},{"taxonomy":"product_cat","embeddable":true,"href":"https:\/\/boutique-one-piece.com\/nl\/wp-json\/wp\/v2\/product_cat?post=11660"},{"taxonomy":"product_tag","embeddable":true,"href":"https:\/\/boutique-one-piece.com\/nl\/wp-json\/wp\/v2\/product_tag?post=11660"}],"curies":[{"name":"wp","href":"https:\/\/api.w.org\/{rel}","templated":true}]}}