{"id":11848,"date":"2022-09-27T20:43:44","date_gmt":"2022-09-27T20:43:44","guid":{"rendered":"https:\/\/boutique-one-piece.com\/uncategorized\/figurine-one-piece-luffy-samourai-combat-a-l-pee-wano-kuni\/"},"modified":"2024-10-23T21:36:03","modified_gmt":"2024-10-23T21:36:03","slug":"beeldje-uit-een-stuk-luffy-samurai-fight-al-pee-wano-kuni","status":"publish","type":"product","link":"https:\/\/boutique-one-piece.com\/nl\/one-piece-goodies-2\/leuke-spulletjes-van-monkey-d-luffy-uit-one-piece\/beeldje-uit-een-stuk-luffy-samurai-fight-al-pee-wano-kuni\/","title":{"rendered":"E\u00e9ndelig Luffy Samurai Sword Fighting Wano Kuni-figuur"},"content":{"rendered":"<h2>Jonge piraat, het is tijd dat je dit One Piece Luffy Samurai Sword Fight Wano Kuni beeldje bemachtigt.<\/h2>\n<p>Hoewel Luffy geen introductie nodig heeft, is het goed om te weten dat hij een piraat is en de hoofdpersoon van de One Piece manga en anime. Zijn grootste droom is om te worden...<strong> de Piratenheer<\/strong> door de legendarische schat One Piece te vinden, die ergens ter wereld verborgen ligt door Gol D. Roger. Hier is hij gekleed als een samoerai uit Wano Kuni; het is belangrijk om te weten dat de naam &quot;samoerai&quot; de titel is die gegeven wordt aan de inwoners van het Land van Wano (ook bekend als Wano Kuni).<\/p>\n<p>Hoewel de titel meestal direct wordt gebruikt voor zwaardvechters, kan het ook een algemene term zijn voor alle krijgers van Wano Country, zoals ninja&#039;s en sumoworstelaars. Trouwens, als je je verzameling beeldjes wilt uitbreiden, <a title=\"WANO KUNI ZORO SAMURAI FIGUUR UIT 1 STUK\" href=\"https:\/\/boutique-one-piece.com\/nl\/eendelig-zoro-samurai-beeldje-van-wano-kuni\/\" target=\"_blank\" rel=\"noopener\">Zoro Samurai-beeldje<\/a> ligt binnen handbereik.<\/p>\n<h3>Ben je gefascineerd door Monkey D. Luffy in zijn samoerai-outfit? Zo ja, pak je zwaard en ga aan zijn zijde vechten.<\/h3>\n<p>Of je nu een fervent fan bent of een serieuze verzamelaar, deze<strong> mythische objecten<\/strong> Deze items zijn absoluut voor jou gemaakt. Het zijn fantastische cadeau-idee\u00ebn, dus wacht niet langer en grijp je kans om iemand blij te maken. Je piratenlot ligt immers in jouw handen; het is aan jou of je het avontuur aangaat of niet. <strong>Duizend Zonnige<\/strong> !<\/p>\n<h2>Informatie over het Luffy Samurai Sword Fighting Wano Kuni beeldje&nbsp;<\/h2>\n<ul>\n<li><span><b><u>One Piece-figuurtje<\/u><\/b>&nbsp;Een premium One Piece-figuurtje voor echte piraten.<\/span><\/li>\n<\/ul>\n<ul>\n<li>\n<b>Materie<\/b><span>&nbsp;<\/span>PVC<\/li>\n<\/ul>\n<ul>\n<li><span><strong>Dimensie<\/strong>&nbsp;: 25 cm<\/span><\/li>\n<\/ul>\n<ul>\n<li><span><strong>GRATIS BEZORGING<\/strong><\/span><\/li>\n<\/ul>","protected":false},"excerpt":{"rendered":"<p>Jonge piraat, het is tijd dat je deze One Piece Luffy Samurai Sword Fighting Wano Country-figuur in handen krijgt. Hoewel Luffy geen introductie nodig heeft, is dit wat je over hem moet weten: hij is een piraat en de hoofdpersoon van de One Piece manga en anime. Zijn droom is om [\u2026]<\/p>","protected":false},"featured_media":19221,"comment_status":"open","ping_status":"open","template":"","meta":[],"product_brand":[],"product_cat":[181,76,215,80],"product_tag":[92,217],"class_list":{"0":"post-11848","1":"product","2":"type-product","3":"status-publish","4":"has-post-thumbnail","6":"product_cat-figurines-monkey-d-luffy","7":"product_cat-figurines-one-piece","8":"product_cat-figurines-one-piece-wano-kuni","9":"product_cat-goodies-monkey-d-luffy-one-piece","10":"product_tag-luffy","11":"product_tag-wano-kuni","13":"first","14":"instock","15":"purchasable","16":"product-type-variable"},"yoast_head":"<!-- This site is optimized with the Yoast SEO plugin v27.5 - https:\/\/yoast.com\/product\/yoast-seo-wordpress\/ -->\n<title>Figurine One Piece Luffy Samoura\u00ef Combat \u00e0 l&#039;&amp;p\u00e9e Wano Kuni | Figurine One Piece \u2013 Boutique One Piece<\/title>\n<meta name=\"description\" content=\"Jeune pirate, le moment est venu pour toi de te procurer cette Figurine One Piece Luffy Samoura\u00ef Combat \u00e0 l&#039;\u00e9p\u00e9e Wano Kuni. M\u00eame si Luffy n&#039;est plus \u00e0 pr\u00e9senter, voici ce que tu dois savoir \u00e0 son sujet ; c&#039;est un pirate et le principal protagoniste du manga et anim\u00e9 One Piece. Son r\u00eave le plus cher est de devenir le Se\" \/>\n<meta name=\"robots\" content=\"index, follow, max-snippet:-1, max-image-preview:large, max-video-preview:-1\" \/>\n<link rel=\"canonical\" href=\"https:\/\/boutique-one-piece.com\/nl\/one-piece-beeldjes\/one-piece-wano-kuni-beeldjes\/beeldje-uit-een-stuk-luffy-samurai-fight-al-pee-wano-kuni\/\" \/>\n<meta property=\"og:locale\" content=\"nl_NL\" \/>\n<meta property=\"og:type\" content=\"article\" \/>\n<meta property=\"og:title\" content=\"Figurine One Piece Luffy Samoura\u00ef Combat \u00e0 l&#039;&amp;p\u00e9e Wano Kuni | Figurine One Piece \u2013 Boutique One Piece\" \/>\n<meta property=\"og:description\" content=\"Jeune pirate, le moment est venu pour toi de te procurer cette Figurine One Piece Luffy Samoura\u00ef Combat \u00e0 l&#039;\u00e9p\u00e9e Wano Kuni. M\u00eame si Luffy n&#039;est plus \u00e0 pr\u00e9senter, voici ce que tu dois savoir \u00e0 son sujet ; c&#039;est un pirate et le principal protagoniste du manga et anim\u00e9 One Piece. Son r\u00eave le plus cher est de devenir le Se\" \/>\n<meta property=\"og:url\" content=\"https:\/\/boutique-one-piece.com\/nl\/one-piece-beeldjes\/one-piece-wano-kuni-beeldjes\/beeldje-uit-een-stuk-luffy-samurai-fight-al-pee-wano-kuni\/\" \/>\n<meta property=\"og:site_name\" content=\"Boutique One Piece\" \/>\n<meta property=\"article:modified_time\" content=\"2024-10-23T21:36:03+00:00\" \/>\n<meta property=\"og:image\" content=\"https:\/\/boutique-one-piece.com\/wp-content\/uploads\/2022\/09\/Banpresto-dessin-anim-japonais-ONE-PIECE-personnage-de-Collection-THE-Monkey-D-Luffy-Wano-kuni.jpg_Q90.jpg_.jpg\" \/>\n\t<meta property=\"og:image:width\" content=\"800\" \/>\n\t<meta property=\"og:image:height\" content=\"800\" \/>\n\t<meta property=\"og:image:type\" content=\"image\/jpeg\" \/>\n<meta name=\"twitter:card\" content=\"summary_large_image\" \/>\n<meta name=\"twitter:label1\" content=\"Geschatte leestijd\" \/>\n\t<meta name=\"twitter:data1\" content=\"2 minuten\" \/>\n<script type=\"application\/ld+json\" class=\"yoast-schema-graph\">{\"@context\":\"https:\\\/\\\/schema.org\",\"@graph\":[{\"@type\":\"WebPage\",\"@id\":\"https:\\\/\\\/boutique-one-piece.com\\\/figurines-one-piece\\\/figurines-one-piece-wano-kuni\\\/figurine-one-piece-luffy-samourai-combat-a-l-pee-wano-kuni\\\/\",\"url\":\"https:\\\/\\\/boutique-one-piece.com\\\/figurines-one-piece\\\/figurines-one-piece-wano-kuni\\\/figurine-one-piece-luffy-samourai-combat-a-l-pee-wano-kuni\\\/\",\"name\":\"Figurine One Piece Luffy Samoura\u00ef Combat \u00e0 l'&p\u00e9e Wano Kuni | Figurine One Piece \u2013 Boutique One Piece\",\"isPartOf\":{\"@id\":\"https:\\\/\\\/boutique-one-piece.com\\\/#website\"},\"primaryImageOfPage\":{\"@id\":\"https:\\\/\\\/boutique-one-piece.com\\\/figurines-one-piece\\\/figurines-one-piece-wano-kuni\\\/figurine-one-piece-luffy-samourai-combat-a-l-pee-wano-kuni\\\/#primaryimage\"},\"image\":{\"@id\":\"https:\\\/\\\/boutique-one-piece.com\\\/figurines-one-piece\\\/figurines-one-piece-wano-kuni\\\/figurine-one-piece-luffy-samourai-combat-a-l-pee-wano-kuni\\\/#primaryimage\"},\"thumbnailUrl\":\"https:\\\/\\\/boutique-one-piece.com\\\/wp-content\\\/uploads\\\/2022\\\/09\\\/Banpresto-dessin-anim-japonais-ONE-PIECE-personnage-de-Collection-THE-Monkey-D-Luffy-Wano-kuni.jpg_Q90.jpg_.jpg\",\"datePublished\":\"2022-09-27T20:43:44+00:00\",\"dateModified\":\"2024-10-23T21:36:03+00:00\",\"description\":\"Jeune pirate, le moment est venu pour toi de te procurer cette Figurine One Piece Luffy Samoura\u00ef Combat \u00e0 l'\u00e9p\u00e9e Wano Kuni. M\u00eame si Luffy n'est plus \u00e0 pr\u00e9senter, voici ce que tu dois savoir \u00e0 son sujet ; c'est un pirate et le principal protagoniste du manga et anim\u00e9 One Piece. Son r\u00eave le plus cher est de devenir le Se\",\"breadcrumb\":{\"@id\":\"https:\\\/\\\/boutique-one-piece.com\\\/figurines-one-piece\\\/figurines-one-piece-wano-kuni\\\/figurine-one-piece-luffy-samourai-combat-a-l-pee-wano-kuni\\\/#breadcrumb\"},\"inLanguage\":\"nl-NL\",\"potentialAction\":[{\"@type\":\"ReadAction\",\"target\":[\"https:\\\/\\\/boutique-one-piece.com\\\/figurines-one-piece\\\/figurines-one-piece-wano-kuni\\\/figurine-one-piece-luffy-samourai-combat-a-l-pee-wano-kuni\\\/\"]}]},{\"@type\":\"ImageObject\",\"inLanguage\":\"nl-NL\",\"@id\":\"https:\\\/\\\/boutique-one-piece.com\\\/figurines-one-piece\\\/figurines-one-piece-wano-kuni\\\/figurine-one-piece-luffy-samourai-combat-a-l-pee-wano-kuni\\\/#primaryimage\",\"url\":\"https:\\\/\\\/boutique-one-piece.com\\\/wp-content\\\/uploads\\\/2022\\\/09\\\/Banpresto-dessin-anim-japonais-ONE-PIECE-personnage-de-Collection-THE-Monkey-D-Luffy-Wano-kuni.jpg_Q90.jpg_.jpg\",\"contentUrl\":\"https:\\\/\\\/boutique-one-piece.com\\\/wp-content\\\/uploads\\\/2022\\\/09\\\/Banpresto-dessin-anim-japonais-ONE-PIECE-personnage-de-Collection-THE-Monkey-D-Luffy-Wano-kuni.jpg_Q90.jpg_.jpg\",\"width\":800,\"height\":800},{\"@type\":\"BreadcrumbList\",\"@id\":\"https:\\\/\\\/boutique-one-piece.com\\\/figurines-one-piece\\\/figurines-one-piece-wano-kuni\\\/figurine-one-piece-luffy-samourai-combat-a-l-pee-wano-kuni\\\/#breadcrumb\",\"itemListElement\":[{\"@type\":\"ListItem\",\"position\":1,\"name\":\"Home\",\"item\":\"https:\\\/\\\/boutique-one-piece.com\\\/\"},{\"@type\":\"ListItem\",\"position\":2,\"name\":\"Shop\",\"item\":\"https:\\\/\\\/boutique-one-piece.com\\\/shop\\\/\"},{\"@type\":\"ListItem\",\"position\":3,\"name\":\"Figurine One Piece Luffy Samoura\u00ef Combat \u00e0 l&#8217;\u00c9p\u00e9e Wano Kuni\"}]},{\"@type\":\"WebSite\",\"@id\":\"https:\\\/\\\/boutique-one-piece.com\\\/#website\",\"url\":\"https:\\\/\\\/boutique-one-piece.com\\\/\",\"name\":\"Boutique One Piece\",\"description\":\"Magasin Sp\u00e9cialis\u00e9 du Manga et l&#039;Anime One Piece\",\"publisher\":{\"@id\":\"https:\\\/\\\/boutique-one-piece.com\\\/#organization\"},\"potentialAction\":[{\"@type\":\"SearchAction\",\"target\":{\"@type\":\"EntryPoint\",\"urlTemplate\":\"https:\\\/\\\/boutique-one-piece.com\\\/?s={search_term_string}\"},\"query-input\":{\"@type\":\"PropertyValueSpecification\",\"valueRequired\":true,\"valueName\":\"search_term_string\"}}],\"inLanguage\":\"nl-NL\"},{\"@type\":\"Organization\",\"@id\":\"https:\\\/\\\/boutique-one-piece.com\\\/#organization\",\"name\":\"Boutique One Piece\",\"url\":\"https:\\\/\\\/boutique-one-piece.com\\\/\",\"logo\":{\"@type\":\"ImageObject\",\"inLanguage\":\"nl-NL\",\"@id\":\"https:\\\/\\\/boutique-one-piece.com\\\/#\\\/schema\\\/logo\\\/image\\\/\",\"url\":\"https:\\\/\\\/boutique-one-piece.com\\\/wp-content\\\/uploads\\\/2022\\\/09\\\/Logo-01.png\",\"contentUrl\":\"https:\\\/\\\/boutique-one-piece.com\\\/wp-content\\\/uploads\\\/2022\\\/09\\\/Logo-01.png\",\"width\":2318,\"height\":957,\"caption\":\"Boutique One Piece\"},\"image\":{\"@id\":\"https:\\\/\\\/boutique-one-piece.com\\\/#\\\/schema\\\/logo\\\/image\\\/\"}}]}<\/script>\n<!-- \/ Yoast SEO plugin. -->","yoast_head_json":{"title":"One Piece Luffy Samurai Zwaardvechtend Wano Kuni Figuur | One Piece Figuur \u2013 One Piece Winkel","description":"Jonge piraat, het is tijd dat je deze One Piece Luffy Samurai Sword Fighting Wano Country-figuur in handen krijgt. Hoewel Luffy geen introductie nodig heeft, is dit wat je over hem moet weten: hij is een piraat en de hoofdpersoon van de One Piece manga en anime. Zijn grootste droom is om de Se te worden.","robots":{"index":"index","follow":"follow","max-snippet":"max-snippet:-1","max-image-preview":"max-image-preview:large","max-video-preview":"max-video-preview:-1"},"canonical":"https:\/\/boutique-one-piece.com\/nl\/one-piece-beeldjes\/one-piece-wano-kuni-beeldjes\/beeldje-uit-een-stuk-luffy-samurai-fight-al-pee-wano-kuni\/","og_locale":"nl_NL","og_type":"article","og_title":"Figurine One Piece Luffy Samoura\u00ef Combat \u00e0 l'&p\u00e9e Wano Kuni | Figurine One Piece \u2013 Boutique One Piece","og_description":"Jeune pirate, le moment est venu pour toi de te procurer cette Figurine One Piece Luffy Samoura\u00ef Combat \u00e0 l'\u00e9p\u00e9e Wano Kuni. M\u00eame si Luffy n'est plus \u00e0 pr\u00e9senter, voici ce que tu dois savoir \u00e0 son sujet ; c'est un pirate et le principal protagoniste du manga et anim\u00e9 One Piece. Son r\u00eave le plus cher est de devenir le Se","og_url":"https:\/\/boutique-one-piece.com\/nl\/one-piece-beeldjes\/one-piece-wano-kuni-beeldjes\/beeldje-uit-een-stuk-luffy-samurai-fight-al-pee-wano-kuni\/","og_site_name":"Boutique One Piece","article_modified_time":"2024-10-23T21:36:03+00:00","og_image":[{"width":800,"height":800,"url":"https:\/\/boutique-one-piece.com\/wp-content\/uploads\/2022\/09\/Banpresto-dessin-anim-japonais-ONE-PIECE-personnage-de-Collection-THE-Monkey-D-Luffy-Wano-kuni.jpg_Q90.jpg_.jpg","type":"image\/jpeg"}],"twitter_card":"summary_large_image","twitter_misc":{"Geschatte leestijd":"2 minuten"},"schema":{"@context":"https:\/\/schema.org","@graph":[{"@type":"WebPage","@id":"https:\/\/boutique-one-piece.com\/figurines-one-piece\/figurines-one-piece-wano-kuni\/figurine-one-piece-luffy-samourai-combat-a-l-pee-wano-kuni\/","url":"https:\/\/boutique-one-piece.com\/figurines-one-piece\/figurines-one-piece-wano-kuni\/figurine-one-piece-luffy-samourai-combat-a-l-pee-wano-kuni\/","name":"One Piece Luffy Samurai Zwaardvechtend Wano Kuni Figuur | One Piece Figuur \u2013 One Piece Winkel","isPartOf":{"@id":"https:\/\/boutique-one-piece.com\/#website"},"primaryImageOfPage":{"@id":"https:\/\/boutique-one-piece.com\/figurines-one-piece\/figurines-one-piece-wano-kuni\/figurine-one-piece-luffy-samourai-combat-a-l-pee-wano-kuni\/#primaryimage"},"image":{"@id":"https:\/\/boutique-one-piece.com\/figurines-one-piece\/figurines-one-piece-wano-kuni\/figurine-one-piece-luffy-samourai-combat-a-l-pee-wano-kuni\/#primaryimage"},"thumbnailUrl":"https:\/\/boutique-one-piece.com\/wp-content\/uploads\/2022\/09\/Banpresto-dessin-anim-japonais-ONE-PIECE-personnage-de-Collection-THE-Monkey-D-Luffy-Wano-kuni.jpg_Q90.jpg_.jpg","datePublished":"2022-09-27T20:43:44+00:00","dateModified":"2024-10-23T21:36:03+00:00","description":"Jonge piraat, het is tijd dat je deze One Piece Luffy Samurai Sword Fighting Wano Country-figuur in handen krijgt. Hoewel Luffy geen introductie nodig heeft, is dit wat je over hem moet weten: hij is een piraat en de hoofdpersoon van de One Piece manga en anime. Zijn grootste droom is om de Se te worden.","breadcrumb":{"@id":"https:\/\/boutique-one-piece.com\/figurines-one-piece\/figurines-one-piece-wano-kuni\/figurine-one-piece-luffy-samourai-combat-a-l-pee-wano-kuni\/#breadcrumb"},"inLanguage":"nl-NL","potentialAction":[{"@type":"ReadAction","target":["https:\/\/boutique-one-piece.com\/figurines-one-piece\/figurines-one-piece-wano-kuni\/figurine-one-piece-luffy-samourai-combat-a-l-pee-wano-kuni\/"]}]},{"@type":"ImageObject","inLanguage":"nl-NL","@id":"https:\/\/boutique-one-piece.com\/figurines-one-piece\/figurines-one-piece-wano-kuni\/figurine-one-piece-luffy-samourai-combat-a-l-pee-wano-kuni\/#primaryimage","url":"https:\/\/boutique-one-piece.com\/wp-content\/uploads\/2022\/09\/Banpresto-dessin-anim-japonais-ONE-PIECE-personnage-de-Collection-THE-Monkey-D-Luffy-Wano-kuni.jpg_Q90.jpg_.jpg","contentUrl":"https:\/\/boutique-one-piece.com\/wp-content\/uploads\/2022\/09\/Banpresto-dessin-anim-japonais-ONE-PIECE-personnage-de-Collection-THE-Monkey-D-Luffy-Wano-kuni.jpg_Q90.jpg_.jpg","width":800,"height":800},{"@type":"BreadcrumbList","@id":"https:\/\/boutique-one-piece.com\/figurines-one-piece\/figurines-one-piece-wano-kuni\/figurine-one-piece-luffy-samourai-combat-a-l-pee-wano-kuni\/#breadcrumb","itemListElement":[{"@type":"ListItem","position":1,"name":"Home","item":"https:\/\/boutique-one-piece.com\/"},{"@type":"ListItem","position":2,"name":"Shop","item":"https:\/\/boutique-one-piece.com\/shop\/"},{"@type":"ListItem","position":3,"name":"Figurine One Piece Luffy Samoura\u00ef Combat \u00e0 l&#8217;\u00c9p\u00e9e Wano Kuni"}]},{"@type":"WebSite","@id":"https:\/\/boutique-one-piece.com\/#website","url":"https:\/\/boutique-one-piece.com\/","name":"One Piece Shop","description":"Gespecialiseerde winkel voor One Piece manga en anime.","publisher":{"@id":"https:\/\/boutique-one-piece.com\/#organization"},"potentialAction":[{"@type":"SearchAction","target":{"@type":"EntryPoint","urlTemplate":"https:\/\/boutique-one-piece.com\/?s={search_term_string}"},"query-input":{"@type":"PropertyValueSpecification","valueRequired":true,"valueName":"search_term_string"}}],"inLanguage":"nl-NL"},{"@type":"Organization","@id":"https:\/\/boutique-one-piece.com\/#organization","name":"One Piece Shop","url":"https:\/\/boutique-one-piece.com\/","logo":{"@type":"ImageObject","inLanguage":"nl-NL","@id":"https:\/\/boutique-one-piece.com\/#\/schema\/logo\/image\/","url":"https:\/\/boutique-one-piece.com\/wp-content\/uploads\/2022\/09\/Logo-01.png","contentUrl":"https:\/\/boutique-one-piece.com\/wp-content\/uploads\/2022\/09\/Logo-01.png","width":2318,"height":957,"caption":"Boutique One Piece"},"image":{"@id":"https:\/\/boutique-one-piece.com\/#\/schema\/logo\/image\/"}}]}},"_links":{"self":[{"href":"https:\/\/boutique-one-piece.com\/nl\/wp-json\/wp\/v2\/product\/11848","targetHints":{"allow":["GET"]}}],"collection":[{"href":"https:\/\/boutique-one-piece.com\/nl\/wp-json\/wp\/v2\/product"}],"about":[{"href":"https:\/\/boutique-one-piece.com\/nl\/wp-json\/wp\/v2\/types\/product"}],"replies":[{"embeddable":true,"href":"https:\/\/boutique-one-piece.com\/nl\/wp-json\/wp\/v2\/comments?post=11848"}],"wp:featuredmedia":[{"embeddable":true,"href":"https:\/\/boutique-one-piece.com\/nl\/wp-json\/wp\/v2\/media\/19221"}],"wp:attachment":[{"href":"https:\/\/boutique-one-piece.com\/nl\/wp-json\/wp\/v2\/media?parent=11848"}],"wp:term":[{"taxonomy":"product_brand","embeddable":true,"href":"https:\/\/boutique-one-piece.com\/nl\/wp-json\/wp\/v2\/product_brand?post=11848"},{"taxonomy":"product_cat","embeddable":true,"href":"https:\/\/boutique-one-piece.com\/nl\/wp-json\/wp\/v2\/product_cat?post=11848"},{"taxonomy":"product_tag","embeddable":true,"href":"https:\/\/boutique-one-piece.com\/nl\/wp-json\/wp\/v2\/product_tag?post=11848"}],"curies":[{"name":"wp","href":"https:\/\/api.w.org\/{rel}","templated":true}]}}