{"id":12067,"date":"2022-09-27T20:53:18","date_gmt":"2022-09-27T20:53:18","guid":{"rendered":"https:\/\/boutique-one-piece.com\/uncategorized\/figurine-one-piece-ace-enflamme\/"},"modified":"2024-09-16T12:46:19","modified_gmt":"2024-09-16T12:46:19","slug":"one-piece-ace-ignite-figuurtje","status":"publish","type":"product","link":"https:\/\/boutique-one-piece.com\/nl\/one-piece-beeldjes\/portgas-dace-beeldjes\/one-piece-ace-ignite-figuurtje\/","title":{"rendered":"One Piece Ace ontsteekt figuur"},"content":{"rendered":"<h2>Jonge piraat, het is tijd dat je dit One Piece Flaming Ace-beeldje bemachtigt.<\/h2>\n<p>Ter herinnering, <strong>De Mera Mera no Mi<\/strong>, De Vuurvrucht is een Logia-type Duivelsvrucht waarmee de gebruiker naar believen vuur kan cre\u00ebren, beheersen en erin kan veranderen, waardoor de gebruiker een Vuurman wordt. Deze vrucht werd gegeten door <strong>Portgas D. Ace<\/strong> vervolgens, na het overlijden van laatstgenoemde, door <strong>Sabo<\/strong>. Bovendien, als u uw verzameling beeldjes wilt uitbreiden, dan <a title=\"ONE PIECE SABO MERA MERA NO MI FIGUUR\" href=\"https:\/\/boutique-one-piece.com\/nl\/one-piece-sabo-mera-mera-no-mi-figuurtje\/\" target=\"_blank\" rel=\"noopener\">Sabo-figuurtje<\/a> Dankzij de actie is Mera Mera no Mi nu binnen handbereik.<\/p>\n<p>Terug naar Ace: je weet waarschijnlijk wel dat hij ook bekend staat als &quot;Fire Fist Ace&quot;. Hij is ook de gezworen broer van Monkey D. Luffy en Sabo. Hij is de enige zoon van de overleden piratenkoning Gol D. Roger en zijn vrouw Portgas D. Rouge. Hij werd bij zijn geboorte geadopteerd door Monkey D. Garp op verzoek van Gol D. Roger en vervolgens, net als Luffy, opgevoed door de familie Dadan. Uiteindelijk stierf Ace na een gevecht met Akainu, die hem met Armament Haki raakte.<\/p>\n<h3>Voelt u zich aangetrokken tot de vurige figuur van Ace? Aarzel dan niet en grijp de kans om deel uit te maken van deze spirituele broederschap.<\/h3>\n<p>Of je nu al jarenlang fan bent of een serieuze verzamelaar, je hoeft niet langer te zoeken., <strong>deze mythische objecten<\/strong> zal je One Piece-universum uitbreiden. Jonge piraat, neem je lot in eigen handen en ga op avontuur! <strong>Duizend Zonnige<\/strong>. De bemanning wacht op je! Op naar de schat van de One Piece.<\/p>\n<h2>Informatie over het Ace Flame-beeldje\u00a0<\/h2>\n<ul>\n<li><span><b><u>One Piece-figuurtje<\/u><\/b>\u00a0Een premium One Piece-figuurtje voor echte piraten.<\/span><\/li>\n<\/ul>\n<ul>\n<li>\n<b>Materie<\/b><span>\u00a0<\/span>PVC<\/li>\n<\/ul>\n<ul>\n<li><span><strong>Dimensie<\/strong>\u00a0: 13 cm<\/span><\/li>\n<\/ul>\n<ul>\n<li><span><strong>GRATIS BEZORGING<\/strong><\/span><\/li>\n<\/ul>","protected":false},"excerpt":{"rendered":"<p>Jonge piraat, het is tijd dat je dit One Piece Flame Ace-figuurtje in handen krijgt. Ter herinnering: de Mera Mera no Mi is een Logia-type Duivelsvrucht waarmee de gebruiker naar believen vuur kan cre\u00ebren, beheersen en erin kan veranderen, waardoor hij een Vuurman wordt. Deze vrucht [\u2026]<\/p>","protected":false},"featured_media":12069,"comment_status":"open","ping_status":"open","template":"","meta":[],"product_brand":[],"product_cat":[76,179],"product_tag":[176],"class_list":{"0":"post-12067","1":"product","2":"type-product","3":"status-publish","4":"has-post-thumbnail","6":"product_cat-figurines-one-piece","7":"product_cat-figurines-portgas-d-ace","8":"product_tag-ace","10":"first","11":"instock","12":"purchasable","13":"product-type-simple"},"yoast_head":"<!-- This site is optimized with the Yoast SEO plugin v27.5 - https:\/\/yoast.com\/product\/yoast-seo-wordpress\/ -->\n<title>Figurine One Piece Ace Enflamme | Figurine One Piece \u2013 Boutique One Piece<\/title>\n<meta name=\"description\" content=\"Jeune pirate, le moment est venu pour toi de te procurer cette Figurine One Piece Ace Enflamme. Pour rappel, Le Mera Mera no Mi, est un Fruit du D\u00e9mon de type Logia qui permet \u00e0 son utilisateur de cr\u00e9er, contr\u00f4ler et de se transformer en feu \u00e0 volont\u00e9, changeant l&#039;utilisateur en un Homme-Feu. Ce fruit fut mang\u00e9 par Por\" \/>\n<meta name=\"robots\" content=\"index, follow, max-snippet:-1, max-image-preview:large, max-video-preview:-1\" \/>\n<link rel=\"canonical\" href=\"https:\/\/boutique-one-piece.com\/nl\/one-piece-beeldjes\/portgas-dace-beeldjes\/one-piece-ace-ignite-figuurtje\/\" \/>\n<meta property=\"og:locale\" content=\"nl_NL\" \/>\n<meta property=\"og:type\" content=\"article\" \/>\n<meta property=\"og:title\" content=\"Figurine One Piece Ace Enflamme | Figurine One Piece \u2013 Boutique One Piece\" \/>\n<meta property=\"og:description\" content=\"Jeune pirate, le moment est venu pour toi de te procurer cette Figurine One Piece Ace Enflamme. Pour rappel, Le Mera Mera no Mi, est un Fruit du D\u00e9mon de type Logia qui permet \u00e0 son utilisateur de cr\u00e9er, contr\u00f4ler et de se transformer en feu \u00e0 volont\u00e9, changeant l&#039;utilisateur en un Homme-Feu. Ce fruit fut mang\u00e9 par Por\" \/>\n<meta property=\"og:url\" content=\"https:\/\/boutique-one-piece.com\/nl\/one-piece-beeldjes\/portgas-dace-beeldjes\/one-piece-ace-ignite-figuurtje\/\" \/>\n<meta property=\"og:site_name\" content=\"Boutique One Piece\" \/>\n<meta property=\"article:modified_time\" content=\"2024-09-16T12:46:19+00:00\" \/>\n<meta property=\"og:image\" content=\"https:\/\/boutique-one-piece.com\/wp-content\/uploads\/2022\/09\/Figurine-One-Piece-Ace-Enflamme-1.jpg\" \/>\n\t<meta property=\"og:image:width\" content=\"1000\" \/>\n\t<meta property=\"og:image:height\" content=\"1000\" \/>\n\t<meta property=\"og:image:type\" content=\"image\/jpeg\" \/>\n<meta name=\"twitter:card\" content=\"summary_large_image\" \/>\n<meta name=\"twitter:label1\" content=\"Geschatte leestijd\" \/>\n\t<meta name=\"twitter:data1\" content=\"2 minuten\" \/>\n<script type=\"application\/ld+json\" class=\"yoast-schema-graph\">{\"@context\":\"https:\\\/\\\/schema.org\",\"@graph\":[{\"@type\":\"WebPage\",\"@id\":\"https:\\\/\\\/boutique-one-piece.com\\\/figurines-one-piece\\\/figurines-portgas-d-ace\\\/figurine-one-piece-ace-enflamme\\\/\",\"url\":\"https:\\\/\\\/boutique-one-piece.com\\\/figurines-one-piece\\\/figurines-portgas-d-ace\\\/figurine-one-piece-ace-enflamme\\\/\",\"name\":\"Figurine One Piece Ace Enflamme | Figurine One Piece \u2013 Boutique One Piece\",\"isPartOf\":{\"@id\":\"https:\\\/\\\/boutique-one-piece.com\\\/#website\"},\"primaryImageOfPage\":{\"@id\":\"https:\\\/\\\/boutique-one-piece.com\\\/figurines-one-piece\\\/figurines-portgas-d-ace\\\/figurine-one-piece-ace-enflamme\\\/#primaryimage\"},\"image\":{\"@id\":\"https:\\\/\\\/boutique-one-piece.com\\\/figurines-one-piece\\\/figurines-portgas-d-ace\\\/figurine-one-piece-ace-enflamme\\\/#primaryimage\"},\"thumbnailUrl\":\"https:\\\/\\\/boutique-one-piece.com\\\/wp-content\\\/uploads\\\/2022\\\/09\\\/Figurine-One-Piece-Ace-Enflamme-1.jpg\",\"datePublished\":\"2022-09-27T20:53:18+00:00\",\"dateModified\":\"2024-09-16T12:46:19+00:00\",\"description\":\"Jeune pirate, le moment est venu pour toi de te procurer cette Figurine One Piece Ace Enflamme. Pour rappel, Le Mera Mera no Mi, est un Fruit du D\u00e9mon de type Logia qui permet \u00e0 son utilisateur de cr\u00e9er, contr\u00f4ler et de se transformer en feu \u00e0 volont\u00e9, changeant l'utilisateur en un Homme-Feu. Ce fruit fut mang\u00e9 par Por\",\"breadcrumb\":{\"@id\":\"https:\\\/\\\/boutique-one-piece.com\\\/figurines-one-piece\\\/figurines-portgas-d-ace\\\/figurine-one-piece-ace-enflamme\\\/#breadcrumb\"},\"inLanguage\":\"nl-NL\",\"potentialAction\":[{\"@type\":\"ReadAction\",\"target\":[\"https:\\\/\\\/boutique-one-piece.com\\\/figurines-one-piece\\\/figurines-portgas-d-ace\\\/figurine-one-piece-ace-enflamme\\\/\"]}]},{\"@type\":\"ImageObject\",\"inLanguage\":\"nl-NL\",\"@id\":\"https:\\\/\\\/boutique-one-piece.com\\\/figurines-one-piece\\\/figurines-portgas-d-ace\\\/figurine-one-piece-ace-enflamme\\\/#primaryimage\",\"url\":\"https:\\\/\\\/boutique-one-piece.com\\\/wp-content\\\/uploads\\\/2022\\\/09\\\/Figurine-One-Piece-Ace-Enflamme-1.jpg\",\"contentUrl\":\"https:\\\/\\\/boutique-one-piece.com\\\/wp-content\\\/uploads\\\/2022\\\/09\\\/Figurine-One-Piece-Ace-Enflamme-1.jpg\",\"width\":1000,\"height\":1000},{\"@type\":\"BreadcrumbList\",\"@id\":\"https:\\\/\\\/boutique-one-piece.com\\\/figurines-one-piece\\\/figurines-portgas-d-ace\\\/figurine-one-piece-ace-enflamme\\\/#breadcrumb\",\"itemListElement\":[{\"@type\":\"ListItem\",\"position\":1,\"name\":\"Home\",\"item\":\"https:\\\/\\\/boutique-one-piece.com\\\/\"},{\"@type\":\"ListItem\",\"position\":2,\"name\":\"Shop\",\"item\":\"https:\\\/\\\/boutique-one-piece.com\\\/shop\\\/\"},{\"@type\":\"ListItem\",\"position\":3,\"name\":\"Figurine One Piece Ace Enflamme\"}]},{\"@type\":\"WebSite\",\"@id\":\"https:\\\/\\\/boutique-one-piece.com\\\/#website\",\"url\":\"https:\\\/\\\/boutique-one-piece.com\\\/\",\"name\":\"Boutique One Piece\",\"description\":\"Magasin Sp\u00e9cialis\u00e9 du Manga et l&#039;Anime One Piece\",\"publisher\":{\"@id\":\"https:\\\/\\\/boutique-one-piece.com\\\/#organization\"},\"potentialAction\":[{\"@type\":\"SearchAction\",\"target\":{\"@type\":\"EntryPoint\",\"urlTemplate\":\"https:\\\/\\\/boutique-one-piece.com\\\/?s={search_term_string}\"},\"query-input\":{\"@type\":\"PropertyValueSpecification\",\"valueRequired\":true,\"valueName\":\"search_term_string\"}}],\"inLanguage\":\"nl-NL\"},{\"@type\":\"Organization\",\"@id\":\"https:\\\/\\\/boutique-one-piece.com\\\/#organization\",\"name\":\"Boutique One Piece\",\"url\":\"https:\\\/\\\/boutique-one-piece.com\\\/\",\"logo\":{\"@type\":\"ImageObject\",\"inLanguage\":\"nl-NL\",\"@id\":\"https:\\\/\\\/boutique-one-piece.com\\\/#\\\/schema\\\/logo\\\/image\\\/\",\"url\":\"https:\\\/\\\/boutique-one-piece.com\\\/wp-content\\\/uploads\\\/2022\\\/09\\\/Logo-01.png\",\"contentUrl\":\"https:\\\/\\\/boutique-one-piece.com\\\/wp-content\\\/uploads\\\/2022\\\/09\\\/Logo-01.png\",\"width\":2318,\"height\":957,\"caption\":\"Boutique One Piece\"},\"image\":{\"@id\":\"https:\\\/\\\/boutique-one-piece.com\\\/#\\\/schema\\\/logo\\\/image\\\/\"}}]}<\/script>\n<!-- \/ Yoast SEO plugin. -->","yoast_head_json":{"title":"One Piece Ace Ignite-figuur | One Piece-figuur \u2013 One Piece Shop","description":"Jonge piraat, het is tijd dat je dit One Piece Flame Ace-figuurtje in handen krijgt. Ter herinnering: de Mera Mera no Mi is een Logia-type Duivelsvrucht waarmee de gebruiker naar believen vuur kan cre\u00ebren, beheersen en erin kan veranderen, waardoor hij een Vuurman wordt. Deze vrucht werd gegeten door Porlyon.","robots":{"index":"index","follow":"follow","max-snippet":"max-snippet:-1","max-image-preview":"max-image-preview:large","max-video-preview":"max-video-preview:-1"},"canonical":"https:\/\/boutique-one-piece.com\/nl\/one-piece-beeldjes\/portgas-dace-beeldjes\/one-piece-ace-ignite-figuurtje\/","og_locale":"nl_NL","og_type":"article","og_title":"Figurine One Piece Ace Enflamme | Figurine One Piece \u2013 Boutique One Piece","og_description":"Jeune pirate, le moment est venu pour toi de te procurer cette Figurine One Piece Ace Enflamme. Pour rappel, Le Mera Mera no Mi, est un Fruit du D\u00e9mon de type Logia qui permet \u00e0 son utilisateur de cr\u00e9er, contr\u00f4ler et de se transformer en feu \u00e0 volont\u00e9, changeant l'utilisateur en un Homme-Feu. Ce fruit fut mang\u00e9 par Por","og_url":"https:\/\/boutique-one-piece.com\/nl\/one-piece-beeldjes\/portgas-dace-beeldjes\/one-piece-ace-ignite-figuurtje\/","og_site_name":"Boutique One Piece","article_modified_time":"2024-09-16T12:46:19+00:00","og_image":[{"width":1000,"height":1000,"url":"https:\/\/boutique-one-piece.com\/wp-content\/uploads\/2022\/09\/Figurine-One-Piece-Ace-Enflamme-1.jpg","type":"image\/jpeg"}],"twitter_card":"summary_large_image","twitter_misc":{"Geschatte leestijd":"2 minuten"},"schema":{"@context":"https:\/\/schema.org","@graph":[{"@type":"WebPage","@id":"https:\/\/boutique-one-piece.com\/figurines-one-piece\/figurines-portgas-d-ace\/figurine-one-piece-ace-enflamme\/","url":"https:\/\/boutique-one-piece.com\/figurines-one-piece\/figurines-portgas-d-ace\/figurine-one-piece-ace-enflamme\/","name":"One Piece Ace Ignite-figuur | One Piece-figuur \u2013 One Piece Shop","isPartOf":{"@id":"https:\/\/boutique-one-piece.com\/#website"},"primaryImageOfPage":{"@id":"https:\/\/boutique-one-piece.com\/figurines-one-piece\/figurines-portgas-d-ace\/figurine-one-piece-ace-enflamme\/#primaryimage"},"image":{"@id":"https:\/\/boutique-one-piece.com\/figurines-one-piece\/figurines-portgas-d-ace\/figurine-one-piece-ace-enflamme\/#primaryimage"},"thumbnailUrl":"https:\/\/boutique-one-piece.com\/wp-content\/uploads\/2022\/09\/Figurine-One-Piece-Ace-Enflamme-1.jpg","datePublished":"2022-09-27T20:53:18+00:00","dateModified":"2024-09-16T12:46:19+00:00","description":"Jonge piraat, het is tijd dat je dit One Piece Flame Ace-figuurtje in handen krijgt. Ter herinnering: de Mera Mera no Mi is een Logia-type Duivelsvrucht waarmee de gebruiker naar believen vuur kan cre\u00ebren, beheersen en erin kan veranderen, waardoor hij een Vuurman wordt. Deze vrucht werd gegeten door Porlyon.","breadcrumb":{"@id":"https:\/\/boutique-one-piece.com\/figurines-one-piece\/figurines-portgas-d-ace\/figurine-one-piece-ace-enflamme\/#breadcrumb"},"inLanguage":"nl-NL","potentialAction":[{"@type":"ReadAction","target":["https:\/\/boutique-one-piece.com\/figurines-one-piece\/figurines-portgas-d-ace\/figurine-one-piece-ace-enflamme\/"]}]},{"@type":"ImageObject","inLanguage":"nl-NL","@id":"https:\/\/boutique-one-piece.com\/figurines-one-piece\/figurines-portgas-d-ace\/figurine-one-piece-ace-enflamme\/#primaryimage","url":"https:\/\/boutique-one-piece.com\/wp-content\/uploads\/2022\/09\/Figurine-One-Piece-Ace-Enflamme-1.jpg","contentUrl":"https:\/\/boutique-one-piece.com\/wp-content\/uploads\/2022\/09\/Figurine-One-Piece-Ace-Enflamme-1.jpg","width":1000,"height":1000},{"@type":"BreadcrumbList","@id":"https:\/\/boutique-one-piece.com\/figurines-one-piece\/figurines-portgas-d-ace\/figurine-one-piece-ace-enflamme\/#breadcrumb","itemListElement":[{"@type":"ListItem","position":1,"name":"Home","item":"https:\/\/boutique-one-piece.com\/"},{"@type":"ListItem","position":2,"name":"Shop","item":"https:\/\/boutique-one-piece.com\/shop\/"},{"@type":"ListItem","position":3,"name":"Figurine One Piece Ace Enflamme"}]},{"@type":"WebSite","@id":"https:\/\/boutique-one-piece.com\/#website","url":"https:\/\/boutique-one-piece.com\/","name":"One Piece Shop","description":"Gespecialiseerde winkel voor One Piece manga en anime.","publisher":{"@id":"https:\/\/boutique-one-piece.com\/#organization"},"potentialAction":[{"@type":"SearchAction","target":{"@type":"EntryPoint","urlTemplate":"https:\/\/boutique-one-piece.com\/?s={search_term_string}"},"query-input":{"@type":"PropertyValueSpecification","valueRequired":true,"valueName":"search_term_string"}}],"inLanguage":"nl-NL"},{"@type":"Organization","@id":"https:\/\/boutique-one-piece.com\/#organization","name":"One Piece Shop","url":"https:\/\/boutique-one-piece.com\/","logo":{"@type":"ImageObject","inLanguage":"nl-NL","@id":"https:\/\/boutique-one-piece.com\/#\/schema\/logo\/image\/","url":"https:\/\/boutique-one-piece.com\/wp-content\/uploads\/2022\/09\/Logo-01.png","contentUrl":"https:\/\/boutique-one-piece.com\/wp-content\/uploads\/2022\/09\/Logo-01.png","width":2318,"height":957,"caption":"Boutique One Piece"},"image":{"@id":"https:\/\/boutique-one-piece.com\/#\/schema\/logo\/image\/"}}]}},"_links":{"self":[{"href":"https:\/\/boutique-one-piece.com\/nl\/wp-json\/wp\/v2\/product\/12067","targetHints":{"allow":["GET"]}}],"collection":[{"href":"https:\/\/boutique-one-piece.com\/nl\/wp-json\/wp\/v2\/product"}],"about":[{"href":"https:\/\/boutique-one-piece.com\/nl\/wp-json\/wp\/v2\/types\/product"}],"replies":[{"embeddable":true,"href":"https:\/\/boutique-one-piece.com\/nl\/wp-json\/wp\/v2\/comments?post=12067"}],"wp:featuredmedia":[{"embeddable":true,"href":"https:\/\/boutique-one-piece.com\/nl\/wp-json\/wp\/v2\/media\/12069"}],"wp:attachment":[{"href":"https:\/\/boutique-one-piece.com\/nl\/wp-json\/wp\/v2\/media?parent=12067"}],"wp:term":[{"taxonomy":"product_brand","embeddable":true,"href":"https:\/\/boutique-one-piece.com\/nl\/wp-json\/wp\/v2\/product_brand?post=12067"},{"taxonomy":"product_cat","embeddable":true,"href":"https:\/\/boutique-one-piece.com\/nl\/wp-json\/wp\/v2\/product_cat?post=12067"},{"taxonomy":"product_tag","embeddable":true,"href":"https:\/\/boutique-one-piece.com\/nl\/wp-json\/wp\/v2\/product_tag?post=12067"}],"curies":[{"name":"wp","href":"https:\/\/api.w.org\/{rel}","templated":true}]}}