{"id":12088,"date":"2022-09-27T20:53:33","date_gmt":"2022-09-27T20:53:33","guid":{"rendered":"https:\/\/boutique-one-piece.com\/uncategorized\/one-piece-portgas-d-ace-ailes-de-flammes\/"},"modified":"2024-09-16T12:46:46","modified_gmt":"2024-09-16T12:46:46","slug":"one-piece-portgas-d-ace-vlammenvleugels","status":"publish","type":"product","link":"https:\/\/boutique-one-piece.com\/nl\/one-piece-beeldjes\/portgas-dace-beeldjes\/one-piece-portgas-d-ace-vlammenvleugels\/","title":{"rendered":"One Piece-figuur Portgas D Ace Vleugels van Vlammen"},"content":{"rendered":"<h2>Jonge piraat, bemachtig nu dit One Piece Portgas D Ace Flame Wings-beeldje.<\/h2>\n<p>Dit is wat je moet weten over Ace; Ace heeft de <strong>Mera Mera no Mi<\/strong>, een Duivelsvrucht van het type <strong>Logia<\/strong>, waardoor hij pyrogene krachten kreeg, vandaar zijn bijnaam &quot;Fire Fist Ace&quot;. Ace demonstreerde zijn immense kracht ook door met \u00e9\u00e9n klap meerdere schepen van Baroque Works te vernietigen. Om de een of andere reden lijkt Ace zich niet al te veel zorgen te maken over zijn onvermogen om te zwemmen, zoals blijkt uit het risico dat hij nam om in het water te belanden toen hij de schepen van Baroque Works vernietigde.<\/p>\n<p>Hij beheerst zijn Duivelsvrucht uitstekend; zijn vaartuig genaamd Striker is daar het bewijs van. Het is een kruising tussen een roeiboot en een windsurfplank, aangedreven door een motor aan de achterkant, die Ace aandrijft met zijn<strong> vlammen<\/strong>. Het feit dat het uit vuur bestond, bood echter geen bescherming tegen <strong>Akainu&#039;s kracht<\/strong>. Na zijn dood werd onthuld dat Ace&#039;s &quot;Vuurvuisten&quot; de kracht hadden om steden tot as te reduceren. Bovendien bleek dat de <a title=\"ONE PIECE ACE-FIGUUR - VLAMMEN IN VUISTJES\" href=\"https:\/\/boutique-one-piece.com\/nl\/one-piece-ace-figuurtje-met-vlammende-vuisten\/\" target=\"_blank\" rel=\"noopener\">Ace-figuurtje met vlammende vuisten<\/a> ligt binnen handbereik.<\/p>\n<h3>Ben je helemaal overtuigd van Ace? Zo ja, sluit je dan aan bij de broederschap van Ace, Sabo en Luffy. Je zult er geen spijt van krijgen!<\/h3>\n<p>Of je nu al jarenlang fan bent of een serieuze verzamelaar, <strong>deze objecten<\/strong> zijn speciaal voor jou gemaakt. Grijp je kans om uit te breiden. <strong>jouw One Piece-universum<\/strong>. Er wachten je vele avonturen, jonge piraat!<\/p>\n<h2>Informatie over het Portgas D. Ace Flame Wings-beeldje.\u00a0<\/h2>\n<ul>\n<li><span><b><u>One Piece-figuurtje<\/u><\/b>\u00a0Een premium One Piece-figuurtje voor echte piraten.<\/span><\/li>\n<\/ul>\n<ul>\n<li>\n<b>Materie<\/b><span>\u00a0<\/span>PVC<\/li>\n<\/ul>\n<ul>\n<li><span><strong>Dimensie<\/strong>\u00a0: 28 cm<\/span><\/li>\n<\/ul>\n<ul>\n<li><span><strong>GRATIS BEZORGING<\/strong><\/span><\/li>\n<\/ul>","protected":false},"excerpt":{"rendered":"<p>Jeune pirate, procure-toi d\u00e8s maintenant cette Figurine One Piece Portgas D Ace Ailes De Flammes. Voici ce que tu dois savoir au sujet de Ace ; Ace a mang\u00e9 le Mera Mera no Mi, un Fruit du D\u00e9mon de type Logia, lui donnant des pouvoirs pyrog\u00e8nes, d&rsquo;o\u00f9 son surnom d&rsquo;Ace aux Poings Ardents\u00a0\u00bb. Ace a [&hellip;]<\/p>","protected":false},"featured_media":12090,"comment_status":"open","ping_status":"open","template":"","meta":[],"product_brand":[],"product_cat":[76,179],"product_tag":[176],"class_list":{"0":"post-12088","1":"product","2":"type-product","3":"status-publish","4":"has-post-thumbnail","6":"product_cat-figurines-one-piece","7":"product_cat-figurines-portgas-d-ace","8":"product_tag-ace","10":"first","11":"instock","12":"purchasable","13":"product-type-simple"},"yoast_head":"<!-- This site is optimized with the Yoast SEO plugin v27.5 - https:\/\/yoast.com\/product\/yoast-seo-wordpress\/ -->\n<title>Figurine One Piece Portgas D Ace Ailes De Flammes | Figurine One Piece \u2013 Boutique One Piece<\/title>\n<meta name=\"description\" content=\"Jeune pirate, procure-toi d\u00e8s maintenant cette Figurine One Piece Portgas D Ace Ailes De Flammes. Voici ce que tu dois savoir au sujet de Ace ; Ace a mang\u00e9 le Mera Mera no Mi, un Fruit du D\u00e9mon de type Logia, lui donnant des pouvoirs pyrog\u00e8nes, d&#039;o\u00f9 son surnom d&#039;Ace aux Poings Ardents&quot;. Ace a \u00e9galement fait preuve de s\" \/>\n<meta name=\"robots\" content=\"index, follow, max-snippet:-1, max-image-preview:large, max-video-preview:-1\" \/>\n<link rel=\"canonical\" href=\"https:\/\/boutique-one-piece.com\/nl\/one-piece-beeldjes\/portgas-dace-beeldjes\/one-piece-portgas-d-ace-vlammenvleugels\/\" \/>\n<meta property=\"og:locale\" content=\"nl_NL\" \/>\n<meta property=\"og:type\" content=\"article\" \/>\n<meta property=\"og:title\" content=\"Figurine One Piece Portgas D Ace Ailes De Flammes | Figurine One Piece \u2013 Boutique One Piece\" \/>\n<meta property=\"og:description\" content=\"Jeune pirate, procure-toi d\u00e8s maintenant cette Figurine One Piece Portgas D Ace Ailes De Flammes. Voici ce que tu dois savoir au sujet de Ace ; Ace a mang\u00e9 le Mera Mera no Mi, un Fruit du D\u00e9mon de type Logia, lui donnant des pouvoirs pyrog\u00e8nes, d&#039;o\u00f9 son surnom d&#039;Ace aux Poings Ardents&quot;. Ace a \u00e9galement fait preuve de s\" \/>\n<meta property=\"og:url\" content=\"https:\/\/boutique-one-piece.com\/nl\/one-piece-beeldjes\/portgas-dace-beeldjes\/one-piece-portgas-d-ace-vlammenvleugels\/\" \/>\n<meta property=\"og:site_name\" content=\"Boutique One Piece\" \/>\n<meta property=\"article:modified_time\" content=\"2024-09-16T12:46:46+00:00\" \/>\n<meta property=\"og:image\" content=\"https:\/\/boutique-one-piece.com\/wp-content\/uploads\/2022\/09\/Figurine-One-Piece-Portgas-D-Ace-Ailes-De-Flammes-1.jpg\" \/>\n\t<meta property=\"og:image:width\" content=\"800\" \/>\n\t<meta property=\"og:image:height\" content=\"800\" \/>\n\t<meta property=\"og:image:type\" content=\"image\/jpeg\" \/>\n<meta name=\"twitter:card\" content=\"summary_large_image\" \/>\n<meta name=\"twitter:label1\" content=\"Geschatte leestijd\" \/>\n\t<meta name=\"twitter:data1\" content=\"2 minuten\" \/>\n<script type=\"application\/ld+json\" class=\"yoast-schema-graph\">{\"@context\":\"https:\\\/\\\/schema.org\",\"@graph\":[{\"@type\":\"WebPage\",\"@id\":\"https:\\\/\\\/boutique-one-piece.com\\\/figurines-one-piece\\\/figurines-portgas-d-ace\\\/one-piece-portgas-d-ace-ailes-de-flammes\\\/\",\"url\":\"https:\\\/\\\/boutique-one-piece.com\\\/figurines-one-piece\\\/figurines-portgas-d-ace\\\/one-piece-portgas-d-ace-ailes-de-flammes\\\/\",\"name\":\"Figurine One Piece Portgas D Ace Ailes De Flammes | Figurine One Piece \u2013 Boutique One Piece\",\"isPartOf\":{\"@id\":\"https:\\\/\\\/boutique-one-piece.com\\\/#website\"},\"primaryImageOfPage\":{\"@id\":\"https:\\\/\\\/boutique-one-piece.com\\\/figurines-one-piece\\\/figurines-portgas-d-ace\\\/one-piece-portgas-d-ace-ailes-de-flammes\\\/#primaryimage\"},\"image\":{\"@id\":\"https:\\\/\\\/boutique-one-piece.com\\\/figurines-one-piece\\\/figurines-portgas-d-ace\\\/one-piece-portgas-d-ace-ailes-de-flammes\\\/#primaryimage\"},\"thumbnailUrl\":\"https:\\\/\\\/boutique-one-piece.com\\\/wp-content\\\/uploads\\\/2022\\\/09\\\/Figurine-One-Piece-Portgas-D-Ace-Ailes-De-Flammes-1.jpg\",\"datePublished\":\"2022-09-27T20:53:33+00:00\",\"dateModified\":\"2024-09-16T12:46:46+00:00\",\"description\":\"Jeune pirate, procure-toi d\u00e8s maintenant cette Figurine One Piece Portgas D Ace Ailes De Flammes. Voici ce que tu dois savoir au sujet de Ace ; Ace a mang\u00e9 le Mera Mera no Mi, un Fruit du D\u00e9mon de type Logia, lui donnant des pouvoirs pyrog\u00e8nes, d'o\u00f9 son surnom d'Ace aux Poings Ardents\\\". Ace a \u00e9galement fait preuve de s\",\"breadcrumb\":{\"@id\":\"https:\\\/\\\/boutique-one-piece.com\\\/figurines-one-piece\\\/figurines-portgas-d-ace\\\/one-piece-portgas-d-ace-ailes-de-flammes\\\/#breadcrumb\"},\"inLanguage\":\"nl-NL\",\"potentialAction\":[{\"@type\":\"ReadAction\",\"target\":[\"https:\\\/\\\/boutique-one-piece.com\\\/figurines-one-piece\\\/figurines-portgas-d-ace\\\/one-piece-portgas-d-ace-ailes-de-flammes\\\/\"]}]},{\"@type\":\"ImageObject\",\"inLanguage\":\"nl-NL\",\"@id\":\"https:\\\/\\\/boutique-one-piece.com\\\/figurines-one-piece\\\/figurines-portgas-d-ace\\\/one-piece-portgas-d-ace-ailes-de-flammes\\\/#primaryimage\",\"url\":\"https:\\\/\\\/boutique-one-piece.com\\\/wp-content\\\/uploads\\\/2022\\\/09\\\/Figurine-One-Piece-Portgas-D-Ace-Ailes-De-Flammes-1.jpg\",\"contentUrl\":\"https:\\\/\\\/boutique-one-piece.com\\\/wp-content\\\/uploads\\\/2022\\\/09\\\/Figurine-One-Piece-Portgas-D-Ace-Ailes-De-Flammes-1.jpg\",\"width\":800,\"height\":800},{\"@type\":\"BreadcrumbList\",\"@id\":\"https:\\\/\\\/boutique-one-piece.com\\\/figurines-one-piece\\\/figurines-portgas-d-ace\\\/one-piece-portgas-d-ace-ailes-de-flammes\\\/#breadcrumb\",\"itemListElement\":[{\"@type\":\"ListItem\",\"position\":1,\"name\":\"Home\",\"item\":\"https:\\\/\\\/boutique-one-piece.com\\\/\"},{\"@type\":\"ListItem\",\"position\":2,\"name\":\"Shop\",\"item\":\"https:\\\/\\\/boutique-one-piece.com\\\/shop\\\/\"},{\"@type\":\"ListItem\",\"position\":3,\"name\":\"Figurine One Piece Portgas D Ace Ailes De Flammes\"}]},{\"@type\":\"WebSite\",\"@id\":\"https:\\\/\\\/boutique-one-piece.com\\\/#website\",\"url\":\"https:\\\/\\\/boutique-one-piece.com\\\/\",\"name\":\"Boutique One Piece\",\"description\":\"Magasin Sp\u00e9cialis\u00e9 du Manga et l&#039;Anime One Piece\",\"publisher\":{\"@id\":\"https:\\\/\\\/boutique-one-piece.com\\\/#organization\"},\"potentialAction\":[{\"@type\":\"SearchAction\",\"target\":{\"@type\":\"EntryPoint\",\"urlTemplate\":\"https:\\\/\\\/boutique-one-piece.com\\\/?s={search_term_string}\"},\"query-input\":{\"@type\":\"PropertyValueSpecification\",\"valueRequired\":true,\"valueName\":\"search_term_string\"}}],\"inLanguage\":\"nl-NL\"},{\"@type\":\"Organization\",\"@id\":\"https:\\\/\\\/boutique-one-piece.com\\\/#organization\",\"name\":\"Boutique One Piece\",\"url\":\"https:\\\/\\\/boutique-one-piece.com\\\/\",\"logo\":{\"@type\":\"ImageObject\",\"inLanguage\":\"nl-NL\",\"@id\":\"https:\\\/\\\/boutique-one-piece.com\\\/#\\\/schema\\\/logo\\\/image\\\/\",\"url\":\"https:\\\/\\\/boutique-one-piece.com\\\/wp-content\\\/uploads\\\/2022\\\/09\\\/Logo-01.png\",\"contentUrl\":\"https:\\\/\\\/boutique-one-piece.com\\\/wp-content\\\/uploads\\\/2022\\\/09\\\/Logo-01.png\",\"width\":2318,\"height\":957,\"caption\":\"Boutique One Piece\"},\"image\":{\"@id\":\"https:\\\/\\\/boutique-one-piece.com\\\/#\\\/schema\\\/logo\\\/image\\\/\"}}]}<\/script>\n<!-- \/ Yoast SEO plugin. -->","yoast_head_json":{"title":"One Piece-figuur Portgas D Ace Vleugels van Vlammen | One Piece-figuur \u2013 One Piece Shop","description":"Jonge piraat, bemachtig nu dit One Piece Portgas D. Ace Flame Wings-figuur! Dit moet je weten over Ace: Ace at de Mera Mera no Mi, een Logia-type Duivelsvrucht, waardoor hij vuur kan spuwen. Vandaar zijn bijnaam &quot;Fire Fist Ace&quot;. Ace heeft ook laten zien...","robots":{"index":"index","follow":"follow","max-snippet":"max-snippet:-1","max-image-preview":"max-image-preview:large","max-video-preview":"max-video-preview:-1"},"canonical":"https:\/\/boutique-one-piece.com\/nl\/one-piece-beeldjes\/portgas-dace-beeldjes\/one-piece-portgas-d-ace-vlammenvleugels\/","og_locale":"nl_NL","og_type":"article","og_title":"Figurine One Piece Portgas D Ace Ailes De Flammes | Figurine One Piece \u2013 Boutique One Piece","og_description":"Jeune pirate, procure-toi d\u00e8s maintenant cette Figurine One Piece Portgas D Ace Ailes De Flammes. Voici ce que tu dois savoir au sujet de Ace ; Ace a mang\u00e9 le Mera Mera no Mi, un Fruit du D\u00e9mon de type Logia, lui donnant des pouvoirs pyrog\u00e8nes, d'o\u00f9 son surnom d'Ace aux Poings Ardents\". Ace a \u00e9galement fait preuve de s","og_url":"https:\/\/boutique-one-piece.com\/nl\/one-piece-beeldjes\/portgas-dace-beeldjes\/one-piece-portgas-d-ace-vlammenvleugels\/","og_site_name":"Boutique One Piece","article_modified_time":"2024-09-16T12:46:46+00:00","og_image":[{"width":800,"height":800,"url":"https:\/\/boutique-one-piece.com\/wp-content\/uploads\/2022\/09\/Figurine-One-Piece-Portgas-D-Ace-Ailes-De-Flammes-1.jpg","type":"image\/jpeg"}],"twitter_card":"summary_large_image","twitter_misc":{"Geschatte leestijd":"2 minuten"},"schema":{"@context":"https:\/\/schema.org","@graph":[{"@type":"WebPage","@id":"https:\/\/boutique-one-piece.com\/figurines-one-piece\/figurines-portgas-d-ace\/one-piece-portgas-d-ace-ailes-de-flammes\/","url":"https:\/\/boutique-one-piece.com\/figurines-one-piece\/figurines-portgas-d-ace\/one-piece-portgas-d-ace-ailes-de-flammes\/","name":"One Piece-figuur Portgas D Ace Vleugels van Vlammen | One Piece-figuur \u2013 One Piece Shop","isPartOf":{"@id":"https:\/\/boutique-one-piece.com\/#website"},"primaryImageOfPage":{"@id":"https:\/\/boutique-one-piece.com\/figurines-one-piece\/figurines-portgas-d-ace\/one-piece-portgas-d-ace-ailes-de-flammes\/#primaryimage"},"image":{"@id":"https:\/\/boutique-one-piece.com\/figurines-one-piece\/figurines-portgas-d-ace\/one-piece-portgas-d-ace-ailes-de-flammes\/#primaryimage"},"thumbnailUrl":"https:\/\/boutique-one-piece.com\/wp-content\/uploads\/2022\/09\/Figurine-One-Piece-Portgas-D-Ace-Ailes-De-Flammes-1.jpg","datePublished":"2022-09-27T20:53:33+00:00","dateModified":"2024-09-16T12:46:46+00:00","description":"Jonge piraat, bemachtig nu dit One Piece Portgas D. Ace Flame Wings-figuur! Dit moet je weten over Ace: Ace at de Mera Mera no Mi, een Logia-type Duivelsvrucht, waardoor hij vuur kan spuwen. Vandaar zijn bijnaam &quot;Fire Fist Ace&quot;. Ace heeft ook laten zien...","breadcrumb":{"@id":"https:\/\/boutique-one-piece.com\/figurines-one-piece\/figurines-portgas-d-ace\/one-piece-portgas-d-ace-ailes-de-flammes\/#breadcrumb"},"inLanguage":"nl-NL","potentialAction":[{"@type":"ReadAction","target":["https:\/\/boutique-one-piece.com\/figurines-one-piece\/figurines-portgas-d-ace\/one-piece-portgas-d-ace-ailes-de-flammes\/"]}]},{"@type":"ImageObject","inLanguage":"nl-NL","@id":"https:\/\/boutique-one-piece.com\/figurines-one-piece\/figurines-portgas-d-ace\/one-piece-portgas-d-ace-ailes-de-flammes\/#primaryimage","url":"https:\/\/boutique-one-piece.com\/wp-content\/uploads\/2022\/09\/Figurine-One-Piece-Portgas-D-Ace-Ailes-De-Flammes-1.jpg","contentUrl":"https:\/\/boutique-one-piece.com\/wp-content\/uploads\/2022\/09\/Figurine-One-Piece-Portgas-D-Ace-Ailes-De-Flammes-1.jpg","width":800,"height":800},{"@type":"BreadcrumbList","@id":"https:\/\/boutique-one-piece.com\/figurines-one-piece\/figurines-portgas-d-ace\/one-piece-portgas-d-ace-ailes-de-flammes\/#breadcrumb","itemListElement":[{"@type":"ListItem","position":1,"name":"Home","item":"https:\/\/boutique-one-piece.com\/"},{"@type":"ListItem","position":2,"name":"Shop","item":"https:\/\/boutique-one-piece.com\/shop\/"},{"@type":"ListItem","position":3,"name":"Figurine One Piece Portgas D Ace Ailes De Flammes"}]},{"@type":"WebSite","@id":"https:\/\/boutique-one-piece.com\/#website","url":"https:\/\/boutique-one-piece.com\/","name":"One Piece Shop","description":"Gespecialiseerde winkel voor One Piece manga en anime.","publisher":{"@id":"https:\/\/boutique-one-piece.com\/#organization"},"potentialAction":[{"@type":"SearchAction","target":{"@type":"EntryPoint","urlTemplate":"https:\/\/boutique-one-piece.com\/?s={search_term_string}"},"query-input":{"@type":"PropertyValueSpecification","valueRequired":true,"valueName":"search_term_string"}}],"inLanguage":"nl-NL"},{"@type":"Organization","@id":"https:\/\/boutique-one-piece.com\/#organization","name":"One Piece Shop","url":"https:\/\/boutique-one-piece.com\/","logo":{"@type":"ImageObject","inLanguage":"nl-NL","@id":"https:\/\/boutique-one-piece.com\/#\/schema\/logo\/image\/","url":"https:\/\/boutique-one-piece.com\/wp-content\/uploads\/2022\/09\/Logo-01.png","contentUrl":"https:\/\/boutique-one-piece.com\/wp-content\/uploads\/2022\/09\/Logo-01.png","width":2318,"height":957,"caption":"Boutique One Piece"},"image":{"@id":"https:\/\/boutique-one-piece.com\/#\/schema\/logo\/image\/"}}]}},"_links":{"self":[{"href":"https:\/\/boutique-one-piece.com\/nl\/wp-json\/wp\/v2\/product\/12088","targetHints":{"allow":["GET"]}}],"collection":[{"href":"https:\/\/boutique-one-piece.com\/nl\/wp-json\/wp\/v2\/product"}],"about":[{"href":"https:\/\/boutique-one-piece.com\/nl\/wp-json\/wp\/v2\/types\/product"}],"replies":[{"embeddable":true,"href":"https:\/\/boutique-one-piece.com\/nl\/wp-json\/wp\/v2\/comments?post=12088"}],"wp:featuredmedia":[{"embeddable":true,"href":"https:\/\/boutique-one-piece.com\/nl\/wp-json\/wp\/v2\/media\/12090"}],"wp:attachment":[{"href":"https:\/\/boutique-one-piece.com\/nl\/wp-json\/wp\/v2\/media?parent=12088"}],"wp:term":[{"taxonomy":"product_brand","embeddable":true,"href":"https:\/\/boutique-one-piece.com\/nl\/wp-json\/wp\/v2\/product_brand?post=12088"},{"taxonomy":"product_cat","embeddable":true,"href":"https:\/\/boutique-one-piece.com\/nl\/wp-json\/wp\/v2\/product_cat?post=12088"},{"taxonomy":"product_tag","embeddable":true,"href":"https:\/\/boutique-one-piece.com\/nl\/wp-json\/wp\/v2\/product_tag?post=12088"}],"curies":[{"name":"wp","href":"https:\/\/api.w.org\/{rel}","templated":true}]}}