{"id":12150,"date":"2022-09-27T20:53:44","date_gmt":"2022-09-27T20:53:44","guid":{"rendered":"https:\/\/boutique-one-piece.com\/uncategorized\/drapeau-equipage-du-heart\/"},"modified":"2024-09-16T12:48:14","modified_gmt":"2024-09-16T12:48:14","slug":"hartbemanningvlag","status":"publish","type":"product","link":"https:\/\/boutique-one-piece.com\/nl\/one-piece-decoraties\/one-piece-vlaggen\/hartbemanningvlag\/","title":{"rendered":"Hartbemanning Vlag"},"content":{"rendered":"<h2>Jonge matroos, de tijd is gekomen om je trouw aan je bemanning te betuigen. Verkrijg hiervoor nu deze Hartbemanningsvlag.<\/h2>\n<p><strong>De Hartbemanning<\/strong> is een befaamde bemanning van opmerkelijke piraten die ontdekt zijn op de Sabaody-archipel. Hun kapitein is <strong>Trafalgar-wet<\/strong>, Hij was een van de Elf Supernova&#039;s en werd na de tijdsprong van twee jaar een van de Zeven Krijgsheren van de Zee. Zijn titel werd echter ingetrokken door Fujitora toen die ontdekte dat hij een bondgenootschap had gesloten met de Strohoedpiraten.<\/p>\n<p>Bovendien, de <a title=\"VLAG VAN DE STROHOED-BEMANNING\" href=\"https:\/\/boutique-one-piece.com\/nl\/goodie-monkey-d-luffy\/producten\/drapeau-equipage-du-chapeau-de-paille\/\" target=\"_blank\" rel=\"noopener\">Strohoed bemanningsvlag<\/a> Het is binnen handbereik. Om terug te komen op de vlag van de Heart Pirates: je moet weten dat de Heart Pirates, net als veel andere piraten in de North Blue, geen schedel als vlag gebruiken, maar een smiley. Het lijkt wel een virus.<\/p>\n<h3>Dus, jonge piraat, gefascineerd door de vlag van de Heart-bemanning? Zo ja, wacht dan niet langer en sluit je zonder uitstel aan bij degene die nu je nieuwe kapitein zal zijn: Trafalgar Law.<\/h3>\n<p><strong>One Piece<\/strong> is de bestverkochte manga ter wereld. Beleef je avontuur als jonge scheepsjongen in deze wereld waar piraten de dienst uitmaken. Deze mythische items zijn perfect om cadeau te geven, te decoreren of te verzamelen. Wacht dus niet langer en grijp je kans om er een te bemachtigen! <strong>de One Piece-schat<\/strong>.<\/p>\n<h2>Informatie over de Trafalgar Law Crew-vlag:<\/h2>\n<ul>\n<li>\n<strong><u>One Piece-vlag<\/u><\/strong>\u00a0Een authentieke One Piece piratenvlag voor de echte fans.<\/li>\n<\/ul>\n<ul>\n<li>\n<strong>Afdrukken van hoge kwaliteit<\/strong>\u00a0nauwkeurige kleuren<\/li>\n<\/ul>\n<ul>\n<li>\n<strong>Materie<\/strong> Polyester<\/li>\n<\/ul>\n<ul>\n<li>\n<strong>Dimensie<\/strong>\u00a0: 65 cm x 90<\/li>\n<\/ul>\n<ul>\n<li><strong>GRATIS BEZORGING<\/strong><\/li>\n<\/ul>","protected":false},"excerpt":{"rendered":"<p>Jeune Moussaillon, le moment est venu pour toi de revendiquer ton appartenance \u00e0 ton \u00e9quipage. Pour ce faire, procure-toi d\u00e8s maintenant ce Drapeau \u00c9quipage du Heart. L\u0092\u00c9quipage du Heart est un \u00e9quipage reconnu de pirates notables d\u00e9couvert sur l&rsquo;Archipel Sabaody. Son capitaine est Trafalgar Law, l&rsquo;un des Onze Supernovas devenu apr\u00e8s l&rsquo;ellipse des deux ans, [&hellip;]<\/p>","protected":false},"featured_media":12152,"comment_status":"open","ping_status":"open","template":"","meta":[],"product_brand":[],"product_cat":[212],"product_tag":[202],"class_list":{"0":"post-12150","1":"product","2":"type-product","3":"status-publish","4":"has-post-thumbnail","6":"product_cat-drapeaux-one-piece","7":"product_tag-law","9":"first","10":"instock","11":"purchasable","12":"product-type-simple"},"yoast_head":"<!-- This site is optimized with the Yoast SEO plugin v27.5 - https:\/\/yoast.com\/product\/yoast-seo-wordpress\/ -->\n<title>Drapeau \u00c9quipage du Heart | Boutique One Piece<\/title>\n<meta name=\"description\" content=\"D\u00e9couvrez le Drapeau One Piece \u00c9quipage du Heart, d\u00e9corez votre pi\u00e8ce en portant les couleurs de Trafalgar Law ! Commencez votre aventure recherche du One Piece dans l&#039;\u00e9quipage de Law\" \/>\n<meta name=\"robots\" content=\"index, follow, max-snippet:-1, max-image-preview:large, max-video-preview:-1\" \/>\n<link rel=\"canonical\" href=\"https:\/\/boutique-one-piece.com\/nl\/one-piece-decoraties\/one-piece-vlaggen\/hartbemanningvlag\/\" \/>\n<meta property=\"og:locale\" content=\"nl_NL\" \/>\n<meta property=\"og:type\" content=\"article\" \/>\n<meta property=\"og:title\" content=\"Drapeau \u00c9quipage du Heart | Boutique One Piece\" \/>\n<meta property=\"og:description\" content=\"D\u00e9couvrez le Drapeau One Piece \u00c9quipage du Heart, d\u00e9corez votre pi\u00e8ce en portant les couleurs de Trafalgar Law ! Commencez votre aventure recherche du One Piece dans l&#039;\u00e9quipage de Law\" \/>\n<meta property=\"og:url\" content=\"https:\/\/boutique-one-piece.com\/nl\/one-piece-decoraties\/one-piece-vlaggen\/hartbemanningvlag\/\" \/>\n<meta property=\"og:site_name\" content=\"Boutique One Piece\" \/>\n<meta property=\"article:modified_time\" content=\"2024-09-16T12:48:14+00:00\" \/>\n<meta property=\"og:image\" content=\"https:\/\/boutique-one-piece.com\/wp-content\/uploads\/2022\/09\/Drapeau-Equipage-du-Heart-1.jpg\" \/>\n\t<meta property=\"og:image:width\" content=\"800\" \/>\n\t<meta property=\"og:image:height\" content=\"800\" \/>\n\t<meta property=\"og:image:type\" content=\"image\/jpeg\" \/>\n<meta name=\"twitter:card\" content=\"summary_large_image\" \/>\n<meta name=\"twitter:label1\" content=\"Geschatte leestijd\" \/>\n\t<meta name=\"twitter:data1\" content=\"1 minuut\" \/>\n<script type=\"application\/ld+json\" class=\"yoast-schema-graph\">{\"@context\":\"https:\\\/\\\/schema.org\",\"@graph\":[{\"@type\":\"WebPage\",\"@id\":\"https:\\\/\\\/boutique-one-piece.com\\\/decorations-one-piece\\\/drapeaux-one-piece\\\/drapeau-equipage-du-heart\\\/\",\"url\":\"https:\\\/\\\/boutique-one-piece.com\\\/decorations-one-piece\\\/drapeaux-one-piece\\\/drapeau-equipage-du-heart\\\/\",\"name\":\"Drapeau \u00c9quipage du Heart | Boutique One Piece\",\"isPartOf\":{\"@id\":\"https:\\\/\\\/boutique-one-piece.com\\\/#website\"},\"primaryImageOfPage\":{\"@id\":\"https:\\\/\\\/boutique-one-piece.com\\\/decorations-one-piece\\\/drapeaux-one-piece\\\/drapeau-equipage-du-heart\\\/#primaryimage\"},\"image\":{\"@id\":\"https:\\\/\\\/boutique-one-piece.com\\\/decorations-one-piece\\\/drapeaux-one-piece\\\/drapeau-equipage-du-heart\\\/#primaryimage\"},\"thumbnailUrl\":\"https:\\\/\\\/boutique-one-piece.com\\\/wp-content\\\/uploads\\\/2022\\\/09\\\/Drapeau-Equipage-du-Heart-1.jpg\",\"datePublished\":\"2022-09-27T20:53:44+00:00\",\"dateModified\":\"2024-09-16T12:48:14+00:00\",\"description\":\"D\u00e9couvrez le Drapeau One Piece \u00c9quipage du Heart, d\u00e9corez votre pi\u00e8ce en portant les couleurs de Trafalgar Law ! Commencez votre aventure recherche du One Piece dans l'\u00e9quipage de Law\",\"breadcrumb\":{\"@id\":\"https:\\\/\\\/boutique-one-piece.com\\\/decorations-one-piece\\\/drapeaux-one-piece\\\/drapeau-equipage-du-heart\\\/#breadcrumb\"},\"inLanguage\":\"nl-NL\",\"potentialAction\":[{\"@type\":\"ReadAction\",\"target\":[\"https:\\\/\\\/boutique-one-piece.com\\\/decorations-one-piece\\\/drapeaux-one-piece\\\/drapeau-equipage-du-heart\\\/\"]}]},{\"@type\":\"ImageObject\",\"inLanguage\":\"nl-NL\",\"@id\":\"https:\\\/\\\/boutique-one-piece.com\\\/decorations-one-piece\\\/drapeaux-one-piece\\\/drapeau-equipage-du-heart\\\/#primaryimage\",\"url\":\"https:\\\/\\\/boutique-one-piece.com\\\/wp-content\\\/uploads\\\/2022\\\/09\\\/Drapeau-Equipage-du-Heart-1.jpg\",\"contentUrl\":\"https:\\\/\\\/boutique-one-piece.com\\\/wp-content\\\/uploads\\\/2022\\\/09\\\/Drapeau-Equipage-du-Heart-1.jpg\",\"width\":800,\"height\":800},{\"@type\":\"BreadcrumbList\",\"@id\":\"https:\\\/\\\/boutique-one-piece.com\\\/decorations-one-piece\\\/drapeaux-one-piece\\\/drapeau-equipage-du-heart\\\/#breadcrumb\",\"itemListElement\":[{\"@type\":\"ListItem\",\"position\":1,\"name\":\"Home\",\"item\":\"https:\\\/\\\/boutique-one-piece.com\\\/\"},{\"@type\":\"ListItem\",\"position\":2,\"name\":\"Shop\",\"item\":\"https:\\\/\\\/boutique-one-piece.com\\\/shop\\\/\"},{\"@type\":\"ListItem\",\"position\":3,\"name\":\"Drapeau \u00c9quipage du Heart\"}]},{\"@type\":\"WebSite\",\"@id\":\"https:\\\/\\\/boutique-one-piece.com\\\/#website\",\"url\":\"https:\\\/\\\/boutique-one-piece.com\\\/\",\"name\":\"Boutique One Piece\",\"description\":\"Magasin Sp\u00e9cialis\u00e9 du Manga et l&#039;Anime One Piece\",\"publisher\":{\"@id\":\"https:\\\/\\\/boutique-one-piece.com\\\/#organization\"},\"potentialAction\":[{\"@type\":\"SearchAction\",\"target\":{\"@type\":\"EntryPoint\",\"urlTemplate\":\"https:\\\/\\\/boutique-one-piece.com\\\/?s={search_term_string}\"},\"query-input\":{\"@type\":\"PropertyValueSpecification\",\"valueRequired\":true,\"valueName\":\"search_term_string\"}}],\"inLanguage\":\"nl-NL\"},{\"@type\":\"Organization\",\"@id\":\"https:\\\/\\\/boutique-one-piece.com\\\/#organization\",\"name\":\"Boutique One Piece\",\"url\":\"https:\\\/\\\/boutique-one-piece.com\\\/\",\"logo\":{\"@type\":\"ImageObject\",\"inLanguage\":\"nl-NL\",\"@id\":\"https:\\\/\\\/boutique-one-piece.com\\\/#\\\/schema\\\/logo\\\/image\\\/\",\"url\":\"https:\\\/\\\/boutique-one-piece.com\\\/wp-content\\\/uploads\\\/2022\\\/09\\\/Logo-01.png\",\"contentUrl\":\"https:\\\/\\\/boutique-one-piece.com\\\/wp-content\\\/uploads\\\/2022\\\/09\\\/Logo-01.png\",\"width\":2318,\"height\":957,\"caption\":\"Boutique One Piece\"},\"image\":{\"@id\":\"https:\\\/\\\/boutique-one-piece.com\\\/#\\\/schema\\\/logo\\\/image\\\/\"}}]}<\/script>\n<!-- \/ Yoast SEO plugin. -->","yoast_head_json":{"title":"Vlag van de Hartpiraten | One Piece Shop","description":"Ontdek de One Piece Hart Piratenvlag en versier je kamer met de kleuren van Trafalgar Law! Begin je One Piece-zoekavontuur met Laws bemanning.","robots":{"index":"index","follow":"follow","max-snippet":"max-snippet:-1","max-image-preview":"max-image-preview:large","max-video-preview":"max-video-preview:-1"},"canonical":"https:\/\/boutique-one-piece.com\/nl\/one-piece-decoraties\/one-piece-vlaggen\/hartbemanningvlag\/","og_locale":"nl_NL","og_type":"article","og_title":"Drapeau \u00c9quipage du Heart | Boutique One Piece","og_description":"D\u00e9couvrez le Drapeau One Piece \u00c9quipage du Heart, d\u00e9corez votre pi\u00e8ce en portant les couleurs de Trafalgar Law ! Commencez votre aventure recherche du One Piece dans l'\u00e9quipage de Law","og_url":"https:\/\/boutique-one-piece.com\/nl\/one-piece-decoraties\/one-piece-vlaggen\/hartbemanningvlag\/","og_site_name":"Boutique One Piece","article_modified_time":"2024-09-16T12:48:14+00:00","og_image":[{"width":800,"height":800,"url":"https:\/\/boutique-one-piece.com\/wp-content\/uploads\/2022\/09\/Drapeau-Equipage-du-Heart-1.jpg","type":"image\/jpeg"}],"twitter_card":"summary_large_image","twitter_misc":{"Geschatte leestijd":"1 minuut"},"schema":{"@context":"https:\/\/schema.org","@graph":[{"@type":"WebPage","@id":"https:\/\/boutique-one-piece.com\/decorations-one-piece\/drapeaux-one-piece\/drapeau-equipage-du-heart\/","url":"https:\/\/boutique-one-piece.com\/decorations-one-piece\/drapeaux-one-piece\/drapeau-equipage-du-heart\/","name":"Vlag van de Hartpiraten | One Piece Shop","isPartOf":{"@id":"https:\/\/boutique-one-piece.com\/#website"},"primaryImageOfPage":{"@id":"https:\/\/boutique-one-piece.com\/decorations-one-piece\/drapeaux-one-piece\/drapeau-equipage-du-heart\/#primaryimage"},"image":{"@id":"https:\/\/boutique-one-piece.com\/decorations-one-piece\/drapeaux-one-piece\/drapeau-equipage-du-heart\/#primaryimage"},"thumbnailUrl":"https:\/\/boutique-one-piece.com\/wp-content\/uploads\/2022\/09\/Drapeau-Equipage-du-Heart-1.jpg","datePublished":"2022-09-27T20:53:44+00:00","dateModified":"2024-09-16T12:48:14+00:00","description":"Ontdek de One Piece Hart Piratenvlag en versier je kamer met de kleuren van Trafalgar Law! Begin je One Piece-zoekavontuur met Laws bemanning.","breadcrumb":{"@id":"https:\/\/boutique-one-piece.com\/decorations-one-piece\/drapeaux-one-piece\/drapeau-equipage-du-heart\/#breadcrumb"},"inLanguage":"nl-NL","potentialAction":[{"@type":"ReadAction","target":["https:\/\/boutique-one-piece.com\/decorations-one-piece\/drapeaux-one-piece\/drapeau-equipage-du-heart\/"]}]},{"@type":"ImageObject","inLanguage":"nl-NL","@id":"https:\/\/boutique-one-piece.com\/decorations-one-piece\/drapeaux-one-piece\/drapeau-equipage-du-heart\/#primaryimage","url":"https:\/\/boutique-one-piece.com\/wp-content\/uploads\/2022\/09\/Drapeau-Equipage-du-Heart-1.jpg","contentUrl":"https:\/\/boutique-one-piece.com\/wp-content\/uploads\/2022\/09\/Drapeau-Equipage-du-Heart-1.jpg","width":800,"height":800},{"@type":"BreadcrumbList","@id":"https:\/\/boutique-one-piece.com\/decorations-one-piece\/drapeaux-one-piece\/drapeau-equipage-du-heart\/#breadcrumb","itemListElement":[{"@type":"ListItem","position":1,"name":"Home","item":"https:\/\/boutique-one-piece.com\/"},{"@type":"ListItem","position":2,"name":"Shop","item":"https:\/\/boutique-one-piece.com\/shop\/"},{"@type":"ListItem","position":3,"name":"Drapeau \u00c9quipage du Heart"}]},{"@type":"WebSite","@id":"https:\/\/boutique-one-piece.com\/#website","url":"https:\/\/boutique-one-piece.com\/","name":"One Piece Shop","description":"Gespecialiseerde winkel voor One Piece manga en anime.","publisher":{"@id":"https:\/\/boutique-one-piece.com\/#organization"},"potentialAction":[{"@type":"SearchAction","target":{"@type":"EntryPoint","urlTemplate":"https:\/\/boutique-one-piece.com\/?s={search_term_string}"},"query-input":{"@type":"PropertyValueSpecification","valueRequired":true,"valueName":"search_term_string"}}],"inLanguage":"nl-NL"},{"@type":"Organization","@id":"https:\/\/boutique-one-piece.com\/#organization","name":"One Piece Shop","url":"https:\/\/boutique-one-piece.com\/","logo":{"@type":"ImageObject","inLanguage":"nl-NL","@id":"https:\/\/boutique-one-piece.com\/#\/schema\/logo\/image\/","url":"https:\/\/boutique-one-piece.com\/wp-content\/uploads\/2022\/09\/Logo-01.png","contentUrl":"https:\/\/boutique-one-piece.com\/wp-content\/uploads\/2022\/09\/Logo-01.png","width":2318,"height":957,"caption":"Boutique One Piece"},"image":{"@id":"https:\/\/boutique-one-piece.com\/#\/schema\/logo\/image\/"}}]}},"_links":{"self":[{"href":"https:\/\/boutique-one-piece.com\/nl\/wp-json\/wp\/v2\/product\/12150","targetHints":{"allow":["GET"]}}],"collection":[{"href":"https:\/\/boutique-one-piece.com\/nl\/wp-json\/wp\/v2\/product"}],"about":[{"href":"https:\/\/boutique-one-piece.com\/nl\/wp-json\/wp\/v2\/types\/product"}],"replies":[{"embeddable":true,"href":"https:\/\/boutique-one-piece.com\/nl\/wp-json\/wp\/v2\/comments?post=12150"}],"wp:featuredmedia":[{"embeddable":true,"href":"https:\/\/boutique-one-piece.com\/nl\/wp-json\/wp\/v2\/media\/12152"}],"wp:attachment":[{"href":"https:\/\/boutique-one-piece.com\/nl\/wp-json\/wp\/v2\/media?parent=12150"}],"wp:term":[{"taxonomy":"product_brand","embeddable":true,"href":"https:\/\/boutique-one-piece.com\/nl\/wp-json\/wp\/v2\/product_brand?post=12150"},{"taxonomy":"product_cat","embeddable":true,"href":"https:\/\/boutique-one-piece.com\/nl\/wp-json\/wp\/v2\/product_cat?post=12150"},{"taxonomy":"product_tag","embeddable":true,"href":"https:\/\/boutique-one-piece.com\/nl\/wp-json\/wp\/v2\/product_tag?post=12150"}],"curies":[{"name":"wp","href":"https:\/\/api.w.org\/{rel}","templated":true}]}}