{"id":12391,"date":"2022-09-27T20:55:32","date_gmt":"2022-09-27T20:55:32","guid":{"rendered":"https:\/\/boutique-one-piece.com\/uncategorized\/avis-de-recherche-one-piece-bartolomeo-wanted\/"},"modified":"2024-09-16T12:53:53","modified_gmt":"2024-09-16T12:53:53","slug":"one-piece-gezocht-poster-bartolomeo-gezocht","status":"publish","type":"product","link":"https:\/\/boutique-one-piece.com\/nl\/one-piece-gezocht-poster\/one-piece-gezocht-poster-bartolomeo-gezocht\/","title":{"rendered":"Opsporingsbericht Bartolomeo"},"content":{"rendered":"<h2>Wil je je kamer opnieuw inrichten? Laat je dan verleiden door de Bartolomeo Wanted Notice.<\/h2>\n<p>Als je geniet van wat er gebeurt in One Piece in de Nieuwe Wereld, en met name in Dressrosa, dan zul je Bartolomeo vast waarderen. Hij is een <strong>kapitein<\/strong> en een rookie van een generatie na die van Luffy. Hij is geweldig <strong>Luffy-fan<\/strong> die getuige was van de mislukte executiepoging van Kapitein Buggy de Clown in Loguetown. Toen Luffy door bliksem werd gered, geloofde Bartolemeo dat hij een wonder had gezien en werd hij meteen Luffy&#039;s grootste fan.<\/p>\n<p>Bartolemo at de vrucht van de <strong>Bari Bari geen mi<\/strong>, Dit stelt hem in staat om beschermende barri\u00e8res te cre\u00ebren, maar hij gebruikt het ook door het om zijn handen te wikkelen om zijn tegenstanders aan te vallen. Hij is de commandant van de tweede vloot van de Grote Strohoedvloot.<\/p>\n<h3>Met deze poster, die trouw is aan de gezocht-posters van One Piece, zal Bartolomeo met trots je muur sieren.<\/h3>\n<p>Versier je slaapkamer of kantoor met dit<strong> Opsporingsposter van Bartolomeo<\/strong> Dit item, dat een beloning van 200 miljoen Berry uitlooft voor de vangst ervan, levend of dood, voegt een vleugje klasse toe aan je favoriete manga.<\/p>\n<p>Als je onze Wanted-posters leuk vindt, zul je deze vast ook leuk vinden. <a href=\"https:\/\/boutique-one-piece.com\/nl\/one-piece-gezocht-poster\/producten\/gezocht-one-piece-monkey-d-luffy\/\" target=\"_blank\" title=\"Luffy gezocht-poster\" rel=\"noopener noreferrer\">Luffy gezocht-poster<\/a>.<\/p>\n<h2>Informatie over de One Piece Wanted Bartolomeo-poster<\/h2>\n<ul>\n<li><span><b><u>One Piece Wanted Poster<\/u><\/b>\u00a0Een authentieke One Piece-opsporingsposter voor echte piraten.<\/span><\/li>\n<\/ul>\n<ul>\n<li>\n<b><u>Bartolomeo&#039;s bonus<\/u><\/b>\u00a0200.000.000 bessen<\/li>\n<\/ul>\n<ul>\n<li><span><strong>Afdrukken van hoge kwaliteit<\/strong>\u00a0nauwkeurige kleuren<\/span><\/li>\n<\/ul>\n<ul>\n<li>\n<strong>Dimensie<\/strong>\u00a0: 51 cm x 36 cm<\/li>\n<\/ul>\n<ul>\n<li><span><strong>GRATIS BEZORGING<\/strong><\/span><\/li>\n<\/ul>","protected":false},"excerpt":{"rendered":"<p>Tu cherches \u00e0 red\u00e9corer ta chambre ? Dans ce cas, laisse-toi tenter par l&rsquo;Avis de Recherche Bartolomeo Wanted. Si tu aimes ce qui se passe dans One Piece au niveau du Nouveau Monde et plus particuli\u00e8rement \u00e0 Dressrosa, tu dois appr\u00e9cier Bartolomeo qui est un capitaine et un rookie d&rsquo;une g\u00e9n\u00e9ration post\u00e9rieure \u00e0 celle de [&hellip;]<\/p>","protected":false},"featured_media":12393,"comment_status":"open","ping_status":"open","template":"","meta":[],"product_brand":[],"product_cat":[171],"product_tag":[],"class_list":{"0":"post-12391","1":"product","2":"type-product","3":"status-publish","4":"has-post-thumbnail","6":"product_cat-avis-de-recherche-one-piece","8":"first","9":"instock","10":"purchasable","11":"product-type-simple"},"yoast_head":"<!-- This site is optimized with the Yoast SEO plugin v27.5 - https:\/\/yoast.com\/product\/yoast-seo-wordpress\/ -->\n<title>Avis de Recherche One Piece Bartolomeo Wanted | D\u00e9coration One Piece \u2013 Boutique One Piece<\/title>\n<meta name=\"description\" content=\"Tu cherches \u00e0 red\u00e9corer ta chambre ? Dans ce cas, laisse-toi tenter par l&#039;Avis de Recherche Bartolomeo Wanted. Si tu aimes ce qui se passe dans One Piece au niveau du Nouveau Monde et plus particuli\u00e8rement \u00e0 Dressrosa, tu dois appr\u00e9cier Bartolomeo qui est un capitaine et un rookie d&#039;une g\u00e9n\u00e9ration post\u00e9rieure \u00e0 celle d\" \/>\n<meta name=\"robots\" content=\"index, follow, max-snippet:-1, max-image-preview:large, max-video-preview:-1\" \/>\n<link rel=\"canonical\" href=\"https:\/\/boutique-one-piece.com\/nl\/one-piece-gezocht-poster\/one-piece-gezocht-poster-bartolomeo-gezocht\/\" \/>\n<meta property=\"og:locale\" content=\"nl_NL\" \/>\n<meta property=\"og:type\" content=\"article\" \/>\n<meta property=\"og:title\" content=\"Avis de Recherche One Piece Bartolomeo Wanted | D\u00e9coration One Piece \u2013 Boutique One Piece\" \/>\n<meta property=\"og:description\" content=\"Tu cherches \u00e0 red\u00e9corer ta chambre ? Dans ce cas, laisse-toi tenter par l&#039;Avis de Recherche Bartolomeo Wanted. Si tu aimes ce qui se passe dans One Piece au niveau du Nouveau Monde et plus particuli\u00e8rement \u00e0 Dressrosa, tu dois appr\u00e9cier Bartolomeo qui est un capitaine et un rookie d&#039;une g\u00e9n\u00e9ration post\u00e9rieure \u00e0 celle d\" \/>\n<meta property=\"og:url\" content=\"https:\/\/boutique-one-piece.com\/nl\/one-piece-gezocht-poster\/one-piece-gezocht-poster-bartolomeo-gezocht\/\" \/>\n<meta property=\"og:site_name\" content=\"Boutique One Piece\" \/>\n<meta property=\"article:modified_time\" content=\"2024-09-16T12:53:53+00:00\" \/>\n<meta property=\"og:image\" content=\"https:\/\/boutique-one-piece.com\/wp-content\/uploads\/2022\/09\/Avis-de-Recherche-Bartolomeo-Wanted-1.jpg\" \/>\n\t<meta property=\"og:image:width\" content=\"800\" \/>\n\t<meta property=\"og:image:height\" content=\"800\" \/>\n\t<meta property=\"og:image:type\" content=\"image\/jpeg\" \/>\n<meta name=\"twitter:card\" content=\"summary_large_image\" \/>\n<meta name=\"twitter:label1\" content=\"Geschatte leestijd\" \/>\n\t<meta name=\"twitter:data1\" content=\"1 minuut\" \/>\n<script type=\"application\/ld+json\" class=\"yoast-schema-graph\">{\"@context\":\"https:\\\/\\\/schema.org\",\"@graph\":[{\"@type\":\"WebPage\",\"@id\":\"https:\\\/\\\/boutique-one-piece.com\\\/avis-de-recherche-one-piece\\\/avis-de-recherche-one-piece-bartolomeo-wanted\\\/\",\"url\":\"https:\\\/\\\/boutique-one-piece.com\\\/avis-de-recherche-one-piece\\\/avis-de-recherche-one-piece-bartolomeo-wanted\\\/\",\"name\":\"Avis de Recherche One Piece Bartolomeo Wanted | D\u00e9coration One Piece \u2013 Boutique One Piece\",\"isPartOf\":{\"@id\":\"https:\\\/\\\/boutique-one-piece.com\\\/#website\"},\"primaryImageOfPage\":{\"@id\":\"https:\\\/\\\/boutique-one-piece.com\\\/avis-de-recherche-one-piece\\\/avis-de-recherche-one-piece-bartolomeo-wanted\\\/#primaryimage\"},\"image\":{\"@id\":\"https:\\\/\\\/boutique-one-piece.com\\\/avis-de-recherche-one-piece\\\/avis-de-recherche-one-piece-bartolomeo-wanted\\\/#primaryimage\"},\"thumbnailUrl\":\"https:\\\/\\\/boutique-one-piece.com\\\/wp-content\\\/uploads\\\/2022\\\/09\\\/Avis-de-Recherche-Bartolomeo-Wanted-1.jpg\",\"datePublished\":\"2022-09-27T20:55:32+00:00\",\"dateModified\":\"2024-09-16T12:53:53+00:00\",\"description\":\"Tu cherches \u00e0 red\u00e9corer ta chambre ? Dans ce cas, laisse-toi tenter par l'Avis de Recherche Bartolomeo Wanted. Si tu aimes ce qui se passe dans One Piece au niveau du Nouveau Monde et plus particuli\u00e8rement \u00e0 Dressrosa, tu dois appr\u00e9cier Bartolomeo qui est un capitaine et un rookie d'une g\u00e9n\u00e9ration post\u00e9rieure \u00e0 celle d\",\"breadcrumb\":{\"@id\":\"https:\\\/\\\/boutique-one-piece.com\\\/avis-de-recherche-one-piece\\\/avis-de-recherche-one-piece-bartolomeo-wanted\\\/#breadcrumb\"},\"inLanguage\":\"nl-NL\",\"potentialAction\":[{\"@type\":\"ReadAction\",\"target\":[\"https:\\\/\\\/boutique-one-piece.com\\\/avis-de-recherche-one-piece\\\/avis-de-recherche-one-piece-bartolomeo-wanted\\\/\"]}]},{\"@type\":\"ImageObject\",\"inLanguage\":\"nl-NL\",\"@id\":\"https:\\\/\\\/boutique-one-piece.com\\\/avis-de-recherche-one-piece\\\/avis-de-recherche-one-piece-bartolomeo-wanted\\\/#primaryimage\",\"url\":\"https:\\\/\\\/boutique-one-piece.com\\\/wp-content\\\/uploads\\\/2022\\\/09\\\/Avis-de-Recherche-Bartolomeo-Wanted-1.jpg\",\"contentUrl\":\"https:\\\/\\\/boutique-one-piece.com\\\/wp-content\\\/uploads\\\/2022\\\/09\\\/Avis-de-Recherche-Bartolomeo-Wanted-1.jpg\",\"width\":800,\"height\":800},{\"@type\":\"BreadcrumbList\",\"@id\":\"https:\\\/\\\/boutique-one-piece.com\\\/avis-de-recherche-one-piece\\\/avis-de-recherche-one-piece-bartolomeo-wanted\\\/#breadcrumb\",\"itemListElement\":[{\"@type\":\"ListItem\",\"position\":1,\"name\":\"Home\",\"item\":\"https:\\\/\\\/boutique-one-piece.com\\\/\"},{\"@type\":\"ListItem\",\"position\":2,\"name\":\"Shop\",\"item\":\"https:\\\/\\\/boutique-one-piece.com\\\/shop\\\/\"},{\"@type\":\"ListItem\",\"position\":3,\"name\":\"Avis de Recherche Bartolomeo Wanted\"}]},{\"@type\":\"WebSite\",\"@id\":\"https:\\\/\\\/boutique-one-piece.com\\\/#website\",\"url\":\"https:\\\/\\\/boutique-one-piece.com\\\/\",\"name\":\"Boutique One Piece\",\"description\":\"Magasin Sp\u00e9cialis\u00e9 du Manga et l&#039;Anime One Piece\",\"publisher\":{\"@id\":\"https:\\\/\\\/boutique-one-piece.com\\\/#organization\"},\"potentialAction\":[{\"@type\":\"SearchAction\",\"target\":{\"@type\":\"EntryPoint\",\"urlTemplate\":\"https:\\\/\\\/boutique-one-piece.com\\\/?s={search_term_string}\"},\"query-input\":{\"@type\":\"PropertyValueSpecification\",\"valueRequired\":true,\"valueName\":\"search_term_string\"}}],\"inLanguage\":\"nl-NL\"},{\"@type\":\"Organization\",\"@id\":\"https:\\\/\\\/boutique-one-piece.com\\\/#organization\",\"name\":\"Boutique One Piece\",\"url\":\"https:\\\/\\\/boutique-one-piece.com\\\/\",\"logo\":{\"@type\":\"ImageObject\",\"inLanguage\":\"nl-NL\",\"@id\":\"https:\\\/\\\/boutique-one-piece.com\\\/#\\\/schema\\\/logo\\\/image\\\/\",\"url\":\"https:\\\/\\\/boutique-one-piece.com\\\/wp-content\\\/uploads\\\/2022\\\/09\\\/Logo-01.png\",\"contentUrl\":\"https:\\\/\\\/boutique-one-piece.com\\\/wp-content\\\/uploads\\\/2022\\\/09\\\/Logo-01.png\",\"width\":2318,\"height\":957,\"caption\":\"Boutique One Piece\"},\"image\":{\"@id\":\"https:\\\/\\\/boutique-one-piece.com\\\/#\\\/schema\\\/logo\\\/image\\\/\"}}]}<\/script>\n<!-- \/ Yoast SEO plugin. -->","yoast_head_json":{"title":"One Piece gezocht: Bartolomeo gezocht | One Piece decoraties \u2013 One Piece winkel","description":"Wil je je kamer opnieuw inrichten? Bekijk dan de Bartolomeo Wanted-poster. Als je fan bent van de Nieuwe Wereld-serie van One Piece, en dan vooral Dressrosa, zul je Bartolomeo geweldig vinden. Hij is een kapitein en rookie uit een latere generatie.","robots":{"index":"index","follow":"follow","max-snippet":"max-snippet:-1","max-image-preview":"max-image-preview:large","max-video-preview":"max-video-preview:-1"},"canonical":"https:\/\/boutique-one-piece.com\/nl\/one-piece-gezocht-poster\/one-piece-gezocht-poster-bartolomeo-gezocht\/","og_locale":"nl_NL","og_type":"article","og_title":"Avis de Recherche One Piece Bartolomeo Wanted | D\u00e9coration One Piece \u2013 Boutique One Piece","og_description":"Tu cherches \u00e0 red\u00e9corer ta chambre ? Dans ce cas, laisse-toi tenter par l'Avis de Recherche Bartolomeo Wanted. Si tu aimes ce qui se passe dans One Piece au niveau du Nouveau Monde et plus particuli\u00e8rement \u00e0 Dressrosa, tu dois appr\u00e9cier Bartolomeo qui est un capitaine et un rookie d'une g\u00e9n\u00e9ration post\u00e9rieure \u00e0 celle d","og_url":"https:\/\/boutique-one-piece.com\/nl\/one-piece-gezocht-poster\/one-piece-gezocht-poster-bartolomeo-gezocht\/","og_site_name":"Boutique One Piece","article_modified_time":"2024-09-16T12:53:53+00:00","og_image":[{"width":800,"height":800,"url":"https:\/\/boutique-one-piece.com\/wp-content\/uploads\/2022\/09\/Avis-de-Recherche-Bartolomeo-Wanted-1.jpg","type":"image\/jpeg"}],"twitter_card":"summary_large_image","twitter_misc":{"Geschatte leestijd":"1 minuut"},"schema":{"@context":"https:\/\/schema.org","@graph":[{"@type":"WebPage","@id":"https:\/\/boutique-one-piece.com\/avis-de-recherche-one-piece\/avis-de-recherche-one-piece-bartolomeo-wanted\/","url":"https:\/\/boutique-one-piece.com\/avis-de-recherche-one-piece\/avis-de-recherche-one-piece-bartolomeo-wanted\/","name":"One Piece gezocht: Bartolomeo gezocht | One Piece decoraties \u2013 One Piece winkel","isPartOf":{"@id":"https:\/\/boutique-one-piece.com\/#website"},"primaryImageOfPage":{"@id":"https:\/\/boutique-one-piece.com\/avis-de-recherche-one-piece\/avis-de-recherche-one-piece-bartolomeo-wanted\/#primaryimage"},"image":{"@id":"https:\/\/boutique-one-piece.com\/avis-de-recherche-one-piece\/avis-de-recherche-one-piece-bartolomeo-wanted\/#primaryimage"},"thumbnailUrl":"https:\/\/boutique-one-piece.com\/wp-content\/uploads\/2022\/09\/Avis-de-Recherche-Bartolomeo-Wanted-1.jpg","datePublished":"2022-09-27T20:55:32+00:00","dateModified":"2024-09-16T12:53:53+00:00","description":"Wil je je kamer opnieuw inrichten? Bekijk dan de Bartolomeo Wanted-poster. Als je fan bent van de Nieuwe Wereld-serie van One Piece, en dan vooral Dressrosa, zul je Bartolomeo geweldig vinden. Hij is een kapitein en rookie uit een latere generatie.","breadcrumb":{"@id":"https:\/\/boutique-one-piece.com\/avis-de-recherche-one-piece\/avis-de-recherche-one-piece-bartolomeo-wanted\/#breadcrumb"},"inLanguage":"nl-NL","potentialAction":[{"@type":"ReadAction","target":["https:\/\/boutique-one-piece.com\/avis-de-recherche-one-piece\/avis-de-recherche-one-piece-bartolomeo-wanted\/"]}]},{"@type":"ImageObject","inLanguage":"nl-NL","@id":"https:\/\/boutique-one-piece.com\/avis-de-recherche-one-piece\/avis-de-recherche-one-piece-bartolomeo-wanted\/#primaryimage","url":"https:\/\/boutique-one-piece.com\/wp-content\/uploads\/2022\/09\/Avis-de-Recherche-Bartolomeo-Wanted-1.jpg","contentUrl":"https:\/\/boutique-one-piece.com\/wp-content\/uploads\/2022\/09\/Avis-de-Recherche-Bartolomeo-Wanted-1.jpg","width":800,"height":800},{"@type":"BreadcrumbList","@id":"https:\/\/boutique-one-piece.com\/avis-de-recherche-one-piece\/avis-de-recherche-one-piece-bartolomeo-wanted\/#breadcrumb","itemListElement":[{"@type":"ListItem","position":1,"name":"Home","item":"https:\/\/boutique-one-piece.com\/"},{"@type":"ListItem","position":2,"name":"Shop","item":"https:\/\/boutique-one-piece.com\/shop\/"},{"@type":"ListItem","position":3,"name":"Avis de Recherche Bartolomeo Wanted"}]},{"@type":"WebSite","@id":"https:\/\/boutique-one-piece.com\/#website","url":"https:\/\/boutique-one-piece.com\/","name":"One Piece Shop","description":"Gespecialiseerde winkel voor One Piece manga en anime.","publisher":{"@id":"https:\/\/boutique-one-piece.com\/#organization"},"potentialAction":[{"@type":"SearchAction","target":{"@type":"EntryPoint","urlTemplate":"https:\/\/boutique-one-piece.com\/?s={search_term_string}"},"query-input":{"@type":"PropertyValueSpecification","valueRequired":true,"valueName":"search_term_string"}}],"inLanguage":"nl-NL"},{"@type":"Organization","@id":"https:\/\/boutique-one-piece.com\/#organization","name":"One Piece Shop","url":"https:\/\/boutique-one-piece.com\/","logo":{"@type":"ImageObject","inLanguage":"nl-NL","@id":"https:\/\/boutique-one-piece.com\/#\/schema\/logo\/image\/","url":"https:\/\/boutique-one-piece.com\/wp-content\/uploads\/2022\/09\/Logo-01.png","contentUrl":"https:\/\/boutique-one-piece.com\/wp-content\/uploads\/2022\/09\/Logo-01.png","width":2318,"height":957,"caption":"Boutique One Piece"},"image":{"@id":"https:\/\/boutique-one-piece.com\/#\/schema\/logo\/image\/"}}]}},"_links":{"self":[{"href":"https:\/\/boutique-one-piece.com\/nl\/wp-json\/wp\/v2\/product\/12391","targetHints":{"allow":["GET"]}}],"collection":[{"href":"https:\/\/boutique-one-piece.com\/nl\/wp-json\/wp\/v2\/product"}],"about":[{"href":"https:\/\/boutique-one-piece.com\/nl\/wp-json\/wp\/v2\/types\/product"}],"replies":[{"embeddable":true,"href":"https:\/\/boutique-one-piece.com\/nl\/wp-json\/wp\/v2\/comments?post=12391"}],"wp:featuredmedia":[{"embeddable":true,"href":"https:\/\/boutique-one-piece.com\/nl\/wp-json\/wp\/v2\/media\/12393"}],"wp:attachment":[{"href":"https:\/\/boutique-one-piece.com\/nl\/wp-json\/wp\/v2\/media?parent=12391"}],"wp:term":[{"taxonomy":"product_brand","embeddable":true,"href":"https:\/\/boutique-one-piece.com\/nl\/wp-json\/wp\/v2\/product_brand?post=12391"},{"taxonomy":"product_cat","embeddable":true,"href":"https:\/\/boutique-one-piece.com\/nl\/wp-json\/wp\/v2\/product_cat?post=12391"},{"taxonomy":"product_tag","embeddable":true,"href":"https:\/\/boutique-one-piece.com\/nl\/wp-json\/wp\/v2\/product_tag?post=12391"}],"curies":[{"name":"wp","href":"https:\/\/api.w.org\/{rel}","templated":true}]}}