{"id":12496,"date":"2022-09-27T20:56:13","date_gmt":"2022-09-27T20:56:13","guid":{"rendered":"https:\/\/boutique-one-piece.com\/uncategorized\/avis-de-recherche-one-piece-edward-newgate-wanted\/"},"modified":"2024-12-12T13:44:13","modified_gmt":"2024-12-12T13:44:13","slug":"gezocht-bericht-een-stuk-edward-newgate-gezocht","status":"publish","type":"product","link":"https:\/\/boutique-one-piece.com\/nl\/one-piece-decoraties\/gezocht-bericht-een-stuk-edward-newgate-gezocht\/","title":{"rendered":"Edward Newgate gezocht"},"content":{"rendered":"<h2>Als je een liefhebber bent van de premies in One Piece en de machtigste piraten, wat vind je dan van deze gezocht-poster van Edward Newgate?<\/h2>\n<p>Edward Newgate, ook bekend als Whitebeard, staat bekend als de sterkste man ter wereld. Gezien de vele machtige piraten die het One Piece-universum bevolken, is Edward Newgates vechtkunst des te indrukwekkender. Hij is een van de vier <strong>Yonko<\/strong> van de Nieuwe Wereld.<\/p>\n<p>In tegenstelling tot de nieuwe generatie die op zoek is naar de One Piece, was hij er nooit in ge\u00efnteresseerd. Hij werd alleen gedreven door het doel om... <strong>een groot gezin stichten<\/strong> Hij droomde ervan piraten te ontvluchten en in alle vrijheid van zee tot zee te varen. Met zijn grote bemanning, die hij zelf had samengesteld en die hij allemaal als zijn eigen zonen beschouwde, slaagde hij erin zijn doel te bereiken.<\/p>\n<h3>Voeg deze poster van de sterkste man ter wereld uit One Piece toe aan je interieur.<\/h3>\n<p>Edward Newgate at de Duivelsvrucht van <strong>Gura Gura geen mi<\/strong>, waardoor hij aardbevingen kan veroorzaken als hij ergens met zijn vuisten op slaat. Men gelooft dat hij met zijn kracht complete eilanden kan vernietigen.<\/p>\n<p>Newgates toewijding aan zijn ondergeschikten kent geen grenzen; om Ace, een van de commandanten van zijn bemanning, te redden, zal hij zij aan zij met zijn hele bemanning vechten tegen de Wereldregering, die hem gevangen houdt, en zal hij zelfs bereid zijn om op het slagveld te sterven. <strong>Marineford<\/strong> om Ace te wreken, die in de strijd zal sneuvelen. Op Edward Newgate staat een beloning van 5 miljard en 46 miljoen bessen.<\/p>\n<p>Als je een passie hebt voor bonussen, dan is dit iets voor jou.<a href=\"https:\/\/boutique-one-piece.com\/nl\/opsporingsposter-voor-krokodillen\/\" target=\"_blank\" title=\"Opsporingsbericht voor krokodillen\" rel=\"noopener noreferrer\"> Opsporingsposter voor krokodillen<\/a> is speciaal voor jou gemaakt.<\/p>\n<h2>Informatie over de One Piece Wanted Whitebeard-poster<\/h2>\n<ul>\n<li><span><b><u>One Piece Wanted Poster<\/u><\/b>\u00a0Een authentieke One Piece-opsporingsposter voor echte piraten.<\/span><\/li>\n<\/ul>\n<ul>\n<li>\n<b><u>Edward Newgate&#039;s Bounty<\/u><\/b>\u00a05.046.000.000 bessen<\/li>\n<\/ul>\n<ul>\n<li><span><strong>Afdrukken van hoge kwaliteit<\/strong>\u00a0nauwkeurige kleuren<\/span><\/li>\n<\/ul>\n<ul>\n<li>\n<strong>Dimensie<\/strong>\u00a0: 30 cm x 21 cm en 42 cm x 30 cm<\/li>\n<\/ul>\n<ul>\n<li><span><strong>GRATIS BEZORGING<\/strong><\/span><\/li>\n<\/ul>","protected":false},"excerpt":{"rendered":"<p>Si tu es passionn\u00e9 par les primes de One Piece et les pirates les plus puissants, que penses-tu de cet Avis de Recherche Edward Newgate Wanted ? Edward Newgate, alias Barbe Blanche est r\u00e9put\u00e9 pour \u00eatre l&rsquo;homme le plus fort au monde. Quand on connait les nombreux pirates tr\u00e8s puissants qui peuplent l&rsquo;univers de One [&hellip;]<\/p>","protected":false},"featured_media":12498,"comment_status":"open","ping_status":"open","template":"","meta":[],"product_brand":[],"product_cat":[171,150],"product_tag":[],"class_list":{"0":"post-12496","1":"product","2":"type-product","3":"status-publish","4":"has-post-thumbnail","6":"product_cat-avis-de-recherche-one-piece","7":"product_cat-decorations-one-piece","9":"first","10":"instock","11":"purchasable","12":"product-type-variable"},"yoast_head":"<!-- This site is optimized with the Yoast SEO plugin v27.5 - https:\/\/yoast.com\/product\/yoast-seo-wordpress\/ -->\n<title>Avis de Recherche One Piece Edward Newgate Wanted | D\u00e9coration One Piece \u2013 Boutique One Piece<\/title>\n<meta name=\"description\" content=\"Si tu es passionn\u00e9 par les primes de One Piece et les pirates les plus puissants, que penses-tu de cet Avis de Recherche Edward Newgate Wanted ? Edward Newgate, alias Barbe Blanche est r\u00e9put\u00e9 pour \u00eatre l&#039;homme le plus fort au monde. Quand on connait les nombreux pirates tr\u00e8s puissants qui peuplent l&#039;univers de One Piec\" \/>\n<meta name=\"robots\" content=\"index, follow, max-snippet:-1, max-image-preview:large, max-video-preview:-1\" \/>\n<link rel=\"canonical\" href=\"https:\/\/boutique-one-piece.com\/nl\/one-piece-gezocht-poster\/gezocht-bericht-een-stuk-edward-newgate-gezocht\/\" \/>\n<meta property=\"og:locale\" content=\"nl_NL\" \/>\n<meta property=\"og:type\" content=\"article\" \/>\n<meta property=\"og:title\" content=\"Avis de Recherche One Piece Edward Newgate Wanted | D\u00e9coration One Piece \u2013 Boutique One Piece\" \/>\n<meta property=\"og:description\" content=\"Si tu es passionn\u00e9 par les primes de One Piece et les pirates les plus puissants, que penses-tu de cet Avis de Recherche Edward Newgate Wanted ? Edward Newgate, alias Barbe Blanche est r\u00e9put\u00e9 pour \u00eatre l&#039;homme le plus fort au monde. Quand on connait les nombreux pirates tr\u00e8s puissants qui peuplent l&#039;univers de One Piec\" \/>\n<meta property=\"og:url\" content=\"https:\/\/boutique-one-piece.com\/nl\/one-piece-gezocht-poster\/gezocht-bericht-een-stuk-edward-newgate-gezocht\/\" \/>\n<meta property=\"og:site_name\" content=\"Boutique One Piece\" \/>\n<meta property=\"article:modified_time\" content=\"2024-12-12T13:44:13+00:00\" \/>\n<meta property=\"og:image\" content=\"https:\/\/boutique-one-piece.com\/wp-content\/uploads\/2022\/09\/Avis-de-Recherche-Edward-Newgate-Wanted.jpg\" \/>\n\t<meta property=\"og:image:width\" content=\"800\" \/>\n\t<meta property=\"og:image:height\" content=\"800\" \/>\n\t<meta property=\"og:image:type\" content=\"image\/jpeg\" \/>\n<meta name=\"twitter:card\" content=\"summary_large_image\" \/>\n<meta name=\"twitter:label1\" content=\"Geschatte leestijd\" \/>\n\t<meta name=\"twitter:data1\" content=\"2 minuten\" \/>\n<script type=\"application\/ld+json\" class=\"yoast-schema-graph\">{\"@context\":\"https:\\\/\\\/schema.org\",\"@graph\":[{\"@type\":\"WebPage\",\"@id\":\"https:\\\/\\\/boutique-one-piece.com\\\/avis-de-recherche-one-piece\\\/avis-de-recherche-one-piece-edward-newgate-wanted\\\/\",\"url\":\"https:\\\/\\\/boutique-one-piece.com\\\/avis-de-recherche-one-piece\\\/avis-de-recherche-one-piece-edward-newgate-wanted\\\/\",\"name\":\"Avis de Recherche One Piece Edward Newgate Wanted | D\u00e9coration One Piece \u2013 Boutique One Piece\",\"isPartOf\":{\"@id\":\"https:\\\/\\\/boutique-one-piece.com\\\/#website\"},\"primaryImageOfPage\":{\"@id\":\"https:\\\/\\\/boutique-one-piece.com\\\/avis-de-recherche-one-piece\\\/avis-de-recherche-one-piece-edward-newgate-wanted\\\/#primaryimage\"},\"image\":{\"@id\":\"https:\\\/\\\/boutique-one-piece.com\\\/avis-de-recherche-one-piece\\\/avis-de-recherche-one-piece-edward-newgate-wanted\\\/#primaryimage\"},\"thumbnailUrl\":\"https:\\\/\\\/boutique-one-piece.com\\\/wp-content\\\/uploads\\\/2022\\\/09\\\/Avis-de-Recherche-Edward-Newgate-Wanted.jpg\",\"datePublished\":\"2022-09-27T20:56:13+00:00\",\"dateModified\":\"2024-12-12T13:44:13+00:00\",\"description\":\"Si tu es passionn\u00e9 par les primes de One Piece et les pirates les plus puissants, que penses-tu de cet Avis de Recherche Edward Newgate Wanted ? Edward Newgate, alias Barbe Blanche est r\u00e9put\u00e9 pour \u00eatre l'homme le plus fort au monde. Quand on connait les nombreux pirates tr\u00e8s puissants qui peuplent l'univers de One Piec\",\"breadcrumb\":{\"@id\":\"https:\\\/\\\/boutique-one-piece.com\\\/avis-de-recherche-one-piece\\\/avis-de-recherche-one-piece-edward-newgate-wanted\\\/#breadcrumb\"},\"inLanguage\":\"nl-NL\",\"potentialAction\":[{\"@type\":\"ReadAction\",\"target\":[\"https:\\\/\\\/boutique-one-piece.com\\\/avis-de-recherche-one-piece\\\/avis-de-recherche-one-piece-edward-newgate-wanted\\\/\"]}]},{\"@type\":\"ImageObject\",\"inLanguage\":\"nl-NL\",\"@id\":\"https:\\\/\\\/boutique-one-piece.com\\\/avis-de-recherche-one-piece\\\/avis-de-recherche-one-piece-edward-newgate-wanted\\\/#primaryimage\",\"url\":\"https:\\\/\\\/boutique-one-piece.com\\\/wp-content\\\/uploads\\\/2022\\\/09\\\/Avis-de-Recherche-Edward-Newgate-Wanted.jpg\",\"contentUrl\":\"https:\\\/\\\/boutique-one-piece.com\\\/wp-content\\\/uploads\\\/2022\\\/09\\\/Avis-de-Recherche-Edward-Newgate-Wanted.jpg\",\"width\":800,\"height\":800,\"caption\":\"Avis de Recherche Edward Newgate Wanted 42 X 30 cm\"},{\"@type\":\"BreadcrumbList\",\"@id\":\"https:\\\/\\\/boutique-one-piece.com\\\/avis-de-recherche-one-piece\\\/avis-de-recherche-one-piece-edward-newgate-wanted\\\/#breadcrumb\",\"itemListElement\":[{\"@type\":\"ListItem\",\"position\":1,\"name\":\"Home\",\"item\":\"https:\\\/\\\/boutique-one-piece.com\\\/\"},{\"@type\":\"ListItem\",\"position\":2,\"name\":\"Shop\",\"item\":\"https:\\\/\\\/boutique-one-piece.com\\\/shop\\\/\"},{\"@type\":\"ListItem\",\"position\":3,\"name\":\"Avis de Recherche Edward Newgate Wanted\"}]},{\"@type\":\"WebSite\",\"@id\":\"https:\\\/\\\/boutique-one-piece.com\\\/#website\",\"url\":\"https:\\\/\\\/boutique-one-piece.com\\\/\",\"name\":\"Boutique One Piece\",\"description\":\"Magasin Sp\u00e9cialis\u00e9 du Manga et l&#039;Anime One Piece\",\"publisher\":{\"@id\":\"https:\\\/\\\/boutique-one-piece.com\\\/#organization\"},\"potentialAction\":[{\"@type\":\"SearchAction\",\"target\":{\"@type\":\"EntryPoint\",\"urlTemplate\":\"https:\\\/\\\/boutique-one-piece.com\\\/?s={search_term_string}\"},\"query-input\":{\"@type\":\"PropertyValueSpecification\",\"valueRequired\":true,\"valueName\":\"search_term_string\"}}],\"inLanguage\":\"nl-NL\"},{\"@type\":\"Organization\",\"@id\":\"https:\\\/\\\/boutique-one-piece.com\\\/#organization\",\"name\":\"Boutique One Piece\",\"url\":\"https:\\\/\\\/boutique-one-piece.com\\\/\",\"logo\":{\"@type\":\"ImageObject\",\"inLanguage\":\"nl-NL\",\"@id\":\"https:\\\/\\\/boutique-one-piece.com\\\/#\\\/schema\\\/logo\\\/image\\\/\",\"url\":\"https:\\\/\\\/boutique-one-piece.com\\\/wp-content\\\/uploads\\\/2022\\\/09\\\/Logo-01.png\",\"contentUrl\":\"https:\\\/\\\/boutique-one-piece.com\\\/wp-content\\\/uploads\\\/2022\\\/09\\\/Logo-01.png\",\"width\":2318,\"height\":957,\"caption\":\"Boutique One Piece\"},\"image\":{\"@id\":\"https:\\\/\\\/boutique-one-piece.com\\\/#\\\/schema\\\/logo\\\/image\\\/\"}}]}<\/script>\n<!-- \/ Yoast SEO plugin. -->","yoast_head_json":{"title":"One Piece Wanted Poster: Edward Newgate | One Piece Decoraties \u2013 One Piece Shop","description":"Ben je een liefhebber van One Piece-premies en de machtigste piraten? Wat vind je dan van deze opsporingsoproep voor Edward Newgate? Edward Newgate, ook bekend als Whitebeard, staat bekend als de sterkste man ter wereld. Gezien de vele ongelooflijk krachtige piraten die het One Piece-universum bevolken...","robots":{"index":"index","follow":"follow","max-snippet":"max-snippet:-1","max-image-preview":"max-image-preview:large","max-video-preview":"max-video-preview:-1"},"canonical":"https:\/\/boutique-one-piece.com\/nl\/one-piece-gezocht-poster\/gezocht-bericht-een-stuk-edward-newgate-gezocht\/","og_locale":"nl_NL","og_type":"article","og_title":"Avis de Recherche One Piece Edward Newgate Wanted | D\u00e9coration One Piece \u2013 Boutique One Piece","og_description":"Si tu es passionn\u00e9 par les primes de One Piece et les pirates les plus puissants, que penses-tu de cet Avis de Recherche Edward Newgate Wanted ? Edward Newgate, alias Barbe Blanche est r\u00e9put\u00e9 pour \u00eatre l'homme le plus fort au monde. Quand on connait les nombreux pirates tr\u00e8s puissants qui peuplent l'univers de One Piec","og_url":"https:\/\/boutique-one-piece.com\/nl\/one-piece-gezocht-poster\/gezocht-bericht-een-stuk-edward-newgate-gezocht\/","og_site_name":"Boutique One Piece","article_modified_time":"2024-12-12T13:44:13+00:00","og_image":[{"width":800,"height":800,"url":"https:\/\/boutique-one-piece.com\/wp-content\/uploads\/2022\/09\/Avis-de-Recherche-Edward-Newgate-Wanted.jpg","type":"image\/jpeg"}],"twitter_card":"summary_large_image","twitter_misc":{"Geschatte leestijd":"2 minuten"},"schema":{"@context":"https:\/\/schema.org","@graph":[{"@type":"WebPage","@id":"https:\/\/boutique-one-piece.com\/avis-de-recherche-one-piece\/avis-de-recherche-one-piece-edward-newgate-wanted\/","url":"https:\/\/boutique-one-piece.com\/avis-de-recherche-one-piece\/avis-de-recherche-one-piece-edward-newgate-wanted\/","name":"One Piece Wanted Poster: Edward Newgate | One Piece Decoraties \u2013 One Piece Shop","isPartOf":{"@id":"https:\/\/boutique-one-piece.com\/#website"},"primaryImageOfPage":{"@id":"https:\/\/boutique-one-piece.com\/avis-de-recherche-one-piece\/avis-de-recherche-one-piece-edward-newgate-wanted\/#primaryimage"},"image":{"@id":"https:\/\/boutique-one-piece.com\/avis-de-recherche-one-piece\/avis-de-recherche-one-piece-edward-newgate-wanted\/#primaryimage"},"thumbnailUrl":"https:\/\/boutique-one-piece.com\/wp-content\/uploads\/2022\/09\/Avis-de-Recherche-Edward-Newgate-Wanted.jpg","datePublished":"2022-09-27T20:56:13+00:00","dateModified":"2024-12-12T13:44:13+00:00","description":"Ben je een liefhebber van One Piece-premies en de machtigste piraten? Wat vind je dan van deze opsporingsoproep voor Edward Newgate? Edward Newgate, ook bekend als Whitebeard, staat bekend als de sterkste man ter wereld. Gezien de vele ongelooflijk krachtige piraten die het One Piece-universum bevolken...","breadcrumb":{"@id":"https:\/\/boutique-one-piece.com\/avis-de-recherche-one-piece\/avis-de-recherche-one-piece-edward-newgate-wanted\/#breadcrumb"},"inLanguage":"nl-NL","potentialAction":[{"@type":"ReadAction","target":["https:\/\/boutique-one-piece.com\/avis-de-recherche-one-piece\/avis-de-recherche-one-piece-edward-newgate-wanted\/"]}]},{"@type":"ImageObject","inLanguage":"nl-NL","@id":"https:\/\/boutique-one-piece.com\/avis-de-recherche-one-piece\/avis-de-recherche-one-piece-edward-newgate-wanted\/#primaryimage","url":"https:\/\/boutique-one-piece.com\/wp-content\/uploads\/2022\/09\/Avis-de-Recherche-Edward-Newgate-Wanted.jpg","contentUrl":"https:\/\/boutique-one-piece.com\/wp-content\/uploads\/2022\/09\/Avis-de-Recherche-Edward-Newgate-Wanted.jpg","width":800,"height":800,"caption":"Avis de Recherche Edward Newgate Wanted 42 X 30 cm"},{"@type":"BreadcrumbList","@id":"https:\/\/boutique-one-piece.com\/avis-de-recherche-one-piece\/avis-de-recherche-one-piece-edward-newgate-wanted\/#breadcrumb","itemListElement":[{"@type":"ListItem","position":1,"name":"Home","item":"https:\/\/boutique-one-piece.com\/"},{"@type":"ListItem","position":2,"name":"Shop","item":"https:\/\/boutique-one-piece.com\/shop\/"},{"@type":"ListItem","position":3,"name":"Avis de Recherche Edward Newgate Wanted"}]},{"@type":"WebSite","@id":"https:\/\/boutique-one-piece.com\/#website","url":"https:\/\/boutique-one-piece.com\/","name":"One Piece Shop","description":"Gespecialiseerde winkel voor One Piece manga en anime.","publisher":{"@id":"https:\/\/boutique-one-piece.com\/#organization"},"potentialAction":[{"@type":"SearchAction","target":{"@type":"EntryPoint","urlTemplate":"https:\/\/boutique-one-piece.com\/?s={search_term_string}"},"query-input":{"@type":"PropertyValueSpecification","valueRequired":true,"valueName":"search_term_string"}}],"inLanguage":"nl-NL"},{"@type":"Organization","@id":"https:\/\/boutique-one-piece.com\/#organization","name":"One Piece Shop","url":"https:\/\/boutique-one-piece.com\/","logo":{"@type":"ImageObject","inLanguage":"nl-NL","@id":"https:\/\/boutique-one-piece.com\/#\/schema\/logo\/image\/","url":"https:\/\/boutique-one-piece.com\/wp-content\/uploads\/2022\/09\/Logo-01.png","contentUrl":"https:\/\/boutique-one-piece.com\/wp-content\/uploads\/2022\/09\/Logo-01.png","width":2318,"height":957,"caption":"Boutique One Piece"},"image":{"@id":"https:\/\/boutique-one-piece.com\/#\/schema\/logo\/image\/"}}]}},"_links":{"self":[{"href":"https:\/\/boutique-one-piece.com\/nl\/wp-json\/wp\/v2\/product\/12496","targetHints":{"allow":["GET"]}}],"collection":[{"href":"https:\/\/boutique-one-piece.com\/nl\/wp-json\/wp\/v2\/product"}],"about":[{"href":"https:\/\/boutique-one-piece.com\/nl\/wp-json\/wp\/v2\/types\/product"}],"replies":[{"embeddable":true,"href":"https:\/\/boutique-one-piece.com\/nl\/wp-json\/wp\/v2\/comments?post=12496"}],"wp:featuredmedia":[{"embeddable":true,"href":"https:\/\/boutique-one-piece.com\/nl\/wp-json\/wp\/v2\/media\/12498"}],"wp:attachment":[{"href":"https:\/\/boutique-one-piece.com\/nl\/wp-json\/wp\/v2\/media?parent=12496"}],"wp:term":[{"taxonomy":"product_brand","embeddable":true,"href":"https:\/\/boutique-one-piece.com\/nl\/wp-json\/wp\/v2\/product_brand?post=12496"},{"taxonomy":"product_cat","embeddable":true,"href":"https:\/\/boutique-one-piece.com\/nl\/wp-json\/wp\/v2\/product_cat?post=12496"},{"taxonomy":"product_tag","embeddable":true,"href":"https:\/\/boutique-one-piece.com\/nl\/wp-json\/wp\/v2\/product_tag?post=12496"}],"curies":[{"name":"wp","href":"https:\/\/api.w.org\/{rel}","templated":true}]}}