{"id":12638,"date":"2022-09-27T20:57:05","date_gmt":"2022-09-27T20:57:05","guid":{"rendered":"https:\/\/boutique-one-piece.com\/uncategorized\/veste-one-piece-mini-zoro\/"},"modified":"2025-09-26T09:55:32","modified_gmt":"2025-09-26T09:55:32","slug":"one-piece-mini-zoro-jasje","status":"publish","type":"product","link":"https:\/\/boutique-one-piece.com\/nl\/one-piece-kleding\/jassen-uit-een-stuk\/one-piece-mini-zoro-jasje\/","title":{"rendered":"One Piece Mini Zoro-jasje"},"content":{"rendered":"<h2>\n<b>Grijze One Piece-jas met capuchon, met daarop Roronoa Zoro, de beste zwaardvechter van de toekomstige wereld, Zoro de piratenjager.\u00a0<\/b><b>en Luffy&#039;s vlag<\/b><br \/>\n<\/h2>\n<p>Als u een\u00a0<strong>echte piraat<\/strong>, U zult het waarderen\u00a0<strong>kwaliteit<\/strong>\u00a0stof en\u00a0<strong>3D-canvas printen<\/strong>\u00a0hiervan\u00a0<strong>One Piece-jas<\/strong>\u00a0Maar het allerbelangrijkste is dat hiermee\u00a0<strong>bedrukte jas<\/strong>\u00a0Dat komt omdat je deel zult uitmaken van\u00a0<strong>de fanploeg<\/strong>\u00a0van\u00a0<strong>piratenmanga<\/strong>\u00a0en u zult het volgende verkrijgen:<\/p>\n<ul>\n<li>\u00a0<strong>Bewondering<\/strong>\u00a0van alle fans van\u00a0<strong>het universum<\/strong>\u00a0van de\u00a0<strong>licentie<\/strong>\u00a0van\u00a0<strong>manga<\/strong>\u00a0die je zult tegenkomen<\/li>\n<\/ul>\n<ul>\n<li>Een echte\u00a0<strong>capuchonjas<\/strong>\u00a0waarmee je kunt\u00a0<strong>deel<\/strong>\u00a0jouw\u00a0<strong>passie<\/strong>\u00a0Voor\u00a0<strong>One Piece<\/strong>\n<\/li>\n<\/ul>\n<p>Dus, klaar om de te dragen\u00a0<strong>kleuren\u00a0<\/strong>van<strong>\u00a0<\/strong>jouw<strong>\u00a0favoriete manga<\/strong>\u00a0?<\/p>\n<h2>Ben je fan van de One Piece manga of anime? Laat het zien met dit One Piece jack!<\/h2>\n<p>Als u\u00a0<strong>lezen<\/strong>\u00a0of waar je ook kijkt\u00a0\u00a0<strong>Japanse anime<\/strong>, De kans is groot dat je bent geworden\u00a0<strong>Ik ben helemaal gek op One Piece.<\/strong>\u00a0Met dit\u00a0<strong>One Piece Mini Zoro-jasje<\/strong>, sluit je aan bij de\u2019<strong>een groep fans van de franchise<\/strong><\/p>\n<p>Dit\u00a0<strong>grijze joggingjas<\/strong>\u00a0is verkrijgbaar in de maten\u00a0<strong>S<\/strong>,<strong>\u00a0M<\/strong>,<strong>\u00a0L<\/strong>,\u00a0<strong>XL<\/strong>,\u00a0<strong>XXL<\/strong>, Het is geschikt voor alle soorten piraten.,\u00a0<strong>man<\/strong>\u00a0Of\u00a0<strong>vrouwen<\/strong>, zelfs als je geen\u00a0<strong>zwaard<\/strong>\u00a0of\u00a0<strong>duivelsvrucht<\/strong>\u00a0Je kunt het nog steeds met trots dragen.<\/p>\n<h2>Informatie over de jas:\u00a0<\/h2>\n<ul>\n<li>\u00a0<strong>Hoogwaardige jas met capuchon\u00a0<\/strong>: heeft een\u00a0<strong>hoog gramgewicht<\/strong>, met hoogwaardige materialen<\/li>\n<\/ul>\n<ul>\n<li>\n<strong>Fleece voering<\/strong>\u00a0: met zijn\u00a0<strong>binnenvoering<\/strong>\u00a0in\u00a0<strong>polair<\/strong>, Deze jas biedt een perfecte pasvorm.\u00a0<strong>isolatie<\/strong>\u00a0tegen de\u00a0<strong>koud<\/strong>.\u00a0<\/li>\n<\/ul>\n<ul>\n<li>\n<strong>Zeer comfortabel\u00a0<\/strong>: met<span>\u00a0<\/span>zijn\u00a0<strong>vezels<\/strong>\u00a0van\u00a0<strong>katoen<\/strong>\u00a0Geweldig\u00a0<strong>zacht<\/strong>, er is geen\u00a0<strong>wrijving<\/strong>\n<\/li>\n<\/ul>\n<ul>\n<li>\n<strong>3D digitaal printen<\/strong>\u00a0:\u00a0<strong>bedrukte jas<\/strong>\u00a0met een origineel ontwerp,\u00a0<strong>Canvasafdruk<\/strong>\n<\/li>\n<\/ul>\n<ul>\n<li>\n<strong>Biologisch katoen\u00a0<\/strong>: kwaliteitskatoen met\u00a0<strong>extra lange vezels<\/strong>\n<\/li>\n<\/ul>\n<ul>\n<li>\n<strong>Gratis bezorging\u00a0<\/strong>voor elke aankoop<\/li>\n<\/ul>\n<h2>\n<strong>Vergeet niet de maattabel hieronder te bekijken.<\/strong>\u00a0<\/h2>\n<p><img decoding=\"async\" src=\"https:\/\/cdn.shopify.com\/s\/files\/1\/0087\/7556\/5348\/files\/boutque_one__piece__tableau__taille__veste-capuche_dd43e497-5488-4b5e-b6dc-182a264e1217_large.jpg?v=1559823789\" alt=\"Maattabel voor jassen van One Piece Shop\"><\/p>\n<h3>Wasvoorschriften:<\/h3>\n<ul>\n<li>Machinewas op 30\u00b0C, fijnwasprogramma.<\/li>\n<\/ul>\n<ul>\n<li>Strijk aan de achterkant<\/li>\n<\/ul>\n<p>Voor<span>\u00a0<\/span><strong>behoud de kwaliteit<\/strong><span>\u00a0<\/span>hiervan<span>\u00a0<\/span><strong>One Piece hoodie<\/strong>, Wij raden u aan om<span>\u00a0<\/span><strong>respect<\/strong><span>\u00a0<\/span>DE<span>\u00a0<\/span><strong>wasvoorschriften<\/strong>.<\/p>","protected":false},"excerpt":{"rendered":"<p>Veste \u00e0 Capuche Grise One Piece avec Roronoa Zoro, Le Futur Meilleur \u00c9p\u00e9iste au Monde zoro le Chasseur de Pirates\u00a0et le drapeau de Luffy Si tu es un\u00a0v\u00e9ritable pirate, tu sauras appr\u00e9cier la\u00a0qualit\u00e9\u00a0du tissu et de\u00a0l&rsquo;impression 3D Canvas\u00a0de cette\u00a0veste One Piece\u00a0!\u00a0Mais le plus important, avec cette\u00a0veste\u00a0imprim\u00e9e\u00a0c\u0092est que tu\u00a0feras partie de\u00a0l&rsquo;\u00e9quipage\u00a0des fans\u00a0du\u00a0manga de pirates\u00a0et tu obtiendras\u00a0: [&hellip;]<\/p>","protected":false},"featured_media":12640,"comment_status":"open","ping_status":"open","template":"","meta":[],"product_brand":[],"product_cat":[183],"product_tag":[113],"class_list":{"0":"post-12638","1":"product","2":"type-product","3":"status-publish","4":"has-post-thumbnail","6":"product_cat-vestes-one-piece","7":"product_tag-zoro","9":"first","10":"instock","11":"purchasable","12":"product-type-variable"},"yoast_head":"<!-- This site is optimized with the Yoast SEO plugin v27.5 - https:\/\/yoast.com\/product\/yoast-seo-wordpress\/ -->\n<title>Veste One Piece Mini Roronoa Zoro | Boutique One Piece<\/title>\n<meta name=\"description\" content=\"Veste \u00e0 Capuche Grise One Piece avec Roronoa Zoro en Petit et le drapeau de Luffy Haute Qualit\u00e9 : Le Futur Meilleur \u00c9p\u00e9iste au Monde zoro le Chasseur de Pirates\" \/>\n<meta name=\"robots\" content=\"index, follow, max-snippet:-1, max-image-preview:large, max-video-preview:-1\" \/>\n<link rel=\"canonical\" href=\"https:\/\/boutique-one-piece.com\/nl\/one-piece-kleding\/jassen-uit-een-stuk\/one-piece-mini-zoro-jasje\/\" \/>\n<meta property=\"og:locale\" content=\"nl_NL\" \/>\n<meta property=\"og:type\" content=\"article\" \/>\n<meta property=\"og:title\" content=\"Veste One Piece Mini Roronoa Zoro | Boutique One Piece\" \/>\n<meta property=\"og:description\" content=\"Veste \u00e0 Capuche Grise One Piece avec Roronoa Zoro en Petit et le drapeau de Luffy Haute Qualit\u00e9 : Le Futur Meilleur \u00c9p\u00e9iste au Monde zoro le Chasseur de Pirates\" \/>\n<meta property=\"og:url\" content=\"https:\/\/boutique-one-piece.com\/nl\/one-piece-kleding\/jassen-uit-een-stuk\/one-piece-mini-zoro-jasje\/\" \/>\n<meta property=\"og:site_name\" content=\"Boutique One Piece\" \/>\n<meta property=\"article:modified_time\" content=\"2025-09-26T09:55:32+00:00\" \/>\n<meta property=\"og:image\" content=\"https:\/\/boutique-one-piece.com\/wp-content\/uploads\/2022\/09\/Veste-One-Piece-Mini-Zoro.jpg\" \/>\n\t<meta property=\"og:image:width\" content=\"600\" \/>\n\t<meta property=\"og:image:height\" content=\"600\" \/>\n\t<meta property=\"og:image:type\" content=\"image\/jpeg\" \/>\n<meta name=\"twitter:card\" content=\"summary_large_image\" \/>\n<meta name=\"twitter:label1\" content=\"Geschatte leestijd\" \/>\n\t<meta name=\"twitter:data1\" content=\"2 minuten\" \/>\n<script type=\"application\/ld+json\" class=\"yoast-schema-graph\">{\"@context\":\"https:\\\/\\\/schema.org\",\"@graph\":[{\"@type\":\"WebPage\",\"@id\":\"https:\\\/\\\/boutique-one-piece.com\\\/vetements-one-piece\\\/vestes-one-piece\\\/veste-one-piece-mini-zoro\\\/\",\"url\":\"https:\\\/\\\/boutique-one-piece.com\\\/vetements-one-piece\\\/vestes-one-piece\\\/veste-one-piece-mini-zoro\\\/\",\"name\":\"Veste One Piece Mini Roronoa Zoro | Boutique One Piece\",\"isPartOf\":{\"@id\":\"https:\\\/\\\/boutique-one-piece.com\\\/#website\"},\"primaryImageOfPage\":{\"@id\":\"https:\\\/\\\/boutique-one-piece.com\\\/vetements-one-piece\\\/vestes-one-piece\\\/veste-one-piece-mini-zoro\\\/#primaryimage\"},\"image\":{\"@id\":\"https:\\\/\\\/boutique-one-piece.com\\\/vetements-one-piece\\\/vestes-one-piece\\\/veste-one-piece-mini-zoro\\\/#primaryimage\"},\"thumbnailUrl\":\"https:\\\/\\\/boutique-one-piece.com\\\/wp-content\\\/uploads\\\/2022\\\/09\\\/Veste-One-Piece-Mini-Zoro.jpg\",\"datePublished\":\"2022-09-27T20:57:05+00:00\",\"dateModified\":\"2025-09-26T09:55:32+00:00\",\"description\":\"Veste \u00e0 Capuche Grise One Piece avec Roronoa Zoro en Petit et le drapeau de Luffy Haute Qualit\u00e9 : Le Futur Meilleur \u00c9p\u00e9iste au Monde zoro le Chasseur de Pirates\",\"breadcrumb\":{\"@id\":\"https:\\\/\\\/boutique-one-piece.com\\\/vetements-one-piece\\\/vestes-one-piece\\\/veste-one-piece-mini-zoro\\\/#breadcrumb\"},\"inLanguage\":\"nl-NL\",\"potentialAction\":[{\"@type\":\"ReadAction\",\"target\":[\"https:\\\/\\\/boutique-one-piece.com\\\/vetements-one-piece\\\/vestes-one-piece\\\/veste-one-piece-mini-zoro\\\/\"]}]},{\"@type\":\"ImageObject\",\"inLanguage\":\"nl-NL\",\"@id\":\"https:\\\/\\\/boutique-one-piece.com\\\/vetements-one-piece\\\/vestes-one-piece\\\/veste-one-piece-mini-zoro\\\/#primaryimage\",\"url\":\"https:\\\/\\\/boutique-one-piece.com\\\/wp-content\\\/uploads\\\/2022\\\/09\\\/Veste-One-Piece-Mini-Zoro.jpg\",\"contentUrl\":\"https:\\\/\\\/boutique-one-piece.com\\\/wp-content\\\/uploads\\\/2022\\\/09\\\/Veste-One-Piece-Mini-Zoro.jpg\",\"width\":600,\"height\":600,\"caption\":\"Veste One Piece Mini Zoro xxl\"},{\"@type\":\"BreadcrumbList\",\"@id\":\"https:\\\/\\\/boutique-one-piece.com\\\/vetements-one-piece\\\/vestes-one-piece\\\/veste-one-piece-mini-zoro\\\/#breadcrumb\",\"itemListElement\":[{\"@type\":\"ListItem\",\"position\":1,\"name\":\"Home\",\"item\":\"https:\\\/\\\/boutique-one-piece.com\\\/\"},{\"@type\":\"ListItem\",\"position\":2,\"name\":\"Shop\",\"item\":\"https:\\\/\\\/boutique-one-piece.com\\\/shop\\\/\"},{\"@type\":\"ListItem\",\"position\":3,\"name\":\"Veste One Piece Mini Zoro\"}]},{\"@type\":\"WebSite\",\"@id\":\"https:\\\/\\\/boutique-one-piece.com\\\/#website\",\"url\":\"https:\\\/\\\/boutique-one-piece.com\\\/\",\"name\":\"Boutique One Piece\",\"description\":\"Magasin Sp\u00e9cialis\u00e9 du Manga et l&#039;Anime One Piece\",\"publisher\":{\"@id\":\"https:\\\/\\\/boutique-one-piece.com\\\/#organization\"},\"potentialAction\":[{\"@type\":\"SearchAction\",\"target\":{\"@type\":\"EntryPoint\",\"urlTemplate\":\"https:\\\/\\\/boutique-one-piece.com\\\/?s={search_term_string}\"},\"query-input\":{\"@type\":\"PropertyValueSpecification\",\"valueRequired\":true,\"valueName\":\"search_term_string\"}}],\"inLanguage\":\"nl-NL\"},{\"@type\":\"Organization\",\"@id\":\"https:\\\/\\\/boutique-one-piece.com\\\/#organization\",\"name\":\"Boutique One Piece\",\"url\":\"https:\\\/\\\/boutique-one-piece.com\\\/\",\"logo\":{\"@type\":\"ImageObject\",\"inLanguage\":\"nl-NL\",\"@id\":\"https:\\\/\\\/boutique-one-piece.com\\\/#\\\/schema\\\/logo\\\/image\\\/\",\"url\":\"https:\\\/\\\/boutique-one-piece.com\\\/wp-content\\\/uploads\\\/2022\\\/09\\\/Logo-01.png\",\"contentUrl\":\"https:\\\/\\\/boutique-one-piece.com\\\/wp-content\\\/uploads\\\/2022\\\/09\\\/Logo-01.png\",\"width\":2318,\"height\":957,\"caption\":\"Boutique One Piece\"},\"image\":{\"@id\":\"https:\\\/\\\/boutique-one-piece.com\\\/#\\\/schema\\\/logo\\\/image\\\/\"}}]}<\/script>\n<!-- \/ Yoast SEO plugin. -->","yoast_head_json":{"title":"One Piece Mini Roronoa Zoro Jasje | One Piece Shop","description":"One Piece grijze hoodie met Roronoa Zoro (maat S) en Luffy&#039;s vlag - Hoge kwaliteit: Zoro de piratenjager, de grootste zwaardvechter van de toekomstige wereld","robots":{"index":"index","follow":"follow","max-snippet":"max-snippet:-1","max-image-preview":"max-image-preview:large","max-video-preview":"max-video-preview:-1"},"canonical":"https:\/\/boutique-one-piece.com\/nl\/one-piece-kleding\/jassen-uit-een-stuk\/one-piece-mini-zoro-jasje\/","og_locale":"nl_NL","og_type":"article","og_title":"Veste One Piece Mini Roronoa Zoro | Boutique One Piece","og_description":"Veste \u00e0 Capuche Grise One Piece avec Roronoa Zoro en Petit et le drapeau de Luffy Haute Qualit\u00e9 : Le Futur Meilleur \u00c9p\u00e9iste au Monde zoro le Chasseur de Pirates","og_url":"https:\/\/boutique-one-piece.com\/nl\/one-piece-kleding\/jassen-uit-een-stuk\/one-piece-mini-zoro-jasje\/","og_site_name":"Boutique One Piece","article_modified_time":"2025-09-26T09:55:32+00:00","og_image":[{"width":600,"height":600,"url":"https:\/\/boutique-one-piece.com\/wp-content\/uploads\/2022\/09\/Veste-One-Piece-Mini-Zoro.jpg","type":"image\/jpeg"}],"twitter_card":"summary_large_image","twitter_misc":{"Geschatte leestijd":"2 minuten"},"schema":{"@context":"https:\/\/schema.org","@graph":[{"@type":"WebPage","@id":"https:\/\/boutique-one-piece.com\/vetements-one-piece\/vestes-one-piece\/veste-one-piece-mini-zoro\/","url":"https:\/\/boutique-one-piece.com\/vetements-one-piece\/vestes-one-piece\/veste-one-piece-mini-zoro\/","name":"One Piece Mini Roronoa Zoro Jasje | One Piece Shop","isPartOf":{"@id":"https:\/\/boutique-one-piece.com\/#website"},"primaryImageOfPage":{"@id":"https:\/\/boutique-one-piece.com\/vetements-one-piece\/vestes-one-piece\/veste-one-piece-mini-zoro\/#primaryimage"},"image":{"@id":"https:\/\/boutique-one-piece.com\/vetements-one-piece\/vestes-one-piece\/veste-one-piece-mini-zoro\/#primaryimage"},"thumbnailUrl":"https:\/\/boutique-one-piece.com\/wp-content\/uploads\/2022\/09\/Veste-One-Piece-Mini-Zoro.jpg","datePublished":"2022-09-27T20:57:05+00:00","dateModified":"2025-09-26T09:55:32+00:00","description":"One Piece grijze hoodie met Roronoa Zoro (maat S) en Luffy&#039;s vlag - Hoge kwaliteit: Zoro de piratenjager, de grootste zwaardvechter van de toekomstige wereld","breadcrumb":{"@id":"https:\/\/boutique-one-piece.com\/vetements-one-piece\/vestes-one-piece\/veste-one-piece-mini-zoro\/#breadcrumb"},"inLanguage":"nl-NL","potentialAction":[{"@type":"ReadAction","target":["https:\/\/boutique-one-piece.com\/vetements-one-piece\/vestes-one-piece\/veste-one-piece-mini-zoro\/"]}]},{"@type":"ImageObject","inLanguage":"nl-NL","@id":"https:\/\/boutique-one-piece.com\/vetements-one-piece\/vestes-one-piece\/veste-one-piece-mini-zoro\/#primaryimage","url":"https:\/\/boutique-one-piece.com\/wp-content\/uploads\/2022\/09\/Veste-One-Piece-Mini-Zoro.jpg","contentUrl":"https:\/\/boutique-one-piece.com\/wp-content\/uploads\/2022\/09\/Veste-One-Piece-Mini-Zoro.jpg","width":600,"height":600,"caption":"Veste One Piece Mini Zoro xxl"},{"@type":"BreadcrumbList","@id":"https:\/\/boutique-one-piece.com\/vetements-one-piece\/vestes-one-piece\/veste-one-piece-mini-zoro\/#breadcrumb","itemListElement":[{"@type":"ListItem","position":1,"name":"Home","item":"https:\/\/boutique-one-piece.com\/"},{"@type":"ListItem","position":2,"name":"Shop","item":"https:\/\/boutique-one-piece.com\/shop\/"},{"@type":"ListItem","position":3,"name":"Veste One Piece Mini Zoro"}]},{"@type":"WebSite","@id":"https:\/\/boutique-one-piece.com\/#website","url":"https:\/\/boutique-one-piece.com\/","name":"One Piece Shop","description":"Gespecialiseerde winkel voor One Piece manga en anime.","publisher":{"@id":"https:\/\/boutique-one-piece.com\/#organization"},"potentialAction":[{"@type":"SearchAction","target":{"@type":"EntryPoint","urlTemplate":"https:\/\/boutique-one-piece.com\/?s={search_term_string}"},"query-input":{"@type":"PropertyValueSpecification","valueRequired":true,"valueName":"search_term_string"}}],"inLanguage":"nl-NL"},{"@type":"Organization","@id":"https:\/\/boutique-one-piece.com\/#organization","name":"One Piece Shop","url":"https:\/\/boutique-one-piece.com\/","logo":{"@type":"ImageObject","inLanguage":"nl-NL","@id":"https:\/\/boutique-one-piece.com\/#\/schema\/logo\/image\/","url":"https:\/\/boutique-one-piece.com\/wp-content\/uploads\/2022\/09\/Logo-01.png","contentUrl":"https:\/\/boutique-one-piece.com\/wp-content\/uploads\/2022\/09\/Logo-01.png","width":2318,"height":957,"caption":"Boutique One Piece"},"image":{"@id":"https:\/\/boutique-one-piece.com\/#\/schema\/logo\/image\/"}}]}},"_links":{"self":[{"href":"https:\/\/boutique-one-piece.com\/nl\/wp-json\/wp\/v2\/product\/12638","targetHints":{"allow":["GET"]}}],"collection":[{"href":"https:\/\/boutique-one-piece.com\/nl\/wp-json\/wp\/v2\/product"}],"about":[{"href":"https:\/\/boutique-one-piece.com\/nl\/wp-json\/wp\/v2\/types\/product"}],"replies":[{"embeddable":true,"href":"https:\/\/boutique-one-piece.com\/nl\/wp-json\/wp\/v2\/comments?post=12638"}],"wp:featuredmedia":[{"embeddable":true,"href":"https:\/\/boutique-one-piece.com\/nl\/wp-json\/wp\/v2\/media\/12640"}],"wp:attachment":[{"href":"https:\/\/boutique-one-piece.com\/nl\/wp-json\/wp\/v2\/media?parent=12638"}],"wp:term":[{"taxonomy":"product_brand","embeddable":true,"href":"https:\/\/boutique-one-piece.com\/nl\/wp-json\/wp\/v2\/product_brand?post=12638"},{"taxonomy":"product_cat","embeddable":true,"href":"https:\/\/boutique-one-piece.com\/nl\/wp-json\/wp\/v2\/product_cat?post=12638"},{"taxonomy":"product_tag","embeddable":true,"href":"https:\/\/boutique-one-piece.com\/nl\/wp-json\/wp\/v2\/product_tag?post=12638"}],"curies":[{"name":"wp","href":"https:\/\/api.w.org\/{rel}","templated":true}]}}