{"id":12678,"date":"2022-09-27T20:57:23","date_gmt":"2022-09-27T20:57:23","guid":{"rendered":"https:\/\/boutique-one-piece.com\/uncategorized\/short-de-bain-luffy-gear-2\/"},"modified":"2024-09-16T13:00:35","modified_gmt":"2024-09-16T13:00:35","slug":"luffy-gear-2-zwembroek","status":"publish","type":"product","link":"https:\/\/boutique-one-piece.com\/nl\/one-piece-kleding\/zwembroek-uit-een-stuk\/luffy-gear-2-zwembroek\/","title":{"rendered":"One Piece Luffy Gear 2 zwembroek"},"content":{"rendered":"<h2>One Piece zwembroek met Luffy de Strohoed in Gear Second, een kwaliteitszwembroek voor een piraat zoals jij!<\/h2>\n<p>Als u een <strong>echte piraat<\/strong>, Uw inzet zal gewaardeerd worden. <strong>kwaliteit van materialen,<\/strong>&nbsp;van de <strong>ontwerp <\/strong>En<strong> 3D-printen<\/strong>&nbsp;hiervan <strong>One Piece zwembroek<\/strong> Maar het allerbelangrijkste: met deze shorts maak je deel uit van... <strong>de fanploeg<\/strong> van <strong>piratenmanga<\/strong> en u zult het volgende verkrijgen:<\/p>\n<ul>\n<li>&nbsp;<strong>Bewondering<\/strong> van alle fans van <strong>mugiwara<\/strong> die je zult ontmoeten<\/li>\n<\/ul>\n<ul>\n<li>Een echte <strong>Bedrukte zwemshorts<\/strong> waarmee je kunt zwemmen op <strong>Grand Line<\/strong>, Maar pas op, het is niet aan te raden om de zee in te gaan als je er een hebt gegeten. <strong>duivelsvrucht<\/strong><\/li>\n<\/ul>\n<p>Dus, klaar om aan te trekken <strong>De kleuren van Strohoed Luffy<\/strong>&nbsp;?<\/p>\n<h2>Ben je fan van de One Piece manga of anime? Laat het zien met deze zwembroek!<\/h2>\n<p>Als u <strong>lezen<\/strong> of waar je ook kijkt&nbsp;<strong>Japanse anime<\/strong>, De kans is groot dat je bent geworden <strong>Ik ben helemaal gek op One Piece.<\/strong> Hiermee! <strong>zwembroek<\/strong> <strong>Luffy Gear 2<\/strong>, sluit je bij hem aan <strong>bemanning<\/strong><\/p>\n<p>Deze shorts zijn verkrijgbaar in de maten<span>&nbsp;<\/span><strong>XXS, XS, S, M, L, XL<\/strong>, Het is geschikt voor alle soorten piraten, zelfs als je er geen hebt. <strong>zwaard<\/strong>&nbsp;of <strong>duivelsvrucht<\/strong> Je kunt het nog steeds dragen.&nbsp;<\/p>\n<p><strong>Mugiwara Geen Luffy<\/strong> maakt gebruik van de techniek <strong>tweede versnelling<\/strong> voor velen verbeterde het <strong>snelheid<\/strong> en zijn <strong>kracht<\/strong>. Hij versnelt zijn <strong>bloedsomloop<\/strong> en van de <strong>stoom<\/strong> ontsnapt uit zijn lichaam<\/p>\n<h3>Vergeet niet de maattabel hieronder te bekijken.<\/h3>\n<p style=\"text-align: left\"><span><img decoding=\"async\" alt=\"Maattabel Baim one-piece shorts XXS, XS, S, M, L, XL\" src=\"\/\/cdn.shopify.com\/s\/files\/1\/0087\/7556\/5348\/files\/boutque_one__piece_tableau_taille_short_de_bain_large.jpg?v=1560446518\" style=\"float: none\"><\/span><\/p>\n<h3>Wasvoorschriften:<\/h3>\n<ul>\n<li>Machinewas op 30\u00b0C, fijnwasprogramma.<\/li>\n<\/ul>\n<ul>\n<li>Strijk aan de achterkant<\/li>\n<\/ul>\n<p>Voor <strong>behoud de kwaliteit<\/strong> hiervan&nbsp;<strong>Zwembroek uit \u00e9\u00e9n stuk<\/strong>, Wij raden u aan om <strong>respect<\/strong> DE <strong>wasvoorschriften<\/strong>.<\/p>","protected":false},"excerpt":{"rendered":"<p>Short de Bain One Piece avec Luffy au Chapeau de Paille en Gear Second, Un&nbsp;Maillot de Bain de qualit\u00e9 pour un pirate comme&nbsp;toi&nbsp;! Si tu es un v\u00e9ritable pirate, tu seras appr\u00e9ci\u00e9 la qualit\u00e9 des mat\u00e9riaux,&nbsp;de la conception et de l&rsquo;impression 3D&nbsp;de ce short de bain One Piece !&nbsp;Mais le plus important, avec ce short [&hellip;]<\/p>","protected":false},"featured_media":19281,"comment_status":"open","ping_status":"open","template":"","meta":[],"product_brand":[],"product_cat":[66],"product_tag":[92],"class_list":{"0":"post-12678","1":"product","2":"type-product","3":"status-publish","4":"has-post-thumbnail","6":"product_cat-shorts-de-bain-one-piece","7":"product_tag-luffy","9":"first","10":"instock","11":"purchasable","12":"product-type-variable"},"yoast_head":"<!-- This site is optimized with the Yoast SEO plugin v27.5 - https:\/\/yoast.com\/product\/yoast-seo-wordpress\/ -->\n<title>Short de Bain Luffy Gear 2 | Boutique One Piece<\/title>\n<meta name=\"description\" content=\"Maillot de Bain du Manga One Piece de Haute Qualit\u00e9 avec Monkey D. Luffy en Gear Second le Short parfait pour Tous les Pirates qui vont \u00e0 la Mer ou \u00e0 la Piscine\" \/>\n<meta name=\"robots\" content=\"index, follow, max-snippet:-1, max-image-preview:large, max-video-preview:-1\" \/>\n<link rel=\"canonical\" href=\"https:\/\/boutique-one-piece.com\/nl\/one-piece-kleding\/zwembroek-uit-een-stuk\/luffy-gear-2-zwembroek\/\" \/>\n<meta property=\"og:locale\" content=\"nl_NL\" \/>\n<meta property=\"og:type\" content=\"article\" \/>\n<meta property=\"og:title\" content=\"Short de Bain Luffy Gear 2 | Boutique One Piece\" \/>\n<meta property=\"og:description\" content=\"Maillot de Bain du Manga One Piece de Haute Qualit\u00e9 avec Monkey D. Luffy en Gear Second le Short parfait pour Tous les Pirates qui vont \u00e0 la Mer ou \u00e0 la Piscine\" \/>\n<meta property=\"og:url\" content=\"https:\/\/boutique-one-piece.com\/nl\/one-piece-kleding\/zwembroek-uit-een-stuk\/luffy-gear-2-zwembroek\/\" \/>\n<meta property=\"og:site_name\" content=\"Boutique One Piece\" \/>\n<meta property=\"article:modified_time\" content=\"2024-09-16T13:00:35+00:00\" \/>\n<meta property=\"og:image\" content=\"https:\/\/boutique-one-piece.com\/wp-content\/uploads\/2022\/09\/Pantalon-court-Anime-One-Piece-pour-homme-short-d-t-Monkey-D-Luffy-Portgas-D-ZanZoro.jpg_640x640.jpg\" \/>\n\t<meta property=\"og:image:width\" content=\"640\" \/>\n\t<meta property=\"og:image:height\" content=\"640\" \/>\n\t<meta property=\"og:image:type\" content=\"image\/jpeg\" \/>\n<meta name=\"twitter:card\" content=\"summary_large_image\" \/>\n<meta name=\"twitter:label1\" content=\"Geschatte leestijd\" \/>\n\t<meta name=\"twitter:data1\" content=\"2 minuten\" \/>\n<script type=\"application\/ld+json\" class=\"yoast-schema-graph\">{\"@context\":\"https:\\\/\\\/schema.org\",\"@graph\":[{\"@type\":\"WebPage\",\"@id\":\"https:\\\/\\\/boutique-one-piece.com\\\/vetements-one-piece\\\/shorts-de-bain-one-piece\\\/short-de-bain-luffy-gear-2\\\/\",\"url\":\"https:\\\/\\\/boutique-one-piece.com\\\/vetements-one-piece\\\/shorts-de-bain-one-piece\\\/short-de-bain-luffy-gear-2\\\/\",\"name\":\"Short de Bain Luffy Gear 2 | Boutique One Piece\",\"isPartOf\":{\"@id\":\"https:\\\/\\\/boutique-one-piece.com\\\/#website\"},\"primaryImageOfPage\":{\"@id\":\"https:\\\/\\\/boutique-one-piece.com\\\/vetements-one-piece\\\/shorts-de-bain-one-piece\\\/short-de-bain-luffy-gear-2\\\/#primaryimage\"},\"image\":{\"@id\":\"https:\\\/\\\/boutique-one-piece.com\\\/vetements-one-piece\\\/shorts-de-bain-one-piece\\\/short-de-bain-luffy-gear-2\\\/#primaryimage\"},\"thumbnailUrl\":\"https:\\\/\\\/boutique-one-piece.com\\\/wp-content\\\/uploads\\\/2022\\\/09\\\/Pantalon-court-Anime-One-Piece-pour-homme-short-d-t-Monkey-D-Luffy-Portgas-D-ZanZoro.jpg_640x640.jpg\",\"datePublished\":\"2022-09-27T20:57:23+00:00\",\"dateModified\":\"2024-09-16T13:00:35+00:00\",\"description\":\"Maillot de Bain du Manga One Piece de Haute Qualit\u00e9 avec Monkey D. Luffy en Gear Second le Short parfait pour Tous les Pirates qui vont \u00e0 la Mer ou \u00e0 la Piscine\",\"breadcrumb\":{\"@id\":\"https:\\\/\\\/boutique-one-piece.com\\\/vetements-one-piece\\\/shorts-de-bain-one-piece\\\/short-de-bain-luffy-gear-2\\\/#breadcrumb\"},\"inLanguage\":\"nl-NL\",\"potentialAction\":[{\"@type\":\"ReadAction\",\"target\":[\"https:\\\/\\\/boutique-one-piece.com\\\/vetements-one-piece\\\/shorts-de-bain-one-piece\\\/short-de-bain-luffy-gear-2\\\/\"]}]},{\"@type\":\"ImageObject\",\"inLanguage\":\"nl-NL\",\"@id\":\"https:\\\/\\\/boutique-one-piece.com\\\/vetements-one-piece\\\/shorts-de-bain-one-piece\\\/short-de-bain-luffy-gear-2\\\/#primaryimage\",\"url\":\"https:\\\/\\\/boutique-one-piece.com\\\/wp-content\\\/uploads\\\/2022\\\/09\\\/Pantalon-court-Anime-One-Piece-pour-homme-short-d-t-Monkey-D-Luffy-Portgas-D-ZanZoro.jpg_640x640.jpg\",\"contentUrl\":\"https:\\\/\\\/boutique-one-piece.com\\\/wp-content\\\/uploads\\\/2022\\\/09\\\/Pantalon-court-Anime-One-Piece-pour-homme-short-d-t-Monkey-D-Luffy-Portgas-D-ZanZoro.jpg_640x640.jpg\",\"width\":640,\"height\":640},{\"@type\":\"BreadcrumbList\",\"@id\":\"https:\\\/\\\/boutique-one-piece.com\\\/vetements-one-piece\\\/shorts-de-bain-one-piece\\\/short-de-bain-luffy-gear-2\\\/#breadcrumb\",\"itemListElement\":[{\"@type\":\"ListItem\",\"position\":1,\"name\":\"Home\",\"item\":\"https:\\\/\\\/boutique-one-piece.com\\\/\"},{\"@type\":\"ListItem\",\"position\":2,\"name\":\"Shop\",\"item\":\"https:\\\/\\\/boutique-one-piece.com\\\/shop\\\/\"},{\"@type\":\"ListItem\",\"position\":3,\"name\":\"Short de Bain One Piece Luffy Gear 2\"}]},{\"@type\":\"WebSite\",\"@id\":\"https:\\\/\\\/boutique-one-piece.com\\\/#website\",\"url\":\"https:\\\/\\\/boutique-one-piece.com\\\/\",\"name\":\"Boutique One Piece\",\"description\":\"Magasin Sp\u00e9cialis\u00e9 du Manga et l&#039;Anime One Piece\",\"publisher\":{\"@id\":\"https:\\\/\\\/boutique-one-piece.com\\\/#organization\"},\"potentialAction\":[{\"@type\":\"SearchAction\",\"target\":{\"@type\":\"EntryPoint\",\"urlTemplate\":\"https:\\\/\\\/boutique-one-piece.com\\\/?s={search_term_string}\"},\"query-input\":{\"@type\":\"PropertyValueSpecification\",\"valueRequired\":true,\"valueName\":\"search_term_string\"}}],\"inLanguage\":\"nl-NL\"},{\"@type\":\"Organization\",\"@id\":\"https:\\\/\\\/boutique-one-piece.com\\\/#organization\",\"name\":\"Boutique One Piece\",\"url\":\"https:\\\/\\\/boutique-one-piece.com\\\/\",\"logo\":{\"@type\":\"ImageObject\",\"inLanguage\":\"nl-NL\",\"@id\":\"https:\\\/\\\/boutique-one-piece.com\\\/#\\\/schema\\\/logo\\\/image\\\/\",\"url\":\"https:\\\/\\\/boutique-one-piece.com\\\/wp-content\\\/uploads\\\/2022\\\/09\\\/Logo-01.png\",\"contentUrl\":\"https:\\\/\\\/boutique-one-piece.com\\\/wp-content\\\/uploads\\\/2022\\\/09\\\/Logo-01.png\",\"width\":2318,\"height\":957,\"caption\":\"Boutique One Piece\"},\"image\":{\"@id\":\"https:\\\/\\\/boutique-one-piece.com\\\/#\\\/schema\\\/logo\\\/image\\\/\"}}]}<\/script>\n<!-- \/ Yoast SEO plugin. -->","yoast_head_json":{"title":"Luffy Gear 2 zwembroek | One Piece Shop","description":"Hoogwaardig One Piece manga zwempak met Monkey D. Luffy in Gear Second. De perfecte shorts voor alle piraten die naar zee of het zwembad gaan.","robots":{"index":"index","follow":"follow","max-snippet":"max-snippet:-1","max-image-preview":"max-image-preview:large","max-video-preview":"max-video-preview:-1"},"canonical":"https:\/\/boutique-one-piece.com\/nl\/one-piece-kleding\/zwembroek-uit-een-stuk\/luffy-gear-2-zwembroek\/","og_locale":"nl_NL","og_type":"article","og_title":"Short de Bain Luffy Gear 2 | Boutique One Piece","og_description":"Maillot de Bain du Manga One Piece de Haute Qualit\u00e9 avec Monkey D. Luffy en Gear Second le Short parfait pour Tous les Pirates qui vont \u00e0 la Mer ou \u00e0 la Piscine","og_url":"https:\/\/boutique-one-piece.com\/nl\/one-piece-kleding\/zwembroek-uit-een-stuk\/luffy-gear-2-zwembroek\/","og_site_name":"Boutique One Piece","article_modified_time":"2024-09-16T13:00:35+00:00","og_image":[{"width":640,"height":640,"url":"https:\/\/boutique-one-piece.com\/wp-content\/uploads\/2022\/09\/Pantalon-court-Anime-One-Piece-pour-homme-short-d-t-Monkey-D-Luffy-Portgas-D-ZanZoro.jpg_640x640.jpg","type":"image\/jpeg"}],"twitter_card":"summary_large_image","twitter_misc":{"Geschatte leestijd":"2 minuten"},"schema":{"@context":"https:\/\/schema.org","@graph":[{"@type":"WebPage","@id":"https:\/\/boutique-one-piece.com\/vetements-one-piece\/shorts-de-bain-one-piece\/short-de-bain-luffy-gear-2\/","url":"https:\/\/boutique-one-piece.com\/vetements-one-piece\/shorts-de-bain-one-piece\/short-de-bain-luffy-gear-2\/","name":"Luffy Gear 2 zwembroek | One Piece Shop","isPartOf":{"@id":"https:\/\/boutique-one-piece.com\/#website"},"primaryImageOfPage":{"@id":"https:\/\/boutique-one-piece.com\/vetements-one-piece\/shorts-de-bain-one-piece\/short-de-bain-luffy-gear-2\/#primaryimage"},"image":{"@id":"https:\/\/boutique-one-piece.com\/vetements-one-piece\/shorts-de-bain-one-piece\/short-de-bain-luffy-gear-2\/#primaryimage"},"thumbnailUrl":"https:\/\/boutique-one-piece.com\/wp-content\/uploads\/2022\/09\/Pantalon-court-Anime-One-Piece-pour-homme-short-d-t-Monkey-D-Luffy-Portgas-D-ZanZoro.jpg_640x640.jpg","datePublished":"2022-09-27T20:57:23+00:00","dateModified":"2024-09-16T13:00:35+00:00","description":"Hoogwaardig One Piece manga zwempak met Monkey D. Luffy in Gear Second. De perfecte shorts voor alle piraten die naar zee of het zwembad gaan.","breadcrumb":{"@id":"https:\/\/boutique-one-piece.com\/vetements-one-piece\/shorts-de-bain-one-piece\/short-de-bain-luffy-gear-2\/#breadcrumb"},"inLanguage":"nl-NL","potentialAction":[{"@type":"ReadAction","target":["https:\/\/boutique-one-piece.com\/vetements-one-piece\/shorts-de-bain-one-piece\/short-de-bain-luffy-gear-2\/"]}]},{"@type":"ImageObject","inLanguage":"nl-NL","@id":"https:\/\/boutique-one-piece.com\/vetements-one-piece\/shorts-de-bain-one-piece\/short-de-bain-luffy-gear-2\/#primaryimage","url":"https:\/\/boutique-one-piece.com\/wp-content\/uploads\/2022\/09\/Pantalon-court-Anime-One-Piece-pour-homme-short-d-t-Monkey-D-Luffy-Portgas-D-ZanZoro.jpg_640x640.jpg","contentUrl":"https:\/\/boutique-one-piece.com\/wp-content\/uploads\/2022\/09\/Pantalon-court-Anime-One-Piece-pour-homme-short-d-t-Monkey-D-Luffy-Portgas-D-ZanZoro.jpg_640x640.jpg","width":640,"height":640},{"@type":"BreadcrumbList","@id":"https:\/\/boutique-one-piece.com\/vetements-one-piece\/shorts-de-bain-one-piece\/short-de-bain-luffy-gear-2\/#breadcrumb","itemListElement":[{"@type":"ListItem","position":1,"name":"Home","item":"https:\/\/boutique-one-piece.com\/"},{"@type":"ListItem","position":2,"name":"Shop","item":"https:\/\/boutique-one-piece.com\/shop\/"},{"@type":"ListItem","position":3,"name":"Short de Bain One Piece Luffy Gear 2"}]},{"@type":"WebSite","@id":"https:\/\/boutique-one-piece.com\/#website","url":"https:\/\/boutique-one-piece.com\/","name":"One Piece Shop","description":"Gespecialiseerde winkel voor One Piece manga en anime.","publisher":{"@id":"https:\/\/boutique-one-piece.com\/#organization"},"potentialAction":[{"@type":"SearchAction","target":{"@type":"EntryPoint","urlTemplate":"https:\/\/boutique-one-piece.com\/?s={search_term_string}"},"query-input":{"@type":"PropertyValueSpecification","valueRequired":true,"valueName":"search_term_string"}}],"inLanguage":"nl-NL"},{"@type":"Organization","@id":"https:\/\/boutique-one-piece.com\/#organization","name":"One Piece Shop","url":"https:\/\/boutique-one-piece.com\/","logo":{"@type":"ImageObject","inLanguage":"nl-NL","@id":"https:\/\/boutique-one-piece.com\/#\/schema\/logo\/image\/","url":"https:\/\/boutique-one-piece.com\/wp-content\/uploads\/2022\/09\/Logo-01.png","contentUrl":"https:\/\/boutique-one-piece.com\/wp-content\/uploads\/2022\/09\/Logo-01.png","width":2318,"height":957,"caption":"Boutique One Piece"},"image":{"@id":"https:\/\/boutique-one-piece.com\/#\/schema\/logo\/image\/"}}]}},"_links":{"self":[{"href":"https:\/\/boutique-one-piece.com\/nl\/wp-json\/wp\/v2\/product\/12678","targetHints":{"allow":["GET"]}}],"collection":[{"href":"https:\/\/boutique-one-piece.com\/nl\/wp-json\/wp\/v2\/product"}],"about":[{"href":"https:\/\/boutique-one-piece.com\/nl\/wp-json\/wp\/v2\/types\/product"}],"replies":[{"embeddable":true,"href":"https:\/\/boutique-one-piece.com\/nl\/wp-json\/wp\/v2\/comments?post=12678"}],"wp:featuredmedia":[{"embeddable":true,"href":"https:\/\/boutique-one-piece.com\/nl\/wp-json\/wp\/v2\/media\/19281"}],"wp:attachment":[{"href":"https:\/\/boutique-one-piece.com\/nl\/wp-json\/wp\/v2\/media?parent=12678"}],"wp:term":[{"taxonomy":"product_brand","embeddable":true,"href":"https:\/\/boutique-one-piece.com\/nl\/wp-json\/wp\/v2\/product_brand?post=12678"},{"taxonomy":"product_cat","embeddable":true,"href":"https:\/\/boutique-one-piece.com\/nl\/wp-json\/wp\/v2\/product_cat?post=12678"},{"taxonomy":"product_tag","embeddable":true,"href":"https:\/\/boutique-one-piece.com\/nl\/wp-json\/wp\/v2\/product_tag?post=12678"}],"curies":[{"name":"wp","href":"https:\/\/api.w.org\/{rel}","templated":true}]}}