{"id":13191,"date":"2022-09-27T21:01:33","date_gmt":"2022-09-27T21:01:33","guid":{"rendered":"https:\/\/boutique-one-piece.com\/uncategorized\/avis-de-recherche-coby-wanted\/"},"modified":"2024-09-16T13:11:44","modified_gmt":"2024-09-16T13:11:44","slug":"oproepbericht-coby-gezocht","status":"publish","type":"product","link":"https:\/\/boutique-one-piece.com\/nl\/one-piece-gezocht-poster\/oproepbericht-coby-gezocht\/","title":{"rendered":"Coby gezocht-bericht"},"content":{"rendered":"<h2>Wil je je interieur een frisse look geven? Versier je muur dan met deze Coby Wanted-poster.<\/h2>\n<p>Coby (ook wel gespeld als Koby) is het eerste personage dat Luffy tegenkomt tijdens zijn avontuur. Op dit punt is hij de slaaf van de piraat. <strong>Alvida<\/strong> en hij verricht alle huishoudelijke klusjes op het schip. Hij wordt door Luffy van haar controle bevrijd en na een avontuur op <strong>Schelpenstad<\/strong> Doordat hij beseft dat niet iedereen binnen de marine eerlijk is, wordt zijn verlangen om marinier te worden alleen maar groter, zodat de marine uiteindelijk rechtvaardig zal zijn tegenover iedereen.<\/p>\n<h3>Versier je muren met deze door fans gemaakte opsporingsposter, want je weet dat er geen prijs op Coby&#039;s hoofd staat omdat hij bij de marine zit.<\/h3>\n<p>Ondanks dat hij zich bij de Marine heeft aangesloten, is Coby Luffy dankbaar en beloven ze vrienden te blijven, ook al lopen hun wegen dramatisch uiteen, aangezien de Marine op piraten jaagt. Coby is een sympathiek personage, want hoewel hij op het eerste gezicht laf lijkt, laat hij zich leiden door zijn emoties en zijn gevoel voor rechtvaardigheid. Dit leidde er uiteindelijk toe dat hij admiraal Akainu tegensprak en de strijd stopte, omdat hij vond dat er &quot;te veel levens verloren waren gegaan&quot;. Na de tijdsprong is hij een <strong>kapitein<\/strong> van de <strong>Marine<\/strong>.<\/p>\n<p>Volgens deze opsporingsposter en de schatting van het aantal slachtoffers bedraagt de beloning voor Coby&#039;s hoofd 250 miljoen Berry.<\/p>\n<p>Als je wilt <strong>bonussen<\/strong>, Je zult het waarschijnlijk leuk vinden.\u2019<a href=\"https:\/\/boutique-one-piece.com\/nl\/one-piece-gezocht-poster\/producten\/one-piece-gezocht-poster-shanks-gezocht\/\" target=\"_blank\" title=\"Shanks gezocht-bericht\" rel=\"noopener noreferrer\">Shanks gezocht-poster<\/a>.<\/p>\n<h2>Informatie over de One Piece Wanted Coby-poster<\/h2>\n<ul>\n<li><span><b><u>One Piece Wanted Poster<\/u><\/b>\u00a0Een authentieke One Piece-opsporingsposter voor echte piraten.<\/span><\/li>\n<\/ul>\n<ul>\n<li>\n<b><u>Coby&#039;s Prime<\/u><\/b>\u00a0250.000.000 bessen<\/li>\n<\/ul>\n<ul>\n<li><span><strong>Afdrukken van hoge kwaliteit<\/strong>\u00a0nauwkeurige kleuren<\/span><\/li>\n<\/ul>\n<ul>\n<li>\n<strong>Dimensie<\/strong>\u00a0: 30 cm x 21 cm en 42 cm x 30 cm<\/li>\n<\/ul>\n<ul>\n<li><span><strong>GRATIS BEZORGING<\/strong><\/span><\/li>\n<\/ul>","protected":false},"excerpt":{"rendered":"<p>Wil je je interieur een frisse look geven? Versier je muur dan met deze Coby Wanted-poster. Coby (ook wel Koby genoemd) is het eerste personage dat Luffy ontmoet tijdens zijn avontuur. Op dit moment is hij de slaaf van de piraat Alvida en verricht hij alle huishoudelijke klusjes op het huis.<\/p>","protected":false},"featured_media":13193,"comment_status":"open","ping_status":"open","template":"","meta":[],"product_brand":[],"product_cat":[171],"product_tag":[],"class_list":{"0":"post-13191","1":"product","2":"type-product","3":"status-publish","4":"has-post-thumbnail","6":"product_cat-avis-de-recherche-one-piece","8":"first","9":"instock","10":"purchasable","11":"product-type-variable","12":"has-default-attributes"},"yoast_head":"<!-- This site is optimized with the Yoast SEO plugin v27.5 - https:\/\/yoast.com\/product\/yoast-seo-wordpress\/ -->\n<title>Avis De Recherche Coby Wanted | D\u00e9coration One Piece \u2013 Boutique One Piece<\/title>\n<meta name=\"description\" content=\"Si tu veux donner un nouveau souffle \u00e0 ta d\u00e9coration, orne ton mur avec cet Avis de Recherche Coby Wanted. Coby (que l&#039;on \u00e9crit \u00e9galement Koby), est le premier personnage que rencontre Luffy dans son aventure. \u00c0 ce moment, il est l&#039;esclave de la pirate Alvida et il effectue toutes les t\u00e2ches m\u00e9nag\u00e8res sur le bateau. Il\" \/>\n<meta name=\"robots\" content=\"index, follow, max-snippet:-1, max-image-preview:large, max-video-preview:-1\" \/>\n<link rel=\"canonical\" href=\"https:\/\/boutique-one-piece.com\/nl\/one-piece-gezocht-poster\/oproepbericht-coby-gezocht\/\" \/>\n<meta property=\"og:locale\" content=\"nl_NL\" \/>\n<meta property=\"og:type\" content=\"article\" \/>\n<meta property=\"og:title\" content=\"Avis De Recherche Coby Wanted | D\u00e9coration One Piece \u2013 Boutique One Piece\" \/>\n<meta property=\"og:description\" content=\"Si tu veux donner un nouveau souffle \u00e0 ta d\u00e9coration, orne ton mur avec cet Avis de Recherche Coby Wanted. Coby (que l&#039;on \u00e9crit \u00e9galement Koby), est le premier personnage que rencontre Luffy dans son aventure. \u00c0 ce moment, il est l&#039;esclave de la pirate Alvida et il effectue toutes les t\u00e2ches m\u00e9nag\u00e8res sur le bateau. Il\" \/>\n<meta property=\"og:url\" content=\"https:\/\/boutique-one-piece.com\/nl\/one-piece-gezocht-poster\/oproepbericht-coby-gezocht\/\" \/>\n<meta property=\"og:site_name\" content=\"Boutique One Piece\" \/>\n<meta property=\"article:modified_time\" content=\"2024-09-16T13:11:44+00:00\" \/>\n<meta property=\"og:image\" content=\"https:\/\/boutique-one-piece.com\/wp-content\/uploads\/2022\/09\/Avis-De-Recherche-Coby-Wanted.jpg\" \/>\n\t<meta property=\"og:image:width\" content=\"800\" \/>\n\t<meta property=\"og:image:height\" content=\"800\" \/>\n\t<meta property=\"og:image:type\" content=\"image\/jpeg\" \/>\n<meta name=\"twitter:card\" content=\"summary_large_image\" \/>\n<meta name=\"twitter:label1\" content=\"Geschatte leestijd\" \/>\n\t<meta name=\"twitter:data1\" content=\"2 minuten\" \/>\n<script type=\"application\/ld+json\" class=\"yoast-schema-graph\">{\"@context\":\"https:\\\/\\\/schema.org\",\"@graph\":[{\"@type\":\"WebPage\",\"@id\":\"https:\\\/\\\/boutique-one-piece.com\\\/avis-de-recherche-one-piece\\\/avis-de-recherche-coby-wanted\\\/\",\"url\":\"https:\\\/\\\/boutique-one-piece.com\\\/avis-de-recherche-one-piece\\\/avis-de-recherche-coby-wanted\\\/\",\"name\":\"Avis De Recherche Coby Wanted | D\u00e9coration One Piece \u2013 Boutique One Piece\",\"isPartOf\":{\"@id\":\"https:\\\/\\\/boutique-one-piece.com\\\/#website\"},\"primaryImageOfPage\":{\"@id\":\"https:\\\/\\\/boutique-one-piece.com\\\/avis-de-recherche-one-piece\\\/avis-de-recherche-coby-wanted\\\/#primaryimage\"},\"image\":{\"@id\":\"https:\\\/\\\/boutique-one-piece.com\\\/avis-de-recherche-one-piece\\\/avis-de-recherche-coby-wanted\\\/#primaryimage\"},\"thumbnailUrl\":\"https:\\\/\\\/boutique-one-piece.com\\\/wp-content\\\/uploads\\\/2022\\\/09\\\/Avis-De-Recherche-Coby-Wanted.jpg\",\"datePublished\":\"2022-09-27T21:01:33+00:00\",\"dateModified\":\"2024-09-16T13:11:44+00:00\",\"description\":\"Si tu veux donner un nouveau souffle \u00e0 ta d\u00e9coration, orne ton mur avec cet Avis de Recherche Coby Wanted. Coby (que l'on \u00e9crit \u00e9galement Koby), est le premier personnage que rencontre Luffy dans son aventure. \u00c0 ce moment, il est l'esclave de la pirate Alvida et il effectue toutes les t\u00e2ches m\u00e9nag\u00e8res sur le bateau. Il\",\"breadcrumb\":{\"@id\":\"https:\\\/\\\/boutique-one-piece.com\\\/avis-de-recherche-one-piece\\\/avis-de-recherche-coby-wanted\\\/#breadcrumb\"},\"inLanguage\":\"nl-NL\",\"potentialAction\":[{\"@type\":\"ReadAction\",\"target\":[\"https:\\\/\\\/boutique-one-piece.com\\\/avis-de-recherche-one-piece\\\/avis-de-recherche-coby-wanted\\\/\"]}]},{\"@type\":\"ImageObject\",\"inLanguage\":\"nl-NL\",\"@id\":\"https:\\\/\\\/boutique-one-piece.com\\\/avis-de-recherche-one-piece\\\/avis-de-recherche-coby-wanted\\\/#primaryimage\",\"url\":\"https:\\\/\\\/boutique-one-piece.com\\\/wp-content\\\/uploads\\\/2022\\\/09\\\/Avis-De-Recherche-Coby-Wanted.jpg\",\"contentUrl\":\"https:\\\/\\\/boutique-one-piece.com\\\/wp-content\\\/uploads\\\/2022\\\/09\\\/Avis-De-Recherche-Coby-Wanted.jpg\",\"width\":800,\"height\":800,\"caption\":\"Avis De Recherche Coby Wanted 42X30cm\"},{\"@type\":\"BreadcrumbList\",\"@id\":\"https:\\\/\\\/boutique-one-piece.com\\\/avis-de-recherche-one-piece\\\/avis-de-recherche-coby-wanted\\\/#breadcrumb\",\"itemListElement\":[{\"@type\":\"ListItem\",\"position\":1,\"name\":\"Home\",\"item\":\"https:\\\/\\\/boutique-one-piece.com\\\/\"},{\"@type\":\"ListItem\",\"position\":2,\"name\":\"Shop\",\"item\":\"https:\\\/\\\/boutique-one-piece.com\\\/shop\\\/\"},{\"@type\":\"ListItem\",\"position\":3,\"name\":\"Avis De Recherche Coby Wanted\"}]},{\"@type\":\"WebSite\",\"@id\":\"https:\\\/\\\/boutique-one-piece.com\\\/#website\",\"url\":\"https:\\\/\\\/boutique-one-piece.com\\\/\",\"name\":\"Boutique One Piece\",\"description\":\"Magasin Sp\u00e9cialis\u00e9 du Manga et l&#039;Anime One Piece\",\"publisher\":{\"@id\":\"https:\\\/\\\/boutique-one-piece.com\\\/#organization\"},\"potentialAction\":[{\"@type\":\"SearchAction\",\"target\":{\"@type\":\"EntryPoint\",\"urlTemplate\":\"https:\\\/\\\/boutique-one-piece.com\\\/?s={search_term_string}\"},\"query-input\":{\"@type\":\"PropertyValueSpecification\",\"valueRequired\":true,\"valueName\":\"search_term_string\"}}],\"inLanguage\":\"nl-NL\"},{\"@type\":\"Organization\",\"@id\":\"https:\\\/\\\/boutique-one-piece.com\\\/#organization\",\"name\":\"Boutique One Piece\",\"url\":\"https:\\\/\\\/boutique-one-piece.com\\\/\",\"logo\":{\"@type\":\"ImageObject\",\"inLanguage\":\"nl-NL\",\"@id\":\"https:\\\/\\\/boutique-one-piece.com\\\/#\\\/schema\\\/logo\\\/image\\\/\",\"url\":\"https:\\\/\\\/boutique-one-piece.com\\\/wp-content\\\/uploads\\\/2022\\\/09\\\/Logo-01.png\",\"contentUrl\":\"https:\\\/\\\/boutique-one-piece.com\\\/wp-content\\\/uploads\\\/2022\\\/09\\\/Logo-01.png\",\"width\":2318,\"height\":957,\"caption\":\"Boutique One Piece\"},\"image\":{\"@id\":\"https:\\\/\\\/boutique-one-piece.com\\\/#\\\/schema\\\/logo\\\/image\\\/\"}}]}<\/script>\n<!-- \/ Yoast SEO plugin. -->","yoast_head_json":{"title":"Oproep voor Coby | One Piece Decoraties \u2013 One Piece Shop","description":"Wil je je interieur een frisse look geven? Versier je muur dan met deze Coby Wanted poster. Coby (ook wel Koby gespeld) is het eerste personage dat Luffy ontmoet tijdens zijn avontuur. Op dat moment is hij de slaaf van de piraat Alvida en verricht hij alle huishoudelijke klusjes aan boord van het schip.","robots":{"index":"index","follow":"follow","max-snippet":"max-snippet:-1","max-image-preview":"max-image-preview:large","max-video-preview":"max-video-preview:-1"},"canonical":"https:\/\/boutique-one-piece.com\/nl\/one-piece-gezocht-poster\/oproepbericht-coby-gezocht\/","og_locale":"nl_NL","og_type":"article","og_title":"Avis De Recherche Coby Wanted | D\u00e9coration One Piece \u2013 Boutique One Piece","og_description":"Si tu veux donner un nouveau souffle \u00e0 ta d\u00e9coration, orne ton mur avec cet Avis de Recherche Coby Wanted. Coby (que l'on \u00e9crit \u00e9galement Koby), est le premier personnage que rencontre Luffy dans son aventure. \u00c0 ce moment, il est l'esclave de la pirate Alvida et il effectue toutes les t\u00e2ches m\u00e9nag\u00e8res sur le bateau. Il","og_url":"https:\/\/boutique-one-piece.com\/nl\/one-piece-gezocht-poster\/oproepbericht-coby-gezocht\/","og_site_name":"Boutique One Piece","article_modified_time":"2024-09-16T13:11:44+00:00","og_image":[{"width":800,"height":800,"url":"https:\/\/boutique-one-piece.com\/wp-content\/uploads\/2022\/09\/Avis-De-Recherche-Coby-Wanted.jpg","type":"image\/jpeg"}],"twitter_card":"summary_large_image","twitter_misc":{"Geschatte leestijd":"2 minuten"},"schema":{"@context":"https:\/\/schema.org","@graph":[{"@type":"WebPage","@id":"https:\/\/boutique-one-piece.com\/avis-de-recherche-one-piece\/avis-de-recherche-coby-wanted\/","url":"https:\/\/boutique-one-piece.com\/avis-de-recherche-one-piece\/avis-de-recherche-coby-wanted\/","name":"Oproep voor Coby | One Piece Decoraties \u2013 One Piece Shop","isPartOf":{"@id":"https:\/\/boutique-one-piece.com\/#website"},"primaryImageOfPage":{"@id":"https:\/\/boutique-one-piece.com\/avis-de-recherche-one-piece\/avis-de-recherche-coby-wanted\/#primaryimage"},"image":{"@id":"https:\/\/boutique-one-piece.com\/avis-de-recherche-one-piece\/avis-de-recherche-coby-wanted\/#primaryimage"},"thumbnailUrl":"https:\/\/boutique-one-piece.com\/wp-content\/uploads\/2022\/09\/Avis-De-Recherche-Coby-Wanted.jpg","datePublished":"2022-09-27T21:01:33+00:00","dateModified":"2024-09-16T13:11:44+00:00","description":"Wil je je interieur een frisse look geven? Versier je muur dan met deze Coby Wanted poster. Coby (ook wel Koby gespeld) is het eerste personage dat Luffy ontmoet tijdens zijn avontuur. Op dat moment is hij de slaaf van de piraat Alvida en verricht hij alle huishoudelijke klusjes aan boord van het schip.","breadcrumb":{"@id":"https:\/\/boutique-one-piece.com\/avis-de-recherche-one-piece\/avis-de-recherche-coby-wanted\/#breadcrumb"},"inLanguage":"nl-NL","potentialAction":[{"@type":"ReadAction","target":["https:\/\/boutique-one-piece.com\/avis-de-recherche-one-piece\/avis-de-recherche-coby-wanted\/"]}]},{"@type":"ImageObject","inLanguage":"nl-NL","@id":"https:\/\/boutique-one-piece.com\/avis-de-recherche-one-piece\/avis-de-recherche-coby-wanted\/#primaryimage","url":"https:\/\/boutique-one-piece.com\/wp-content\/uploads\/2022\/09\/Avis-De-Recherche-Coby-Wanted.jpg","contentUrl":"https:\/\/boutique-one-piece.com\/wp-content\/uploads\/2022\/09\/Avis-De-Recherche-Coby-Wanted.jpg","width":800,"height":800,"caption":"Avis De Recherche Coby Wanted 42X30cm"},{"@type":"BreadcrumbList","@id":"https:\/\/boutique-one-piece.com\/avis-de-recherche-one-piece\/avis-de-recherche-coby-wanted\/#breadcrumb","itemListElement":[{"@type":"ListItem","position":1,"name":"Home","item":"https:\/\/boutique-one-piece.com\/"},{"@type":"ListItem","position":2,"name":"Shop","item":"https:\/\/boutique-one-piece.com\/shop\/"},{"@type":"ListItem","position":3,"name":"Avis De Recherche Coby Wanted"}]},{"@type":"WebSite","@id":"https:\/\/boutique-one-piece.com\/#website","url":"https:\/\/boutique-one-piece.com\/","name":"One Piece Shop","description":"Gespecialiseerde winkel voor One Piece manga en anime.","publisher":{"@id":"https:\/\/boutique-one-piece.com\/#organization"},"potentialAction":[{"@type":"SearchAction","target":{"@type":"EntryPoint","urlTemplate":"https:\/\/boutique-one-piece.com\/?s={search_term_string}"},"query-input":{"@type":"PropertyValueSpecification","valueRequired":true,"valueName":"search_term_string"}}],"inLanguage":"nl-NL"},{"@type":"Organization","@id":"https:\/\/boutique-one-piece.com\/#organization","name":"One Piece Shop","url":"https:\/\/boutique-one-piece.com\/","logo":{"@type":"ImageObject","inLanguage":"nl-NL","@id":"https:\/\/boutique-one-piece.com\/#\/schema\/logo\/image\/","url":"https:\/\/boutique-one-piece.com\/wp-content\/uploads\/2022\/09\/Logo-01.png","contentUrl":"https:\/\/boutique-one-piece.com\/wp-content\/uploads\/2022\/09\/Logo-01.png","width":2318,"height":957,"caption":"Boutique One Piece"},"image":{"@id":"https:\/\/boutique-one-piece.com\/#\/schema\/logo\/image\/"}}]}},"_links":{"self":[{"href":"https:\/\/boutique-one-piece.com\/nl\/wp-json\/wp\/v2\/product\/13191","targetHints":{"allow":["GET"]}}],"collection":[{"href":"https:\/\/boutique-one-piece.com\/nl\/wp-json\/wp\/v2\/product"}],"about":[{"href":"https:\/\/boutique-one-piece.com\/nl\/wp-json\/wp\/v2\/types\/product"}],"replies":[{"embeddable":true,"href":"https:\/\/boutique-one-piece.com\/nl\/wp-json\/wp\/v2\/comments?post=13191"}],"wp:featuredmedia":[{"embeddable":true,"href":"https:\/\/boutique-one-piece.com\/nl\/wp-json\/wp\/v2\/media\/13193"}],"wp:attachment":[{"href":"https:\/\/boutique-one-piece.com\/nl\/wp-json\/wp\/v2\/media?parent=13191"}],"wp:term":[{"taxonomy":"product_brand","embeddable":true,"href":"https:\/\/boutique-one-piece.com\/nl\/wp-json\/wp\/v2\/product_brand?post=13191"},{"taxonomy":"product_cat","embeddable":true,"href":"https:\/\/boutique-one-piece.com\/nl\/wp-json\/wp\/v2\/product_cat?post=13191"},{"taxonomy":"product_tag","embeddable":true,"href":"https:\/\/boutique-one-piece.com\/nl\/wp-json\/wp\/v2\/product_tag?post=13191"}],"curies":[{"name":"wp","href":"https:\/\/api.w.org\/{rel}","templated":true}]}}