{"id":13291,"date":"2022-09-27T21:02:01","date_gmt":"2022-09-27T21:02:01","guid":{"rendered":"https:\/\/boutique-one-piece.com\/uncategorized\/pull-a-capuche-one-piece-trafalgar-low\/"},"modified":"2024-09-16T15:23:39","modified_gmt":"2024-09-16T15:23:39","slug":"eendelige-trafalgar-trui-met-lage-capuchon","status":"publish","type":"product","link":"https:\/\/boutique-one-piece.com\/nl\/one-piece-kleding\/one-piece-truien\/eendelige-trafalgar-trui-met-lage-capuchon\/","title":{"rendered":"Trafalgar trui met lage capuchon, \u00e9\u00e9n stuk"},"content":{"rendered":"<h2><b>Hoogwaardige One Piece Trafalgar D. Water Law logo hoodie: Sluit je aan bij de Heart Pirates, draag deze hoodie en word Law&#039;s Nakama!<\/b><\/h2>\n<p><span><\/span><span><\/span><span><\/span><span><\/span><span><\/span><\/p>\n<ul><\/ul>\n<ul><\/ul>\n<ul>\n<li>\n<strong>Hoogwaardige One Piece trui\u00a0<\/strong><span>:\u00a0<\/span>Het heeft een hoog gewicht en is gemaakt van hoogwaardige materialen.<\/li>\n<\/ul>\n<ul>\n<li><span><strong>Grote flexibiliteit\u00a0<\/strong>Dankzij de elasticiteit kreukt het niet.<\/span><\/li>\n<\/ul>\n<ul>\n<li>\n<strong>Zeer comfortabel<span>\u00a0<\/span><\/strong>Dankzij de superzachte katoenvezels is er geen sprake van schuren.<\/li>\n<\/ul>\n<ul>\n<li><span>3D-digitale print, origineel ontwerp<\/span><\/li>\n<\/ul>\n<ul>\n<li><span><b>Katoen<\/b><strong>\u00a0organisch\u00a0<\/strong>Katoen van hoge kwaliteit met extra lange vezels.<\/span><\/li>\n<\/ul>\n<ul>\n<li><span><strong>Gratis bezorging\u00a0<\/strong>voor elke aankoop<strong>\u00a0<\/strong><\/span><\/li>\n<\/ul>\n<p><span>Vergeet niet te gooien\u00a0<\/span>Bekijk de maattabel hieronder.<\/p>\n<p><img decoding=\"async\" src=\"https:\/\/cdn.shopify.com\/s\/files\/1\/0087\/7556\/5348\/files\/boutque_one__piece__tableau__taille__pull_f532488a-6714-48f5-a98b-56bde6264406_large.jpg?v=1559838932\" alt=\"Maattabel voor One Piece-winkels\"><\/p>\n<h3>Wasvoorschriften:<\/h3>\n<ul>\n<li>Machinewas op 30\u00b0C, fijnwasprogramma.<\/li>\n<\/ul>\n<ul>\n<li>Strijk aan de achterkant<\/li>\n<\/ul>\n<p>Voor<span>\u00a0<\/span><strong>behoud de kwaliteit<\/strong><span>\u00a0<\/span>hiervan<span>\u00a0<strong>trui<\/strong><\/span><strong>\u00a0One Piece<\/strong>, Wij raden u aan om<span>\u00a0<\/span><strong>respect<\/strong><span>\u00a0<\/span>DE<span>\u00a0<\/span><strong>wasvoorschriften<\/strong>.<\/p>","protected":false},"excerpt":{"rendered":"<p>Pull\u00a0\u00e0 Capuche One Piece Logo Trafalgar D. Water Law de Tr\u00e8s Haute Qualit\u00e9 : Rejoins l&rsquo;\u00c9quipage du Heart, Porte ce sweat et Deviens\u00a0le Nakama de Law ! Pull\u00a0One Piece\u00a0de qualit\u00e9 sup\u00e9rieur\u00a0:\u00a0poc\u00e8de un grammage \u00e9lev\u00e9 avec des mat\u00e9riaux de qualit\u00e9s Grande souplesse\u00a0: gr\u00e2ce \u00e0 son \u00e9lasticit\u00e9, il ne se froisse pas Tr\u00e8s confortable\u00a0: avec ces fibres [&hellip;]<\/p>","protected":false},"featured_media":13293,"comment_status":"open","ping_status":"open","template":"","meta":[],"product_brand":[],"product_cat":[81,54],"product_tag":[82,83,84,393,85,86,87,88,89,91,90,303,182,93,94,98,99,100,101,103,394],"class_list":{"0":"post-13291","1":"product","2":"type-product","3":"status-publish","4":"has-post-thumbnail","6":"product_cat-pulls-one-piece","7":"product_cat-vetements-one-piece","8":"product_tag-100-coton","9":"product_tag-blanc","10":"product_tag-capuche","11":"product_tag-embleme","12":"product_tag-femme","13":"product_tag-gris","14":"product_tag-haute-qualite","15":"product_tag-homme","16":"product_tag-hoodie","17":"product_tag-impression-3d-manga","18":"product_tag-impression-par-sublimation","19":"product_tag-jolly-roger","20":"product_tag-logo","21":"product_tag-manche-longue","22":"product_tag-manga","23":"product_tag-noir","24":"product_tag-one-piece","25":"product_tag-pas-chere","26":"product_tag-pull","27":"product_tag-sweat","28":"product_tag-trafalgar-d-water-law","30":"first","31":"instock","32":"purchasable","33":"product-type-variable"},"yoast_head":"<!-- This site is optimized with the Yoast SEO plugin v27.5 - https:\/\/yoast.com\/product\/yoast-seo-wordpress\/ -->\n<title>Pull \u00e0 Capuche One Piece Trafalgar Low | Boutique One Piece<\/title>\n<meta name=\"description\" content=\"Pull \u00e0 Capuche One Piece Logo Trafalgar D. Water Law de Tr\u00e8s Haute Qualit\u00e9 : Rejoins l&#039;\u00c9quipage du Heart, Porte ce sweat et Deviens le Nakama du Capitaine Law !\" \/>\n<meta name=\"robots\" content=\"index, follow, max-snippet:-1, max-image-preview:large, max-video-preview:-1\" \/>\n<link rel=\"canonical\" href=\"https:\/\/boutique-one-piece.com\/nl\/one-piece-kleding\/one-piece-truien\/eendelige-trafalgar-trui-met-lage-capuchon\/\" \/>\n<meta property=\"og:locale\" content=\"nl_NL\" \/>\n<meta property=\"og:type\" content=\"article\" \/>\n<meta property=\"og:title\" content=\"Pull \u00e0 Capuche One Piece Trafalgar Low | Boutique One Piece\" \/>\n<meta property=\"og:description\" content=\"Pull \u00e0 Capuche One Piece Logo Trafalgar D. Water Law de Tr\u00e8s Haute Qualit\u00e9 : Rejoins l&#039;\u00c9quipage du Heart, Porte ce sweat et Deviens le Nakama du Capitaine Law !\" \/>\n<meta property=\"og:url\" content=\"https:\/\/boutique-one-piece.com\/nl\/one-piece-kleding\/one-piece-truien\/eendelige-trafalgar-trui-met-lage-capuchon\/\" \/>\n<meta property=\"og:site_name\" content=\"Boutique One Piece\" \/>\n<meta property=\"article:modified_time\" content=\"2024-09-16T15:23:39+00:00\" \/>\n<meta property=\"og:image\" content=\"https:\/\/boutique-one-piece.com\/wp-content\/uploads\/2022\/09\/Pull-a-Capuche-One-Piece-Trafalgar-Low.jpg\" \/>\n\t<meta property=\"og:image:width\" content=\"600\" \/>\n\t<meta property=\"og:image:height\" content=\"600\" \/>\n\t<meta property=\"og:image:type\" content=\"image\/jpeg\" \/>\n<meta name=\"twitter:card\" content=\"summary_large_image\" \/>\n<meta name=\"twitter:label1\" content=\"Geschatte leestijd\" \/>\n\t<meta name=\"twitter:data1\" content=\"2 minuten\" \/>\n<script type=\"application\/ld+json\" class=\"yoast-schema-graph\">{\"@context\":\"https:\\\/\\\/schema.org\",\"@graph\":[{\"@type\":\"WebPage\",\"@id\":\"https:\\\/\\\/boutique-one-piece.com\\\/vetements-one-piece\\\/pulls-one-piece\\\/pull-a-capuche-one-piece-trafalgar-low\\\/\",\"url\":\"https:\\\/\\\/boutique-one-piece.com\\\/vetements-one-piece\\\/pulls-one-piece\\\/pull-a-capuche-one-piece-trafalgar-low\\\/\",\"name\":\"Pull \u00e0 Capuche One Piece Trafalgar Low | Boutique One Piece\",\"isPartOf\":{\"@id\":\"https:\\\/\\\/boutique-one-piece.com\\\/#website\"},\"primaryImageOfPage\":{\"@id\":\"https:\\\/\\\/boutique-one-piece.com\\\/vetements-one-piece\\\/pulls-one-piece\\\/pull-a-capuche-one-piece-trafalgar-low\\\/#primaryimage\"},\"image\":{\"@id\":\"https:\\\/\\\/boutique-one-piece.com\\\/vetements-one-piece\\\/pulls-one-piece\\\/pull-a-capuche-one-piece-trafalgar-low\\\/#primaryimage\"},\"thumbnailUrl\":\"https:\\\/\\\/boutique-one-piece.com\\\/wp-content\\\/uploads\\\/2022\\\/09\\\/Pull-a-Capuche-One-Piece-Trafalgar-Low.jpg\",\"datePublished\":\"2022-09-27T21:02:01+00:00\",\"dateModified\":\"2024-09-16T15:23:39+00:00\",\"description\":\"Pull \u00e0 Capuche One Piece Logo Trafalgar D. Water Law de Tr\u00e8s Haute Qualit\u00e9 : Rejoins l'\u00c9quipage du Heart, Porte ce sweat et Deviens le Nakama du Capitaine Law !\",\"breadcrumb\":{\"@id\":\"https:\\\/\\\/boutique-one-piece.com\\\/vetements-one-piece\\\/pulls-one-piece\\\/pull-a-capuche-one-piece-trafalgar-low\\\/#breadcrumb\"},\"inLanguage\":\"nl-NL\",\"potentialAction\":[{\"@type\":\"ReadAction\",\"target\":[\"https:\\\/\\\/boutique-one-piece.com\\\/vetements-one-piece\\\/pulls-one-piece\\\/pull-a-capuche-one-piece-trafalgar-low\\\/\"]}]},{\"@type\":\"ImageObject\",\"inLanguage\":\"nl-NL\",\"@id\":\"https:\\\/\\\/boutique-one-piece.com\\\/vetements-one-piece\\\/pulls-one-piece\\\/pull-a-capuche-one-piece-trafalgar-low\\\/#primaryimage\",\"url\":\"https:\\\/\\\/boutique-one-piece.com\\\/wp-content\\\/uploads\\\/2022\\\/09\\\/Pull-a-Capuche-One-Piece-Trafalgar-Low.jpg\",\"contentUrl\":\"https:\\\/\\\/boutique-one-piece.com\\\/wp-content\\\/uploads\\\/2022\\\/09\\\/Pull-a-Capuche-One-Piece-Trafalgar-Low.jpg\",\"width\":600,\"height\":600,\"caption\":\"Pull \u00e0 Capuche One Piece Trafalgar Low Noir xxl\"},{\"@type\":\"BreadcrumbList\",\"@id\":\"https:\\\/\\\/boutique-one-piece.com\\\/vetements-one-piece\\\/pulls-one-piece\\\/pull-a-capuche-one-piece-trafalgar-low\\\/#breadcrumb\",\"itemListElement\":[{\"@type\":\"ListItem\",\"position\":1,\"name\":\"Home\",\"item\":\"https:\\\/\\\/boutique-one-piece.com\\\/\"},{\"@type\":\"ListItem\",\"position\":2,\"name\":\"Shop\",\"item\":\"https:\\\/\\\/boutique-one-piece.com\\\/shop\\\/\"},{\"@type\":\"ListItem\",\"position\":3,\"name\":\"Pull \u00e0 Capuche One Piece Trafalgar Low\"}]},{\"@type\":\"WebSite\",\"@id\":\"https:\\\/\\\/boutique-one-piece.com\\\/#website\",\"url\":\"https:\\\/\\\/boutique-one-piece.com\\\/\",\"name\":\"Boutique One Piece\",\"description\":\"Magasin Sp\u00e9cialis\u00e9 du Manga et l&#039;Anime One Piece\",\"publisher\":{\"@id\":\"https:\\\/\\\/boutique-one-piece.com\\\/#organization\"},\"potentialAction\":[{\"@type\":\"SearchAction\",\"target\":{\"@type\":\"EntryPoint\",\"urlTemplate\":\"https:\\\/\\\/boutique-one-piece.com\\\/?s={search_term_string}\"},\"query-input\":{\"@type\":\"PropertyValueSpecification\",\"valueRequired\":true,\"valueName\":\"search_term_string\"}}],\"inLanguage\":\"nl-NL\"},{\"@type\":\"Organization\",\"@id\":\"https:\\\/\\\/boutique-one-piece.com\\\/#organization\",\"name\":\"Boutique One Piece\",\"url\":\"https:\\\/\\\/boutique-one-piece.com\\\/\",\"logo\":{\"@type\":\"ImageObject\",\"inLanguage\":\"nl-NL\",\"@id\":\"https:\\\/\\\/boutique-one-piece.com\\\/#\\\/schema\\\/logo\\\/image\\\/\",\"url\":\"https:\\\/\\\/boutique-one-piece.com\\\/wp-content\\\/uploads\\\/2022\\\/09\\\/Logo-01.png\",\"contentUrl\":\"https:\\\/\\\/boutique-one-piece.com\\\/wp-content\\\/uploads\\\/2022\\\/09\\\/Logo-01.png\",\"width\":2318,\"height\":957,\"caption\":\"Boutique One Piece\"},\"image\":{\"@id\":\"https:\\\/\\\/boutique-one-piece.com\\\/#\\\/schema\\\/logo\\\/image\\\/\"}}]}<\/script>\n<!-- \/ Yoast SEO plugin. -->","yoast_head_json":{"title":"One Piece Trafalgar Low Hoodie | One Piece Shop","description":"One Piece Trafalgar D. Water Law Logo Hoodie - Hoge kwaliteit: Sluit je aan bij de Heart Pirates, draag deze hoodie en word Captain Law&#039;s Nakama!","robots":{"index":"index","follow":"follow","max-snippet":"max-snippet:-1","max-image-preview":"max-image-preview:large","max-video-preview":"max-video-preview:-1"},"canonical":"https:\/\/boutique-one-piece.com\/nl\/one-piece-kleding\/one-piece-truien\/eendelige-trafalgar-trui-met-lage-capuchon\/","og_locale":"nl_NL","og_type":"article","og_title":"Pull \u00e0 Capuche One Piece Trafalgar Low | Boutique One Piece","og_description":"Pull \u00e0 Capuche One Piece Logo Trafalgar D. Water Law de Tr\u00e8s Haute Qualit\u00e9 : Rejoins l'\u00c9quipage du Heart, Porte ce sweat et Deviens le Nakama du Capitaine Law !","og_url":"https:\/\/boutique-one-piece.com\/nl\/one-piece-kleding\/one-piece-truien\/eendelige-trafalgar-trui-met-lage-capuchon\/","og_site_name":"Boutique One Piece","article_modified_time":"2024-09-16T15:23:39+00:00","og_image":[{"width":600,"height":600,"url":"https:\/\/boutique-one-piece.com\/wp-content\/uploads\/2022\/09\/Pull-a-Capuche-One-Piece-Trafalgar-Low.jpg","type":"image\/jpeg"}],"twitter_card":"summary_large_image","twitter_misc":{"Geschatte leestijd":"2 minuten"},"schema":{"@context":"https:\/\/schema.org","@graph":[{"@type":"WebPage","@id":"https:\/\/boutique-one-piece.com\/vetements-one-piece\/pulls-one-piece\/pull-a-capuche-one-piece-trafalgar-low\/","url":"https:\/\/boutique-one-piece.com\/vetements-one-piece\/pulls-one-piece\/pull-a-capuche-one-piece-trafalgar-low\/","name":"One Piece Trafalgar Low Hoodie | One Piece Shop","isPartOf":{"@id":"https:\/\/boutique-one-piece.com\/#website"},"primaryImageOfPage":{"@id":"https:\/\/boutique-one-piece.com\/vetements-one-piece\/pulls-one-piece\/pull-a-capuche-one-piece-trafalgar-low\/#primaryimage"},"image":{"@id":"https:\/\/boutique-one-piece.com\/vetements-one-piece\/pulls-one-piece\/pull-a-capuche-one-piece-trafalgar-low\/#primaryimage"},"thumbnailUrl":"https:\/\/boutique-one-piece.com\/wp-content\/uploads\/2022\/09\/Pull-a-Capuche-One-Piece-Trafalgar-Low.jpg","datePublished":"2022-09-27T21:02:01+00:00","dateModified":"2024-09-16T15:23:39+00:00","description":"One Piece Trafalgar D. Water Law Logo Hoodie - Hoge kwaliteit: Sluit je aan bij de Heart Pirates, draag deze hoodie en word Captain Law&#039;s Nakama!","breadcrumb":{"@id":"https:\/\/boutique-one-piece.com\/vetements-one-piece\/pulls-one-piece\/pull-a-capuche-one-piece-trafalgar-low\/#breadcrumb"},"inLanguage":"nl-NL","potentialAction":[{"@type":"ReadAction","target":["https:\/\/boutique-one-piece.com\/vetements-one-piece\/pulls-one-piece\/pull-a-capuche-one-piece-trafalgar-low\/"]}]},{"@type":"ImageObject","inLanguage":"nl-NL","@id":"https:\/\/boutique-one-piece.com\/vetements-one-piece\/pulls-one-piece\/pull-a-capuche-one-piece-trafalgar-low\/#primaryimage","url":"https:\/\/boutique-one-piece.com\/wp-content\/uploads\/2022\/09\/Pull-a-Capuche-One-Piece-Trafalgar-Low.jpg","contentUrl":"https:\/\/boutique-one-piece.com\/wp-content\/uploads\/2022\/09\/Pull-a-Capuche-One-Piece-Trafalgar-Low.jpg","width":600,"height":600,"caption":"Pull \u00e0 Capuche One Piece Trafalgar Low Noir xxl"},{"@type":"BreadcrumbList","@id":"https:\/\/boutique-one-piece.com\/vetements-one-piece\/pulls-one-piece\/pull-a-capuche-one-piece-trafalgar-low\/#breadcrumb","itemListElement":[{"@type":"ListItem","position":1,"name":"Home","item":"https:\/\/boutique-one-piece.com\/"},{"@type":"ListItem","position":2,"name":"Shop","item":"https:\/\/boutique-one-piece.com\/shop\/"},{"@type":"ListItem","position":3,"name":"Pull \u00e0 Capuche One Piece Trafalgar Low"}]},{"@type":"WebSite","@id":"https:\/\/boutique-one-piece.com\/#website","url":"https:\/\/boutique-one-piece.com\/","name":"One Piece Shop","description":"Gespecialiseerde winkel voor One Piece manga en anime.","publisher":{"@id":"https:\/\/boutique-one-piece.com\/#organization"},"potentialAction":[{"@type":"SearchAction","target":{"@type":"EntryPoint","urlTemplate":"https:\/\/boutique-one-piece.com\/?s={search_term_string}"},"query-input":{"@type":"PropertyValueSpecification","valueRequired":true,"valueName":"search_term_string"}}],"inLanguage":"nl-NL"},{"@type":"Organization","@id":"https:\/\/boutique-one-piece.com\/#organization","name":"One Piece Shop","url":"https:\/\/boutique-one-piece.com\/","logo":{"@type":"ImageObject","inLanguage":"nl-NL","@id":"https:\/\/boutique-one-piece.com\/#\/schema\/logo\/image\/","url":"https:\/\/boutique-one-piece.com\/wp-content\/uploads\/2022\/09\/Logo-01.png","contentUrl":"https:\/\/boutique-one-piece.com\/wp-content\/uploads\/2022\/09\/Logo-01.png","width":2318,"height":957,"caption":"Boutique One Piece"},"image":{"@id":"https:\/\/boutique-one-piece.com\/#\/schema\/logo\/image\/"}}]}},"_links":{"self":[{"href":"https:\/\/boutique-one-piece.com\/nl\/wp-json\/wp\/v2\/product\/13291","targetHints":{"allow":["GET"]}}],"collection":[{"href":"https:\/\/boutique-one-piece.com\/nl\/wp-json\/wp\/v2\/product"}],"about":[{"href":"https:\/\/boutique-one-piece.com\/nl\/wp-json\/wp\/v2\/types\/product"}],"replies":[{"embeddable":true,"href":"https:\/\/boutique-one-piece.com\/nl\/wp-json\/wp\/v2\/comments?post=13291"}],"wp:featuredmedia":[{"embeddable":true,"href":"https:\/\/boutique-one-piece.com\/nl\/wp-json\/wp\/v2\/media\/13293"}],"wp:attachment":[{"href":"https:\/\/boutique-one-piece.com\/nl\/wp-json\/wp\/v2\/media?parent=13291"}],"wp:term":[{"taxonomy":"product_brand","embeddable":true,"href":"https:\/\/boutique-one-piece.com\/nl\/wp-json\/wp\/v2\/product_brand?post=13291"},{"taxonomy":"product_cat","embeddable":true,"href":"https:\/\/boutique-one-piece.com\/nl\/wp-json\/wp\/v2\/product_cat?post=13291"},{"taxonomy":"product_tag","embeddable":true,"href":"https:\/\/boutique-one-piece.com\/nl\/wp-json\/wp\/v2\/product_tag?post=13291"}],"curies":[{"name":"wp","href":"https:\/\/api.w.org\/{rel}","templated":true}]}}