{"id":13340,"date":"2022-09-27T21:02:29","date_gmt":"2022-09-27T21:02:29","guid":{"rendered":"https:\/\/boutique-one-piece.com\/uncategorized\/avis-de-recherche-gekko-moria-wanted\/"},"modified":"2024-09-16T13:14:34","modified_gmt":"2024-09-16T13:14:34","slug":"gezocht-bericht-gekko-moria-gezocht","status":"publish","type":"product","link":"https:\/\/boutique-one-piece.com\/nl\/one-piece-gezocht-poster\/gezocht-bericht-gekko-moria-gezocht\/","title":{"rendered":"Gezocht: Gekko Moria"},"content":{"rendered":"<h2>Wil je je kamer een donkere en sfeervolle uitstraling geven, terwijl je tegelijkertijd je passie voor manga uitdraagt? Dan is deze Gekko Moria Wanted poster perfect voor jou.<\/h2>\n<p>Gekko Moria (ook wel Gecko Moria genoemd, afhankelijk van de vertaling) is een <strong>voormalige Shichibukai<\/strong>, Dit zijn piraten die ervoor hebben gekozen zich bij de marine aan te sluiten om hen te ondersteunen, terwijl ze tegelijkertijd hun criminele activiteiten kunnen voortzetten. Zij zijn de belangrijkste antagonisten van deze verhaallijn. <strong>Thriller Bark<\/strong>. Deze verhaallijn werd door fans zeer gewaardeerd vanwege het duistere universum en het thema dat deed denken aan Halloween, met bijvoorbeeld skeletten en zombies.<\/p>\n<p>Moria at de vrucht van de<strong> Kage Kage no mi<\/strong>, Hierdoor kan hij schaduwen stelen en aan anderen schenken, of ze direct absorberen om te groeien en krachtiger te worden. Het is belangrijk om te weten dat iemand zonder schaduw niet direct in het zonlicht kan komen, anders lost hij op, net als een vampier.<\/p>\n<h3>Geef je kamer een mysterieuze uitstraling door de muren te versieren met een originele piraten-opsporingsposter.<\/h3>\n<p>Gekko Moria is een innemend personage, ondanks zijn ogenschijnlijke slechtheid. Toen zijn bemanning door Kaido werd gedood, besloot Moria een leger van zombies te cre\u00ebren, omdat die onsterfelijk zijn. Hij maakte deze keuze omdat hij zijn ondergeschikten niet langer wilde verliezen.<\/p>\n<p>Daar <strong>prime<\/strong> Op de premie van Gekko Moria staat 320 miljoen bessen.<\/p>\n<p>Als je onze bonussen leuk vindt, vind je dit vast ook leuk. <a href=\"https:\/\/boutique-one-piece.com\/nl\/one-piece-gezocht-poster\/producten\/one-piece-gold-roger-gezocht-poster\/\" target=\"_blank\" title=\"Opsporingsposter van Gold Roger\" rel=\"noopener noreferrer\">Opsporingsposter van Gold Roger<\/a>.<\/p>\n<h2>Informatie over de One Piece Wanted Gekko Moria-poster<\/h2>\n<ul>\n<li><span><b><u>One Piece Wanted Poster<\/u><\/b>\u00a0Een authentieke One Piece-opsporingsposter voor echte piraten.<\/span><\/li>\n<\/ul>\n<ul>\n<li>\n<b><u>Gekko Moria&#039;s Bounty<\/u><\/b>\u00a0320.000.000 bessen<\/li>\n<\/ul>\n<ul>\n<li><span><strong>Afdrukken van hoge kwaliteit<\/strong>\u00a0nauwkeurige kleuren<\/span><\/li>\n<\/ul>\n<ul>\n<li>\n<strong>Dimensie<\/strong>\u00a0: 51 cm x 36 cm<\/li>\n<\/ul>\n<ul>\n<li><span><strong>GRATIS BEZORGING<\/strong><\/span><\/li>\n<\/ul>","protected":false},"excerpt":{"rendered":"<p>Wil je je kamer een donkere, stoere uitstraling geven en tegelijkertijd je passie voor manga uitleven? Dan is deze Gekko Moria Wanted poster perfect voor jou. Gekko Moria (in sommige vertalingen ook bekend als Gecko Moria) is een voormalig lid van de Shichibukai, een groep piraten die ervoor kozen om [\u2026]<\/p>","protected":false},"featured_media":13342,"comment_status":"open","ping_status":"open","template":"","meta":[],"product_brand":[],"product_cat":[171],"product_tag":[],"class_list":{"0":"post-13340","1":"product","2":"type-product","3":"status-publish","4":"has-post-thumbnail","6":"product_cat-avis-de-recherche-one-piece","8":"first","9":"instock","10":"purchasable","11":"product-type-simple"},"yoast_head":"<!-- This site is optimized with the Yoast SEO plugin v27.5 - https:\/\/yoast.com\/product\/yoast-seo-wordpress\/ -->\n<title>Avis De Recherche Gekko Moria Wanted | D\u00e9coration One Piece \u2013 Boutique One Piece<\/title>\n<meta name=\"description\" content=\"Tu veux donner un allant sombre \u00e0 ta chambre tout en restant dans ta passion du manga ? Dans ce cas, cet Avis de Recherche Gekko Moria Wanted est fait sur mesure pour toi. Gekko Moria (\u00e9galement appel\u00e9 Gecko Moria selon les traductions) est un ancien Shichibukai, qui sont des pirates ayant choisis de se rallier \u00e0 la Ma\" \/>\n<meta name=\"robots\" content=\"index, follow, max-snippet:-1, max-image-preview:large, max-video-preview:-1\" \/>\n<link rel=\"canonical\" href=\"https:\/\/boutique-one-piece.com\/nl\/one-piece-gezocht-poster\/gezocht-bericht-gekko-moria-gezocht\/\" \/>\n<meta property=\"og:locale\" content=\"nl_NL\" \/>\n<meta property=\"og:type\" content=\"article\" \/>\n<meta property=\"og:title\" content=\"Avis De Recherche Gekko Moria Wanted | D\u00e9coration One Piece \u2013 Boutique One Piece\" \/>\n<meta property=\"og:description\" content=\"Tu veux donner un allant sombre \u00e0 ta chambre tout en restant dans ta passion du manga ? Dans ce cas, cet Avis de Recherche Gekko Moria Wanted est fait sur mesure pour toi. Gekko Moria (\u00e9galement appel\u00e9 Gecko Moria selon les traductions) est un ancien Shichibukai, qui sont des pirates ayant choisis de se rallier \u00e0 la Ma\" \/>\n<meta property=\"og:url\" content=\"https:\/\/boutique-one-piece.com\/nl\/one-piece-gezocht-poster\/gezocht-bericht-gekko-moria-gezocht\/\" \/>\n<meta property=\"og:site_name\" content=\"Boutique One Piece\" \/>\n<meta property=\"article:modified_time\" content=\"2024-09-16T13:14:34+00:00\" \/>\n<meta property=\"og:image\" content=\"https:\/\/boutique-one-piece.com\/wp-content\/uploads\/2022\/09\/Avis-De-Recherche-Gekko-Moria-Wanted-1.jpg\" \/>\n\t<meta property=\"og:image:width\" content=\"800\" \/>\n\t<meta property=\"og:image:height\" content=\"800\" \/>\n\t<meta property=\"og:image:type\" content=\"image\/jpeg\" \/>\n<meta name=\"twitter:card\" content=\"summary_large_image\" \/>\n<meta name=\"twitter:label1\" content=\"Geschatte leestijd\" \/>\n\t<meta name=\"twitter:data1\" content=\"2 minuten\" \/>\n<script type=\"application\/ld+json\" class=\"yoast-schema-graph\">{\"@context\":\"https:\\\/\\\/schema.org\",\"@graph\":[{\"@type\":\"WebPage\",\"@id\":\"https:\\\/\\\/boutique-one-piece.com\\\/avis-de-recherche-one-piece\\\/avis-de-recherche-gekko-moria-wanted\\\/\",\"url\":\"https:\\\/\\\/boutique-one-piece.com\\\/avis-de-recherche-one-piece\\\/avis-de-recherche-gekko-moria-wanted\\\/\",\"name\":\"Avis De Recherche Gekko Moria Wanted | D\u00e9coration One Piece \u2013 Boutique One Piece\",\"isPartOf\":{\"@id\":\"https:\\\/\\\/boutique-one-piece.com\\\/#website\"},\"primaryImageOfPage\":{\"@id\":\"https:\\\/\\\/boutique-one-piece.com\\\/avis-de-recherche-one-piece\\\/avis-de-recherche-gekko-moria-wanted\\\/#primaryimage\"},\"image\":{\"@id\":\"https:\\\/\\\/boutique-one-piece.com\\\/avis-de-recherche-one-piece\\\/avis-de-recherche-gekko-moria-wanted\\\/#primaryimage\"},\"thumbnailUrl\":\"https:\\\/\\\/boutique-one-piece.com\\\/wp-content\\\/uploads\\\/2022\\\/09\\\/Avis-De-Recherche-Gekko-Moria-Wanted-1.jpg\",\"datePublished\":\"2022-09-27T21:02:29+00:00\",\"dateModified\":\"2024-09-16T13:14:34+00:00\",\"description\":\"Tu veux donner un allant sombre \u00e0 ta chambre tout en restant dans ta passion du manga ? Dans ce cas, cet Avis de Recherche Gekko Moria Wanted est fait sur mesure pour toi. Gekko Moria (\u00e9galement appel\u00e9 Gecko Moria selon les traductions) est un ancien Shichibukai, qui sont des pirates ayant choisis de se rallier \u00e0 la Ma\",\"breadcrumb\":{\"@id\":\"https:\\\/\\\/boutique-one-piece.com\\\/avis-de-recherche-one-piece\\\/avis-de-recherche-gekko-moria-wanted\\\/#breadcrumb\"},\"inLanguage\":\"nl-NL\",\"potentialAction\":[{\"@type\":\"ReadAction\",\"target\":[\"https:\\\/\\\/boutique-one-piece.com\\\/avis-de-recherche-one-piece\\\/avis-de-recherche-gekko-moria-wanted\\\/\"]}]},{\"@type\":\"ImageObject\",\"inLanguage\":\"nl-NL\",\"@id\":\"https:\\\/\\\/boutique-one-piece.com\\\/avis-de-recherche-one-piece\\\/avis-de-recherche-gekko-moria-wanted\\\/#primaryimage\",\"url\":\"https:\\\/\\\/boutique-one-piece.com\\\/wp-content\\\/uploads\\\/2022\\\/09\\\/Avis-De-Recherche-Gekko-Moria-Wanted-1.jpg\",\"contentUrl\":\"https:\\\/\\\/boutique-one-piece.com\\\/wp-content\\\/uploads\\\/2022\\\/09\\\/Avis-De-Recherche-Gekko-Moria-Wanted-1.jpg\",\"width\":800,\"height\":800},{\"@type\":\"BreadcrumbList\",\"@id\":\"https:\\\/\\\/boutique-one-piece.com\\\/avis-de-recherche-one-piece\\\/avis-de-recherche-gekko-moria-wanted\\\/#breadcrumb\",\"itemListElement\":[{\"@type\":\"ListItem\",\"position\":1,\"name\":\"Home\",\"item\":\"https:\\\/\\\/boutique-one-piece.com\\\/\"},{\"@type\":\"ListItem\",\"position\":2,\"name\":\"Shop\",\"item\":\"https:\\\/\\\/boutique-one-piece.com\\\/shop\\\/\"},{\"@type\":\"ListItem\",\"position\":3,\"name\":\"Avis De Recherche Gekko Moria Wanted\"}]},{\"@type\":\"WebSite\",\"@id\":\"https:\\\/\\\/boutique-one-piece.com\\\/#website\",\"url\":\"https:\\\/\\\/boutique-one-piece.com\\\/\",\"name\":\"Boutique One Piece\",\"description\":\"Magasin Sp\u00e9cialis\u00e9 du Manga et l&#039;Anime One Piece\",\"publisher\":{\"@id\":\"https:\\\/\\\/boutique-one-piece.com\\\/#organization\"},\"potentialAction\":[{\"@type\":\"SearchAction\",\"target\":{\"@type\":\"EntryPoint\",\"urlTemplate\":\"https:\\\/\\\/boutique-one-piece.com\\\/?s={search_term_string}\"},\"query-input\":{\"@type\":\"PropertyValueSpecification\",\"valueRequired\":true,\"valueName\":\"search_term_string\"}}],\"inLanguage\":\"nl-NL\"},{\"@type\":\"Organization\",\"@id\":\"https:\\\/\\\/boutique-one-piece.com\\\/#organization\",\"name\":\"Boutique One Piece\",\"url\":\"https:\\\/\\\/boutique-one-piece.com\\\/\",\"logo\":{\"@type\":\"ImageObject\",\"inLanguage\":\"nl-NL\",\"@id\":\"https:\\\/\\\/boutique-one-piece.com\\\/#\\\/schema\\\/logo\\\/image\\\/\",\"url\":\"https:\\\/\\\/boutique-one-piece.com\\\/wp-content\\\/uploads\\\/2022\\\/09\\\/Logo-01.png\",\"contentUrl\":\"https:\\\/\\\/boutique-one-piece.com\\\/wp-content\\\/uploads\\\/2022\\\/09\\\/Logo-01.png\",\"width\":2318,\"height\":957,\"caption\":\"Boutique One Piece\"},\"image\":{\"@id\":\"https:\\\/\\\/boutique-one-piece.com\\\/#\\\/schema\\\/logo\\\/image\\\/\"}}]}<\/script>\n<!-- \/ Yoast SEO plugin. -->","yoast_head_json":{"title":"Gekko Moria Wanted Poster | One Piece Decoratie \u2013 One Piece Shop","description":"Wil je je kamer een donkere, stoere uitstraling geven en tegelijkertijd je passie voor manga uitleven? Dan is deze Gekko Moria Wanted poster perfect voor jou. Gekko Moria (ook bekend als Gecko Moria in sommige vertalingen) is een voormalig Shichibukai, een groep piraten die ervoor kozen zich aan te sluiten bij de Marx.","robots":{"index":"index","follow":"follow","max-snippet":"max-snippet:-1","max-image-preview":"max-image-preview:large","max-video-preview":"max-video-preview:-1"},"canonical":"https:\/\/boutique-one-piece.com\/nl\/one-piece-gezocht-poster\/gezocht-bericht-gekko-moria-gezocht\/","og_locale":"nl_NL","og_type":"article","og_title":"Avis De Recherche Gekko Moria Wanted | D\u00e9coration One Piece \u2013 Boutique One Piece","og_description":"Tu veux donner un allant sombre \u00e0 ta chambre tout en restant dans ta passion du manga ? Dans ce cas, cet Avis de Recherche Gekko Moria Wanted est fait sur mesure pour toi. Gekko Moria (\u00e9galement appel\u00e9 Gecko Moria selon les traductions) est un ancien Shichibukai, qui sont des pirates ayant choisis de se rallier \u00e0 la Ma","og_url":"https:\/\/boutique-one-piece.com\/nl\/one-piece-gezocht-poster\/gezocht-bericht-gekko-moria-gezocht\/","og_site_name":"Boutique One Piece","article_modified_time":"2024-09-16T13:14:34+00:00","og_image":[{"width":800,"height":800,"url":"https:\/\/boutique-one-piece.com\/wp-content\/uploads\/2022\/09\/Avis-De-Recherche-Gekko-Moria-Wanted-1.jpg","type":"image\/jpeg"}],"twitter_card":"summary_large_image","twitter_misc":{"Geschatte leestijd":"2 minuten"},"schema":{"@context":"https:\/\/schema.org","@graph":[{"@type":"WebPage","@id":"https:\/\/boutique-one-piece.com\/avis-de-recherche-one-piece\/avis-de-recherche-gekko-moria-wanted\/","url":"https:\/\/boutique-one-piece.com\/avis-de-recherche-one-piece\/avis-de-recherche-gekko-moria-wanted\/","name":"Gekko Moria Wanted Poster | One Piece Decoratie \u2013 One Piece Shop","isPartOf":{"@id":"https:\/\/boutique-one-piece.com\/#website"},"primaryImageOfPage":{"@id":"https:\/\/boutique-one-piece.com\/avis-de-recherche-one-piece\/avis-de-recherche-gekko-moria-wanted\/#primaryimage"},"image":{"@id":"https:\/\/boutique-one-piece.com\/avis-de-recherche-one-piece\/avis-de-recherche-gekko-moria-wanted\/#primaryimage"},"thumbnailUrl":"https:\/\/boutique-one-piece.com\/wp-content\/uploads\/2022\/09\/Avis-De-Recherche-Gekko-Moria-Wanted-1.jpg","datePublished":"2022-09-27T21:02:29+00:00","dateModified":"2024-09-16T13:14:34+00:00","description":"Wil je je kamer een donkere, stoere uitstraling geven en tegelijkertijd je passie voor manga uitleven? Dan is deze Gekko Moria Wanted poster perfect voor jou. Gekko Moria (ook bekend als Gecko Moria in sommige vertalingen) is een voormalig Shichibukai, een groep piraten die ervoor kozen zich aan te sluiten bij de Marx.","breadcrumb":{"@id":"https:\/\/boutique-one-piece.com\/avis-de-recherche-one-piece\/avis-de-recherche-gekko-moria-wanted\/#breadcrumb"},"inLanguage":"nl-NL","potentialAction":[{"@type":"ReadAction","target":["https:\/\/boutique-one-piece.com\/avis-de-recherche-one-piece\/avis-de-recherche-gekko-moria-wanted\/"]}]},{"@type":"ImageObject","inLanguage":"nl-NL","@id":"https:\/\/boutique-one-piece.com\/avis-de-recherche-one-piece\/avis-de-recherche-gekko-moria-wanted\/#primaryimage","url":"https:\/\/boutique-one-piece.com\/wp-content\/uploads\/2022\/09\/Avis-De-Recherche-Gekko-Moria-Wanted-1.jpg","contentUrl":"https:\/\/boutique-one-piece.com\/wp-content\/uploads\/2022\/09\/Avis-De-Recherche-Gekko-Moria-Wanted-1.jpg","width":800,"height":800},{"@type":"BreadcrumbList","@id":"https:\/\/boutique-one-piece.com\/avis-de-recherche-one-piece\/avis-de-recherche-gekko-moria-wanted\/#breadcrumb","itemListElement":[{"@type":"ListItem","position":1,"name":"Home","item":"https:\/\/boutique-one-piece.com\/"},{"@type":"ListItem","position":2,"name":"Shop","item":"https:\/\/boutique-one-piece.com\/shop\/"},{"@type":"ListItem","position":3,"name":"Avis De Recherche Gekko Moria Wanted"}]},{"@type":"WebSite","@id":"https:\/\/boutique-one-piece.com\/#website","url":"https:\/\/boutique-one-piece.com\/","name":"One Piece Shop","description":"Gespecialiseerde winkel voor One Piece manga en anime.","publisher":{"@id":"https:\/\/boutique-one-piece.com\/#organization"},"potentialAction":[{"@type":"SearchAction","target":{"@type":"EntryPoint","urlTemplate":"https:\/\/boutique-one-piece.com\/?s={search_term_string}"},"query-input":{"@type":"PropertyValueSpecification","valueRequired":true,"valueName":"search_term_string"}}],"inLanguage":"nl-NL"},{"@type":"Organization","@id":"https:\/\/boutique-one-piece.com\/#organization","name":"One Piece Shop","url":"https:\/\/boutique-one-piece.com\/","logo":{"@type":"ImageObject","inLanguage":"nl-NL","@id":"https:\/\/boutique-one-piece.com\/#\/schema\/logo\/image\/","url":"https:\/\/boutique-one-piece.com\/wp-content\/uploads\/2022\/09\/Logo-01.png","contentUrl":"https:\/\/boutique-one-piece.com\/wp-content\/uploads\/2022\/09\/Logo-01.png","width":2318,"height":957,"caption":"Boutique One Piece"},"image":{"@id":"https:\/\/boutique-one-piece.com\/#\/schema\/logo\/image\/"}}]}},"_links":{"self":[{"href":"https:\/\/boutique-one-piece.com\/nl\/wp-json\/wp\/v2\/product\/13340","targetHints":{"allow":["GET"]}}],"collection":[{"href":"https:\/\/boutique-one-piece.com\/nl\/wp-json\/wp\/v2\/product"}],"about":[{"href":"https:\/\/boutique-one-piece.com\/nl\/wp-json\/wp\/v2\/types\/product"}],"replies":[{"embeddable":true,"href":"https:\/\/boutique-one-piece.com\/nl\/wp-json\/wp\/v2\/comments?post=13340"}],"wp:featuredmedia":[{"embeddable":true,"href":"https:\/\/boutique-one-piece.com\/nl\/wp-json\/wp\/v2\/media\/13342"}],"wp:attachment":[{"href":"https:\/\/boutique-one-piece.com\/nl\/wp-json\/wp\/v2\/media?parent=13340"}],"wp:term":[{"taxonomy":"product_brand","embeddable":true,"href":"https:\/\/boutique-one-piece.com\/nl\/wp-json\/wp\/v2\/product_brand?post=13340"},{"taxonomy":"product_cat","embeddable":true,"href":"https:\/\/boutique-one-piece.com\/nl\/wp-json\/wp\/v2\/product_cat?post=13340"},{"taxonomy":"product_tag","embeddable":true,"href":"https:\/\/boutique-one-piece.com\/nl\/wp-json\/wp\/v2\/product_tag?post=13340"}],"curies":[{"name":"wp","href":"https:\/\/api.w.org\/{rel}","templated":true}]}}