{"id":13452,"date":"2022-09-27T21:20:34","date_gmt":"2022-09-27T21:20:34","guid":{"rendered":"https:\/\/boutique-one-piece.com\/uncategorized\/figurine-one-piece-lhomme-poisson-karateka-jinbe\/"},"modified":"2025-10-03T14:07:55","modified_gmt":"2025-10-03T14:07:55","slug":"one-piece-figuurtje-visman-karateka-jinbe","status":"publish","type":"product","link":"https:\/\/boutique-one-piece.com\/nl\/one-piece-beeldjes\/jinbe-beeldjes\/one-piece-figuurtje-visman-karateka-jinbe\/","title":{"rendered":"One Piece Visman Karateka Jinbe beeldje"},"content":{"rendered":"<h2>Jonge piraat, bemachtig nu dit One Piece Fish Man Karateka Jinbe-beeldje.<\/h2>\n<p>Jinbe oftewel &quot;\u00ab\u00a0<strong>De Paladijn van de Zee\u00ebn<\/strong>\u00a0\u00bb&quot; is de stuurman van de Strohoedpiraten. Hij is officieel het tiende lid van de Strohoedpiraten en de negende die zich bij Luffy&#039;s bemanning heeft aangesloten. Trouwens, als je je figurencollectie wilt uitbreiden, schaf dan de <a title=\"ONE PIECE SCHATTIGE CHOPPER-FIGUUR\" href=\"https:\/\/boutique-one-piece.com\/nl\/een-schattig-chopper-figuurtje-uit-one-piece\/\" target=\"_blank\" rel=\"noopener\">Het Chopper-figuurtje is te &quot;schattig&quot;.\u00ab<\/a>, die ook lid is van de Strohoedpiraten.<\/p>\n<p>Om terug te komen op Jinbe: je moet weten dat hij een meester is in...<strong> Amfibie-karate. <\/strong>Hij kan deze vechtkunst gebruiken om meerdere mannen tegelijk uit te schakelen. Zijn slagen zijn zo krachtig dat hij geen fysiek contact met de vijand hoeft te maken, want zelfs de lucht stoot ze af.<\/p>\n<h3>Ben je gefascineerd door deze figuur van de amfibische karatemeester? Zo ja, aarzel dan niet langer en ga met hem mee aan boord van de Thousand Sunny. Jinbe kan je misschien wel een paar vechttechnieken bijbrengen.<\/h3>\n<p>Of je nu een fervent fan bent of een doorgewinterde verzamelaar, deze legendarische items zijn absoluut iets voor jou. Dompel jezelf onder in de wereld van de legendarische items. <strong>het One Piece-universum<\/strong> Dankzij de uitzonderlijke producten. Neem je lot in eigen handen en word lid. <strong>de Strohoedpiraten<\/strong>, Het tijdperk van de piraterij is nog niet voorbij!<\/p>\n<h2>Informatie over het Jinbe Karateka Visman beeldje\u00a0<\/h2>\n<ul data-mce-fragment=\"1\">\n<li data-mce-fragment=\"1\"><span data-mce-fragment=\"1\"><b data-mce-fragment=\"1\"><u data-mce-fragment=\"1\">One Piece-figuurtje<\/u><\/b>\u00a0Een premium One Piece-figuurtje voor echte piraten.<\/span><\/li>\n<\/ul>\n<ul data-mce-fragment=\"1\">\n<li data-mce-fragment=\"1\">\n<b data-mce-fragment=\"1\">Materie<\/b><span data-mce-fragment=\"1\">\u00a0<\/span>PVC<\/li>\n<\/ul>\n<ul data-mce-fragment=\"1\">\n<li data-mce-fragment=\"1\"><span data-mce-fragment=\"1\"><strong data-mce-fragment=\"1\">Dimensie<\/strong>\u00a0: 15 cm<\/span><\/li>\n<\/ul>\n<ul data-mce-fragment=\"1\">\n<li data-mce-fragment=\"1\"><span data-mce-fragment=\"1\"><strong data-mce-fragment=\"1\">GRATIS BEZORGING<\/strong><\/span><\/li>\n<\/ul>","protected":false},"excerpt":{"rendered":"<p>Jeune pirate, procure-toi d\u00e8s \u00e0 pr\u00e9sent cette Figurine One Piece L&rsquo;Homme Poisson Karat\u00e9ka Jinbe. Jinbe aka \u00ab\u00a0Le Paladin des Mers\u00a0\u00bb est le timonier de l&rsquo;\u00c9quipage du Chapeau de Paille. Il est officiellement le dixi\u00e8me membre de l&rsquo;\u00e9quipage du Chapeau de Paille et le neuvi\u00e8me \u00e0 rejoindre l&rsquo;\u00e9quipage de Luffy. D&rsquo;ailleurs, si tu souhaites agrandir ta [&hellip;]<\/p>","protected":false},"featured_media":13454,"comment_status":"open","ping_status":"open","template":"","meta":[],"product_brand":[],"product_cat":[301,76],"product_tag":[274],"class_list":{"0":"post-13452","1":"product","2":"type-product","3":"status-publish","4":"has-post-thumbnail","6":"product_cat-figurines-jinbe","7":"product_cat-figurines-one-piece","8":"product_tag-jinbe","10":"first","11":"instock","12":"purchasable","13":"product-type-simple"},"yoast_head":"<!-- This site is optimized with the Yoast SEO plugin v27.5 - https:\/\/yoast.com\/product\/yoast-seo-wordpress\/ -->\n<title>Figurine One Piece L&#039;Homme Poisson Karat\u00e9ka Jinbe | Figurine One Piece \u2013 Boutique One Piece<\/title>\n<meta name=\"description\" content=\"Jeune pirate, procure-toi d\u00e8s \u00e0 pr\u00e9sent cette Figurine One Piece L&#039;Homme Poisson Karat\u00e9ka Jinbe. Jinbe aka &quot;Le Paladin des Mers&quot; est le timonier de l&#039;\u00c9quipage du Chapeau de Paille. Il est officiellement le dixi\u00e8me membre de l&#039;\u00e9quipage du Chapeau de Paille et le neuvi\u00e8me \u00e0 rejoindre l&#039;\u00e9quipage de Luffy. D&#039;ailleurs, si t\" \/>\n<meta name=\"robots\" content=\"index, follow, max-snippet:-1, max-image-preview:large, max-video-preview:-1\" \/>\n<link rel=\"canonical\" href=\"https:\/\/boutique-one-piece.com\/nl\/one-piece-beeldjes\/jinbe-beeldjes\/one-piece-figuurtje-visman-karateka-jinbe\/\" \/>\n<meta property=\"og:locale\" content=\"nl_NL\" \/>\n<meta property=\"og:type\" content=\"article\" \/>\n<meta property=\"og:title\" content=\"Figurine One Piece L&#039;Homme Poisson Karat\u00e9ka Jinbe | Figurine One Piece \u2013 Boutique One Piece\" \/>\n<meta property=\"og:description\" content=\"Jeune pirate, procure-toi d\u00e8s \u00e0 pr\u00e9sent cette Figurine One Piece L&#039;Homme Poisson Karat\u00e9ka Jinbe. Jinbe aka &quot;Le Paladin des Mers&quot; est le timonier de l&#039;\u00c9quipage du Chapeau de Paille. Il est officiellement le dixi\u00e8me membre de l&#039;\u00e9quipage du Chapeau de Paille et le neuvi\u00e8me \u00e0 rejoindre l&#039;\u00e9quipage de Luffy. D&#039;ailleurs, si t\" \/>\n<meta property=\"og:url\" content=\"https:\/\/boutique-one-piece.com\/nl\/one-piece-beeldjes\/jinbe-beeldjes\/one-piece-figuurtje-visman-karateka-jinbe\/\" \/>\n<meta property=\"og:site_name\" content=\"Boutique One Piece\" \/>\n<meta property=\"article:modified_time\" content=\"2025-10-03T14:07:55+00:00\" \/>\n<meta property=\"og:image\" content=\"https:\/\/boutique-one-piece.com\/wp-content\/uploads\/2022\/09\/Figurine-One-Piece-LHomme-Poisson-Karateka-Jinbe-1.jpg\" \/>\n\t<meta property=\"og:image:width\" content=\"640\" \/>\n\t<meta property=\"og:image:height\" content=\"640\" \/>\n\t<meta property=\"og:image:type\" content=\"image\/jpeg\" \/>\n<meta name=\"twitter:card\" content=\"summary_large_image\" \/>\n<meta name=\"twitter:label1\" content=\"Geschatte leestijd\" \/>\n\t<meta name=\"twitter:data1\" content=\"2 minuten\" \/>\n<script type=\"application\/ld+json\" class=\"yoast-schema-graph\">{\"@context\":\"https:\\\/\\\/schema.org\",\"@graph\":[{\"@type\":\"WebPage\",\"@id\":\"https:\\\/\\\/boutique-one-piece.com\\\/figurines-one-piece\\\/figurines-jinbe\\\/figurine-one-piece-lhomme-poisson-karateka-jinbe\\\/\",\"url\":\"https:\\\/\\\/boutique-one-piece.com\\\/figurines-one-piece\\\/figurines-jinbe\\\/figurine-one-piece-lhomme-poisson-karateka-jinbe\\\/\",\"name\":\"Figurine One Piece L'Homme Poisson Karat\u00e9ka Jinbe | Figurine One Piece \u2013 Boutique One Piece\",\"isPartOf\":{\"@id\":\"https:\\\/\\\/boutique-one-piece.com\\\/#website\"},\"primaryImageOfPage\":{\"@id\":\"https:\\\/\\\/boutique-one-piece.com\\\/figurines-one-piece\\\/figurines-jinbe\\\/figurine-one-piece-lhomme-poisson-karateka-jinbe\\\/#primaryimage\"},\"image\":{\"@id\":\"https:\\\/\\\/boutique-one-piece.com\\\/figurines-one-piece\\\/figurines-jinbe\\\/figurine-one-piece-lhomme-poisson-karateka-jinbe\\\/#primaryimage\"},\"thumbnailUrl\":\"https:\\\/\\\/boutique-one-piece.com\\\/wp-content\\\/uploads\\\/2022\\\/09\\\/Figurine-One-Piece-LHomme-Poisson-Karateka-Jinbe-1.jpg\",\"datePublished\":\"2022-09-27T21:20:34+00:00\",\"dateModified\":\"2025-10-03T14:07:55+00:00\",\"description\":\"Jeune pirate, procure-toi d\u00e8s \u00e0 pr\u00e9sent cette Figurine One Piece L'Homme Poisson Karat\u00e9ka Jinbe. Jinbe aka \\\"Le Paladin des Mers\\\" est le timonier de l'\u00c9quipage du Chapeau de Paille. Il est officiellement le dixi\u00e8me membre de l'\u00e9quipage du Chapeau de Paille et le neuvi\u00e8me \u00e0 rejoindre l'\u00e9quipage de Luffy. D'ailleurs, si t\",\"breadcrumb\":{\"@id\":\"https:\\\/\\\/boutique-one-piece.com\\\/figurines-one-piece\\\/figurines-jinbe\\\/figurine-one-piece-lhomme-poisson-karateka-jinbe\\\/#breadcrumb\"},\"inLanguage\":\"nl-NL\",\"potentialAction\":[{\"@type\":\"ReadAction\",\"target\":[\"https:\\\/\\\/boutique-one-piece.com\\\/figurines-one-piece\\\/figurines-jinbe\\\/figurine-one-piece-lhomme-poisson-karateka-jinbe\\\/\"]}]},{\"@type\":\"ImageObject\",\"inLanguage\":\"nl-NL\",\"@id\":\"https:\\\/\\\/boutique-one-piece.com\\\/figurines-one-piece\\\/figurines-jinbe\\\/figurine-one-piece-lhomme-poisson-karateka-jinbe\\\/#primaryimage\",\"url\":\"https:\\\/\\\/boutique-one-piece.com\\\/wp-content\\\/uploads\\\/2022\\\/09\\\/Figurine-One-Piece-LHomme-Poisson-Karateka-Jinbe-1.jpg\",\"contentUrl\":\"https:\\\/\\\/boutique-one-piece.com\\\/wp-content\\\/uploads\\\/2022\\\/09\\\/Figurine-One-Piece-LHomme-Poisson-Karateka-Jinbe-1.jpg\",\"width\":640,\"height\":640},{\"@type\":\"BreadcrumbList\",\"@id\":\"https:\\\/\\\/boutique-one-piece.com\\\/figurines-one-piece\\\/figurines-jinbe\\\/figurine-one-piece-lhomme-poisson-karateka-jinbe\\\/#breadcrumb\",\"itemListElement\":[{\"@type\":\"ListItem\",\"position\":1,\"name\":\"Home\",\"item\":\"https:\\\/\\\/boutique-one-piece.com\\\/\"},{\"@type\":\"ListItem\",\"position\":2,\"name\":\"Shop\",\"item\":\"https:\\\/\\\/boutique-one-piece.com\\\/shop\\\/\"},{\"@type\":\"ListItem\",\"position\":3,\"name\":\"Figurine One Piece L&#8217;Homme Poisson Karat\u00e9ka Jinbe\"}]},{\"@type\":\"WebSite\",\"@id\":\"https:\\\/\\\/boutique-one-piece.com\\\/#website\",\"url\":\"https:\\\/\\\/boutique-one-piece.com\\\/\",\"name\":\"Boutique One Piece\",\"description\":\"Magasin Sp\u00e9cialis\u00e9 du Manga et l&#039;Anime One Piece\",\"publisher\":{\"@id\":\"https:\\\/\\\/boutique-one-piece.com\\\/#organization\"},\"potentialAction\":[{\"@type\":\"SearchAction\",\"target\":{\"@type\":\"EntryPoint\",\"urlTemplate\":\"https:\\\/\\\/boutique-one-piece.com\\\/?s={search_term_string}\"},\"query-input\":{\"@type\":\"PropertyValueSpecification\",\"valueRequired\":true,\"valueName\":\"search_term_string\"}}],\"inLanguage\":\"nl-NL\"},{\"@type\":\"Organization\",\"@id\":\"https:\\\/\\\/boutique-one-piece.com\\\/#organization\",\"name\":\"Boutique One Piece\",\"url\":\"https:\\\/\\\/boutique-one-piece.com\\\/\",\"logo\":{\"@type\":\"ImageObject\",\"inLanguage\":\"nl-NL\",\"@id\":\"https:\\\/\\\/boutique-one-piece.com\\\/#\\\/schema\\\/logo\\\/image\\\/\",\"url\":\"https:\\\/\\\/boutique-one-piece.com\\\/wp-content\\\/uploads\\\/2022\\\/09\\\/Logo-01.png\",\"contentUrl\":\"https:\\\/\\\/boutique-one-piece.com\\\/wp-content\\\/uploads\\\/2022\\\/09\\\/Logo-01.png\",\"width\":2318,\"height\":957,\"caption\":\"Boutique One Piece\"},\"image\":{\"@id\":\"https:\\\/\\\/boutique-one-piece.com\\\/#\\\/schema\\\/logo\\\/image\\\/\"}}]}<\/script>\n<!-- \/ Yoast SEO plugin. -->","yoast_head_json":{"title":"One Piece Visman Karateka Jinbe Figuur | One Piece Figuur \u2013 One Piece Shop","description":"Jonge piraat, bemachtig nu dit One Piece Fish-Man Karate-King Jinbe-figuurtje! Jinbe, ook wel bekend als &quot;De Paladijn van de Zee\u00ebn&quot;, is de stuurman van de Strohoedpiraten. Hij is officieel het tiende lid van de Strohoedpiraten en de negende die zich bij Luffy&#039;s bemanning voegde. Bovendien, als je","robots":{"index":"index","follow":"follow","max-snippet":"max-snippet:-1","max-image-preview":"max-image-preview:large","max-video-preview":"max-video-preview:-1"},"canonical":"https:\/\/boutique-one-piece.com\/nl\/one-piece-beeldjes\/jinbe-beeldjes\/one-piece-figuurtje-visman-karateka-jinbe\/","og_locale":"nl_NL","og_type":"article","og_title":"Figurine One Piece L'Homme Poisson Karat\u00e9ka Jinbe | Figurine One Piece \u2013 Boutique One Piece","og_description":"Jeune pirate, procure-toi d\u00e8s \u00e0 pr\u00e9sent cette Figurine One Piece L'Homme Poisson Karat\u00e9ka Jinbe. Jinbe aka \"Le Paladin des Mers\" est le timonier de l'\u00c9quipage du Chapeau de Paille. Il est officiellement le dixi\u00e8me membre de l'\u00e9quipage du Chapeau de Paille et le neuvi\u00e8me \u00e0 rejoindre l'\u00e9quipage de Luffy. D'ailleurs, si t","og_url":"https:\/\/boutique-one-piece.com\/nl\/one-piece-beeldjes\/jinbe-beeldjes\/one-piece-figuurtje-visman-karateka-jinbe\/","og_site_name":"Boutique One Piece","article_modified_time":"2025-10-03T14:07:55+00:00","og_image":[{"width":640,"height":640,"url":"https:\/\/boutique-one-piece.com\/wp-content\/uploads\/2022\/09\/Figurine-One-Piece-LHomme-Poisson-Karateka-Jinbe-1.jpg","type":"image\/jpeg"}],"twitter_card":"summary_large_image","twitter_misc":{"Geschatte leestijd":"2 minuten"},"schema":{"@context":"https:\/\/schema.org","@graph":[{"@type":"WebPage","@id":"https:\/\/boutique-one-piece.com\/figurines-one-piece\/figurines-jinbe\/figurine-one-piece-lhomme-poisson-karateka-jinbe\/","url":"https:\/\/boutique-one-piece.com\/figurines-one-piece\/figurines-jinbe\/figurine-one-piece-lhomme-poisson-karateka-jinbe\/","name":"One Piece Visman Karateka Jinbe Figuur | One Piece Figuur \u2013 One Piece Shop","isPartOf":{"@id":"https:\/\/boutique-one-piece.com\/#website"},"primaryImageOfPage":{"@id":"https:\/\/boutique-one-piece.com\/figurines-one-piece\/figurines-jinbe\/figurine-one-piece-lhomme-poisson-karateka-jinbe\/#primaryimage"},"image":{"@id":"https:\/\/boutique-one-piece.com\/figurines-one-piece\/figurines-jinbe\/figurine-one-piece-lhomme-poisson-karateka-jinbe\/#primaryimage"},"thumbnailUrl":"https:\/\/boutique-one-piece.com\/wp-content\/uploads\/2022\/09\/Figurine-One-Piece-LHomme-Poisson-Karateka-Jinbe-1.jpg","datePublished":"2022-09-27T21:20:34+00:00","dateModified":"2025-10-03T14:07:55+00:00","description":"Jonge piraat, bemachtig nu dit One Piece Fish-Man Karate-King Jinbe-figuurtje! Jinbe, ook wel bekend als &quot;De Paladijn van de Zee\u00ebn&quot;, is de stuurman van de Strohoedpiraten. Hij is officieel het tiende lid van de Strohoedpiraten en de negende die zich bij Luffy&#039;s bemanning voegde. Bovendien, als je","breadcrumb":{"@id":"https:\/\/boutique-one-piece.com\/figurines-one-piece\/figurines-jinbe\/figurine-one-piece-lhomme-poisson-karateka-jinbe\/#breadcrumb"},"inLanguage":"nl-NL","potentialAction":[{"@type":"ReadAction","target":["https:\/\/boutique-one-piece.com\/figurines-one-piece\/figurines-jinbe\/figurine-one-piece-lhomme-poisson-karateka-jinbe\/"]}]},{"@type":"ImageObject","inLanguage":"nl-NL","@id":"https:\/\/boutique-one-piece.com\/figurines-one-piece\/figurines-jinbe\/figurine-one-piece-lhomme-poisson-karateka-jinbe\/#primaryimage","url":"https:\/\/boutique-one-piece.com\/wp-content\/uploads\/2022\/09\/Figurine-One-Piece-LHomme-Poisson-Karateka-Jinbe-1.jpg","contentUrl":"https:\/\/boutique-one-piece.com\/wp-content\/uploads\/2022\/09\/Figurine-One-Piece-LHomme-Poisson-Karateka-Jinbe-1.jpg","width":640,"height":640},{"@type":"BreadcrumbList","@id":"https:\/\/boutique-one-piece.com\/figurines-one-piece\/figurines-jinbe\/figurine-one-piece-lhomme-poisson-karateka-jinbe\/#breadcrumb","itemListElement":[{"@type":"ListItem","position":1,"name":"Home","item":"https:\/\/boutique-one-piece.com\/"},{"@type":"ListItem","position":2,"name":"Shop","item":"https:\/\/boutique-one-piece.com\/shop\/"},{"@type":"ListItem","position":3,"name":"Figurine One Piece L&#8217;Homme Poisson Karat\u00e9ka Jinbe"}]},{"@type":"WebSite","@id":"https:\/\/boutique-one-piece.com\/#website","url":"https:\/\/boutique-one-piece.com\/","name":"One Piece Shop","description":"Gespecialiseerde winkel voor One Piece manga en anime.","publisher":{"@id":"https:\/\/boutique-one-piece.com\/#organization"},"potentialAction":[{"@type":"SearchAction","target":{"@type":"EntryPoint","urlTemplate":"https:\/\/boutique-one-piece.com\/?s={search_term_string}"},"query-input":{"@type":"PropertyValueSpecification","valueRequired":true,"valueName":"search_term_string"}}],"inLanguage":"nl-NL"},{"@type":"Organization","@id":"https:\/\/boutique-one-piece.com\/#organization","name":"One Piece Shop","url":"https:\/\/boutique-one-piece.com\/","logo":{"@type":"ImageObject","inLanguage":"nl-NL","@id":"https:\/\/boutique-one-piece.com\/#\/schema\/logo\/image\/","url":"https:\/\/boutique-one-piece.com\/wp-content\/uploads\/2022\/09\/Logo-01.png","contentUrl":"https:\/\/boutique-one-piece.com\/wp-content\/uploads\/2022\/09\/Logo-01.png","width":2318,"height":957,"caption":"Boutique One Piece"},"image":{"@id":"https:\/\/boutique-one-piece.com\/#\/schema\/logo\/image\/"}}]}},"_links":{"self":[{"href":"https:\/\/boutique-one-piece.com\/nl\/wp-json\/wp\/v2\/product\/13452","targetHints":{"allow":["GET"]}}],"collection":[{"href":"https:\/\/boutique-one-piece.com\/nl\/wp-json\/wp\/v2\/product"}],"about":[{"href":"https:\/\/boutique-one-piece.com\/nl\/wp-json\/wp\/v2\/types\/product"}],"replies":[{"embeddable":true,"href":"https:\/\/boutique-one-piece.com\/nl\/wp-json\/wp\/v2\/comments?post=13452"}],"wp:featuredmedia":[{"embeddable":true,"href":"https:\/\/boutique-one-piece.com\/nl\/wp-json\/wp\/v2\/media\/13454"}],"wp:attachment":[{"href":"https:\/\/boutique-one-piece.com\/nl\/wp-json\/wp\/v2\/media?parent=13452"}],"wp:term":[{"taxonomy":"product_brand","embeddable":true,"href":"https:\/\/boutique-one-piece.com\/nl\/wp-json\/wp\/v2\/product_brand?post=13452"},{"taxonomy":"product_cat","embeddable":true,"href":"https:\/\/boutique-one-piece.com\/nl\/wp-json\/wp\/v2\/product_cat?post=13452"},{"taxonomy":"product_tag","embeddable":true,"href":"https:\/\/boutique-one-piece.com\/nl\/wp-json\/wp\/v2\/product_tag?post=13452"}],"curies":[{"name":"wp","href":"https:\/\/api.w.org\/{rel}","templated":true}]}}