{"id":13867,"date":"2022-09-27T21:23:31","date_gmt":"2022-09-27T21:23:31","guid":{"rendered":"https:\/\/boutique-one-piece.com\/uncategorized\/figurine-pokemon-le-capitaine-au-chapeau-de-paille-luffy\/"},"modified":"2024-09-16T13:25:22","modified_gmt":"2024-09-16T13:25:22","slug":"pokemon-figuurtje-van-kapitein-luffy-met-de-strohoed","status":"publish","type":"product","link":"https:\/\/boutique-one-piece.com\/nl\/one-piece-beeldjes\/monkey-d-luffy-beeldjes\/pokemon-figuurtje-van-kapitein-luffy-met-de-strohoed\/","title":{"rendered":"Pok\u00e9mon-figuur: Kapitein Luffy met strohoed"},"content":{"rendered":"<h2>Jonge piraat, het is tijd dat je dit One Piece Strohoed Kapitein Luffy beeldje bemachtigt.<\/h2>\n<p>Hoewel Luffy geen introductie nodig heeft, is dit wat je over hem moet weten: ; <strong>Monkey D. Luffy<\/strong> (Hij is een piraat en de hoofdpersoon van de manga en anime One Piece. Zijn grootste droom is om Piratenkoning te worden door de legendarische schat One Piece te vinden, die ergens ter wereld verborgen is door Gol D. Roger.).<\/p>\n<p>Volgens hem is het zijn <strong>de Piratenheer<\/strong> Het betekent dat je iemand bent die geniet van ongekende vrijheid in de wereld. Je moet ook weten dat <strong>Luffy<\/strong> staat bekend om het dragen van zijn strohoed (vandaar zijn bijnaam &quot;Strohoed Luffy&quot;), die toebehoort aan de legendarische piratenkapitein. <strong>Shanks<\/strong> \u00ab&quot;De roodharige&quot; had hem in zijn jeugd in vertrouwen genomen, en die laatste had het weer van Roger gehoord. Bovendien, de <a title=\"ONE PIECE-FIGUUR: KEIZER SHANKS OP ZIJN TROON\" href=\"https:\/\/boutique-one-piece.com\/nl\/een-one-piece-figuurtje-van-keizer-shanks-op-zijn-troon\/\" target=\"_blank\" rel=\"noopener\">Shanks-beeldje op zijn troon<\/a> ligt binnen handbereik.<\/p>\n<h3>Ben je gefascineerd door het beeldje van Kapitein Strohoed? Zo ja, wacht dan niet langer en word een volwaardig lid van zijn piratenbemanning.<\/h3>\n<p><strong>One Piece<\/strong> is de bestverkochte manga ter wereld. Of je nu een fervent fan bent of een doorgewinterde verzamelaar, zoek niet verder, deze legendarische items zijn absoluut iets voor jou. Perfect om cadeau te geven, te decoreren of gewoon aan je verzameling toe te voegen, deze items zullen je collectie verrijken. <strong>jouw One Piece-universum<\/strong>. Zoals Luffy zegt: &quot;Ik word de Koning der Piraten!&quot;, dus wacht niet langer en ga met hem mee op avontuur!<\/p>\n<h2>Informatie over het Strohoed Kapitein Luffy-beeldje\u00a0<\/h2>\n<ul data-mce-fragment=\"1\">\n<li data-mce-fragment=\"1\"><span data-mce-fragment=\"1\"><b data-mce-fragment=\"1\"><u data-mce-fragment=\"1\">One Piece-figuurtje<\/u><\/b>\u00a0Een premium One Piece-figuurtje voor echte piraten.<\/span><\/li>\n<\/ul>\n<ul data-mce-fragment=\"1\">\n<li data-mce-fragment=\"1\">\n<b data-mce-fragment=\"1\">Materie<\/b><span data-mce-fragment=\"1\">\u00a0<\/span>PVC<\/li>\n<\/ul>\n<ul data-mce-fragment=\"1\">\n<li data-mce-fragment=\"1\"><span data-mce-fragment=\"1\"><strong data-mce-fragment=\"1\">Dimensie<\/strong>\u00a0: 22 cm<\/span><\/li>\n<\/ul>\n<ul data-mce-fragment=\"1\">\n<li data-mce-fragment=\"1\"><span data-mce-fragment=\"1\"><strong data-mce-fragment=\"1\">GRATIS BEZORGING<\/strong><\/span><\/li>\n<\/ul>","protected":false},"excerpt":{"rendered":"<p>Jeune pirate, le moment est venu pour toi de te procurer cette Figurine One Piece Le Capitaine au Chapeau de Paille Luffy. M\u00eame si Luffy n&rsquo;est plus \u00e0 pr\u00e9senter, voici ce que tu dois savoir \u00e0 son sujet ; Monkey D. Luffy (est un pirate et le principal protagoniste du manga et anim\u00e9 One Piece. [&hellip;]<\/p>","protected":false},"featured_media":13869,"comment_status":"open","ping_status":"open","template":"","meta":[],"product_brand":[],"product_cat":[181,76],"product_tag":[92],"class_list":{"0":"post-13867","1":"product","2":"type-product","3":"status-publish","4":"has-post-thumbnail","6":"product_cat-figurines-monkey-d-luffy","7":"product_cat-figurines-one-piece","8":"product_tag-luffy","10":"first","11":"instock","12":"purchasable","13":"product-type-simple"},"yoast_head":"<!-- This site is optimized with the Yoast SEO plugin v27.5 - https:\/\/yoast.com\/product\/yoast-seo-wordpress\/ -->\n<title>Figurine Pok\u00e9mon Le Capitaine au Chapeau de Paille Luffy | Figurine One Piece \u2013 Boutique One Piece<\/title>\n<meta name=\"description\" content=\"Jeune pirate, le moment est venu pour toi de te procurer cette Figurine One Piece Le Capitaine au Chapeau de Paille Luffy. M\u00eame si Luffy n&#039;est plus \u00e0 pr\u00e9senter, voici ce que tu dois savoir \u00e0 son sujet ; Monkey D. Luffy (est un pirate et le principal protagoniste du manga et anim\u00e9 One Piece. Son r\u00eave le plus cher est de\" \/>\n<meta name=\"robots\" content=\"index, follow, max-snippet:-1, max-image-preview:large, max-video-preview:-1\" \/>\n<link rel=\"canonical\" href=\"https:\/\/boutique-one-piece.com\/nl\/one-piece-beeldjes\/monkey-d-luffy-beeldjes\/pokemon-figuurtje-van-kapitein-luffy-met-de-strohoed\/\" \/>\n<meta property=\"og:locale\" content=\"nl_NL\" \/>\n<meta property=\"og:type\" content=\"article\" \/>\n<meta property=\"og:title\" content=\"Figurine Pok\u00e9mon Le Capitaine au Chapeau de Paille Luffy | Figurine One Piece \u2013 Boutique One Piece\" \/>\n<meta property=\"og:description\" content=\"Jeune pirate, le moment est venu pour toi de te procurer cette Figurine One Piece Le Capitaine au Chapeau de Paille Luffy. M\u00eame si Luffy n&#039;est plus \u00e0 pr\u00e9senter, voici ce que tu dois savoir \u00e0 son sujet ; Monkey D. Luffy (est un pirate et le principal protagoniste du manga et anim\u00e9 One Piece. Son r\u00eave le plus cher est de\" \/>\n<meta property=\"og:url\" content=\"https:\/\/boutique-one-piece.com\/nl\/one-piece-beeldjes\/monkey-d-luffy-beeldjes\/pokemon-figuurtje-van-kapitein-luffy-met-de-strohoed\/\" \/>\n<meta property=\"og:site_name\" content=\"Boutique One Piece\" \/>\n<meta property=\"article:modified_time\" content=\"2024-09-16T13:25:22+00:00\" \/>\n<meta property=\"og:image\" content=\"https:\/\/boutique-one-piece.com\/wp-content\/uploads\/2022\/09\/Figurine-Pokemon-Le-Capitaine-au-Chapeau-de-Paille-Luffy-1.jpg\" \/>\n\t<meta property=\"og:image:width\" content=\"800\" \/>\n\t<meta property=\"og:image:height\" content=\"800\" \/>\n\t<meta property=\"og:image:type\" content=\"image\/jpeg\" \/>\n<meta name=\"twitter:card\" content=\"summary_large_image\" \/>\n<meta name=\"twitter:label1\" content=\"Geschatte leestijd\" \/>\n\t<meta name=\"twitter:data1\" content=\"1 minuut\" \/>\n<script type=\"application\/ld+json\" class=\"yoast-schema-graph\">{\"@context\":\"https:\\\/\\\/schema.org\",\"@graph\":[{\"@type\":\"WebPage\",\"@id\":\"https:\\\/\\\/boutique-one-piece.com\\\/figurines-one-piece\\\/figurines-monkey-d-luffy\\\/figurine-pokemon-le-capitaine-au-chapeau-de-paille-luffy\\\/\",\"url\":\"https:\\\/\\\/boutique-one-piece.com\\\/figurines-one-piece\\\/figurines-monkey-d-luffy\\\/figurine-pokemon-le-capitaine-au-chapeau-de-paille-luffy\\\/\",\"name\":\"Figurine Pok\u00e9mon Le Capitaine au Chapeau de Paille Luffy | Figurine One Piece \u2013 Boutique One Piece\",\"isPartOf\":{\"@id\":\"https:\\\/\\\/boutique-one-piece.com\\\/#website\"},\"primaryImageOfPage\":{\"@id\":\"https:\\\/\\\/boutique-one-piece.com\\\/figurines-one-piece\\\/figurines-monkey-d-luffy\\\/figurine-pokemon-le-capitaine-au-chapeau-de-paille-luffy\\\/#primaryimage\"},\"image\":{\"@id\":\"https:\\\/\\\/boutique-one-piece.com\\\/figurines-one-piece\\\/figurines-monkey-d-luffy\\\/figurine-pokemon-le-capitaine-au-chapeau-de-paille-luffy\\\/#primaryimage\"},\"thumbnailUrl\":\"https:\\\/\\\/boutique-one-piece.com\\\/wp-content\\\/uploads\\\/2022\\\/09\\\/Figurine-Pokemon-Le-Capitaine-au-Chapeau-de-Paille-Luffy-1.jpg\",\"datePublished\":\"2022-09-27T21:23:31+00:00\",\"dateModified\":\"2024-09-16T13:25:22+00:00\",\"description\":\"Jeune pirate, le moment est venu pour toi de te procurer cette Figurine One Piece Le Capitaine au Chapeau de Paille Luffy. M\u00eame si Luffy n'est plus \u00e0 pr\u00e9senter, voici ce que tu dois savoir \u00e0 son sujet ; Monkey D. Luffy (est un pirate et le principal protagoniste du manga et anim\u00e9 One Piece. Son r\u00eave le plus cher est de\",\"breadcrumb\":{\"@id\":\"https:\\\/\\\/boutique-one-piece.com\\\/figurines-one-piece\\\/figurines-monkey-d-luffy\\\/figurine-pokemon-le-capitaine-au-chapeau-de-paille-luffy\\\/#breadcrumb\"},\"inLanguage\":\"nl-NL\",\"potentialAction\":[{\"@type\":\"ReadAction\",\"target\":[\"https:\\\/\\\/boutique-one-piece.com\\\/figurines-one-piece\\\/figurines-monkey-d-luffy\\\/figurine-pokemon-le-capitaine-au-chapeau-de-paille-luffy\\\/\"]}]},{\"@type\":\"ImageObject\",\"inLanguage\":\"nl-NL\",\"@id\":\"https:\\\/\\\/boutique-one-piece.com\\\/figurines-one-piece\\\/figurines-monkey-d-luffy\\\/figurine-pokemon-le-capitaine-au-chapeau-de-paille-luffy\\\/#primaryimage\",\"url\":\"https:\\\/\\\/boutique-one-piece.com\\\/wp-content\\\/uploads\\\/2022\\\/09\\\/Figurine-Pokemon-Le-Capitaine-au-Chapeau-de-Paille-Luffy-1.jpg\",\"contentUrl\":\"https:\\\/\\\/boutique-one-piece.com\\\/wp-content\\\/uploads\\\/2022\\\/09\\\/Figurine-Pokemon-Le-Capitaine-au-Chapeau-de-Paille-Luffy-1.jpg\",\"width\":800,\"height\":800},{\"@type\":\"BreadcrumbList\",\"@id\":\"https:\\\/\\\/boutique-one-piece.com\\\/figurines-one-piece\\\/figurines-monkey-d-luffy\\\/figurine-pokemon-le-capitaine-au-chapeau-de-paille-luffy\\\/#breadcrumb\",\"itemListElement\":[{\"@type\":\"ListItem\",\"position\":1,\"name\":\"Home\",\"item\":\"https:\\\/\\\/boutique-one-piece.com\\\/\"},{\"@type\":\"ListItem\",\"position\":2,\"name\":\"Shop\",\"item\":\"https:\\\/\\\/boutique-one-piece.com\\\/shop\\\/\"},{\"@type\":\"ListItem\",\"position\":3,\"name\":\"Figurine Pok\u00e9mon Le Capitaine au Chapeau de Paille Luffy\"}]},{\"@type\":\"WebSite\",\"@id\":\"https:\\\/\\\/boutique-one-piece.com\\\/#website\",\"url\":\"https:\\\/\\\/boutique-one-piece.com\\\/\",\"name\":\"Boutique One Piece\",\"description\":\"Magasin Sp\u00e9cialis\u00e9 du Manga et l&#039;Anime One Piece\",\"publisher\":{\"@id\":\"https:\\\/\\\/boutique-one-piece.com\\\/#organization\"},\"potentialAction\":[{\"@type\":\"SearchAction\",\"target\":{\"@type\":\"EntryPoint\",\"urlTemplate\":\"https:\\\/\\\/boutique-one-piece.com\\\/?s={search_term_string}\"},\"query-input\":{\"@type\":\"PropertyValueSpecification\",\"valueRequired\":true,\"valueName\":\"search_term_string\"}}],\"inLanguage\":\"nl-NL\"},{\"@type\":\"Organization\",\"@id\":\"https:\\\/\\\/boutique-one-piece.com\\\/#organization\",\"name\":\"Boutique One Piece\",\"url\":\"https:\\\/\\\/boutique-one-piece.com\\\/\",\"logo\":{\"@type\":\"ImageObject\",\"inLanguage\":\"nl-NL\",\"@id\":\"https:\\\/\\\/boutique-one-piece.com\\\/#\\\/schema\\\/logo\\\/image\\\/\",\"url\":\"https:\\\/\\\/boutique-one-piece.com\\\/wp-content\\\/uploads\\\/2022\\\/09\\\/Logo-01.png\",\"contentUrl\":\"https:\\\/\\\/boutique-one-piece.com\\\/wp-content\\\/uploads\\\/2022\\\/09\\\/Logo-01.png\",\"width\":2318,\"height\":957,\"caption\":\"Boutique One Piece\"},\"image\":{\"@id\":\"https:\\\/\\\/boutique-one-piece.com\\\/#\\\/schema\\\/logo\\\/image\\\/\"}}]}<\/script>\n<!-- \/ Yoast SEO plugin. -->","yoast_head_json":{"title":"Pok\u00e9mon-figuur: Kapitein Luffy met de Strohoed | One Piece-figuur \u2013 One Piece Shop","description":"Jonge piraat, het is tijd dat je dit One Piece Strohoed Kapitein Luffy-beeldje in handen krijgt. Hoewel Luffy geen introductie nodig heeft, is dit wat je over hem moet weten: Monkey D. Luffy is een piraat en de hoofdpersoon van de One Piece manga en anime. Zijn grootste droom is om...","robots":{"index":"index","follow":"follow","max-snippet":"max-snippet:-1","max-image-preview":"max-image-preview:large","max-video-preview":"max-video-preview:-1"},"canonical":"https:\/\/boutique-one-piece.com\/nl\/one-piece-beeldjes\/monkey-d-luffy-beeldjes\/pokemon-figuurtje-van-kapitein-luffy-met-de-strohoed\/","og_locale":"nl_NL","og_type":"article","og_title":"Figurine Pok\u00e9mon Le Capitaine au Chapeau de Paille Luffy | Figurine One Piece \u2013 Boutique One Piece","og_description":"Jeune pirate, le moment est venu pour toi de te procurer cette Figurine One Piece Le Capitaine au Chapeau de Paille Luffy. M\u00eame si Luffy n'est plus \u00e0 pr\u00e9senter, voici ce que tu dois savoir \u00e0 son sujet ; Monkey D. Luffy (est un pirate et le principal protagoniste du manga et anim\u00e9 One Piece. Son r\u00eave le plus cher est de","og_url":"https:\/\/boutique-one-piece.com\/nl\/one-piece-beeldjes\/monkey-d-luffy-beeldjes\/pokemon-figuurtje-van-kapitein-luffy-met-de-strohoed\/","og_site_name":"Boutique One Piece","article_modified_time":"2024-09-16T13:25:22+00:00","og_image":[{"width":800,"height":800,"url":"https:\/\/boutique-one-piece.com\/wp-content\/uploads\/2022\/09\/Figurine-Pokemon-Le-Capitaine-au-Chapeau-de-Paille-Luffy-1.jpg","type":"image\/jpeg"}],"twitter_card":"summary_large_image","twitter_misc":{"Geschatte leestijd":"1 minuut"},"schema":{"@context":"https:\/\/schema.org","@graph":[{"@type":"WebPage","@id":"https:\/\/boutique-one-piece.com\/figurines-one-piece\/figurines-monkey-d-luffy\/figurine-pokemon-le-capitaine-au-chapeau-de-paille-luffy\/","url":"https:\/\/boutique-one-piece.com\/figurines-one-piece\/figurines-monkey-d-luffy\/figurine-pokemon-le-capitaine-au-chapeau-de-paille-luffy\/","name":"Pok\u00e9mon-figuur: Kapitein Luffy met de Strohoed | One Piece-figuur \u2013 One Piece Shop","isPartOf":{"@id":"https:\/\/boutique-one-piece.com\/#website"},"primaryImageOfPage":{"@id":"https:\/\/boutique-one-piece.com\/figurines-one-piece\/figurines-monkey-d-luffy\/figurine-pokemon-le-capitaine-au-chapeau-de-paille-luffy\/#primaryimage"},"image":{"@id":"https:\/\/boutique-one-piece.com\/figurines-one-piece\/figurines-monkey-d-luffy\/figurine-pokemon-le-capitaine-au-chapeau-de-paille-luffy\/#primaryimage"},"thumbnailUrl":"https:\/\/boutique-one-piece.com\/wp-content\/uploads\/2022\/09\/Figurine-Pokemon-Le-Capitaine-au-Chapeau-de-Paille-Luffy-1.jpg","datePublished":"2022-09-27T21:23:31+00:00","dateModified":"2024-09-16T13:25:22+00:00","description":"Jonge piraat, het is tijd dat je dit One Piece Strohoed Kapitein Luffy-beeldje in handen krijgt. Hoewel Luffy geen introductie nodig heeft, is dit wat je over hem moet weten: Monkey D. Luffy is een piraat en de hoofdpersoon van de One Piece manga en anime. Zijn grootste droom is om...","breadcrumb":{"@id":"https:\/\/boutique-one-piece.com\/figurines-one-piece\/figurines-monkey-d-luffy\/figurine-pokemon-le-capitaine-au-chapeau-de-paille-luffy\/#breadcrumb"},"inLanguage":"nl-NL","potentialAction":[{"@type":"ReadAction","target":["https:\/\/boutique-one-piece.com\/figurines-one-piece\/figurines-monkey-d-luffy\/figurine-pokemon-le-capitaine-au-chapeau-de-paille-luffy\/"]}]},{"@type":"ImageObject","inLanguage":"nl-NL","@id":"https:\/\/boutique-one-piece.com\/figurines-one-piece\/figurines-monkey-d-luffy\/figurine-pokemon-le-capitaine-au-chapeau-de-paille-luffy\/#primaryimage","url":"https:\/\/boutique-one-piece.com\/wp-content\/uploads\/2022\/09\/Figurine-Pokemon-Le-Capitaine-au-Chapeau-de-Paille-Luffy-1.jpg","contentUrl":"https:\/\/boutique-one-piece.com\/wp-content\/uploads\/2022\/09\/Figurine-Pokemon-Le-Capitaine-au-Chapeau-de-Paille-Luffy-1.jpg","width":800,"height":800},{"@type":"BreadcrumbList","@id":"https:\/\/boutique-one-piece.com\/figurines-one-piece\/figurines-monkey-d-luffy\/figurine-pokemon-le-capitaine-au-chapeau-de-paille-luffy\/#breadcrumb","itemListElement":[{"@type":"ListItem","position":1,"name":"Home","item":"https:\/\/boutique-one-piece.com\/"},{"@type":"ListItem","position":2,"name":"Shop","item":"https:\/\/boutique-one-piece.com\/shop\/"},{"@type":"ListItem","position":3,"name":"Figurine Pok\u00e9mon Le Capitaine au Chapeau de Paille Luffy"}]},{"@type":"WebSite","@id":"https:\/\/boutique-one-piece.com\/#website","url":"https:\/\/boutique-one-piece.com\/","name":"One Piece Shop","description":"Gespecialiseerde winkel voor One Piece manga en anime.","publisher":{"@id":"https:\/\/boutique-one-piece.com\/#organization"},"potentialAction":[{"@type":"SearchAction","target":{"@type":"EntryPoint","urlTemplate":"https:\/\/boutique-one-piece.com\/?s={search_term_string}"},"query-input":{"@type":"PropertyValueSpecification","valueRequired":true,"valueName":"search_term_string"}}],"inLanguage":"nl-NL"},{"@type":"Organization","@id":"https:\/\/boutique-one-piece.com\/#organization","name":"One Piece Shop","url":"https:\/\/boutique-one-piece.com\/","logo":{"@type":"ImageObject","inLanguage":"nl-NL","@id":"https:\/\/boutique-one-piece.com\/#\/schema\/logo\/image\/","url":"https:\/\/boutique-one-piece.com\/wp-content\/uploads\/2022\/09\/Logo-01.png","contentUrl":"https:\/\/boutique-one-piece.com\/wp-content\/uploads\/2022\/09\/Logo-01.png","width":2318,"height":957,"caption":"Boutique One Piece"},"image":{"@id":"https:\/\/boutique-one-piece.com\/#\/schema\/logo\/image\/"}}]}},"_links":{"self":[{"href":"https:\/\/boutique-one-piece.com\/nl\/wp-json\/wp\/v2\/product\/13867","targetHints":{"allow":["GET"]}}],"collection":[{"href":"https:\/\/boutique-one-piece.com\/nl\/wp-json\/wp\/v2\/product"}],"about":[{"href":"https:\/\/boutique-one-piece.com\/nl\/wp-json\/wp\/v2\/types\/product"}],"replies":[{"embeddable":true,"href":"https:\/\/boutique-one-piece.com\/nl\/wp-json\/wp\/v2\/comments?post=13867"}],"wp:featuredmedia":[{"embeddable":true,"href":"https:\/\/boutique-one-piece.com\/nl\/wp-json\/wp\/v2\/media\/13869"}],"wp:attachment":[{"href":"https:\/\/boutique-one-piece.com\/nl\/wp-json\/wp\/v2\/media?parent=13867"}],"wp:term":[{"taxonomy":"product_brand","embeddable":true,"href":"https:\/\/boutique-one-piece.com\/nl\/wp-json\/wp\/v2\/product_brand?post=13867"},{"taxonomy":"product_cat","embeddable":true,"href":"https:\/\/boutique-one-piece.com\/nl\/wp-json\/wp\/v2\/product_cat?post=13867"},{"taxonomy":"product_tag","embeddable":true,"href":"https:\/\/boutique-one-piece.com\/nl\/wp-json\/wp\/v2\/product_tag?post=13867"}],"curies":[{"name":"wp","href":"https:\/\/api.w.org\/{rel}","templated":true}]}}