{"id":13896,"date":"2022-09-27T21:23:31","date_gmt":"2022-09-27T21:23:31","guid":{"rendered":"https:\/\/boutique-one-piece.com\/uncategorized\/sweat-one-piece-chopper-mignon\/"},"modified":"2024-09-16T13:26:19","modified_gmt":"2024-09-16T13:26:19","slug":"schattige-helikopter-jumpsuit-sweatshirt","status":"publish","type":"product","link":"https:\/\/boutique-one-piece.com\/nl\/one-piece-goodies-2\/tony-goodies-tony-chopper-one-piece\/schattige-helikopter-jumpsuit-sweatshirt\/","title":{"rendered":"Leuke Chopper One Piece-sweatshirt"},"content":{"rendered":"<h2>Hoodie met lange mouwen van One Piece met Tony Tony Chopper! Een kwaliteitsvolle hoodie voor een piraat zoals jij!<\/h2>\n<p>Als u een\u00a0<strong>echte piraat<\/strong>, U zult het waarderen\u00a0<strong>kwaliteit<\/strong>\u00a0stof en\u00a0<strong>3D-canvas printen<\/strong>\u00a0hiervan<span>\u00a0<\/span><strong>One Piece sweatshirt<\/strong>\u00a0Maar het allerbelangrijkste is dat hiermee\u00a0<strong>bedrukte sweater<\/strong>\u00a0Dat komt omdat je deel zult uitmaken van\u00a0<strong>de fanploeg<\/strong>\u00a0van\u00a0<strong>piratenmanga<\/strong>\u00a0en u zult het volgende verkrijgen:<\/p>\n<ul>\n<li>\u00a0<strong>Bewondering<\/strong>\u00a0van alle fans van\u00a0<strong>het universum<\/strong>\u00a0van de\u00a0<strong>licentie<\/strong>\u00a0van\u00a0<strong>manga<\/strong>\u00a0die je zult tegenkomen<\/li>\n<\/ul>\n<ul>\n<li>Een echte\u00a0<strong>hoodie<\/strong>\u00a0waarmee je kunt\u00a0<strong>deel<\/strong>\u00a0jouw\u00a0<strong>passie<\/strong>\u00a0Voor\u00a0<strong>One Piece<\/strong>\n<\/li>\n<\/ul>\n<p>Dus, klaar om de te dragen\u00a0<strong>kleuren\u00a0<\/strong>van<strong>\u00a0<\/strong>jouw<strong>\u00a0favoriete manga<\/strong>\u00a0?<\/p>\n<h2>Ben je fan van de One Piece manga of anime? Laat het zien met deze One Piece sweater!<\/h2>\n<p>Als u\u00a0<strong>lezen<\/strong>\u00a0of waar je ook kijkt\u00a0\u00a0<strong>Japanse anime<\/strong>, De kans is groot dat je bent geworden\u00a0<strong>Ik ben helemaal gek op One Piece.<\/strong>\u00a0Hiermee!\u00a0<strong>Leuke Chopper One Piece-sweatshirt<\/strong>, sluit je aan bij de\u2019<strong>een groep fans van de franchise<\/strong><\/p>\n<p>Dit\u00a0<strong>Cosplay-stijl sweatshirt\u00a0<\/strong>\u00a0is verkrijgbaar in de maten\u00a0<strong>XXS<\/strong>,\u00a0<strong>XS<\/strong>,\u00a0<strong>S<\/strong>,<strong>\u00a0M<\/strong>,<strong>\u00a0L<\/strong>,\u00a0<strong>XL<\/strong>,\u00a0<strong>XXL<\/strong>,\u00a0<strong>3XL<\/strong>,\u00a0<strong>4XL<\/strong>\u00a0Het is geschikt voor alle soorten piraten.,\u00a0<strong>man<\/strong>\u00a0Of\u00a0<strong>vrouwen<\/strong>, zelfs als je geen\u00a0<strong>zwaard<\/strong>\u00a0of\u00a0<strong>duivelsvrucht<\/strong>\u00a0Je kunt het nog steeds met trots dragen.<\/p>\n<h2>Informatie over de sweatshirt:\u00a0<\/h2>\n<ul>\n<li>\n<strong>Hoogwaardige eendelige sweatshirt\u00a0<\/strong>: heeft een<span>\u00a0<\/span><strong>hoog gramgewicht<\/strong><span>\u00a0<\/span>met hoogwaardige materialen<\/li>\n<\/ul>\n<ul>\n<li>\n<strong>Grote flexibiliteit\u00a0<\/strong>Dankzij de samenstelling ervan doet het dat niet.<span>\u00a0<\/span><strong>verfrommeld<\/strong><span>\u00a0<\/span>niet<\/li>\n<\/ul>\n<ul>\n<li>\n<strong>Zeer comfortabel\u00a0<\/strong>: met<span>\u00a0<\/span>zijn<span>\u00a0<\/span><strong>vezels<\/strong><span>\u00a0<\/span>van<span>\u00a0<\/span><strong>katoen<\/strong><span>\u00a0<\/span>Geweldig<span>\u00a0<\/span><strong>zacht<\/strong>, er is geen<span>\u00a0<\/span><strong>wrijving<\/strong>\n<\/li>\n<\/ul>\n<ul>\n<li>3D-digitale print, origineel ontwerp<\/li>\n<\/ul>\n<ul>\n<li>\n<strong>Biologisch katoen\u00a0<\/strong>katoen<span>\u00a0<\/span><strong>hoge kwaliteit<\/strong>\u00a0met<span>\u00a0<\/span><strong>vezels<\/strong><span>\u00a0<\/span>extra<span>\u00a0<\/span><strong>lang<\/strong>\n<\/li>\n<\/ul>\n<ul>\n<li>\n<strong>Gratis bezorging\u00a0<\/strong>voor elke aankoop<strong>\u00a0<\/strong>\n<\/li>\n<\/ul>\n<p><strong>Vergeet niet de maattabel hieronder te bekijken.<\/strong><\/p>\n<h2><img decoding=\"async\" src=\"https:\/\/cdn.shopify.com\/s\/files\/1\/0087\/7556\/5348\/files\/boutque_one_piece_tableau__taille_sweat_large.jpg?v=1559846386\" alt=\"Maattabel voor One Piece sweatshirts\"><\/h2>\n<h3>Wasvoorschriften:<\/h3>\n<ul>\n<li>Machinewas op 30\u00b0C, fijnwasprogramma.<\/li>\n<\/ul>\n<ul>\n<li>Strijk aan de achterkant<\/li>\n<\/ul>\n<p>Voor<span>\u00a0<\/span><strong>behoud de kwaliteit<\/strong><span>\u00a0<\/span>hiervan<span>\u00a0<strong>sweatshirt<\/strong><\/span><strong>\u00a0One Piece<\/strong>, Wij raden u aan om<span>\u00a0<\/span><strong>respect<\/strong><span>\u00a0<\/span>DE<span>\u00a0<\/span><strong>wasvoorschriften<\/strong>.<\/p>","protected":false},"excerpt":{"rendered":"<p>One Piece hoodie met lange mouwen en Tony Tony Chopper! Een kwaliteitsvolle hoodie voor een piraat zoals jij! Als je een echte piraat bent, zul je de kwaliteit van de stof en de 3D-print van deze One Piece hoodie zeker waarderen! Maar het allerbelangrijkste: met deze hoodie maak je deel uit van de fanbasis van de piratenmanga en zul je: de bewondering van alle fans van het One Piece-universum [\u2026]<\/p>","protected":false},"featured_media":13898,"comment_status":"open","ping_status":"open","template":"","meta":[],"product_brand":[],"product_cat":[163,149],"product_tag":[165],"class_list":{"0":"post-13896","1":"product","2":"type-product","3":"status-publish","4":"has-post-thumbnail","6":"product_cat-goodies-tony-tony-chopper-one-piece","7":"product_cat-sweats-one-piece","8":"product_tag-chopper","10":"first","11":"instock","12":"purchasable","13":"product-type-variable"},"yoast_head":"<!-- This site is optimized with the Yoast SEO plugin v27.5 - https:\/\/yoast.com\/product\/yoast-seo-wordpress\/ -->\n<title>Sweat One Piece Chopper Mignon | Boutique One Piece<\/title>\n<meta name=\"description\" content=\"Sweat \u00e0 Capuche \u00e0 Manches Longues One Piece avec Tony Tony Chopper le Docteur de L&#039;\u00e9quipage, Partage ta Passion pour L&#039;univers du Manga de Pirates avec Style\" \/>\n<meta name=\"robots\" content=\"index, follow, max-snippet:-1, max-image-preview:large, max-video-preview:-1\" \/>\n<link rel=\"canonical\" href=\"https:\/\/boutique-one-piece.com\/nl\/one-piece-goodies-2\/tony-goodies-tony-chopper-one-piece\/schattige-helikopter-jumpsuit-sweatshirt\/\" \/>\n<meta property=\"og:locale\" content=\"nl_NL\" \/>\n<meta property=\"og:type\" content=\"article\" \/>\n<meta property=\"og:title\" content=\"Sweat One Piece Chopper Mignon | Boutique One Piece\" \/>\n<meta property=\"og:description\" content=\"Sweat \u00e0 Capuche \u00e0 Manches Longues One Piece avec Tony Tony Chopper le Docteur de L&#039;\u00e9quipage, Partage ta Passion pour L&#039;univers du Manga de Pirates avec Style\" \/>\n<meta property=\"og:url\" content=\"https:\/\/boutique-one-piece.com\/nl\/one-piece-goodies-2\/tony-goodies-tony-chopper-one-piece\/schattige-helikopter-jumpsuit-sweatshirt\/\" \/>\n<meta property=\"og:site_name\" content=\"Boutique One Piece\" \/>\n<meta property=\"article:modified_time\" content=\"2024-09-16T13:26:19+00:00\" \/>\n<meta property=\"og:image\" content=\"https:\/\/boutique-one-piece.com\/wp-content\/uploads\/2022\/09\/Sweat-One-Piece-Chopper-Mignon.jpg\" \/>\n\t<meta property=\"og:image:width\" content=\"640\" \/>\n\t<meta property=\"og:image:height\" content=\"640\" \/>\n\t<meta property=\"og:image:type\" content=\"image\/jpeg\" \/>\n<meta name=\"twitter:card\" content=\"summary_large_image\" \/>\n<meta name=\"twitter:label1\" content=\"Geschatte leestijd\" \/>\n\t<meta name=\"twitter:data1\" content=\"3 minuten\" \/>\n<script type=\"application\/ld+json\" class=\"yoast-schema-graph\">{\"@context\":\"https:\\\/\\\/schema.org\",\"@graph\":[{\"@type\":\"WebPage\",\"@id\":\"https:\\\/\\\/boutique-one-piece.com\\\/goodies-one-piece\\\/goodies-tony-tony-chopper-one-piece\\\/sweat-one-piece-chopper-mignon\\\/\",\"url\":\"https:\\\/\\\/boutique-one-piece.com\\\/goodies-one-piece\\\/goodies-tony-tony-chopper-one-piece\\\/sweat-one-piece-chopper-mignon\\\/\",\"name\":\"Sweat One Piece Chopper Mignon | Boutique One Piece\",\"isPartOf\":{\"@id\":\"https:\\\/\\\/boutique-one-piece.com\\\/#website\"},\"primaryImageOfPage\":{\"@id\":\"https:\\\/\\\/boutique-one-piece.com\\\/goodies-one-piece\\\/goodies-tony-tony-chopper-one-piece\\\/sweat-one-piece-chopper-mignon\\\/#primaryimage\"},\"image\":{\"@id\":\"https:\\\/\\\/boutique-one-piece.com\\\/goodies-one-piece\\\/goodies-tony-tony-chopper-one-piece\\\/sweat-one-piece-chopper-mignon\\\/#primaryimage\"},\"thumbnailUrl\":\"https:\\\/\\\/boutique-one-piece.com\\\/wp-content\\\/uploads\\\/2022\\\/09\\\/Sweat-One-Piece-Chopper-Mignon.jpg\",\"datePublished\":\"2022-09-27T21:23:31+00:00\",\"dateModified\":\"2024-09-16T13:26:19+00:00\",\"description\":\"Sweat \u00e0 Capuche \u00e0 Manches Longues One Piece avec Tony Tony Chopper le Docteur de L'\u00e9quipage, Partage ta Passion pour L'univers du Manga de Pirates avec Style\",\"breadcrumb\":{\"@id\":\"https:\\\/\\\/boutique-one-piece.com\\\/goodies-one-piece\\\/goodies-tony-tony-chopper-one-piece\\\/sweat-one-piece-chopper-mignon\\\/#breadcrumb\"},\"inLanguage\":\"nl-NL\",\"potentialAction\":[{\"@type\":\"ReadAction\",\"target\":[\"https:\\\/\\\/boutique-one-piece.com\\\/goodies-one-piece\\\/goodies-tony-tony-chopper-one-piece\\\/sweat-one-piece-chopper-mignon\\\/\"]}]},{\"@type\":\"ImageObject\",\"inLanguage\":\"nl-NL\",\"@id\":\"https:\\\/\\\/boutique-one-piece.com\\\/goodies-one-piece\\\/goodies-tony-tony-chopper-one-piece\\\/sweat-one-piece-chopper-mignon\\\/#primaryimage\",\"url\":\"https:\\\/\\\/boutique-one-piece.com\\\/wp-content\\\/uploads\\\/2022\\\/09\\\/Sweat-One-Piece-Chopper-Mignon.jpg\",\"contentUrl\":\"https:\\\/\\\/boutique-one-piece.com\\\/wp-content\\\/uploads\\\/2022\\\/09\\\/Sweat-One-Piece-Chopper-Mignon.jpg\",\"width\":640,\"height\":640,\"caption\":\"Sweat One Piece Chopper Mignon 4XL\"},{\"@type\":\"BreadcrumbList\",\"@id\":\"https:\\\/\\\/boutique-one-piece.com\\\/goodies-one-piece\\\/goodies-tony-tony-chopper-one-piece\\\/sweat-one-piece-chopper-mignon\\\/#breadcrumb\",\"itemListElement\":[{\"@type\":\"ListItem\",\"position\":1,\"name\":\"Home\",\"item\":\"https:\\\/\\\/boutique-one-piece.com\\\/\"},{\"@type\":\"ListItem\",\"position\":2,\"name\":\"Shop\",\"item\":\"https:\\\/\\\/boutique-one-piece.com\\\/shop\\\/\"},{\"@type\":\"ListItem\",\"position\":3,\"name\":\"Sweat One Piece Chopper Mignon\"}]},{\"@type\":\"WebSite\",\"@id\":\"https:\\\/\\\/boutique-one-piece.com\\\/#website\",\"url\":\"https:\\\/\\\/boutique-one-piece.com\\\/\",\"name\":\"Boutique One Piece\",\"description\":\"Magasin Sp\u00e9cialis\u00e9 du Manga et l&#039;Anime One Piece\",\"publisher\":{\"@id\":\"https:\\\/\\\/boutique-one-piece.com\\\/#organization\"},\"potentialAction\":[{\"@type\":\"SearchAction\",\"target\":{\"@type\":\"EntryPoint\",\"urlTemplate\":\"https:\\\/\\\/boutique-one-piece.com\\\/?s={search_term_string}\"},\"query-input\":{\"@type\":\"PropertyValueSpecification\",\"valueRequired\":true,\"valueName\":\"search_term_string\"}}],\"inLanguage\":\"nl-NL\"},{\"@type\":\"Organization\",\"@id\":\"https:\\\/\\\/boutique-one-piece.com\\\/#organization\",\"name\":\"Boutique One Piece\",\"url\":\"https:\\\/\\\/boutique-one-piece.com\\\/\",\"logo\":{\"@type\":\"ImageObject\",\"inLanguage\":\"nl-NL\",\"@id\":\"https:\\\/\\\/boutique-one-piece.com\\\/#\\\/schema\\\/logo\\\/image\\\/\",\"url\":\"https:\\\/\\\/boutique-one-piece.com\\\/wp-content\\\/uploads\\\/2022\\\/09\\\/Logo-01.png\",\"contentUrl\":\"https:\\\/\\\/boutique-one-piece.com\\\/wp-content\\\/uploads\\\/2022\\\/09\\\/Logo-01.png\",\"width\":2318,\"height\":957,\"caption\":\"Boutique One Piece\"},\"image\":{\"@id\":\"https:\\\/\\\/boutique-one-piece.com\\\/#\\\/schema\\\/logo\\\/image\\\/\"}}]}<\/script>\n<!-- \/ Yoast SEO plugin. -->","yoast_head_json":{"title":"Leuke Chopper One Piece-sweatshirt | One Piece Shop","description":"Hoodie met lange mouwen van One Piece, met daarop Tony Tony Chopper, de dokter van de piratenbemanning. Deel je passie voor de wereld van piratenmanga in stijl.","robots":{"index":"index","follow":"follow","max-snippet":"max-snippet:-1","max-image-preview":"max-image-preview:large","max-video-preview":"max-video-preview:-1"},"canonical":"https:\/\/boutique-one-piece.com\/nl\/one-piece-goodies-2\/tony-goodies-tony-chopper-one-piece\/schattige-helikopter-jumpsuit-sweatshirt\/","og_locale":"nl_NL","og_type":"article","og_title":"Sweat One Piece Chopper Mignon | Boutique One Piece","og_description":"Sweat \u00e0 Capuche \u00e0 Manches Longues One Piece avec Tony Tony Chopper le Docteur de L'\u00e9quipage, Partage ta Passion pour L'univers du Manga de Pirates avec Style","og_url":"https:\/\/boutique-one-piece.com\/nl\/one-piece-goodies-2\/tony-goodies-tony-chopper-one-piece\/schattige-helikopter-jumpsuit-sweatshirt\/","og_site_name":"Boutique One Piece","article_modified_time":"2024-09-16T13:26:19+00:00","og_image":[{"width":640,"height":640,"url":"https:\/\/boutique-one-piece.com\/wp-content\/uploads\/2022\/09\/Sweat-One-Piece-Chopper-Mignon.jpg","type":"image\/jpeg"}],"twitter_card":"summary_large_image","twitter_misc":{"Geschatte leestijd":"3 minuten"},"schema":{"@context":"https:\/\/schema.org","@graph":[{"@type":"WebPage","@id":"https:\/\/boutique-one-piece.com\/goodies-one-piece\/goodies-tony-tony-chopper-one-piece\/sweat-one-piece-chopper-mignon\/","url":"https:\/\/boutique-one-piece.com\/goodies-one-piece\/goodies-tony-tony-chopper-one-piece\/sweat-one-piece-chopper-mignon\/","name":"Leuke Chopper One Piece-sweatshirt | One Piece Shop","isPartOf":{"@id":"https:\/\/boutique-one-piece.com\/#website"},"primaryImageOfPage":{"@id":"https:\/\/boutique-one-piece.com\/goodies-one-piece\/goodies-tony-tony-chopper-one-piece\/sweat-one-piece-chopper-mignon\/#primaryimage"},"image":{"@id":"https:\/\/boutique-one-piece.com\/goodies-one-piece\/goodies-tony-tony-chopper-one-piece\/sweat-one-piece-chopper-mignon\/#primaryimage"},"thumbnailUrl":"https:\/\/boutique-one-piece.com\/wp-content\/uploads\/2022\/09\/Sweat-One-Piece-Chopper-Mignon.jpg","datePublished":"2022-09-27T21:23:31+00:00","dateModified":"2024-09-16T13:26:19+00:00","description":"Hoodie met lange mouwen van One Piece, met daarop Tony Tony Chopper, de dokter van de piratenbemanning. Deel je passie voor de wereld van piratenmanga in stijl.","breadcrumb":{"@id":"https:\/\/boutique-one-piece.com\/goodies-one-piece\/goodies-tony-tony-chopper-one-piece\/sweat-one-piece-chopper-mignon\/#breadcrumb"},"inLanguage":"nl-NL","potentialAction":[{"@type":"ReadAction","target":["https:\/\/boutique-one-piece.com\/goodies-one-piece\/goodies-tony-tony-chopper-one-piece\/sweat-one-piece-chopper-mignon\/"]}]},{"@type":"ImageObject","inLanguage":"nl-NL","@id":"https:\/\/boutique-one-piece.com\/goodies-one-piece\/goodies-tony-tony-chopper-one-piece\/sweat-one-piece-chopper-mignon\/#primaryimage","url":"https:\/\/boutique-one-piece.com\/wp-content\/uploads\/2022\/09\/Sweat-One-Piece-Chopper-Mignon.jpg","contentUrl":"https:\/\/boutique-one-piece.com\/wp-content\/uploads\/2022\/09\/Sweat-One-Piece-Chopper-Mignon.jpg","width":640,"height":640,"caption":"Sweat One Piece Chopper Mignon 4XL"},{"@type":"BreadcrumbList","@id":"https:\/\/boutique-one-piece.com\/goodies-one-piece\/goodies-tony-tony-chopper-one-piece\/sweat-one-piece-chopper-mignon\/#breadcrumb","itemListElement":[{"@type":"ListItem","position":1,"name":"Home","item":"https:\/\/boutique-one-piece.com\/"},{"@type":"ListItem","position":2,"name":"Shop","item":"https:\/\/boutique-one-piece.com\/shop\/"},{"@type":"ListItem","position":3,"name":"Sweat One Piece Chopper Mignon"}]},{"@type":"WebSite","@id":"https:\/\/boutique-one-piece.com\/#website","url":"https:\/\/boutique-one-piece.com\/","name":"One Piece Shop","description":"Gespecialiseerde winkel voor One Piece manga en anime.","publisher":{"@id":"https:\/\/boutique-one-piece.com\/#organization"},"potentialAction":[{"@type":"SearchAction","target":{"@type":"EntryPoint","urlTemplate":"https:\/\/boutique-one-piece.com\/?s={search_term_string}"},"query-input":{"@type":"PropertyValueSpecification","valueRequired":true,"valueName":"search_term_string"}}],"inLanguage":"nl-NL"},{"@type":"Organization","@id":"https:\/\/boutique-one-piece.com\/#organization","name":"One Piece Shop","url":"https:\/\/boutique-one-piece.com\/","logo":{"@type":"ImageObject","inLanguage":"nl-NL","@id":"https:\/\/boutique-one-piece.com\/#\/schema\/logo\/image\/","url":"https:\/\/boutique-one-piece.com\/wp-content\/uploads\/2022\/09\/Logo-01.png","contentUrl":"https:\/\/boutique-one-piece.com\/wp-content\/uploads\/2022\/09\/Logo-01.png","width":2318,"height":957,"caption":"Boutique One Piece"},"image":{"@id":"https:\/\/boutique-one-piece.com\/#\/schema\/logo\/image\/"}}]}},"_links":{"self":[{"href":"https:\/\/boutique-one-piece.com\/nl\/wp-json\/wp\/v2\/product\/13896","targetHints":{"allow":["GET"]}}],"collection":[{"href":"https:\/\/boutique-one-piece.com\/nl\/wp-json\/wp\/v2\/product"}],"about":[{"href":"https:\/\/boutique-one-piece.com\/nl\/wp-json\/wp\/v2\/types\/product"}],"replies":[{"embeddable":true,"href":"https:\/\/boutique-one-piece.com\/nl\/wp-json\/wp\/v2\/comments?post=13896"}],"wp:featuredmedia":[{"embeddable":true,"href":"https:\/\/boutique-one-piece.com\/nl\/wp-json\/wp\/v2\/media\/13898"}],"wp:attachment":[{"href":"https:\/\/boutique-one-piece.com\/nl\/wp-json\/wp\/v2\/media?parent=13896"}],"wp:term":[{"taxonomy":"product_brand","embeddable":true,"href":"https:\/\/boutique-one-piece.com\/nl\/wp-json\/wp\/v2\/product_brand?post=13896"},{"taxonomy":"product_cat","embeddable":true,"href":"https:\/\/boutique-one-piece.com\/nl\/wp-json\/wp\/v2\/product_cat?post=13896"},{"taxonomy":"product_tag","embeddable":true,"href":"https:\/\/boutique-one-piece.com\/nl\/wp-json\/wp\/v2\/product_tag?post=13896"}],"curies":[{"name":"wp","href":"https:\/\/api.w.org\/{rel}","templated":true}]}}