{"id":14668,"date":"2022-09-27T21:33:37","date_gmt":"2022-09-27T21:33:37","guid":{"rendered":"https:\/\/boutique-one-piece.com\/uncategorized\/bomber-one-piece-logo-law\/"},"modified":"2024-12-13T07:49:18","modified_gmt":"2024-12-13T07:49:18","slug":"one-piece-logo-bomberjack","status":"publish","type":"product","link":"https:\/\/boutique-one-piece.com\/nl\/one-piece-kleding\/bomber-one-piece\/one-piece-logo-bomberjack\/","title":{"rendered":"One Piece Logo Wet Bomber"},"content":{"rendered":"<h2><b>Groene bomberjack<span>\u00a0<\/span>One Piece met Trafalgar D. Water Law van zeer hoge kwaliteit: Sluit je aan bij de Hartpiraten en word een piraat van de wet!<\/b><\/h2>\n<p>Als u een\u00a0<strong>echte piraat<\/strong>, U zult het waarderen\u00a0<strong>kwaliteit<\/strong>\u00a0stof en\u00a0<strong>3D-canvas printen<\/strong>\u00a0hiervan<span>\u00a0<\/span><strong>One Piece-jas<\/strong>\u00a0Maar het allerbelangrijkste is dat hiermee<span>\u00a0<\/span><strong>bedrukte bomberjack<\/strong>\u00a0Dat komt omdat je deel zult uitmaken van\u00a0<strong>de fanploeg<\/strong>\u00a0van\u00a0<strong>piratenmanga<\/strong>\u00a0en u zult het volgende verkrijgen:<\/p>\n<ul>\n<li>\u00a0<strong>Bewondering<\/strong>\u00a0van alle fans van<span>\u00a0<\/span><strong>het universum<\/strong><span>\u00a0<\/span>van de<span>\u00a0<\/span><strong>licentie<\/strong><span>\u00a0<\/span>van<span>\u00a0<\/span><strong>manga<\/strong>\u00a0die je zult tegenkomen<\/li>\n<\/ul>\n<ul>\n<li>Een echte<span>\u00a0<\/span><b>jasje<\/b>\u00a0waarmee je kunt\u00a0<strong>deel<\/strong><span>\u00a0<\/span>jouw<span>\u00a0<\/span><strong>passie<\/strong><span>\u00a0<\/span>Voor<span>\u00a0<\/span><strong>One Piece<\/strong>\n<\/li>\n<\/ul>\n<p>Dus, klaar om de te dragen\u00a0<strong>kleuren\u00a0<\/strong>van<b>\u00a0<\/b>jouw<b><span>\u00a0<\/span>favoriete manga<\/b>\u00a0?<\/p>\n<h2>Ben je fan van de One Piece manga of anime? Laat het zien met dit One Piece bomberjack!<\/h2>\n<p>Als u\u00a0<strong>lezen<\/strong>\u00a0of waar je ook kijkt\u00a0<span>\u00a0<\/span><strong>Japanse anime<\/strong>, De kans is groot dat je bent geworden\u00a0<strong>Ik ben helemaal gek op One Piece.<\/strong>\u00a0Met dit\u00a0<strong>One Piece Logo Law Jacket<\/strong>, sluit je aan bij de\u2019<strong>een groep fans van de franchise<\/strong><\/p>\n<p>Dit<strong><\/strong>alle<span>\u00a0<\/span><strong>groene bomberjack<\/strong>\u00a0is verkrijgbaar in de maten\u00a0<strong>XS<\/strong>,\u00a0<strong>S<\/strong>,<strong>\u00a0M<\/strong>,<strong>\u00a0L<\/strong>,\u00a0<strong>XL<\/strong>,\u00a0<strong>XXL<\/strong>,<span>\u00a0<\/span><strong>3XL<\/strong>,<span>\u00a0<\/span><strong>4XL<\/strong>, Het is geschikt voor alle soorten piraten.,<span>\u00a0<\/span><strong>man<\/strong>\u00a0Of<span>\u00a0<\/span><strong>vrouwen<\/strong>, zelfs als je geen\u00a0<strong>zwaard<\/strong>\u00a0of\u00a0<strong>duivelsvrucht<\/strong>\u00a0Je kunt het nog steeds met trots dragen.<\/p>\n<h2>Informatie over de bommenwerper:\u00a0<\/h2>\n<ul><\/ul>\n<ul><\/ul>\n<ul>\n<li>\n<strong>Hoogwaardig One Piece bomberjack\u00a0<\/strong><span>:\u00a0<\/span>Het heeft een hoog papiergewicht en is gemaakt van hoogwaardige materialen.<\/li>\n<\/ul>\n<ul>\n<li><span><strong>Katoenen voering<\/strong>\u00a0Bomberjack met katoenen voering, goede bescherming tegen de kou.<\/span><\/li>\n<\/ul>\n<ul>\n<li><span><strong>Streetwear-stijl\u00a0<\/strong>Dankzij de &quot;aviator&quot;-snit heeft het bomberjack een casual uitstraling.<\/span><\/li>\n<\/ul>\n<ul>\n<li>\n<strong>Zeer comfortabel<span>\u00a0<\/span><\/strong>Dankzij de superzachte katoen- en polyestervezels is er geen sprake van schuren.<\/li>\n<\/ul>\n<ul>\n<li><span>3D-digitale print, origineel ontwerp<\/span><\/li>\n<\/ul>\n<ul>\n<li><span><b>Katoen<\/b><strong>\u00a0organisch\u00a0<\/strong>Katoen van hoge kwaliteit met extra lange vezels.<\/span><\/li>\n<\/ul>\n<ul>\n<li><span><strong>Gratis bezorging\u00a0<\/strong>voor elke aankoop<strong>\u00a0<\/strong><\/span><\/li>\n<\/ul>\n<p><strong>Vergeet niet de maattabel hieronder te bekijken.<\/strong><\/p>\n<h2><img decoding=\"async\" src=\"https:\/\/cdn.shopify.com\/s\/files\/1\/0087\/7556\/5348\/files\/boutque_one__piece_tableau_taille_veste_bombers_large.jpg?v=1559998400\" alt=\"Maattabel voor One Piece bomberjacks\"><\/h2>\n<h3>Wasvoorschriften voor het One Piece Bomberjack:<\/h3>\n<ul>\n<li>Machinewas op 30\u00b0C, fijnwasprogramma.<\/li>\n<\/ul>\n<ul>\n<li>Strijk aan de achterkant<\/li>\n<\/ul>\n<p>Voor<span>\u00a0<\/span><strong>behoud de kwaliteit<\/strong><span>\u00a0<\/span>hiervan<span>\u00a0<\/span><strong>Eendelig bomberjack<\/strong>, Wij raden u aan om<span>\u00a0<\/span><strong>respect<\/strong><span>\u00a0<\/span>DE<span>\u00a0<\/span><strong>wasvoorschriften<\/strong>.<\/p>","protected":false},"excerpt":{"rendered":"<p>Veste\u00a0Bomber\u00a0Vert\u00a0One Piece avec Trafalgar D. Water Law de Tr\u00e8s Haute Qualit\u00e9 : Rejoins l&rsquo;\u00c9quipage du Heart de Deviens un Pirate de Law ! Si tu es un\u00a0v\u00e9ritable pirate, tu sauras appr\u00e9cier la\u00a0qualit\u00e9\u00a0du tissu et de\u00a0l&rsquo;impression 3D Canvas\u00a0de cette\u00a0veste One Piece\u00a0!\u00a0Mais le plus important, avec ce\u00a0bomber\u00a0imprim\u00e9\u00a0c\u0092est que tu\u00a0feras partie de\u00a0l&rsquo;\u00e9quipage\u00a0des fans\u00a0du\u00a0manga de pirates\u00a0et tu obtiendras\u00a0: \u00a0L&rsquo;admiration\u00a0de [&hellip;]<\/p>","protected":false},"featured_media":14670,"comment_status":"open","ping_status":"open","template":"","meta":[],"product_brand":[],"product_cat":[697,15],"product_tag":[348,202,182],"class_list":{"0":"post-14668","1":"product","2":"type-product","3":"status-publish","4":"has-post-thumbnail","6":"product_cat-bomber-one-piece","7":"product_cat-manga-one-piece","8":"product_tag-bomber","9":"product_tag-law","10":"product_tag-logo","12":"first","13":"outofstock","14":"purchasable","15":"product-type-variable","16":"has-default-attributes"},"yoast_head":"<!-- This site is optimized with the Yoast SEO plugin v27.5 - https:\/\/yoast.com\/product\/yoast-seo-wordpress\/ -->\n<title>Bomber One Piece Logo Law | Boutique One Piece<\/title>\n<meta name=\"description\" content=\"Veste Bomber Vert One Piece avec Trafalgar D. Water Law de Tr\u00e8s Haute Qualit\u00e9 Rejoins l&#039;\u00c9quipage du Heart de Deviens un Pirate de Law, de la g\u00e9n\u00e9ration t\u00e9rrible\" \/>\n<meta name=\"robots\" content=\"index, follow, max-snippet:-1, max-image-preview:large, max-video-preview:-1\" \/>\n<link rel=\"canonical\" href=\"https:\/\/boutique-one-piece.com\/nl\/one-piece-kleding\/bomber-one-piece\/one-piece-logo-bomberjack\/\" \/>\n<meta property=\"og:locale\" content=\"nl_NL\" \/>\n<meta property=\"og:type\" content=\"article\" \/>\n<meta property=\"og:title\" content=\"Bomber One Piece Logo Law | Boutique One Piece\" \/>\n<meta property=\"og:description\" content=\"Veste Bomber Vert One Piece avec Trafalgar D. Water Law de Tr\u00e8s Haute Qualit\u00e9 Rejoins l&#039;\u00c9quipage du Heart de Deviens un Pirate de Law, de la g\u00e9n\u00e9ration t\u00e9rrible\" \/>\n<meta property=\"og:url\" content=\"https:\/\/boutique-one-piece.com\/nl\/one-piece-kleding\/bomber-one-piece\/one-piece-logo-bomberjack\/\" \/>\n<meta property=\"og:site_name\" content=\"Boutique One Piece\" \/>\n<meta property=\"article:modified_time\" content=\"2024-12-13T07:49:18+00:00\" \/>\n<meta property=\"og:image\" content=\"https:\/\/boutique-one-piece.com\/wp-content\/uploads\/2022\/09\/Bomber-One-Piece-Logo-Law.jpg\" \/>\n\t<meta property=\"og:image:width\" content=\"600\" \/>\n\t<meta property=\"og:image:height\" content=\"600\" \/>\n\t<meta property=\"og:image:type\" content=\"image\/jpeg\" \/>\n<meta name=\"twitter:card\" content=\"summary_large_image\" \/>\n<meta name=\"twitter:label1\" content=\"Geschatte leestijd\" \/>\n\t<meta name=\"twitter:data1\" content=\"2 minuten\" \/>\n<script type=\"application\/ld+json\" class=\"yoast-schema-graph\">{\"@context\":\"https:\\\/\\\/schema.org\",\"@graph\":[{\"@type\":\"WebPage\",\"@id\":\"https:\\\/\\\/boutique-one-piece.com\\\/vetements-one-piece\\\/bomber-one-piece\\\/bomber-one-piece-logo-law\\\/\",\"url\":\"https:\\\/\\\/boutique-one-piece.com\\\/vetements-one-piece\\\/bomber-one-piece\\\/bomber-one-piece-logo-law\\\/\",\"name\":\"Bomber One Piece Logo Law | Boutique One Piece\",\"isPartOf\":{\"@id\":\"https:\\\/\\\/boutique-one-piece.com\\\/#website\"},\"primaryImageOfPage\":{\"@id\":\"https:\\\/\\\/boutique-one-piece.com\\\/vetements-one-piece\\\/bomber-one-piece\\\/bomber-one-piece-logo-law\\\/#primaryimage\"},\"image\":{\"@id\":\"https:\\\/\\\/boutique-one-piece.com\\\/vetements-one-piece\\\/bomber-one-piece\\\/bomber-one-piece-logo-law\\\/#primaryimage\"},\"thumbnailUrl\":\"https:\\\/\\\/boutique-one-piece.com\\\/wp-content\\\/uploads\\\/2022\\\/09\\\/Bomber-One-Piece-Logo-Law.jpg\",\"datePublished\":\"2022-09-27T21:33:37+00:00\",\"dateModified\":\"2024-12-13T07:49:18+00:00\",\"description\":\"Veste Bomber Vert One Piece avec Trafalgar D. Water Law de Tr\u00e8s Haute Qualit\u00e9 Rejoins l'\u00c9quipage du Heart de Deviens un Pirate de Law, de la g\u00e9n\u00e9ration t\u00e9rrible\",\"breadcrumb\":{\"@id\":\"https:\\\/\\\/boutique-one-piece.com\\\/vetements-one-piece\\\/bomber-one-piece\\\/bomber-one-piece-logo-law\\\/#breadcrumb\"},\"inLanguage\":\"nl-NL\",\"potentialAction\":[{\"@type\":\"ReadAction\",\"target\":[\"https:\\\/\\\/boutique-one-piece.com\\\/vetements-one-piece\\\/bomber-one-piece\\\/bomber-one-piece-logo-law\\\/\"]}]},{\"@type\":\"ImageObject\",\"inLanguage\":\"nl-NL\",\"@id\":\"https:\\\/\\\/boutique-one-piece.com\\\/vetements-one-piece\\\/bomber-one-piece\\\/bomber-one-piece-logo-law\\\/#primaryimage\",\"url\":\"https:\\\/\\\/boutique-one-piece.com\\\/wp-content\\\/uploads\\\/2022\\\/09\\\/Bomber-One-Piece-Logo-Law.jpg\",\"contentUrl\":\"https:\\\/\\\/boutique-one-piece.com\\\/wp-content\\\/uploads\\\/2022\\\/09\\\/Bomber-One-Piece-Logo-Law.jpg\",\"width\":600,\"height\":600,\"caption\":\"Bomber One Piece Logo Law 4xl\"},{\"@type\":\"BreadcrumbList\",\"@id\":\"https:\\\/\\\/boutique-one-piece.com\\\/vetements-one-piece\\\/bomber-one-piece\\\/bomber-one-piece-logo-law\\\/#breadcrumb\",\"itemListElement\":[{\"@type\":\"ListItem\",\"position\":1,\"name\":\"Home\",\"item\":\"https:\\\/\\\/boutique-one-piece.com\\\/\"},{\"@type\":\"ListItem\",\"position\":2,\"name\":\"Shop\",\"item\":\"https:\\\/\\\/boutique-one-piece.com\\\/shop\\\/\"},{\"@type\":\"ListItem\",\"position\":3,\"name\":\"Bomber One Piece Logo Law\"}]},{\"@type\":\"WebSite\",\"@id\":\"https:\\\/\\\/boutique-one-piece.com\\\/#website\",\"url\":\"https:\\\/\\\/boutique-one-piece.com\\\/\",\"name\":\"Boutique One Piece\",\"description\":\"Magasin Sp\u00e9cialis\u00e9 du Manga et l&#039;Anime One Piece\",\"publisher\":{\"@id\":\"https:\\\/\\\/boutique-one-piece.com\\\/#organization\"},\"potentialAction\":[{\"@type\":\"SearchAction\",\"target\":{\"@type\":\"EntryPoint\",\"urlTemplate\":\"https:\\\/\\\/boutique-one-piece.com\\\/?s={search_term_string}\"},\"query-input\":{\"@type\":\"PropertyValueSpecification\",\"valueRequired\":true,\"valueName\":\"search_term_string\"}}],\"inLanguage\":\"nl-NL\"},{\"@type\":\"Organization\",\"@id\":\"https:\\\/\\\/boutique-one-piece.com\\\/#organization\",\"name\":\"Boutique One Piece\",\"url\":\"https:\\\/\\\/boutique-one-piece.com\\\/\",\"logo\":{\"@type\":\"ImageObject\",\"inLanguage\":\"nl-NL\",\"@id\":\"https:\\\/\\\/boutique-one-piece.com\\\/#\\\/schema\\\/logo\\\/image\\\/\",\"url\":\"https:\\\/\\\/boutique-one-piece.com\\\/wp-content\\\/uploads\\\/2022\\\/09\\\/Logo-01.png\",\"contentUrl\":\"https:\\\/\\\/boutique-one-piece.com\\\/wp-content\\\/uploads\\\/2022\\\/09\\\/Logo-01.png\",\"width\":2318,\"height\":957,\"caption\":\"Boutique One Piece\"},\"image\":{\"@id\":\"https:\\\/\\\/boutique-one-piece.com\\\/#\\\/schema\\\/logo\\\/image\\\/\"}}]}<\/script>\n<!-- \/ Yoast SEO plugin. -->","yoast_head_json":{"title":"One Piece Logo Law Bomberjack | One Piece Shop","description":"Groene One Piece bomberjack met Trafalgar D. Water Law - Zeer hoge kwaliteit - Sluit je aan bij de Heart Pirates en word een piraat van Laws ergste generatie","robots":{"index":"index","follow":"follow","max-snippet":"max-snippet:-1","max-image-preview":"max-image-preview:large","max-video-preview":"max-video-preview:-1"},"canonical":"https:\/\/boutique-one-piece.com\/nl\/one-piece-kleding\/bomber-one-piece\/one-piece-logo-bomberjack\/","og_locale":"nl_NL","og_type":"article","og_title":"Bomber One Piece Logo Law | Boutique One Piece","og_description":"Veste Bomber Vert One Piece avec Trafalgar D. Water Law de Tr\u00e8s Haute Qualit\u00e9 Rejoins l'\u00c9quipage du Heart de Deviens un Pirate de Law, de la g\u00e9n\u00e9ration t\u00e9rrible","og_url":"https:\/\/boutique-one-piece.com\/nl\/one-piece-kleding\/bomber-one-piece\/one-piece-logo-bomberjack\/","og_site_name":"Boutique One Piece","article_modified_time":"2024-12-13T07:49:18+00:00","og_image":[{"width":600,"height":600,"url":"https:\/\/boutique-one-piece.com\/wp-content\/uploads\/2022\/09\/Bomber-One-Piece-Logo-Law.jpg","type":"image\/jpeg"}],"twitter_card":"summary_large_image","twitter_misc":{"Geschatte leestijd":"2 minuten"},"schema":{"@context":"https:\/\/schema.org","@graph":[{"@type":"WebPage","@id":"https:\/\/boutique-one-piece.com\/vetements-one-piece\/bomber-one-piece\/bomber-one-piece-logo-law\/","url":"https:\/\/boutique-one-piece.com\/vetements-one-piece\/bomber-one-piece\/bomber-one-piece-logo-law\/","name":"One Piece Logo Law Bomberjack | One Piece Shop","isPartOf":{"@id":"https:\/\/boutique-one-piece.com\/#website"},"primaryImageOfPage":{"@id":"https:\/\/boutique-one-piece.com\/vetements-one-piece\/bomber-one-piece\/bomber-one-piece-logo-law\/#primaryimage"},"image":{"@id":"https:\/\/boutique-one-piece.com\/vetements-one-piece\/bomber-one-piece\/bomber-one-piece-logo-law\/#primaryimage"},"thumbnailUrl":"https:\/\/boutique-one-piece.com\/wp-content\/uploads\/2022\/09\/Bomber-One-Piece-Logo-Law.jpg","datePublished":"2022-09-27T21:33:37+00:00","dateModified":"2024-12-13T07:49:18+00:00","description":"Groene One Piece bomberjack met Trafalgar D. Water Law - Zeer hoge kwaliteit - Sluit je aan bij de Heart Pirates en word een piraat van Laws ergste generatie","breadcrumb":{"@id":"https:\/\/boutique-one-piece.com\/vetements-one-piece\/bomber-one-piece\/bomber-one-piece-logo-law\/#breadcrumb"},"inLanguage":"nl-NL","potentialAction":[{"@type":"ReadAction","target":["https:\/\/boutique-one-piece.com\/vetements-one-piece\/bomber-one-piece\/bomber-one-piece-logo-law\/"]}]},{"@type":"ImageObject","inLanguage":"nl-NL","@id":"https:\/\/boutique-one-piece.com\/vetements-one-piece\/bomber-one-piece\/bomber-one-piece-logo-law\/#primaryimage","url":"https:\/\/boutique-one-piece.com\/wp-content\/uploads\/2022\/09\/Bomber-One-Piece-Logo-Law.jpg","contentUrl":"https:\/\/boutique-one-piece.com\/wp-content\/uploads\/2022\/09\/Bomber-One-Piece-Logo-Law.jpg","width":600,"height":600,"caption":"Bomber One Piece Logo Law 4xl"},{"@type":"BreadcrumbList","@id":"https:\/\/boutique-one-piece.com\/vetements-one-piece\/bomber-one-piece\/bomber-one-piece-logo-law\/#breadcrumb","itemListElement":[{"@type":"ListItem","position":1,"name":"Home","item":"https:\/\/boutique-one-piece.com\/"},{"@type":"ListItem","position":2,"name":"Shop","item":"https:\/\/boutique-one-piece.com\/shop\/"},{"@type":"ListItem","position":3,"name":"Bomber One Piece Logo Law"}]},{"@type":"WebSite","@id":"https:\/\/boutique-one-piece.com\/#website","url":"https:\/\/boutique-one-piece.com\/","name":"One Piece Shop","description":"Gespecialiseerde winkel voor One Piece manga en anime.","publisher":{"@id":"https:\/\/boutique-one-piece.com\/#organization"},"potentialAction":[{"@type":"SearchAction","target":{"@type":"EntryPoint","urlTemplate":"https:\/\/boutique-one-piece.com\/?s={search_term_string}"},"query-input":{"@type":"PropertyValueSpecification","valueRequired":true,"valueName":"search_term_string"}}],"inLanguage":"nl-NL"},{"@type":"Organization","@id":"https:\/\/boutique-one-piece.com\/#organization","name":"One Piece Shop","url":"https:\/\/boutique-one-piece.com\/","logo":{"@type":"ImageObject","inLanguage":"nl-NL","@id":"https:\/\/boutique-one-piece.com\/#\/schema\/logo\/image\/","url":"https:\/\/boutique-one-piece.com\/wp-content\/uploads\/2022\/09\/Logo-01.png","contentUrl":"https:\/\/boutique-one-piece.com\/wp-content\/uploads\/2022\/09\/Logo-01.png","width":2318,"height":957,"caption":"Boutique One Piece"},"image":{"@id":"https:\/\/boutique-one-piece.com\/#\/schema\/logo\/image\/"}}]}},"_links":{"self":[{"href":"https:\/\/boutique-one-piece.com\/nl\/wp-json\/wp\/v2\/product\/14668","targetHints":{"allow":["GET"]}}],"collection":[{"href":"https:\/\/boutique-one-piece.com\/nl\/wp-json\/wp\/v2\/product"}],"about":[{"href":"https:\/\/boutique-one-piece.com\/nl\/wp-json\/wp\/v2\/types\/product"}],"replies":[{"embeddable":true,"href":"https:\/\/boutique-one-piece.com\/nl\/wp-json\/wp\/v2\/comments?post=14668"}],"wp:featuredmedia":[{"embeddable":true,"href":"https:\/\/boutique-one-piece.com\/nl\/wp-json\/wp\/v2\/media\/14670"}],"wp:attachment":[{"href":"https:\/\/boutique-one-piece.com\/nl\/wp-json\/wp\/v2\/media?parent=14668"}],"wp:term":[{"taxonomy":"product_brand","embeddable":true,"href":"https:\/\/boutique-one-piece.com\/nl\/wp-json\/wp\/v2\/product_brand?post=14668"},{"taxonomy":"product_cat","embeddable":true,"href":"https:\/\/boutique-one-piece.com\/nl\/wp-json\/wp\/v2\/product_cat?post=14668"},{"taxonomy":"product_tag","embeddable":true,"href":"https:\/\/boutique-one-piece.com\/nl\/wp-json\/wp\/v2\/product_tag?post=14668"}],"curies":[{"name":"wp","href":"https:\/\/api.w.org\/{rel}","templated":true}]}}