{"id":14718,"date":"2022-09-27T21:33:56","date_gmt":"2022-09-27T21:33:56","guid":{"rendered":"https:\/\/boutique-one-piece.com\/uncategorized\/trousse-one-piece-les-mugiwara\/"},"modified":"2024-09-16T13:48:29","modified_gmt":"2024-09-16T13:48:29","slug":"eendelige-kit-de-mugiwara","status":"publish","type":"product","link":"https:\/\/boutique-one-piece.com\/nl\/one-piece-accessoires\/eendelige-kit-de-mugiwara\/","title":{"rendered":"One Piece Kit De Mugiwara"},"content":{"rendered":"<h2 >Informatie over de One Piece-kit:\u00a0<\/h2>\n<ul >\n<li >\u00a0<strong>Hoogwaardige kit\u00a0<\/strong>: heeft een\u00a0<strong >hoog gramgewicht<\/strong>, met hoogwaardige materialen<\/li>\n<\/ul>\n<ul >\n<li >\n<strong >Maat\u00a0<\/strong>: 20 cm lang en 10 cm hoog<\/li>\n<\/ul>\n<ul >\n<li >\n<strong >3D digitaal printen<\/strong>\u00a0:<strong >\u00a0Etui met print<\/strong>\u00a0met een origineel ontwerp,\u00a0<strong >Canvasafdruk<\/strong>\n<\/li>\n<\/ul>\n<ul >\n<li >\n<strong >Gewicht\u00a0<\/strong>: 150 g<\/li>\n<\/ul>\n<ul >\n<li >\n<strong >Gratis bezorging\u00a0<\/strong>voor elke aankoop<\/li>\n<\/ul>","protected":false},"excerpt":{"rendered":"<p>Informatie over het One Piece etui: Etui van premium kwaliteit: gemaakt van hoogwaardige materialen en heeft een zwaar gewicht. Afmetingen: 20 cm lang en 10 cm hoog. 3D digitale print: bedrukt met een origineel ontwerp, canvasprint. Gewicht: 150 g. Gratis verzending bij elke aankoop.<\/p>","protected":false},"featured_media":14720,"comment_status":"open","ping_status":"open","template":"","meta":[],"product_brand":[],"product_cat":[409],"product_tag":[],"class_list":{"0":"post-14718","1":"product","2":"type-product","3":"status-publish","4":"has-post-thumbnail","6":"product_cat-accessoires-one-piece","8":"first","9":"instock","10":"purchasable","11":"product-type-simple"},"yoast_head":"<!-- This site is optimized with the Yoast SEO plugin v27.5 - https:\/\/yoast.com\/product\/yoast-seo-wordpress\/ -->\n<title>Trousse One Piece Les Mugiwara \u2013 Boutique One Piece<\/title>\n<meta name=\"description\" content=\"Informations sur la\u00a0Trousse One Piece :\u00a0 \u00a0Trousse\u00a0de qualit\u00e9 sup\u00e9rieure\u00a0:\u00a0poss\u00e8de un\u00a0grammage \u00e9lev\u00e9, avec des mat\u00e9riaux de qualit\u00e9s Taille\u00a0:\u00a020 cm de longueur et 10 cm de hauteur Impression digitale 3D\u00a0:\u00a0Trousse imprim\u00e9e\u00a0avec un design original,\u00a0Impression Canvas Poids\u00a0:\u00a0150g Livraison\u00a0Offerte\u00a0pour tout achat\" \/>\n<meta name=\"robots\" content=\"index, follow, max-snippet:-1, max-image-preview:large, max-video-preview:-1\" \/>\n<link rel=\"canonical\" href=\"https:\/\/boutique-one-piece.com\/nl\/one-piece-accessoires\/eendelige-kit-de-mugiwara\/\" \/>\n<meta property=\"og:locale\" content=\"nl_NL\" \/>\n<meta property=\"og:type\" content=\"article\" \/>\n<meta property=\"og:title\" content=\"Trousse One Piece Les Mugiwara \u2013 Boutique One Piece\" \/>\n<meta property=\"og:description\" content=\"Informations sur la\u00a0Trousse One Piece :\u00a0 \u00a0Trousse\u00a0de qualit\u00e9 sup\u00e9rieure\u00a0:\u00a0poss\u00e8de un\u00a0grammage \u00e9lev\u00e9, avec des mat\u00e9riaux de qualit\u00e9s Taille\u00a0:\u00a020 cm de longueur et 10 cm de hauteur Impression digitale 3D\u00a0:\u00a0Trousse imprim\u00e9e\u00a0avec un design original,\u00a0Impression Canvas Poids\u00a0:\u00a0150g Livraison\u00a0Offerte\u00a0pour tout achat\" \/>\n<meta property=\"og:url\" content=\"https:\/\/boutique-one-piece.com\/nl\/one-piece-accessoires\/eendelige-kit-de-mugiwara\/\" \/>\n<meta property=\"og:site_name\" content=\"Boutique One Piece\" \/>\n<meta property=\"article:modified_time\" content=\"2024-09-16T13:48:29+00:00\" \/>\n<meta property=\"og:image\" content=\"https:\/\/boutique-one-piece.com\/wp-content\/uploads\/2022\/09\/Trousse-One-Piece-Les-Mugiwara-1.jpg\" \/>\n\t<meta property=\"og:image:width\" content=\"750\" \/>\n\t<meta property=\"og:image:height\" content=\"750\" \/>\n\t<meta property=\"og:image:type\" content=\"image\/jpeg\" \/>\n<meta name=\"twitter:card\" content=\"summary_large_image\" \/>\n<script type=\"application\/ld+json\" class=\"yoast-schema-graph\">{\"@context\":\"https:\\\/\\\/schema.org\",\"@graph\":[{\"@type\":\"WebPage\",\"@id\":\"https:\\\/\\\/boutique-one-piece.com\\\/accessoires-one-piece\\\/trousse-one-piece-les-mugiwara\\\/\",\"url\":\"https:\\\/\\\/boutique-one-piece.com\\\/accessoires-one-piece\\\/trousse-one-piece-les-mugiwara\\\/\",\"name\":\"Trousse One Piece Les Mugiwara \u2013 Boutique One Piece\",\"isPartOf\":{\"@id\":\"https:\\\/\\\/boutique-one-piece.com\\\/#website\"},\"primaryImageOfPage\":{\"@id\":\"https:\\\/\\\/boutique-one-piece.com\\\/accessoires-one-piece\\\/trousse-one-piece-les-mugiwara\\\/#primaryimage\"},\"image\":{\"@id\":\"https:\\\/\\\/boutique-one-piece.com\\\/accessoires-one-piece\\\/trousse-one-piece-les-mugiwara\\\/#primaryimage\"},\"thumbnailUrl\":\"https:\\\/\\\/boutique-one-piece.com\\\/wp-content\\\/uploads\\\/2022\\\/09\\\/Trousse-One-Piece-Les-Mugiwara-1.jpg\",\"datePublished\":\"2022-09-27T21:33:56+00:00\",\"dateModified\":\"2024-09-16T13:48:29+00:00\",\"description\":\"Informations sur la\u00a0Trousse One Piece :\u00a0 \u00a0Trousse\u00a0de qualit\u00e9 sup\u00e9rieure\u00a0:\u00a0poss\u00e8de un\u00a0grammage \u00e9lev\u00e9, avec des mat\u00e9riaux de qualit\u00e9s Taille\u00a0:\u00a020 cm de longueur et 10 cm de hauteur Impression digitale 3D\u00a0:\u00a0Trousse imprim\u00e9e\u00a0avec un design original,\u00a0Impression Canvas Poids\u00a0:\u00a0150g Livraison\u00a0Offerte\u00a0pour tout achat\",\"breadcrumb\":{\"@id\":\"https:\\\/\\\/boutique-one-piece.com\\\/accessoires-one-piece\\\/trousse-one-piece-les-mugiwara\\\/#breadcrumb\"},\"inLanguage\":\"nl-NL\",\"potentialAction\":[{\"@type\":\"ReadAction\",\"target\":[\"https:\\\/\\\/boutique-one-piece.com\\\/accessoires-one-piece\\\/trousse-one-piece-les-mugiwara\\\/\"]}]},{\"@type\":\"ImageObject\",\"inLanguage\":\"nl-NL\",\"@id\":\"https:\\\/\\\/boutique-one-piece.com\\\/accessoires-one-piece\\\/trousse-one-piece-les-mugiwara\\\/#primaryimage\",\"url\":\"https:\\\/\\\/boutique-one-piece.com\\\/wp-content\\\/uploads\\\/2022\\\/09\\\/Trousse-One-Piece-Les-Mugiwara-1.jpg\",\"contentUrl\":\"https:\\\/\\\/boutique-one-piece.com\\\/wp-content\\\/uploads\\\/2022\\\/09\\\/Trousse-One-Piece-Les-Mugiwara-1.jpg\",\"width\":750,\"height\":750},{\"@type\":\"BreadcrumbList\",\"@id\":\"https:\\\/\\\/boutique-one-piece.com\\\/accessoires-one-piece\\\/trousse-one-piece-les-mugiwara\\\/#breadcrumb\",\"itemListElement\":[{\"@type\":\"ListItem\",\"position\":1,\"name\":\"Home\",\"item\":\"https:\\\/\\\/boutique-one-piece.com\\\/\"},{\"@type\":\"ListItem\",\"position\":2,\"name\":\"Shop\",\"item\":\"https:\\\/\\\/boutique-one-piece.com\\\/shop\\\/\"},{\"@type\":\"ListItem\",\"position\":3,\"name\":\"Trousse One Piece Les Mugiwara\"}]},{\"@type\":\"WebSite\",\"@id\":\"https:\\\/\\\/boutique-one-piece.com\\\/#website\",\"url\":\"https:\\\/\\\/boutique-one-piece.com\\\/\",\"name\":\"Boutique One Piece\",\"description\":\"Magasin Sp\u00e9cialis\u00e9 du Manga et l&#039;Anime One Piece\",\"publisher\":{\"@id\":\"https:\\\/\\\/boutique-one-piece.com\\\/#organization\"},\"potentialAction\":[{\"@type\":\"SearchAction\",\"target\":{\"@type\":\"EntryPoint\",\"urlTemplate\":\"https:\\\/\\\/boutique-one-piece.com\\\/?s={search_term_string}\"},\"query-input\":{\"@type\":\"PropertyValueSpecification\",\"valueRequired\":true,\"valueName\":\"search_term_string\"}}],\"inLanguage\":\"nl-NL\"},{\"@type\":\"Organization\",\"@id\":\"https:\\\/\\\/boutique-one-piece.com\\\/#organization\",\"name\":\"Boutique One Piece\",\"url\":\"https:\\\/\\\/boutique-one-piece.com\\\/\",\"logo\":{\"@type\":\"ImageObject\",\"inLanguage\":\"nl-NL\",\"@id\":\"https:\\\/\\\/boutique-one-piece.com\\\/#\\\/schema\\\/logo\\\/image\\\/\",\"url\":\"https:\\\/\\\/boutique-one-piece.com\\\/wp-content\\\/uploads\\\/2022\\\/09\\\/Logo-01.png\",\"contentUrl\":\"https:\\\/\\\/boutique-one-piece.com\\\/wp-content\\\/uploads\\\/2022\\\/09\\\/Logo-01.png\",\"width\":2318,\"height\":957,\"caption\":\"Boutique One Piece\"},\"image\":{\"@id\":\"https:\\\/\\\/boutique-one-piece.com\\\/#\\\/schema\\\/logo\\\/image\\\/\"}}]}<\/script>\n<!-- \/ Yoast SEO plugin. -->","yoast_head_json":{"title":"One Piece Strohoedpiraten Pennenetui \u2013 One Piece Winkel","description":"Informatie over het One Piece etui: Etui van premium kwaliteit: gemaakt van hoogwaardige materialen en heeft een zwaar gewicht. Afmetingen: 20 cm lang en 10 cm hoog. 3D digitale print: bedrukt met een origineel ontwerp, canvasprint. Gewicht: 150 g. Gratis verzending bij elke aankoop.","robots":{"index":"index","follow":"follow","max-snippet":"max-snippet:-1","max-image-preview":"max-image-preview:large","max-video-preview":"max-video-preview:-1"},"canonical":"https:\/\/boutique-one-piece.com\/nl\/one-piece-accessoires\/eendelige-kit-de-mugiwara\/","og_locale":"nl_NL","og_type":"article","og_title":"Trousse One Piece Les Mugiwara \u2013 Boutique One Piece","og_description":"Informations sur la\u00a0Trousse One Piece :\u00a0 \u00a0Trousse\u00a0de qualit\u00e9 sup\u00e9rieure\u00a0:\u00a0poss\u00e8de un\u00a0grammage \u00e9lev\u00e9, avec des mat\u00e9riaux de qualit\u00e9s Taille\u00a0:\u00a020 cm de longueur et 10 cm de hauteur Impression digitale 3D\u00a0:\u00a0Trousse imprim\u00e9e\u00a0avec un design original,\u00a0Impression Canvas Poids\u00a0:\u00a0150g Livraison\u00a0Offerte\u00a0pour tout achat","og_url":"https:\/\/boutique-one-piece.com\/nl\/one-piece-accessoires\/eendelige-kit-de-mugiwara\/","og_site_name":"Boutique One Piece","article_modified_time":"2024-09-16T13:48:29+00:00","og_image":[{"width":750,"height":750,"url":"https:\/\/boutique-one-piece.com\/wp-content\/uploads\/2022\/09\/Trousse-One-Piece-Les-Mugiwara-1.jpg","type":"image\/jpeg"}],"twitter_card":"summary_large_image","schema":{"@context":"https:\/\/schema.org","@graph":[{"@type":"WebPage","@id":"https:\/\/boutique-one-piece.com\/accessoires-one-piece\/trousse-one-piece-les-mugiwara\/","url":"https:\/\/boutique-one-piece.com\/accessoires-one-piece\/trousse-one-piece-les-mugiwara\/","name":"One Piece Strohoedpiraten Pennenetui \u2013 One Piece Winkel","isPartOf":{"@id":"https:\/\/boutique-one-piece.com\/#website"},"primaryImageOfPage":{"@id":"https:\/\/boutique-one-piece.com\/accessoires-one-piece\/trousse-one-piece-les-mugiwara\/#primaryimage"},"image":{"@id":"https:\/\/boutique-one-piece.com\/accessoires-one-piece\/trousse-one-piece-les-mugiwara\/#primaryimage"},"thumbnailUrl":"https:\/\/boutique-one-piece.com\/wp-content\/uploads\/2022\/09\/Trousse-One-Piece-Les-Mugiwara-1.jpg","datePublished":"2022-09-27T21:33:56+00:00","dateModified":"2024-09-16T13:48:29+00:00","description":"Informatie over het One Piece etui: Etui van premium kwaliteit: gemaakt van hoogwaardige materialen en heeft een zwaar gewicht. Afmetingen: 20 cm lang en 10 cm hoog. 3D digitale print: bedrukt met een origineel ontwerp, canvasprint. Gewicht: 150 g. Gratis verzending bij elke aankoop.","breadcrumb":{"@id":"https:\/\/boutique-one-piece.com\/accessoires-one-piece\/trousse-one-piece-les-mugiwara\/#breadcrumb"},"inLanguage":"nl-NL","potentialAction":[{"@type":"ReadAction","target":["https:\/\/boutique-one-piece.com\/accessoires-one-piece\/trousse-one-piece-les-mugiwara\/"]}]},{"@type":"ImageObject","inLanguage":"nl-NL","@id":"https:\/\/boutique-one-piece.com\/accessoires-one-piece\/trousse-one-piece-les-mugiwara\/#primaryimage","url":"https:\/\/boutique-one-piece.com\/wp-content\/uploads\/2022\/09\/Trousse-One-Piece-Les-Mugiwara-1.jpg","contentUrl":"https:\/\/boutique-one-piece.com\/wp-content\/uploads\/2022\/09\/Trousse-One-Piece-Les-Mugiwara-1.jpg","width":750,"height":750},{"@type":"BreadcrumbList","@id":"https:\/\/boutique-one-piece.com\/accessoires-one-piece\/trousse-one-piece-les-mugiwara\/#breadcrumb","itemListElement":[{"@type":"ListItem","position":1,"name":"Home","item":"https:\/\/boutique-one-piece.com\/"},{"@type":"ListItem","position":2,"name":"Shop","item":"https:\/\/boutique-one-piece.com\/shop\/"},{"@type":"ListItem","position":3,"name":"Trousse One Piece Les Mugiwara"}]},{"@type":"WebSite","@id":"https:\/\/boutique-one-piece.com\/#website","url":"https:\/\/boutique-one-piece.com\/","name":"One Piece Shop","description":"Gespecialiseerde winkel voor One Piece manga en anime.","publisher":{"@id":"https:\/\/boutique-one-piece.com\/#organization"},"potentialAction":[{"@type":"SearchAction","target":{"@type":"EntryPoint","urlTemplate":"https:\/\/boutique-one-piece.com\/?s={search_term_string}"},"query-input":{"@type":"PropertyValueSpecification","valueRequired":true,"valueName":"search_term_string"}}],"inLanguage":"nl-NL"},{"@type":"Organization","@id":"https:\/\/boutique-one-piece.com\/#organization","name":"One Piece Shop","url":"https:\/\/boutique-one-piece.com\/","logo":{"@type":"ImageObject","inLanguage":"nl-NL","@id":"https:\/\/boutique-one-piece.com\/#\/schema\/logo\/image\/","url":"https:\/\/boutique-one-piece.com\/wp-content\/uploads\/2022\/09\/Logo-01.png","contentUrl":"https:\/\/boutique-one-piece.com\/wp-content\/uploads\/2022\/09\/Logo-01.png","width":2318,"height":957,"caption":"Boutique One Piece"},"image":{"@id":"https:\/\/boutique-one-piece.com\/#\/schema\/logo\/image\/"}}]}},"_links":{"self":[{"href":"https:\/\/boutique-one-piece.com\/nl\/wp-json\/wp\/v2\/product\/14718","targetHints":{"allow":["GET"]}}],"collection":[{"href":"https:\/\/boutique-one-piece.com\/nl\/wp-json\/wp\/v2\/product"}],"about":[{"href":"https:\/\/boutique-one-piece.com\/nl\/wp-json\/wp\/v2\/types\/product"}],"replies":[{"embeddable":true,"href":"https:\/\/boutique-one-piece.com\/nl\/wp-json\/wp\/v2\/comments?post=14718"}],"wp:featuredmedia":[{"embeddable":true,"href":"https:\/\/boutique-one-piece.com\/nl\/wp-json\/wp\/v2\/media\/14720"}],"wp:attachment":[{"href":"https:\/\/boutique-one-piece.com\/nl\/wp-json\/wp\/v2\/media?parent=14718"}],"wp:term":[{"taxonomy":"product_brand","embeddable":true,"href":"https:\/\/boutique-one-piece.com\/nl\/wp-json\/wp\/v2\/product_brand?post=14718"},{"taxonomy":"product_cat","embeddable":true,"href":"https:\/\/boutique-one-piece.com\/nl\/wp-json\/wp\/v2\/product_cat?post=14718"},{"taxonomy":"product_tag","embeddable":true,"href":"https:\/\/boutique-one-piece.com\/nl\/wp-json\/wp\/v2\/product_tag?post=14718"}],"curies":[{"name":"wp","href":"https:\/\/api.w.org\/{rel}","templated":true}]}}