{"id":14727,"date":"2022-09-27T21:33:56","date_gmt":"2022-09-27T21:33:56","guid":{"rendered":"https:\/\/boutique-one-piece.com\/uncategorized\/t-shirt-one-piece-trafalgar-d-water-law-2\/"},"modified":"2024-09-16T13:48:44","modified_gmt":"2024-09-16T13:48:44","slug":"t-shirt-uit-een-stuk-trafalgar-d-water-law-2","status":"publish","type":"product","link":"https:\/\/boutique-one-piece.com\/nl\/one-piece-kleding\/one-piece-t-shirts-2\/t-shirt-uit-een-stuk-trafalgar-d-water-law-2\/","title":{"rendered":"One Piece Trafalgar Law T-shirt"},"content":{"rendered":"<h2>\n<b>Een One Piece Trafalgar D. Water Law T-shirt met zijn Jolly Roger.<\/b><b>Sluit je aan bij de bemanning van&nbsp;<\/b><b>Trafalgar-wet<\/b><b>&nbsp;Draag deze kleuren! Laat met trots zien dat je lid bent van &quot;Team Law&quot;.\u00ab<\/b><\/h2>\n<p>Als u een&nbsp;<strong>echte piraat<\/strong>, U zult het waarderen&nbsp;<strong>kwaliteit<\/strong>&nbsp;stof en&nbsp;<strong>3D-canvas printen<\/strong>&nbsp;hiervan&nbsp;<strong>One Piece T-shirt<\/strong>&nbsp;Maar het allerbelangrijkste is dat hiermee&nbsp;<strong>bedrukt shirt<\/strong>&nbsp;Dat komt omdat je deel zult uitmaken van&nbsp;<strong>de fanploeg<\/strong>&nbsp;van&nbsp;<strong>piratenmanga<\/strong>&nbsp;en u zult het volgende verkrijgen:<\/p>\n<ul>\n<li>&nbsp;<strong>Bewondering<\/strong>&nbsp;van alle fans van&nbsp;<strong>mugiwara<\/strong>&nbsp;die je zult tegenkomen<\/li>\n<\/ul>\n<ul>\n<li>Een echte&nbsp;<strong>bedrukt t-shirt<\/strong>&nbsp;waarmee je kunt&nbsp;<strong>deel<\/strong><span>&nbsp;<\/span>jouw<span>&nbsp;<\/span><strong>passie<\/strong><span>&nbsp;<\/span>Voor<span>&nbsp;<\/span><strong>het universum<\/strong><span>&nbsp;<\/span>van de<span>&nbsp;<\/span><strong>One Piece-licentie<\/strong><\/li>\n<\/ul>\n<p>Dus, klaar om de te dragen&nbsp;<strong>kleuren&nbsp;<\/strong>van<b>&nbsp;<\/b>jouw<b><span>&nbsp;<\/span>favoriete manga<\/b>&nbsp;?<\/p>\n<h2>Ben je fan van de One Piece manga of anime? Laat het zien met dit One Piece shirt!<\/h2>\n<p>Als u&nbsp;<strong>lezen<\/strong>&nbsp;of waar je ook kijkt&nbsp;<span>&nbsp;<\/span><strong>Japanse anime<\/strong>, De kans is groot dat je bent geworden&nbsp;<strong>Ik ben helemaal gek op One Piece.<\/strong>&nbsp;Hiermee!<span>&nbsp;<\/span><strong>One Piece T-shirt<span>&nbsp;Trafalgar-wet<\/span><\/strong>, sluit je aan bij de\u2019<strong>een groep fans van de franchise<\/strong><\/p>\n<p>Dit&nbsp;<strong>wit t-shirt<\/strong>&nbsp;is verkrijgbaar in de maten&nbsp;<strong>XS<\/strong>,<strong>&nbsp;S<\/strong>,<strong>&nbsp;M<\/strong>,<strong>&nbsp;L<\/strong>,&nbsp;<strong>XL<\/strong>,&nbsp;<strong>XXL<\/strong>, Het is geschikt voor alle soorten piraten.,<span>&nbsp;<\/span><strong>man<\/strong>&nbsp;Of<span>&nbsp;<\/span><strong>vrouwen<\/strong>, zelfs als je geen&nbsp;<strong>zwaard<\/strong>&nbsp;of&nbsp;<strong>duivelsvrucht<\/strong>&nbsp;Je kunt het nog steeds met trots dragen.<\/p>\n<h2>Informatie over het T-shirt:&nbsp;<\/h2>\n<ul>\n<li>&nbsp;<strong>Jersey van premium kwaliteit&nbsp;<\/strong>: heeft een&nbsp;<strong>hoog gramgewicht<\/strong>, met hoogwaardige materialen<\/li>\n<\/ul>\n<ul>\n<li>\n<strong>Losse pasvorm<\/strong>&nbsp;:&nbsp;&nbsp;<strong>t-shirt<\/strong>&nbsp;met een&nbsp;<strong>brede snede<\/strong>, voor extra comfort<\/li>\n<\/ul>\n<ul>\n<li>\n<strong>Zeer comfortabel&nbsp;<\/strong>met deze&nbsp;<strong>vezels<\/strong>&nbsp;van&nbsp;<strong>katoen<\/strong>&nbsp;Geweldig&nbsp;<strong>zacht<\/strong>, er is geen&nbsp;<strong>wrijving<\/strong><\/li>\n<\/ul>\n<ul>\n<li>\n<strong>3D digitaal printen<\/strong>&nbsp;:&nbsp;<strong>bedrukt t-shirt<\/strong>&nbsp;met een origineel ontwerp,&nbsp;<strong>Canvasafdruk<\/strong><\/li>\n<\/ul>\n<ul>\n<li>\n<strong>Biologisch katoen&nbsp;<\/strong>: kwaliteitskatoen met&nbsp;<strong>extra lange vezels<\/strong><\/li>\n<\/ul>\n<ul>\n<li>\n<strong>Gratis bezorging&nbsp;<\/strong>voor elke aankoop<\/li>\n<\/ul>\n<h2><strong>Vergeet niet de maattabel hieronder te bekijken.<\/strong><\/h2>\n<p><span>&nbsp;<img decoding=\"async\" src=\"https:\/\/cdn.shopify.com\/s\/files\/1\/0087\/7556\/5348\/files\/boutque__one__piece__tableau__taille__t-shirt_large.jpg?v=1559655065\" alt=\"Maattabel voor het One Piece Luffy Future King of the Pirates T-shirt\"><\/span><\/p>\n<h3>Wasvoorschriften:<\/h3>\n<ul>\n<li>Machinewas op 30\u00b0C, fijnwasprogramma.<\/li>\n<\/ul>\n<ul>\n<li>Ga terug naar<span>&nbsp;<\/span>het omgekeerde<\/li>\n<\/ul>\n<p>Voor<span>&nbsp;<\/span><strong>behoud de kwaliteit<\/strong><span>&nbsp;<\/span>hiervan<span>&nbsp;<\/span><strong>One Piece T-shirt<\/strong>, Wij raden u aan om<span>&nbsp;<\/span><strong>respect<\/strong><span>&nbsp;<\/span>DE<span>&nbsp;<\/span><strong>wasvoorschriften<\/strong>.<\/p>","protected":false},"excerpt":{"rendered":"<p>T-Shirt One Piece Trafalgar D. Water Law avec&nbsp;son Jolly RogerRejoins l&rsquo;\u00c9quipage de&nbsp;Trafalgar Law&nbsp;en Portant ces Couleurs ! Porte Fi\u00e8rement ton appartenance \u00e0 la \u00ab\u00a0Team Law\u00a0\u00bb Si tu es un&nbsp;v\u00e9ritable pirate, tu sauras appr\u00e9cier la&nbsp;qualit\u00e9&nbsp;du tissu et de&nbsp;l&rsquo;impression 3D Canvas&nbsp;de ce&nbsp;t-shirt&nbsp;One Piece&nbsp;!&nbsp;Mais le plus important, avec ce&nbsp;maillot&nbsp;imprim\u00e9&nbsp;c\u2019est que tu&nbsp;feras partie de&nbsp;l&rsquo;\u00e9quipage&nbsp;des fans&nbsp;du&nbsp;manga de pirates&nbsp;et tu obtiendras&nbsp;: [&hellip;]<\/p>","protected":false},"featured_media":18189,"comment_status":"open","ping_status":"open","template":"","meta":[],"product_brand":[],"product_cat":[53],"product_tag":[202],"class_list":{"0":"post-14727","1":"product","2":"type-product","3":"status-publish","4":"has-post-thumbnail","6":"product_cat-t-shirts-one-piece","7":"product_tag-law","9":"first","10":"instock","11":"purchasable","12":"product-type-variable"},"yoast_head":"<!-- This site is optimized with the Yoast SEO plugin v27.5 - https:\/\/yoast.com\/product\/yoast-seo-wordpress\/ -->\n<title>T-Shirt One Piece Trafalgar D. Water Law et son Jolly Roger<\/title>\n<meta name=\"description\" content=\"T-Shirt One Piece Trafalgar D. Water Law avec son Jolly Roger en Rouge de Tr\u00e8s Haute Qualit\u00e9 : Rejoins l&#039;\u00c9quipage de Trafalgar Law en Portant ces Couleurs !\" \/>\n<meta name=\"robots\" content=\"index, follow, max-snippet:-1, max-image-preview:large, max-video-preview:-1\" \/>\n<link rel=\"canonical\" href=\"https:\/\/boutique-one-piece.com\/nl\/one-piece-kleding\/one-piece-t-shirts-2\/t-shirt-uit-een-stuk-trafalgar-d-water-law-2\/\" \/>\n<meta property=\"og:locale\" content=\"nl_NL\" \/>\n<meta property=\"og:type\" content=\"article\" \/>\n<meta property=\"og:title\" content=\"T-Shirt One Piece Trafalgar D. Water Law et son Jolly Roger\" \/>\n<meta property=\"og:description\" content=\"T-Shirt One Piece Trafalgar D. Water Law avec son Jolly Roger en Rouge de Tr\u00e8s Haute Qualit\u00e9 : Rejoins l&#039;\u00c9quipage de Trafalgar Law en Portant ces Couleurs !\" \/>\n<meta property=\"og:url\" content=\"https:\/\/boutique-one-piece.com\/nl\/one-piece-kleding\/one-piece-t-shirts-2\/t-shirt-uit-een-stuk-trafalgar-d-water-law-2\/\" \/>\n<meta property=\"og:site_name\" content=\"Boutique One Piece\" \/>\n<meta property=\"article:modified_time\" content=\"2024-09-16T13:48:44+00:00\" \/>\n<meta property=\"og:image\" content=\"https:\/\/boutique-one-piece.com\/wp-content\/uploads\/2022\/09\/t-shirt-one-piece-trafalgar-law-4973894434852.jpg\" \/>\n\t<meta property=\"og:image:width\" content=\"600\" \/>\n\t<meta property=\"og:image:height\" content=\"600\" \/>\n\t<meta property=\"og:image:type\" content=\"image\/jpeg\" \/>\n<meta name=\"twitter:card\" content=\"summary_large_image\" \/>\n<meta name=\"twitter:label1\" content=\"Geschatte leestijd\" \/>\n\t<meta name=\"twitter:data1\" content=\"3 minuten\" \/>\n<script type=\"application\/ld+json\" class=\"yoast-schema-graph\">{\"@context\":\"https:\\\/\\\/schema.org\",\"@graph\":[{\"@type\":\"WebPage\",\"@id\":\"https:\\\/\\\/boutique-one-piece.com\\\/vetements-one-piece\\\/t-shirts-one-piece\\\/t-shirt-one-piece-trafalgar-d-water-law-2\\\/\",\"url\":\"https:\\\/\\\/boutique-one-piece.com\\\/vetements-one-piece\\\/t-shirts-one-piece\\\/t-shirt-one-piece-trafalgar-d-water-law-2\\\/\",\"name\":\"T-Shirt One Piece Trafalgar D. Water Law et son Jolly Roger\",\"isPartOf\":{\"@id\":\"https:\\\/\\\/boutique-one-piece.com\\\/#website\"},\"primaryImageOfPage\":{\"@id\":\"https:\\\/\\\/boutique-one-piece.com\\\/vetements-one-piece\\\/t-shirts-one-piece\\\/t-shirt-one-piece-trafalgar-d-water-law-2\\\/#primaryimage\"},\"image\":{\"@id\":\"https:\\\/\\\/boutique-one-piece.com\\\/vetements-one-piece\\\/t-shirts-one-piece\\\/t-shirt-one-piece-trafalgar-d-water-law-2\\\/#primaryimage\"},\"thumbnailUrl\":\"https:\\\/\\\/boutique-one-piece.com\\\/wp-content\\\/uploads\\\/2022\\\/09\\\/t-shirt-one-piece-trafalgar-law-4973894434852.jpg\",\"datePublished\":\"2022-09-27T21:33:56+00:00\",\"dateModified\":\"2024-09-16T13:48:44+00:00\",\"description\":\"T-Shirt One Piece Trafalgar D. Water Law avec son Jolly Roger en Rouge de Tr\u00e8s Haute Qualit\u00e9 : Rejoins l'\u00c9quipage de Trafalgar Law en Portant ces Couleurs !\",\"breadcrumb\":{\"@id\":\"https:\\\/\\\/boutique-one-piece.com\\\/vetements-one-piece\\\/t-shirts-one-piece\\\/t-shirt-one-piece-trafalgar-d-water-law-2\\\/#breadcrumb\"},\"inLanguage\":\"nl-NL\",\"potentialAction\":[{\"@type\":\"ReadAction\",\"target\":[\"https:\\\/\\\/boutique-one-piece.com\\\/vetements-one-piece\\\/t-shirts-one-piece\\\/t-shirt-one-piece-trafalgar-d-water-law-2\\\/\"]}]},{\"@type\":\"ImageObject\",\"inLanguage\":\"nl-NL\",\"@id\":\"https:\\\/\\\/boutique-one-piece.com\\\/vetements-one-piece\\\/t-shirts-one-piece\\\/t-shirt-one-piece-trafalgar-d-water-law-2\\\/#primaryimage\",\"url\":\"https:\\\/\\\/boutique-one-piece.com\\\/wp-content\\\/uploads\\\/2022\\\/09\\\/t-shirt-one-piece-trafalgar-law-4973894434852.jpg\",\"contentUrl\":\"https:\\\/\\\/boutique-one-piece.com\\\/wp-content\\\/uploads\\\/2022\\\/09\\\/t-shirt-one-piece-trafalgar-law-4973894434852.jpg\",\"width\":600,\"height\":600},{\"@type\":\"BreadcrumbList\",\"@id\":\"https:\\\/\\\/boutique-one-piece.com\\\/vetements-one-piece\\\/t-shirts-one-piece\\\/t-shirt-one-piece-trafalgar-d-water-law-2\\\/#breadcrumb\",\"itemListElement\":[{\"@type\":\"ListItem\",\"position\":1,\"name\":\"Home\",\"item\":\"https:\\\/\\\/boutique-one-piece.com\\\/\"},{\"@type\":\"ListItem\",\"position\":2,\"name\":\"Shop\",\"item\":\"https:\\\/\\\/boutique-one-piece.com\\\/shop\\\/\"},{\"@type\":\"ListItem\",\"position\":3,\"name\":\"T-Shirt One Piece Trafalgar Law\"}]},{\"@type\":\"WebSite\",\"@id\":\"https:\\\/\\\/boutique-one-piece.com\\\/#website\",\"url\":\"https:\\\/\\\/boutique-one-piece.com\\\/\",\"name\":\"Boutique One Piece\",\"description\":\"Magasin Sp\u00e9cialis\u00e9 du Manga et l&#039;Anime One Piece\",\"publisher\":{\"@id\":\"https:\\\/\\\/boutique-one-piece.com\\\/#organization\"},\"potentialAction\":[{\"@type\":\"SearchAction\",\"target\":{\"@type\":\"EntryPoint\",\"urlTemplate\":\"https:\\\/\\\/boutique-one-piece.com\\\/?s={search_term_string}\"},\"query-input\":{\"@type\":\"PropertyValueSpecification\",\"valueRequired\":true,\"valueName\":\"search_term_string\"}}],\"inLanguage\":\"nl-NL\"},{\"@type\":\"Organization\",\"@id\":\"https:\\\/\\\/boutique-one-piece.com\\\/#organization\",\"name\":\"Boutique One Piece\",\"url\":\"https:\\\/\\\/boutique-one-piece.com\\\/\",\"logo\":{\"@type\":\"ImageObject\",\"inLanguage\":\"nl-NL\",\"@id\":\"https:\\\/\\\/boutique-one-piece.com\\\/#\\\/schema\\\/logo\\\/image\\\/\",\"url\":\"https:\\\/\\\/boutique-one-piece.com\\\/wp-content\\\/uploads\\\/2022\\\/09\\\/Logo-01.png\",\"contentUrl\":\"https:\\\/\\\/boutique-one-piece.com\\\/wp-content\\\/uploads\\\/2022\\\/09\\\/Logo-01.png\",\"width\":2318,\"height\":957,\"caption\":\"Boutique One Piece\"},\"image\":{\"@id\":\"https:\\\/\\\/boutique-one-piece.com\\\/#\\\/schema\\\/logo\\\/image\\\/\"}}]}<\/script>\n<!-- \/ Yoast SEO plugin. -->","yoast_head_json":{"title":"One Piece T-shirt Trafalgar D. Water Law en zijn Jolly Roger","description":"One Piece Trafalgar D. Water Law T-shirt met zijn Jolly Roger in rood - Zeer hoge kwaliteit: Sluit je aan bij de crew van Trafalgar Law door deze kleuren te dragen!","robots":{"index":"index","follow":"follow","max-snippet":"max-snippet:-1","max-image-preview":"max-image-preview:large","max-video-preview":"max-video-preview:-1"},"canonical":"https:\/\/boutique-one-piece.com\/nl\/one-piece-kleding\/one-piece-t-shirts-2\/t-shirt-uit-een-stuk-trafalgar-d-water-law-2\/","og_locale":"nl_NL","og_type":"article","og_title":"T-Shirt One Piece Trafalgar D. Water Law et son Jolly Roger","og_description":"T-Shirt One Piece Trafalgar D. Water Law avec son Jolly Roger en Rouge de Tr\u00e8s Haute Qualit\u00e9 : Rejoins l'\u00c9quipage de Trafalgar Law en Portant ces Couleurs !","og_url":"https:\/\/boutique-one-piece.com\/nl\/one-piece-kleding\/one-piece-t-shirts-2\/t-shirt-uit-een-stuk-trafalgar-d-water-law-2\/","og_site_name":"Boutique One Piece","article_modified_time":"2024-09-16T13:48:44+00:00","og_image":[{"width":600,"height":600,"url":"https:\/\/boutique-one-piece.com\/wp-content\/uploads\/2022\/09\/t-shirt-one-piece-trafalgar-law-4973894434852.jpg","type":"image\/jpeg"}],"twitter_card":"summary_large_image","twitter_misc":{"Geschatte leestijd":"3 minuten"},"schema":{"@context":"https:\/\/schema.org","@graph":[{"@type":"WebPage","@id":"https:\/\/boutique-one-piece.com\/vetements-one-piece\/t-shirts-one-piece\/t-shirt-one-piece-trafalgar-d-water-law-2\/","url":"https:\/\/boutique-one-piece.com\/vetements-one-piece\/t-shirts-one-piece\/t-shirt-one-piece-trafalgar-d-water-law-2\/","name":"One Piece T-shirt Trafalgar D. Water Law en zijn Jolly Roger","isPartOf":{"@id":"https:\/\/boutique-one-piece.com\/#website"},"primaryImageOfPage":{"@id":"https:\/\/boutique-one-piece.com\/vetements-one-piece\/t-shirts-one-piece\/t-shirt-one-piece-trafalgar-d-water-law-2\/#primaryimage"},"image":{"@id":"https:\/\/boutique-one-piece.com\/vetements-one-piece\/t-shirts-one-piece\/t-shirt-one-piece-trafalgar-d-water-law-2\/#primaryimage"},"thumbnailUrl":"https:\/\/boutique-one-piece.com\/wp-content\/uploads\/2022\/09\/t-shirt-one-piece-trafalgar-law-4973894434852.jpg","datePublished":"2022-09-27T21:33:56+00:00","dateModified":"2024-09-16T13:48:44+00:00","description":"One Piece Trafalgar D. Water Law T-shirt met zijn Jolly Roger in rood - Zeer hoge kwaliteit: Sluit je aan bij de crew van Trafalgar Law door deze kleuren te dragen!","breadcrumb":{"@id":"https:\/\/boutique-one-piece.com\/vetements-one-piece\/t-shirts-one-piece\/t-shirt-one-piece-trafalgar-d-water-law-2\/#breadcrumb"},"inLanguage":"nl-NL","potentialAction":[{"@type":"ReadAction","target":["https:\/\/boutique-one-piece.com\/vetements-one-piece\/t-shirts-one-piece\/t-shirt-one-piece-trafalgar-d-water-law-2\/"]}]},{"@type":"ImageObject","inLanguage":"nl-NL","@id":"https:\/\/boutique-one-piece.com\/vetements-one-piece\/t-shirts-one-piece\/t-shirt-one-piece-trafalgar-d-water-law-2\/#primaryimage","url":"https:\/\/boutique-one-piece.com\/wp-content\/uploads\/2022\/09\/t-shirt-one-piece-trafalgar-law-4973894434852.jpg","contentUrl":"https:\/\/boutique-one-piece.com\/wp-content\/uploads\/2022\/09\/t-shirt-one-piece-trafalgar-law-4973894434852.jpg","width":600,"height":600},{"@type":"BreadcrumbList","@id":"https:\/\/boutique-one-piece.com\/vetements-one-piece\/t-shirts-one-piece\/t-shirt-one-piece-trafalgar-d-water-law-2\/#breadcrumb","itemListElement":[{"@type":"ListItem","position":1,"name":"Home","item":"https:\/\/boutique-one-piece.com\/"},{"@type":"ListItem","position":2,"name":"Shop","item":"https:\/\/boutique-one-piece.com\/shop\/"},{"@type":"ListItem","position":3,"name":"T-Shirt One Piece Trafalgar Law"}]},{"@type":"WebSite","@id":"https:\/\/boutique-one-piece.com\/#website","url":"https:\/\/boutique-one-piece.com\/","name":"One Piece Shop","description":"Gespecialiseerde winkel voor One Piece manga en anime.","publisher":{"@id":"https:\/\/boutique-one-piece.com\/#organization"},"potentialAction":[{"@type":"SearchAction","target":{"@type":"EntryPoint","urlTemplate":"https:\/\/boutique-one-piece.com\/?s={search_term_string}"},"query-input":{"@type":"PropertyValueSpecification","valueRequired":true,"valueName":"search_term_string"}}],"inLanguage":"nl-NL"},{"@type":"Organization","@id":"https:\/\/boutique-one-piece.com\/#organization","name":"One Piece Shop","url":"https:\/\/boutique-one-piece.com\/","logo":{"@type":"ImageObject","inLanguage":"nl-NL","@id":"https:\/\/boutique-one-piece.com\/#\/schema\/logo\/image\/","url":"https:\/\/boutique-one-piece.com\/wp-content\/uploads\/2022\/09\/Logo-01.png","contentUrl":"https:\/\/boutique-one-piece.com\/wp-content\/uploads\/2022\/09\/Logo-01.png","width":2318,"height":957,"caption":"Boutique One Piece"},"image":{"@id":"https:\/\/boutique-one-piece.com\/#\/schema\/logo\/image\/"}}]}},"_links":{"self":[{"href":"https:\/\/boutique-one-piece.com\/nl\/wp-json\/wp\/v2\/product\/14727","targetHints":{"allow":["GET"]}}],"collection":[{"href":"https:\/\/boutique-one-piece.com\/nl\/wp-json\/wp\/v2\/product"}],"about":[{"href":"https:\/\/boutique-one-piece.com\/nl\/wp-json\/wp\/v2\/types\/product"}],"replies":[{"embeddable":true,"href":"https:\/\/boutique-one-piece.com\/nl\/wp-json\/wp\/v2\/comments?post=14727"}],"wp:featuredmedia":[{"embeddable":true,"href":"https:\/\/boutique-one-piece.com\/nl\/wp-json\/wp\/v2\/media\/18189"}],"wp:attachment":[{"href":"https:\/\/boutique-one-piece.com\/nl\/wp-json\/wp\/v2\/media?parent=14727"}],"wp:term":[{"taxonomy":"product_brand","embeddable":true,"href":"https:\/\/boutique-one-piece.com\/nl\/wp-json\/wp\/v2\/product_brand?post=14727"},{"taxonomy":"product_cat","embeddable":true,"href":"https:\/\/boutique-one-piece.com\/nl\/wp-json\/wp\/v2\/product_cat?post=14727"},{"taxonomy":"product_tag","embeddable":true,"href":"https:\/\/boutique-one-piece.com\/nl\/wp-json\/wp\/v2\/product_tag?post=14727"}],"curies":[{"name":"wp","href":"https:\/\/api.w.org\/{rel}","templated":true}]}}