{"id":16198,"date":"2022-09-27T21:43:16","date_gmt":"2022-09-27T21:43:16","guid":{"rendered":"https:\/\/boutique-one-piece.com\/uncategorized\/tee-shirt-logo-one-piece-2\/"},"modified":"2024-09-16T14:32:33","modified_gmt":"2024-09-16T14:32:33","slug":"t-shirt-met-het-one-piece-2-logo","status":"publish","type":"product","link":"https:\/\/boutique-one-piece.com\/nl\/one-piece-kleding\/one-piece-t-shirts-2\/t-shirt-met-het-one-piece-2-logo\/","title":{"rendered":"T-shirt met One Piece manga-logo"},"content":{"rendered":"<h2>\n<b>One Piece T-shirt met het manga-logo<\/b><b>,&nbsp;<\/b>Een T-shirt van topkwaliteit voor een piraat zoals jij!<\/h2>\n<p>Als u een&nbsp;<strong>echte piraat<\/strong>, U zult het waarderen&nbsp;<strong>kwaliteit<\/strong>&nbsp;stof en&nbsp;<strong>3D-canvas printen<\/strong>&nbsp;hiervan&nbsp;<strong>One Piece T-shirt<\/strong>&nbsp;Maar het allerbelangrijkste is dat hiermee&nbsp;<strong>bedrukt shirt<\/strong>&nbsp;Dat komt omdat je deel zult uitmaken van&nbsp;<strong>de fanploeg<\/strong>&nbsp;van&nbsp;<strong>piratenmanga<\/strong>&nbsp;en u zult het volgende verkrijgen:<\/p>\n<ul>\n<li>&nbsp;<strong>Bewondering<\/strong>&nbsp;van alle fans van&nbsp;<strong>mugiwara<\/strong>&nbsp;die je zult tegenkomen<\/li>\n<\/ul>\n<ul>\n<li>Een echte&nbsp;<strong>bedrukt t-shirt<\/strong>&nbsp;waarmee je een kunt worden<span>&nbsp;<\/span><strong>Piraat&nbsp;<\/strong>!<\/li>\n<\/ul>\n<p>Dus, klaar om de te dragen&nbsp;<strong>kleuren&nbsp;<\/strong>van<b>&nbsp;<\/b>daar <strong>Licentie<\/strong> van uw&nbsp;<strong>Opgegeten<\/strong> favoriet ?<\/p>\n<h2>Ben je fan van de One Piece manga of anime? Laat het zien met dit One Piece shirt!<\/h2>\n<p>Als u&nbsp;<strong>lezen<\/strong>&nbsp;of waar je ook kijkt&nbsp;<span>&nbsp;<\/span><strong>Japanse anime<\/strong>, De kans is groot dat je bent geworden&nbsp;<strong>Ik ben helemaal gek op One Piece.<\/strong>&nbsp;Hiermee!&nbsp;<strong>T-shirt met One Piece manga-logo<\/strong>, sluit je aan bij de\u2019<strong>een groep fans van de franchise<\/strong><\/p>\n<p>Dit&nbsp;<strong>wit t-shirt<\/strong>&nbsp;is verkrijgbaar in de maten&nbsp;<strong>XS<\/strong>,<strong>&nbsp;S<\/strong>,<strong>&nbsp;M<\/strong>,<strong>&nbsp;L<\/strong>,&nbsp;<strong>XL<\/strong>,&nbsp;<strong>XXL<\/strong>, Het is geschikt voor alle soorten piraten.,<span>&nbsp;<\/span><strong>man<\/strong>&nbsp;Of<span>&nbsp;<\/span><strong>vrouwen<\/strong>, zelfs als je geen&nbsp;<strong>zwaard<\/strong>&nbsp;of&nbsp;<strong>duivelsvrucht<\/strong>&nbsp;Je kunt het nog steeds met trots dragen.<\/p>\n<h2>Informatie over het T-shirt:&nbsp;<\/h2>\n<ul>\n<li>&nbsp;<strong>Jersey van premium kwaliteit&nbsp;<\/strong>: heeft een&nbsp;<strong>hoog gramgewicht<\/strong>, met hoogwaardige materialen<\/li>\n<\/ul>\n<ul>\n<li>\n<strong>Losse pasvorm<\/strong>&nbsp;:&nbsp;&nbsp;<strong>t-shirt<\/strong>&nbsp;met een&nbsp;<strong>brede snede<\/strong>, voor extra comfort<\/li>\n<\/ul>\n<ul>\n<li>\n<strong>Zeer comfortabel&nbsp;<\/strong>met deze&nbsp;<strong>vezels<\/strong>&nbsp;van&nbsp;<strong>katoen<\/strong>&nbsp;Geweldig&nbsp;<strong>zacht<\/strong>, er is geen&nbsp;<strong>wrijving<\/strong><\/li>\n<\/ul>\n<ul>\n<li>\n<strong>3D digitaal printen<\/strong>&nbsp;:&nbsp;<strong>bedrukt t-shirt<\/strong>&nbsp;met een origineel ontwerp,&nbsp;<strong>Canvasafdruk<\/strong><\/li>\n<\/ul>\n<ul>\n<li>\n<strong>Biologisch katoen&nbsp;<\/strong>: kwaliteitskatoen met&nbsp;<strong>extra lange vezels<\/strong><\/li>\n<\/ul>\n<ul>\n<li>\n<strong>Gratis bezorging&nbsp;<\/strong>voor elke aankoop<\/li>\n<\/ul>\n<h2><strong>Vergeet niet de maattabel hieronder te bekijken.<\/strong><\/h2>\n<p><span><img decoding=\"async\" alt=\"Maattabel voor One Piece T-shirts\" src=\"https:\/\/cdn.shopify.com\/s\/files\/1\/0087\/7556\/5348\/files\/boutque__one__piece__tableau__taille__t-shirt_large.jpg?v=1559655065\"><\/span><\/p>\n<h3>Wasvoorschriften:<\/h3>\n<ul>\n<li>Machinewas op 30\u00b0C, fijnwasprogramma.<\/li>\n<\/ul>\n<ul>\n<li>Strijk aan de achterkant<\/li>\n<\/ul>\n<p>Voor<span>&nbsp;<\/span><strong>behoud de kwaliteit<\/strong><span>&nbsp;<\/span>hiervan<span>&nbsp;<\/span><strong>One Piece T-shirt<\/strong>, Wij raden u aan om<span>&nbsp;<\/span><strong>respect<\/strong><span>&nbsp;<\/span>DE<span>&nbsp;<\/span><strong>wasvoorschriften<\/strong>.<\/p>","protected":false},"excerpt":{"rendered":"<p>T-Shirt One Piece avec le Logo du Mange,&nbsp;Un&nbsp;Tee-Shirt&nbsp;de super qualit\u00e9 pour un pirate comme&nbsp;toi&nbsp;! Si tu es un&nbsp;v\u00e9ritable pirate, tu sauras appr\u00e9cier la&nbsp;qualit\u00e9&nbsp;du tissu et de&nbsp;l&rsquo;impression 3D Canvas&nbsp;de ce&nbsp;t-shirt&nbsp;One Piece&nbsp;!&nbsp;Mais le plus important, avec ce&nbsp;maillot&nbsp;imprim\u00e9&nbsp;c\u2019est que tu&nbsp;feras partie de&nbsp;l&rsquo;\u00e9quipage&nbsp;des fans&nbsp;du&nbsp;manga de pirates&nbsp;et tu obtiendras&nbsp;: &nbsp;L&rsquo;admiration&nbsp;de tous les fans des&nbsp;mugiwara&nbsp;que tu&nbsp;croiseras Un v\u00e9ritable&nbsp;tee-shirt imprim\u00e9&nbsp;avec lequel tu [&hellip;]<\/p>","protected":false},"featured_media":18184,"comment_status":"open","ping_status":"open","template":"","meta":[],"product_brand":[],"product_cat":[53],"product_tag":[182],"class_list":{"0":"post-16198","1":"product","2":"type-product","3":"status-publish","4":"has-post-thumbnail","6":"product_cat-t-shirts-one-piece","7":"product_tag-logo","9":"first","10":"instock","11":"purchasable","12":"product-type-variable","13":"has-default-attributes"},"yoast_head":"<!-- This site is optimized with the Yoast SEO plugin v27.5 - https:\/\/yoast.com\/product\/yoast-seo-wordpress\/ -->\n<title>T-Shirt Blanc Logo du Manga | Boutique One Piece<\/title>\n<meta name=\"description\" content=\"T-Shirt Logo One Piece de qualit\u00e9 sup\u00e9rieur : Montre ton appartenance \u00e0 One Piece ton Manga Pr\u00e9f\u00e9r\u00e9 avec ce Magnifique Tee-Shirt 100% Coton Livraison Offerte\" \/>\n<meta name=\"robots\" content=\"index, follow, max-snippet:-1, max-image-preview:large, max-video-preview:-1\" \/>\n<link rel=\"canonical\" href=\"https:\/\/boutique-one-piece.com\/nl\/one-piece-kleding\/one-piece-t-shirts-2\/t-shirt-met-het-one-piece-2-logo\/\" \/>\n<meta property=\"og:locale\" content=\"nl_NL\" \/>\n<meta property=\"og:type\" content=\"article\" \/>\n<meta property=\"og:title\" content=\"T-Shirt Blanc Logo du Manga | Boutique One Piece\" \/>\n<meta property=\"og:description\" content=\"T-Shirt Logo One Piece de qualit\u00e9 sup\u00e9rieur : Montre ton appartenance \u00e0 One Piece ton Manga Pr\u00e9f\u00e9r\u00e9 avec ce Magnifique Tee-Shirt 100% Coton Livraison Offerte\" \/>\n<meta property=\"og:url\" content=\"https:\/\/boutique-one-piece.com\/nl\/one-piece-kleding\/one-piece-t-shirts-2\/t-shirt-met-het-one-piece-2-logo\/\" \/>\n<meta property=\"og:site_name\" content=\"Boutique One Piece\" \/>\n<meta property=\"article:modified_time\" content=\"2024-09-16T14:32:33+00:00\" \/>\n<meta property=\"og:image\" content=\"https:\/\/boutique-one-piece.com\/wp-content\/uploads\/2022\/09\/t-shirt-one-piece-logo-du-manga-4963240050724.jpg\" \/>\n\t<meta property=\"og:image:width\" content=\"600\" \/>\n\t<meta property=\"og:image:height\" content=\"600\" \/>\n\t<meta property=\"og:image:type\" content=\"image\/jpeg\" \/>\n<meta name=\"twitter:card\" content=\"summary_large_image\" \/>\n<meta name=\"twitter:label1\" content=\"Geschatte leestijd\" \/>\n\t<meta name=\"twitter:data1\" content=\"2 minuten\" \/>\n<script type=\"application\/ld+json\" class=\"yoast-schema-graph\">{\"@context\":\"https:\\\/\\\/schema.org\",\"@graph\":[{\"@type\":\"WebPage\",\"@id\":\"https:\\\/\\\/boutique-one-piece.com\\\/vetements-one-piece\\\/t-shirts-one-piece\\\/tee-shirt-logo-one-piece-2\\\/\",\"url\":\"https:\\\/\\\/boutique-one-piece.com\\\/vetements-one-piece\\\/t-shirts-one-piece\\\/tee-shirt-logo-one-piece-2\\\/\",\"name\":\"T-Shirt Blanc Logo du Manga | Boutique One Piece\",\"isPartOf\":{\"@id\":\"https:\\\/\\\/boutique-one-piece.com\\\/#website\"},\"primaryImageOfPage\":{\"@id\":\"https:\\\/\\\/boutique-one-piece.com\\\/vetements-one-piece\\\/t-shirts-one-piece\\\/tee-shirt-logo-one-piece-2\\\/#primaryimage\"},\"image\":{\"@id\":\"https:\\\/\\\/boutique-one-piece.com\\\/vetements-one-piece\\\/t-shirts-one-piece\\\/tee-shirt-logo-one-piece-2\\\/#primaryimage\"},\"thumbnailUrl\":\"https:\\\/\\\/boutique-one-piece.com\\\/wp-content\\\/uploads\\\/2022\\\/09\\\/t-shirt-one-piece-logo-du-manga-4963240050724.jpg\",\"datePublished\":\"2022-09-27T21:43:16+00:00\",\"dateModified\":\"2024-09-16T14:32:33+00:00\",\"description\":\"T-Shirt Logo One Piece de qualit\u00e9 sup\u00e9rieur : Montre ton appartenance \u00e0 One Piece ton Manga Pr\u00e9f\u00e9r\u00e9 avec ce Magnifique Tee-Shirt 100% Coton Livraison Offerte\",\"breadcrumb\":{\"@id\":\"https:\\\/\\\/boutique-one-piece.com\\\/vetements-one-piece\\\/t-shirts-one-piece\\\/tee-shirt-logo-one-piece-2\\\/#breadcrumb\"},\"inLanguage\":\"nl-NL\",\"potentialAction\":[{\"@type\":\"ReadAction\",\"target\":[\"https:\\\/\\\/boutique-one-piece.com\\\/vetements-one-piece\\\/t-shirts-one-piece\\\/tee-shirt-logo-one-piece-2\\\/\"]}]},{\"@type\":\"ImageObject\",\"inLanguage\":\"nl-NL\",\"@id\":\"https:\\\/\\\/boutique-one-piece.com\\\/vetements-one-piece\\\/t-shirts-one-piece\\\/tee-shirt-logo-one-piece-2\\\/#primaryimage\",\"url\":\"https:\\\/\\\/boutique-one-piece.com\\\/wp-content\\\/uploads\\\/2022\\\/09\\\/t-shirt-one-piece-logo-du-manga-4963240050724.jpg\",\"contentUrl\":\"https:\\\/\\\/boutique-one-piece.com\\\/wp-content\\\/uploads\\\/2022\\\/09\\\/t-shirt-one-piece-logo-du-manga-4963240050724.jpg\",\"width\":600,\"height\":600},{\"@type\":\"BreadcrumbList\",\"@id\":\"https:\\\/\\\/boutique-one-piece.com\\\/vetements-one-piece\\\/t-shirts-one-piece\\\/tee-shirt-logo-one-piece-2\\\/#breadcrumb\",\"itemListElement\":[{\"@type\":\"ListItem\",\"position\":1,\"name\":\"Home\",\"item\":\"https:\\\/\\\/boutique-one-piece.com\\\/\"},{\"@type\":\"ListItem\",\"position\":2,\"name\":\"Shop\",\"item\":\"https:\\\/\\\/boutique-one-piece.com\\\/shop\\\/\"},{\"@type\":\"ListItem\",\"position\":3,\"name\":\"T-Shirt One Piece Logo du Manga\"}]},{\"@type\":\"WebSite\",\"@id\":\"https:\\\/\\\/boutique-one-piece.com\\\/#website\",\"url\":\"https:\\\/\\\/boutique-one-piece.com\\\/\",\"name\":\"Boutique One Piece\",\"description\":\"Magasin Sp\u00e9cialis\u00e9 du Manga et l&#039;Anime One Piece\",\"publisher\":{\"@id\":\"https:\\\/\\\/boutique-one-piece.com\\\/#organization\"},\"potentialAction\":[{\"@type\":\"SearchAction\",\"target\":{\"@type\":\"EntryPoint\",\"urlTemplate\":\"https:\\\/\\\/boutique-one-piece.com\\\/?s={search_term_string}\"},\"query-input\":{\"@type\":\"PropertyValueSpecification\",\"valueRequired\":true,\"valueName\":\"search_term_string\"}}],\"inLanguage\":\"nl-NL\"},{\"@type\":\"Organization\",\"@id\":\"https:\\\/\\\/boutique-one-piece.com\\\/#organization\",\"name\":\"Boutique One Piece\",\"url\":\"https:\\\/\\\/boutique-one-piece.com\\\/\",\"logo\":{\"@type\":\"ImageObject\",\"inLanguage\":\"nl-NL\",\"@id\":\"https:\\\/\\\/boutique-one-piece.com\\\/#\\\/schema\\\/logo\\\/image\\\/\",\"url\":\"https:\\\/\\\/boutique-one-piece.com\\\/wp-content\\\/uploads\\\/2022\\\/09\\\/Logo-01.png\",\"contentUrl\":\"https:\\\/\\\/boutique-one-piece.com\\\/wp-content\\\/uploads\\\/2022\\\/09\\\/Logo-01.png\",\"width\":2318,\"height\":957,\"caption\":\"Boutique One Piece\"},\"image\":{\"@id\":\"https:\\\/\\\/boutique-one-piece.com\\\/#\\\/schema\\\/logo\\\/image\\\/\"}}]}<\/script>\n<!-- \/ Yoast SEO plugin. -->","yoast_head_json":{"title":"Wit T-shirt met manga-logo | One Piece Shop","description":"Premium One Piece logo T-shirt: Laat je liefde voor One Piece zien met dit prachtige katoenen T-shirt (100%). Gratis verzending.","robots":{"index":"index","follow":"follow","max-snippet":"max-snippet:-1","max-image-preview":"max-image-preview:large","max-video-preview":"max-video-preview:-1"},"canonical":"https:\/\/boutique-one-piece.com\/nl\/one-piece-kleding\/one-piece-t-shirts-2\/t-shirt-met-het-one-piece-2-logo\/","og_locale":"nl_NL","og_type":"article","og_title":"T-Shirt Blanc Logo du Manga | Boutique One Piece","og_description":"T-Shirt Logo One Piece de qualit\u00e9 sup\u00e9rieur : Montre ton appartenance \u00e0 One Piece ton Manga Pr\u00e9f\u00e9r\u00e9 avec ce Magnifique Tee-Shirt 100% Coton Livraison Offerte","og_url":"https:\/\/boutique-one-piece.com\/nl\/one-piece-kleding\/one-piece-t-shirts-2\/t-shirt-met-het-one-piece-2-logo\/","og_site_name":"Boutique One Piece","article_modified_time":"2024-09-16T14:32:33+00:00","og_image":[{"width":600,"height":600,"url":"https:\/\/boutique-one-piece.com\/wp-content\/uploads\/2022\/09\/t-shirt-one-piece-logo-du-manga-4963240050724.jpg","type":"image\/jpeg"}],"twitter_card":"summary_large_image","twitter_misc":{"Geschatte leestijd":"2 minuten"},"schema":{"@context":"https:\/\/schema.org","@graph":[{"@type":"WebPage","@id":"https:\/\/boutique-one-piece.com\/vetements-one-piece\/t-shirts-one-piece\/tee-shirt-logo-one-piece-2\/","url":"https:\/\/boutique-one-piece.com\/vetements-one-piece\/t-shirts-one-piece\/tee-shirt-logo-one-piece-2\/","name":"Wit T-shirt met manga-logo | One Piece Shop","isPartOf":{"@id":"https:\/\/boutique-one-piece.com\/#website"},"primaryImageOfPage":{"@id":"https:\/\/boutique-one-piece.com\/vetements-one-piece\/t-shirts-one-piece\/tee-shirt-logo-one-piece-2\/#primaryimage"},"image":{"@id":"https:\/\/boutique-one-piece.com\/vetements-one-piece\/t-shirts-one-piece\/tee-shirt-logo-one-piece-2\/#primaryimage"},"thumbnailUrl":"https:\/\/boutique-one-piece.com\/wp-content\/uploads\/2022\/09\/t-shirt-one-piece-logo-du-manga-4963240050724.jpg","datePublished":"2022-09-27T21:43:16+00:00","dateModified":"2024-09-16T14:32:33+00:00","description":"Premium One Piece logo T-shirt: Laat je liefde voor One Piece zien met dit prachtige katoenen T-shirt (100%). Gratis verzending.","breadcrumb":{"@id":"https:\/\/boutique-one-piece.com\/vetements-one-piece\/t-shirts-one-piece\/tee-shirt-logo-one-piece-2\/#breadcrumb"},"inLanguage":"nl-NL","potentialAction":[{"@type":"ReadAction","target":["https:\/\/boutique-one-piece.com\/vetements-one-piece\/t-shirts-one-piece\/tee-shirt-logo-one-piece-2\/"]}]},{"@type":"ImageObject","inLanguage":"nl-NL","@id":"https:\/\/boutique-one-piece.com\/vetements-one-piece\/t-shirts-one-piece\/tee-shirt-logo-one-piece-2\/#primaryimage","url":"https:\/\/boutique-one-piece.com\/wp-content\/uploads\/2022\/09\/t-shirt-one-piece-logo-du-manga-4963240050724.jpg","contentUrl":"https:\/\/boutique-one-piece.com\/wp-content\/uploads\/2022\/09\/t-shirt-one-piece-logo-du-manga-4963240050724.jpg","width":600,"height":600},{"@type":"BreadcrumbList","@id":"https:\/\/boutique-one-piece.com\/vetements-one-piece\/t-shirts-one-piece\/tee-shirt-logo-one-piece-2\/#breadcrumb","itemListElement":[{"@type":"ListItem","position":1,"name":"Home","item":"https:\/\/boutique-one-piece.com\/"},{"@type":"ListItem","position":2,"name":"Shop","item":"https:\/\/boutique-one-piece.com\/shop\/"},{"@type":"ListItem","position":3,"name":"T-Shirt One Piece Logo du Manga"}]},{"@type":"WebSite","@id":"https:\/\/boutique-one-piece.com\/#website","url":"https:\/\/boutique-one-piece.com\/","name":"One Piece Shop","description":"Gespecialiseerde winkel voor One Piece manga en anime.","publisher":{"@id":"https:\/\/boutique-one-piece.com\/#organization"},"potentialAction":[{"@type":"SearchAction","target":{"@type":"EntryPoint","urlTemplate":"https:\/\/boutique-one-piece.com\/?s={search_term_string}"},"query-input":{"@type":"PropertyValueSpecification","valueRequired":true,"valueName":"search_term_string"}}],"inLanguage":"nl-NL"},{"@type":"Organization","@id":"https:\/\/boutique-one-piece.com\/#organization","name":"One Piece Shop","url":"https:\/\/boutique-one-piece.com\/","logo":{"@type":"ImageObject","inLanguage":"nl-NL","@id":"https:\/\/boutique-one-piece.com\/#\/schema\/logo\/image\/","url":"https:\/\/boutique-one-piece.com\/wp-content\/uploads\/2022\/09\/Logo-01.png","contentUrl":"https:\/\/boutique-one-piece.com\/wp-content\/uploads\/2022\/09\/Logo-01.png","width":2318,"height":957,"caption":"Boutique One Piece"},"image":{"@id":"https:\/\/boutique-one-piece.com\/#\/schema\/logo\/image\/"}}]}},"_links":{"self":[{"href":"https:\/\/boutique-one-piece.com\/nl\/wp-json\/wp\/v2\/product\/16198","targetHints":{"allow":["GET"]}}],"collection":[{"href":"https:\/\/boutique-one-piece.com\/nl\/wp-json\/wp\/v2\/product"}],"about":[{"href":"https:\/\/boutique-one-piece.com\/nl\/wp-json\/wp\/v2\/types\/product"}],"replies":[{"embeddable":true,"href":"https:\/\/boutique-one-piece.com\/nl\/wp-json\/wp\/v2\/comments?post=16198"}],"wp:featuredmedia":[{"embeddable":true,"href":"https:\/\/boutique-one-piece.com\/nl\/wp-json\/wp\/v2\/media\/18184"}],"wp:attachment":[{"href":"https:\/\/boutique-one-piece.com\/nl\/wp-json\/wp\/v2\/media?parent=16198"}],"wp:term":[{"taxonomy":"product_brand","embeddable":true,"href":"https:\/\/boutique-one-piece.com\/nl\/wp-json\/wp\/v2\/product_brand?post=16198"},{"taxonomy":"product_cat","embeddable":true,"href":"https:\/\/boutique-one-piece.com\/nl\/wp-json\/wp\/v2\/product_cat?post=16198"},{"taxonomy":"product_tag","embeddable":true,"href":"https:\/\/boutique-one-piece.com\/nl\/wp-json\/wp\/v2\/product_tag?post=16198"}],"curies":[{"name":"wp","href":"https:\/\/api.w.org\/{rel}","templated":true}]}}