{"id":16585,"date":"2022-09-27T21:54:22","date_gmt":"2022-09-27T21:54:22","guid":{"rendered":"https:\/\/boutique-one-piece.com\/uncategorized\/avis-de-recherche-dracule-mihawk-wanted\/"},"modified":"2024-09-16T14:42:59","modified_gmt":"2024-09-16T14:42:59","slug":"dracule-mihawk-gezocht-poster","status":"publish","type":"product","link":"https:\/\/boutique-one-piece.com\/nl\/one-piece-gezocht-poster\/dracule-mihawk-gezocht-poster\/","title":{"rendered":"Opsporingsbericht Dracule Mihawk"},"content":{"rendered":"<h2>Ben je klaar om een van de populairste verzamelobjecten van One Piece&#039;s grootste zwaardvechter te bewonderen? Bekijk deze gezochte poster van Dracule Mihawk eens van dichtbij.<\/h2>\n<p>Dracule Mihawk, ook wel bekend als &quot;\u00ab\u00a0<strong>Hawk&#039;s Eye<\/strong>\u00a0\u00bb&quot;is ongetwijfeld <strong>de beste zwaardvechter in het One Piece-universum<\/strong>. Hij wordt door alle zwaardvechters gerespecteerd en iedereen wil zich minstens \u00e9\u00e9n keer in zijn leven tegen hem meten. Mihawk is een van de antagonisten tijdens de Baratie-arc, waar hij Zoro verslaat, maar hij is verrast door Zoro&#039;s moed en eergevoel.<\/p>\n<p>Hij zal ook een van de antagonisten zijn tijdens de Slag om Marineford, aangezien hij een <strong>Shichibukai<\/strong>. Hij vecht daarom aan de zijde van de mariniers. Tijdens de tijdsprong traint hij Zoro twee jaar lang.<\/p>\n<h3>Maak een verzameling opsporingsposters voor je favoriete mangapersonages, te beginnen met die van Hawkeye.<\/h3>\n<p>Dracule Mihawk is een zeer charismatisch personage in het One Piece-universum, en zijn verschijningen leiden altijd tot memorabele sc\u00e8nes dankzij zijn imposante kracht. Dit komt mede doordat hij een eenzame figuur is die in een klein bootje naar de zee vaart, en doordat hij met zijn kenmerkende kruisvormige zwaard een schip in twee\u00ebn kan snijden., <strong>Kokuto Yoru<\/strong>. Op Dracule Mihawk staat een beloning van 600 miljoen bessen.<\/p>\n<p>Als je van goede bonussen houdt, wat vind je dan van...?\u2019<a href=\"https:\/\/boutique-one-piece.com\/nl\/avis-de-recherche-van-augur-wanted\/\" target=\"_blank\" title=\"Boor voor bestelwagens gezocht\" rel=\"noopener noreferrer\">Van Augur wilde een kennisgeving ontvangen<\/a> ?<\/p>\n<h2>Informatie over de One Piece Wanted Dracule Mihawk-poster<\/h2>\n<ul>\n<li><span><b><u>One Piece Wanted Poster<\/u><\/b>\u00a0Een authentieke One Piece-opsporingsposter voor echte piraten.<\/span><\/li>\n<\/ul>\n<ul>\n<li>\n<b><u>De premie van Dracule Mihawk<\/u><\/b>\u00a0600.000.000 bessen<\/li>\n<\/ul>\n<ul>\n<li><span><strong>Afdrukken van hoge kwaliteit<\/strong>\u00a0nauwkeurige kleuren<\/span><\/li>\n<\/ul>\n<ul>\n<li>\n<strong>Dimensie<\/strong>\u00a0: 51 cm x 36 cm<\/li>\n<\/ul>\n<ul>\n<li><span><strong>GRATIS BEZORGING<\/strong><\/span><\/li>\n<\/ul>","protected":false},"excerpt":{"rendered":"<p>Es-tu pr\u00eat \u00e0 voir un des goodies les plus appr\u00e9cies du plus grand Sabreur de One Piece ? Viens voir de plus pr\u00e8s cet Avis de Recherche Dracule Mihawk Wanted. Dracule Mihawk, aussi appel\u00e9 \u00ab\u00a0Oeil de Faucon\u00a0\u00bb est sans conteste le plus grand \u00e9p\u00e9iste de l&rsquo;univers de One Piece. Il est respect\u00e9 par tous les [&hellip;]<\/p>","protected":false},"featured_media":16587,"comment_status":"open","ping_status":"open","template":"","meta":[],"product_brand":[],"product_cat":[171],"product_tag":[325],"class_list":{"0":"post-16585","1":"product","2":"type-product","3":"status-publish","4":"has-post-thumbnail","6":"product_cat-avis-de-recherche-one-piece","7":"product_tag-avalo-pizarro","9":"first","10":"instock","11":"purchasable","12":"product-type-simple"},"yoast_head":"<!-- This site is optimized with the Yoast SEO plugin v27.5 - https:\/\/yoast.com\/product\/yoast-seo-wordpress\/ -->\n<title>Avis De Recherche Dracule Mihawk Wanted | Boutique One Piece<\/title>\n<meta name=\"description\" content=\"Es-tu pr\u00eat \u00e0 voir un des goodies les plus appr\u00e9cies du plus grand Sabreur de One Piece ? Viens voir de plus pr\u00e8s cet Avis de Recherche Dracule Mihawk Wanted. Dracule Mihawk, aussi appel\u00e9 &quot;Oeil de Faucon&quot; est sans conteste le plus grand \u00e9p\u00e9iste de l&#039;univers de One Piece. Il est respect\u00e9 par tous les escrimeurs et tous v\" \/>\n<meta name=\"robots\" content=\"index, follow, max-snippet:-1, max-image-preview:large, max-video-preview:-1\" \/>\n<link rel=\"canonical\" href=\"https:\/\/boutique-one-piece.com\/nl\/one-piece-gezocht-poster\/dracule-mihawk-gezocht-poster\/\" \/>\n<meta property=\"og:locale\" content=\"nl_NL\" \/>\n<meta property=\"og:type\" content=\"article\" \/>\n<meta property=\"og:title\" content=\"Avis De Recherche Dracule Mihawk Wanted | Boutique One Piece\" \/>\n<meta property=\"og:description\" content=\"Es-tu pr\u00eat \u00e0 voir un des goodies les plus appr\u00e9cies du plus grand Sabreur de One Piece ? Viens voir de plus pr\u00e8s cet Avis de Recherche Dracule Mihawk Wanted. Dracule Mihawk, aussi appel\u00e9 &quot;Oeil de Faucon&quot; est sans conteste le plus grand \u00e9p\u00e9iste de l&#039;univers de One Piece. Il est respect\u00e9 par tous les escrimeurs et tous v\" \/>\n<meta property=\"og:url\" content=\"https:\/\/boutique-one-piece.com\/nl\/one-piece-gezocht-poster\/dracule-mihawk-gezocht-poster\/\" \/>\n<meta property=\"og:site_name\" content=\"Boutique One Piece\" \/>\n<meta property=\"article:modified_time\" content=\"2024-09-16T14:42:59+00:00\" \/>\n<meta property=\"og:image\" content=\"https:\/\/boutique-one-piece.com\/wp-content\/uploads\/2022\/09\/Avis-De-Recherche-Dracule-Mihawk-Wanted-1.jpg\" \/>\n\t<meta property=\"og:image:width\" content=\"800\" \/>\n\t<meta property=\"og:image:height\" content=\"800\" \/>\n\t<meta property=\"og:image:type\" content=\"image\/jpeg\" \/>\n<meta name=\"twitter:card\" content=\"summary_large_image\" \/>\n<meta name=\"twitter:label1\" content=\"Geschatte leestijd\" \/>\n\t<meta name=\"twitter:data1\" content=\"2 minuten\" \/>\n<script type=\"application\/ld+json\" class=\"yoast-schema-graph\">{\"@context\":\"https:\\\/\\\/schema.org\",\"@graph\":[{\"@type\":\"WebPage\",\"@id\":\"https:\\\/\\\/boutique-one-piece.com\\\/avis-de-recherche-one-piece\\\/avis-de-recherche-dracule-mihawk-wanted\\\/\",\"url\":\"https:\\\/\\\/boutique-one-piece.com\\\/avis-de-recherche-one-piece\\\/avis-de-recherche-dracule-mihawk-wanted\\\/\",\"name\":\"Avis De Recherche Dracule Mihawk Wanted | Boutique One Piece\",\"isPartOf\":{\"@id\":\"https:\\\/\\\/boutique-one-piece.com\\\/#website\"},\"primaryImageOfPage\":{\"@id\":\"https:\\\/\\\/boutique-one-piece.com\\\/avis-de-recherche-one-piece\\\/avis-de-recherche-dracule-mihawk-wanted\\\/#primaryimage\"},\"image\":{\"@id\":\"https:\\\/\\\/boutique-one-piece.com\\\/avis-de-recherche-one-piece\\\/avis-de-recherche-dracule-mihawk-wanted\\\/#primaryimage\"},\"thumbnailUrl\":\"https:\\\/\\\/boutique-one-piece.com\\\/wp-content\\\/uploads\\\/2022\\\/09\\\/Avis-De-Recherche-Dracule-Mihawk-Wanted-1.jpg\",\"datePublished\":\"2022-09-27T21:54:22+00:00\",\"dateModified\":\"2024-09-16T14:42:59+00:00\",\"description\":\"Es-tu pr\u00eat \u00e0 voir un des goodies les plus appr\u00e9cies du plus grand Sabreur de One Piece ? Viens voir de plus pr\u00e8s cet Avis de Recherche Dracule Mihawk Wanted. Dracule Mihawk, aussi appel\u00e9 \\\"Oeil de Faucon\\\" est sans conteste le plus grand \u00e9p\u00e9iste de l'univers de One Piece. Il est respect\u00e9 par tous les escrimeurs et tous v\",\"breadcrumb\":{\"@id\":\"https:\\\/\\\/boutique-one-piece.com\\\/avis-de-recherche-one-piece\\\/avis-de-recherche-dracule-mihawk-wanted\\\/#breadcrumb\"},\"inLanguage\":\"nl-NL\",\"potentialAction\":[{\"@type\":\"ReadAction\",\"target\":[\"https:\\\/\\\/boutique-one-piece.com\\\/avis-de-recherche-one-piece\\\/avis-de-recherche-dracule-mihawk-wanted\\\/\"]}]},{\"@type\":\"ImageObject\",\"inLanguage\":\"nl-NL\",\"@id\":\"https:\\\/\\\/boutique-one-piece.com\\\/avis-de-recherche-one-piece\\\/avis-de-recherche-dracule-mihawk-wanted\\\/#primaryimage\",\"url\":\"https:\\\/\\\/boutique-one-piece.com\\\/wp-content\\\/uploads\\\/2022\\\/09\\\/Avis-De-Recherche-Dracule-Mihawk-Wanted-1.jpg\",\"contentUrl\":\"https:\\\/\\\/boutique-one-piece.com\\\/wp-content\\\/uploads\\\/2022\\\/09\\\/Avis-De-Recherche-Dracule-Mihawk-Wanted-1.jpg\",\"width\":800,\"height\":800},{\"@type\":\"BreadcrumbList\",\"@id\":\"https:\\\/\\\/boutique-one-piece.com\\\/avis-de-recherche-one-piece\\\/avis-de-recherche-dracule-mihawk-wanted\\\/#breadcrumb\",\"itemListElement\":[{\"@type\":\"ListItem\",\"position\":1,\"name\":\"Home\",\"item\":\"https:\\\/\\\/boutique-one-piece.com\\\/\"},{\"@type\":\"ListItem\",\"position\":2,\"name\":\"Shop\",\"item\":\"https:\\\/\\\/boutique-one-piece.com\\\/shop\\\/\"},{\"@type\":\"ListItem\",\"position\":3,\"name\":\"Avis De Recherche Dracule Mihawk Wanted\"}]},{\"@type\":\"WebSite\",\"@id\":\"https:\\\/\\\/boutique-one-piece.com\\\/#website\",\"url\":\"https:\\\/\\\/boutique-one-piece.com\\\/\",\"name\":\"Boutique One Piece\",\"description\":\"Magasin Sp\u00e9cialis\u00e9 du Manga et l&#039;Anime One Piece\",\"publisher\":{\"@id\":\"https:\\\/\\\/boutique-one-piece.com\\\/#organization\"},\"potentialAction\":[{\"@type\":\"SearchAction\",\"target\":{\"@type\":\"EntryPoint\",\"urlTemplate\":\"https:\\\/\\\/boutique-one-piece.com\\\/?s={search_term_string}\"},\"query-input\":{\"@type\":\"PropertyValueSpecification\",\"valueRequired\":true,\"valueName\":\"search_term_string\"}}],\"inLanguage\":\"nl-NL\"},{\"@type\":\"Organization\",\"@id\":\"https:\\\/\\\/boutique-one-piece.com\\\/#organization\",\"name\":\"Boutique One Piece\",\"url\":\"https:\\\/\\\/boutique-one-piece.com\\\/\",\"logo\":{\"@type\":\"ImageObject\",\"inLanguage\":\"nl-NL\",\"@id\":\"https:\\\/\\\/boutique-one-piece.com\\\/#\\\/schema\\\/logo\\\/image\\\/\",\"url\":\"https:\\\/\\\/boutique-one-piece.com\\\/wp-content\\\/uploads\\\/2022\\\/09\\\/Logo-01.png\",\"contentUrl\":\"https:\\\/\\\/boutique-one-piece.com\\\/wp-content\\\/uploads\\\/2022\\\/09\\\/Logo-01.png\",\"width\":2318,\"height\":957,\"caption\":\"Boutique One Piece\"},\"image\":{\"@id\":\"https:\\\/\\\/boutique-one-piece.com\\\/#\\\/schema\\\/logo\\\/image\\\/\"}}]}<\/script>\n<!-- \/ Yoast SEO plugin. -->","yoast_head_json":{"title":"Opsporingsbericht Dracule Mihawk | One Piece Shop","description":"Ben je klaar om een van de populairste verzamelobjecten van One Piece&#039;s grootste zwaardvechter te bewonderen? Bekijk deze gezochte poster van Dracule Mihawk eens van dichtbij. Dracule Mihawk, ook wel bekend als &quot;Hawkeye&quot;, is zonder twijfel de grootste zwaardvechter in het One Piece-universum. Hij wordt gerespecteerd door alle zwaardvechters en iedereen...","robots":{"index":"index","follow":"follow","max-snippet":"max-snippet:-1","max-image-preview":"max-image-preview:large","max-video-preview":"max-video-preview:-1"},"canonical":"https:\/\/boutique-one-piece.com\/nl\/one-piece-gezocht-poster\/dracule-mihawk-gezocht-poster\/","og_locale":"nl_NL","og_type":"article","og_title":"Avis De Recherche Dracule Mihawk Wanted | Boutique One Piece","og_description":"Es-tu pr\u00eat \u00e0 voir un des goodies les plus appr\u00e9cies du plus grand Sabreur de One Piece ? Viens voir de plus pr\u00e8s cet Avis de Recherche Dracule Mihawk Wanted. Dracule Mihawk, aussi appel\u00e9 \"Oeil de Faucon\" est sans conteste le plus grand \u00e9p\u00e9iste de l'univers de One Piece. Il est respect\u00e9 par tous les escrimeurs et tous v","og_url":"https:\/\/boutique-one-piece.com\/nl\/one-piece-gezocht-poster\/dracule-mihawk-gezocht-poster\/","og_site_name":"Boutique One Piece","article_modified_time":"2024-09-16T14:42:59+00:00","og_image":[{"width":800,"height":800,"url":"https:\/\/boutique-one-piece.com\/wp-content\/uploads\/2022\/09\/Avis-De-Recherche-Dracule-Mihawk-Wanted-1.jpg","type":"image\/jpeg"}],"twitter_card":"summary_large_image","twitter_misc":{"Geschatte leestijd":"2 minuten"},"schema":{"@context":"https:\/\/schema.org","@graph":[{"@type":"WebPage","@id":"https:\/\/boutique-one-piece.com\/avis-de-recherche-one-piece\/avis-de-recherche-dracule-mihawk-wanted\/","url":"https:\/\/boutique-one-piece.com\/avis-de-recherche-one-piece\/avis-de-recherche-dracule-mihawk-wanted\/","name":"Opsporingsbericht Dracule Mihawk | One Piece Shop","isPartOf":{"@id":"https:\/\/boutique-one-piece.com\/#website"},"primaryImageOfPage":{"@id":"https:\/\/boutique-one-piece.com\/avis-de-recherche-one-piece\/avis-de-recherche-dracule-mihawk-wanted\/#primaryimage"},"image":{"@id":"https:\/\/boutique-one-piece.com\/avis-de-recherche-one-piece\/avis-de-recherche-dracule-mihawk-wanted\/#primaryimage"},"thumbnailUrl":"https:\/\/boutique-one-piece.com\/wp-content\/uploads\/2022\/09\/Avis-De-Recherche-Dracule-Mihawk-Wanted-1.jpg","datePublished":"2022-09-27T21:54:22+00:00","dateModified":"2024-09-16T14:42:59+00:00","description":"Ben je klaar om een van de populairste verzamelobjecten van One Piece&#039;s grootste zwaardvechter te bewonderen? Bekijk deze gezochte poster van Dracule Mihawk eens van dichtbij. Dracule Mihawk, ook wel bekend als &quot;Hawkeye&quot;, is zonder twijfel de grootste zwaardvechter in het One Piece-universum. Hij wordt gerespecteerd door alle zwaardvechters en iedereen...","breadcrumb":{"@id":"https:\/\/boutique-one-piece.com\/avis-de-recherche-one-piece\/avis-de-recherche-dracule-mihawk-wanted\/#breadcrumb"},"inLanguage":"nl-NL","potentialAction":[{"@type":"ReadAction","target":["https:\/\/boutique-one-piece.com\/avis-de-recherche-one-piece\/avis-de-recherche-dracule-mihawk-wanted\/"]}]},{"@type":"ImageObject","inLanguage":"nl-NL","@id":"https:\/\/boutique-one-piece.com\/avis-de-recherche-one-piece\/avis-de-recherche-dracule-mihawk-wanted\/#primaryimage","url":"https:\/\/boutique-one-piece.com\/wp-content\/uploads\/2022\/09\/Avis-De-Recherche-Dracule-Mihawk-Wanted-1.jpg","contentUrl":"https:\/\/boutique-one-piece.com\/wp-content\/uploads\/2022\/09\/Avis-De-Recherche-Dracule-Mihawk-Wanted-1.jpg","width":800,"height":800},{"@type":"BreadcrumbList","@id":"https:\/\/boutique-one-piece.com\/avis-de-recherche-one-piece\/avis-de-recherche-dracule-mihawk-wanted\/#breadcrumb","itemListElement":[{"@type":"ListItem","position":1,"name":"Home","item":"https:\/\/boutique-one-piece.com\/"},{"@type":"ListItem","position":2,"name":"Shop","item":"https:\/\/boutique-one-piece.com\/shop\/"},{"@type":"ListItem","position":3,"name":"Avis De Recherche Dracule Mihawk Wanted"}]},{"@type":"WebSite","@id":"https:\/\/boutique-one-piece.com\/#website","url":"https:\/\/boutique-one-piece.com\/","name":"One Piece Shop","description":"Gespecialiseerde winkel voor One Piece manga en anime.","publisher":{"@id":"https:\/\/boutique-one-piece.com\/#organization"},"potentialAction":[{"@type":"SearchAction","target":{"@type":"EntryPoint","urlTemplate":"https:\/\/boutique-one-piece.com\/?s={search_term_string}"},"query-input":{"@type":"PropertyValueSpecification","valueRequired":true,"valueName":"search_term_string"}}],"inLanguage":"nl-NL"},{"@type":"Organization","@id":"https:\/\/boutique-one-piece.com\/#organization","name":"One Piece Shop","url":"https:\/\/boutique-one-piece.com\/","logo":{"@type":"ImageObject","inLanguage":"nl-NL","@id":"https:\/\/boutique-one-piece.com\/#\/schema\/logo\/image\/","url":"https:\/\/boutique-one-piece.com\/wp-content\/uploads\/2022\/09\/Logo-01.png","contentUrl":"https:\/\/boutique-one-piece.com\/wp-content\/uploads\/2022\/09\/Logo-01.png","width":2318,"height":957,"caption":"Boutique One Piece"},"image":{"@id":"https:\/\/boutique-one-piece.com\/#\/schema\/logo\/image\/"}}]}},"_links":{"self":[{"href":"https:\/\/boutique-one-piece.com\/nl\/wp-json\/wp\/v2\/product\/16585","targetHints":{"allow":["GET"]}}],"collection":[{"href":"https:\/\/boutique-one-piece.com\/nl\/wp-json\/wp\/v2\/product"}],"about":[{"href":"https:\/\/boutique-one-piece.com\/nl\/wp-json\/wp\/v2\/types\/product"}],"replies":[{"embeddable":true,"href":"https:\/\/boutique-one-piece.com\/nl\/wp-json\/wp\/v2\/comments?post=16585"}],"wp:featuredmedia":[{"embeddable":true,"href":"https:\/\/boutique-one-piece.com\/nl\/wp-json\/wp\/v2\/media\/16587"}],"wp:attachment":[{"href":"https:\/\/boutique-one-piece.com\/nl\/wp-json\/wp\/v2\/media?parent=16585"}],"wp:term":[{"taxonomy":"product_brand","embeddable":true,"href":"https:\/\/boutique-one-piece.com\/nl\/wp-json\/wp\/v2\/product_brand?post=16585"},{"taxonomy":"product_cat","embeddable":true,"href":"https:\/\/boutique-one-piece.com\/nl\/wp-json\/wp\/v2\/product_cat?post=16585"},{"taxonomy":"product_tag","embeddable":true,"href":"https:\/\/boutique-one-piece.com\/nl\/wp-json\/wp\/v2\/product_tag?post=16585"}],"curies":[{"name":"wp","href":"https:\/\/api.w.org\/{rel}","templated":true}]}}