{"id":16630,"date":"2022-09-27T21:54:46","date_gmt":"2022-09-27T21:54:46","guid":{"rendered":"https:\/\/boutique-one-piece.com\/uncategorized\/sweat-one-piece-bi-color-2\/"},"modified":"2025-12-19T22:49:31","modified_gmt":"2025-12-19T22:49:31","slug":"tweekleurig-eendelig-sweatshirt-2","status":"publish","type":"product","link":"https:\/\/boutique-one-piece.com\/nl\/one-piece-kleding\/sweatshirts-uit-een-stuk\/tweekleurig-eendelig-sweatshirt-2\/","title":{"rendered":"One Piece blauw-witte sweatshirt"},"content":{"rendered":"<p><meta charset=\"utf-8\"><meta charset=\"utf-8\"><\/p>\n<h2>\n<b>One Piece hoodie met lange mouwen in blauw en wit, met het logo van Strohoed Luffy.,\u00a0<\/b>Een kwaliteitssweatshirt voor een piraat zoals jij!<\/h2>\n<p>Als u een\u00a0<strong>echte piraat<\/strong>, U zult het waarderen\u00a0<strong>kwaliteit<\/strong>\u00a0stof en\u00a0<strong>3D-canvas printen<\/strong>\u00a0hiervan<span>\u00a0<\/span><strong>One Piece sweatshirt<\/strong>\u00a0Maar het allerbelangrijkste is dat hiermee\u00a0<strong>bedrukte sweater<\/strong>\u00a0Dat komt omdat je deel zult uitmaken van\u00a0<strong>de fanploeg<\/strong>\u00a0van\u00a0<strong>piratenmanga<\/strong>\u00a0en u zult het volgende verkrijgen:<\/p>\n<ul>\n<li>\u00a0<strong>Bewondering<\/strong>\u00a0van alle fans van\u00a0<strong>het universum<\/strong>\u00a0van de\u00a0<strong>licentie<\/strong>\u00a0van\u00a0<strong>manga<\/strong>\u00a0die je zult tegenkomen<\/li>\n<\/ul>\n<ul>\n<li>Een echte\u00a0<strong>hoodie<\/strong>\u00a0waarmee je kunt\u00a0<strong>deel<\/strong>\u00a0jouw\u00a0<strong>passie<\/strong>\u00a0Voor\u00a0<strong>One Piece<\/strong>\n<\/li>\n<\/ul>\n<p>Dus, klaar om de te dragen\u00a0<strong>kleuren\u00a0<\/strong>van<strong>\u00a0<\/strong>jouw<strong>\u00a0favoriete manga<\/strong>\u00a0?<\/p>\n<h2>Ben je fan van de One Piece manga of anime? Laat het zien met deze One Piece sweater!<\/h2>\n<p>Als u\u00a0<strong>lezen<\/strong>\u00a0of waar je ook kijkt\u00a0\u00a0<strong>Japanse anime<\/strong>, De kans is groot dat je bent geworden\u00a0<strong>Ik ben helemaal gek op One Piece.<\/strong>\u00a0Hiermee!\u00a0<strong>One Piece blauw-witte sweatshirt<\/strong>, sluit je aan bij de\u2019<strong>een groep fans van de franchise<\/strong><\/p>\n<p>Dit\u00a0<strong>Cosplay-stijl sweatshirt\u00a0<\/strong>\u00a0is verkrijgbaar in de maten\u00a0<strong>XXS<\/strong>,\u00a0<strong>XS<\/strong>,\u00a0<strong>S<\/strong>,<strong>\u00a0M<\/strong>,<strong>\u00a0L<\/strong>,\u00a0<strong>XL<\/strong>,\u00a0<strong>XXL<\/strong>,\u00a0<strong>3XL<\/strong>,\u00a0<strong>4XL<\/strong>\u00a0Het is geschikt voor alle soorten piraten.,\u00a0<strong>man<\/strong>\u00a0Of\u00a0<strong>vrouwen<\/strong>, zelfs als je geen\u00a0<strong>zwaard<\/strong>\u00a0of\u00a0<strong>duivelsvrucht<\/strong>\u00a0Je kunt het nog steeds met trots dragen.<\/p>\n<h2>Informatie over de sweatshirt:\u00a0<\/h2>\n<ul>\n<li>\n<strong>Hoogwaardige eendelige sweatshirt\u00a0<\/strong>: heeft een<span>\u00a0<\/span><strong>hoog gramgewicht<\/strong><span>\u00a0<\/span>met hoogwaardige materialen<\/li>\n<\/ul>\n<ul>\n<li>\n<strong>Grote flexibiliteit\u00a0<\/strong>Dankzij de samenstelling ervan doet het dat niet.<span>\u00a0<\/span><strong>verfrommeld<\/strong><span>\u00a0<\/span>niet<\/li>\n<\/ul>\n<ul>\n<li>\n<strong>Zeer comfortabel\u00a0<\/strong>: met<span>\u00a0<\/span>zijn<span>\u00a0<\/span><strong>vezels<\/strong><span>\u00a0<\/span>van<span>\u00a0<\/span><strong>katoen<\/strong><span>\u00a0<\/span>Geweldig<span>\u00a0<\/span><strong>zacht<\/strong>, er is geen<span>\u00a0<\/span><strong>wrijving<\/strong>\n<\/li>\n<\/ul>\n<ul>\n<li>3D-digitale print, origineel ontwerp<\/li>\n<\/ul>\n<ul>\n<li>\n<strong>Biologisch katoen\u00a0<\/strong>katoen<span>\u00a0<\/span><strong>hoge kwaliteit<\/strong>\u00a0met<span>\u00a0<\/span><strong>vezels<\/strong><span>\u00a0<\/span>extra<span>\u00a0<\/span><strong>lang<\/strong>\n<\/li>\n<\/ul>\n<ul>\n<li>\n<strong>Gratis bezorging\u00a0<\/strong>voor elke aankoop<strong>\u00a0<\/strong>\n<\/li>\n<\/ul>\n<p><strong>Vergeet niet de maattabel hieronder te bekijken.<\/strong><\/p>\n<p><img decoding=\"async\" src=\"https:\/\/cdn.shopify.com\/s\/files\/1\/0087\/7556\/5348\/files\/boutque_one_piece_tableau__taille_sweat_large.jpg?v=1559846386\" alt=\"Maattabel voor One Piece sweatshirts\"><\/p>\n<h3>Wasvoorschriften:<\/h3>\n<ul>\n<li>Machinewas op 30\u00b0C, fijnwasprogramma.<\/li>\n<\/ul>\n<ul>\n<li>Strijk aan de achterkant<\/li>\n<\/ul>\n<p>Voor<span>\u00a0<\/span><strong>behoud de kwaliteit<\/strong><span>\u00a0<\/span>hiervan<span>\u00a0<strong>sweatshirt<\/strong><\/span><strong>\u00a0One Piece<\/strong>, Wij raden u aan om<span>\u00a0<\/span><strong>respect<\/strong><span>\u00a0<\/span>DE<span>\u00a0<\/span><strong>wasvoorschriften<\/strong>.<\/p>","protected":false},"excerpt":{"rendered":"<p>Sweat\u00a0\u00e0 Capuche Bleu et Blanc \u00e0 Manches Longues One Piece avec le Logo de Luffy au Chapeau de Paille,\u00a0Un\u00a0Sweat\u00a0de Qualit\u00e9 pour un Pirate Comme Toi\u00a0! Si tu es un\u00a0v\u00e9ritable pirate, tu sauras appr\u00e9cier la\u00a0qualit\u00e9\u00a0du tissu et de\u00a0l&rsquo;impression 3D Canvas\u00a0de ce\u00a0sweat\u00a0One Piece\u00a0!\u00a0Mais le plus important, avec ce\u00a0sweat\u00a0imprim\u00e9\u00a0c\u2019est que tu\u00a0feras partie de\u00a0l&rsquo;\u00e9quipage\u00a0des fans\u00a0du\u00a0manga de pirates\u00a0et tu obtiendras\u00a0: [&hellip;]<\/p>","protected":false},"featured_media":9623,"comment_status":"open","ping_status":"open","template":"","meta":[],"product_brand":[],"product_cat":[149],"product_tag":[182,92],"class_list":{"0":"post-16630","1":"product","2":"type-product","3":"status-publish","4":"has-post-thumbnail","6":"product_cat-sweats-one-piece","7":"product_tag-logo","8":"product_tag-luffy","10":"first","11":"instock","12":"purchasable","13":"product-type-variable","14":"has-default-attributes"},"yoast_head":"<!-- This site is optimized with the Yoast SEO plugin v27.5 - https:\/\/yoast.com\/product\/yoast-seo-wordpress\/ -->\n<title>Sweat Bleu \u00e0 Manches Longue Blanche | Boutique One Piece<\/title>\n<meta name=\"description\" content=\"Sweat \u00e0 Capuche Bleu et Blanc \u00e0 Manches Longues One Piece avec le Logo de Luffy au Chapeau de Paille de Tr\u00e8s Haute Qualit\u00e9 Partage ta Passion pour les Mugiwara!\" \/>\n<meta name=\"robots\" content=\"index, follow, max-snippet:-1, max-image-preview:large, max-video-preview:-1\" \/>\n<link rel=\"canonical\" href=\"https:\/\/boutique-one-piece.com\/nl\/one-piece-kleding\/sweatshirts-uit-een-stuk\/tweekleurig-eendelig-sweatshirt-2\/\" \/>\n<meta property=\"og:locale\" content=\"nl_NL\" \/>\n<meta property=\"og:type\" content=\"article\" \/>\n<meta property=\"og:title\" content=\"Sweat Bleu \u00e0 Manches Longue Blanche | Boutique One Piece\" \/>\n<meta property=\"og:description\" content=\"Sweat \u00e0 Capuche Bleu et Blanc \u00e0 Manches Longues One Piece avec le Logo de Luffy au Chapeau de Paille de Tr\u00e8s Haute Qualit\u00e9 Partage ta Passion pour les Mugiwara!\" \/>\n<meta property=\"og:url\" content=\"https:\/\/boutique-one-piece.com\/nl\/one-piece-kleding\/sweatshirts-uit-een-stuk\/tweekleurig-eendelig-sweatshirt-2\/\" \/>\n<meta property=\"og:site_name\" content=\"Boutique One Piece\" \/>\n<meta property=\"article:modified_time\" content=\"2025-12-19T22:49:31+00:00\" \/>\n<meta property=\"og:image\" content=\"https:\/\/boutique-one-piece.com\/wp-content\/uploads\/2022\/09\/Sweat-One-Piece-Bleu-et-Blanc.jpg\" \/>\n\t<meta property=\"og:image:width\" content=\"600\" \/>\n\t<meta property=\"og:image:height\" content=\"600\" \/>\n\t<meta property=\"og:image:type\" content=\"image\/jpeg\" \/>\n<meta name=\"twitter:card\" content=\"summary_large_image\" \/>\n<meta name=\"twitter:label1\" content=\"Geschatte leestijd\" \/>\n\t<meta name=\"twitter:data1\" content=\"2 minuten\" \/>\n<script type=\"application\/ld+json\" class=\"yoast-schema-graph\">{\"@context\":\"https:\\\/\\\/schema.org\",\"@graph\":[{\"@type\":\"WebPage\",\"@id\":\"https:\\\/\\\/boutique-one-piece.com\\\/vetements-one-piece\\\/sweats-one-piece\\\/sweat-one-piece-bi-color-2\\\/\",\"url\":\"https:\\\/\\\/boutique-one-piece.com\\\/vetements-one-piece\\\/sweats-one-piece\\\/sweat-one-piece-bi-color-2\\\/\",\"name\":\"Sweat Bleu \u00e0 Manches Longue Blanche | Boutique One Piece\",\"isPartOf\":{\"@id\":\"https:\\\/\\\/boutique-one-piece.com\\\/#website\"},\"primaryImageOfPage\":{\"@id\":\"https:\\\/\\\/boutique-one-piece.com\\\/vetements-one-piece\\\/sweats-one-piece\\\/sweat-one-piece-bi-color-2\\\/#primaryimage\"},\"image\":{\"@id\":\"https:\\\/\\\/boutique-one-piece.com\\\/vetements-one-piece\\\/sweats-one-piece\\\/sweat-one-piece-bi-color-2\\\/#primaryimage\"},\"thumbnailUrl\":\"https:\\\/\\\/boutique-one-piece.com\\\/wp-content\\\/uploads\\\/2022\\\/09\\\/Sweat-One-Piece-Bleu-et-Blanc.jpg\",\"datePublished\":\"2022-09-27T21:54:46+00:00\",\"dateModified\":\"2025-12-19T22:49:31+00:00\",\"description\":\"Sweat \u00e0 Capuche Bleu et Blanc \u00e0 Manches Longues One Piece avec le Logo de Luffy au Chapeau de Paille de Tr\u00e8s Haute Qualit\u00e9 Partage ta Passion pour les Mugiwara!\",\"breadcrumb\":{\"@id\":\"https:\\\/\\\/boutique-one-piece.com\\\/vetements-one-piece\\\/sweats-one-piece\\\/sweat-one-piece-bi-color-2\\\/#breadcrumb\"},\"inLanguage\":\"nl-NL\",\"potentialAction\":[{\"@type\":\"ReadAction\",\"target\":[\"https:\\\/\\\/boutique-one-piece.com\\\/vetements-one-piece\\\/sweats-one-piece\\\/sweat-one-piece-bi-color-2\\\/\"]}]},{\"@type\":\"ImageObject\",\"inLanguage\":\"nl-NL\",\"@id\":\"https:\\\/\\\/boutique-one-piece.com\\\/vetements-one-piece\\\/sweats-one-piece\\\/sweat-one-piece-bi-color-2\\\/#primaryimage\",\"url\":\"https:\\\/\\\/boutique-one-piece.com\\\/wp-content\\\/uploads\\\/2022\\\/09\\\/Sweat-One-Piece-Bleu-et-Blanc.jpg\",\"contentUrl\":\"https:\\\/\\\/boutique-one-piece.com\\\/wp-content\\\/uploads\\\/2022\\\/09\\\/Sweat-One-Piece-Bleu-et-Blanc.jpg\",\"width\":600,\"height\":600,\"caption\":\"Sweat One Piece Bleu et Blanc 4XL\"},{\"@type\":\"BreadcrumbList\",\"@id\":\"https:\\\/\\\/boutique-one-piece.com\\\/vetements-one-piece\\\/sweats-one-piece\\\/sweat-one-piece-bi-color-2\\\/#breadcrumb\",\"itemListElement\":[{\"@type\":\"ListItem\",\"position\":1,\"name\":\"Home\",\"item\":\"https:\\\/\\\/boutique-one-piece.com\\\/\"},{\"@type\":\"ListItem\",\"position\":2,\"name\":\"Shop\",\"item\":\"https:\\\/\\\/boutique-one-piece.com\\\/shop\\\/\"},{\"@type\":\"ListItem\",\"position\":3,\"name\":\"Sweat One Piece Bleu et Blanc\"}]},{\"@type\":\"WebSite\",\"@id\":\"https:\\\/\\\/boutique-one-piece.com\\\/#website\",\"url\":\"https:\\\/\\\/boutique-one-piece.com\\\/\",\"name\":\"Boutique One Piece\",\"description\":\"Magasin Sp\u00e9cialis\u00e9 du Manga et l&#039;Anime One Piece\",\"publisher\":{\"@id\":\"https:\\\/\\\/boutique-one-piece.com\\\/#organization\"},\"potentialAction\":[{\"@type\":\"SearchAction\",\"target\":{\"@type\":\"EntryPoint\",\"urlTemplate\":\"https:\\\/\\\/boutique-one-piece.com\\\/?s={search_term_string}\"},\"query-input\":{\"@type\":\"PropertyValueSpecification\",\"valueRequired\":true,\"valueName\":\"search_term_string\"}}],\"inLanguage\":\"nl-NL\"},{\"@type\":\"Organization\",\"@id\":\"https:\\\/\\\/boutique-one-piece.com\\\/#organization\",\"name\":\"Boutique One Piece\",\"url\":\"https:\\\/\\\/boutique-one-piece.com\\\/\",\"logo\":{\"@type\":\"ImageObject\",\"inLanguage\":\"nl-NL\",\"@id\":\"https:\\\/\\\/boutique-one-piece.com\\\/#\\\/schema\\\/logo\\\/image\\\/\",\"url\":\"https:\\\/\\\/boutique-one-piece.com\\\/wp-content\\\/uploads\\\/2022\\\/09\\\/Logo-01.png\",\"contentUrl\":\"https:\\\/\\\/boutique-one-piece.com\\\/wp-content\\\/uploads\\\/2022\\\/09\\\/Logo-01.png\",\"width\":2318,\"height\":957,\"caption\":\"Boutique One Piece\"},\"image\":{\"@id\":\"https:\\\/\\\/boutique-one-piece.com\\\/#\\\/schema\\\/logo\\\/image\\\/\"}}]}<\/script>\n<!-- \/ Yoast SEO plugin. -->","yoast_head_json":{"title":"Blauwe sweater met witte lange mouwen | One Piece Shop","description":"One Piece hoodie met lange mouwen in blauw en wit, met het logo van Luffy&#039;s Strohoed. Hoge kwaliteit. Deel je passie voor de Strohoeden!","robots":{"index":"index","follow":"follow","max-snippet":"max-snippet:-1","max-image-preview":"max-image-preview:large","max-video-preview":"max-video-preview:-1"},"canonical":"https:\/\/boutique-one-piece.com\/nl\/one-piece-kleding\/sweatshirts-uit-een-stuk\/tweekleurig-eendelig-sweatshirt-2\/","og_locale":"nl_NL","og_type":"article","og_title":"Sweat Bleu \u00e0 Manches Longue Blanche | Boutique One Piece","og_description":"Sweat \u00e0 Capuche Bleu et Blanc \u00e0 Manches Longues One Piece avec le Logo de Luffy au Chapeau de Paille de Tr\u00e8s Haute Qualit\u00e9 Partage ta Passion pour les Mugiwara!","og_url":"https:\/\/boutique-one-piece.com\/nl\/one-piece-kleding\/sweatshirts-uit-een-stuk\/tweekleurig-eendelig-sweatshirt-2\/","og_site_name":"Boutique One Piece","article_modified_time":"2025-12-19T22:49:31+00:00","og_image":[{"width":600,"height":600,"url":"https:\/\/boutique-one-piece.com\/wp-content\/uploads\/2022\/09\/Sweat-One-Piece-Bleu-et-Blanc.jpg","type":"image\/jpeg"}],"twitter_card":"summary_large_image","twitter_misc":{"Geschatte leestijd":"2 minuten"},"schema":{"@context":"https:\/\/schema.org","@graph":[{"@type":"WebPage","@id":"https:\/\/boutique-one-piece.com\/vetements-one-piece\/sweats-one-piece\/sweat-one-piece-bi-color-2\/","url":"https:\/\/boutique-one-piece.com\/vetements-one-piece\/sweats-one-piece\/sweat-one-piece-bi-color-2\/","name":"Blauwe sweater met witte lange mouwen | One Piece Shop","isPartOf":{"@id":"https:\/\/boutique-one-piece.com\/#website"},"primaryImageOfPage":{"@id":"https:\/\/boutique-one-piece.com\/vetements-one-piece\/sweats-one-piece\/sweat-one-piece-bi-color-2\/#primaryimage"},"image":{"@id":"https:\/\/boutique-one-piece.com\/vetements-one-piece\/sweats-one-piece\/sweat-one-piece-bi-color-2\/#primaryimage"},"thumbnailUrl":"https:\/\/boutique-one-piece.com\/wp-content\/uploads\/2022\/09\/Sweat-One-Piece-Bleu-et-Blanc.jpg","datePublished":"2022-09-27T21:54:46+00:00","dateModified":"2025-12-19T22:49:31+00:00","description":"One Piece hoodie met lange mouwen in blauw en wit, met het logo van Luffy&#039;s Strohoed. Hoge kwaliteit. Deel je passie voor de Strohoeden!","breadcrumb":{"@id":"https:\/\/boutique-one-piece.com\/vetements-one-piece\/sweats-one-piece\/sweat-one-piece-bi-color-2\/#breadcrumb"},"inLanguage":"nl-NL","potentialAction":[{"@type":"ReadAction","target":["https:\/\/boutique-one-piece.com\/vetements-one-piece\/sweats-one-piece\/sweat-one-piece-bi-color-2\/"]}]},{"@type":"ImageObject","inLanguage":"nl-NL","@id":"https:\/\/boutique-one-piece.com\/vetements-one-piece\/sweats-one-piece\/sweat-one-piece-bi-color-2\/#primaryimage","url":"https:\/\/boutique-one-piece.com\/wp-content\/uploads\/2022\/09\/Sweat-One-Piece-Bleu-et-Blanc.jpg","contentUrl":"https:\/\/boutique-one-piece.com\/wp-content\/uploads\/2022\/09\/Sweat-One-Piece-Bleu-et-Blanc.jpg","width":600,"height":600,"caption":"Sweat One Piece Bleu et Blanc 4XL"},{"@type":"BreadcrumbList","@id":"https:\/\/boutique-one-piece.com\/vetements-one-piece\/sweats-one-piece\/sweat-one-piece-bi-color-2\/#breadcrumb","itemListElement":[{"@type":"ListItem","position":1,"name":"Home","item":"https:\/\/boutique-one-piece.com\/"},{"@type":"ListItem","position":2,"name":"Shop","item":"https:\/\/boutique-one-piece.com\/shop\/"},{"@type":"ListItem","position":3,"name":"Sweat One Piece Bleu et Blanc"}]},{"@type":"WebSite","@id":"https:\/\/boutique-one-piece.com\/#website","url":"https:\/\/boutique-one-piece.com\/","name":"One Piece Shop","description":"Gespecialiseerde winkel voor One Piece manga en anime.","publisher":{"@id":"https:\/\/boutique-one-piece.com\/#organization"},"potentialAction":[{"@type":"SearchAction","target":{"@type":"EntryPoint","urlTemplate":"https:\/\/boutique-one-piece.com\/?s={search_term_string}"},"query-input":{"@type":"PropertyValueSpecification","valueRequired":true,"valueName":"search_term_string"}}],"inLanguage":"nl-NL"},{"@type":"Organization","@id":"https:\/\/boutique-one-piece.com\/#organization","name":"One Piece Shop","url":"https:\/\/boutique-one-piece.com\/","logo":{"@type":"ImageObject","inLanguage":"nl-NL","@id":"https:\/\/boutique-one-piece.com\/#\/schema\/logo\/image\/","url":"https:\/\/boutique-one-piece.com\/wp-content\/uploads\/2022\/09\/Logo-01.png","contentUrl":"https:\/\/boutique-one-piece.com\/wp-content\/uploads\/2022\/09\/Logo-01.png","width":2318,"height":957,"caption":"Boutique One Piece"},"image":{"@id":"https:\/\/boutique-one-piece.com\/#\/schema\/logo\/image\/"}}]}},"_links":{"self":[{"href":"https:\/\/boutique-one-piece.com\/nl\/wp-json\/wp\/v2\/product\/16630","targetHints":{"allow":["GET"]}}],"collection":[{"href":"https:\/\/boutique-one-piece.com\/nl\/wp-json\/wp\/v2\/product"}],"about":[{"href":"https:\/\/boutique-one-piece.com\/nl\/wp-json\/wp\/v2\/types\/product"}],"replies":[{"embeddable":true,"href":"https:\/\/boutique-one-piece.com\/nl\/wp-json\/wp\/v2\/comments?post=16630"}],"wp:featuredmedia":[{"embeddable":true,"href":"https:\/\/boutique-one-piece.com\/nl\/wp-json\/wp\/v2\/media\/9623"}],"wp:attachment":[{"href":"https:\/\/boutique-one-piece.com\/nl\/wp-json\/wp\/v2\/media?parent=16630"}],"wp:term":[{"taxonomy":"product_brand","embeddable":true,"href":"https:\/\/boutique-one-piece.com\/nl\/wp-json\/wp\/v2\/product_brand?post=16630"},{"taxonomy":"product_cat","embeddable":true,"href":"https:\/\/boutique-one-piece.com\/nl\/wp-json\/wp\/v2\/product_cat?post=16630"},{"taxonomy":"product_tag","embeddable":true,"href":"https:\/\/boutique-one-piece.com\/nl\/wp-json\/wp\/v2\/product_tag?post=16630"}],"curies":[{"name":"wp","href":"https:\/\/api.w.org\/{rel}","templated":true}]}}