{"id":17109,"date":"2022-09-27T21:57:41","date_gmt":"2022-09-27T21:57:41","guid":{"rendered":"https:\/\/boutique-one-piece.com\/uncategorized\/avis-de-recherche-zeff-wanted\/"},"modified":"2024-09-16T14:58:47","modified_gmt":"2024-09-16T14:58:47","slug":"zeff-wilde-een-kennisgeving","status":"publish","type":"product","link":"https:\/\/boutique-one-piece.com\/nl\/one-piece-gezocht-poster\/zeff-wilde-een-kennisgeving\/","title":{"rendered":"Opsporingsbericht Zeff"},"content":{"rendered":"<h2>Versier je kantoor met een poster van een geliefd personage uit je favoriete manga. Deze Zeff Wanted-poster is perfect voor iedereen die genoten heeft van de Baratie-arc.<\/h2>\n<p>Roodvoetzeff is de <strong>hoofd<\/strong> van het restaurant dat een boot is, de <strong>Baratie<\/strong>. Het is een man met een lange, gevlochten snor. <strong>Sanji&#039;s mentor<\/strong>. Je zou kunnen zeggen dat ze een echte vader-zoonrelatie hebben, en Sanji zal hem daar altijd dankbaar voor zijn. Als je de bijnamen van deze twee personages vergelijkt, Sanji de Zwarte Been en Zeff de Rode Voet, begrijp je dat het Zeff was die Sanji zijn vechtstijl heeft geleerd, en dat hij met zijn voeten vecht om zijn handen niet te verwonden, want, volgens hem, zijn handen om mee te koken.<\/p>\n<h3>Laat zien hoe groot je passie voor One Piece is met deze Wanted Poster voor een geliefd personage.<\/h3>\n<p>Voordat Zeff de Baratie overnam, zonk zijn schip in een storm, en hij en Sanji waren de enige overlevenden, gestrand op een verlaten eiland. Zeff redde Sanji van de verdrinking. Hij gaf Sanji het schamele voedsel in een zak, zogenaamd om het gelijk te verdelen. Toen de uitgehongerde Sanji echter aarzelde om de zak te pakken, ontdekte Zeff dat deze leeg was en dat Sanji zijn been had opgegeten om te overleven.<\/p>\n<p>Zijn <strong>prime<\/strong> Het aantal bessen bedraagt 60 miljoen.<\/p>\n<p>Als je onze posters leuk vindt, vind je dit vast ook leuk. <a href=\"https:\/\/boutique-one-piece.com\/nl\/one-piece-gezocht-poster\/producten\/one-piece-wanted-poster-portgas-d-ace\/\" target=\"_blank\" title=\"Ace gezocht-bericht\" rel=\"noopener noreferrer\">Ace gezocht-poster<\/a>.<\/p>\n<h2>Informatie over de One Piece Wanted Zeff-poster<\/h2>\n<ul>\n<li><span><b><u>One Piece Wanted Poster<\/u><\/b>&nbsp;Een authentieke One Piece-opsporingsposter voor echte piraten.<\/span><\/li>\n<\/ul>\n<ul>\n<li>\n<b><u>Zeffs bonus<\/u><\/b>&nbsp;60.000.000 bessen<\/li>\n<\/ul>\n<ul>\n<li><span><strong>Afdrukken van hoge kwaliteit<\/strong>&nbsp;nauwkeurige kleuren<\/span><\/li>\n<\/ul>\n<ul>\n<li>\n<strong>Dimensie<\/strong>&nbsp;: 30 cm x 21 cm en 42 cm x 30 cm<\/li>\n<\/ul>\n<ul>\n<li><span><strong>GRATIS BEZORGING<\/strong><\/span><\/li>\n<\/ul>","protected":false},"excerpt":{"rendered":"<p>D\u00e9core ton bureau avec le poster d&rsquo;un homme attachant de ton manga pr\u00e9f\u00e9r\u00e9. Cet Avis de Recherche Zeff Wanted est parfait pour ceux qui ont aim\u00e9 l&rsquo;arc Baratie. Zeff aux pieds rouges est le chef du restaurant qui est un bateau, le Baratie. C&rsquo;est un homme avec une longue moustache tress\u00e9e qui est le mentor [&hellip;]<\/p>","protected":false},"featured_media":19279,"comment_status":"open","ping_status":"open","template":"","meta":[],"product_brand":[],"product_cat":[171],"product_tag":[],"class_list":{"0":"post-17109","1":"product","2":"type-product","3":"status-publish","4":"has-post-thumbnail","6":"product_cat-avis-de-recherche-one-piece","8":"first","9":"outofstock","10":"purchasable","11":"product-type-variable"},"yoast_head":"<!-- This site is optimized with the Yoast SEO plugin v27.5 - https:\/\/yoast.com\/product\/yoast-seo-wordpress\/ -->\n<title>Avis De Recherche Zeff Wanted | D\u00e9coration One Piece \u2013 Boutique One Piece<\/title>\n<meta name=\"description\" content=\"D\u00e9core ton bureau avec le poster d&#039;un homme attachant de ton manga pr\u00e9f\u00e9r\u00e9. Cet Avis de Recherche Zeff Wanted est parfait pour ceux qui ont aim\u00e9 l&#039;arc Baratie. Zeff aux pieds rouges est le chef du restaurant qui est un bateau, le Baratie. C&#039;est un homme avec une longue moustache tress\u00e9e qui est le mentor de Sanji. On p\" \/>\n<meta name=\"robots\" content=\"index, follow, max-snippet:-1, max-image-preview:large, max-video-preview:-1\" \/>\n<link rel=\"canonical\" href=\"https:\/\/boutique-one-piece.com\/nl\/one-piece-gezocht-poster\/zeff-wilde-een-kennisgeving\/\" \/>\n<meta property=\"og:locale\" content=\"nl_NL\" \/>\n<meta property=\"og:type\" content=\"article\" \/>\n<meta property=\"og:title\" content=\"Avis De Recherche Zeff Wanted | D\u00e9coration One Piece \u2013 Boutique One Piece\" \/>\n<meta property=\"og:description\" content=\"D\u00e9core ton bureau avec le poster d&#039;un homme attachant de ton manga pr\u00e9f\u00e9r\u00e9. Cet Avis de Recherche Zeff Wanted est parfait pour ceux qui ont aim\u00e9 l&#039;arc Baratie. Zeff aux pieds rouges est le chef du restaurant qui est un bateau, le Baratie. C&#039;est un homme avec une longue moustache tress\u00e9e qui est le mentor de Sanji. On p\" \/>\n<meta property=\"og:url\" content=\"https:\/\/boutique-one-piece.com\/nl\/one-piece-gezocht-poster\/zeff-wilde-een-kennisgeving\/\" \/>\n<meta property=\"og:site_name\" content=\"Boutique One Piece\" \/>\n<meta property=\"article:modified_time\" content=\"2024-09-16T14:58:47+00:00\" \/>\n<meta property=\"og:image\" content=\"https:\/\/boutique-one-piece.com\/wp-content\/uploads\/2022\/09\/Affiche-murale-imprim-e-en-papier-kraft-Luffy-Zoro-Nami-Franky-Boa-Law-Wanted-affiche-d.jpg_640x640.jpg\" \/>\n\t<meta property=\"og:image:width\" content=\"453\" \/>\n\t<meta property=\"og:image:height\" content=\"640\" \/>\n\t<meta property=\"og:image:type\" content=\"image\/jpeg\" \/>\n<meta name=\"twitter:card\" content=\"summary_large_image\" \/>\n<meta name=\"twitter:label1\" content=\"Geschatte leestijd\" \/>\n\t<meta name=\"twitter:data1\" content=\"3 minuten\" \/>\n<script type=\"application\/ld+json\" class=\"yoast-schema-graph\">{\"@context\":\"https:\\\/\\\/schema.org\",\"@graph\":[{\"@type\":\"WebPage\",\"@id\":\"https:\\\/\\\/boutique-one-piece.com\\\/avis-de-recherche-one-piece\\\/avis-de-recherche-zeff-wanted\\\/\",\"url\":\"https:\\\/\\\/boutique-one-piece.com\\\/avis-de-recherche-one-piece\\\/avis-de-recherche-zeff-wanted\\\/\",\"name\":\"Avis De Recherche Zeff Wanted | D\u00e9coration One Piece \u2013 Boutique One Piece\",\"isPartOf\":{\"@id\":\"https:\\\/\\\/boutique-one-piece.com\\\/#website\"},\"primaryImageOfPage\":{\"@id\":\"https:\\\/\\\/boutique-one-piece.com\\\/avis-de-recherche-one-piece\\\/avis-de-recherche-zeff-wanted\\\/#primaryimage\"},\"image\":{\"@id\":\"https:\\\/\\\/boutique-one-piece.com\\\/avis-de-recherche-one-piece\\\/avis-de-recherche-zeff-wanted\\\/#primaryimage\"},\"thumbnailUrl\":\"https:\\\/\\\/boutique-one-piece.com\\\/wp-content\\\/uploads\\\/2022\\\/09\\\/Affiche-murale-imprim-e-en-papier-kraft-Luffy-Zoro-Nami-Franky-Boa-Law-Wanted-affiche-d.jpg_640x640.jpg\",\"datePublished\":\"2022-09-27T21:57:41+00:00\",\"dateModified\":\"2024-09-16T14:58:47+00:00\",\"description\":\"D\u00e9core ton bureau avec le poster d'un homme attachant de ton manga pr\u00e9f\u00e9r\u00e9. Cet Avis de Recherche Zeff Wanted est parfait pour ceux qui ont aim\u00e9 l'arc Baratie. Zeff aux pieds rouges est le chef du restaurant qui est un bateau, le Baratie. C'est un homme avec une longue moustache tress\u00e9e qui est le mentor de Sanji. On p\",\"breadcrumb\":{\"@id\":\"https:\\\/\\\/boutique-one-piece.com\\\/avis-de-recherche-one-piece\\\/avis-de-recherche-zeff-wanted\\\/#breadcrumb\"},\"inLanguage\":\"nl-NL\",\"potentialAction\":[{\"@type\":\"ReadAction\",\"target\":[\"https:\\\/\\\/boutique-one-piece.com\\\/avis-de-recherche-one-piece\\\/avis-de-recherche-zeff-wanted\\\/\"]}]},{\"@type\":\"ImageObject\",\"inLanguage\":\"nl-NL\",\"@id\":\"https:\\\/\\\/boutique-one-piece.com\\\/avis-de-recherche-one-piece\\\/avis-de-recherche-zeff-wanted\\\/#primaryimage\",\"url\":\"https:\\\/\\\/boutique-one-piece.com\\\/wp-content\\\/uploads\\\/2022\\\/09\\\/Affiche-murale-imprim-e-en-papier-kraft-Luffy-Zoro-Nami-Franky-Boa-Law-Wanted-affiche-d.jpg_640x640.jpg\",\"contentUrl\":\"https:\\\/\\\/boutique-one-piece.com\\\/wp-content\\\/uploads\\\/2022\\\/09\\\/Affiche-murale-imprim-e-en-papier-kraft-Luffy-Zoro-Nami-Franky-Boa-Law-Wanted-affiche-d.jpg_640x640.jpg\",\"width\":453,\"height\":640},{\"@type\":\"BreadcrumbList\",\"@id\":\"https:\\\/\\\/boutique-one-piece.com\\\/avis-de-recherche-one-piece\\\/avis-de-recherche-zeff-wanted\\\/#breadcrumb\",\"itemListElement\":[{\"@type\":\"ListItem\",\"position\":1,\"name\":\"Home\",\"item\":\"https:\\\/\\\/boutique-one-piece.com\\\/\"},{\"@type\":\"ListItem\",\"position\":2,\"name\":\"Shop\",\"item\":\"https:\\\/\\\/boutique-one-piece.com\\\/shop\\\/\"},{\"@type\":\"ListItem\",\"position\":3,\"name\":\"Avis De Recherche Zeff Wanted\"}]},{\"@type\":\"WebSite\",\"@id\":\"https:\\\/\\\/boutique-one-piece.com\\\/#website\",\"url\":\"https:\\\/\\\/boutique-one-piece.com\\\/\",\"name\":\"Boutique One Piece\",\"description\":\"Magasin Sp\u00e9cialis\u00e9 du Manga et l&#039;Anime One Piece\",\"publisher\":{\"@id\":\"https:\\\/\\\/boutique-one-piece.com\\\/#organization\"},\"potentialAction\":[{\"@type\":\"SearchAction\",\"target\":{\"@type\":\"EntryPoint\",\"urlTemplate\":\"https:\\\/\\\/boutique-one-piece.com\\\/?s={search_term_string}\"},\"query-input\":{\"@type\":\"PropertyValueSpecification\",\"valueRequired\":true,\"valueName\":\"search_term_string\"}}],\"inLanguage\":\"nl-NL\"},{\"@type\":\"Organization\",\"@id\":\"https:\\\/\\\/boutique-one-piece.com\\\/#organization\",\"name\":\"Boutique One Piece\",\"url\":\"https:\\\/\\\/boutique-one-piece.com\\\/\",\"logo\":{\"@type\":\"ImageObject\",\"inLanguage\":\"nl-NL\",\"@id\":\"https:\\\/\\\/boutique-one-piece.com\\\/#\\\/schema\\\/logo\\\/image\\\/\",\"url\":\"https:\\\/\\\/boutique-one-piece.com\\\/wp-content\\\/uploads\\\/2022\\\/09\\\/Logo-01.png\",\"contentUrl\":\"https:\\\/\\\/boutique-one-piece.com\\\/wp-content\\\/uploads\\\/2022\\\/09\\\/Logo-01.png\",\"width\":2318,\"height\":957,\"caption\":\"Boutique One Piece\"},\"image\":{\"@id\":\"https:\\\/\\\/boutique-one-piece.com\\\/#\\\/schema\\\/logo\\\/image\\\/\"}}]}<\/script>\n<!-- \/ Yoast SEO plugin. -->","yoast_head_json":{"title":"Opsporingsbericht Zeff | One Piece Decoraties \u2013 One Piece Shop","description":"Versier je bureau met een poster van een geliefd personage uit je favoriete manga. Deze Zeff Wanted-poster is perfect voor fans van de Baratie-arc. Roodvoetige Zeff is de chef-kok van het restaurant, een boot genaamd de Baratie. Hij is een man met een lange gevlochten snor en de mentor van Sanji.","robots":{"index":"index","follow":"follow","max-snippet":"max-snippet:-1","max-image-preview":"max-image-preview:large","max-video-preview":"max-video-preview:-1"},"canonical":"https:\/\/boutique-one-piece.com\/nl\/one-piece-gezocht-poster\/zeff-wilde-een-kennisgeving\/","og_locale":"nl_NL","og_type":"article","og_title":"Avis De Recherche Zeff Wanted | D\u00e9coration One Piece \u2013 Boutique One Piece","og_description":"D\u00e9core ton bureau avec le poster d'un homme attachant de ton manga pr\u00e9f\u00e9r\u00e9. Cet Avis de Recherche Zeff Wanted est parfait pour ceux qui ont aim\u00e9 l'arc Baratie. Zeff aux pieds rouges est le chef du restaurant qui est un bateau, le Baratie. C'est un homme avec une longue moustache tress\u00e9e qui est le mentor de Sanji. On p","og_url":"https:\/\/boutique-one-piece.com\/nl\/one-piece-gezocht-poster\/zeff-wilde-een-kennisgeving\/","og_site_name":"Boutique One Piece","article_modified_time":"2024-09-16T14:58:47+00:00","og_image":[{"width":453,"height":640,"url":"https:\/\/boutique-one-piece.com\/wp-content\/uploads\/2022\/09\/Affiche-murale-imprim-e-en-papier-kraft-Luffy-Zoro-Nami-Franky-Boa-Law-Wanted-affiche-d.jpg_640x640.jpg","type":"image\/jpeg"}],"twitter_card":"summary_large_image","twitter_misc":{"Geschatte leestijd":"3 minuten"},"schema":{"@context":"https:\/\/schema.org","@graph":[{"@type":"WebPage","@id":"https:\/\/boutique-one-piece.com\/avis-de-recherche-one-piece\/avis-de-recherche-zeff-wanted\/","url":"https:\/\/boutique-one-piece.com\/avis-de-recherche-one-piece\/avis-de-recherche-zeff-wanted\/","name":"Opsporingsbericht Zeff | One Piece Decoraties \u2013 One Piece Shop","isPartOf":{"@id":"https:\/\/boutique-one-piece.com\/#website"},"primaryImageOfPage":{"@id":"https:\/\/boutique-one-piece.com\/avis-de-recherche-one-piece\/avis-de-recherche-zeff-wanted\/#primaryimage"},"image":{"@id":"https:\/\/boutique-one-piece.com\/avis-de-recherche-one-piece\/avis-de-recherche-zeff-wanted\/#primaryimage"},"thumbnailUrl":"https:\/\/boutique-one-piece.com\/wp-content\/uploads\/2022\/09\/Affiche-murale-imprim-e-en-papier-kraft-Luffy-Zoro-Nami-Franky-Boa-Law-Wanted-affiche-d.jpg_640x640.jpg","datePublished":"2022-09-27T21:57:41+00:00","dateModified":"2024-09-16T14:58:47+00:00","description":"Versier je bureau met een poster van een geliefd personage uit je favoriete manga. Deze Zeff Wanted-poster is perfect voor fans van de Baratie-arc. Roodvoetige Zeff is de chef-kok van het restaurant, een boot genaamd de Baratie. Hij is een man met een lange gevlochten snor en de mentor van Sanji.","breadcrumb":{"@id":"https:\/\/boutique-one-piece.com\/avis-de-recherche-one-piece\/avis-de-recherche-zeff-wanted\/#breadcrumb"},"inLanguage":"nl-NL","potentialAction":[{"@type":"ReadAction","target":["https:\/\/boutique-one-piece.com\/avis-de-recherche-one-piece\/avis-de-recherche-zeff-wanted\/"]}]},{"@type":"ImageObject","inLanguage":"nl-NL","@id":"https:\/\/boutique-one-piece.com\/avis-de-recherche-one-piece\/avis-de-recherche-zeff-wanted\/#primaryimage","url":"https:\/\/boutique-one-piece.com\/wp-content\/uploads\/2022\/09\/Affiche-murale-imprim-e-en-papier-kraft-Luffy-Zoro-Nami-Franky-Boa-Law-Wanted-affiche-d.jpg_640x640.jpg","contentUrl":"https:\/\/boutique-one-piece.com\/wp-content\/uploads\/2022\/09\/Affiche-murale-imprim-e-en-papier-kraft-Luffy-Zoro-Nami-Franky-Boa-Law-Wanted-affiche-d.jpg_640x640.jpg","width":453,"height":640},{"@type":"BreadcrumbList","@id":"https:\/\/boutique-one-piece.com\/avis-de-recherche-one-piece\/avis-de-recherche-zeff-wanted\/#breadcrumb","itemListElement":[{"@type":"ListItem","position":1,"name":"Home","item":"https:\/\/boutique-one-piece.com\/"},{"@type":"ListItem","position":2,"name":"Shop","item":"https:\/\/boutique-one-piece.com\/shop\/"},{"@type":"ListItem","position":3,"name":"Avis De Recherche Zeff Wanted"}]},{"@type":"WebSite","@id":"https:\/\/boutique-one-piece.com\/#website","url":"https:\/\/boutique-one-piece.com\/","name":"One Piece Shop","description":"Gespecialiseerde winkel voor One Piece manga en anime.","publisher":{"@id":"https:\/\/boutique-one-piece.com\/#organization"},"potentialAction":[{"@type":"SearchAction","target":{"@type":"EntryPoint","urlTemplate":"https:\/\/boutique-one-piece.com\/?s={search_term_string}"},"query-input":{"@type":"PropertyValueSpecification","valueRequired":true,"valueName":"search_term_string"}}],"inLanguage":"nl-NL"},{"@type":"Organization","@id":"https:\/\/boutique-one-piece.com\/#organization","name":"One Piece Shop","url":"https:\/\/boutique-one-piece.com\/","logo":{"@type":"ImageObject","inLanguage":"nl-NL","@id":"https:\/\/boutique-one-piece.com\/#\/schema\/logo\/image\/","url":"https:\/\/boutique-one-piece.com\/wp-content\/uploads\/2022\/09\/Logo-01.png","contentUrl":"https:\/\/boutique-one-piece.com\/wp-content\/uploads\/2022\/09\/Logo-01.png","width":2318,"height":957,"caption":"Boutique One Piece"},"image":{"@id":"https:\/\/boutique-one-piece.com\/#\/schema\/logo\/image\/"}}]}},"_links":{"self":[{"href":"https:\/\/boutique-one-piece.com\/nl\/wp-json\/wp\/v2\/product\/17109","targetHints":{"allow":["GET"]}}],"collection":[{"href":"https:\/\/boutique-one-piece.com\/nl\/wp-json\/wp\/v2\/product"}],"about":[{"href":"https:\/\/boutique-one-piece.com\/nl\/wp-json\/wp\/v2\/types\/product"}],"replies":[{"embeddable":true,"href":"https:\/\/boutique-one-piece.com\/nl\/wp-json\/wp\/v2\/comments?post=17109"}],"wp:featuredmedia":[{"embeddable":true,"href":"https:\/\/boutique-one-piece.com\/nl\/wp-json\/wp\/v2\/media\/19279"}],"wp:attachment":[{"href":"https:\/\/boutique-one-piece.com\/nl\/wp-json\/wp\/v2\/media?parent=17109"}],"wp:term":[{"taxonomy":"product_brand","embeddable":true,"href":"https:\/\/boutique-one-piece.com\/nl\/wp-json\/wp\/v2\/product_brand?post=17109"},{"taxonomy":"product_cat","embeddable":true,"href":"https:\/\/boutique-one-piece.com\/nl\/wp-json\/wp\/v2\/product_cat?post=17109"},{"taxonomy":"product_tag","embeddable":true,"href":"https:\/\/boutique-one-piece.com\/nl\/wp-json\/wp\/v2\/product_tag?post=17109"}],"curies":[{"name":"wp","href":"https:\/\/api.w.org\/{rel}","templated":true}]}}