{"id":17480,"date":"2022-09-27T22:01:49","date_gmt":"2022-09-27T22:01:49","guid":{"rendered":"https:\/\/boutique-one-piece.com\/uncategorized\/avis-de-recherche-capone-bege-wanted\/"},"modified":"2024-09-16T15:09:34","modified_gmt":"2024-09-16T15:09:34","slug":"capone-bege-gezocht-op-poster","status":"publish","type":"product","link":"https:\/\/boutique-one-piece.com\/nl\/one-piece-gezocht-poster\/capone-bege-gezocht-op-poster\/","title":{"rendered":"Capone Bege gezocht bericht"},"content":{"rendered":"<h2>Verwar de wereld van de maffia en piraterij door in de val te trappen van deze gezocht-poster van Capone Bege.<\/h2>\n<p>Capone Gang Bege is een van de <strong>supernova<\/strong> van de slechtste generatie. Hij is daarom de kapitein van zijn eigen bemanning, de <strong>Brandtanks<\/strong>. Het ontwerp is sterk ge\u00efnspireerd op de maffia, en ook de naam is ge\u00efnspireerd op de bandiet.<strong> Al Capone<\/strong>. Hij is een piraat die liever buiten de schijnwerpers blijft en in de schaduw opereert.<\/p>\n<p>Hij is echter geen lafaard; het maakt deel uit van zijn strategie, die erop gericht is zijn vijanden te verrassen en snel uit te schakelen. Capone Bege is meedogenloos en sadistisch, maar hij kent goede manieren en verwacht van anderen dat ze boven alle kritiek verheven zijn.<\/p>\n<h3>Laat je bewondering voor de meedogenloze One Piece-piraat zien met deze gezocht-poster van Capone Gang Bege.<\/h3>\n<p>Capone Bege at de Duivelsvrucht van <strong>Shiro Shiro geen mi<\/strong>, waardoor hij een vestingman is. Hoewel hij boos kan worden als zijn mannen zijn wil niet respecteren, stelt zijn vrucht hem in staat een groot aantal van zijn mannen te huisvesten, die hij in zijn lichaam verkleint.<\/p>\n<p>Ze keren terug naar hun normale uiterlijk wanneer deze mannen zijn lichaam verlaten. Dit is essentieel voor zijn strategie, die, zoals hierboven vermeld, erop gericht is zijn tegenstanders te verrassen om ze vervolgens snel uit te schakelen. Er is een beloning van 300 miljoen bessen op zijn hoofd gezet.<\/p>\n<p>Als je dol bent op bonussen, dan is dit iets voor jou. <a href=\"https:\/\/boutique-one-piece.com\/nl\/one-piece-gezocht-poster-tony-tony-chopper\/\" target=\"_blank\" title=\"Tony Tony Chopper wilde\" rel=\"noopener noreferrer\">Opsporingsposter voor helikopter<\/a> Dit zou je wellicht interesseren.<\/p>\n<p>\u00a0<\/p>\n<h2>Informatie over de One Piece Wanted Capone Bege-poster<\/h2>\n<ul>\n<li><span><b><u>One Piece Wanted Poster<\/u><\/b>\u00a0Een authentieke One Piece-opsporingsposter voor echte piraten.<\/span><\/li>\n<\/ul>\n<ul>\n<li>\n<b><u>Kapone Bege&#039;s Bounty<\/u><\/b>\u00a0: 300.000.000 bessen en 180.000.000 bessen<\/li>\n<\/ul>\n<ul>\n<li><span><strong>Afdrukken van hoge kwaliteit<\/strong>\u00a0nauwkeurige kleuren<\/span><\/li>\n<\/ul>\n<ul>\n<li>\n<strong>Dimensie<\/strong>\u00a0300 miljoen bessen (51 cm x 36 cm) en 180 miljoen bessen (42 cm x 30 cm)<\/li>\n<\/ul>\n<ul>\n<li><span><strong>GRATIS BEZORGING<\/strong><\/span><\/li>\n<\/ul>","protected":false},"excerpt":{"rendered":"<p>M\u00eale la mafia et la piraterie en craquant pour cet Avis de Recherche Capone Bege Wanted. Capone Gang Bege est un des supernovae de la pire g\u00e9n\u00e9ration. Il est donc le capitaine de son propre \u00e9quipage, les Fire Tanks. Avec son design fortement inspir\u00e9 des mafieux, ainsi que son nom, il est inspir\u00e9 du bandit [&hellip;]<\/p>","protected":false},"featured_media":17482,"comment_status":"open","ping_status":"open","template":"","meta":[],"product_brand":[],"product_cat":[171],"product_tag":[],"class_list":{"0":"post-17480","1":"product","2":"type-product","3":"status-publish","4":"has-post-thumbnail","6":"product_cat-avis-de-recherche-one-piece","8":"first","9":"instock","10":"purchasable","11":"product-type-variable","12":"has-default-attributes"},"yoast_head":"<!-- This site is optimized with the Yoast SEO plugin v27.5 - https:\/\/yoast.com\/product\/yoast-seo-wordpress\/ -->\n<title>Avis De Recherche Capone Bege Wanted | D\u00e9coration One Piece \u2013 Boutique One Piece<\/title>\n<meta name=\"description\" content=\"M\u00eale la mafia et la piraterie en craquant pour cet Avis de Recherche Capone Bege Wanted. Capone Gang Bege est un des supernovae de la pire g\u00e9n\u00e9ration. Il est donc le capitaine de son propre \u00e9quipage, les Fire Tanks. Avec son design fortement inspir\u00e9 des mafieux, ainsi que son nom, il est inspir\u00e9 du bandit Al Capone. C&#039;\" \/>\n<meta name=\"robots\" content=\"index, follow, max-snippet:-1, max-image-preview:large, max-video-preview:-1\" \/>\n<link rel=\"canonical\" href=\"https:\/\/boutique-one-piece.com\/nl\/one-piece-gezocht-poster\/capone-bege-gezocht-op-poster\/\" \/>\n<meta property=\"og:locale\" content=\"nl_NL\" \/>\n<meta property=\"og:type\" content=\"article\" \/>\n<meta property=\"og:title\" content=\"Avis De Recherche Capone Bege Wanted | D\u00e9coration One Piece \u2013 Boutique One Piece\" \/>\n<meta property=\"og:description\" content=\"M\u00eale la mafia et la piraterie en craquant pour cet Avis de Recherche Capone Bege Wanted. Capone Gang Bege est un des supernovae de la pire g\u00e9n\u00e9ration. Il est donc le capitaine de son propre \u00e9quipage, les Fire Tanks. Avec son design fortement inspir\u00e9 des mafieux, ainsi que son nom, il est inspir\u00e9 du bandit Al Capone. C&#039;\" \/>\n<meta property=\"og:url\" content=\"https:\/\/boutique-one-piece.com\/nl\/one-piece-gezocht-poster\/capone-bege-gezocht-op-poster\/\" \/>\n<meta property=\"og:site_name\" content=\"Boutique One Piece\" \/>\n<meta property=\"article:modified_time\" content=\"2024-09-16T15:09:34+00:00\" \/>\n<meta property=\"og:image\" content=\"https:\/\/boutique-one-piece.com\/wp-content\/uploads\/2022\/09\/Avis-De-Recherche-Capone-Bege-Wanted.jpg\" \/>\n\t<meta property=\"og:image:width\" content=\"800\" \/>\n\t<meta property=\"og:image:height\" content=\"800\" \/>\n\t<meta property=\"og:image:type\" content=\"image\/jpeg\" \/>\n<meta name=\"twitter:card\" content=\"summary_large_image\" \/>\n<meta name=\"twitter:label1\" content=\"Geschatte leestijd\" \/>\n\t<meta name=\"twitter:data1\" content=\"2 minuten\" \/>\n<script type=\"application\/ld+json\" class=\"yoast-schema-graph\">{\"@context\":\"https:\\\/\\\/schema.org\",\"@graph\":[{\"@type\":\"WebPage\",\"@id\":\"https:\\\/\\\/boutique-one-piece.com\\\/avis-de-recherche-one-piece\\\/avis-de-recherche-capone-bege-wanted\\\/\",\"url\":\"https:\\\/\\\/boutique-one-piece.com\\\/avis-de-recherche-one-piece\\\/avis-de-recherche-capone-bege-wanted\\\/\",\"name\":\"Avis De Recherche Capone Bege Wanted | D\u00e9coration One Piece \u2013 Boutique One Piece\",\"isPartOf\":{\"@id\":\"https:\\\/\\\/boutique-one-piece.com\\\/#website\"},\"primaryImageOfPage\":{\"@id\":\"https:\\\/\\\/boutique-one-piece.com\\\/avis-de-recherche-one-piece\\\/avis-de-recherche-capone-bege-wanted\\\/#primaryimage\"},\"image\":{\"@id\":\"https:\\\/\\\/boutique-one-piece.com\\\/avis-de-recherche-one-piece\\\/avis-de-recherche-capone-bege-wanted\\\/#primaryimage\"},\"thumbnailUrl\":\"https:\\\/\\\/boutique-one-piece.com\\\/wp-content\\\/uploads\\\/2022\\\/09\\\/Avis-De-Recherche-Capone-Bege-Wanted.jpg\",\"datePublished\":\"2022-09-27T22:01:49+00:00\",\"dateModified\":\"2024-09-16T15:09:34+00:00\",\"description\":\"M\u00eale la mafia et la piraterie en craquant pour cet Avis de Recherche Capone Bege Wanted. Capone Gang Bege est un des supernovae de la pire g\u00e9n\u00e9ration. Il est donc le capitaine de son propre \u00e9quipage, les Fire Tanks. Avec son design fortement inspir\u00e9 des mafieux, ainsi que son nom, il est inspir\u00e9 du bandit Al Capone. C'\",\"breadcrumb\":{\"@id\":\"https:\\\/\\\/boutique-one-piece.com\\\/avis-de-recherche-one-piece\\\/avis-de-recherche-capone-bege-wanted\\\/#breadcrumb\"},\"inLanguage\":\"nl-NL\",\"potentialAction\":[{\"@type\":\"ReadAction\",\"target\":[\"https:\\\/\\\/boutique-one-piece.com\\\/avis-de-recherche-one-piece\\\/avis-de-recherche-capone-bege-wanted\\\/\"]}]},{\"@type\":\"ImageObject\",\"inLanguage\":\"nl-NL\",\"@id\":\"https:\\\/\\\/boutique-one-piece.com\\\/avis-de-recherche-one-piece\\\/avis-de-recherche-capone-bege-wanted\\\/#primaryimage\",\"url\":\"https:\\\/\\\/boutique-one-piece.com\\\/wp-content\\\/uploads\\\/2022\\\/09\\\/Avis-De-Recherche-Capone-Bege-Wanted.jpg\",\"contentUrl\":\"https:\\\/\\\/boutique-one-piece.com\\\/wp-content\\\/uploads\\\/2022\\\/09\\\/Avis-De-Recherche-Capone-Bege-Wanted.jpg\",\"width\":800,\"height\":800,\"caption\":\"000\"},{\"@type\":\"BreadcrumbList\",\"@id\":\"https:\\\/\\\/boutique-one-piece.com\\\/avis-de-recherche-one-piece\\\/avis-de-recherche-capone-bege-wanted\\\/#breadcrumb\",\"itemListElement\":[{\"@type\":\"ListItem\",\"position\":1,\"name\":\"Home\",\"item\":\"https:\\\/\\\/boutique-one-piece.com\\\/\"},{\"@type\":\"ListItem\",\"position\":2,\"name\":\"Shop\",\"item\":\"https:\\\/\\\/boutique-one-piece.com\\\/shop\\\/\"},{\"@type\":\"ListItem\",\"position\":3,\"name\":\"Avis De Recherche Capone Bege Wanted\"}]},{\"@type\":\"WebSite\",\"@id\":\"https:\\\/\\\/boutique-one-piece.com\\\/#website\",\"url\":\"https:\\\/\\\/boutique-one-piece.com\\\/\",\"name\":\"Boutique One Piece\",\"description\":\"Magasin Sp\u00e9cialis\u00e9 du Manga et l&#039;Anime One Piece\",\"publisher\":{\"@id\":\"https:\\\/\\\/boutique-one-piece.com\\\/#organization\"},\"potentialAction\":[{\"@type\":\"SearchAction\",\"target\":{\"@type\":\"EntryPoint\",\"urlTemplate\":\"https:\\\/\\\/boutique-one-piece.com\\\/?s={search_term_string}\"},\"query-input\":{\"@type\":\"PropertyValueSpecification\",\"valueRequired\":true,\"valueName\":\"search_term_string\"}}],\"inLanguage\":\"nl-NL\"},{\"@type\":\"Organization\",\"@id\":\"https:\\\/\\\/boutique-one-piece.com\\\/#organization\",\"name\":\"Boutique One Piece\",\"url\":\"https:\\\/\\\/boutique-one-piece.com\\\/\",\"logo\":{\"@type\":\"ImageObject\",\"inLanguage\":\"nl-NL\",\"@id\":\"https:\\\/\\\/boutique-one-piece.com\\\/#\\\/schema\\\/logo\\\/image\\\/\",\"url\":\"https:\\\/\\\/boutique-one-piece.com\\\/wp-content\\\/uploads\\\/2022\\\/09\\\/Logo-01.png\",\"contentUrl\":\"https:\\\/\\\/boutique-one-piece.com\\\/wp-content\\\/uploads\\\/2022\\\/09\\\/Logo-01.png\",\"width\":2318,\"height\":957,\"caption\":\"Boutique One Piece\"},\"image\":{\"@id\":\"https:\\\/\\\/boutique-one-piece.com\\\/#\\\/schema\\\/logo\\\/image\\\/\"}}]}<\/script>\n<!-- \/ Yoast SEO plugin. -->","yoast_head_json":{"title":"Capone Bege gezocht-poster | One Piece Decor \u2013 One Piece Shop","description":"Combineer maffia en piraterij met deze gezocht-poster van Capone Bege. Capone Gang Bege is een van de Supernova&#039;s van de Worst Generation. Hij is de kapitein van zijn eigen bemanning, de Fire Tanks. Zijn uiterlijk is sterk ge\u00efnspireerd op gangsters, net als zijn naam, en hij is gebaseerd op de gangster Al Capone.'","robots":{"index":"index","follow":"follow","max-snippet":"max-snippet:-1","max-image-preview":"max-image-preview:large","max-video-preview":"max-video-preview:-1"},"canonical":"https:\/\/boutique-one-piece.com\/nl\/one-piece-gezocht-poster\/capone-bege-gezocht-op-poster\/","og_locale":"nl_NL","og_type":"article","og_title":"Avis De Recherche Capone Bege Wanted | D\u00e9coration One Piece \u2013 Boutique One Piece","og_description":"M\u00eale la mafia et la piraterie en craquant pour cet Avis de Recherche Capone Bege Wanted. Capone Gang Bege est un des supernovae de la pire g\u00e9n\u00e9ration. Il est donc le capitaine de son propre \u00e9quipage, les Fire Tanks. Avec son design fortement inspir\u00e9 des mafieux, ainsi que son nom, il est inspir\u00e9 du bandit Al Capone. C'","og_url":"https:\/\/boutique-one-piece.com\/nl\/one-piece-gezocht-poster\/capone-bege-gezocht-op-poster\/","og_site_name":"Boutique One Piece","article_modified_time":"2024-09-16T15:09:34+00:00","og_image":[{"width":800,"height":800,"url":"https:\/\/boutique-one-piece.com\/wp-content\/uploads\/2022\/09\/Avis-De-Recherche-Capone-Bege-Wanted.jpg","type":"image\/jpeg"}],"twitter_card":"summary_large_image","twitter_misc":{"Geschatte leestijd":"2 minuten"},"schema":{"@context":"https:\/\/schema.org","@graph":[{"@type":"WebPage","@id":"https:\/\/boutique-one-piece.com\/avis-de-recherche-one-piece\/avis-de-recherche-capone-bege-wanted\/","url":"https:\/\/boutique-one-piece.com\/avis-de-recherche-one-piece\/avis-de-recherche-capone-bege-wanted\/","name":"Capone Bege gezocht-poster | One Piece Decor \u2013 One Piece Shop","isPartOf":{"@id":"https:\/\/boutique-one-piece.com\/#website"},"primaryImageOfPage":{"@id":"https:\/\/boutique-one-piece.com\/avis-de-recherche-one-piece\/avis-de-recherche-capone-bege-wanted\/#primaryimage"},"image":{"@id":"https:\/\/boutique-one-piece.com\/avis-de-recherche-one-piece\/avis-de-recherche-capone-bege-wanted\/#primaryimage"},"thumbnailUrl":"https:\/\/boutique-one-piece.com\/wp-content\/uploads\/2022\/09\/Avis-De-Recherche-Capone-Bege-Wanted.jpg","datePublished":"2022-09-27T22:01:49+00:00","dateModified":"2024-09-16T15:09:34+00:00","description":"Combineer maffia en piraterij met deze gezocht-poster van Capone Bege. Capone Gang Bege is een van de Supernova&#039;s van de Worst Generation. Hij is de kapitein van zijn eigen bemanning, de Fire Tanks. Zijn uiterlijk is sterk ge\u00efnspireerd op gangsters, net als zijn naam, en hij is gebaseerd op de gangster Al Capone.'","breadcrumb":{"@id":"https:\/\/boutique-one-piece.com\/avis-de-recherche-one-piece\/avis-de-recherche-capone-bege-wanted\/#breadcrumb"},"inLanguage":"nl-NL","potentialAction":[{"@type":"ReadAction","target":["https:\/\/boutique-one-piece.com\/avis-de-recherche-one-piece\/avis-de-recherche-capone-bege-wanted\/"]}]},{"@type":"ImageObject","inLanguage":"nl-NL","@id":"https:\/\/boutique-one-piece.com\/avis-de-recherche-one-piece\/avis-de-recherche-capone-bege-wanted\/#primaryimage","url":"https:\/\/boutique-one-piece.com\/wp-content\/uploads\/2022\/09\/Avis-De-Recherche-Capone-Bege-Wanted.jpg","contentUrl":"https:\/\/boutique-one-piece.com\/wp-content\/uploads\/2022\/09\/Avis-De-Recherche-Capone-Bege-Wanted.jpg","width":800,"height":800,"caption":"000"},{"@type":"BreadcrumbList","@id":"https:\/\/boutique-one-piece.com\/avis-de-recherche-one-piece\/avis-de-recherche-capone-bege-wanted\/#breadcrumb","itemListElement":[{"@type":"ListItem","position":1,"name":"Home","item":"https:\/\/boutique-one-piece.com\/"},{"@type":"ListItem","position":2,"name":"Shop","item":"https:\/\/boutique-one-piece.com\/shop\/"},{"@type":"ListItem","position":3,"name":"Avis De Recherche Capone Bege Wanted"}]},{"@type":"WebSite","@id":"https:\/\/boutique-one-piece.com\/#website","url":"https:\/\/boutique-one-piece.com\/","name":"One Piece Shop","description":"Gespecialiseerde winkel voor One Piece manga en anime.","publisher":{"@id":"https:\/\/boutique-one-piece.com\/#organization"},"potentialAction":[{"@type":"SearchAction","target":{"@type":"EntryPoint","urlTemplate":"https:\/\/boutique-one-piece.com\/?s={search_term_string}"},"query-input":{"@type":"PropertyValueSpecification","valueRequired":true,"valueName":"search_term_string"}}],"inLanguage":"nl-NL"},{"@type":"Organization","@id":"https:\/\/boutique-one-piece.com\/#organization","name":"One Piece Shop","url":"https:\/\/boutique-one-piece.com\/","logo":{"@type":"ImageObject","inLanguage":"nl-NL","@id":"https:\/\/boutique-one-piece.com\/#\/schema\/logo\/image\/","url":"https:\/\/boutique-one-piece.com\/wp-content\/uploads\/2022\/09\/Logo-01.png","contentUrl":"https:\/\/boutique-one-piece.com\/wp-content\/uploads\/2022\/09\/Logo-01.png","width":2318,"height":957,"caption":"Boutique One Piece"},"image":{"@id":"https:\/\/boutique-one-piece.com\/#\/schema\/logo\/image\/"}}]}},"_links":{"self":[{"href":"https:\/\/boutique-one-piece.com\/nl\/wp-json\/wp\/v2\/product\/17480","targetHints":{"allow":["GET"]}}],"collection":[{"href":"https:\/\/boutique-one-piece.com\/nl\/wp-json\/wp\/v2\/product"}],"about":[{"href":"https:\/\/boutique-one-piece.com\/nl\/wp-json\/wp\/v2\/types\/product"}],"replies":[{"embeddable":true,"href":"https:\/\/boutique-one-piece.com\/nl\/wp-json\/wp\/v2\/comments?post=17480"}],"wp:featuredmedia":[{"embeddable":true,"href":"https:\/\/boutique-one-piece.com\/nl\/wp-json\/wp\/v2\/media\/17482"}],"wp:attachment":[{"href":"https:\/\/boutique-one-piece.com\/nl\/wp-json\/wp\/v2\/media?parent=17480"}],"wp:term":[{"taxonomy":"product_brand","embeddable":true,"href":"https:\/\/boutique-one-piece.com\/nl\/wp-json\/wp\/v2\/product_brand?post=17480"},{"taxonomy":"product_cat","embeddable":true,"href":"https:\/\/boutique-one-piece.com\/nl\/wp-json\/wp\/v2\/product_cat?post=17480"},{"taxonomy":"product_tag","embeddable":true,"href":"https:\/\/boutique-one-piece.com\/nl\/wp-json\/wp\/v2\/product_tag?post=17480"}],"curies":[{"name":"wp","href":"https:\/\/api.w.org\/{rel}","templated":true}]}}