{"id":17878,"date":"2022-09-27T22:04:39","date_gmt":"2022-09-27T22:04:39","guid":{"rendered":"https:\/\/boutique-one-piece.com\/uncategorized\/avis-de-recherche-kuma-wanted\/"},"modified":"2024-09-16T15:20:40","modified_gmt":"2024-09-16T15:20:40","slug":"kuma-gezocht-poster","status":"publish","type":"product","link":"https:\/\/boutique-one-piece.com\/nl\/one-piece-gezocht-poster\/kuma-gezocht-poster\/","title":{"rendered":"Kuma Opsporingsbericht"},"content":{"rendered":"<h2>Geef de inrichting van je kamer een frisse, nieuwe look met deze Kuma Wanted-poster.<\/h2>\n<p>Gebruik deze poster over de premie die op Kuma&#039;s gevangenneming of dood staat om je kamer of kantoor een frisse look te geven. Kuma is een personage dat in het eerste deel van One Piece bijzonder opviel, omdat hij een <strong>Shichibukai<\/strong>, Een speciale status, omdat het betekent dat hij een piraat is met verplichtingen jegens de marine en de wereldregering.<\/p>\n<p>Kuma verschijnt meerdere keren opvallend tijdens Luffy&#039;s avontuur, met name in <strong>Sabaody<\/strong>, waarin hij met gemak alle Strohoeden verslaat. Hij is een personage wiens motivaties moeilijk te doorgronden zijn, aangezien hij een voormalige revolutionair is die ermee instemde om door de grootste wetenschapper in opdracht van de Marine, Vegapunk, te worden getransformeerd tot een cyborg, om zo een oorlogswapen te worden dat tegen andere piraten ingezet zal worden.<\/p>\n<h3>Pronk thuis met de prachtige erfenis van de voormalige revolutionair Kuma.<\/h3>\n<p>Het hoofd van Bartholomew Kuma is inderdaad 296 miljoen Berries waard, een flink bedrag in de wereld van de One Piece-manga. De houder van het hoofd van de One Piece-manga... <strong>Nikyu Nikyu<\/strong> No Mi is een mysterieus en zeer machtig personage wiens ware motieven iedereen graag zou willen kennen.<\/p>\n<p>Als je onze posters leuk vindt, vind je de Wanted-poster van misschien ook leuk. <a href=\"https:\/\/boutique-one-piece.com\/nl\/one-piece-gezocht-poster\/producten\/gezocht-one-piece-roronoa-zoro-gezocht\/\" target=\"_blank\" title=\"Roronoa Zoro gezocht\" rel=\"noopener noreferrer\">Roronoa Zoro<\/a>.<\/p>\n<p>\u00a0<\/p>\n<h2>Informatie over de One Piece Wanted Bartholomew Kuma-poster<\/h2>\n<ul>\n<li><span><b><u>One Piece Wanted Poster<\/u><\/b>\u00a0Een authentieke One Piece-opsporingsposter voor echte piraten.<\/span><\/li>\n<\/ul>\n<ul>\n<li>\n<b><u>De premie van Bartholomew Kuma<\/u><\/b>\u00a0296.000.000 bessen<\/li>\n<\/ul>\n<ul>\n<li><span><strong>Afdrukken van hoge kwaliteit<\/strong>\u00a0nauwkeurige kleuren<\/span><\/li>\n<\/ul>\n<ul>\n<li>\n<strong>Dimensie<\/strong>\u00a0: 51 cm x 36 cm<\/li>\n<\/ul>\n<ul>\n<li><span><strong>GRATIS BEZORGING<\/strong><\/span><\/li>\n<\/ul>","protected":false},"excerpt":{"rendered":"<p>Donne un nouveau souffle \u00e0 la d\u00e9coration de ta pi\u00e8ce gr\u00e2ce \u00e0 cet Avis de Recherche Kuma Wanted. Profite de cette affiche \u00e0 propos de la prime attribu\u00e9e pour la capture ou la mort de Kuma pour donner un nouvel \u00e9lan \u00e0 la d\u00e9coration de ta chambre ou de ton bureau. Kuma est un personnage [&hellip;]<\/p>","protected":false},"featured_media":17880,"comment_status":"open","ping_status":"open","template":"","meta":[],"product_brand":[],"product_cat":[171],"product_tag":[],"class_list":{"0":"post-17878","1":"product","2":"type-product","3":"status-publish","4":"has-post-thumbnail","6":"product_cat-avis-de-recherche-one-piece","8":"first","9":"instock","10":"purchasable","11":"product-type-simple"},"yoast_head":"<!-- This site is optimized with the Yoast SEO plugin v27.5 - https:\/\/yoast.com\/product\/yoast-seo-wordpress\/ -->\n<title>Avis De Recherche Kuma Wanted | D\u00e9coration One Piece \u2013 Boutique One Piece<\/title>\n<meta name=\"description\" content=\"Donne un nouveau souffle \u00e0 la d\u00e9coration de ta pi\u00e8ce gr\u00e2ce \u00e0 cet Avis de Recherche Kuma Wanted. Profite de cette affiche \u00e0 propos de la prime attribu\u00e9e pour la capture ou la mort de Kuma pour donner un nouvel \u00e9lan \u00e0 la d\u00e9coration de ta chambre ou de ton bureau. Kuma est un personnage qui a surtout marqu\u00e9 la premi\u00e8re pa\" \/>\n<meta name=\"robots\" content=\"index, follow, max-snippet:-1, max-image-preview:large, max-video-preview:-1\" \/>\n<link rel=\"canonical\" href=\"https:\/\/boutique-one-piece.com\/nl\/one-piece-gezocht-poster\/kuma-gezocht-poster\/\" \/>\n<meta property=\"og:locale\" content=\"nl_NL\" \/>\n<meta property=\"og:type\" content=\"article\" \/>\n<meta property=\"og:title\" content=\"Avis De Recherche Kuma Wanted | D\u00e9coration One Piece \u2013 Boutique One Piece\" \/>\n<meta property=\"og:description\" content=\"Donne un nouveau souffle \u00e0 la d\u00e9coration de ta pi\u00e8ce gr\u00e2ce \u00e0 cet Avis de Recherche Kuma Wanted. Profite de cette affiche \u00e0 propos de la prime attribu\u00e9e pour la capture ou la mort de Kuma pour donner un nouvel \u00e9lan \u00e0 la d\u00e9coration de ta chambre ou de ton bureau. Kuma est un personnage qui a surtout marqu\u00e9 la premi\u00e8re pa\" \/>\n<meta property=\"og:url\" content=\"https:\/\/boutique-one-piece.com\/nl\/one-piece-gezocht-poster\/kuma-gezocht-poster\/\" \/>\n<meta property=\"og:site_name\" content=\"Boutique One Piece\" \/>\n<meta property=\"article:modified_time\" content=\"2024-09-16T15:20:40+00:00\" \/>\n<meta property=\"og:image\" content=\"https:\/\/boutique-one-piece.com\/wp-content\/uploads\/2022\/09\/Avis-De-Recherche-Kuma-Wanted-1.jpg\" \/>\n\t<meta property=\"og:image:width\" content=\"800\" \/>\n\t<meta property=\"og:image:height\" content=\"800\" \/>\n\t<meta property=\"og:image:type\" content=\"image\/jpeg\" \/>\n<meta name=\"twitter:card\" content=\"summary_large_image\" \/>\n<meta name=\"twitter:label1\" content=\"Geschatte leestijd\" \/>\n\t<meta name=\"twitter:data1\" content=\"1 minuut\" \/>\n<script type=\"application\/ld+json\" class=\"yoast-schema-graph\">{\"@context\":\"https:\\\/\\\/schema.org\",\"@graph\":[{\"@type\":\"WebPage\",\"@id\":\"https:\\\/\\\/boutique-one-piece.com\\\/avis-de-recherche-one-piece\\\/avis-de-recherche-kuma-wanted\\\/\",\"url\":\"https:\\\/\\\/boutique-one-piece.com\\\/avis-de-recherche-one-piece\\\/avis-de-recherche-kuma-wanted\\\/\",\"name\":\"Avis De Recherche Kuma Wanted | D\u00e9coration One Piece \u2013 Boutique One Piece\",\"isPartOf\":{\"@id\":\"https:\\\/\\\/boutique-one-piece.com\\\/#website\"},\"primaryImageOfPage\":{\"@id\":\"https:\\\/\\\/boutique-one-piece.com\\\/avis-de-recherche-one-piece\\\/avis-de-recherche-kuma-wanted\\\/#primaryimage\"},\"image\":{\"@id\":\"https:\\\/\\\/boutique-one-piece.com\\\/avis-de-recherche-one-piece\\\/avis-de-recherche-kuma-wanted\\\/#primaryimage\"},\"thumbnailUrl\":\"https:\\\/\\\/boutique-one-piece.com\\\/wp-content\\\/uploads\\\/2022\\\/09\\\/Avis-De-Recherche-Kuma-Wanted-1.jpg\",\"datePublished\":\"2022-09-27T22:04:39+00:00\",\"dateModified\":\"2024-09-16T15:20:40+00:00\",\"description\":\"Donne un nouveau souffle \u00e0 la d\u00e9coration de ta pi\u00e8ce gr\u00e2ce \u00e0 cet Avis de Recherche Kuma Wanted. Profite de cette affiche \u00e0 propos de la prime attribu\u00e9e pour la capture ou la mort de Kuma pour donner un nouvel \u00e9lan \u00e0 la d\u00e9coration de ta chambre ou de ton bureau. Kuma est un personnage qui a surtout marqu\u00e9 la premi\u00e8re pa\",\"breadcrumb\":{\"@id\":\"https:\\\/\\\/boutique-one-piece.com\\\/avis-de-recherche-one-piece\\\/avis-de-recherche-kuma-wanted\\\/#breadcrumb\"},\"inLanguage\":\"nl-NL\",\"potentialAction\":[{\"@type\":\"ReadAction\",\"target\":[\"https:\\\/\\\/boutique-one-piece.com\\\/avis-de-recherche-one-piece\\\/avis-de-recherche-kuma-wanted\\\/\"]}]},{\"@type\":\"ImageObject\",\"inLanguage\":\"nl-NL\",\"@id\":\"https:\\\/\\\/boutique-one-piece.com\\\/avis-de-recherche-one-piece\\\/avis-de-recherche-kuma-wanted\\\/#primaryimage\",\"url\":\"https:\\\/\\\/boutique-one-piece.com\\\/wp-content\\\/uploads\\\/2022\\\/09\\\/Avis-De-Recherche-Kuma-Wanted-1.jpg\",\"contentUrl\":\"https:\\\/\\\/boutique-one-piece.com\\\/wp-content\\\/uploads\\\/2022\\\/09\\\/Avis-De-Recherche-Kuma-Wanted-1.jpg\",\"width\":800,\"height\":800},{\"@type\":\"BreadcrumbList\",\"@id\":\"https:\\\/\\\/boutique-one-piece.com\\\/avis-de-recherche-one-piece\\\/avis-de-recherche-kuma-wanted\\\/#breadcrumb\",\"itemListElement\":[{\"@type\":\"ListItem\",\"position\":1,\"name\":\"Home\",\"item\":\"https:\\\/\\\/boutique-one-piece.com\\\/\"},{\"@type\":\"ListItem\",\"position\":2,\"name\":\"Shop\",\"item\":\"https:\\\/\\\/boutique-one-piece.com\\\/shop\\\/\"},{\"@type\":\"ListItem\",\"position\":3,\"name\":\"Avis De Recherche Kuma Wanted\"}]},{\"@type\":\"WebSite\",\"@id\":\"https:\\\/\\\/boutique-one-piece.com\\\/#website\",\"url\":\"https:\\\/\\\/boutique-one-piece.com\\\/\",\"name\":\"Boutique One Piece\",\"description\":\"Magasin Sp\u00e9cialis\u00e9 du Manga et l&#039;Anime One Piece\",\"publisher\":{\"@id\":\"https:\\\/\\\/boutique-one-piece.com\\\/#organization\"},\"potentialAction\":[{\"@type\":\"SearchAction\",\"target\":{\"@type\":\"EntryPoint\",\"urlTemplate\":\"https:\\\/\\\/boutique-one-piece.com\\\/?s={search_term_string}\"},\"query-input\":{\"@type\":\"PropertyValueSpecification\",\"valueRequired\":true,\"valueName\":\"search_term_string\"}}],\"inLanguage\":\"nl-NL\"},{\"@type\":\"Organization\",\"@id\":\"https:\\\/\\\/boutique-one-piece.com\\\/#organization\",\"name\":\"Boutique One Piece\",\"url\":\"https:\\\/\\\/boutique-one-piece.com\\\/\",\"logo\":{\"@type\":\"ImageObject\",\"inLanguage\":\"nl-NL\",\"@id\":\"https:\\\/\\\/boutique-one-piece.com\\\/#\\\/schema\\\/logo\\\/image\\\/\",\"url\":\"https:\\\/\\\/boutique-one-piece.com\\\/wp-content\\\/uploads\\\/2022\\\/09\\\/Logo-01.png\",\"contentUrl\":\"https:\\\/\\\/boutique-one-piece.com\\\/wp-content\\\/uploads\\\/2022\\\/09\\\/Logo-01.png\",\"width\":2318,\"height\":957,\"caption\":\"Boutique One Piece\"},\"image\":{\"@id\":\"https:\\\/\\\/boutique-one-piece.com\\\/#\\\/schema\\\/logo\\\/image\\\/\"}}]}<\/script>\n<!-- \/ Yoast SEO plugin. -->","yoast_head_json":{"title":"Kuma gezocht | One Piece Decoraties \u2013 One Piece Winkel","description":"Geef je kamer een frisse look met deze Kuma Wanted-poster. Gebruik deze poster, waarop de beloning voor Kuma&#039;s gevangenneming of dood staat vermeld, om je slaapkamer- of kantoorinrichting een nieuwe uitstraling te geven. Kuma is een personage dat een grote impact heeft gehad, vooral in het eerste deel van de serie.","robots":{"index":"index","follow":"follow","max-snippet":"max-snippet:-1","max-image-preview":"max-image-preview:large","max-video-preview":"max-video-preview:-1"},"canonical":"https:\/\/boutique-one-piece.com\/nl\/one-piece-gezocht-poster\/kuma-gezocht-poster\/","og_locale":"nl_NL","og_type":"article","og_title":"Avis De Recherche Kuma Wanted | D\u00e9coration One Piece \u2013 Boutique One Piece","og_description":"Donne un nouveau souffle \u00e0 la d\u00e9coration de ta pi\u00e8ce gr\u00e2ce \u00e0 cet Avis de Recherche Kuma Wanted. Profite de cette affiche \u00e0 propos de la prime attribu\u00e9e pour la capture ou la mort de Kuma pour donner un nouvel \u00e9lan \u00e0 la d\u00e9coration de ta chambre ou de ton bureau. Kuma est un personnage qui a surtout marqu\u00e9 la premi\u00e8re pa","og_url":"https:\/\/boutique-one-piece.com\/nl\/one-piece-gezocht-poster\/kuma-gezocht-poster\/","og_site_name":"Boutique One Piece","article_modified_time":"2024-09-16T15:20:40+00:00","og_image":[{"width":800,"height":800,"url":"https:\/\/boutique-one-piece.com\/wp-content\/uploads\/2022\/09\/Avis-De-Recherche-Kuma-Wanted-1.jpg","type":"image\/jpeg"}],"twitter_card":"summary_large_image","twitter_misc":{"Geschatte leestijd":"1 minuut"},"schema":{"@context":"https:\/\/schema.org","@graph":[{"@type":"WebPage","@id":"https:\/\/boutique-one-piece.com\/avis-de-recherche-one-piece\/avis-de-recherche-kuma-wanted\/","url":"https:\/\/boutique-one-piece.com\/avis-de-recherche-one-piece\/avis-de-recherche-kuma-wanted\/","name":"Kuma gezocht | One Piece Decoraties \u2013 One Piece Winkel","isPartOf":{"@id":"https:\/\/boutique-one-piece.com\/#website"},"primaryImageOfPage":{"@id":"https:\/\/boutique-one-piece.com\/avis-de-recherche-one-piece\/avis-de-recherche-kuma-wanted\/#primaryimage"},"image":{"@id":"https:\/\/boutique-one-piece.com\/avis-de-recherche-one-piece\/avis-de-recherche-kuma-wanted\/#primaryimage"},"thumbnailUrl":"https:\/\/boutique-one-piece.com\/wp-content\/uploads\/2022\/09\/Avis-De-Recherche-Kuma-Wanted-1.jpg","datePublished":"2022-09-27T22:04:39+00:00","dateModified":"2024-09-16T15:20:40+00:00","description":"Geef je kamer een frisse look met deze Kuma Wanted-poster. Gebruik deze poster, waarop de beloning voor Kuma&#039;s gevangenneming of dood staat vermeld, om je slaapkamer- of kantoorinrichting een nieuwe uitstraling te geven. Kuma is een personage dat een grote impact heeft gehad, vooral in het eerste deel van de serie.","breadcrumb":{"@id":"https:\/\/boutique-one-piece.com\/avis-de-recherche-one-piece\/avis-de-recherche-kuma-wanted\/#breadcrumb"},"inLanguage":"nl-NL","potentialAction":[{"@type":"ReadAction","target":["https:\/\/boutique-one-piece.com\/avis-de-recherche-one-piece\/avis-de-recherche-kuma-wanted\/"]}]},{"@type":"ImageObject","inLanguage":"nl-NL","@id":"https:\/\/boutique-one-piece.com\/avis-de-recherche-one-piece\/avis-de-recherche-kuma-wanted\/#primaryimage","url":"https:\/\/boutique-one-piece.com\/wp-content\/uploads\/2022\/09\/Avis-De-Recherche-Kuma-Wanted-1.jpg","contentUrl":"https:\/\/boutique-one-piece.com\/wp-content\/uploads\/2022\/09\/Avis-De-Recherche-Kuma-Wanted-1.jpg","width":800,"height":800},{"@type":"BreadcrumbList","@id":"https:\/\/boutique-one-piece.com\/avis-de-recherche-one-piece\/avis-de-recherche-kuma-wanted\/#breadcrumb","itemListElement":[{"@type":"ListItem","position":1,"name":"Home","item":"https:\/\/boutique-one-piece.com\/"},{"@type":"ListItem","position":2,"name":"Shop","item":"https:\/\/boutique-one-piece.com\/shop\/"},{"@type":"ListItem","position":3,"name":"Avis De Recherche Kuma Wanted"}]},{"@type":"WebSite","@id":"https:\/\/boutique-one-piece.com\/#website","url":"https:\/\/boutique-one-piece.com\/","name":"One Piece Shop","description":"Gespecialiseerde winkel voor One Piece manga en anime.","publisher":{"@id":"https:\/\/boutique-one-piece.com\/#organization"},"potentialAction":[{"@type":"SearchAction","target":{"@type":"EntryPoint","urlTemplate":"https:\/\/boutique-one-piece.com\/?s={search_term_string}"},"query-input":{"@type":"PropertyValueSpecification","valueRequired":true,"valueName":"search_term_string"}}],"inLanguage":"nl-NL"},{"@type":"Organization","@id":"https:\/\/boutique-one-piece.com\/#organization","name":"One Piece Shop","url":"https:\/\/boutique-one-piece.com\/","logo":{"@type":"ImageObject","inLanguage":"nl-NL","@id":"https:\/\/boutique-one-piece.com\/#\/schema\/logo\/image\/","url":"https:\/\/boutique-one-piece.com\/wp-content\/uploads\/2022\/09\/Logo-01.png","contentUrl":"https:\/\/boutique-one-piece.com\/wp-content\/uploads\/2022\/09\/Logo-01.png","width":2318,"height":957,"caption":"Boutique One Piece"},"image":{"@id":"https:\/\/boutique-one-piece.com\/#\/schema\/logo\/image\/"}}]}},"_links":{"self":[{"href":"https:\/\/boutique-one-piece.com\/nl\/wp-json\/wp\/v2\/product\/17878","targetHints":{"allow":["GET"]}}],"collection":[{"href":"https:\/\/boutique-one-piece.com\/nl\/wp-json\/wp\/v2\/product"}],"about":[{"href":"https:\/\/boutique-one-piece.com\/nl\/wp-json\/wp\/v2\/types\/product"}],"replies":[{"embeddable":true,"href":"https:\/\/boutique-one-piece.com\/nl\/wp-json\/wp\/v2\/comments?post=17878"}],"wp:featuredmedia":[{"embeddable":true,"href":"https:\/\/boutique-one-piece.com\/nl\/wp-json\/wp\/v2\/media\/17880"}],"wp:attachment":[{"href":"https:\/\/boutique-one-piece.com\/nl\/wp-json\/wp\/v2\/media?parent=17878"}],"wp:term":[{"taxonomy":"product_brand","embeddable":true,"href":"https:\/\/boutique-one-piece.com\/nl\/wp-json\/wp\/v2\/product_brand?post=17878"},{"taxonomy":"product_cat","embeddable":true,"href":"https:\/\/boutique-one-piece.com\/nl\/wp-json\/wp\/v2\/product_cat?post=17878"},{"taxonomy":"product_tag","embeddable":true,"href":"https:\/\/boutique-one-piece.com\/nl\/wp-json\/wp\/v2\/product_tag?post=17878"}],"curies":[{"name":"wp","href":"https:\/\/api.w.org\/{rel}","templated":true}]}}