{"id":8140,"date":"2022-09-27T18:53:09","date_gmt":"2022-09-27T18:53:09","guid":{"rendered":"https:\/\/boutique-one-piece.com\/uncategorized\/short-de-bain-one-piece-aokiji-vs-akainu\/"},"modified":"2024-09-16T11:12:02","modified_gmt":"2024-09-16T11:12:02","slug":"zwembroek-uit-een-stuk-aokiji-vs-akainu","status":"publish","type":"product","link":"https:\/\/boutique-one-piece.com\/nl\/one-piece-kleding\/zwembroek-uit-een-stuk\/zwembroek-uit-een-stuk-aokiji-vs-akainu\/","title":{"rendered":"One Piece zwembroek Aokiji vs. Akainu"},"content":{"rendered":"<p><meta charset=\"utf-8\"><meta charset=\"utf-8\"><meta charset=\"utf-8\"><\/p>\n<h2>One Piece zwembroek met Kuzan vs. Sakazuki-print, een kwaliteitszwembroek voor een piraat zoals jij!<\/h2>\n<p>Als u een<span>\u00a0<\/span><strong>echte piraat<\/strong>, Uw inzet zal gewaardeerd worden.<span>\u00a0<\/span><strong>kwaliteit van materialen,<\/strong>\u00a0van de<span>\u00a0<\/span><strong>ontwerp<span>\u00a0<\/span><\/strong>En<strong><span>\u00a0<\/span>3D-printen<\/strong>\u00a0hiervan<span>\u00a0<\/span><strong>One Piece zwembroek<\/strong><span>\u00a0<\/span>Maar het allerbelangrijkste: met deze shorts maak je deel uit van...<span>\u00a0<\/span><strong>de fanploeg<\/strong><span>\u00a0<\/span>van<span>\u00a0<\/span><strong>piratenmanga<\/strong><span>\u00a0<\/span>en u zult het volgende verkrijgen:<\/p>\n<ul>\n<li>\u00a0<strong>Bewondering<\/strong><span>\u00a0<\/span>van alle fans van<span>\u00a0<\/span><strong>mugiwara<\/strong><span>\u00a0<\/span>die je zult ontmoeten<\/li>\n<\/ul>\n<ul>\n<li>Een echte<span>\u00a0<\/span><strong>Bedrukte zwemshorts<\/strong><span>\u00a0<\/span>waarmee je kunt zwemmen op<span>\u00a0<\/span><strong>Grand Line<\/strong>, Maar pas op, het is niet aan te raden om de zee in te gaan als je er een hebt gegeten.<span>\u00a0<\/span><strong>duivelsvrucht<\/strong>\n<\/li>\n<\/ul>\n<p>Dus, klaar om aan te trekken<span>\u00a0<\/span><strong>kleuren <\/strong>van uw<strong> Favoriete manga<\/strong><span>\u00a0<\/span>?<\/p>\n<h2>Ben je fan van de One Piece manga of anime? Laat het zien met deze zwembroek!<\/h2>\n<p>Als u<span>\u00a0<\/span><strong>lezen<\/strong><span>\u00a0<\/span>of waar je ook kijkt<span>\u00a0<\/span><strong>Japanse anime<\/strong>, De kans is groot dat je bent geworden<span>\u00a0<\/span><strong>Ik ben helemaal gek op One Piece.<\/strong><span>\u00a0<\/span>Hiermee!<span>\u00a0<\/span><strong>zwembroek<\/strong><span>\u00a0<\/span><strong>Akainu versus Aokiji<\/strong>, sluit je bij hem aan<span>\u00a0<\/span><strong>bemanning<\/strong><\/p>\n<p>Deze shorts zijn verkrijgbaar in de maten<span>\u00a0<\/span><strong>XXS, XS, S, M, L, XL<\/strong>, Het is geschikt voor alle soorten piraten, zelfs als je er geen hebt.<span>\u00a0<\/span><strong>zwaard<\/strong>\u00a0of<span>\u00a0<\/span><strong>duivelsvrucht<\/strong><span>\u00a0<\/span>Je kunt het nog steeds dragen.\u00a0<\/p>\n<p><strong>Sakasuki <\/strong>En <strong>Kuzan<\/strong> waren <strong>twee admiraals<\/strong> van de marine, na het vertrek van <strong>Sengoku<\/strong> op zijn post <strong>van Admiraal-in-Chief<\/strong>, A <strong>gevecht<\/strong> vond plaats tussen <strong>Aokiji en Akainu de Rode Hond<\/strong>. De confrontatie duurde <strong>10 dagen<\/strong> en het vond plaats op het eiland <strong>Punk Hazard<\/strong>, Het eiland werd verwoest door de <strong>stroom<\/strong> bevrijd door deze twee personages. Eindelijk, na dit ongelooflijke gevecht. <strong>Sakasuki kwam als winnaar uit de bus<\/strong>, Daarom werd hij benoemd tot admiraal-opperbevelhebber. <strong>Kuzan verliet de marine.<\/strong>.<\/p>\n<h3><span>Vergeet niet de maattabel hieronder te bekijken.<\/span><\/h3>\n<p><span><img decoding=\"async\" alt=\"Maattabel Baim one-piece shorts XXS, XS, S, M, L, XL\" src=\"https:\/\/cdn.shopify.com\/s\/files\/1\/0087\/7556\/5348\/files\/boutque_one__piece_tableau_taille_short_de_bain_large.jpg?v=1560446518\"><\/span><\/p>\n<h3>Wasvoorschriften:<\/h3>\n<ul>\n<li>Machinewas op 30\u00b0C, fijnwasprogramma.<\/li>\n<\/ul>\n<ul>\n<li>Strijk aan de achterkant<\/li>\n<\/ul>\n<p>Voor<span>\u00a0<\/span><strong>behoud de kwaliteit<\/strong><span>\u00a0<\/span>hiervan\u00a0<strong>Zwembroek uit \u00e9\u00e9n stuk<\/strong>, Wij raden u aan om<span>\u00a0<\/span><strong>respect<\/strong><span>\u00a0<\/span>DE<span>\u00a0<\/span><strong>wasvoorschriften<\/strong>.<\/p>\n<ul><\/ul>\n<ul><\/ul>\n<ul><\/ul>","protected":false},"excerpt":{"rendered":"<p>One Piece zwembroek met Kuzan vs. Sakazuki: hoogwaardige zwembroek voor een piraat zoals jij! Als je een echte piraat bent, zul je de kwaliteit van de materialen, het ontwerp en de 3D-print van deze One Piece zwembroek zeker waarderen! Maar het allerbelangrijkste: met deze broek maak je deel uit van de fanbasis van de piratenmanga en zul je de bewondering van alle fans winnen [\u2026]<\/p>","protected":false},"featured_media":8142,"comment_status":"open","ping_status":"open","template":"","meta":[],"product_brand":[],"product_cat":[66],"product_tag":[67,68],"class_list":{"0":"post-8140","1":"product","2":"type-product","3":"status-publish","4":"has-post-thumbnail","6":"product_cat-shorts-de-bain-one-piece","7":"product_tag-akainu","8":"product_tag-aokiji","10":"first","11":"instock","12":"purchasable","13":"product-type-variable","14":"has-default-attributes"},"yoast_head":"<!-- This site is optimized with the Yoast SEO plugin v27.5 - https:\/\/yoast.com\/product\/yoast-seo-wordpress\/ -->\n<title>Short De Bain Aokiji Vs Akainu | Boutique One Piece<\/title>\n<meta name=\"description\" content=\"Short Imprim\u00e9 One Piece avec Sakasuki et Kuzane l&#039;Affrontement \u00c9pic Fan de l&#039;Univers du Manga de Pirates Portez ce Short de Bain de Votre Licence Pr\u00e9f\u00e9r\u00e9\" \/>\n<meta name=\"robots\" content=\"index, follow, max-snippet:-1, max-image-preview:large, max-video-preview:-1\" \/>\n<link rel=\"canonical\" href=\"https:\/\/boutique-one-piece.com\/nl\/one-piece-kleding\/zwembroek-uit-een-stuk\/zwembroek-uit-een-stuk-aokiji-vs-akainu\/\" \/>\n<meta property=\"og:locale\" content=\"nl_NL\" \/>\n<meta property=\"og:type\" content=\"article\" \/>\n<meta property=\"og:title\" content=\"Short De Bain Aokiji Vs Akainu | Boutique One Piece\" \/>\n<meta property=\"og:description\" content=\"Short Imprim\u00e9 One Piece avec Sakasuki et Kuzane l&#039;Affrontement \u00c9pic Fan de l&#039;Univers du Manga de Pirates Portez ce Short de Bain de Votre Licence Pr\u00e9f\u00e9r\u00e9\" \/>\n<meta property=\"og:url\" content=\"https:\/\/boutique-one-piece.com\/nl\/one-piece-kleding\/zwembroek-uit-een-stuk\/zwembroek-uit-een-stuk-aokiji-vs-akainu\/\" \/>\n<meta property=\"og:site_name\" content=\"Boutique One Piece\" \/>\n<meta property=\"article:modified_time\" content=\"2024-09-16T11:12:02+00:00\" \/>\n<meta property=\"og:image\" content=\"https:\/\/boutique-one-piece.com\/wp-content\/uploads\/2022\/09\/Short-De-Bain-One-Piece-Aokiji-Vs-Akainu-1.jpg\" \/>\n\t<meta property=\"og:image:width\" content=\"800\" \/>\n\t<meta property=\"og:image:height\" content=\"800\" \/>\n\t<meta property=\"og:image:type\" content=\"image\/jpeg\" \/>\n<meta name=\"twitter:card\" content=\"summary_large_image\" \/>\n<meta name=\"twitter:label1\" content=\"Geschatte leestijd\" \/>\n\t<meta name=\"twitter:data1\" content=\"2 minuten\" \/>\n<script type=\"application\/ld+json\" class=\"yoast-schema-graph\">{\"@context\":\"https:\\\/\\\/schema.org\",\"@graph\":[{\"@type\":\"WebPage\",\"@id\":\"https:\\\/\\\/boutique-one-piece.com\\\/vetements-one-piece\\\/shorts-de-bain-one-piece\\\/short-de-bain-one-piece-aokiji-vs-akainu\\\/\",\"url\":\"https:\\\/\\\/boutique-one-piece.com\\\/vetements-one-piece\\\/shorts-de-bain-one-piece\\\/short-de-bain-one-piece-aokiji-vs-akainu\\\/\",\"name\":\"Short De Bain Aokiji Vs Akainu | Boutique One Piece\",\"isPartOf\":{\"@id\":\"https:\\\/\\\/boutique-one-piece.com\\\/#website\"},\"primaryImageOfPage\":{\"@id\":\"https:\\\/\\\/boutique-one-piece.com\\\/vetements-one-piece\\\/shorts-de-bain-one-piece\\\/short-de-bain-one-piece-aokiji-vs-akainu\\\/#primaryimage\"},\"image\":{\"@id\":\"https:\\\/\\\/boutique-one-piece.com\\\/vetements-one-piece\\\/shorts-de-bain-one-piece\\\/short-de-bain-one-piece-aokiji-vs-akainu\\\/#primaryimage\"},\"thumbnailUrl\":\"https:\\\/\\\/boutique-one-piece.com\\\/wp-content\\\/uploads\\\/2022\\\/09\\\/Short-De-Bain-One-Piece-Aokiji-Vs-Akainu-1.jpg\",\"datePublished\":\"2022-09-27T18:53:09+00:00\",\"dateModified\":\"2024-09-16T11:12:02+00:00\",\"description\":\"Short Imprim\u00e9 One Piece avec Sakasuki et Kuzane l'Affrontement \u00c9pic Fan de l'Univers du Manga de Pirates Portez ce Short de Bain de Votre Licence Pr\u00e9f\u00e9r\u00e9\",\"breadcrumb\":{\"@id\":\"https:\\\/\\\/boutique-one-piece.com\\\/vetements-one-piece\\\/shorts-de-bain-one-piece\\\/short-de-bain-one-piece-aokiji-vs-akainu\\\/#breadcrumb\"},\"inLanguage\":\"nl-NL\",\"potentialAction\":[{\"@type\":\"ReadAction\",\"target\":[\"https:\\\/\\\/boutique-one-piece.com\\\/vetements-one-piece\\\/shorts-de-bain-one-piece\\\/short-de-bain-one-piece-aokiji-vs-akainu\\\/\"]}]},{\"@type\":\"ImageObject\",\"inLanguage\":\"nl-NL\",\"@id\":\"https:\\\/\\\/boutique-one-piece.com\\\/vetements-one-piece\\\/shorts-de-bain-one-piece\\\/short-de-bain-one-piece-aokiji-vs-akainu\\\/#primaryimage\",\"url\":\"https:\\\/\\\/boutique-one-piece.com\\\/wp-content\\\/uploads\\\/2022\\\/09\\\/Short-De-Bain-One-Piece-Aokiji-Vs-Akainu-1.jpg\",\"contentUrl\":\"https:\\\/\\\/boutique-one-piece.com\\\/wp-content\\\/uploads\\\/2022\\\/09\\\/Short-De-Bain-One-Piece-Aokiji-Vs-Akainu-1.jpg\",\"width\":800,\"height\":800},{\"@type\":\"BreadcrumbList\",\"@id\":\"https:\\\/\\\/boutique-one-piece.com\\\/vetements-one-piece\\\/shorts-de-bain-one-piece\\\/short-de-bain-one-piece-aokiji-vs-akainu\\\/#breadcrumb\",\"itemListElement\":[{\"@type\":\"ListItem\",\"position\":1,\"name\":\"Home\",\"item\":\"https:\\\/\\\/boutique-one-piece.com\\\/\"},{\"@type\":\"ListItem\",\"position\":2,\"name\":\"Shop\",\"item\":\"https:\\\/\\\/boutique-one-piece.com\\\/shop\\\/\"},{\"@type\":\"ListItem\",\"position\":3,\"name\":\"Short De Bain One Piece Aokiji Vs Akainu\"}]},{\"@type\":\"WebSite\",\"@id\":\"https:\\\/\\\/boutique-one-piece.com\\\/#website\",\"url\":\"https:\\\/\\\/boutique-one-piece.com\\\/\",\"name\":\"Boutique One Piece\",\"description\":\"Magasin Sp\u00e9cialis\u00e9 du Manga et l&#039;Anime One Piece\",\"publisher\":{\"@id\":\"https:\\\/\\\/boutique-one-piece.com\\\/#organization\"},\"potentialAction\":[{\"@type\":\"SearchAction\",\"target\":{\"@type\":\"EntryPoint\",\"urlTemplate\":\"https:\\\/\\\/boutique-one-piece.com\\\/?s={search_term_string}\"},\"query-input\":{\"@type\":\"PropertyValueSpecification\",\"valueRequired\":true,\"valueName\":\"search_term_string\"}}],\"inLanguage\":\"nl-NL\"},{\"@type\":\"Organization\",\"@id\":\"https:\\\/\\\/boutique-one-piece.com\\\/#organization\",\"name\":\"Boutique One Piece\",\"url\":\"https:\\\/\\\/boutique-one-piece.com\\\/\",\"logo\":{\"@type\":\"ImageObject\",\"inLanguage\":\"nl-NL\",\"@id\":\"https:\\\/\\\/boutique-one-piece.com\\\/#\\\/schema\\\/logo\\\/image\\\/\",\"url\":\"https:\\\/\\\/boutique-one-piece.com\\\/wp-content\\\/uploads\\\/2022\\\/09\\\/Logo-01.png\",\"contentUrl\":\"https:\\\/\\\/boutique-one-piece.com\\\/wp-content\\\/uploads\\\/2022\\\/09\\\/Logo-01.png\",\"width\":2318,\"height\":957,\"caption\":\"Boutique One Piece\"},\"image\":{\"@id\":\"https:\\\/\\\/boutique-one-piece.com\\\/#\\\/schema\\\/logo\\\/image\\\/\"}}]}<\/script>\n<!-- \/ Yoast SEO plugin. -->","yoast_head_json":{"title":"Aokiji vs. Akainu zwembroek | One Piece Shop","description":"Zwembroek met One Piece-print, waarop Sakasuki en Kuzane te zien zijn uit de epische confrontatie. Fans van het piratenmanga-universum zouden deze zwembroek van hun favoriete franchise moeten dragen.","robots":{"index":"index","follow":"follow","max-snippet":"max-snippet:-1","max-image-preview":"max-image-preview:large","max-video-preview":"max-video-preview:-1"},"canonical":"https:\/\/boutique-one-piece.com\/nl\/one-piece-kleding\/zwembroek-uit-een-stuk\/zwembroek-uit-een-stuk-aokiji-vs-akainu\/","og_locale":"nl_NL","og_type":"article","og_title":"Short De Bain Aokiji Vs Akainu | Boutique One Piece","og_description":"Short Imprim\u00e9 One Piece avec Sakasuki et Kuzane l'Affrontement \u00c9pic Fan de l'Univers du Manga de Pirates Portez ce Short de Bain de Votre Licence Pr\u00e9f\u00e9r\u00e9","og_url":"https:\/\/boutique-one-piece.com\/nl\/one-piece-kleding\/zwembroek-uit-een-stuk\/zwembroek-uit-een-stuk-aokiji-vs-akainu\/","og_site_name":"Boutique One Piece","article_modified_time":"2024-09-16T11:12:02+00:00","og_image":[{"width":800,"height":800,"url":"https:\/\/boutique-one-piece.com\/wp-content\/uploads\/2022\/09\/Short-De-Bain-One-Piece-Aokiji-Vs-Akainu-1.jpg","type":"image\/jpeg"}],"twitter_card":"summary_large_image","twitter_misc":{"Geschatte leestijd":"2 minuten"},"schema":{"@context":"https:\/\/schema.org","@graph":[{"@type":"WebPage","@id":"https:\/\/boutique-one-piece.com\/vetements-one-piece\/shorts-de-bain-one-piece\/short-de-bain-one-piece-aokiji-vs-akainu\/","url":"https:\/\/boutique-one-piece.com\/vetements-one-piece\/shorts-de-bain-one-piece\/short-de-bain-one-piece-aokiji-vs-akainu\/","name":"Aokiji vs. Akainu zwembroek | One Piece Shop","isPartOf":{"@id":"https:\/\/boutique-one-piece.com\/#website"},"primaryImageOfPage":{"@id":"https:\/\/boutique-one-piece.com\/vetements-one-piece\/shorts-de-bain-one-piece\/short-de-bain-one-piece-aokiji-vs-akainu\/#primaryimage"},"image":{"@id":"https:\/\/boutique-one-piece.com\/vetements-one-piece\/shorts-de-bain-one-piece\/short-de-bain-one-piece-aokiji-vs-akainu\/#primaryimage"},"thumbnailUrl":"https:\/\/boutique-one-piece.com\/wp-content\/uploads\/2022\/09\/Short-De-Bain-One-Piece-Aokiji-Vs-Akainu-1.jpg","datePublished":"2022-09-27T18:53:09+00:00","dateModified":"2024-09-16T11:12:02+00:00","description":"Zwembroek met One Piece-print, waarop Sakasuki en Kuzane te zien zijn uit de epische confrontatie. Fans van het piratenmanga-universum zouden deze zwembroek van hun favoriete franchise moeten dragen.","breadcrumb":{"@id":"https:\/\/boutique-one-piece.com\/vetements-one-piece\/shorts-de-bain-one-piece\/short-de-bain-one-piece-aokiji-vs-akainu\/#breadcrumb"},"inLanguage":"nl-NL","potentialAction":[{"@type":"ReadAction","target":["https:\/\/boutique-one-piece.com\/vetements-one-piece\/shorts-de-bain-one-piece\/short-de-bain-one-piece-aokiji-vs-akainu\/"]}]},{"@type":"ImageObject","inLanguage":"nl-NL","@id":"https:\/\/boutique-one-piece.com\/vetements-one-piece\/shorts-de-bain-one-piece\/short-de-bain-one-piece-aokiji-vs-akainu\/#primaryimage","url":"https:\/\/boutique-one-piece.com\/wp-content\/uploads\/2022\/09\/Short-De-Bain-One-Piece-Aokiji-Vs-Akainu-1.jpg","contentUrl":"https:\/\/boutique-one-piece.com\/wp-content\/uploads\/2022\/09\/Short-De-Bain-One-Piece-Aokiji-Vs-Akainu-1.jpg","width":800,"height":800},{"@type":"BreadcrumbList","@id":"https:\/\/boutique-one-piece.com\/vetements-one-piece\/shorts-de-bain-one-piece\/short-de-bain-one-piece-aokiji-vs-akainu\/#breadcrumb","itemListElement":[{"@type":"ListItem","position":1,"name":"Home","item":"https:\/\/boutique-one-piece.com\/"},{"@type":"ListItem","position":2,"name":"Shop","item":"https:\/\/boutique-one-piece.com\/shop\/"},{"@type":"ListItem","position":3,"name":"Short De Bain One Piece Aokiji Vs Akainu"}]},{"@type":"WebSite","@id":"https:\/\/boutique-one-piece.com\/#website","url":"https:\/\/boutique-one-piece.com\/","name":"One Piece Shop","description":"Gespecialiseerde winkel voor One Piece manga en anime.","publisher":{"@id":"https:\/\/boutique-one-piece.com\/#organization"},"potentialAction":[{"@type":"SearchAction","target":{"@type":"EntryPoint","urlTemplate":"https:\/\/boutique-one-piece.com\/?s={search_term_string}"},"query-input":{"@type":"PropertyValueSpecification","valueRequired":true,"valueName":"search_term_string"}}],"inLanguage":"nl-NL"},{"@type":"Organization","@id":"https:\/\/boutique-one-piece.com\/#organization","name":"One Piece Shop","url":"https:\/\/boutique-one-piece.com\/","logo":{"@type":"ImageObject","inLanguage":"nl-NL","@id":"https:\/\/boutique-one-piece.com\/#\/schema\/logo\/image\/","url":"https:\/\/boutique-one-piece.com\/wp-content\/uploads\/2022\/09\/Logo-01.png","contentUrl":"https:\/\/boutique-one-piece.com\/wp-content\/uploads\/2022\/09\/Logo-01.png","width":2318,"height":957,"caption":"Boutique One Piece"},"image":{"@id":"https:\/\/boutique-one-piece.com\/#\/schema\/logo\/image\/"}}]}},"_links":{"self":[{"href":"https:\/\/boutique-one-piece.com\/nl\/wp-json\/wp\/v2\/product\/8140","targetHints":{"allow":["GET"]}}],"collection":[{"href":"https:\/\/boutique-one-piece.com\/nl\/wp-json\/wp\/v2\/product"}],"about":[{"href":"https:\/\/boutique-one-piece.com\/nl\/wp-json\/wp\/v2\/types\/product"}],"replies":[{"embeddable":true,"href":"https:\/\/boutique-one-piece.com\/nl\/wp-json\/wp\/v2\/comments?post=8140"}],"wp:featuredmedia":[{"embeddable":true,"href":"https:\/\/boutique-one-piece.com\/nl\/wp-json\/wp\/v2\/media\/8142"}],"wp:attachment":[{"href":"https:\/\/boutique-one-piece.com\/nl\/wp-json\/wp\/v2\/media?parent=8140"}],"wp:term":[{"taxonomy":"product_brand","embeddable":true,"href":"https:\/\/boutique-one-piece.com\/nl\/wp-json\/wp\/v2\/product_brand?post=8140"},{"taxonomy":"product_cat","embeddable":true,"href":"https:\/\/boutique-one-piece.com\/nl\/wp-json\/wp\/v2\/product_cat?post=8140"},{"taxonomy":"product_tag","embeddable":true,"href":"https:\/\/boutique-one-piece.com\/nl\/wp-json\/wp\/v2\/product_tag?post=8140"}],"curies":[{"name":"wp","href":"https:\/\/api.w.org\/{rel}","templated":true}]}}