{"id":8161,"date":"2022-09-27T18:53:21","date_gmt":"2022-09-27T18:53:21","guid":{"rendered":"https:\/\/boutique-one-piece.com\/uncategorized\/pull-one-piece-mini-monkey-d-luffy\/"},"modified":"2026-03-05T01:14:09","modified_gmt":"2026-03-05T01:14:09","slug":"one-piece-mini-monkey-d-luffy-trui","status":"publish","type":"product","link":"https:\/\/boutique-one-piece.com\/nl\/one-piece-goodies-2\/leuke-spulletjes-van-monkey-d-luffy-uit-one-piece\/one-piece-mini-monkey-d-luffy-trui\/","title":{"rendered":"One Piece Mini Monkey D. Luffy Trui"},"content":{"rendered":"<h2><b>One Piece Mini Luffy Strohoed Hoodie - Hoge kwaliteit: Deel je passie voor de piratenwereld in stijl! En sluit je aan bij de Strohoedbemanning!<\/b><\/h2>\n<ul>\n<li>\n<strong>Hoogwaardige One Piece trui&nbsp;<\/strong><span>:&nbsp;<\/span>Het heeft een hoog gewicht en is gemaakt van hoogwaardige materialen.<\/li>\n<\/ul>\n<ul>\n<li>\n<strong>Grote flexibiliteit&nbsp;<\/strong>Dankzij de elasticiteit kreukt het niet.<\/li>\n<\/ul>\n<ul>\n<li>\n<strong>Zeer comfortabel <\/strong>Dankzij de superzachte katoenvezels is er geen sprake van schuren.<\/li>\n<\/ul>\n<ul>\n<li>3D-digitale print, origineel ontwerp<\/li>\n<\/ul>\n<ul>\n<li>\n<b>Katoen<\/b><strong>&nbsp;organisch&nbsp;<\/strong>Hoogwaardig katoen met extra lange vezels<\/li>\n<\/ul>\n<ul>\n<li>\n<strong>Gratis bezorging&nbsp;<\/strong>voor elke aankoop<strong>&nbsp;<\/strong><\/li>\n<\/ul>\n<p>Vergeet niet de maattabel hieronder te bekijken.<\/p>\n<p><img decoding=\"async\" src=\"https:\/\/cdn.shopify.com\/s\/files\/1\/0087\/7556\/5348\/files\/boutque_one__piece__tableau__taille__pull_f532488a-6714-48f5-a98b-56bde6264406_large.jpg?v=1559838932\" alt=\"Maattabel voor One Piece-winkels\"><\/p>\n<h3>Wasvoorschriften:<\/h3>\n<ul>\n<li>Machinewas op 30\u00b0C, fijnwasprogramma.<\/li>\n<\/ul>\n<ul>\n<li>Strijk aan de achterkant<\/li>\n<\/ul>\n<p>Voor <strong>behoud de kwaliteit<\/strong> hiervan <strong>trui<\/strong><strong>&nbsp;One Piece<\/strong>, Wij raden u aan om <strong>respect<\/strong> DE <strong>wasvoorschriften<\/strong>.<\/p>","protected":false},"excerpt":{"rendered":"<p>One Piece Mini Luffy Strohoed Hoodie - Hoge kwaliteit: Deel je passie voor de piratenwereld in stijl! Sluit je aan bij de Strohoedbemanning! Hoodie van superieure kwaliteit: gemaakt van hoogwaardige materialen. Zeer flexibel: dankzij de elasticiteit kreukt hij niet. Erg comfortabel: met [\u2026]<\/p>","protected":false},"featured_media":8163,"comment_status":"open","ping_status":"open","template":"","meta":[],"product_brand":[],"product_cat":[80,81,54],"product_tag":[82,83,84,85,86,87,88,89,91,90,92,93,94,95,96,97,98,99,100,101,102,103],"class_list":{"0":"post-8161","1":"product","2":"type-product","3":"status-publish","4":"has-post-thumbnail","6":"product_cat-goodies-monkey-d-luffy-one-piece","7":"product_cat-pulls-one-piece","8":"product_cat-vetements-one-piece","9":"product_tag-100-coton","10":"product_tag-blanc","11":"product_tag-capuche","12":"product_tag-femme","13":"product_tag-gris","14":"product_tag-haute-qualite","15":"product_tag-homme","16":"product_tag-hoodie","17":"product_tag-impression-3d-manga","18":"product_tag-impression-par-sublimation","19":"product_tag-luffy","20":"product_tag-manche-longue","21":"product_tag-manga","22":"product_tag-mini-luffy","23":"product_tag-monkey-d-luffy","24":"product_tag-mugiwara","25":"product_tag-noir","26":"product_tag-one-piece","27":"product_tag-pas-chere","28":"product_tag-pull","29":"product_tag-rose","30":"product_tag-sweat","32":"first","33":"instock","34":"purchasable","35":"product-type-variable"},"yoast_head":"<!-- This site is optimized with the Yoast SEO plugin v27.5 - https:\/\/yoast.com\/product\/yoast-seo-wordpress\/ -->\n<title>Pull One Piece Mini Monkey D. Luffy | Boutique One Piece<\/title>\n<meta name=\"description\" content=\"Pull \u00e0 Capuche One Piece Mini Luffy au Chapeau de Paille de Tr\u00e8s Haute Qualit\u00e9 Partage ta Passion pour L&#039;univers des Pirates avec Style ! Et Rejoins l&#039;\u00c9quipage\" \/>\n<meta name=\"robots\" content=\"index, follow, max-snippet:-1, max-image-preview:large, max-video-preview:-1\" \/>\n<link rel=\"canonical\" href=\"https:\/\/boutique-one-piece.com\/nl\/one-piece-kleding\/one-piece-truien\/one-piece-mini-monkey-d-luffy-trui\/\" \/>\n<meta property=\"og:locale\" content=\"nl_NL\" \/>\n<meta property=\"og:type\" content=\"article\" \/>\n<meta property=\"og:title\" content=\"Pull One Piece Mini Monkey D. Luffy | Boutique One Piece\" \/>\n<meta property=\"og:description\" content=\"Pull \u00e0 Capuche One Piece Mini Luffy au Chapeau de Paille de Tr\u00e8s Haute Qualit\u00e9 Partage ta Passion pour L&#039;univers des Pirates avec Style ! Et Rejoins l&#039;\u00c9quipage\" \/>\n<meta property=\"og:url\" content=\"https:\/\/boutique-one-piece.com\/nl\/one-piece-kleding\/one-piece-truien\/one-piece-mini-monkey-d-luffy-trui\/\" \/>\n<meta property=\"og:site_name\" content=\"Boutique One Piece\" \/>\n<meta property=\"article:modified_time\" content=\"2026-03-05T01:14:09+00:00\" \/>\n<meta property=\"og:image\" content=\"https:\/\/boutique-one-piece.com\/wp-content\/uploads\/2022\/09\/Pull-One-Piece-Mini-Monkey-D.-Luffy.jpg\" \/>\n\t<meta property=\"og:image:width\" content=\"600\" \/>\n\t<meta property=\"og:image:height\" content=\"600\" \/>\n\t<meta property=\"og:image:type\" content=\"image\/jpeg\" \/>\n<meta name=\"twitter:card\" content=\"summary_large_image\" \/>\n<meta name=\"twitter:label1\" content=\"Geschatte leestijd\" \/>\n\t<meta name=\"twitter:data1\" content=\"2 minuten\" \/>\n<script type=\"application\/ld+json\" class=\"yoast-schema-graph\">{\"@context\":\"https:\\\/\\\/schema.org\",\"@graph\":[{\"@type\":\"WebPage\",\"@id\":\"https:\\\/\\\/boutique-one-piece.com\\\/vetements-one-piece\\\/pulls-one-piece\\\/pull-one-piece-mini-monkey-d-luffy\\\/\",\"url\":\"https:\\\/\\\/boutique-one-piece.com\\\/vetements-one-piece\\\/pulls-one-piece\\\/pull-one-piece-mini-monkey-d-luffy\\\/\",\"name\":\"Pull One Piece Mini Monkey D. Luffy | Boutique One Piece\",\"isPartOf\":{\"@id\":\"https:\\\/\\\/boutique-one-piece.com\\\/#website\"},\"primaryImageOfPage\":{\"@id\":\"https:\\\/\\\/boutique-one-piece.com\\\/vetements-one-piece\\\/pulls-one-piece\\\/pull-one-piece-mini-monkey-d-luffy\\\/#primaryimage\"},\"image\":{\"@id\":\"https:\\\/\\\/boutique-one-piece.com\\\/vetements-one-piece\\\/pulls-one-piece\\\/pull-one-piece-mini-monkey-d-luffy\\\/#primaryimage\"},\"thumbnailUrl\":\"https:\\\/\\\/boutique-one-piece.com\\\/wp-content\\\/uploads\\\/2022\\\/09\\\/Pull-One-Piece-Mini-Monkey-D.-Luffy.jpg\",\"datePublished\":\"2022-09-27T18:53:21+00:00\",\"dateModified\":\"2026-03-05T01:14:09+00:00\",\"description\":\"Pull \u00e0 Capuche One Piece Mini Luffy au Chapeau de Paille de Tr\u00e8s Haute Qualit\u00e9 Partage ta Passion pour L'univers des Pirates avec Style ! Et Rejoins l'\u00c9quipage\",\"breadcrumb\":{\"@id\":\"https:\\\/\\\/boutique-one-piece.com\\\/vetements-one-piece\\\/pulls-one-piece\\\/pull-one-piece-mini-monkey-d-luffy\\\/#breadcrumb\"},\"inLanguage\":\"nl-NL\",\"potentialAction\":[{\"@type\":\"ReadAction\",\"target\":[\"https:\\\/\\\/boutique-one-piece.com\\\/vetements-one-piece\\\/pulls-one-piece\\\/pull-one-piece-mini-monkey-d-luffy\\\/\"]}]},{\"@type\":\"ImageObject\",\"inLanguage\":\"nl-NL\",\"@id\":\"https:\\\/\\\/boutique-one-piece.com\\\/vetements-one-piece\\\/pulls-one-piece\\\/pull-one-piece-mini-monkey-d-luffy\\\/#primaryimage\",\"url\":\"https:\\\/\\\/boutique-one-piece.com\\\/wp-content\\\/uploads\\\/2022\\\/09\\\/Pull-One-Piece-Mini-Monkey-D.-Luffy.jpg\",\"contentUrl\":\"https:\\\/\\\/boutique-one-piece.com\\\/wp-content\\\/uploads\\\/2022\\\/09\\\/Pull-One-Piece-Mini-Monkey-D.-Luffy.jpg\",\"width\":600,\"height\":600,\"caption\":\"Pull One Piece Mini Monkey D. LuffyBlancxxl\"},{\"@type\":\"BreadcrumbList\",\"@id\":\"https:\\\/\\\/boutique-one-piece.com\\\/vetements-one-piece\\\/pulls-one-piece\\\/pull-one-piece-mini-monkey-d-luffy\\\/#breadcrumb\",\"itemListElement\":[{\"@type\":\"ListItem\",\"position\":1,\"name\":\"Home\",\"item\":\"https:\\\/\\\/boutique-one-piece.com\\\/\"},{\"@type\":\"ListItem\",\"position\":2,\"name\":\"Shop\",\"item\":\"https:\\\/\\\/boutique-one-piece.com\\\/shop\\\/\"},{\"@type\":\"ListItem\",\"position\":3,\"name\":\"Pull One Piece Mini Monkey D. Luffy\"}]},{\"@type\":\"WebSite\",\"@id\":\"https:\\\/\\\/boutique-one-piece.com\\\/#website\",\"url\":\"https:\\\/\\\/boutique-one-piece.com\\\/\",\"name\":\"Boutique One Piece\",\"description\":\"Magasin Sp\u00e9cialis\u00e9 du Manga et l&#039;Anime One Piece\",\"publisher\":{\"@id\":\"https:\\\/\\\/boutique-one-piece.com\\\/#organization\"},\"potentialAction\":[{\"@type\":\"SearchAction\",\"target\":{\"@type\":\"EntryPoint\",\"urlTemplate\":\"https:\\\/\\\/boutique-one-piece.com\\\/?s={search_term_string}\"},\"query-input\":{\"@type\":\"PropertyValueSpecification\",\"valueRequired\":true,\"valueName\":\"search_term_string\"}}],\"inLanguage\":\"nl-NL\"},{\"@type\":\"Organization\",\"@id\":\"https:\\\/\\\/boutique-one-piece.com\\\/#organization\",\"name\":\"Boutique One Piece\",\"url\":\"https:\\\/\\\/boutique-one-piece.com\\\/\",\"logo\":{\"@type\":\"ImageObject\",\"inLanguage\":\"nl-NL\",\"@id\":\"https:\\\/\\\/boutique-one-piece.com\\\/#\\\/schema\\\/logo\\\/image\\\/\",\"url\":\"https:\\\/\\\/boutique-one-piece.com\\\/wp-content\\\/uploads\\\/2022\\\/09\\\/Logo-01.png\",\"contentUrl\":\"https:\\\/\\\/boutique-one-piece.com\\\/wp-content\\\/uploads\\\/2022\\\/09\\\/Logo-01.png\",\"width\":2318,\"height\":957,\"caption\":\"Boutique One Piece\"},\"image\":{\"@id\":\"https:\\\/\\\/boutique-one-piece.com\\\/#\\\/schema\\\/logo\\\/image\\\/\"}}]}<\/script>\n<!-- \/ Yoast SEO plugin. -->","yoast_head_json":{"title":"One Piece Mini Monkey D. Luffy Trui | One Piece Winkel","description":"One Piece Mini Luffy Strohoed Hoodie - Hoge kwaliteit! Deel je passie voor de piratenwereld in stijl! En sluit je aan bij de bemanning!","robots":{"index":"index","follow":"follow","max-snippet":"max-snippet:-1","max-image-preview":"max-image-preview:large","max-video-preview":"max-video-preview:-1"},"canonical":"https:\/\/boutique-one-piece.com\/nl\/one-piece-kleding\/one-piece-truien\/one-piece-mini-monkey-d-luffy-trui\/","og_locale":"nl_NL","og_type":"article","og_title":"Pull One Piece Mini Monkey D. Luffy | Boutique One Piece","og_description":"Pull \u00e0 Capuche One Piece Mini Luffy au Chapeau de Paille de Tr\u00e8s Haute Qualit\u00e9 Partage ta Passion pour L'univers des Pirates avec Style ! Et Rejoins l'\u00c9quipage","og_url":"https:\/\/boutique-one-piece.com\/nl\/one-piece-kleding\/one-piece-truien\/one-piece-mini-monkey-d-luffy-trui\/","og_site_name":"Boutique One Piece","article_modified_time":"2026-03-05T01:14:09+00:00","og_image":[{"width":600,"height":600,"url":"https:\/\/boutique-one-piece.com\/wp-content\/uploads\/2022\/09\/Pull-One-Piece-Mini-Monkey-D.-Luffy.jpg","type":"image\/jpeg"}],"twitter_card":"summary_large_image","twitter_misc":{"Geschatte leestijd":"2 minuten"},"schema":{"@context":"https:\/\/schema.org","@graph":[{"@type":"WebPage","@id":"https:\/\/boutique-one-piece.com\/vetements-one-piece\/pulls-one-piece\/pull-one-piece-mini-monkey-d-luffy\/","url":"https:\/\/boutique-one-piece.com\/vetements-one-piece\/pulls-one-piece\/pull-one-piece-mini-monkey-d-luffy\/","name":"One Piece Mini Monkey D. Luffy Trui | One Piece Winkel","isPartOf":{"@id":"https:\/\/boutique-one-piece.com\/#website"},"primaryImageOfPage":{"@id":"https:\/\/boutique-one-piece.com\/vetements-one-piece\/pulls-one-piece\/pull-one-piece-mini-monkey-d-luffy\/#primaryimage"},"image":{"@id":"https:\/\/boutique-one-piece.com\/vetements-one-piece\/pulls-one-piece\/pull-one-piece-mini-monkey-d-luffy\/#primaryimage"},"thumbnailUrl":"https:\/\/boutique-one-piece.com\/wp-content\/uploads\/2022\/09\/Pull-One-Piece-Mini-Monkey-D.-Luffy.jpg","datePublished":"2022-09-27T18:53:21+00:00","dateModified":"2026-03-05T01:14:09+00:00","description":"One Piece Mini Luffy Strohoed Hoodie - Hoge kwaliteit! Deel je passie voor de piratenwereld in stijl! En sluit je aan bij de bemanning!","breadcrumb":{"@id":"https:\/\/boutique-one-piece.com\/vetements-one-piece\/pulls-one-piece\/pull-one-piece-mini-monkey-d-luffy\/#breadcrumb"},"inLanguage":"nl-NL","potentialAction":[{"@type":"ReadAction","target":["https:\/\/boutique-one-piece.com\/vetements-one-piece\/pulls-one-piece\/pull-one-piece-mini-monkey-d-luffy\/"]}]},{"@type":"ImageObject","inLanguage":"nl-NL","@id":"https:\/\/boutique-one-piece.com\/vetements-one-piece\/pulls-one-piece\/pull-one-piece-mini-monkey-d-luffy\/#primaryimage","url":"https:\/\/boutique-one-piece.com\/wp-content\/uploads\/2022\/09\/Pull-One-Piece-Mini-Monkey-D.-Luffy.jpg","contentUrl":"https:\/\/boutique-one-piece.com\/wp-content\/uploads\/2022\/09\/Pull-One-Piece-Mini-Monkey-D.-Luffy.jpg","width":600,"height":600,"caption":"Pull One Piece Mini Monkey D. LuffyBlancxxl"},{"@type":"BreadcrumbList","@id":"https:\/\/boutique-one-piece.com\/vetements-one-piece\/pulls-one-piece\/pull-one-piece-mini-monkey-d-luffy\/#breadcrumb","itemListElement":[{"@type":"ListItem","position":1,"name":"Home","item":"https:\/\/boutique-one-piece.com\/"},{"@type":"ListItem","position":2,"name":"Shop","item":"https:\/\/boutique-one-piece.com\/shop\/"},{"@type":"ListItem","position":3,"name":"Pull One Piece Mini Monkey D. Luffy"}]},{"@type":"WebSite","@id":"https:\/\/boutique-one-piece.com\/#website","url":"https:\/\/boutique-one-piece.com\/","name":"One Piece Shop","description":"Gespecialiseerde winkel voor One Piece manga en anime.","publisher":{"@id":"https:\/\/boutique-one-piece.com\/#organization"},"potentialAction":[{"@type":"SearchAction","target":{"@type":"EntryPoint","urlTemplate":"https:\/\/boutique-one-piece.com\/?s={search_term_string}"},"query-input":{"@type":"PropertyValueSpecification","valueRequired":true,"valueName":"search_term_string"}}],"inLanguage":"nl-NL"},{"@type":"Organization","@id":"https:\/\/boutique-one-piece.com\/#organization","name":"One Piece Shop","url":"https:\/\/boutique-one-piece.com\/","logo":{"@type":"ImageObject","inLanguage":"nl-NL","@id":"https:\/\/boutique-one-piece.com\/#\/schema\/logo\/image\/","url":"https:\/\/boutique-one-piece.com\/wp-content\/uploads\/2022\/09\/Logo-01.png","contentUrl":"https:\/\/boutique-one-piece.com\/wp-content\/uploads\/2022\/09\/Logo-01.png","width":2318,"height":957,"caption":"Boutique One Piece"},"image":{"@id":"https:\/\/boutique-one-piece.com\/#\/schema\/logo\/image\/"}}]}},"_links":{"self":[{"href":"https:\/\/boutique-one-piece.com\/nl\/wp-json\/wp\/v2\/product\/8161","targetHints":{"allow":["GET"]}}],"collection":[{"href":"https:\/\/boutique-one-piece.com\/nl\/wp-json\/wp\/v2\/product"}],"about":[{"href":"https:\/\/boutique-one-piece.com\/nl\/wp-json\/wp\/v2\/types\/product"}],"replies":[{"embeddable":true,"href":"https:\/\/boutique-one-piece.com\/nl\/wp-json\/wp\/v2\/comments?post=8161"}],"wp:featuredmedia":[{"embeddable":true,"href":"https:\/\/boutique-one-piece.com\/nl\/wp-json\/wp\/v2\/media\/8163"}],"wp:attachment":[{"href":"https:\/\/boutique-one-piece.com\/nl\/wp-json\/wp\/v2\/media?parent=8161"}],"wp:term":[{"taxonomy":"product_brand","embeddable":true,"href":"https:\/\/boutique-one-piece.com\/nl\/wp-json\/wp\/v2\/product_brand?post=8161"},{"taxonomy":"product_cat","embeddable":true,"href":"https:\/\/boutique-one-piece.com\/nl\/wp-json\/wp\/v2\/product_cat?post=8161"},{"taxonomy":"product_tag","embeddable":true,"href":"https:\/\/boutique-one-piece.com\/nl\/wp-json\/wp\/v2\/product_tag?post=8161"}],"curies":[{"name":"wp","href":"https:\/\/api.w.org\/{rel}","templated":true}]}}