{"id":8245,"date":"2022-09-27T18:53:47","date_gmt":"2022-09-27T18:53:47","guid":{"rendered":"https:\/\/boutique-one-piece.com\/uncategorized\/replique-one-piece-thousand-sunny\/"},"modified":"2024-09-16T11:14:25","modified_gmt":"2024-09-16T11:14:25","slug":"replica-one-piece-thousand-sunny","status":"publish","type":"product","link":"https:\/\/boutique-one-piece.com\/nl\/one-piece-beeldjes\/replica-one-piece-thousand-sunny\/","title":{"rendered":"Duizend Zonnige Boot"},"content":{"rendered":"<h2>Jonge piraat, beleef het One Piece-avontuur! Bestel nu dit Sunny One Piece-beeldje.<\/h2>\n<p>U bent er ongetwijfeld van op de hoogte dat de <strong>Duizend Zonnige<\/strong>, waarvan Franky, de ontwerper, liefkozend Sunny wordt genoemd, het tweede en huidige schip is van <strong>De Strohoedbemanning<\/strong>. Hij volgt de <strong>Vogue Merry<\/strong> omdat de toestand van laatstgenoemde te slecht was om hen hun avontuur te laten voortzetten.<\/p>\n<p>Het is een stevig schip, twee keer zo groot als de Going Merry. Het bevat diverse toevoegingen die de bemanning wilde hebben voordat ze in Water 7 aankwamen. Water 7 is een stad die bekendstaat om zijn scheepsbouwers met uitzonderlijke vaardigheden in het bouwen van allerlei soorten schepen. Tot slot, als echte fan van de serie, mag je dit niet missen! <a title=\"Een speelgoedbootje uit One Piece\" href=\"https:\/\/boutique-one-piece.com\/nl\/one-piece-beeldjes\/producten\/one-piece-replica-vogue-merry\/\" target=\"_blank\" rel=\"noopener\">replica van de Going Merry<\/a>.<\/p>\n<h3>Bent u gefascineerd door de replica van de Thousand Sunny? Aarzel dan niet langer en ga aan boord van het schip samen met de hele bemanning.<\/h3>\n<p>Jonge piraat, ga op pad om de wereld te veroveren<strong> One Piece schat<\/strong>. De Strohoedpiraten wachten op je! Bemachtig nu deze items uit deze epische saga. Perfect om cadeau te geven, te decoreren of te verzamelen. Deze items zullen je One Piece-universum uitbreiden. Word een volwaardig lid van de crew!, <strong>jonge boekanier<\/strong>. Het avontuur is nog maar net begonnen!<\/p>\n<h2>Informatie over het Thousand Sunny-beeldje\u00a0<\/h2>\n<ul>\n<li><span><b><u>One Piece-figuurtje<\/u><\/b>\u00a0Een premium One Piece-figuurtje voor echte piraten.<\/span><\/li>\n<\/ul>\n<ul>\n<li>\n<b>Materie<\/b><span>\u00a0<\/span>PVC<\/li>\n<\/ul>\n<ul>\n<li><span><strong>Dimensie<\/strong>\u00a0: 28 cm<\/span><\/li>\n<\/ul>\n<ul>\n<li><span><strong>GRATIS BEZORGING<\/strong><\/span><\/li>\n<\/ul>","protected":false},"excerpt":{"rendered":"<p>Jeune pirate, rejoins l&rsquo;aventure One Piece. Pour ce faire procure-toi d\u00e8s maintenant cette\u00a0Figurine\u00a0Sunny One Piece. Tu n&rsquo;es pas sans savoir que le Thousand Sunny, que Franky, son concepteur, surnomme tendrement Sunny, est le second et actuel navire de L&rsquo;\u00c9quipage du Chapeau de Paille. Il succ\u00e8de au Vogue Merry car ce dernier \u00e9tait en trop mauvais [&hellip;]<\/p>","protected":false},"featured_media":8247,"comment_status":"open","ping_status":"open","template":"","meta":[],"product_brand":[],"product_cat":[76],"product_tag":[138,139],"class_list":{"0":"post-8245","1":"product","2":"type-product","3":"status-publish","4":"has-post-thumbnail","6":"product_cat-figurines-one-piece","7":"product_tag-bateau","8":"product_tag-sunny","10":"first","11":"instock","12":"purchasable","13":"product-type-simple"},"yoast_head":"<!-- This site is optimized with the Yoast SEO plugin v27.5 - https:\/\/yoast.com\/product\/yoast-seo-wordpress\/ -->\n<title>Figurine Thousand Sunny One Piece | Boutique One Piece<\/title>\n<meta name=\"description\" content=\"Jeune pirate, rejoins l&#039;aventure One Piece. Pour ce faire procure-toi d\u00e8s maintenant cette\u00a0Figurine\u00a0Sunny One Piece. Tu n&#039;es pas sans savoir que le Thousand Sunny, que Franky, son concepteur, surnomme tendrement Sunny, est le second et actuel navire de L&#039;\u00c9quipage du Chapeau de Paille. Il succ\u00e8de au Vogue Merry car ce d\" \/>\n<meta name=\"robots\" content=\"index, follow, max-snippet:-1, max-image-preview:large, max-video-preview:-1\" \/>\n<link rel=\"canonical\" href=\"https:\/\/boutique-one-piece.com\/nl\/one-piece-beeldjes\/replica-one-piece-thousand-sunny\/\" \/>\n<meta property=\"og:locale\" content=\"nl_NL\" \/>\n<meta property=\"og:type\" content=\"article\" \/>\n<meta property=\"og:title\" content=\"Figurine Thousand Sunny One Piece | Boutique One Piece\" \/>\n<meta property=\"og:description\" content=\"Jeune pirate, rejoins l&#039;aventure One Piece. Pour ce faire procure-toi d\u00e8s maintenant cette\u00a0Figurine\u00a0Sunny One Piece. Tu n&#039;es pas sans savoir que le Thousand Sunny, que Franky, son concepteur, surnomme tendrement Sunny, est le second et actuel navire de L&#039;\u00c9quipage du Chapeau de Paille. Il succ\u00e8de au Vogue Merry car ce d\" \/>\n<meta property=\"og:url\" content=\"https:\/\/boutique-one-piece.com\/nl\/one-piece-beeldjes\/replica-one-piece-thousand-sunny\/\" \/>\n<meta property=\"og:site_name\" content=\"Boutique One Piece\" \/>\n<meta property=\"article:modified_time\" content=\"2024-09-16T11:14:25+00:00\" \/>\n<meta property=\"og:image\" content=\"https:\/\/boutique-one-piece.com\/wp-content\/uploads\/2022\/09\/Bateau-Thousand-Sunny.jpg\" \/>\n\t<meta property=\"og:image:width\" content=\"638\" \/>\n\t<meta property=\"og:image:height\" content=\"640\" \/>\n\t<meta property=\"og:image:type\" content=\"image\/jpeg\" \/>\n<meta name=\"twitter:card\" content=\"summary_large_image\" \/>\n<meta name=\"twitter:label1\" content=\"Geschatte leestijd\" \/>\n\t<meta name=\"twitter:data1\" content=\"2 minuten\" \/>\n<script type=\"application\/ld+json\" class=\"yoast-schema-graph\">{\"@context\":\"https:\\\/\\\/schema.org\",\"@graph\":[{\"@type\":\"WebPage\",\"@id\":\"https:\\\/\\\/boutique-one-piece.com\\\/figurines-one-piece\\\/replique-one-piece-thousand-sunny\\\/\",\"url\":\"https:\\\/\\\/boutique-one-piece.com\\\/figurines-one-piece\\\/replique-one-piece-thousand-sunny\\\/\",\"name\":\"Figurine Thousand Sunny One Piece | Boutique One Piece\",\"isPartOf\":{\"@id\":\"https:\\\/\\\/boutique-one-piece.com\\\/#website\"},\"primaryImageOfPage\":{\"@id\":\"https:\\\/\\\/boutique-one-piece.com\\\/figurines-one-piece\\\/replique-one-piece-thousand-sunny\\\/#primaryimage\"},\"image\":{\"@id\":\"https:\\\/\\\/boutique-one-piece.com\\\/figurines-one-piece\\\/replique-one-piece-thousand-sunny\\\/#primaryimage\"},\"thumbnailUrl\":\"https:\\\/\\\/boutique-one-piece.com\\\/wp-content\\\/uploads\\\/2022\\\/09\\\/Bateau-Thousand-Sunny.jpg\",\"datePublished\":\"2022-09-27T18:53:47+00:00\",\"dateModified\":\"2024-09-16T11:14:25+00:00\",\"description\":\"Jeune pirate, rejoins l'aventure One Piece. Pour ce faire procure-toi d\u00e8s maintenant cette\u00a0Figurine\u00a0Sunny One Piece. Tu n'es pas sans savoir que le Thousand Sunny, que Franky, son concepteur, surnomme tendrement Sunny, est le second et actuel navire de L'\u00c9quipage du Chapeau de Paille. Il succ\u00e8de au Vogue Merry car ce d\",\"breadcrumb\":{\"@id\":\"https:\\\/\\\/boutique-one-piece.com\\\/figurines-one-piece\\\/replique-one-piece-thousand-sunny\\\/#breadcrumb\"},\"inLanguage\":\"nl-NL\",\"potentialAction\":[{\"@type\":\"ReadAction\",\"target\":[\"https:\\\/\\\/boutique-one-piece.com\\\/figurines-one-piece\\\/replique-one-piece-thousand-sunny\\\/\"]}]},{\"@type\":\"ImageObject\",\"inLanguage\":\"nl-NL\",\"@id\":\"https:\\\/\\\/boutique-one-piece.com\\\/figurines-one-piece\\\/replique-one-piece-thousand-sunny\\\/#primaryimage\",\"url\":\"https:\\\/\\\/boutique-one-piece.com\\\/wp-content\\\/uploads\\\/2022\\\/09\\\/Bateau-Thousand-Sunny.jpg\",\"contentUrl\":\"https:\\\/\\\/boutique-one-piece.com\\\/wp-content\\\/uploads\\\/2022\\\/09\\\/Bateau-Thousand-Sunny.jpg\",\"width\":638,\"height\":640,\"caption\":\"Bateau Thousand SunnyDefault Title\"},{\"@type\":\"BreadcrumbList\",\"@id\":\"https:\\\/\\\/boutique-one-piece.com\\\/figurines-one-piece\\\/replique-one-piece-thousand-sunny\\\/#breadcrumb\",\"itemListElement\":[{\"@type\":\"ListItem\",\"position\":1,\"name\":\"Home\",\"item\":\"https:\\\/\\\/boutique-one-piece.com\\\/\"},{\"@type\":\"ListItem\",\"position\":2,\"name\":\"Shop\",\"item\":\"https:\\\/\\\/boutique-one-piece.com\\\/shop\\\/\"},{\"@type\":\"ListItem\",\"position\":3,\"name\":\"Bateau Thousand Sunny\"}]},{\"@type\":\"WebSite\",\"@id\":\"https:\\\/\\\/boutique-one-piece.com\\\/#website\",\"url\":\"https:\\\/\\\/boutique-one-piece.com\\\/\",\"name\":\"Boutique One Piece\",\"description\":\"Magasin Sp\u00e9cialis\u00e9 du Manga et l&#039;Anime One Piece\",\"publisher\":{\"@id\":\"https:\\\/\\\/boutique-one-piece.com\\\/#organization\"},\"potentialAction\":[{\"@type\":\"SearchAction\",\"target\":{\"@type\":\"EntryPoint\",\"urlTemplate\":\"https:\\\/\\\/boutique-one-piece.com\\\/?s={search_term_string}\"},\"query-input\":{\"@type\":\"PropertyValueSpecification\",\"valueRequired\":true,\"valueName\":\"search_term_string\"}}],\"inLanguage\":\"nl-NL\"},{\"@type\":\"Organization\",\"@id\":\"https:\\\/\\\/boutique-one-piece.com\\\/#organization\",\"name\":\"Boutique One Piece\",\"url\":\"https:\\\/\\\/boutique-one-piece.com\\\/\",\"logo\":{\"@type\":\"ImageObject\",\"inLanguage\":\"nl-NL\",\"@id\":\"https:\\\/\\\/boutique-one-piece.com\\\/#\\\/schema\\\/logo\\\/image\\\/\",\"url\":\"https:\\\/\\\/boutique-one-piece.com\\\/wp-content\\\/uploads\\\/2022\\\/09\\\/Logo-01.png\",\"contentUrl\":\"https:\\\/\\\/boutique-one-piece.com\\\/wp-content\\\/uploads\\\/2022\\\/09\\\/Logo-01.png\",\"width\":2318,\"height\":957,\"caption\":\"Boutique One Piece\"},\"image\":{\"@id\":\"https:\\\/\\\/boutique-one-piece.com\\\/#\\\/schema\\\/logo\\\/image\\\/\"}}]}<\/script>\n<!-- \/ Yoast SEO plugin. -->","yoast_head_json":{"title":"Thousand Sunny One Piece-figuur | One Piece-winkel","description":"Jonge piraat, beleef het One Piece-avontuur! Bemachtig nu dit Sunny One Piece-figuurtje. Je weet vast wel dat de Thousand Sunny, door ontwerper Franky liefkozend Sunny genoemd, het tweede en huidige schip van de Strohoedpiraten is. Het volgde de Going Merry op omdat...","robots":{"index":"index","follow":"follow","max-snippet":"max-snippet:-1","max-image-preview":"max-image-preview:large","max-video-preview":"max-video-preview:-1"},"canonical":"https:\/\/boutique-one-piece.com\/nl\/one-piece-beeldjes\/replica-one-piece-thousand-sunny\/","og_locale":"nl_NL","og_type":"article","og_title":"Figurine Thousand Sunny One Piece | Boutique One Piece","og_description":"Jeune pirate, rejoins l'aventure One Piece. Pour ce faire procure-toi d\u00e8s maintenant cette\u00a0Figurine\u00a0Sunny One Piece. Tu n'es pas sans savoir que le Thousand Sunny, que Franky, son concepteur, surnomme tendrement Sunny, est le second et actuel navire de L'\u00c9quipage du Chapeau de Paille. Il succ\u00e8de au Vogue Merry car ce d","og_url":"https:\/\/boutique-one-piece.com\/nl\/one-piece-beeldjes\/replica-one-piece-thousand-sunny\/","og_site_name":"Boutique One Piece","article_modified_time":"2024-09-16T11:14:25+00:00","og_image":[{"width":638,"height":640,"url":"https:\/\/boutique-one-piece.com\/wp-content\/uploads\/2022\/09\/Bateau-Thousand-Sunny.jpg","type":"image\/jpeg"}],"twitter_card":"summary_large_image","twitter_misc":{"Geschatte leestijd":"2 minuten"},"schema":{"@context":"https:\/\/schema.org","@graph":[{"@type":"WebPage","@id":"https:\/\/boutique-one-piece.com\/figurines-one-piece\/replique-one-piece-thousand-sunny\/","url":"https:\/\/boutique-one-piece.com\/figurines-one-piece\/replique-one-piece-thousand-sunny\/","name":"Thousand Sunny One Piece-figuur | One Piece-winkel","isPartOf":{"@id":"https:\/\/boutique-one-piece.com\/#website"},"primaryImageOfPage":{"@id":"https:\/\/boutique-one-piece.com\/figurines-one-piece\/replique-one-piece-thousand-sunny\/#primaryimage"},"image":{"@id":"https:\/\/boutique-one-piece.com\/figurines-one-piece\/replique-one-piece-thousand-sunny\/#primaryimage"},"thumbnailUrl":"https:\/\/boutique-one-piece.com\/wp-content\/uploads\/2022\/09\/Bateau-Thousand-Sunny.jpg","datePublished":"2022-09-27T18:53:47+00:00","dateModified":"2024-09-16T11:14:25+00:00","description":"Jonge piraat, beleef het One Piece-avontuur! Bemachtig nu dit Sunny One Piece-figuurtje. Je weet vast wel dat de Thousand Sunny, door ontwerper Franky liefkozend Sunny genoemd, het tweede en huidige schip van de Strohoedpiraten is. Het volgde de Going Merry op omdat...","breadcrumb":{"@id":"https:\/\/boutique-one-piece.com\/figurines-one-piece\/replique-one-piece-thousand-sunny\/#breadcrumb"},"inLanguage":"nl-NL","potentialAction":[{"@type":"ReadAction","target":["https:\/\/boutique-one-piece.com\/figurines-one-piece\/replique-one-piece-thousand-sunny\/"]}]},{"@type":"ImageObject","inLanguage":"nl-NL","@id":"https:\/\/boutique-one-piece.com\/figurines-one-piece\/replique-one-piece-thousand-sunny\/#primaryimage","url":"https:\/\/boutique-one-piece.com\/wp-content\/uploads\/2022\/09\/Bateau-Thousand-Sunny.jpg","contentUrl":"https:\/\/boutique-one-piece.com\/wp-content\/uploads\/2022\/09\/Bateau-Thousand-Sunny.jpg","width":638,"height":640,"caption":"Bateau Thousand SunnyDefault Title"},{"@type":"BreadcrumbList","@id":"https:\/\/boutique-one-piece.com\/figurines-one-piece\/replique-one-piece-thousand-sunny\/#breadcrumb","itemListElement":[{"@type":"ListItem","position":1,"name":"Home","item":"https:\/\/boutique-one-piece.com\/"},{"@type":"ListItem","position":2,"name":"Shop","item":"https:\/\/boutique-one-piece.com\/shop\/"},{"@type":"ListItem","position":3,"name":"Bateau Thousand Sunny"}]},{"@type":"WebSite","@id":"https:\/\/boutique-one-piece.com\/#website","url":"https:\/\/boutique-one-piece.com\/","name":"One Piece Shop","description":"Gespecialiseerde winkel voor One Piece manga en anime.","publisher":{"@id":"https:\/\/boutique-one-piece.com\/#organization"},"potentialAction":[{"@type":"SearchAction","target":{"@type":"EntryPoint","urlTemplate":"https:\/\/boutique-one-piece.com\/?s={search_term_string}"},"query-input":{"@type":"PropertyValueSpecification","valueRequired":true,"valueName":"search_term_string"}}],"inLanguage":"nl-NL"},{"@type":"Organization","@id":"https:\/\/boutique-one-piece.com\/#organization","name":"One Piece Shop","url":"https:\/\/boutique-one-piece.com\/","logo":{"@type":"ImageObject","inLanguage":"nl-NL","@id":"https:\/\/boutique-one-piece.com\/#\/schema\/logo\/image\/","url":"https:\/\/boutique-one-piece.com\/wp-content\/uploads\/2022\/09\/Logo-01.png","contentUrl":"https:\/\/boutique-one-piece.com\/wp-content\/uploads\/2022\/09\/Logo-01.png","width":2318,"height":957,"caption":"Boutique One Piece"},"image":{"@id":"https:\/\/boutique-one-piece.com\/#\/schema\/logo\/image\/"}}]}},"_links":{"self":[{"href":"https:\/\/boutique-one-piece.com\/nl\/wp-json\/wp\/v2\/product\/8245","targetHints":{"allow":["GET"]}}],"collection":[{"href":"https:\/\/boutique-one-piece.com\/nl\/wp-json\/wp\/v2\/product"}],"about":[{"href":"https:\/\/boutique-one-piece.com\/nl\/wp-json\/wp\/v2\/types\/product"}],"replies":[{"embeddable":true,"href":"https:\/\/boutique-one-piece.com\/nl\/wp-json\/wp\/v2\/comments?post=8245"}],"wp:featuredmedia":[{"embeddable":true,"href":"https:\/\/boutique-one-piece.com\/nl\/wp-json\/wp\/v2\/media\/8247"}],"wp:attachment":[{"href":"https:\/\/boutique-one-piece.com\/nl\/wp-json\/wp\/v2\/media?parent=8245"}],"wp:term":[{"taxonomy":"product_brand","embeddable":true,"href":"https:\/\/boutique-one-piece.com\/nl\/wp-json\/wp\/v2\/product_brand?post=8245"},{"taxonomy":"product_cat","embeddable":true,"href":"https:\/\/boutique-one-piece.com\/nl\/wp-json\/wp\/v2\/product_cat?post=8245"},{"taxonomy":"product_tag","embeddable":true,"href":"https:\/\/boutique-one-piece.com\/nl\/wp-json\/wp\/v2\/product_tag?post=8245"}],"curies":[{"name":"wp","href":"https:\/\/api.w.org\/{rel}","templated":true}]}}