{"id":8312,"date":"2022-09-27T18:54:00","date_gmt":"2022-09-27T18:54:00","guid":{"rendered":"https:\/\/boutique-one-piece.com\/uncategorized\/figurine-one-piece-dead-or-alive-brook-et-sa-guitare\/"},"modified":"2026-04-21T08:22:29","modified_gmt":"2026-04-21T08:22:29","slug":"een-one-piece-dead-or-alive-figuurtje-van-brook-en-zijn-gitaar","status":"publish","type":"product","link":"https:\/\/boutique-one-piece.com\/nl\/one-piece-goodies-2\/brook-one-piece-goodies\/een-one-piece-dead-or-alive-figuurtje-van-brook-en-zijn-gitaar\/","title":{"rendered":"One Piece Dead or Alive Brook en zijn gitaarfiguur"},"content":{"rendered":"<h2>Jonge piraat, het is tijd dat je dit One Piece Dead or Alive Brook en zijn gitaar-beeldje bemachtigt.<\/h2>\n<p>Je bent er ongetwijfeld van op de hoogte dat Brook, met de bijnaam <strong>Beek de zoemende<\/strong> Hij is de muzikant en de tweede zwaardvechter (na Zoro) van de Strohoedpiraten. Hij is een levend skelet dat ze aan boord van een spookschip tegenkwamen nadat ze een mysterieus vat op de oceaan hadden gevonden.<\/p>\n<p>Hij is ook een gebruiker van een Duivelsvrucht; hij beschikt over de krachten van <strong>Vrucht van de Opstanding<\/strong>. Dit is een ondood wezen dat dankzij de krachten van deze vrucht weer tot leven is gewekt in een staat van schijnbare onsterfelijkheid, hoewel deze vrucht niet de oorzaak is van zijn huidige verschijning.<\/p>\n<p>Hij is het negende lid van de Strohoedpiraten en de achtste die zich bij Luffy&#039;s bemanning heeft aangesloten. Brook is de muzikant die Luffy al sinds het begin van zijn avonturen graag in zijn team wilde hebben. Zijn huidige premie is <strong>83.000.000 bessen<\/strong>. Daarnaast, <a title=\"ONE PIECE DEAD OR ALIVE ZORO NEW WORLD FIGUUR\" href=\"https:\/\/boutique-one-piece.com\/nl\/one-piece-dead-or-alive-zoro-new-world-figuurtje\/\" target=\"_blank\" rel=\"noopener\">Zoro-beeldje &quot;Dood of levend&quot;\u00ab<\/a> ligt binnen handbereik.<\/p>\n<h3>Ben je gefascineerd door het beeldje van Brook de zoemende? Zo ja, wacht dan niet langer en ga met hem mee aan boord van de Thousand Sunny; er wachten je vele avonturen.<\/h3>\n<p><strong>Jonge piraat<\/strong>, Zoek niet verder naar de meest waardevolle schat na One Piece; je vindt hem hier. Ontdek deze mythische items die je terugvoeren naar je favoriete anime-serie. Deze items zijn perfect om cadeau te geven, te decoreren of te verzamelen. Dus aarzel niet langer en beleef vele avonturen samen met... <strong>Luffy<\/strong> en zijn bemanning.<\/p>\n<h2>Informatie over het Dead or Alive Brook-beeldje en zijn gitaar.&nbsp;<\/h2>\n<ul>\n<li><span><b><u>One Piece-figuurtje<\/u><\/b>&nbsp;Een premium One Piece-figuurtje voor echte piraten.<\/span><\/li>\n<\/ul>\n<ul>\n<li>\n<b>Materie<\/b><span>&nbsp;<\/span>PVC<\/li>\n<\/ul>\n<ul>\n<li><span><strong>Dimensie<\/strong>&nbsp;: 13 cm<\/span><\/li>\n<\/ul>\n<ul>\n<li><span><strong>GRATIS BEZORGING<\/strong><\/span><\/li>\n<\/ul>","protected":false},"excerpt":{"rendered":"<p>Jeune pirate, le moment est venu pour toi de te procurer cette Figurine One Piece Dead or Alive Brook Et Sa Guitare. Tu n&rsquo;es pas sans savoir que Brook, surnomm\u00e9 Brook le fredonneur est le musicien ainsi que le second \u00e9p\u00e9iste (apr\u00e8s Zoro) de L&rsquo;\u00c9quipage du Chapeau de Paille. C&rsquo;est un squelette vivant qu&rsquo;ils ont [&hellip;]<\/p>","protected":false},"featured_media":18453,"comment_status":"open","ping_status":"open","template":"","meta":[],"product_brand":[],"product_cat":[156,76,157],"product_tag":[158],"class_list":{"0":"post-8312","1":"product","2":"type-product","3":"status-publish","4":"has-post-thumbnail","6":"product_cat-figurines-brook","7":"product_cat-figurines-one-piece","8":"product_cat-goodies-brook-one-piece","9":"product_tag-brook","11":"first","12":"outofstock","13":"purchasable","14":"product-type-simple"},"yoast_head":"<!-- This site is optimized with the Yoast SEO plugin v27.5 - https:\/\/yoast.com\/product\/yoast-seo-wordpress\/ -->\n<title>Figurine One Piece Dead or Alive Brook Et Sa Guitare | Figurine One Piece \u2013 Boutique One Piece<\/title>\n<meta name=\"description\" content=\"Jeune pirate, le moment est venu pour toi de te procurer cette Figurine One Piece Dead or Alive Brook Et Sa Guitare. Tu n&#039;es pas sans savoir que Brook, surnomm\u00e9 Brook le fredonneur est le musicien ainsi que le second \u00e9p\u00e9iste (apr\u00e8s Zoro) de L&#039;\u00c9quipage du Chapeau de Paille. C&#039;est un squelette vivant qu&#039;ils ont rencontr\u00e9\" \/>\n<meta name=\"robots\" content=\"index, follow, max-snippet:-1, max-image-preview:large, max-video-preview:-1\" \/>\n<link rel=\"canonical\" href=\"https:\/\/boutique-one-piece.com\/nl\/one-piece-goodies-2\/brook-one-piece-goodies\/een-one-piece-dead-or-alive-figuurtje-van-brook-en-zijn-gitaar\/\" \/>\n<meta property=\"og:locale\" content=\"nl_NL\" \/>\n<meta property=\"og:type\" content=\"article\" \/>\n<meta property=\"og:title\" content=\"Figurine One Piece Dead or Alive Brook Et Sa Guitare | Figurine One Piece \u2013 Boutique One Piece\" \/>\n<meta property=\"og:description\" content=\"Jeune pirate, le moment est venu pour toi de te procurer cette Figurine One Piece Dead or Alive Brook Et Sa Guitare. Tu n&#039;es pas sans savoir que Brook, surnomm\u00e9 Brook le fredonneur est le musicien ainsi que le second \u00e9p\u00e9iste (apr\u00e8s Zoro) de L&#039;\u00c9quipage du Chapeau de Paille. C&#039;est un squelette vivant qu&#039;ils ont rencontr\u00e9\" \/>\n<meta property=\"og:url\" content=\"https:\/\/boutique-one-piece.com\/nl\/one-piece-goodies-2\/brook-one-piece-goodies\/een-one-piece-dead-or-alive-figuurtje-van-brook-en-zijn-gitaar\/\" \/>\n<meta property=\"og:site_name\" content=\"Boutique One Piece\" \/>\n<meta property=\"article:modified_time\" content=\"2026-04-21T08:22:29+00:00\" \/>\n<meta property=\"og:image\" content=\"https:\/\/boutique-one-piece.com\/wp-content\/uploads\/2022\/09\/figurine-one-piece-dead-or-alive-brook-et-sa-guitare-15022031175716_20aa4772-bed8-4ec1-82cc-7f0e80e6e0c6.jpg\" \/>\n\t<meta property=\"og:image:width\" content=\"640\" \/>\n\t<meta property=\"og:image:height\" content=\"640\" \/>\n\t<meta property=\"og:image:type\" content=\"image\/jpeg\" \/>\n<meta name=\"twitter:card\" content=\"summary_large_image\" \/>\n<meta name=\"twitter:label1\" content=\"Geschatte leestijd\" \/>\n\t<meta name=\"twitter:data1\" content=\"2 minuten\" \/>\n<script type=\"application\/ld+json\" class=\"yoast-schema-graph\">{\"@context\":\"https:\\\/\\\/schema.org\",\"@graph\":[{\"@type\":\"WebPage\",\"@id\":\"https:\\\/\\\/boutique-one-piece.com\\\/goodies-one-piece\\\/goodies-brook-one-piece\\\/figurine-one-piece-dead-or-alive-brook-et-sa-guitare\\\/\",\"url\":\"https:\\\/\\\/boutique-one-piece.com\\\/goodies-one-piece\\\/goodies-brook-one-piece\\\/figurine-one-piece-dead-or-alive-brook-et-sa-guitare\\\/\",\"name\":\"Figurine One Piece Dead or Alive Brook Et Sa Guitare | Figurine One Piece \u2013 Boutique One Piece\",\"isPartOf\":{\"@id\":\"https:\\\/\\\/boutique-one-piece.com\\\/#website\"},\"primaryImageOfPage\":{\"@id\":\"https:\\\/\\\/boutique-one-piece.com\\\/goodies-one-piece\\\/goodies-brook-one-piece\\\/figurine-one-piece-dead-or-alive-brook-et-sa-guitare\\\/#primaryimage\"},\"image\":{\"@id\":\"https:\\\/\\\/boutique-one-piece.com\\\/goodies-one-piece\\\/goodies-brook-one-piece\\\/figurine-one-piece-dead-or-alive-brook-et-sa-guitare\\\/#primaryimage\"},\"thumbnailUrl\":\"https:\\\/\\\/boutique-one-piece.com\\\/wp-content\\\/uploads\\\/2022\\\/09\\\/figurine-one-piece-dead-or-alive-brook-et-sa-guitare-15022031175716_20aa4772-bed8-4ec1-82cc-7f0e80e6e0c6.jpg\",\"datePublished\":\"2022-09-27T18:54:00+00:00\",\"dateModified\":\"2026-04-21T08:22:29+00:00\",\"description\":\"Jeune pirate, le moment est venu pour toi de te procurer cette Figurine One Piece Dead or Alive Brook Et Sa Guitare. Tu n'es pas sans savoir que Brook, surnomm\u00e9 Brook le fredonneur est le musicien ainsi que le second \u00e9p\u00e9iste (apr\u00e8s Zoro) de L'\u00c9quipage du Chapeau de Paille. C'est un squelette vivant qu'ils ont rencontr\u00e9\",\"breadcrumb\":{\"@id\":\"https:\\\/\\\/boutique-one-piece.com\\\/goodies-one-piece\\\/goodies-brook-one-piece\\\/figurine-one-piece-dead-or-alive-brook-et-sa-guitare\\\/#breadcrumb\"},\"inLanguage\":\"nl-NL\",\"potentialAction\":[{\"@type\":\"ReadAction\",\"target\":[\"https:\\\/\\\/boutique-one-piece.com\\\/goodies-one-piece\\\/goodies-brook-one-piece\\\/figurine-one-piece-dead-or-alive-brook-et-sa-guitare\\\/\"]}]},{\"@type\":\"ImageObject\",\"inLanguage\":\"nl-NL\",\"@id\":\"https:\\\/\\\/boutique-one-piece.com\\\/goodies-one-piece\\\/goodies-brook-one-piece\\\/figurine-one-piece-dead-or-alive-brook-et-sa-guitare\\\/#primaryimage\",\"url\":\"https:\\\/\\\/boutique-one-piece.com\\\/wp-content\\\/uploads\\\/2022\\\/09\\\/figurine-one-piece-dead-or-alive-brook-et-sa-guitare-15022031175716_20aa4772-bed8-4ec1-82cc-7f0e80e6e0c6.jpg\",\"contentUrl\":\"https:\\\/\\\/boutique-one-piece.com\\\/wp-content\\\/uploads\\\/2022\\\/09\\\/figurine-one-piece-dead-or-alive-brook-et-sa-guitare-15022031175716_20aa4772-bed8-4ec1-82cc-7f0e80e6e0c6.jpg\",\"width\":640,\"height\":640},{\"@type\":\"BreadcrumbList\",\"@id\":\"https:\\\/\\\/boutique-one-piece.com\\\/goodies-one-piece\\\/goodies-brook-one-piece\\\/figurine-one-piece-dead-or-alive-brook-et-sa-guitare\\\/#breadcrumb\",\"itemListElement\":[{\"@type\":\"ListItem\",\"position\":1,\"name\":\"Home\",\"item\":\"https:\\\/\\\/boutique-one-piece.com\\\/\"},{\"@type\":\"ListItem\",\"position\":2,\"name\":\"Shop\",\"item\":\"https:\\\/\\\/boutique-one-piece.com\\\/shop\\\/\"},{\"@type\":\"ListItem\",\"position\":3,\"name\":\"Figurine One Piece Dead or Alive Brook Et Sa Guitare\"}]},{\"@type\":\"WebSite\",\"@id\":\"https:\\\/\\\/boutique-one-piece.com\\\/#website\",\"url\":\"https:\\\/\\\/boutique-one-piece.com\\\/\",\"name\":\"Boutique One Piece\",\"description\":\"Magasin Sp\u00e9cialis\u00e9 du Manga et l&#039;Anime One Piece\",\"publisher\":{\"@id\":\"https:\\\/\\\/boutique-one-piece.com\\\/#organization\"},\"potentialAction\":[{\"@type\":\"SearchAction\",\"target\":{\"@type\":\"EntryPoint\",\"urlTemplate\":\"https:\\\/\\\/boutique-one-piece.com\\\/?s={search_term_string}\"},\"query-input\":{\"@type\":\"PropertyValueSpecification\",\"valueRequired\":true,\"valueName\":\"search_term_string\"}}],\"inLanguage\":\"nl-NL\"},{\"@type\":\"Organization\",\"@id\":\"https:\\\/\\\/boutique-one-piece.com\\\/#organization\",\"name\":\"Boutique One Piece\",\"url\":\"https:\\\/\\\/boutique-one-piece.com\\\/\",\"logo\":{\"@type\":\"ImageObject\",\"inLanguage\":\"nl-NL\",\"@id\":\"https:\\\/\\\/boutique-one-piece.com\\\/#\\\/schema\\\/logo\\\/image\\\/\",\"url\":\"https:\\\/\\\/boutique-one-piece.com\\\/wp-content\\\/uploads\\\/2022\\\/09\\\/Logo-01.png\",\"contentUrl\":\"https:\\\/\\\/boutique-one-piece.com\\\/wp-content\\\/uploads\\\/2022\\\/09\\\/Logo-01.png\",\"width\":2318,\"height\":957,\"caption\":\"Boutique One Piece\"},\"image\":{\"@id\":\"https:\\\/\\\/boutique-one-piece.com\\\/#\\\/schema\\\/logo\\\/image\\\/\"}}]}<\/script>\n<!-- \/ Yoast SEO plugin. -->","yoast_head_json":{"title":"One Piece Dead or Alive Brook en zijn gitaarfiguur | One Piece figuur \u2013 One Piece Shop","description":"Jonge piraat, het is tijd dat je deze One Piece Dead or Alive Brook en zijn gitaar-figuur bemachtigt. Je weet vast wel dat Brook, bijgenaamd Humming Brook, de muzikant en tweede zwaardvechter (na Zoro) van de Strohoedpiraten is. Hij is een levend skelet dat ze tegenkwamen.","robots":{"index":"index","follow":"follow","max-snippet":"max-snippet:-1","max-image-preview":"max-image-preview:large","max-video-preview":"max-video-preview:-1"},"canonical":"https:\/\/boutique-one-piece.com\/nl\/one-piece-goodies-2\/brook-one-piece-goodies\/een-one-piece-dead-or-alive-figuurtje-van-brook-en-zijn-gitaar\/","og_locale":"nl_NL","og_type":"article","og_title":"Figurine One Piece Dead or Alive Brook Et Sa Guitare | Figurine One Piece \u2013 Boutique One Piece","og_description":"Jeune pirate, le moment est venu pour toi de te procurer cette Figurine One Piece Dead or Alive Brook Et Sa Guitare. Tu n'es pas sans savoir que Brook, surnomm\u00e9 Brook le fredonneur est le musicien ainsi que le second \u00e9p\u00e9iste (apr\u00e8s Zoro) de L'\u00c9quipage du Chapeau de Paille. C'est un squelette vivant qu'ils ont rencontr\u00e9","og_url":"https:\/\/boutique-one-piece.com\/nl\/one-piece-goodies-2\/brook-one-piece-goodies\/een-one-piece-dead-or-alive-figuurtje-van-brook-en-zijn-gitaar\/","og_site_name":"Boutique One Piece","article_modified_time":"2026-04-21T08:22:29+00:00","og_image":[{"width":640,"height":640,"url":"https:\/\/boutique-one-piece.com\/wp-content\/uploads\/2022\/09\/figurine-one-piece-dead-or-alive-brook-et-sa-guitare-15022031175716_20aa4772-bed8-4ec1-82cc-7f0e80e6e0c6.jpg","type":"image\/jpeg"}],"twitter_card":"summary_large_image","twitter_misc":{"Geschatte leestijd":"2 minuten"},"schema":{"@context":"https:\/\/schema.org","@graph":[{"@type":"WebPage","@id":"https:\/\/boutique-one-piece.com\/goodies-one-piece\/goodies-brook-one-piece\/figurine-one-piece-dead-or-alive-brook-et-sa-guitare\/","url":"https:\/\/boutique-one-piece.com\/goodies-one-piece\/goodies-brook-one-piece\/figurine-one-piece-dead-or-alive-brook-et-sa-guitare\/","name":"One Piece Dead or Alive Brook en zijn gitaarfiguur | One Piece figuur \u2013 One Piece Shop","isPartOf":{"@id":"https:\/\/boutique-one-piece.com\/#website"},"primaryImageOfPage":{"@id":"https:\/\/boutique-one-piece.com\/goodies-one-piece\/goodies-brook-one-piece\/figurine-one-piece-dead-or-alive-brook-et-sa-guitare\/#primaryimage"},"image":{"@id":"https:\/\/boutique-one-piece.com\/goodies-one-piece\/goodies-brook-one-piece\/figurine-one-piece-dead-or-alive-brook-et-sa-guitare\/#primaryimage"},"thumbnailUrl":"https:\/\/boutique-one-piece.com\/wp-content\/uploads\/2022\/09\/figurine-one-piece-dead-or-alive-brook-et-sa-guitare-15022031175716_20aa4772-bed8-4ec1-82cc-7f0e80e6e0c6.jpg","datePublished":"2022-09-27T18:54:00+00:00","dateModified":"2026-04-21T08:22:29+00:00","description":"Jonge piraat, het is tijd dat je deze One Piece Dead or Alive Brook en zijn gitaar-figuur bemachtigt. Je weet vast wel dat Brook, bijgenaamd Humming Brook, de muzikant en tweede zwaardvechter (na Zoro) van de Strohoedpiraten is. Hij is een levend skelet dat ze tegenkwamen.","breadcrumb":{"@id":"https:\/\/boutique-one-piece.com\/goodies-one-piece\/goodies-brook-one-piece\/figurine-one-piece-dead-or-alive-brook-et-sa-guitare\/#breadcrumb"},"inLanguage":"nl-NL","potentialAction":[{"@type":"ReadAction","target":["https:\/\/boutique-one-piece.com\/goodies-one-piece\/goodies-brook-one-piece\/figurine-one-piece-dead-or-alive-brook-et-sa-guitare\/"]}]},{"@type":"ImageObject","inLanguage":"nl-NL","@id":"https:\/\/boutique-one-piece.com\/goodies-one-piece\/goodies-brook-one-piece\/figurine-one-piece-dead-or-alive-brook-et-sa-guitare\/#primaryimage","url":"https:\/\/boutique-one-piece.com\/wp-content\/uploads\/2022\/09\/figurine-one-piece-dead-or-alive-brook-et-sa-guitare-15022031175716_20aa4772-bed8-4ec1-82cc-7f0e80e6e0c6.jpg","contentUrl":"https:\/\/boutique-one-piece.com\/wp-content\/uploads\/2022\/09\/figurine-one-piece-dead-or-alive-brook-et-sa-guitare-15022031175716_20aa4772-bed8-4ec1-82cc-7f0e80e6e0c6.jpg","width":640,"height":640},{"@type":"BreadcrumbList","@id":"https:\/\/boutique-one-piece.com\/goodies-one-piece\/goodies-brook-one-piece\/figurine-one-piece-dead-or-alive-brook-et-sa-guitare\/#breadcrumb","itemListElement":[{"@type":"ListItem","position":1,"name":"Home","item":"https:\/\/boutique-one-piece.com\/"},{"@type":"ListItem","position":2,"name":"Shop","item":"https:\/\/boutique-one-piece.com\/shop\/"},{"@type":"ListItem","position":3,"name":"Figurine One Piece Dead or Alive Brook Et Sa Guitare"}]},{"@type":"WebSite","@id":"https:\/\/boutique-one-piece.com\/#website","url":"https:\/\/boutique-one-piece.com\/","name":"One Piece Shop","description":"Gespecialiseerde winkel voor One Piece manga en anime.","publisher":{"@id":"https:\/\/boutique-one-piece.com\/#organization"},"potentialAction":[{"@type":"SearchAction","target":{"@type":"EntryPoint","urlTemplate":"https:\/\/boutique-one-piece.com\/?s={search_term_string}"},"query-input":{"@type":"PropertyValueSpecification","valueRequired":true,"valueName":"search_term_string"}}],"inLanguage":"nl-NL"},{"@type":"Organization","@id":"https:\/\/boutique-one-piece.com\/#organization","name":"One Piece Shop","url":"https:\/\/boutique-one-piece.com\/","logo":{"@type":"ImageObject","inLanguage":"nl-NL","@id":"https:\/\/boutique-one-piece.com\/#\/schema\/logo\/image\/","url":"https:\/\/boutique-one-piece.com\/wp-content\/uploads\/2022\/09\/Logo-01.png","contentUrl":"https:\/\/boutique-one-piece.com\/wp-content\/uploads\/2022\/09\/Logo-01.png","width":2318,"height":957,"caption":"Boutique One Piece"},"image":{"@id":"https:\/\/boutique-one-piece.com\/#\/schema\/logo\/image\/"}}]}},"_links":{"self":[{"href":"https:\/\/boutique-one-piece.com\/nl\/wp-json\/wp\/v2\/product\/8312","targetHints":{"allow":["GET"]}}],"collection":[{"href":"https:\/\/boutique-one-piece.com\/nl\/wp-json\/wp\/v2\/product"}],"about":[{"href":"https:\/\/boutique-one-piece.com\/nl\/wp-json\/wp\/v2\/types\/product"}],"replies":[{"embeddable":true,"href":"https:\/\/boutique-one-piece.com\/nl\/wp-json\/wp\/v2\/comments?post=8312"}],"wp:featuredmedia":[{"embeddable":true,"href":"https:\/\/boutique-one-piece.com\/nl\/wp-json\/wp\/v2\/media\/18453"}],"wp:attachment":[{"href":"https:\/\/boutique-one-piece.com\/nl\/wp-json\/wp\/v2\/media?parent=8312"}],"wp:term":[{"taxonomy":"product_brand","embeddable":true,"href":"https:\/\/boutique-one-piece.com\/nl\/wp-json\/wp\/v2\/product_brand?post=8312"},{"taxonomy":"product_cat","embeddable":true,"href":"https:\/\/boutique-one-piece.com\/nl\/wp-json\/wp\/v2\/product_cat?post=8312"},{"taxonomy":"product_tag","embeddable":true,"href":"https:\/\/boutique-one-piece.com\/nl\/wp-json\/wp\/v2\/product_tag?post=8312"}],"curies":[{"name":"wp","href":"https:\/\/api.w.org\/{rel}","templated":true}]}}