{"id":8382,"date":"2022-09-27T18:54:22","date_gmt":"2022-09-27T18:54:22","guid":{"rendered":"https:\/\/boutique-one-piece.com\/uncategorized\/peluche-tony-tony-chopper\/"},"modified":"2026-04-09T14:38:32","modified_gmt":"2026-04-09T14:38:32","slug":"tony-the-chopper-pluche-speelgoed","status":"publish","type":"product","link":"https:\/\/boutique-one-piece.com\/nl\/one-piece-goodies-2\/tony-goodies-tony-chopper-one-piece\/tony-the-chopper-pluche-speelgoed\/","title":{"rendered":"Tony Tony Chopper pluche speelgoed"},"content":{"rendered":"<h2>Jonge piraat, het is tijd dat je deze Tony Tony Chopper-knuffel aanschaft.<\/h2>\n<p><strong>Tony Tony Chopper<\/strong>, is de dokter van de Strohoedpiraten. Chopper is een rendier dat de <strong>Hito Hito no Mi<\/strong>, waardoor hij in een mens kon veranderen. Bovendien, de <a title=\"Chopper Luffy Cosplay Pluche\" href=\"https:\/\/boutique-one-piece.com\/nl\/chopper-pluche-cosplay-luffy\/\" target=\"_blank\" rel=\"noopener\">Tony Chopper pluche cosplay met Luffy<\/a> Het ligt binnen handbereik. Dat gezegd hebbende, hier is een deel van zijn verhaal: Hij werd stervende gevonden door Dr. Hiluluk, die hem verzorgde en hem Tony Tony Chopper noemde. Vervolgens nam hij hem in dienst als zijn assistent.<\/p>\n<p>Hij wordt vervolgens als een vader voor het jonge rendier en leert hem zijn levensfilosofie, gebaseerd op de mogelijkheid om alle ziekten te genezen en op de verering van de &quot;Jolly Roger&quot;, de piratenvlag, als symbool van vrijheid en kracht tegen onrecht. Ze gaan van huis tot huis om de zieken te genezen. <strong>Hiluluk<\/strong> Hij staat bekend als een kwakzalver en wordt niet altijd even goed ontvangen. Maar dat weerhoudt hen er niet van om de filosofie van de dokter te volgen.<\/p>\n<h3>Ben je gefascineerd door het personage Tony Tony Chopper? Grijp dan je kans om lid te worden van zijn crew. Er wachten je talloze avonturen.<\/h3>\n<p>Of je nu al jarenlang fan bent of een serieuze verzamelaar, zoek niet verder, deze items zijn absoluut iets voor jou. Perfect om cadeau te geven, voor de lol of om je verzameling aan te vullen, deze items zullen je collectie verrijken. <strong>jouw One Piece-universum<\/strong>. Het is geheel aan jou om je zoektocht naar de voort te zetten. <strong>schat<\/strong> nooit eerder ontdekt.<\/p>\n<h2>Informatie over de One Piece Chopper pluche:<\/h2>\n<ul>\n<li>\u00a0<b>Producttype<\/b><span>\u00a0<\/span>Pluche speelgoed uit de One Piece manga<\/li>\n<\/ul>\n<ul>\n<li>\n<b>Gebruik van de Peluce<\/b>\u00a0Speelgoed, decoraties, verzamelobjecten, cadeaus<\/li>\n<\/ul>\n<ul>\n<li>\n<b>Personagenaam<\/b>\u00a0Tony Chopper<\/li>\n<\/ul>\n<ul>\n<li>\n<b>Pluche speelgoedformaat<\/b>\u00a0: 30 centimeter<\/li>\n<\/ul>\n<ul>\n<li>\n<b>Materie<\/b>\u00a0: Katoen<\/li>\n<\/ul>\n<ul>\n<li>\n<b>Aanbevolen leeftijd<\/b>\u00a0: meer dan 3 jaar<\/li>\n<\/ul>\n<ul>\n<li>\n<b>Gratis bezorging<\/b> voor elke aankoop<\/li>\n<\/ul>","protected":false},"excerpt":{"rendered":"<p>Jeune pirate, le moment est venu pour toi d&rsquo;acqu\u00e9rir cette Peluche Tony Tony Chopper. Tony Tony Chopper, est le docteur de l&rsquo;\u00c9quipage du Chapeau de Paille. Chopper est un renne qui a mang\u00e9 le Hito Hito no Mi, lui permettant de se transformer en humain. D\u0092ailleurs, la peluche Tony Chopper cosplay avec Luffy est \u00e0 [&hellip;]<\/p>","protected":false},"featured_media":8384,"comment_status":"open","ping_status":"open","template":"","meta":[],"product_brand":[],"product_cat":[163,177],"product_tag":[165],"class_list":{"0":"post-8382","1":"product","2":"type-product","3":"status-publish","4":"has-post-thumbnail","6":"product_cat-goodies-tony-tony-chopper-one-piece","7":"product_cat-peluches-one-piece","8":"product_tag-chopper","10":"first","11":"instock","12":"purchasable","13":"product-type-simple"},"yoast_head":"<!-- This site is optimized with the Yoast SEO plugin v27.5 - https:\/\/yoast.com\/product\/yoast-seo-wordpress\/ -->\n<title>Peluche Tony Tony Chopper | Boutique One Piece<\/title>\n<meta name=\"description\" content=\"D\u00e9couvrez la peluche One Piece Chopper, elle est aussi douce que mignonne ! Commencez votre aventure de pirate \u00e0 la recherche du One Piece dans l&#039;\u00e9quipage du Chapeau de Paille\" \/>\n<meta name=\"robots\" content=\"index, follow, max-snippet:-1, max-image-preview:large, max-video-preview:-1\" \/>\n<link rel=\"canonical\" href=\"https:\/\/boutique-one-piece.com\/nl\/one-piece-pluche-speelgoed\/tony-the-chopper-pluche-speelgoed\/\" \/>\n<meta property=\"og:locale\" content=\"nl_NL\" \/>\n<meta property=\"og:type\" content=\"article\" \/>\n<meta property=\"og:title\" content=\"Peluche Tony Tony Chopper | Boutique One Piece\" \/>\n<meta property=\"og:description\" content=\"D\u00e9couvrez la peluche One Piece Chopper, elle est aussi douce que mignonne ! Commencez votre aventure de pirate \u00e0 la recherche du One Piece dans l&#039;\u00e9quipage du Chapeau de Paille\" \/>\n<meta property=\"og:url\" content=\"https:\/\/boutique-one-piece.com\/nl\/one-piece-pluche-speelgoed\/tony-the-chopper-pluche-speelgoed\/\" \/>\n<meta property=\"og:site_name\" content=\"Boutique One Piece\" \/>\n<meta property=\"article:modified_time\" content=\"2026-04-09T14:38:32+00:00\" \/>\n<meta property=\"og:image\" content=\"https:\/\/boutique-one-piece.com\/wp-content\/uploads\/2022\/09\/Peluche-Tony-Tony-Chopper-1.png\" \/>\n\t<meta property=\"og:image:width\" content=\"500\" \/>\n\t<meta property=\"og:image:height\" content=\"500\" \/>\n\t<meta property=\"og:image:type\" content=\"image\/png\" \/>\n<meta name=\"twitter:card\" content=\"summary_large_image\" \/>\n<meta name=\"twitter:label1\" content=\"Geschatte leestijd\" \/>\n\t<meta name=\"twitter:data1\" content=\"2 minuten\" \/>\n<script type=\"application\/ld+json\" class=\"yoast-schema-graph\">{\"@context\":\"https:\\\/\\\/schema.org\",\"@graph\":[{\"@type\":\"WebPage\",\"@id\":\"https:\\\/\\\/boutique-one-piece.com\\\/peluches-one-piece\\\/peluche-tony-tony-chopper\\\/\",\"url\":\"https:\\\/\\\/boutique-one-piece.com\\\/peluches-one-piece\\\/peluche-tony-tony-chopper\\\/\",\"name\":\"Peluche Tony Tony Chopper | Boutique One Piece\",\"isPartOf\":{\"@id\":\"https:\\\/\\\/boutique-one-piece.com\\\/#website\"},\"primaryImageOfPage\":{\"@id\":\"https:\\\/\\\/boutique-one-piece.com\\\/peluches-one-piece\\\/peluche-tony-tony-chopper\\\/#primaryimage\"},\"image\":{\"@id\":\"https:\\\/\\\/boutique-one-piece.com\\\/peluches-one-piece\\\/peluche-tony-tony-chopper\\\/#primaryimage\"},\"thumbnailUrl\":\"https:\\\/\\\/boutique-one-piece.com\\\/wp-content\\\/uploads\\\/2022\\\/09\\\/Peluche-Tony-Tony-Chopper-1.png\",\"datePublished\":\"2022-09-27T18:54:22+00:00\",\"dateModified\":\"2026-04-09T14:38:32+00:00\",\"description\":\"D\u00e9couvrez la peluche One Piece Chopper, elle est aussi douce que mignonne ! Commencez votre aventure de pirate \u00e0 la recherche du One Piece dans l'\u00e9quipage du Chapeau de Paille\",\"breadcrumb\":{\"@id\":\"https:\\\/\\\/boutique-one-piece.com\\\/peluches-one-piece\\\/peluche-tony-tony-chopper\\\/#breadcrumb\"},\"inLanguage\":\"nl-NL\",\"potentialAction\":[{\"@type\":\"ReadAction\",\"target\":[\"https:\\\/\\\/boutique-one-piece.com\\\/peluches-one-piece\\\/peluche-tony-tony-chopper\\\/\"]}]},{\"@type\":\"ImageObject\",\"inLanguage\":\"nl-NL\",\"@id\":\"https:\\\/\\\/boutique-one-piece.com\\\/peluches-one-piece\\\/peluche-tony-tony-chopper\\\/#primaryimage\",\"url\":\"https:\\\/\\\/boutique-one-piece.com\\\/wp-content\\\/uploads\\\/2022\\\/09\\\/Peluche-Tony-Tony-Chopper-1.png\",\"contentUrl\":\"https:\\\/\\\/boutique-one-piece.com\\\/wp-content\\\/uploads\\\/2022\\\/09\\\/Peluche-Tony-Tony-Chopper-1.png\",\"width\":500,\"height\":500},{\"@type\":\"BreadcrumbList\",\"@id\":\"https:\\\/\\\/boutique-one-piece.com\\\/peluches-one-piece\\\/peluche-tony-tony-chopper\\\/#breadcrumb\",\"itemListElement\":[{\"@type\":\"ListItem\",\"position\":1,\"name\":\"Home\",\"item\":\"https:\\\/\\\/boutique-one-piece.com\\\/\"},{\"@type\":\"ListItem\",\"position\":2,\"name\":\"Shop\",\"item\":\"https:\\\/\\\/boutique-one-piece.com\\\/shop\\\/\"},{\"@type\":\"ListItem\",\"position\":3,\"name\":\"Peluche Tony Tony Chopper\"}]},{\"@type\":\"WebSite\",\"@id\":\"https:\\\/\\\/boutique-one-piece.com\\\/#website\",\"url\":\"https:\\\/\\\/boutique-one-piece.com\\\/\",\"name\":\"Boutique One Piece\",\"description\":\"Magasin Sp\u00e9cialis\u00e9 du Manga et l&#039;Anime One Piece\",\"publisher\":{\"@id\":\"https:\\\/\\\/boutique-one-piece.com\\\/#organization\"},\"potentialAction\":[{\"@type\":\"SearchAction\",\"target\":{\"@type\":\"EntryPoint\",\"urlTemplate\":\"https:\\\/\\\/boutique-one-piece.com\\\/?s={search_term_string}\"},\"query-input\":{\"@type\":\"PropertyValueSpecification\",\"valueRequired\":true,\"valueName\":\"search_term_string\"}}],\"inLanguage\":\"nl-NL\"},{\"@type\":\"Organization\",\"@id\":\"https:\\\/\\\/boutique-one-piece.com\\\/#organization\",\"name\":\"Boutique One Piece\",\"url\":\"https:\\\/\\\/boutique-one-piece.com\\\/\",\"logo\":{\"@type\":\"ImageObject\",\"inLanguage\":\"nl-NL\",\"@id\":\"https:\\\/\\\/boutique-one-piece.com\\\/#\\\/schema\\\/logo\\\/image\\\/\",\"url\":\"https:\\\/\\\/boutique-one-piece.com\\\/wp-content\\\/uploads\\\/2022\\\/09\\\/Logo-01.png\",\"contentUrl\":\"https:\\\/\\\/boutique-one-piece.com\\\/wp-content\\\/uploads\\\/2022\\\/09\\\/Logo-01.png\",\"width\":2318,\"height\":957,\"caption\":\"Boutique One Piece\"},\"image\":{\"@id\":\"https:\\\/\\\/boutique-one-piece.com\\\/#\\\/schema\\\/logo\\\/image\\\/\"}}]}<\/script>\n<!-- \/ Yoast SEO plugin. -->","yoast_head_json":{"title":"Tony Tony Chopper pluche | One Piece Shop","description":"Ontdek de One Piece Chopper-knuffel, hij is net zo zacht als schattig! Begin je piratenavontuur en ga samen met de Strohoedpiraten op zoek naar de One Piece.","robots":{"index":"index","follow":"follow","max-snippet":"max-snippet:-1","max-image-preview":"max-image-preview:large","max-video-preview":"max-video-preview:-1"},"canonical":"https:\/\/boutique-one-piece.com\/nl\/one-piece-pluche-speelgoed\/tony-the-chopper-pluche-speelgoed\/","og_locale":"nl_NL","og_type":"article","og_title":"Peluche Tony Tony Chopper | Boutique One Piece","og_description":"D\u00e9couvrez la peluche One Piece Chopper, elle est aussi douce que mignonne ! Commencez votre aventure de pirate \u00e0 la recherche du One Piece dans l'\u00e9quipage du Chapeau de Paille","og_url":"https:\/\/boutique-one-piece.com\/nl\/one-piece-pluche-speelgoed\/tony-the-chopper-pluche-speelgoed\/","og_site_name":"Boutique One Piece","article_modified_time":"2026-04-09T14:38:32+00:00","og_image":[{"width":500,"height":500,"url":"https:\/\/boutique-one-piece.com\/wp-content\/uploads\/2022\/09\/Peluche-Tony-Tony-Chopper-1.png","type":"image\/png"}],"twitter_card":"summary_large_image","twitter_misc":{"Geschatte leestijd":"2 minuten"},"schema":{"@context":"https:\/\/schema.org","@graph":[{"@type":"WebPage","@id":"https:\/\/boutique-one-piece.com\/peluches-one-piece\/peluche-tony-tony-chopper\/","url":"https:\/\/boutique-one-piece.com\/peluches-one-piece\/peluche-tony-tony-chopper\/","name":"Tony Tony Chopper pluche | One Piece Shop","isPartOf":{"@id":"https:\/\/boutique-one-piece.com\/#website"},"primaryImageOfPage":{"@id":"https:\/\/boutique-one-piece.com\/peluches-one-piece\/peluche-tony-tony-chopper\/#primaryimage"},"image":{"@id":"https:\/\/boutique-one-piece.com\/peluches-one-piece\/peluche-tony-tony-chopper\/#primaryimage"},"thumbnailUrl":"https:\/\/boutique-one-piece.com\/wp-content\/uploads\/2022\/09\/Peluche-Tony-Tony-Chopper-1.png","datePublished":"2022-09-27T18:54:22+00:00","dateModified":"2026-04-09T14:38:32+00:00","description":"Ontdek de One Piece Chopper-knuffel, hij is net zo zacht als schattig! Begin je piratenavontuur en ga samen met de Strohoedpiraten op zoek naar de One Piece.","breadcrumb":{"@id":"https:\/\/boutique-one-piece.com\/peluches-one-piece\/peluche-tony-tony-chopper\/#breadcrumb"},"inLanguage":"nl-NL","potentialAction":[{"@type":"ReadAction","target":["https:\/\/boutique-one-piece.com\/peluches-one-piece\/peluche-tony-tony-chopper\/"]}]},{"@type":"ImageObject","inLanguage":"nl-NL","@id":"https:\/\/boutique-one-piece.com\/peluches-one-piece\/peluche-tony-tony-chopper\/#primaryimage","url":"https:\/\/boutique-one-piece.com\/wp-content\/uploads\/2022\/09\/Peluche-Tony-Tony-Chopper-1.png","contentUrl":"https:\/\/boutique-one-piece.com\/wp-content\/uploads\/2022\/09\/Peluche-Tony-Tony-Chopper-1.png","width":500,"height":500},{"@type":"BreadcrumbList","@id":"https:\/\/boutique-one-piece.com\/peluches-one-piece\/peluche-tony-tony-chopper\/#breadcrumb","itemListElement":[{"@type":"ListItem","position":1,"name":"Home","item":"https:\/\/boutique-one-piece.com\/"},{"@type":"ListItem","position":2,"name":"Shop","item":"https:\/\/boutique-one-piece.com\/shop\/"},{"@type":"ListItem","position":3,"name":"Peluche Tony Tony Chopper"}]},{"@type":"WebSite","@id":"https:\/\/boutique-one-piece.com\/#website","url":"https:\/\/boutique-one-piece.com\/","name":"One Piece Shop","description":"Gespecialiseerde winkel voor One Piece manga en anime.","publisher":{"@id":"https:\/\/boutique-one-piece.com\/#organization"},"potentialAction":[{"@type":"SearchAction","target":{"@type":"EntryPoint","urlTemplate":"https:\/\/boutique-one-piece.com\/?s={search_term_string}"},"query-input":{"@type":"PropertyValueSpecification","valueRequired":true,"valueName":"search_term_string"}}],"inLanguage":"nl-NL"},{"@type":"Organization","@id":"https:\/\/boutique-one-piece.com\/#organization","name":"One Piece Shop","url":"https:\/\/boutique-one-piece.com\/","logo":{"@type":"ImageObject","inLanguage":"nl-NL","@id":"https:\/\/boutique-one-piece.com\/#\/schema\/logo\/image\/","url":"https:\/\/boutique-one-piece.com\/wp-content\/uploads\/2022\/09\/Logo-01.png","contentUrl":"https:\/\/boutique-one-piece.com\/wp-content\/uploads\/2022\/09\/Logo-01.png","width":2318,"height":957,"caption":"Boutique One Piece"},"image":{"@id":"https:\/\/boutique-one-piece.com\/#\/schema\/logo\/image\/"}}]}},"_links":{"self":[{"href":"https:\/\/boutique-one-piece.com\/nl\/wp-json\/wp\/v2\/product\/8382","targetHints":{"allow":["GET"]}}],"collection":[{"href":"https:\/\/boutique-one-piece.com\/nl\/wp-json\/wp\/v2\/product"}],"about":[{"href":"https:\/\/boutique-one-piece.com\/nl\/wp-json\/wp\/v2\/types\/product"}],"replies":[{"embeddable":true,"href":"https:\/\/boutique-one-piece.com\/nl\/wp-json\/wp\/v2\/comments?post=8382"}],"wp:featuredmedia":[{"embeddable":true,"href":"https:\/\/boutique-one-piece.com\/nl\/wp-json\/wp\/v2\/media\/8384"}],"wp:attachment":[{"href":"https:\/\/boutique-one-piece.com\/nl\/wp-json\/wp\/v2\/media?parent=8382"}],"wp:term":[{"taxonomy":"product_brand","embeddable":true,"href":"https:\/\/boutique-one-piece.com\/nl\/wp-json\/wp\/v2\/product_brand?post=8382"},{"taxonomy":"product_cat","embeddable":true,"href":"https:\/\/boutique-one-piece.com\/nl\/wp-json\/wp\/v2\/product_cat?post=8382"},{"taxonomy":"product_tag","embeddable":true,"href":"https:\/\/boutique-one-piece.com\/nl\/wp-json\/wp\/v2\/product_tag?post=8382"}],"curies":[{"name":"wp","href":"https:\/\/api.w.org\/{rel}","templated":true}]}}