{"id":8457,"date":"2022-09-27T20:13:08","date_gmt":"2022-09-27T20:13:08","guid":{"rendered":"https:\/\/boutique-one-piece.com\/uncategorized\/casquette-one-piece-usopp\/"},"modified":"2025-04-25T10:36:22","modified_gmt":"2025-04-25T10:36:22","slug":"one-piece-usopp-pet","status":"publish","type":"product","link":"https:\/\/boutique-one-piece.com\/nl\/one-piece-goodies-2\/usopp-one-piece-goodies\/one-piece-usopp-pet\/","title":{"rendered":"One Piece Usopp Cap"},"content":{"rendered":"<ul>\n<li>\u00a0<strong>Topkwaliteit pet\u00a0<\/strong>: samengesteld<span>\u00a0<\/span>van 4\u00a0<strong>achterpanelen<\/strong>\u00a0in\u00a0<strong>gaas<\/strong>, Dit\u00a0<strong>stof<\/strong>\u00a0in\u00a0<strong>plastic<\/strong>\u00a0is erg\u00a0<strong>belucht<\/strong>\u00a0dankzij de weefstructuur\u00ab\u00a0<strong>netto<\/strong>\u00ab\u00a0<\/li>\n<\/ul>\n<ul>\n<li>\n<strong>Polyester<\/strong>\u00a0: met zijn\u00a0<strong>samenstelling\u00a0<\/strong>in<strong>\u00a0polyester<\/strong>, Deze pet biedt een perfecte\u00a0<strong>bescherming<\/strong>\u00a0tegen de\u00a0<strong>zon\u00a0<\/strong>En<strong>\u00a0water<\/strong>.\u00a0<\/li>\n<\/ul>\n<ul>\n<li>\n<strong>Zeer comfortabel\u00a0<\/strong>Dankzij de ventilatie is het zeer comfortabel om te dragen.<\/li>\n<\/ul>\n<ul>\n<li>\n<strong>3D digitaal printen<\/strong>\u00a0: pet<strong>\u00a0gedrukt<\/strong>\u00a0met een origineel ontwerp,\u00a0<strong>Canvasafdruk<\/strong>\n<\/li>\n<\/ul>\n<ul>\n<li>\n<strong>Gebogen vizier\u00a0<\/strong>: daar\u00a0<strong>vizier<\/strong>\u00a0Oosten<strong>\u00a0pre<\/strong><strong>-gebogen<\/strong>\n<\/li>\n<\/ul>\n<ul>\n<li>\n<strong>Snapback-sluiting<\/strong>\u00a0:\u00a0<strong>bijgevoegd<\/strong>\u00a0in\u00a0<strong>plastic<\/strong>\u00a0met\u00a0<strong>knoppen<\/strong>\u00a0van\u00a0<strong>druk<\/strong>\n<\/li>\n<\/ul>\n<ul>\n<li>\n<strong>Gratis bezorging\u00a0<\/strong>voor elke aankoop<\/li>\n<\/ul>","protected":false},"excerpt":{"rendered":"<p>\u00a0Pet van topkwaliteit: Gemaakt met 4 mesh-achterpanelen, is deze plastic stof zeer ademend dankzij de mesh-weefstructuur. Polyester: Door de polyester samenstelling biedt deze pet uitstekende bescherming tegen zon en water. Zeer comfortabel: De ventilatie zorgt voor een aangenaam draagcomfort. 3D digitale print: Pet bedrukt met een origineel ontwerp. Canvasprint. Gebogen klep: De klep is voorgebogen. Snapback-sluiting: Plastic sluiting met drukknopen. Gratis verzending bij elke aankoop.<\/p>","protected":false},"featured_media":8459,"comment_status":"open","ping_status":"open","template":"","meta":[],"product_brand":[],"product_cat":[190,155],"product_tag":[144],"class_list":{"0":"post-8457","1":"product","2":"type-product","3":"status-publish","4":"has-post-thumbnail","6":"product_cat-casquettes-et-chapeaux-one-piece","7":"product_cat-goodies-usopp-one-piece","8":"product_tag-usopp","10":"first","11":"outofstock","12":"purchasable","13":"product-type-simple"},"yoast_head":"<!-- This site is optimized with the Yoast SEO plugin v27.5 - https:\/\/yoast.com\/product\/yoast-seo-wordpress\/ -->\n<title>Casquette One Piece Usopp | Boutique One Piece<\/title>\n<meta name=\"description\" content=\"\u00a0Casquette\u00a0 de qualit\u00e9 sup\u00e9rieure\u00a0: constitu\u00e9e\u00a0de 4\u00a0panneaux arri\u00e8re\u00a0en\u00a0mesh, ce\u00a0tissu\u00a0en\u00a0plastique\u00a0est tr\u00e8s\u00a0a\u00e9r\u00e9\u00a0gr\u00e2ce \u00e0 son\u00a0tissage\u00a0&quot;filet&quot; Polyester\u00a0: avec sa\u00a0composition\u00a0en\u00a0polyester, cette\u00a0casquette\u00a0offre une parfaite\u00a0protection\u00a0contre le\u00a0soleil\u00a0et\u00a0l&#039;eau.\u00a0 Tr\u00e8s confortable\u00a0: avec son a\u00e9ration, elle est tr\u00e8s agr\u00e9ab\" \/>\n<meta name=\"robots\" content=\"index, follow, max-snippet:-1, max-image-preview:large, max-video-preview:-1\" \/>\n<link rel=\"canonical\" href=\"https:\/\/boutique-one-piece.com\/nl\/one-piece-kleding\/one-piece-petten-en-hoeden\/one-piece-usopp-pet\/\" \/>\n<meta property=\"og:locale\" content=\"nl_NL\" \/>\n<meta property=\"og:type\" content=\"article\" \/>\n<meta property=\"og:title\" content=\"Casquette One Piece Usopp | Boutique One Piece\" \/>\n<meta property=\"og:description\" content=\"\u00a0Casquette\u00a0 de qualit\u00e9 sup\u00e9rieure\u00a0: constitu\u00e9e\u00a0de 4\u00a0panneaux arri\u00e8re\u00a0en\u00a0mesh, ce\u00a0tissu\u00a0en\u00a0plastique\u00a0est tr\u00e8s\u00a0a\u00e9r\u00e9\u00a0gr\u00e2ce \u00e0 son\u00a0tissage\u00a0&quot;filet&quot; Polyester\u00a0: avec sa\u00a0composition\u00a0en\u00a0polyester, cette\u00a0casquette\u00a0offre une parfaite\u00a0protection\u00a0contre le\u00a0soleil\u00a0et\u00a0l&#039;eau.\u00a0 Tr\u00e8s confortable\u00a0: avec son a\u00e9ration, elle est tr\u00e8s agr\u00e9ab\" \/>\n<meta property=\"og:url\" content=\"https:\/\/boutique-one-piece.com\/nl\/one-piece-kleding\/one-piece-petten-en-hoeden\/one-piece-usopp-pet\/\" \/>\n<meta property=\"og:site_name\" content=\"Boutique One Piece\" \/>\n<meta property=\"article:modified_time\" content=\"2025-04-25T10:36:22+00:00\" \/>\n<meta property=\"og:image\" content=\"https:\/\/boutique-one-piece.com\/wp-content\/uploads\/2022\/09\/Casquette-One-Piece-Usopp-1.jpg\" \/>\n\t<meta property=\"og:image:width\" content=\"750\" \/>\n\t<meta property=\"og:image:height\" content=\"750\" \/>\n\t<meta property=\"og:image:type\" content=\"image\/jpeg\" \/>\n<meta name=\"twitter:card\" content=\"summary_large_image\" \/>\n<meta name=\"twitter:label1\" content=\"Geschatte leestijd\" \/>\n\t<meta name=\"twitter:data1\" content=\"1 minuut\" \/>\n<script type=\"application\/ld+json\" class=\"yoast-schema-graph\">{\"@context\":\"https:\\\/\\\/schema.org\",\"@graph\":[{\"@type\":\"WebPage\",\"@id\":\"https:\\\/\\\/boutique-one-piece.com\\\/vetements-one-piece\\\/casquettes-et-chapeaux-one-piece\\\/casquette-one-piece-usopp\\\/\",\"url\":\"https:\\\/\\\/boutique-one-piece.com\\\/vetements-one-piece\\\/casquettes-et-chapeaux-one-piece\\\/casquette-one-piece-usopp\\\/\",\"name\":\"Casquette One Piece Usopp | Boutique One Piece\",\"isPartOf\":{\"@id\":\"https:\\\/\\\/boutique-one-piece.com\\\/#website\"},\"primaryImageOfPage\":{\"@id\":\"https:\\\/\\\/boutique-one-piece.com\\\/vetements-one-piece\\\/casquettes-et-chapeaux-one-piece\\\/casquette-one-piece-usopp\\\/#primaryimage\"},\"image\":{\"@id\":\"https:\\\/\\\/boutique-one-piece.com\\\/vetements-one-piece\\\/casquettes-et-chapeaux-one-piece\\\/casquette-one-piece-usopp\\\/#primaryimage\"},\"thumbnailUrl\":\"https:\\\/\\\/boutique-one-piece.com\\\/wp-content\\\/uploads\\\/2022\\\/09\\\/Casquette-One-Piece-Usopp-1.jpg\",\"datePublished\":\"2022-09-27T20:13:08+00:00\",\"dateModified\":\"2025-04-25T10:36:22+00:00\",\"description\":\"\u00a0Casquette\u00a0 de qualit\u00e9 sup\u00e9rieure\u00a0: constitu\u00e9e\u00a0de 4\u00a0panneaux arri\u00e8re\u00a0en\u00a0mesh, ce\u00a0tissu\u00a0en\u00a0plastique\u00a0est tr\u00e8s\u00a0a\u00e9r\u00e9\u00a0gr\u00e2ce \u00e0 son\u00a0tissage\u00a0\\\"filet\\\" Polyester\u00a0: avec sa\u00a0composition\u00a0en\u00a0polyester, cette\u00a0casquette\u00a0offre une parfaite\u00a0protection\u00a0contre le\u00a0soleil\u00a0et\u00a0l'eau.\u00a0 Tr\u00e8s confortable\u00a0: avec son a\u00e9ration, elle est tr\u00e8s agr\u00e9ab\",\"breadcrumb\":{\"@id\":\"https:\\\/\\\/boutique-one-piece.com\\\/vetements-one-piece\\\/casquettes-et-chapeaux-one-piece\\\/casquette-one-piece-usopp\\\/#breadcrumb\"},\"inLanguage\":\"nl-NL\",\"potentialAction\":[{\"@type\":\"ReadAction\",\"target\":[\"https:\\\/\\\/boutique-one-piece.com\\\/vetements-one-piece\\\/casquettes-et-chapeaux-one-piece\\\/casquette-one-piece-usopp\\\/\"]}]},{\"@type\":\"ImageObject\",\"inLanguage\":\"nl-NL\",\"@id\":\"https:\\\/\\\/boutique-one-piece.com\\\/vetements-one-piece\\\/casquettes-et-chapeaux-one-piece\\\/casquette-one-piece-usopp\\\/#primaryimage\",\"url\":\"https:\\\/\\\/boutique-one-piece.com\\\/wp-content\\\/uploads\\\/2022\\\/09\\\/Casquette-One-Piece-Usopp-1.jpg\",\"contentUrl\":\"https:\\\/\\\/boutique-one-piece.com\\\/wp-content\\\/uploads\\\/2022\\\/09\\\/Casquette-One-Piece-Usopp-1.jpg\",\"width\":750,\"height\":750},{\"@type\":\"BreadcrumbList\",\"@id\":\"https:\\\/\\\/boutique-one-piece.com\\\/vetements-one-piece\\\/casquettes-et-chapeaux-one-piece\\\/casquette-one-piece-usopp\\\/#breadcrumb\",\"itemListElement\":[{\"@type\":\"ListItem\",\"position\":1,\"name\":\"Home\",\"item\":\"https:\\\/\\\/boutique-one-piece.com\\\/\"},{\"@type\":\"ListItem\",\"position\":2,\"name\":\"Shop\",\"item\":\"https:\\\/\\\/boutique-one-piece.com\\\/shop\\\/\"},{\"@type\":\"ListItem\",\"position\":3,\"name\":\"Casquette One Piece Usopp\"}]},{\"@type\":\"WebSite\",\"@id\":\"https:\\\/\\\/boutique-one-piece.com\\\/#website\",\"url\":\"https:\\\/\\\/boutique-one-piece.com\\\/\",\"name\":\"Boutique One Piece\",\"description\":\"Magasin Sp\u00e9cialis\u00e9 du Manga et l&#039;Anime One Piece\",\"publisher\":{\"@id\":\"https:\\\/\\\/boutique-one-piece.com\\\/#organization\"},\"potentialAction\":[{\"@type\":\"SearchAction\",\"target\":{\"@type\":\"EntryPoint\",\"urlTemplate\":\"https:\\\/\\\/boutique-one-piece.com\\\/?s={search_term_string}\"},\"query-input\":{\"@type\":\"PropertyValueSpecification\",\"valueRequired\":true,\"valueName\":\"search_term_string\"}}],\"inLanguage\":\"nl-NL\"},{\"@type\":\"Organization\",\"@id\":\"https:\\\/\\\/boutique-one-piece.com\\\/#organization\",\"name\":\"Boutique One Piece\",\"url\":\"https:\\\/\\\/boutique-one-piece.com\\\/\",\"logo\":{\"@type\":\"ImageObject\",\"inLanguage\":\"nl-NL\",\"@id\":\"https:\\\/\\\/boutique-one-piece.com\\\/#\\\/schema\\\/logo\\\/image\\\/\",\"url\":\"https:\\\/\\\/boutique-one-piece.com\\\/wp-content\\\/uploads\\\/2022\\\/09\\\/Logo-01.png\",\"contentUrl\":\"https:\\\/\\\/boutique-one-piece.com\\\/wp-content\\\/uploads\\\/2022\\\/09\\\/Logo-01.png\",\"width\":2318,\"height\":957,\"caption\":\"Boutique One Piece\"},\"image\":{\"@id\":\"https:\\\/\\\/boutique-one-piece.com\\\/#\\\/schema\\\/logo\\\/image\\\/\"}}]}<\/script>\n<!-- \/ Yoast SEO plugin. -->","yoast_head_json":{"title":"One Piece Usopp-pet | One Piece Shop","description":"\u00a0Pet van topkwaliteit: Deze pet is gemaakt met 4 mesh-achterpanelen en is dankzij de &quot;net&quot;-structuur zeer ademend. Polyester: Door de polyester samenstelling biedt deze pet uitstekende bescherming tegen zon en water. Zeer comfortabel: Dankzij de ventilatie is de pet zeer aangenaam om te dragen.","robots":{"index":"index","follow":"follow","max-snippet":"max-snippet:-1","max-image-preview":"max-image-preview:large","max-video-preview":"max-video-preview:-1"},"canonical":"https:\/\/boutique-one-piece.com\/nl\/one-piece-kleding\/one-piece-petten-en-hoeden\/one-piece-usopp-pet\/","og_locale":"nl_NL","og_type":"article","og_title":"Casquette One Piece Usopp | Boutique One Piece","og_description":"\u00a0Casquette\u00a0 de qualit\u00e9 sup\u00e9rieure\u00a0: constitu\u00e9e\u00a0de 4\u00a0panneaux arri\u00e8re\u00a0en\u00a0mesh, ce\u00a0tissu\u00a0en\u00a0plastique\u00a0est tr\u00e8s\u00a0a\u00e9r\u00e9\u00a0gr\u00e2ce \u00e0 son\u00a0tissage\u00a0\"filet\" Polyester\u00a0: avec sa\u00a0composition\u00a0en\u00a0polyester, cette\u00a0casquette\u00a0offre une parfaite\u00a0protection\u00a0contre le\u00a0soleil\u00a0et\u00a0l'eau.\u00a0 Tr\u00e8s confortable\u00a0: avec son a\u00e9ration, elle est tr\u00e8s agr\u00e9ab","og_url":"https:\/\/boutique-one-piece.com\/nl\/one-piece-kleding\/one-piece-petten-en-hoeden\/one-piece-usopp-pet\/","og_site_name":"Boutique One Piece","article_modified_time":"2025-04-25T10:36:22+00:00","og_image":[{"width":750,"height":750,"url":"https:\/\/boutique-one-piece.com\/wp-content\/uploads\/2022\/09\/Casquette-One-Piece-Usopp-1.jpg","type":"image\/jpeg"}],"twitter_card":"summary_large_image","twitter_misc":{"Geschatte leestijd":"1 minuut"},"schema":{"@context":"https:\/\/schema.org","@graph":[{"@type":"WebPage","@id":"https:\/\/boutique-one-piece.com\/vetements-one-piece\/casquettes-et-chapeaux-one-piece\/casquette-one-piece-usopp\/","url":"https:\/\/boutique-one-piece.com\/vetements-one-piece\/casquettes-et-chapeaux-one-piece\/casquette-one-piece-usopp\/","name":"One Piece Usopp-pet | One Piece Shop","isPartOf":{"@id":"https:\/\/boutique-one-piece.com\/#website"},"primaryImageOfPage":{"@id":"https:\/\/boutique-one-piece.com\/vetements-one-piece\/casquettes-et-chapeaux-one-piece\/casquette-one-piece-usopp\/#primaryimage"},"image":{"@id":"https:\/\/boutique-one-piece.com\/vetements-one-piece\/casquettes-et-chapeaux-one-piece\/casquette-one-piece-usopp\/#primaryimage"},"thumbnailUrl":"https:\/\/boutique-one-piece.com\/wp-content\/uploads\/2022\/09\/Casquette-One-Piece-Usopp-1.jpg","datePublished":"2022-09-27T20:13:08+00:00","dateModified":"2025-04-25T10:36:22+00:00","description":"\u00a0Pet van topkwaliteit: Deze pet is gemaakt met 4 mesh-achterpanelen en is dankzij de &quot;net&quot;-structuur zeer ademend. Polyester: Door de polyester samenstelling biedt deze pet uitstekende bescherming tegen zon en water. Zeer comfortabel: Dankzij de ventilatie is de pet zeer aangenaam om te dragen.","breadcrumb":{"@id":"https:\/\/boutique-one-piece.com\/vetements-one-piece\/casquettes-et-chapeaux-one-piece\/casquette-one-piece-usopp\/#breadcrumb"},"inLanguage":"nl-NL","potentialAction":[{"@type":"ReadAction","target":["https:\/\/boutique-one-piece.com\/vetements-one-piece\/casquettes-et-chapeaux-one-piece\/casquette-one-piece-usopp\/"]}]},{"@type":"ImageObject","inLanguage":"nl-NL","@id":"https:\/\/boutique-one-piece.com\/vetements-one-piece\/casquettes-et-chapeaux-one-piece\/casquette-one-piece-usopp\/#primaryimage","url":"https:\/\/boutique-one-piece.com\/wp-content\/uploads\/2022\/09\/Casquette-One-Piece-Usopp-1.jpg","contentUrl":"https:\/\/boutique-one-piece.com\/wp-content\/uploads\/2022\/09\/Casquette-One-Piece-Usopp-1.jpg","width":750,"height":750},{"@type":"BreadcrumbList","@id":"https:\/\/boutique-one-piece.com\/vetements-one-piece\/casquettes-et-chapeaux-one-piece\/casquette-one-piece-usopp\/#breadcrumb","itemListElement":[{"@type":"ListItem","position":1,"name":"Home","item":"https:\/\/boutique-one-piece.com\/"},{"@type":"ListItem","position":2,"name":"Shop","item":"https:\/\/boutique-one-piece.com\/shop\/"},{"@type":"ListItem","position":3,"name":"Casquette One Piece Usopp"}]},{"@type":"WebSite","@id":"https:\/\/boutique-one-piece.com\/#website","url":"https:\/\/boutique-one-piece.com\/","name":"One Piece Shop","description":"Gespecialiseerde winkel voor One Piece manga en anime.","publisher":{"@id":"https:\/\/boutique-one-piece.com\/#organization"},"potentialAction":[{"@type":"SearchAction","target":{"@type":"EntryPoint","urlTemplate":"https:\/\/boutique-one-piece.com\/?s={search_term_string}"},"query-input":{"@type":"PropertyValueSpecification","valueRequired":true,"valueName":"search_term_string"}}],"inLanguage":"nl-NL"},{"@type":"Organization","@id":"https:\/\/boutique-one-piece.com\/#organization","name":"One Piece Shop","url":"https:\/\/boutique-one-piece.com\/","logo":{"@type":"ImageObject","inLanguage":"nl-NL","@id":"https:\/\/boutique-one-piece.com\/#\/schema\/logo\/image\/","url":"https:\/\/boutique-one-piece.com\/wp-content\/uploads\/2022\/09\/Logo-01.png","contentUrl":"https:\/\/boutique-one-piece.com\/wp-content\/uploads\/2022\/09\/Logo-01.png","width":2318,"height":957,"caption":"Boutique One Piece"},"image":{"@id":"https:\/\/boutique-one-piece.com\/#\/schema\/logo\/image\/"}}]}},"_links":{"self":[{"href":"https:\/\/boutique-one-piece.com\/nl\/wp-json\/wp\/v2\/product\/8457","targetHints":{"allow":["GET"]}}],"collection":[{"href":"https:\/\/boutique-one-piece.com\/nl\/wp-json\/wp\/v2\/product"}],"about":[{"href":"https:\/\/boutique-one-piece.com\/nl\/wp-json\/wp\/v2\/types\/product"}],"replies":[{"embeddable":true,"href":"https:\/\/boutique-one-piece.com\/nl\/wp-json\/wp\/v2\/comments?post=8457"}],"wp:featuredmedia":[{"embeddable":true,"href":"https:\/\/boutique-one-piece.com\/nl\/wp-json\/wp\/v2\/media\/8459"}],"wp:attachment":[{"href":"https:\/\/boutique-one-piece.com\/nl\/wp-json\/wp\/v2\/media?parent=8457"}],"wp:term":[{"taxonomy":"product_brand","embeddable":true,"href":"https:\/\/boutique-one-piece.com\/nl\/wp-json\/wp\/v2\/product_brand?post=8457"},{"taxonomy":"product_cat","embeddable":true,"href":"https:\/\/boutique-one-piece.com\/nl\/wp-json\/wp\/v2\/product_cat?post=8457"},{"taxonomy":"product_tag","embeddable":true,"href":"https:\/\/boutique-one-piece.com\/nl\/wp-json\/wp\/v2\/product_tag?post=8457"}],"curies":[{"name":"wp","href":"https:\/\/api.w.org\/{rel}","templated":true}]}}